{"id":42696,"date":"2023-05-03T21:23:06","date_gmt":"2023-05-04T01:23:06","guid":{"rendered":"https:\/\/www.sisinternational.com\/?page_id=42696"},"modified":"2026-01-24T20:52:43","modified_gmt":"2026-01-25T01:52:43","slug":"ricerche-di-mercato-sulla-diversita-dei-fornitori","status":"publish","type":"page","link":"https:\/\/www.sisinternational.com\/it\/competenza\/ricerche-di-mercato-sulla-diversita-dei-fornitori\/","title":{"rendered":"Ricerca di mercato sulla diversit\u00e0 dei fornitori"},"content":{"rendered":"<h1 class=\"wp-block-heading\">Ricerca di mercato sulla diversit\u00e0 dei fornitori<\/h1>\n\n\n\n<figure class=\"gb-block-image gb-block-image-48311580\"><img loading=\"lazy\" decoding=\"async\" width=\"1456\" height=\"816\" class=\"gb-image gb-image-48311580\" src=\"https:\/\/www.sisinternational.com\/wp-content\/uploads\/2025\/08\/Retail-18.jpg\" alt=\"Ricerca e strategia di mercato internazionale SIS\" title=\"Retail (18)\" srcset=\"https:\/\/www.sisinternational.com\/wp-content\/uploads\/2025\/08\/Retail-18.jpg 1456w, https:\/\/www.sisinternational.com\/wp-content\/uploads\/2025\/08\/Retail-18-300x168.jpg 300w, https:\/\/www.sisinternational.com\/wp-content\/uploads\/2025\/08\/Retail-18-1024x574.jpg 1024w, https:\/\/www.sisinternational.com\/wp-content\/uploads\/2025\/08\/Retail-18-768x430.jpg 768w, https:\/\/www.sisinternational.com\/wp-content\/uploads\/2025\/08\/Retail-18-18x10.jpg 18w\" sizes=\"auto, (max-width: 1456px) 100vw, 1456px\"><\/figure>\n\n\n\n<p><\/p>\n\n\n\n<p>An organization&#8217;s supplier sourcing process should prioritize the inclusion of diverse suppliers. Companies that take this approach engage with suppliers from diverse backgrounds, including minority-owned businesses and women-owned businesses, among others. Incorporating diverse suppliers into business operations enhances organizational competitiveness while demonstrating corporate social responsibility. In addition, it helps <a href=\"https:\/\/www.sisinternational.com\/it\/soluzioni\/consulenza-per-lospitalita-turistica-turistica\/ricerche-di-mercato-di-societa-di-guide-turistiche\/\" title=\"Ricerche di mercato sull&#039;azienda di guide turistiche\"  data-wpil-monitor-id=\"9815\">companies tap into previously overlooked markets<\/a>. This requires an exhaustive study with Supplier <a class=\"wpil_keyword_link\" href=\"https:\/\/www.sisinternational.com\/it\/competenza\/industrie\/ricerca-di-mercato-sulla-diversita\/\"   title=\"Ricerche di mercato sulla diversit\u00e0\" data-wpil-keyword-link=\"linked\"  data-wpil-monitor-id=\"347\">Ricerche di mercato sulla diversit\u00e0<\/a>, focusing on all elements, including product\/service offerings from varied supplier groups.<\/p>\n\n\n\n<h2 class=\"wp-block-heading\">Cos\u2019\u00e8 la ricerca di mercato sulla diversit\u00e0 dei fornitori?<\/h2>\n\n\n\n<p>Supplier diversity market research involves procuring goods and services from businesses that are operated by individuals belonging to underrepresented groups like women or veterans. By <a href=\"https:\/\/www.sisinternational.com\/it\/how-to-conduct-effective-quantitative-market-research\/\" title=\"How to Conduct Effective Quantitative Market Research\"  data-wpil-monitor-id=\"9819\">conducting this research<\/a> on potential suppliers, businesses ensure they adhere to ethical business practices and have a good reputation to mitigate supplier risks.<\/p>\n\n\n\n<p>Generalmente, questa ricerca viene effettuata per dimostrare la responsabilit\u00e0 sociale e per mantenere una reputazione impeccabile con i futuri clienti.<\/p>\n\n\n\n<h2 class=\"wp-block-heading\">Importanza delle ricerche di mercato sulla diversit\u00e0 dei fornitori per le imprese<\/h2>\n\n\n\n<h3 class=\"wp-block-heading\">La ricerca di mercato sulla diversit\u00e0 dei fornitori \u00e8 una componente importante di un programma di successo sulla diversit\u00e0 dei fornitori per le aziende. Ecco alcuni motivi:<\/h3>\n\n\n\n<p><strong>Identificazione di potenziali fornitori diversificati:<\/strong> Diversi fornitori che offrono prodotti o servizi unici possono essere identificati attraverso ricerche di mercato. Aiuta le aziende a ottenere un vantaggio competitivo sul mercato e a includere prodotti innovativi\/differenziati nelle loro offerte.<\/p>\n\n\n\n<p><strong>Mitigazione dei rischi dei fornitori:<\/strong> Identificare i potenziali rischi associati a fornitori diversi pu\u00f2 aiutare le aziende a mitigare i rischi dei fornitori attraverso ricerche di mercato sulla diversit\u00e0 dei fornitori. Verifica la stabilit\u00e0 finanziaria dei potenziali fornitori e garantisce che aderiscano a pratiche commerciali etiche.<\/p>\n\n\n\n<p><strong>Compliance with regulations and <\/strong><a href=\"https:\/\/www.sisinternational.com\/it\/venezuela-oil-mining-industry-potential-strategic-forecast-2026-2036\/\" title=\"Venezuela Oil &amp; Mining Industry Potential: Strategic Forecast 2026-2036\"  data-wpil-monitor-id=\"9817\">industry standards: To prevent potential<\/a> legal and reputational risks, businesses should conduct market research and comply with the new business standards regarding diversity.<\/p>\n\n\n\n<p><strong>Maggiore responsabilit\u00e0 sociale delle imprese:<\/strong> L&#039;impegno di un&#039;azienda nel promuovere la diversit\u00e0 e l&#039;inclusione pu\u00f2 essere dimostrato attraverso programmi di diversit\u00e0 dei fornitori, che stanno diventando sempre pi\u00f9 importanti per consumatori e investitori. Pertanto, una ricerca di mercato completa sulle pratiche di diversit\u00e0 dei fornitori \u00e8 fondamentale per le aziende che desiderano migliorare il loro programma attuale, apportando allo stesso tempo un contributo significativo agli sforzi di responsabilit\u00e0 sociale.<\/p>\n\n\n\n<h2 class=\"wp-block-heading\">I vantaggi della ricerca di mercato sulla diversit\u00e0 dei fornitori<\/h2>\n\n\n\n<figure class=\"gb-block-image gb-block-image-a947d54e\"><img loading=\"lazy\" decoding=\"async\" width=\"1456\" height=\"816\" class=\"gb-image gb-image-a947d54e\" src=\"https:\/\/www.sisinternational.com\/wp-content\/uploads\/2025\/08\/Retail-19.jpg\" alt=\"Ricerca e strategia di mercato internazionale SIS\" title=\"Retail (19)\" srcset=\"https:\/\/www.sisinternational.com\/wp-content\/uploads\/2025\/08\/Retail-19.jpg 1456w, https:\/\/www.sisinternational.com\/wp-content\/uploads\/2025\/08\/Retail-19-300x168.jpg 300w, https:\/\/www.sisinternational.com\/wp-content\/uploads\/2025\/08\/Retail-19-1024x574.jpg 1024w, https:\/\/www.sisinternational.com\/wp-content\/uploads\/2025\/08\/Retail-19-768x430.jpg 768w, https:\/\/www.sisinternational.com\/wp-content\/uploads\/2025\/08\/Retail-19-18x10.jpg 18w\" sizes=\"auto, (max-width: 1456px) 100vw, 1456px\"><\/figure>\n\n\n\n<p><\/p>\n\n\n\n<h3 class=\"wp-block-heading\">La ricerca di mercato sulla diversit\u00e0 dei fornitori offre numerosi vantaggi alle aziende che si impegnano a promuovere la diversit\u00e0 e l\u2019inclusione nella propria base di fornitori. Alcuni dei principali vantaggi includono:<\/h3>\n\n\n\n<ul class=\"wp-block-list\">\n<li><strong>Migliore comprensione delle tendenze e delle opportunit\u00e0 del mercato:<\/strong> By conducting <a href=\"https:\/\/www.sisinternational.com\/it\/how-to-conduct-effective-quantitative-market-research\/\" title=\"How to Conduct Effective Quantitative Market Research\"  data-wpil-monitor-id=\"9813\">ricerca di mercato<\/a>, businesses can enhance their comprehension of the latest trends and opportunities within their respective industries. <a href=\"https:\/\/www.sisinternational.com\/it\/soluzioni\/soluzioni-di-ricerca-quantitativa-qualitativa\/ricerca-di-mercato-analisi-chaid\/\" title=\"Ricerche di mercato sull&#039;analisi CHAID\"  data-wpil-monitor-id=\"9816\">Market data analysis<\/a> provides businesses with the opportunity to identify previously unnoticed suppliers and target markets. This particular resource offers companies an opportunity not only to keep up but also to surpass their competition.<\/li>\n\n\n\n<li><strong>Identificazione di potenziali fornitori diversificati:<\/strong> Conducendo ricerche di mercato sulla diversit\u00e0 dei fornitori, le aziende possono identificare fornitori diversi con prodotti o servizi distinti. Con questa funzionalit\u00e0, le aziende sono in grado di sostenere culture diverse promuovendole a tutti i livelli di fornitori.<\/li>\n\n\n\n<li><strong>Conformit\u00e0 alle normative e agli standard di settore:<\/strong> Supplier diversity regulations and industry standards are growing rapidly. Therefore, meeting these requirements while avoiding any possible legal or reputational risks is achievable through conducting <a href=\"https:\/\/www.sisinternational.com\/it\/soluzioni\/legal-market-research\/\" title=\"Legal Market Research\"  data-wpil-monitor-id=\"2975\">ricerca di mercato<\/a>.<\/li>\n\n\n\n<li><strong>Maggiore responsabilit\u00e0 sociale delle imprese:<\/strong> Dimostrare l\u2019impegno di un\u2019azienda nel promuovere l\u2019inclusivit\u00e0 e la rappresentanza diversificata \u00e8 oggi un fattore chiave per consumatori e investitori. La ricerca di mercato sulla diversit\u00e0 dei fornitori aiuta le aziende a migliorare i propri programmi sulla diversit\u00e0 dei fornitori e ad adempiere ai propri impegni di responsabilit\u00e0 sociale, migliorando al tempo stesso la posizione dell&#039;azienda nella percezione pubblica.<\/li>\n<\/ul>\n\n\n\n<h2 class=\"wp-block-heading\">Opportunit\u00e0<\/h2>\n\n\n\n<h3 class=\"wp-block-heading\">Alcune delle opportunit\u00e0 chiave includono:<\/h3>\n\n\n\n<p><strong>Accesso a nuovi mercati:<\/strong> Di <a href=\"https:\/\/www.sisinternational.com\/it\/how-to-conduct-effective-desk-research\/\" title=\"How to Conduct Effective Desk Research\"  data-wpil-monitor-id=\"9814\">conducting market research<\/a>, businesses can uncover potential new suppliers and previously overlooked target markets.<\/p>\n\n\n\n<p><strong>Vantaggio competitivo:<\/strong> Diverse supplier identification could provide companies with an opportunity to outcompete others within their industry. By innovating and differentiating their products or services <a href=\"https:\/\/www.sisinternational.com\/it\/copertura\/ricerche-di-mercato-asiatiche\/societa-asiatica-di-intelligence-competitiva\/\" title=\"Societ\u00e0 asiatica di intelligence competitiva\"  data-wpil-monitor-id=\"9818\">companies can increase their competitiveness<\/a>.<\/p>\n\n\n\n<p><strong>Maggiore resilienza della catena di fornitura:<\/strong> Per fornire alternative all\u2019approvvigionamento di materiali o prodotti da singoli fornitori, diversificare la base dei fornitori \u00e8 fondamentale e pu\u00f2 aiutare le aziende a gestire circostanze impreviste sulle operazioni.<\/p>\n\n\n\n<p><strong>Innovazione e creativit\u00e0 migliorate:<\/strong> La diversit\u00e0 dei fornitori pu\u00f2 portare a una maggiore innovazione e creativit\u00e0 all\u2019interno di un\u2019azienda. Diversi fornitori possono portare nuove idee e prospettive sul tavolo, portando a prodotti o servizi nuovi e innovativi.<\/p>\n\n\n\n<h2 class=\"wp-block-heading\">Sfide<\/h2>\n\n\n\n<h3 class=\"wp-block-heading\">Sebbene le ricerche di mercato offrano molti vantaggi, ci sono anche alcune sfide che le aziende potrebbero dover affrontare. Alcune delle principali sfide della ricerca di mercato sulla diversit\u00e0 dei fornitori includono:<\/h3>\n\n\n\n<p><strong>Dati fornitori limitati:<\/strong> A causa dell&#039;insufficienza dei dati sui diversi fornitori, i ricercatori nel marketing della diversit\u00e0 dei fornitori devono affrontare sfide significative nell&#039;identificare i commercianti promettenti esaminando contemporaneamente l&#039;esperienza del commerciante.<\/p>\n\n\n\n<p><strong>Mancanza di reporting standardizzato:<\/strong> Le ricerche di mercato sulla diversit\u00e0 dei fornitori mancano di metodologie di reporting standardizzate e le valutazioni della diversit\u00e0 sulle prestazioni dei fornitori sono spesso compiti difficili per la maggior parte delle aziende.<\/p>\n\n\n\n<p><strong>Difficolt\u00e0 nel misurare il ROI:<\/strong> La misurazione del ROI per i programmi di diversit\u00e0 dei fornitori pu\u00f2 rappresentare una sfida per le aziende perch\u00e9 questi fornitori possono avere attivit\u00e0 pi\u00f9 piccole.<\/p>\n\n\n\n<p><strong>Resistenza del fornitore:<\/strong> I programmi di diversit\u00e0 dei fornitori possono incontrare l&#039;opposizione di alcuni stakeholder che li considerano una responsabilit\u00e0 aggiuntiva e non un&#039;attivit\u00e0 potenzialmente redditizia. Le sfide possono sorgere anche da stakeholder interni che resistono al cambiamento all\u2019interno dell\u2019azienda, ritardando i programmi sulla diversit\u00e0 che potrebbero aumentare significativamente la redditivit\u00e0 a lungo termine.<\/p>\n\n\n\n<h2 class=\"wp-block-heading\">Prospettive future<\/h2>\n\n\n\n<figure class=\"gb-block-image gb-block-image-a065f548\"><img loading=\"lazy\" decoding=\"async\" width=\"1456\" height=\"816\" class=\"gb-image gb-image-a065f548\" src=\"https:\/\/www.sisinternational.com\/wp-content\/uploads\/2025\/08\/Retail-20.jpg\" alt=\"Ricerca e strategia di mercato internazionale SIS\" title=\"Retail (20)\" srcset=\"https:\/\/www.sisinternational.com\/wp-content\/uploads\/2025\/08\/Retail-20.jpg 1456w, https:\/\/www.sisinternational.com\/wp-content\/uploads\/2025\/08\/Retail-20-300x168.jpg 300w, https:\/\/www.sisinternational.com\/wp-content\/uploads\/2025\/08\/Retail-20-1024x574.jpg 1024w, https:\/\/www.sisinternational.com\/wp-content\/uploads\/2025\/08\/Retail-20-768x430.jpg 768w, https:\/\/www.sisinternational.com\/wp-content\/uploads\/2025\/08\/Retail-20-18x10.jpg 18w\" sizes=\"auto, (max-width: 1456px) 100vw, 1456px\"><\/figure>\n\n\n\n<p><\/p>\n\n\n\n<p>La ricerca di mercato sulla diversit\u00e0 dei fornitori sembra avere un futuro brillante poich\u00e9 le aziende e le organizzazioni di tutto il mondo riconoscono l\u2019importanza di avere catene di fornitura diversificate.<\/p>\n\n\n\n<p>Questo ramo della ricerca di mercato \u00e8 destinato a beneficiare in modo significativo dei progressi tecnologici che si traducono in strumenti e piattaforme avanzati in grado di migliorare l\u2019efficienza della raccolta dati, potenziando al tempo stesso le capacit\u00e0 di analisi e monitoraggio e le aziende che sfruttano l\u2019intelligenza artificiale (AI), l\u2019apprendimento automatico (ML) e analisi dei big data.<\/p>\n\n\n\n<p>To navigate the complexities of <a href=\"https:\/\/www.sisinternational.com\/it\/soluzioni\/e-la-crescita-globale\/sviluppo-della-catena-di-fornitura-globale\/\" title=\"Consulenza sulla catena di fornitura globale\"  data-wpil-monitor-id=\"9812\">global supply chains<\/a> resulting from expanding international business operations and cross-border collaborations, it is increasingly important to conduct supplier diversity market research to foster cross-border collaboration and promote inclusive growth on a global scale.<\/p>\n\n\n\n<p>La ricerca di mercato sulla diversit\u00e0 dei fornitori rimarr\u00e0 necessaria a causa della crescente enfasi sulla sostenibilit\u00e0 e sull\u2019impatto sociale per ridurre le disparit\u00e0 socioeconomiche.<\/p>","protected":false},"excerpt":{"rendered":"<p>Le ricerche di mercato sulla diversit\u00e0 dei fornitori implicano l\u2019acquisto di beni e servizi da aziende gestite da individui appartenenti a gruppi sottorappresentati.<\/p>","protected":false},"author":1,"featured_media":62493,"parent":14514,"menu_order":310,"comment_status":"closed","ping_status":"closed","template":"","meta":{"footnotes":""},"class_list":["post-42696","page","type-page","status-publish","has-post-thumbnail"],"_links":{"self":[{"href":"https:\/\/www.sisinternational.com\/it\/wp-json\/wp\/v2\/pages\/42696","targetHints":{"allow":["GET"]}}],"collection":[{"href":"https:\/\/www.sisinternational.com\/it\/wp-json\/wp\/v2\/pages"}],"about":[{"href":"https:\/\/www.sisinternational.com\/it\/wp-json\/wp\/v2\/types\/page"}],"author":[{"embeddable":true,"href":"https:\/\/www.sisinternational.com\/it\/wp-json\/wp\/v2\/users\/1"}],"replies":[{"embeddable":true,"href":"https:\/\/www.sisinternational.com\/it\/wp-json\/wp\/v2\/comments?post=42696"}],"version-history":[{"count":6,"href":"https:\/\/www.sisinternational.com\/it\/wp-json\/wp\/v2\/pages\/42696\/revisions"}],"predecessor-version":[{"id":81631,"href":"https:\/\/www.sisinternational.com\/it\/wp-json\/wp\/v2\/pages\/42696\/revisions\/81631"}],"up":[{"embeddable":true,"href":"https:\/\/www.sisinternational.com\/it\/wp-json\/wp\/v2\/pages\/14514"}],"wp:featuredmedia":[{"embeddable":true,"href":"https:\/\/www.sisinternational.com\/it\/wp-json\/wp\/v2\/media\/62493"}],"wp:attachment":[{"href":"https:\/\/www.sisinternational.com\/it\/wp-json\/wp\/v2\/media?parent=42696"}],"curies":[{"name":"wp","href":"https:\/\/api.w.org\/{rel}","templated":true}]}}