{"id":42693,"date":"2023-05-03T20:52:04","date_gmt":"2023-05-04T00:52:04","guid":{"rendered":"https:\/\/www.sisinternational.com\/?page_id=42693"},"modified":"2026-01-25T16:37:05","modified_gmt":"2026-01-25T21:37:05","slug":"ricerche-di-mercato-sui-sensori-intelligenti","status":"publish","type":"page","link":"https:\/\/www.sisinternational.com\/it\/competenza\/ricerche-di-mercato-sui-sensori-intelligenti\/","title":{"rendered":"Ricerche di mercato sui sensori intelligenti"},"content":{"rendered":"<h1 class=\"wp-block-heading\">Ricerche di mercato sui sensori intelligenti<\/h1>\n\n\n\n<figure class=\"gb-block-image gb-block-image-6cc9a0b6\"><img loading=\"lazy\" decoding=\"async\" width=\"1456\" height=\"816\" class=\"gb-image gb-image-6cc9a0b6\" src=\"https:\/\/www.sisinternational.com\/wp-content\/uploads\/2025\/08\/Smart-sensor-2.jpg\" alt=\"Ricerca e strategia di mercato internazionale SIS\" title=\"Smart sensor (2)\" srcset=\"https:\/\/www.sisinternational.com\/wp-content\/uploads\/2025\/08\/Smart-sensor-2.jpg 1456w, https:\/\/www.sisinternational.com\/wp-content\/uploads\/2025\/08\/Smart-sensor-2-300x168.jpg 300w, https:\/\/www.sisinternational.com\/wp-content\/uploads\/2025\/08\/Smart-sensor-2-1024x574.jpg 1024w, https:\/\/www.sisinternational.com\/wp-content\/uploads\/2025\/08\/Smart-sensor-2-768x430.jpg 768w, https:\/\/www.sisinternational.com\/wp-content\/uploads\/2025\/08\/Smart-sensor-2-18x10.jpg 18w\" sizes=\"auto, (max-width: 1456px) 100vw, 1456px\"><\/figure>\n\n\n\n<p><\/p>\n\n\n\n<p>L\u2019introduzione di nuove tecnologie e dispositivi sul mercato continua ad aumentare, alimentata dalla concorrenza e dalla necessit\u00e0. Di conseguenza, ha influenzato positivamente l\u2019industria manifatturiera responsabile della produzione di parti specifiche per ciascun dispositivo. Un mercato influenzato positivamente \u00e8 quello dei sensori intelligenti. Poich\u00e9 l\u2019innovazione continua a diventare un importante fattore di crescita nel settore tecnologico, segue anche la domanda di sensori intelligenti. Si prevede che nei prossimi cinque anni registrer\u00e0 una crescita di oltre 10%.<\/p>\n\n\n\n<p>The need for smart sensors and <a href=\"https:\/\/www.sisinternational.com\/it\/ricerche-di-mercato-sulla-mobilita-intelligente\/\" title=\"Ricerche di mercato sulla mobilit\u00e0 intelligente\"  data-wpil-monitor-id=\"1915\">ricerche di mercato sui sensori intelligenti<\/a> exists not only in IT but also in security, weather forecasting, water resource management, agriculture, and others.<\/p>\n\n\n\n<p>I sensori intelligenti hanno rivoluzionato tutti i settori, semplificando le attivit\u00e0 e offrendo comfort a tutti i loro utenti. Con l\u2019uso dominante dei sensori intelligenti, si prevede che seguir\u00e0 anche la domanda di manutenzione e riparazione.<\/p>\n\n\n\n<p>However, despite unprecedented growth, the <a href=\"https:\/\/www.sisinternational.com\/it\/competenza\/industrie\/ricerche-di-mercato-sulle-citta-intelligenti\/\" title=\"Ricerche di mercato sulle citt\u00e0 intelligenti\"  data-wpil-monitor-id=\"3408\">smart sensor market<\/a> also faces challenges.<\/p>\n\n\n\n<h2 class=\"wp-block-heading\">Cosa sono i sensori intelligenti<\/h2>\n\n\n\n<p>I sensori intelligenti sono dispositivi tecnologici che utilizzano trasduttori per raccogliere informazioni specifiche da un ambiente fisico. I dati raccolti verranno utilizzati dai sensori intelligenti per eseguire un compito specifico su quella particolare informazione. Il risultato verr\u00e0 trasmesso attraverso una connessione di rete, modificando le propriet\u00e0 fisiche dei dati in segnali elettrici calcolabili.<\/p>\n\n\n\n<h3 class=\"wp-block-heading\">Esistono diversi sensori intelligenti sul mercato, che sono:<\/h3>\n\n\n\n<ul class=\"wp-block-list\">\n<li><strong>Sensore di livello:<\/strong> Utilizzare un segnale elettrico per assistere nel mantenimento e nella misurazione dei livelli dei liquidi.<\/li>\n\n\n\n<li><strong>Sensore di pressione:<\/strong> Dispositivo che converte la pressione meccanica in segnale elettrico in uscita, solitamente utilizzato nelle condutture.<\/li>\n\n\n\n<li><strong>Termometro:<\/strong> Come suggerisce il nome, misura la temperatura dall&#039;aria, al liquido, al solido.<\/li>\n\n\n\n<li><strong>Sensore di prossimit\u00e0:<\/strong> Utilizzare per rilevare senza toccare fisicamente qualsiasi oggetto esistente all&#039;interno dell&#039;area di prossimit\u00e0.<\/li>\n\n\n\n<li><strong>Sensore a infrarossi:<\/strong> Nota gli oggetti, li misura e rileva i movimenti nell&#039;ambiente circostante emettendo luce<\/li>\n\n\n\n<li><strong>Sensore climatico intelligente:<\/strong> Raccoglie informazioni su pressione barometrica, umidit\u00e0 e temperatura, utili per valutare le condizioni meteorologiche.<\/li>\n\n\n\n<li><strong>Sensore intelligente per piante:<\/strong> Funziona fornendo dati sulla cura e la nutrizione di una pianta.<\/li>\n\n\n\n<li><strong>Sensore di movimento:<\/strong> Comunemente utilizzato nelle case per rilevare qualsiasi movimento all&#039;interno e all&#039;esterno, quindi inviare un segnale all&#039;utente.<\/li>\n\n\n\n<li><strong>Sensore di rilevamento della qualit\u00e0 dell&#039;aria:<\/strong> Monitora e rileva la qualit\u00e0 dell&#039;aria nell&#039;area vicina.<\/li>\n<\/ul>\n\n\n\n<h3 class=\"wp-block-heading\">Esistono tipi pi\u00f9 specifici di sensori intelligenti disponibili sul mercato. I seguenti menzionati sono quelli comuni e popolari.<\/h3>\n\n\n\n<figure class=\"gb-block-image gb-block-image-860bed0c\"><img loading=\"lazy\" decoding=\"async\" width=\"1456\" height=\"816\" class=\"gb-image gb-image-860bed0c\" src=\"https:\/\/www.sisinternational.com\/wp-content\/uploads\/2025\/08\/Smart-sensor-6.jpg\" alt=\"Ricerca e strategia di mercato internazionale SIS\" title=\"Smart sensor (6)\" srcset=\"https:\/\/www.sisinternational.com\/wp-content\/uploads\/2025\/08\/Smart-sensor-6.jpg 1456w, https:\/\/www.sisinternational.com\/wp-content\/uploads\/2025\/08\/Smart-sensor-6-300x168.jpg 300w, https:\/\/www.sisinternational.com\/wp-content\/uploads\/2025\/08\/Smart-sensor-6-1024x574.jpg 1024w, https:\/\/www.sisinternational.com\/wp-content\/uploads\/2025\/08\/Smart-sensor-6-768x430.jpg 768w, https:\/\/www.sisinternational.com\/wp-content\/uploads\/2025\/08\/Smart-sensor-6-18x10.jpg 18w\" sizes=\"auto, (max-width: 1456px) 100vw, 1456px\"><\/figure>\n\n\n\n<p><\/p>\n\n\n\n<h2 class=\"wp-block-heading\">Principali attori del mercato<\/h2>\n\n\n\n<p>Valued in tens of billions, the <a href=\"https:\/\/www.sisinternational.com\/it\/ricerche-di-mercato-sulla-produzione-intelligente\/\" title=\"Ricerche di mercato sulla produzione intelligente\"  data-wpil-monitor-id=\"3617\">smart sensors market<\/a> attracted a ton of market players. In a decade, it is expected to hit hundreds of billions in compound annual growth (CAGR).<\/p>\n\n\n\n<h2 class=\"wp-block-heading\">Conosci i principali attori del mercato che guidano il settore globale:<\/h2>\n\n\n\n<ul class=\"wp-block-list\">\n<li><strong>ABB Ltd.:<\/strong> Questa azienda svedese mira a fornire soluzioni innovative utilizzando robotica, automazione delle macchine e servizi digitali. Il loro Ability Smart Sensor trasforma i motori tradizionali in dispositivi wireless intelligenti per un migliore monitoraggio e un&#039;efficienza ottimizzata.<\/li>\n\n\n\n<li><strong>Dispositivo analogico Inc.:<\/strong> Fondata negli Stati Uniti, questa azienda di semiconduttori si concentra sulla gestione dell&#039;energia, sull&#039;elaborazione del segnale e sulla tecnologia di conversione dei dati. Usano i loro sottosistemi iSensor MEMS come integrazione su una variet\u00e0 di dispositivi, come giroscopi e sensori di pressione.<\/li>\n\n\n\n<li><strong>Honeywell Internazionale Inc.:<\/strong> Questo conglomerato opera in quattro settori: tecnologie edilizie, materiali e tecnologie ad alte prestazioni e soluzioni per la sicurezza e la produttivit\u00e0. Offrono una variet\u00e0 di sensori, dai sensori della qualit\u00e0 dell&#039;aria ai rilevatori di calore.<\/li>\n\n\n\n<li><strong>Texas Instruments Inc.:<\/strong> Texas Instruments progetta e produce semiconduttori e circuiti integrati. Avendo pi\u00f9 societ\u00e0 di produzione in tutto il mondo, possono produrre pi\u00f9 tipi di sensori, come sensori magnetici, sensori di luce e sensori di temperatura.<\/li>\n\n\n\n<li><strong>Societ\u00e0 elettrica Yokogawa:<\/strong> Questa societ\u00e0 giapponese lavora principalmente nel settore del software e dell&#039;ingegneria elettrica. Si differenziano dagli altri giocatori con i loro sensori intelligenti SENCOM. Yokogawa afferma che il suo sensore intelligente SENCOM semplifica la manutenzione sul campo del dispositivo, riduce i tempi di configurazione e migliora la calibrazione.<\/li>\n<\/ul>\n\n\n\n<p>Ci sono altri attori chiave nel mercato oltre ai seguenti. Inoltre contribuiscono con milioni di dollari al mercato, ciascuno introducendo il proprio design di sensori intelligenti.<\/p>\n\n\n\n<h2 class=\"wp-block-heading\">Sviluppo e tendenze nel mercato dei sensori intelligenti<\/h2>\n\n\n\n<figure class=\"gb-block-image gb-block-image-0d674e79\"><img loading=\"lazy\" decoding=\"async\" width=\"1456\" height=\"816\" class=\"gb-image gb-image-0d674e79\" src=\"https:\/\/www.sisinternational.com\/wp-content\/uploads\/2025\/08\/Smart-sensor-3.jpg\" alt=\"Ricerca e strategia di mercato internazionale SIS\" title=\"Smart sensor (3)\" srcset=\"https:\/\/www.sisinternational.com\/wp-content\/uploads\/2025\/08\/Smart-sensor-3.jpg 1456w, https:\/\/www.sisinternational.com\/wp-content\/uploads\/2025\/08\/Smart-sensor-3-300x168.jpg 300w, https:\/\/www.sisinternational.com\/wp-content\/uploads\/2025\/08\/Smart-sensor-3-1024x574.jpg 1024w, https:\/\/www.sisinternational.com\/wp-content\/uploads\/2025\/08\/Smart-sensor-3-768x430.jpg 768w, https:\/\/www.sisinternational.com\/wp-content\/uploads\/2025\/08\/Smart-sensor-3-18x10.jpg 18w\" sizes=\"auto, (max-width: 1456px) 100vw, 1456px\"><\/figure>\n\n\n\n<p><\/p>\n\n\n\n<p>The smart sensor market maintains its growth with new opportunities based on <a href=\"https:\/\/www.sisinternational.com\/it\/salute-intelligente\/\" title=\"Ricerche di mercato sulla salute intelligente\"  data-wpil-monitor-id=\"1946\">innovative<\/a> designs and the Internet of Things that rely on them. All of this help innovate the smart sensor landscape and improve automation.<\/p>\n\n\n\n<h3 class=\"wp-block-heading\">Alcuni di questi sviluppi e tendenze sono i seguenti:<\/h3>\n\n\n\n<ul class=\"wp-block-list\">\n<li><strong>Il sistema microelettromeccanico (MEMS) domina il mercato:<\/strong> I sensori basati sulla tecnologia MEMS costituiscono la maggioranza del mercato dei sensori intelligenti. La tecnologia in rapida crescita viene introdotta regolarmente, il che garantisce la continua dominanza dei MEMS per i prossimi anni. MEMS consolida la propria posizione anche grazie al suo utilizzo vantaggioso, come maggiore precisione, elevata affidabilit\u00e0, operazioni veloci, facile manutenzione e utilizzo minimo di energia.<\/li>\n\n\n\n<li><strong>Domanda di dispositivi indossabili dotati di sensori intelligenti:<\/strong> I consumatori stanno adattando sempre pi\u00f9 dispositivi indossabili per monitorare i propri dati biometrici, in particolare per scopi medici e di fitness. Questi sensori intelligenti hanno iniziato a essere integrati anche in altri oggetti, come calzature, orologi e occhiali intelligenti.<\/li>\n\n\n\n<li><strong>Sensori di CO2 e sensori di gas di Infineon:<\/strong> Infineon ha presentato i suoi nuovi sensori di CO2, una soluzione innovativa per soddisfare la domanda di un&#039;accurata qualit\u00e0 dell&#039;aria interna. Hanno inoltre collaborato con Rainforest Connection (RFXc) per salvare e monitorare la biodiversit\u00e0, utilizzando i sensori di gas di Infineon.<\/li>\n\n\n\n<li><strong>Crescita del mercato dell\u2019elettronica di consumo:<\/strong> Il mercato dell\u2019elettronica \u00e8 dominato dall\u2019elettronica di consumo, che comprende smartphone, laptop e PC. Tuttavia, vengono introdotti nuovi progressi per diversificare il mercato, come la smart TV e gli elettrodomestici intelligenti, che richiedono entrambi l\u2019uso di sensori intelligenti.<\/li>\n<\/ul>\n\n\n\n<h2 class=\"wp-block-heading\">Sfide e problemi con il mercato dei sensori intelligenti<\/h2>\n\n\n\n<figure class=\"gb-block-image gb-block-image-e08b0226\"><img loading=\"lazy\" decoding=\"async\" width=\"1456\" height=\"816\" class=\"gb-image gb-image-e08b0226\" src=\"https:\/\/www.sisinternational.com\/wp-content\/uploads\/2025\/08\/Smart-sensor-8.jpg\" alt=\"Ricerca e strategia di mercato internazionale SIS\" title=\"Smart sensor (8)\" srcset=\"https:\/\/www.sisinternational.com\/wp-content\/uploads\/2025\/08\/Smart-sensor-8.jpg 1456w, https:\/\/www.sisinternational.com\/wp-content\/uploads\/2025\/08\/Smart-sensor-8-300x168.jpg 300w, https:\/\/www.sisinternational.com\/wp-content\/uploads\/2025\/08\/Smart-sensor-8-1024x574.jpg 1024w, https:\/\/www.sisinternational.com\/wp-content\/uploads\/2025\/08\/Smart-sensor-8-768x430.jpg 768w, https:\/\/www.sisinternational.com\/wp-content\/uploads\/2025\/08\/Smart-sensor-8-18x10.jpg 18w\" sizes=\"auto, (max-width: 1456px) 100vw, 1456px\"><\/figure>\n\n\n\n<p><\/p>\n\n\n\n<h3 class=\"wp-block-heading\">Il mercato dei sensori intelligenti potrebbe incontrare ostacoli derivanti dalle seguenti sfide:<\/h3>\n\n\n\n<ul class=\"wp-block-list\">\n<li><strong>Un requisito fondamentale per garantire prestazioni accurate dei sensori intelligenti:<\/strong> I sensori intelligenti sono molto preziosi per le loro misurazioni accurate. Le industrie automatizzate fanno molto affidamento sulla loro efficacia, quindi la precisione \u00e8 considerata della massima importanza. Qualsiasi passo falso o errore di calcolo da parte del sensore intelligente pu\u00f2 causare un errore costoso.<\/li>\n\n\n\n<li><strong>Corsa al prezzo, all\u2019energia e alla riduzione delle dimensioni:<\/strong> <a href=\"https:\/\/www.sisinternational.com\/it\/mercato-globale-dei-sensori-automobilistici\/\" title=\"Ricerche di mercato sui sensori automobilistici\"  data-wpil-monitor-id=\"7520\">Researchers aim to make smart sensors<\/a> more accessible. Efforts are made to create ones at the nanoscale while improving device performance. To achieve this, it was already proposed to use 0D, 1D, and 2D materials with bio-inspired concepts.<\/li>\n\n\n\n<li><strong>La difficolt\u00e0 di prevedere l\u2019evoluzione in tempo reale:<\/strong> Manufacturers are challenged to expect and foresee the trends. Many industries are affected by the smart sensor market, and to cater to each of these industries&#8217; needs might require more than hindsight with <a href=\"https:\/\/www.sisinternational.com\/it\/ricerche-di-mercato-intelligenti-al-dettaglio\/\" title=\"Ricerche di mercato sulla vendita al dettaglio intelligente\"  data-wpil-monitor-id=\"2535\">ricerche di mercato sui sensori intelligenti<\/a>.<\/li>\n<\/ul>","protected":false},"excerpt":{"rendered":"<p>Poich\u00e9 l\u2019innovazione continua a diventare un importante fattore di crescita nel settore tecnologico, segue anche la domanda di sensori intelligenti.<\/p>","protected":false},"author":1,"featured_media":64571,"parent":14514,"menu_order":309,"comment_status":"closed","ping_status":"closed","template":"","meta":{"footnotes":""},"class_list":["post-42693","page","type-page","status-publish","has-post-thumbnail"],"_links":{"self":[{"href":"https:\/\/www.sisinternational.com\/it\/wp-json\/wp\/v2\/pages\/42693","targetHints":{"allow":["GET"]}}],"collection":[{"href":"https:\/\/www.sisinternational.com\/it\/wp-json\/wp\/v2\/pages"}],"about":[{"href":"https:\/\/www.sisinternational.com\/it\/wp-json\/wp\/v2\/types\/page"}],"author":[{"embeddable":true,"href":"https:\/\/www.sisinternational.com\/it\/wp-json\/wp\/v2\/users\/1"}],"replies":[{"embeddable":true,"href":"https:\/\/www.sisinternational.com\/it\/wp-json\/wp\/v2\/comments?post=42693"}],"version-history":[{"count":9,"href":"https:\/\/www.sisinternational.com\/it\/wp-json\/wp\/v2\/pages\/42693\/revisions"}],"predecessor-version":[{"id":81146,"href":"https:\/\/www.sisinternational.com\/it\/wp-json\/wp\/v2\/pages\/42693\/revisions\/81146"}],"up":[{"embeddable":true,"href":"https:\/\/www.sisinternational.com\/it\/wp-json\/wp\/v2\/pages\/14514"}],"wp:featuredmedia":[{"embeddable":true,"href":"https:\/\/www.sisinternational.com\/it\/wp-json\/wp\/v2\/media\/64571"}],"wp:attachment":[{"href":"https:\/\/www.sisinternational.com\/it\/wp-json\/wp\/v2\/media?parent=42693"}],"curies":[{"name":"wp","href":"https:\/\/api.w.org\/{rel}","templated":true}]}}