{"id":42688,"date":"2023-05-03T16:21:11","date_gmt":"2023-05-03T20:21:11","guid":{"rendered":"https:\/\/www.sisinternational.com\/?page_id=42688"},"modified":"2026-01-25T18:15:24","modified_gmt":"2026-01-25T23:15:24","slug":"ricerca-di-mercato-sulla-superiorita-del-prodotto","status":"publish","type":"page","link":"https:\/\/www.sisinternational.com\/it\/competenza\/ricerca-di-mercato-sulla-superiorita-del-prodotto\/","title":{"rendered":"Ricerca di mercato sulla superiorit\u00e0 del prodotto"},"content":{"rendered":"<h1 class=\"wp-block-heading\">Ricerca di mercato sulla superiorit\u00e0 del prodotto<\/h1>\n\n\n\n<figure class=\"gb-block-image gb-block-image-4d8211a6\"><img loading=\"lazy\" decoding=\"async\" width=\"1456\" height=\"816\" class=\"gb-image gb-image-4d8211a6\" src=\"https:\/\/www.sisinternational.com\/wp-content\/uploads\/2025\/09\/Beauty-product-3.jpg\" alt=\"Ricerca e strategia di mercato internazionale SIS\" title=\"Beauty product (3)\" srcset=\"https:\/\/www.sisinternational.com\/wp-content\/uploads\/2025\/09\/Beauty-product-3.jpg 1456w, https:\/\/www.sisinternational.com\/wp-content\/uploads\/2025\/09\/Beauty-product-3-300x168.jpg 300w, https:\/\/www.sisinternational.com\/wp-content\/uploads\/2025\/09\/Beauty-product-3-1024x574.jpg 1024w, https:\/\/www.sisinternational.com\/wp-content\/uploads\/2025\/09\/Beauty-product-3-768x430.jpg 768w, https:\/\/www.sisinternational.com\/wp-content\/uploads\/2025\/09\/Beauty-product-3-18x10.jpg 18w\" sizes=\"auto, (max-width: 1456px) 100vw, 1456px\"><\/figure>\n\n\n\n<p><\/p>\n\n\n\n<p>La ricerca di mercato sulla superiorit\u00e0 del prodotto consente alle aziende di fornire supporto basato sui dati per le loro affermazioni e asserzioni audaci nel panorama aziendale contemporaneo.<\/p>\n\n\n\n<p>Per sostenere la propria leadership di mercato, le aziende utilizzano ricerche di mercato sulla superiorit\u00e0 dei prodotti per supportare i propri prodotti con dati di ricerca affidabili.<\/p>\n\n\n\n<h2 class=\"wp-block-heading\">Che cos&#039;\u00e8 la ricerca di mercato sulla superiorit\u00e0 del prodotto?<\/h2>\n\n\n\n<p>The act of studying the competition and assessing its own performance against competitors while sustaining product superiority with accurate data constitutes product superiority market research. By doing this, companies can acquire valuable insights into their own strengths and weaknesses and improve their <a href=\"https:\/\/www.sisinternational.com\/it\/soluzioni\/consulenza-per-lospitalita-turistica-turistica\/consulenza-strategica-per-ricerche-di-mercato-da-parte-di-societa-di-gestione-alberghiera\/\" title=\"Societ\u00e0 di gestione alberghiera Ricerche di mercato e consulenza strategica\"  data-wpil-monitor-id=\"9498\">strategie di marketing<\/a> to outperform competitors.<\/p>\n\n\n\n<p>Inoltre, le aziende possono migliorare significativamente la propria affidabilit\u00e0 supportando con dati le loro affermazioni sul motivo per cui i loro prodotti sono superiori sul mercato.<\/p>\n\n\n\n<p>Customer preferences and behavior may also be revealed through product superiority market research. Similarly, companies can improve their understanding of the target audience and customize their offerings by analyzing the competition and their own products. Therefore, this method has the potential to <a href=\"https:\/\/www.sisinternational.com\/it\/analisi-della-soddisfazione-del-cliente\/\" title=\"8 modi per aumentare la soddisfazione del cliente nel commercio al dettaglio\"  data-wpil-monitor-id=\"9493\">boost customer satisfaction<\/a> and loyalty for companies, which can translate into increased earnings.<\/p>\n\n\n\n<p>Inoltre, l\u2019utilizzo delle ricerche di mercato pu\u00f2 individuare le tendenze emergenti nel proprio settore. Per rimanere competitive in un mercato in rapida evoluzione, le aziende possono utilizzare queste informazioni per modificare le proprie strategie e offerte per posizionarsi come leader del settore e ottenere un vantaggio competitivo.<\/p>\n\n\n\n<h2 class=\"wp-block-heading\">Vantaggi dell&#039;implementazione della ricerca di mercato sulla superiorit\u00e0 del prodotto<\/h2>\n\n\n\n<ul class=\"wp-block-list\">\n<li>Product superiority market research provides companies with a competitive advantage, offering valuable insights and facilitating informed decision-making about their products and the reasons why they lead the <a href=\"https:\/\/www.sisinternational.com\/it\/soluzioni\/ricerche-di-mercato-sui-prodotti-di-bellezza\/ricerche-di-mercato-sul-benessere-dei-baby-boomer\/\" title=\"Ricerche di mercato sul benessere dei baby boomer\"  data-wpil-monitor-id=\"9500\">market and perform so well<\/a> for their consumers.<\/li>\n\n\n\n<li>Reliable data and insights enable businesses to make better decisions regarding <a href=\"https:\/\/www.sisinternational.com\/it\/soluzioni\/consulenza-strategica\/consulenza-strategica-per-ricerche-di-mercato-sulla-responsabilita-del-prodotto\/\" title=\"Ricerca di mercato e consulenza strategica sulla responsabilit\u00e0 del prodotto\"  data-wpil-monitor-id=\"9495\">product development and marketing strategies<\/a> as well as pricing and expansion into new markets.<\/li>\n\n\n\n<li>Lo sviluppo di prodotti e servizi che soddisfino il pubblico target \u00e8 realizzabile attraverso la comprensione delle esigenze e delle preferenze dei clienti. Raggiungere il successo a lungo termine richiede una maggiore soddisfazione e fidelizzazione del cliente.<\/li>\n\n\n\n<li>Le aziende possono rimanere in contatto con le preferenze dei clienti e le tendenze del mercato eseguendo ricerche di mercato sulla superiorit\u00e0 dei prodotti e migliorando le campagne di marketing sia per i prodotti esistenti che per i lanci futuri.<\/li>\n\n\n\n<li>Rivela risultati sulle nuove tendenze e progressi tecnologici, nonch\u00e9 sulle preferenze dei clienti. Questi possono essere utilizzati per alimentare l\u2019innovazione e aiutare le aziende a differenziarsi dalla concorrenza, generando idee uniche a cui i ricercatori probabilmente non avevano nemmeno pensato.<\/li>\n\n\n\n<li>Le aziende possono aumentare le probabilit\u00e0 di successo sviluppando strategie basate sui dati e incorporando approfondimenti nella pianificazione strategica. L\u2019allocazione efficace delle risorse garantisce un ritorno sull\u2019investimento ottimizzato.<\/li>\n<\/ul>\n\n\n\n<h2 class=\"wp-block-heading\">Sfide<\/h2>\n\n\n\n<p>Sebbene questo tipo di ricerca possa fornire spunti preziosi per le aziende, ci sono anche alcune sfide associate alla sua conduzione. Ecco alcune delle sfide legate alla conduzione di ricerche di mercato sulla superiorit\u00e0 del prodotto:<\/p>\n\n\n\n<ul class=\"wp-block-list\">\n<li>Obtaining accurate and reliable data can be challenging, particularly when evaluating multiple products across different categories. If the research includes subjective factors like user <a href=\"https:\/\/www.sisinternational.com\/it\/qualitative-research-to-enhance-customer-experience\/\" title=\"Qualitative Research to Enhance Customer Experience\"  data-wpil-monitor-id=\"9499\">experience and customer<\/a> satisfaction, it can become even more complex.<\/li>\n\n\n\n<li>Scegliere i concorrenti adatti per il confronto pu\u00f2 essere difficile a causa della presenza di numerosi prodotti simili o distinti sul mercato. Pu\u00f2 essere difficile decidere quali prodotti confrontare e come quantificare le variazioni.<\/li>\n\n\n\n<li>L\u2019accuratezza e l\u2019affidabilit\u00e0 dei risultati della ricerca possono essere influenzate in modo significativo dalla dimensione e dalla rappresentazione del campione. Ottenere un campione rappresentativo del mercato di riferimento pu\u00f2 essere difficile e portare potenzialmente a risultati distorti.<\/li>\n\n\n\n<li>Condurre ricerche sulla superiorit\u00e0 dei prodotti pu\u00f2 essere costoso, in particolare quando si valutano pi\u00f9 prodotti e si richiede un campione di grandi dimensioni. Le piccole imprese o le startup con risorse limitate potrebbero trovarlo impegnativo.<\/li>\n\n\n\n<li>La valutazione di pi\u00f9 prodotti in diverse categorie pu\u00f2 richiedere molto tempo quando si conducono ricerche per determinare la superiorit\u00e0 del prodotto. Il lancio di un nuovo prodotto o funzionalit\u00e0 pu\u00f2 essere ritardato, il che pu\u00f2 incidere sulla competitivit\u00e0 dell\u2019azienda.<\/li>\n<\/ul>\n\n\n\n<h2 class=\"wp-block-heading\">Considerazioni nell&#039;esecuzione di ricerche di mercato sulla superiorit\u00e0 dei prodotti<\/h2>\n\n\n\n<p>La ricerca di mercato sulla superiorit\u00e0 del prodotto offre alle aziende informazioni importanti e un vantaggio competitivo. Tuttavia, pone anche alcune sfide e richiede un\u2019attenta considerazione. Quando si conducono ricerche di mercato per la superiorit\u00e0, considerare questi fattori chiave:<\/p>\n\n\n\n<ul class=\"wp-block-list\">\n<li>Per garantire il successo delle ricerche di mercato, \u00e8 fondamentale garantire la qualit\u00e0 e l\u2019accuratezza dei dati raccolti. Per ridurre al minimo gli errori e le distorsioni nei propri dati, le aziende dovrebbero selezionare fonti di informazioni affidabili e utilizzare metodi di campionamento adeguati.<\/li>\n\n\n\n<li>Condurre ricerche di mercato sulla superiorit\u00e0 del prodotto pu\u00f2 essere costoso in termini di risorse. Richiede un investimento considerevole in termini di tempo, tecnologia e personale. Per ottenere un&#039;allocazione delle risorse e una gestione dei costi di successo nelle operazioni aziendali \u00e8 necessario trovare il giusto equilibrio tra l&#039;acquisizione di informazioni utili e la conservazione di un budget ottimale.<\/li>\n\n\n\n<li>Mantenere l&#039;obiettivit\u00e0 ed evitare pregiudizi \u00e8 fondamentale per i ricercatori che devono evitare qualsiasi potenziale influenza sui risultati della loro ricerca. Per garantire che la ricerca mantenga la sua integrit\u00e0, \u00e8 necessario considerare il bias di conferma e il bias di selezione, insieme ad altre possibili insidie.<\/li>\n\n\n\n<li>To stay relevant in today&#8217;s rapidly changing markets, <a href=\"https:\/\/www.sisinternational.com\/it\/soluzioni\/ricerca-di-consulenza-strategica-fintech\/consulenza-strategica-per-ricerche-di-mercato-assicurative-in-caso-di-interruzione-dellattivita\/\" title=\"Ricerche di mercato e consulenza strategica nel settore assicurativo per l&#039;interruzione dell&#039;attivit\u00e0\"  data-wpil-monitor-id=\"9496\">businesses need to adjust their research strategies<\/a> and methodologies quickly. Updating <a href=\"https:\/\/www.sisinternational.com\/it\/copertura\/europa\/ricerche-di-mercato-liverpool-regno-unito\/\" title=\"Ricerche di mercato a Liverpool | Focus group e raccolta dati nel Regno Unito\"  data-wpil-monitor-id=\"9494\">research questions or refining data collection<\/a> methods along with incorporating new technologies can help in staying relevant.<\/li>\n\n\n\n<li>Achieving a comprehensive understanding of the market involves balancing both quantitative and qualitative <a href=\"https:\/\/www.sisinternational.com\/it\/copertura\/ricerche-di-mercato-asiatiche\/ricerche-di-mercato-a-timor\/\" title=\"Ricerche di mercato a Timor\"  data-wpil-monitor-id=\"4737\">ricerca<\/a> methods in product superiority market research. A complete and accurate perception of their target audience and <a href=\"https:\/\/www.sisinternational.com\/it\/competenza\/industrie\/ricerche-di-mercato-automobilistiche\/cliniche-di-auto-statiche-vs-dinamiche\/\" title=\"Market Research Methods for Automotive Research &#8211; Static vs Dynamic Car Clinics\"  data-wpil-monitor-id=\"9497\">market dynamics<\/a> can be achieved through careful selection and balance of these methods.<\/li>\n\n\n\n<li>Massimizzare l\u2019impatto dei risultati della ricerca sulle decisioni aziendali richiede un\u2019interpretazione e una comunicazione efficaci. \u00c8 necessario avere la capacit\u00e0 di trasformare dati e intuizioni complesse in semplici suggerimenti che i decisori possano comprendere senza difficolt\u00e0.<\/li>\n\n\n\n<li>Una sfida chiave affrontata durante le ricerche di mercato sulla superiorit\u00e0 dei prodotti \u00e8 l\u2019indisponibilit\u00e0 di dati adeguati. In alcuni settori potrebbero mancare informazioni prontamente disponibili oppure i dati esistenti potrebbero non essere affidabili o precisi.<\/li>\n\n\n\n<li>Il confronto di dati provenienti da pi\u00f9 fonti \u00e8 essenziale per effettuare confronti aziendali precisi nelle ricerche di mercato sulla superiorit\u00e0 dei prodotti. La sfida sorge quando i dati non sono coerenti o standardizzati tra tutte le fonti.<\/li>\n\n\n\n<li>In determinate situazioni, ottenere un campione sufficientemente ampio per condurre un&#039;efficace ricerca di mercato sulla superiorit\u00e0 dei prodotti pu\u00f2 rivelarsi difficile.<\/li>\n<\/ul>","protected":false},"excerpt":{"rendered":"<p>Per sostenere la propria leadership di mercato, le aziende utilizzano ricerche di mercato sulla superiorit\u00e0 dei prodotti per supportare i propri prodotti con dati di ricerca affidabili.<\/p>","protected":false},"author":1,"featured_media":68806,"parent":14514,"menu_order":308,"comment_status":"closed","ping_status":"closed","template":"","meta":{"footnotes":""},"class_list":["post-42688","page","type-page","status-publish","has-post-thumbnail"],"_links":{"self":[{"href":"https:\/\/www.sisinternational.com\/it\/wp-json\/wp\/v2\/pages\/42688","targetHints":{"allow":["GET"]}}],"collection":[{"href":"https:\/\/www.sisinternational.com\/it\/wp-json\/wp\/v2\/pages"}],"about":[{"href":"https:\/\/www.sisinternational.com\/it\/wp-json\/wp\/v2\/types\/page"}],"author":[{"embeddable":true,"href":"https:\/\/www.sisinternational.com\/it\/wp-json\/wp\/v2\/users\/1"}],"replies":[{"embeddable":true,"href":"https:\/\/www.sisinternational.com\/it\/wp-json\/wp\/v2\/comments?post=42688"}],"version-history":[{"count":5,"href":"https:\/\/www.sisinternational.com\/it\/wp-json\/wp\/v2\/pages\/42688\/revisions"}],"predecessor-version":[{"id":81585,"href":"https:\/\/www.sisinternational.com\/it\/wp-json\/wp\/v2\/pages\/42688\/revisions\/81585"}],"up":[{"embeddable":true,"href":"https:\/\/www.sisinternational.com\/it\/wp-json\/wp\/v2\/pages\/14514"}],"wp:featuredmedia":[{"embeddable":true,"href":"https:\/\/www.sisinternational.com\/it\/wp-json\/wp\/v2\/media\/68806"}],"wp:attachment":[{"href":"https:\/\/www.sisinternational.com\/it\/wp-json\/wp\/v2\/media?parent=42688"}],"curies":[{"name":"wp","href":"https:\/\/api.w.org\/{rel}","templated":true}]}}