{"id":42686,"date":"2023-05-03T15:49:01","date_gmt":"2023-05-03T19:49:01","guid":{"rendered":"https:\/\/www.sisinternational.com\/?page_id=42686"},"modified":"2026-01-26T17:13:45","modified_gmt":"2026-01-26T22:13:45","slug":"ricerca-di-mercato-pbm-del-responsabile-dei-benefici-farmaceutici","status":"publish","type":"page","link":"https:\/\/www.sisinternational.com\/it\/competenza\/ricerca-di-mercato-pbm-del-responsabile-dei-benefici-farmaceutici\/","title":{"rendered":"Ricerche di mercato sul Pharmacy Benefit Manager (PBM)."},"content":{"rendered":"<h1 class=\"wp-block-heading\">Ricerche di mercato sul Pharmacy Benefit Manager (PBM).<\/h1>\n\n\n\n<figure class=\"gb-block-image gb-block-image-581ee796\"><img loading=\"lazy\" decoding=\"async\" width=\"1456\" height=\"816\" class=\"gb-image gb-image-581ee796\" src=\"https:\/\/www.sisinternational.com\/wp-content\/uploads\/2025\/08\/Pharmaceutical-6.jpg\" alt=\"Ricerca e strategia di mercato internazionale SIS\" title=\"Pharmaceutical (6)\" srcset=\"https:\/\/www.sisinternational.com\/wp-content\/uploads\/2025\/08\/Pharmaceutical-6.jpg 1456w, https:\/\/www.sisinternational.com\/wp-content\/uploads\/2025\/08\/Pharmaceutical-6-300x168.jpg 300w, https:\/\/www.sisinternational.com\/wp-content\/uploads\/2025\/08\/Pharmaceutical-6-1024x574.jpg 1024w, https:\/\/www.sisinternational.com\/wp-content\/uploads\/2025\/08\/Pharmaceutical-6-768x430.jpg 768w, https:\/\/www.sisinternational.com\/wp-content\/uploads\/2025\/08\/Pharmaceutical-6-18x10.jpg 18w\" sizes=\"auto, (max-width: 1456px) 100vw, 1456px\"><\/figure>\n\n\n\n<p><\/p>\n\n\n\n<p>La ricerca di mercato PBM \u00e8 uno strumento cruciale per comprendere le dinamiche e le tendenze di questo settore. I PBM agiscono come intermediari nel sistema sanitario, assumendosi la responsabilit\u00e0 della gestione dei benefici dei farmaci soggetti a prescrizione per piani sanitari, datori di lavoro e programmi governativi.<\/p>\n\n\n\n<p>Negoziano con i produttori di farmaci per fissare i prezzi dei farmaci, creare formulari di farmaci e supervisionare le reti di farmacie per garantire una consegna efficiente ed economica dei farmaci ai pazienti. Pertanto, poich\u00e9 la domanda di servizi sanitari continua ad aumentare, le parti interessate e gli investitori hanno mostrato un vivo interesse per la ricerca di mercato PBM.<\/p>\n\n\n\n<h2 class=\"wp-block-heading\">Cos\u2019\u00e8 la ricerca di mercato Pharmacy Benefit Manager (PBM)?<\/h2>\n\n\n\n<p>La ricerca di mercato PBM prevede un approccio metodico all&#039;acquisizione, all&#039;analisi e alla comprensione dei dati associati all&#039;industria farmaceutica. La ricerca ha lo scopo di offrire spunti utili sullo stato attuale del mercato come dimensioni, tendenze, potenziale di crescita, requisiti normativi, panorama competitivo e preferenze dei consumatori. Inoltre, aiuta a individuare nuove opportunit\u00e0 e ostacoli che sostengono il settore, consentendo ai decisori di fare scelte informate e sviluppare strategie di crescita efficaci che garantiscano un successo continuo.<\/p>\n\n\n\n<p>Per questo motivo, le organizzazioni possono acquisire una profonda comprensione dei fattori che guidano il cambiamento nel settore PBM e ottenere preziose informazioni sul futuro del mercato. Questa ricerca pu\u00f2 essere particolarmente utile per piani sanitari, datori di lavoro, agenzie governative, produttori farmaceutici e altre parti interessate del settore che stanno navigando nel panorama complesso e competitivo del mercato PBM.<\/p>\n\n\n\n<h2 class=\"wp-block-heading\">Il ruolo cruciale delle ricerche di mercato del Pharmacy Benefit Manager (PBM) per le imprese<\/h2>\n\n\n\n<figure class=\"gb-block-image gb-block-image-3fac324b\"><img loading=\"lazy\" decoding=\"async\" width=\"1456\" height=\"816\" class=\"gb-image gb-image-3fac324b\" src=\"https:\/\/www.sisinternational.com\/wp-content\/uploads\/2025\/08\/Pharmaceutical-22.jpg\" alt=\"Ricerca e strategia di mercato internazionale SIS\" title=\"Pharmaceutical (22)\" srcset=\"https:\/\/www.sisinternational.com\/wp-content\/uploads\/2025\/08\/Pharmaceutical-22.jpg 1456w, https:\/\/www.sisinternational.com\/wp-content\/uploads\/2025\/08\/Pharmaceutical-22-300x168.jpg 300w, https:\/\/www.sisinternational.com\/wp-content\/uploads\/2025\/08\/Pharmaceutical-22-1024x574.jpg 1024w, https:\/\/www.sisinternational.com\/wp-content\/uploads\/2025\/08\/Pharmaceutical-22-768x430.jpg 768w, https:\/\/www.sisinternational.com\/wp-content\/uploads\/2025\/08\/Pharmaceutical-22-18x10.jpg 18w\" sizes=\"auto, (max-width: 1456px) 100vw, 1456px\"><\/figure>\n\n\n\n<p><\/p>\n\n\n\n<p>PBM market research empowers stakeholders to make informed decisions, devise effective strategies, and attain sustainable growth. Essentially, it equips businesses with the necessary tools to stay ahead of the curve and succeed in a highly competitive market. The following points highlight the importance of <a href=\"https:\/\/www.sisinternational.com\/it\/competenza\/industrie\/ricerche-di-mercato-sul-punto-vendita\/\" title=\"Ricerche di mercato sul punto vendita\"  data-wpil-monitor-id=\"4917\">PBM market research<\/a> for businesses:<\/p>\n\n\n\n<ul class=\"wp-block-list\">\n<li><strong>Processo decisionale informato:<\/strong> Conducendo approfondite ricerche di mercato, le aziende ottengono preziose informazioni sulla condizione attuale del settore PBM e prevedono gli sviluppi futuri.<\/li>\n\n\n\n<li><strong>Identificare opportunit\u00e0 e minacce:<\/strong> Analizzando tendenze e dati, le aziende possono identificare nuovi mercati, progressi tecnologici e offerte di servizi innovativi che potrebbero migliorare il loro vantaggio competitivo. Queste informazioni consentono alle aziende di trarre vantaggio da queste prospettive e mantenere il proprio vantaggio nel mercato.<\/li>\n\n\n\n<li><strong>Vantaggio competitivo:<\/strong> Attraverso la conduzione di ricerche di mercato PBM, le aziende possono acquisire preziose conoscenze sulle tattiche e sui risultati dei loro concorrenti per ottenere un vantaggio competitivo.<\/li>\n\n\n\n<li><strong>Conformit\u00e0 normativa:<\/strong> L\u2019industria PBM opera in un ambiente fortemente regolamentato. I cambiamenti normativi possono avere un impatto significativo sulle dinamiche del mercato e interrompere le operazioni delle imprese del settore. Per stare al passo con i tempi, la ricerca di mercato PBM \u00e8 essenziale per rimanere informati e adattarsi tempestivamente alle nuove esigenze.<\/li>\n\n\n\n<li><strong>Gestione del rischio:<\/strong> La ricerca di mercato PBM offre alle aziende una prospettiva olistica del mercato, consentendo loro di identificare potenziali pericoli e ideare strategie efficaci per affrontarli. Questo approccio proattivo alla gestione del rischio \u00e8 determinante per garantire la sostenibilit\u00e0 a lungo termine di un\u2019impresa.<\/li>\n<\/ul>\n\n\n\n<h2 class=\"wp-block-heading\">Opportunit\u00e0 chiave<\/h2>\n\n\n\n<ul class=\"wp-block-list\">\n<li><strong>Individuazione dei segmenti di crescita:<\/strong> Condurre ricerche di mercato nel settore PBM pu\u00f2 essere un modo efficace per individuare i segmenti ad alta crescita, inclusi i servizi farmaceutici specializzati, i modelli di assistenza basati sul valore e le piattaforme sanitarie digitali. Acquisendo una comprensione globale di queste tendenze emergenti, le aziende possono allocare le proprie risorse e ideare strategie per trarre vantaggio dalle aree con il maggiore potenziale di espansione e redditivit\u00e0.<\/li>\n\n\n\n<li><strong>Migliorare l&#039;esperienza del cliente:<\/strong> Conducendo ricerche di mercato PBM, le aziende possono ottenere informazioni preziose sulle preferenze, i comportamenti e le aree di insoddisfazione dei clienti. Questa conoscenza pu\u00f2 essere utilizzata per personalizzare e migliorare i servizi aziendali, con conseguente maggiore soddisfazione e fidelizzazione del cliente e un miglioramento complessivo della performance finanziaria dell&#039;azienda.<\/li>\n\n\n\n<li><strong>Optimizing cost <\/strong><a href=\"https:\/\/www.sisinternational.com\/it\/il-global-talent-crunch-un-libro-bianco-di-ruth-stanat\/\" title=\"Ricerche di mercato sulla gestione dei talenti\"  data-wpil-monitor-id=\"2198\">management strategies: By undertaking comprehensive market research<\/a>, businesses can uncover valuable insights that can be leveraged to identify cost-saving opportunities and optimize their operations. Some of the strategies that can be adopted to achieve this end include implementing more efficient drug utilization review processes, negotiating better pricing with manufacturers, and using data analytics to identify and address cost drivers.<\/li>\n\n\n\n<li><strong>Sfruttare l&#039;analisi e la tecnologia dei dati:<\/strong> La ricerca di mercato PBM ha il potenziale per sbloccare informazioni non sfruttate per sfruttare analisi e tecnologie all&#039;avanguardia per semplificare le operazioni, aumentare i livelli di soddisfazione dei clienti e ottimizzare i risultati economici. Ad esempio, l\u2019intelligenza artificiale e l\u2019apprendimento automatico possono essere sfruttati per una gestione efficace dell\u2019utilizzo dei farmaci, mentre gli strumenti sanitari digitali possono facilitare il coinvolgimento personalizzato dei pazienti.<\/li>\n\n\n\n<li><strong>Espansione in nuovi mercati e partnership:<\/strong> Condurre ricerche di mercato PBM nel settore PBM pu\u00f2 rivelarsi una risorsa preziosa per le aziende che desiderano espandere i propri orizzonti. Analizzando le tendenze del mercato e le preferenze dei clienti, le aziende possono scoprire potenziali opportunit\u00e0 come avventurarsi nei mercati globali, formare alleanze con operatori sanitari o collaborare con startup di sanit\u00e0 digitale.<\/li>\n\n\n\n<li><strong>Promuovere l\u2019innovazione nel settore PBM:<\/strong> La ricerca di mercato PBM pu\u00f2 scoprire bisogni insoddisfatti e lacune nel mercato, stimolando l\u2019innovazione in prodotti e servizi. Identificando queste opportunit\u00e0, le aziende possono sviluppare soluzioni innovative che risolvano i punti critici dei clienti e li distinguano dalla concorrenza.<\/li>\n\n\n\n<li><strong>Migliorare la trasparenza e la fiducia:<\/strong> L&#039;uso della ricerca di mercato PBM \u00e8 una strategia efficace per le aziende che cercano opportunit\u00e0 per aumentare la trasparenza nelle loro operazioni, soprattutto in aree quali la determinazione dei prezzi dei farmaci, gli sconti e la gestione dei formulari. Una maggiore trasparenza pu\u00f2 creare fiducia tra clienti, pazienti e autorit\u00e0 di regolamentazione, portando in ultima analisi a un aumento della quota di mercato e a crescita e prosperit\u00e0 a lungo termine.<\/li>\n<\/ul>\n\n\n\n<h2 class=\"wp-block-heading\">Principali sfide della ricerca di mercato PBM<\/h2>\n\n\n\n<figure class=\"gb-block-image gb-block-image-ff1df4fb\"><img loading=\"lazy\" decoding=\"async\" width=\"1456\" height=\"816\" class=\"gb-image gb-image-ff1df4fb\" src=\"https:\/\/www.sisinternational.com\/wp-content\/uploads\/2025\/08\/Pharmaceutical-14.jpg\" alt=\"Ricerca e strategia di mercato internazionale SIS\" title=\"Pharmaceutical (14)\" srcset=\"https:\/\/www.sisinternational.com\/wp-content\/uploads\/2025\/08\/Pharmaceutical-14.jpg 1456w, https:\/\/www.sisinternational.com\/wp-content\/uploads\/2025\/08\/Pharmaceutical-14-300x168.jpg 300w, https:\/\/www.sisinternational.com\/wp-content\/uploads\/2025\/08\/Pharmaceutical-14-1024x574.jpg 1024w, https:\/\/www.sisinternational.com\/wp-content\/uploads\/2025\/08\/Pharmaceutical-14-768x430.jpg 768w, https:\/\/www.sisinternational.com\/wp-content\/uploads\/2025\/08\/Pharmaceutical-14-18x10.jpg 18w\" sizes=\"auto, (max-width: 1456px) 100vw, 1456px\"><\/figure>\n\n\n\n<ul class=\"wp-block-list\">\n<li><strong>Accesso limitato ai dati:<\/strong> Il campo delle ricerche di mercato PBM si trova ad affrontare diverse sfide quando si tratta di acquisire dati rilevanti, poich\u00e9 le leggi sulla privacy, la protezione dei dati e la concorrenza possono limitare l\u2019accesso a queste preziose informazioni. I ricercatori potrebbero incontrare ostacoli quando tentano di raccogliere dati relativi alle tendenze di utilizzo dei farmaci, agli sconti, alla progettazione dei formulari e ad altri aspetti vitali della ricerca di mercato PBM.<\/li>\n\n\n\n<li><strong>Ambiente di mercato dinamico:<\/strong> The dynamic PBM industry is constantly transforming due to shifts in legislation, regulations, drug pricing, and healthcare consumer behavior. These ongoing changes pose a challenge for <a href=\"https:\/\/www.sisinternational.com\/it\/competenza\/industrie\/ricerche-di-mercato-sulle-tagliatelle\/\" title=\"Ricerche di mercato sulle tagliatelle\"  data-wpil-monitor-id=\"3055\">researchers seeking to obtain up-to-date market<\/a> data, as outdated information can result in flawed market analyses.<\/li>\n\n\n\n<li><strong>Concorrenza e saturazione del mercato:<\/strong> Il mercato PBM \u00e8 altamente competitivo, con diversi grandi attori che dominano il mercato. I ricercatori potrebbero incontrare difficolt\u00e0 nell\u2019accedere alle informazioni sulle strategie, sui modelli di business e sulle strategie di prezzo dei concorrenti.<\/li>\n\n\n\n<li><strong>Risorse limitate:<\/strong> Conducting PBM market <a href=\"https:\/\/www.sisinternational.com\/it\/competenza\/industrie\/ricerche-di-mercato-sulla-gestione-dei-rifiuti\/\" title=\"Ricerche di mercato sulla gestione dei rifiuti\"  data-wpil-monitor-id=\"5979\">ricerca<\/a> can be costly and require significant resources such as data management and analytics tools. Limited resources can lead to compromised research quality and incomplete data analysis.<\/li>\n<\/ul>\n\n\n\n<h2 class=\"wp-block-heading\">Prospettive future del mercato e opportunit\u00e0 di crescita<\/h2>\n\n\n\n<figure class=\"gb-block-image gb-block-image-27ec4735\"><img loading=\"lazy\" decoding=\"async\" width=\"1456\" height=\"816\" class=\"gb-image gb-image-27ec4735\" src=\"https:\/\/www.sisinternational.com\/wp-content\/uploads\/2025\/08\/Pharmaceutical-29.jpg\" alt=\"Ricerca e strategia di mercato internazionale SIS\" title=\"Pharmaceutical (29)\" srcset=\"https:\/\/www.sisinternational.com\/wp-content\/uploads\/2025\/08\/Pharmaceutical-29.jpg 1456w, https:\/\/www.sisinternational.com\/wp-content\/uploads\/2025\/08\/Pharmaceutical-29-300x168.jpg 300w, https:\/\/www.sisinternational.com\/wp-content\/uploads\/2025\/08\/Pharmaceutical-29-1024x574.jpg 1024w, https:\/\/www.sisinternational.com\/wp-content\/uploads\/2025\/08\/Pharmaceutical-29-768x430.jpg 768w, https:\/\/www.sisinternational.com\/wp-content\/uploads\/2025\/08\/Pharmaceutical-29-18x10.jpg 18w\" sizes=\"auto, (max-width: 1456px) 100vw, 1456px\"><\/figure>\n\n\n\n<ul class=\"wp-block-list\">\n<li>Si prevede che il mercato PBM continuer\u00e0 a crescere in futuro, spinto da fattori quali l\u2019invecchiamento della popolazione, la crescente prevalenza di malattie croniche e la crescente domanda di soluzioni sanitarie economicamente vantaggiose.<\/li>\n\n\n\n<li>As healthcare systems in developing countries continue to improve, PBMs have the opportunity to enter these <a href=\"https:\/\/www.sisinternational.com\/it\/soluzioni\/soluzioni-di-ricerca-quantitativa-qualitativa\/ricerche-di-mercato-sulla-gestione-delle-strutture\/\" title=\"Ricerche di mercato sulla gestione delle strutture\"  data-wpil-monitor-id=\"6453\">markets and provide cost-effective prescription drug management<\/a> services.<\/li>\n\n\n\n<li>L\u2019adozione di tecnologie innovative come l\u2019intelligenza artificiale, l\u2019analisi dei big data e la telemedicina pu\u00f2 migliorare le operazioni PBM, migliorare la cura dei pazienti e ridurre i costi.<\/li>\n\n\n\n<li>Con l\u2019aumento dell\u2019attenzione sulla medicina personalizzata e sui farmaci specialistici, le PBM possono trarre vantaggio da questa tendenza offrendo servizi e soluzioni mirati per la gestione di queste terapie complesse.<\/li>\n<\/ul>\n\n\n\n<p>SIS International offre ricerca quantitativa, qualitativa e strategica. Forniamo dati, strumenti, strategie, report e approfondimenti per il processo decisionale. Conduciamo interviste, sondaggi, focus group e molti altri metodi e approcci di ricerca di mercato. Contattaci per il tuo prossimo progetto di ricerca di mercato.<\/p>","protected":false},"excerpt":{"rendered":"<p>La ricerca di mercato PBM include un approccio metodico per acquisire, analizzare e comprendere i dati dell&#039;industria farmaceutica.<\/p>","protected":false},"author":1,"featured_media":62853,"parent":14514,"menu_order":307,"comment_status":"closed","ping_status":"closed","template":"","meta":{"footnotes":""},"class_list":["post-42686","page","type-page","status-publish","has-post-thumbnail"],"_links":{"self":[{"href":"https:\/\/www.sisinternational.com\/it\/wp-json\/wp\/v2\/pages\/42686","targetHints":{"allow":["GET"]}}],"collection":[{"href":"https:\/\/www.sisinternational.com\/it\/wp-json\/wp\/v2\/pages"}],"about":[{"href":"https:\/\/www.sisinternational.com\/it\/wp-json\/wp\/v2\/types\/page"}],"author":[{"embeddable":true,"href":"https:\/\/www.sisinternational.com\/it\/wp-json\/wp\/v2\/users\/1"}],"replies":[{"embeddable":true,"href":"https:\/\/www.sisinternational.com\/it\/wp-json\/wp\/v2\/comments?post=42686"}],"version-history":[{"count":8,"href":"https:\/\/www.sisinternational.com\/it\/wp-json\/wp\/v2\/pages\/42686\/revisions"}],"predecessor-version":[{"id":80036,"href":"https:\/\/www.sisinternational.com\/it\/wp-json\/wp\/v2\/pages\/42686\/revisions\/80036"}],"up":[{"embeddable":true,"href":"https:\/\/www.sisinternational.com\/it\/wp-json\/wp\/v2\/pages\/14514"}],"wp:featuredmedia":[{"embeddable":true,"href":"https:\/\/www.sisinternational.com\/it\/wp-json\/wp\/v2\/media\/62853"}],"wp:attachment":[{"href":"https:\/\/www.sisinternational.com\/it\/wp-json\/wp\/v2\/media?parent=42686"}],"curies":[{"name":"wp","href":"https:\/\/api.w.org\/{rel}","templated":true}]}}