{"id":42682,"date":"2023-05-03T14:39:50","date_gmt":"2023-05-03T18:39:50","guid":{"rendered":"https:\/\/www.sisinternational.com\/?page_id=42682"},"modified":"2026-01-27T15:25:54","modified_gmt":"2026-01-27T20:25:54","slug":"ricerche-di-mercato-nel-settore-della-pasticceria","status":"publish","type":"page","link":"https:\/\/www.sisinternational.com\/it\/competenza\/ricerche-di-mercato-nel-settore-della-pasticceria\/","title":{"rendered":"Ricerche di mercato sulla pasticceria"},"content":{"rendered":"<h1 class=\"wp-block-heading\">Ricerche di mercato sulla pasticceria<\/h1>\n\n\n\n<figure class=\"gb-block-image gb-block-image-5b3f6317\"><img loading=\"lazy\" decoding=\"async\" width=\"1456\" height=\"816\" class=\"gb-image gb-image-5b3f6317\" src=\"https:\/\/www.sisinternational.com\/wp-content\/uploads\/2025\/08\/Pastries-4.jpg\" alt=\"Ricerca e strategia di mercato internazionale SIS\" title=\"Pastries (4)\" srcset=\"https:\/\/www.sisinternational.com\/wp-content\/uploads\/2025\/08\/Pastries-4.jpg 1456w, https:\/\/www.sisinternational.com\/wp-content\/uploads\/2025\/08\/Pastries-4-300x168.jpg 300w, https:\/\/www.sisinternational.com\/wp-content\/uploads\/2025\/08\/Pastries-4-1024x574.jpg 1024w, https:\/\/www.sisinternational.com\/wp-content\/uploads\/2025\/08\/Pastries-4-768x430.jpg 768w, https:\/\/www.sisinternational.com\/wp-content\/uploads\/2025\/08\/Pastries-4-18x10.jpg 18w\" sizes=\"auto, (max-width: 1456px) 100vw, 1456px\"><\/figure>\n\n\n\n<p><\/p>\n\n\n\n<p>La ricerca di mercato dei dolci comporta l\u2019accumulo e l\u2019analisi dei dati relativi al settore. L&#039;obiettivo principale di questa ricerca \u00e8 acquisire una comprensione delle preferenze dei consumatori, delle tendenze del mercato e della concorrenza in modo che le aziende possano prendere decisioni informate. Le ricerche di mercato dei prodotti da forno forniscono approfondimenti su numerosi aspetti del settore, come tipi di prodotti, comportamento dei consumatori e dinamiche di mercato.<\/p>\n\n\n\n<h2 class=\"wp-block-heading\">Panoramica del prodotto per le ricerche di mercato dei dolci<\/h2>\n\n\n\n<p>La pasta \u00e8 un tipo di cibo cotto al forno composto da farina, grasso e acqua. Prima della cottura, l&#039;impasto viene steso e modellato in varie forme, ottenendo una consistenza friabile e friabile. I pasticcini possono essere dolci o salati e sono spesso farciti con frutta, latticini o carne.<\/p>\n\n\n\n<h2 class=\"wp-block-heading\">Tipi di pasticceria:<\/h2>\n\n\n\n<h3 class=\"wp-block-heading\">L&#039;industria della pasticceria offre un&#039;ampia variet\u00e0 di prodotti, ciascuno con caratteristiche e gusti distintivi. Ecco le descrizioni di alcune delle variet\u00e0 di pasticceria pi\u00f9 popolari:<\/h3>\n\n\n\n<ul class=\"wp-block-list\">\n<li>I croissant sono dolci francesi composti da strati di pasta burrosa e sfoglia.<\/li>\n\n\n\n<li>Le ciambelle sono un dolce rotondo a base di pasta che viene generalmente ricoperto di zucchero o glassa e fritto.<\/li>\n\n\n\n<li>Le torte sono deliziose prelibatezze preparate con farina, zucchero, uova e burro o olio.<\/li>\n\n\n\n<li>Le torte sono dolci da forno costituiti da pasta frolla ripiena di frutta, panna o componenti salati.<\/li>\n\n\n\n<li>I muffin sono piccoli pasticcini dolci al forno composti da farina, zucchero, uova e burro o olio.<\/li>\n<\/ul>\n\n\n\n<h2 class=\"wp-block-heading\">Ambito della ricerca di mercato dei dolci<\/h2>\n\n\n\n<p>La ricerca di mercato dei dolci fornisce approfondimenti sulle preferenze dei consumatori, sulle tendenze del mercato, sull&#039;analisi della concorrenza e sullo sviluppo del prodotto. Ognuna di queste categorie viene esaminata pi\u00f9 dettagliatamente di seguito.<\/p>\n\n\n\n<p><strong>Preferenze del consumatore \u2013<\/strong> Capire cosa vogliono e richiedono i consumatori \u00e8 fondamentale per il successo di qualsiasi impresa. Le ricerche di mercato sui dolci possono fornire preziose informazioni sulle preferenze dei consumatori, come le variet\u00e0 preferite di dolci, sapori, ingredienti e confezioni.<\/p>\n\n\n\n<p><strong>Driver di mercato \u2013<\/strong> Il mercato della pasticceria \u00e8 in costante cambiamento, con nuove tendenze che emergono frequentemente. Le ricerche di mercato dei prodotti da forno possono aiutare le aziende a tenersi al passo con gli sviluppi pi\u00f9 aggiornati del settore, comprese le tendenze emergenti come la crescente domanda di prodotti da forno senza glutine e vegani.<\/p>\n\n\n\n<p><strong>Analisi competitiva -<\/strong> Comprendere il panorama competitivo \u00e8 essenziale per le imprese del settore della pasticceria. Le ricerche di mercato sui prodotti da forno possono fornire informazioni preziose sulla quota di mercato degli attori chiave, sulle loro strategie di prezzo e sulla percezione dei loro marchi da parte dei consumatori.<\/p>\n\n\n\n<p><strong>Sviluppo del prodotto -<\/strong> Affinch\u00e9 le aziende rimangano competitive, \u00e8 essenziale sviluppare nuovi prodotti di pasticceria che soddisfino le preferenze dei consumatori. Le ricerche di mercato sui dolci possono fornire preziose informazioni sulle variet\u00e0 di dolci desiderati dai consumatori, sui loro ingredienti e sapori preferiti e sulle loro preferenze di confezionamento.<\/p>\n\n\n\n<h2 class=\"wp-block-heading\">Principali fattori trainanti nelle ricerche di mercato dei prodotti da forno<\/h2>\n\n\n\n<figure class=\"gb-block-image gb-block-image-3067d281\"><img loading=\"lazy\" decoding=\"async\" width=\"1456\" height=\"816\" class=\"gb-image gb-image-3067d281\" src=\"https:\/\/www.sisinternational.com\/wp-content\/uploads\/2025\/08\/pastries-4-2.jpg\" alt=\"Ricerca e strategia di mercato internazionale SIS\" title=\"pastries 4 (2)\" srcset=\"https:\/\/www.sisinternational.com\/wp-content\/uploads\/2025\/08\/pastries-4-2.jpg 1456w, https:\/\/www.sisinternational.com\/wp-content\/uploads\/2025\/08\/pastries-4-2-300x168.jpg 300w, https:\/\/www.sisinternational.com\/wp-content\/uploads\/2025\/08\/pastries-4-2-1024x574.jpg 1024w, https:\/\/www.sisinternational.com\/wp-content\/uploads\/2025\/08\/pastries-4-2-768x430.jpg 768w, https:\/\/www.sisinternational.com\/wp-content\/uploads\/2025\/08\/pastries-4-2-18x10.jpg 18w\" sizes=\"auto, (max-width: 1456px) 100vw, 1456px\"><\/figure>\n\n\n\n<p><\/p>\n\n\n\n<p>La ricerca di mercato dei prodotti da forno fornisce approfondimenti sul panorama del settore. Il settore della pasticceria \u00e8 in continua evoluzione e nuove tendenze emergono regolarmente. Ecco alcuni dei trend pi\u00f9 significativi del mercato della pasticceria:<\/p>\n\n\n\n<p><strong>Salute e benessere -<\/strong> Quando si tratta di scegliere i dolci, la salute e il benessere sono diventati determinanti cruciali nella scelta del consumatore. La pasticceria senza glutine e vegana, cos\u00ec come i prodotti realizzati con ingredienti biologici e non OGM, sono ricercati dai consumatori.<\/p>\n\n\n\n<p><strong>Convenienza \u2013<\/strong> I consumatori sono alla ricerca di prodotti da forno convenienti e semplici da consumare. I dolci confezionati singolarmente stanno diventando sempre pi\u00f9 popolari come opzioni da asporto.<\/p>\n\n\n\n<p><strong>Localizzazione \u2013<\/strong> I consumatori sono sempre pi\u00f9 interessati ai dolci di provenienza locale. Questa tendenza \u00e8 stimolata dal desiderio dei consumatori di sostenere le imprese locali e ridurre l&#039;impatto ambientale dei trasporti.<\/p>\n\n\n\n<p><strong>Innovazione \u2013<\/strong> Il mercato della pasticceria \u00e8 in continua evoluzione e cresce la richiesta di prodotti di pasticceria nuovi e innovativi. \u00c8 probabile che gli sviluppatori di prodotti di pasticceria unici e creativi prosperino sul mercato.<\/p>\n\n\n\n<h2 class=\"wp-block-heading\">Metodologie per le ricerche di mercato dei prodotti da forno<\/h2>\n\n\n\n<p>Quando conducono ricerche di mercato nel settore della pasticceria, le aziende possono utilizzare metodi sia quantitativi che qualitativi per acquisire dati di mercato e preferenze dei consumatori. Di seguito sono elencati esempi di metodologie di ricerca quantitativa e qualitativa che possono essere utilizzate nel settore della pasticceria:<\/p>\n\n\n\n<h2 class=\"wp-block-heading\">Metodi di ricerca quantitativa:<\/h2>\n\n\n\n<figure class=\"gb-block-image gb-block-image-2174eaa2\"><img loading=\"lazy\" decoding=\"async\" width=\"1456\" height=\"816\" class=\"gb-image gb-image-2174eaa2\" src=\"https:\/\/www.sisinternational.com\/wp-content\/uploads\/2025\/08\/Pastries-5.jpg\" alt=\"Ricerca e strategia di mercato internazionale SIS\" title=\"Pastries (5)\" srcset=\"https:\/\/www.sisinternational.com\/wp-content\/uploads\/2025\/08\/Pastries-5.jpg 1456w, https:\/\/www.sisinternational.com\/wp-content\/uploads\/2025\/08\/Pastries-5-300x168.jpg 300w, https:\/\/www.sisinternational.com\/wp-content\/uploads\/2025\/08\/Pastries-5-1024x574.jpg 1024w, https:\/\/www.sisinternational.com\/wp-content\/uploads\/2025\/08\/Pastries-5-768x430.jpg 768w, https:\/\/www.sisinternational.com\/wp-content\/uploads\/2025\/08\/Pastries-5-18x10.jpg 18w\" sizes=\"auto, (max-width: 1456px) 100vw, 1456px\"><\/figure>\n\n\n\n<p><\/p>\n\n\n\n<p>Surveys provide quantitative data and <a href=\"https:\/\/www.sisinternational.com\/it\/piu-collegi-elettorali-influenzatori-indiretti-negli-acquisti-dei-consumatori\/\" title=\"Influencer multipli negli acquisti dei consumatori\"  data-wpil-monitor-id=\"7377\">strategies in pastries market research<\/a> that can be used to collect information regarding consumer preferences, attitudes, and behaviors. For instance, a food service company could conduct a survey to determine the most popular varieties of pastries or to collect demographic information about its customers.<\/p>\n\n\n\n<p>L\u2019analisi dei dati di vendita \u00e8 un\u2019altra tecnica di ricerca quantitativa che pu\u00f2 fornire preziose informazioni sulle preferenze dei consumatori e sui modelli di acquisto. Ad esempio, una pasticceria potrebbe analizzare i dati di vendita per determinare quali prodotti si vendono di pi\u00f9, quali gusti sono i pi\u00f9 apprezzati e quali canali di marketing sono i pi\u00f9 efficaci nel incrementare le vendite.<\/p>\n\n\n\n<h2 class=\"wp-block-heading\">Metodi di ricerca qualitativa:<\/h2>\n\n\n\n<p>I focus group prevedono di riunire un gruppo di consumatori per discutere i loro pensieri e opinioni sui prodotti dolciari. I focus group possono essere utilizzati per raccogliere informazioni qualitative sugli atteggiamenti e le preferenze dei consumatori. Ad esempio, un&#039;azienda potrebbe organizzare un focus group per raccogliere feedback su un nuovo prodotto che sta valutando di rilasciare.<\/p>\n\n\n\n<p><a class=\"wpil_keyword_link\" href=\"https:\/\/www.sisinternational.com\/it\/soluzioni\/soluzioni-di-ricerca-quantitativa-qualitativa\/interviste-approfondite\/\"   title=\"Interviste approfondite\" data-wpil-keyword-link=\"linked\"  data-wpil-monitor-id=\"683\">Interviste approfondite<\/a> are another qualitative research method that can be used to collect detailed information regarding consumer attitudes and preferences. For instance, a business that sells pastries could conduct in-depth interviews with consumers to collect feedback on their products.<\/p>\n\n\n\n<p>Social media monitoring is a qualitative research technique that entails tracking mentions of a business or its products on social media platforms. This can be an effective method for collecting data and <a href=\"https:\/\/www.sisinternational.com\/it\/come-continuare-la-tua-espansione-nei-mercati-emergenti-in-questa-recessione\/\" title=\"Come continuare l&#039;espansione nei mercati emergenti durante questa recessione\"  data-wpil-monitor-id=\"2146\">strategies in pastries market research<\/a> on consumer sentiment toward a brand or product and identifying emerging market trends. For instance, a bakery could use social media monitoring to track brand mentions and identify opportunities to engage with consumers or address negative feedback.<\/p>\n\n\n\n<p>Utilizzando tecniche di ricerca sia quantitative che qualitative, le aziende del settore dolciario possono raccogliere preziose informazioni sulle preferenze dei consumatori, sulle tendenze del mercato e sulla concorrenza. Queste informazioni possono essere utilizzate per definire la strategia aziendale, creare nuovi prodotti e rimanere competitivi in un mercato in continua evoluzione.<\/p>\n\n\n\n<h2 class=\"wp-block-heading\">Informazioni sulle ricerche di mercato dei dolci<\/h2>\n\n\n\n<figure class=\"gb-block-image gb-block-image-36bc6c90\"><img loading=\"lazy\" decoding=\"async\" width=\"1456\" height=\"816\" class=\"gb-image gb-image-36bc6c90\" src=\"https:\/\/www.sisinternational.com\/wp-content\/uploads\/2025\/08\/Pastries-1.jpg\" alt=\"Ricerca e strategia di mercato internazionale SIS\" title=\"Pastries (1)\" srcset=\"https:\/\/www.sisinternational.com\/wp-content\/uploads\/2025\/08\/Pastries-1.jpg 1456w, https:\/\/www.sisinternational.com\/wp-content\/uploads\/2025\/08\/Pastries-1-300x168.jpg 300w, https:\/\/www.sisinternational.com\/wp-content\/uploads\/2025\/08\/Pastries-1-1024x574.jpg 1024w, https:\/\/www.sisinternational.com\/wp-content\/uploads\/2025\/08\/Pastries-1-768x430.jpg 768w, https:\/\/www.sisinternational.com\/wp-content\/uploads\/2025\/08\/Pastries-1-18x10.jpg 18w\" sizes=\"auto, (max-width: 1456px) 100vw, 1456px\"><\/figure>\n\n\n\n<p><\/p>\n\n\n\n<p>La ricerca di mercato nel settore della pasticceria \u00e8 essenziale per qualsiasi strategia aziendale nel settore della pasticceria. Offre preziose informazioni sulle preferenze dei consumatori, sulle tendenze del mercato e sulla concorrenza, consentendo alle aziende di prendere decisioni informate e mantenere un vantaggio competitivo. I dati e le strategie nelle ricerche di mercato dei prodotti da forno possono aiutare i principali attori del settore a identificare anche potenziali lacune nel mercato e a sviluppare strategie di marketing mirate. Ci\u00f2 pu\u00f2 aiutarli a creare prodotti o migliorare quelli esistenti che possano entrare in risonanza con il loro pubblico target, aumentare la fedelt\u00e0 dei clienti e, in definitiva, favorire la crescita delle vendite e dei ricavi.<\/p>","protected":false},"excerpt":{"rendered":"<p>Le ricerche di mercato dei prodotti da forno forniscono approfondimenti su molti aspetti del settore, come tipi di prodotti, comportamento dei consumatori e dinamiche di mercato.<\/p>","protected":false},"author":1,"featured_media":64298,"parent":14514,"menu_order":305,"comment_status":"closed","ping_status":"closed","template":"","meta":{"footnotes":""},"class_list":["post-42682","page","type-page","status-publish","has-post-thumbnail"],"_links":{"self":[{"href":"https:\/\/www.sisinternational.com\/it\/wp-json\/wp\/v2\/pages\/42682","targetHints":{"allow":["GET"]}}],"collection":[{"href":"https:\/\/www.sisinternational.com\/it\/wp-json\/wp\/v2\/pages"}],"about":[{"href":"https:\/\/www.sisinternational.com\/it\/wp-json\/wp\/v2\/types\/page"}],"author":[{"embeddable":true,"href":"https:\/\/www.sisinternational.com\/it\/wp-json\/wp\/v2\/users\/1"}],"replies":[{"embeddable":true,"href":"https:\/\/www.sisinternational.com\/it\/wp-json\/wp\/v2\/comments?post=42682"}],"version-history":[{"count":6,"href":"https:\/\/www.sisinternational.com\/it\/wp-json\/wp\/v2\/pages\/42682\/revisions"}],"predecessor-version":[{"id":81021,"href":"https:\/\/www.sisinternational.com\/it\/wp-json\/wp\/v2\/pages\/42682\/revisions\/81021"}],"up":[{"embeddable":true,"href":"https:\/\/www.sisinternational.com\/it\/wp-json\/wp\/v2\/pages\/14514"}],"wp:featuredmedia":[{"embeddable":true,"href":"https:\/\/www.sisinternational.com\/it\/wp-json\/wp\/v2\/media\/64298"}],"wp:attachment":[{"href":"https:\/\/www.sisinternational.com\/it\/wp-json\/wp\/v2\/media?parent=42682"}],"curies":[{"name":"wp","href":"https:\/\/api.w.org\/{rel}","templated":true}]}}