{"id":42678,"date":"2023-05-03T13:55:17","date_gmt":"2023-05-03T17:55:17","guid":{"rendered":"https:\/\/www.sisinternational.com\/?page_id=42678"},"modified":"2026-01-24T20:13:42","modified_gmt":"2026-01-25T01:13:42","slug":"ricerche-di-mercato-sulla-sicurezza-della-rete","status":"publish","type":"page","link":"https:\/\/www.sisinternational.com\/it\/competenza\/ricerche-di-mercato-sulla-sicurezza-della-rete\/","title":{"rendered":"Ricerche di mercato sulla sicurezza di rete"},"content":{"rendered":"<h1 class=\"wp-block-heading\">Ricerche di mercato sulla sicurezza di rete<\/h1>\n\n\n\n<figure class=\"gb-block-image gb-block-image-4040712e\"><img loading=\"lazy\" decoding=\"async\" width=\"1456\" height=\"816\" class=\"gb-image gb-image-4040712e\" src=\"https:\/\/www.sisinternational.com\/wp-content\/uploads\/2025\/08\/Cibersecurity-security-3.jpg\" alt=\"Ricerca e strategia di mercato internazionale SIS\" title=\"Cibersecurity security (3)\" srcset=\"https:\/\/www.sisinternational.com\/wp-content\/uploads\/2025\/08\/Cibersecurity-security-3.jpg 1456w, https:\/\/www.sisinternational.com\/wp-content\/uploads\/2025\/08\/Cibersecurity-security-3-300x168.jpg 300w, https:\/\/www.sisinternational.com\/wp-content\/uploads\/2025\/08\/Cibersecurity-security-3-1024x574.jpg 1024w, https:\/\/www.sisinternational.com\/wp-content\/uploads\/2025\/08\/Cibersecurity-security-3-768x430.jpg 768w, https:\/\/www.sisinternational.com\/wp-content\/uploads\/2025\/08\/Cibersecurity-security-3-18x10.jpg 18w\" sizes=\"auto, (max-width: 1456px) 100vw, 1456px\"><\/figure>\n\n\n\n<p><\/p>\n\n\n\n<p>La sicurezza della rete si riferisce a pratiche, tecnologie e politiche per proteggere le reti di computer. Protegge inoltre dispositivi e dati da accessi non autorizzati, furti, danni o interruzioni. Un altro obiettivo della sicurezza di rete \u00e8 creare un ambiente sicuro. In un ambiente del genere, gli individui e le organizzazioni possono almeno comunicare. Possono anche condurre affari senza timore di minacce informatiche.<\/p>\n\n\n\n<p>La sicurezza della rete coinvolge varie tecniche. Queste tecniche includono firewall, sistemi di rilevamento delle intrusioni, crittografia, autenticazione, controllo degli accessi e monitoraggio. Allo stesso modo, queste tecnologie lavorano insieme per impedire l\u2019accesso non autorizzato alle risorse e ai dati di rete. Un&#039;altra delle loro funzioni \u00e8 rilevare e rispondere agli incidenti di sicurezza. Mantengono inoltre la riservatezza, l&#039;integrit\u00e0 e la disponibilit\u00e0 di dati e servizi critici.<\/p>\n\n\n\n<p>Una sicurezza di rete adeguata richiede un approccio globale che affronti tutti i potenziali vettori di attacco. Le minacce possono essere interne o esterne. Richiede una valutazione continua del rischio abbinata a una formazione gestionale e di sensibilizzazione alla sicurezza. Richiede inoltre il monitoraggio continuo e il miglioramento delle misure di sicurezza.<\/p>\n\n\n\n<h2 class=\"wp-block-heading\">Perch\u00e9 la sicurezza della rete \u00e8 importante?<\/h2>\n\n\n\n<p>La sicurezza della rete \u00e8 fondamentale oggi. Ad esempio, aziende, governi e individui fanno affidamento sulla comunicazione digitale, sull\u2019archiviazione dei dati e sulle transazioni online. La sicurezza della rete \u00e8 essenziale perch\u00e9 protegge queste entit\u00e0 dalle minacce informatiche. Protegge reti e dati da malware, virus e hacker.<\/p>\n\n\n\n<p>Un altro punto chiave \u00e8 che le misure di sicurezza della rete aiutano a prevenire le violazioni dei dati. Queste violazioni possono comportare la perdita di informazioni sensibili e perdite finanziarie. Pu\u00f2 anche causare danni alla reputazione e responsabilit\u00e0 legali.<\/p>\n\n\n\n<p>La sicurezza della rete garantisce che le operazioni aziendali possano continuare durante un attacco informatico. Far\u00e0 lo stesso in caso di guasto del sistema. \u00c8 un dato di fatto, \u00e8 essenziale per le aziende che fanno affidamento su transazioni e servizi online.<\/p>\n\n\n\n<p>Molte industrie sono soggette a normative sulla protezione delle informazioni sensibili. Esempi sono i dati sanitari e le informazioni finanziarie. La sicurezza della rete aiuta le aziende a rispettare queste normative.<\/p>\n\n\n\n<p>I ladri informatici spesso cercano informazioni personali da utilizzare per il furto di identit\u00e0. Le misure di sicurezza della rete proteggono le informazioni personali. Ad esempio, protegge i numeri di previdenza sociale, i dati della carta di credito e le password.<\/p>\n\n\n\n<h2 class=\"wp-block-heading\">Titoli di lavoro chiave<\/h2>\n\n\n\n<figure class=\"gb-block-image gb-block-image-bc1758ca\"><img loading=\"lazy\" decoding=\"async\" width=\"1456\" height=\"816\" class=\"gb-image gb-image-bc1758ca\" src=\"https:\/\/www.sisinternational.com\/wp-content\/uploads\/2025\/08\/Cibersecurity-security-7.jpg\" alt=\"Ricerca e strategia di mercato internazionale SIS\" title=\"Cibersecurity security (7)\" srcset=\"https:\/\/www.sisinternational.com\/wp-content\/uploads\/2025\/08\/Cibersecurity-security-7.jpg 1456w, https:\/\/www.sisinternational.com\/wp-content\/uploads\/2025\/08\/Cibersecurity-security-7-300x168.jpg 300w, https:\/\/www.sisinternational.com\/wp-content\/uploads\/2025\/08\/Cibersecurity-security-7-1024x574.jpg 1024w, https:\/\/www.sisinternational.com\/wp-content\/uploads\/2025\/08\/Cibersecurity-security-7-768x430.jpg 768w, https:\/\/www.sisinternational.com\/wp-content\/uploads\/2025\/08\/Cibersecurity-security-7-18x10.jpg 18w\" sizes=\"auto, (max-width: 1456px) 100vw, 1456px\"><\/figure>\n\n\n\n<p><\/p>\n\n\n\n<h3 class=\"wp-block-heading\">Ecco alcuni titoli di lavoro chiave nel campo della sicurezza di rete:<\/h3>\n\n\n\n<p><strong>Ingegnere della sicurezza di rete:<\/strong> Questo ingegnere progetta, implementa e mantiene la sicurezza. Il loro compito \u00e8 proteggere la rete informatica di un&#039;organizzazione. Funzionano con firewall, sistemi di rilevamento delle intrusioni e altre tecnologie di sicurezza. Salvano le aziende dalle minacce informatiche.<\/p>\n\n\n\n<p><strong>Analista della sicurezza delle informazioni:<\/strong> Monitora e analizza le reti di computer di un&#039;organizzazione per individuare eventuali violazioni della sicurezza. Inoltre progettano e implementano politiche e procedure di sicurezza.<\/p>\n\n\n\n<p><strong>Specialista in sicurezza informatica:<\/strong> Identifica, analizza e mitiga le minacce informatiche. Inoltre sviluppano e mettono in atto politiche e procedure di sicurezza.<\/p>\n\n\n\n<p><strong>Responsabile della sicurezza delle informazioni (CISO):<\/strong> Un CISO supervisiona il programma di sicurezza delle informazioni di un&#039;organizzazione. Sviluppano e implementano politiche, procedure e programmi di formazione sulla sicurezza.<\/p>\n\n\n\n<p><strong>Tester di penetrazione:<\/strong> Un penetration tester \u00e8 un hacker etico. Testano le reti e i sistemi informatici di un&#039;organizzazione. Cercano vulnerabilit\u00e0 e punti deboli per identificare e correggere potenziali rischi per la sicurezza.<\/p>\n\n\n\n<p><strong>Consulente per la sicurezza:<\/strong> Consiglia e guida le organizzazioni nel miglioramento della loro posizione di sicurezza. Il loro lavoro include lo sviluppo e l&#039;implementazione di politiche e procedure di sicurezza.<\/p>\n\n\n\n<p><strong>Amministratore di rete:<\/strong> Gestisce il funzionamento quotidiano e la manutenzione della rete di computer di un&#039;organizzazione. Il loro compito include garantire che le misure di sicurezza siano in atto e funzionanti.<\/p>\n\n\n\n<h2 class=\"wp-block-heading\">Perch\u00e9 le aziende hanno bisogno della sicurezza di rete?<\/h2>\n\n\n\n<figure class=\"gb-block-image gb-block-image-26e77679\"><img loading=\"lazy\" decoding=\"async\" width=\"1456\" height=\"816\" class=\"gb-image gb-image-26e77679\" src=\"https:\/\/www.sisinternational.com\/wp-content\/uploads\/2025\/08\/Cibersecurity-security-12.jpg\" alt=\"Ricerca e strategia di mercato internazionale SIS\" title=\"Cibersecurity security (12)\" srcset=\"https:\/\/www.sisinternational.com\/wp-content\/uploads\/2025\/08\/Cibersecurity-security-12.jpg 1456w, https:\/\/www.sisinternational.com\/wp-content\/uploads\/2025\/08\/Cibersecurity-security-12-300x168.jpg 300w, https:\/\/www.sisinternational.com\/wp-content\/uploads\/2025\/08\/Cibersecurity-security-12-1024x574.jpg 1024w, https:\/\/www.sisinternational.com\/wp-content\/uploads\/2025\/08\/Cibersecurity-security-12-768x430.jpg 768w, https:\/\/www.sisinternational.com\/wp-content\/uploads\/2025\/08\/Cibersecurity-security-12-18x10.jpg 18w\" sizes=\"auto, (max-width: 1456px) 100vw, 1456px\"><\/figure>\n\n\n\n<p><\/p>\n\n\n\n<p>Le aziende hanno bisogno della sicurezza della rete per diversi motivi, inclusa la protezione dalle minacce informatiche. Inoltre, le aziende sono gli obiettivi principali dei criminali informatici che cercano di rubare informazioni sensibili. Inoltre, questi criminali interrompono le operazioni, cercando di ottenere guadagni finanziari. Le misure di sicurezza della rete includono firewall, sistemi di rilevamento delle intrusioni e crittografia. Queste misure possono aiutare a proteggere le reti e i dati aziendali da queste minacce.<\/p>\n\n\n\n<p>Le violazioni dei dati possono avere gravi conseguenze per le aziende. Come accennato in precedenza, queste conseguenze includono perdite finanziarie e danni alla reputazione. Includono anche la perdita di fiducia dei clienti. Le misure di sicurezza della rete aiutano a prevenire le violazioni dei dati. Mitiga anche il loro impatto se si verificano.<\/p>\n\n\n\n<p>Le aziende spesso detengono propriet\u00e0 intellettuali di valore. Ad esempio, potrebbero avere segreti commerciali che necessitano di protezione dalle minacce informatiche. Le misure di sicurezza della rete aiutano a proteggere queste informazioni da furti e usi impropri.<\/p>\n\n\n\n<h2 class=\"wp-block-heading\">Fattori chiave del successo<\/h2>\n\n\n\n<p>Esistono diversi fattori critici di successo per un&#039;adeguata sicurezza della rete. Questi includono la valutazione del rischio. Valutazioni regolari del rischio sono essenziali per identificare potenziali vulnerabilit\u00e0 in una rete. Aiuta inoltre le aziende a determinare le misure di sicurezza adeguate per affrontarli.<\/p>\n\n\n\n<p>La definizione di politiche e procedure di sicurezza complete \u00e8 fondamentale. Garantisce una sicurezza di rete coerente ed efficace in tutta l&#039;organizzazione. Le politiche dovrebbero coprire l\u2019accesso ai dati, la gestione delle password e la risposta agli incidenti.<\/p>\n\n\n\n<p>\u00c8 essenziale garantire che i dipendenti conoscano le politiche di sicurezza e le migliori pratiche. Previene le violazioni della sicurezza causate da errori umani. Inoltre, sono indispensabili programmi regolari di formazione e sensibilizzazione. Possono aiutare i dipendenti a identificare ed evitare i rischi comuni per la sicurezza.<\/p>\n\n\n\n<p>Le aziende dovrebbero verificare le misure di sicurezza della propria rete e testarne l\u2019efficacia. Devono aggiornarli secondo necessit\u00e0 per affrontare le minacce nuove ed emergenti.<\/p>\n\n\n\n<p>Una sicurezza di rete adeguata richiede collaborazione e comunicazione tra i team IT e di sicurezza. Tutti i dipartimenti devono comprendere e seguire le politiche e le procedure di sicurezza.<\/p>\n\n\n\n<p>Le aziende devono utilizzare tecnologie di sicurezza standard del settore. Queste tecnologie includono firewall, sistemi di rilevamento delle intrusioni e crittografia. Pu\u00f2 aiutare a garantire la protezione di una rete da varie minacce informatiche.<\/p>\n\n\n\n<p>Budget e risorse adeguati sono essenziali. Garantisce che un&#039;organizzazione possa installare e mantenere misure di sicurezza di rete efficaci. Queste misure includono l\u2019acquisto di personale, hardware e software. Comprende anche programmi di formazione e sensibilizzazione continui.<\/p>\n\n\n\n<h3 class=\"wp-block-heading\">Enhancing WordPress Security with WP Safe Zone<\/h3>\n\n\n\n<figure class=\"gb-block-image gb-block-image-cca9f5b0\"><img loading=\"lazy\" decoding=\"async\" width=\"1456\" height=\"816\" class=\"gb-image gb-image-cca9f5b0\" src=\"https:\/\/www.sisinternational.com\/wp-content\/uploads\/2025\/08\/Cibersecurity-security-6.jpg\" alt=\"Ricerca e strategia di mercato internazionale SIS\" title=\"Cibersecurity security (6)\" srcset=\"https:\/\/www.sisinternational.com\/wp-content\/uploads\/2025\/08\/Cibersecurity-security-6.jpg 1456w, https:\/\/www.sisinternational.com\/wp-content\/uploads\/2025\/08\/Cibersecurity-security-6-300x168.jpg 300w, https:\/\/www.sisinternational.com\/wp-content\/uploads\/2025\/08\/Cibersecurity-security-6-1024x574.jpg 1024w, https:\/\/www.sisinternational.com\/wp-content\/uploads\/2025\/08\/Cibersecurity-security-6-768x430.jpg 768w, https:\/\/www.sisinternational.com\/wp-content\/uploads\/2025\/08\/Cibersecurity-security-6-18x10.jpg 18w\" sizes=\"auto, (max-width: 1456px) 100vw, 1456px\"><\/figure>\n\n\n\n<p><\/p>\n\n\n\n<p>When discussing the <a href=\"https:\/\/www.sisinternational.com\/it\/il-tesoro-di-dati-del-social-network-per-i-ricercatori-di-marketing\/\" title=\"Ricerche di mercato sui social network: opportunit\u00e0 e sfide\"  data-wpil-monitor-id=\"2714\">network security market<\/a>, it&#8217;s impossible to overlook the importance of website protection. For WordPress users, <strong>WP Safe Zone<\/strong> is a must-have plugin designed to safeguard websites against common threats like brute force attacks, malware, and unauthorized access. Its user-friendly interface and robust security features make it an ideal choice for businesses and individuals looking to strengthen their <a href=\"https:\/\/wpsafezone.com\/\" target=\"_blank\" rel=\"noopener\">WordPress site security<\/a>.<\/p>\n\n\n\n<h2 class=\"wp-block-heading\">Informazioni sulle ricerche di mercato sulla sicurezza di rete<\/h2>\n\n\n\n<p>Everyone benefits when network security companies use <a class=\"wpil_keyword_link\" href=\"https:\/\/www.sisinternational.com\/it\/soluzioni\/soluzioni-di-ricerca-quantitativa-qualitativa\/ricerca-di-mercato-qualitativa\/\" title=\"Ricerche di mercato qualitative\" data-wpil-keyword-link=\"linked\" data-wpil-monitor-id=\"685\">Ricerche di mercato qualitative<\/a>. It helps them develop better technologies. <a class=\"wpil_keyword_link\" href=\"https:\/\/www.sisinternational.com\/it\/competenza\/industrie\/ricerche-di-mercato-quantitative\/\" title=\"Ricerche di mercato quantitative\" data-wpil-keyword-link=\"linked\" data-wpil-monitor-id=\"352\">Ricerche di mercato quantitative<\/a> is also essential. It is a tried, trusted, and proven way to get answers to vital questions. Its offshoots include UX, Strategic, Market Entry, Market Opportunity, and <a href=\"https:\/\/www.sisinternational.com\/it\/assistenza-sanitaria-per-la-sicurezza-informatica\/\" title=\"Ricerche di mercato sulla sicurezza informatica nel settore sanitario\" data-wpil-monitor-id=\"1937\">Ricerca sul dimensionamento del mercato<\/a>. Some of the methods used are Interviews, Surveys, and Focus Groups.<\/p>\n\n\n\n<p>SIS International offre tutti questi tipi di ricerca e altro ancora. Contattaci se hai bisogno di un&#039;analisi competitiva. Ti aiuteremo a mettere insieme la tua strategia di accesso al mercato. Iscriviti per una consulenza con noi oggi!<\/p>","protected":false},"excerpt":{"rendered":"<p>La sicurezza della rete protegge da accessi non autorizzati, furti, danni o interruzioni di reti, dispositivi e dati di computer.<\/p>","protected":false},"author":1,"featured_media":64039,"parent":14514,"menu_order":303,"comment_status":"closed","ping_status":"closed","template":"","meta":{"footnotes":""},"class_list":["post-42678","page","type-page","status-publish","has-post-thumbnail"],"_links":{"self":[{"href":"https:\/\/www.sisinternational.com\/it\/wp-json\/wp\/v2\/pages\/42678","targetHints":{"allow":["GET"]}}],"collection":[{"href":"https:\/\/www.sisinternational.com\/it\/wp-json\/wp\/v2\/pages"}],"about":[{"href":"https:\/\/www.sisinternational.com\/it\/wp-json\/wp\/v2\/types\/page"}],"author":[{"embeddable":true,"href":"https:\/\/www.sisinternational.com\/it\/wp-json\/wp\/v2\/users\/1"}],"replies":[{"embeddable":true,"href":"https:\/\/www.sisinternational.com\/it\/wp-json\/wp\/v2\/comments?post=42678"}],"version-history":[{"count":9,"href":"https:\/\/www.sisinternational.com\/it\/wp-json\/wp\/v2\/pages\/42678\/revisions"}],"predecessor-version":[{"id":77052,"href":"https:\/\/www.sisinternational.com\/it\/wp-json\/wp\/v2\/pages\/42678\/revisions\/77052"}],"up":[{"embeddable":true,"href":"https:\/\/www.sisinternational.com\/it\/wp-json\/wp\/v2\/pages\/14514"}],"wp:featuredmedia":[{"embeddable":true,"href":"https:\/\/www.sisinternational.com\/it\/wp-json\/wp\/v2\/media\/64039"}],"wp:attachment":[{"href":"https:\/\/www.sisinternational.com\/it\/wp-json\/wp\/v2\/media?parent=42678"}],"curies":[{"name":"wp","href":"https:\/\/api.w.org\/{rel}","templated":true}]}}