{"id":42672,"date":"2023-05-02T21:39:21","date_gmt":"2023-05-03T01:39:21","guid":{"rendered":"https:\/\/www.sisinternational.com\/?page_id=42672"},"modified":"2026-01-25T19:34:46","modified_gmt":"2026-01-26T00:34:46","slug":"ricerche-di-mercato-minerario","status":"publish","type":"page","link":"https:\/\/www.sisinternational.com\/it\/competenza\/ricerche-di-mercato-minerario\/","title":{"rendered":"Ricerche di mercato minerario"},"content":{"rendered":"<h1 class=\"wp-block-heading\">Ricerche di mercato minerario<\/h1>\n\n\n\n<figure class=\"gb-block-image gb-block-image-47ed78b1\"><img loading=\"lazy\" decoding=\"async\" width=\"1456\" height=\"816\" class=\"gb-image gb-image-47ed78b1\" src=\"https:\/\/www.sisinternational.com\/wp-content\/uploads\/2025\/08\/Supermarket-5.jpg\" alt=\"Ricerca e strategia di mercato internazionale SIS\" title=\"Supermarket (5)\" srcset=\"https:\/\/www.sisinternational.com\/wp-content\/uploads\/2025\/08\/Supermarket-5.jpg 1456w, https:\/\/www.sisinternational.com\/wp-content\/uploads\/2025\/08\/Supermarket-5-300x168.jpg 300w, https:\/\/www.sisinternational.com\/wp-content\/uploads\/2025\/08\/Supermarket-5-1024x574.jpg 1024w, https:\/\/www.sisinternational.com\/wp-content\/uploads\/2025\/08\/Supermarket-5-768x430.jpg 768w, https:\/\/www.sisinternational.com\/wp-content\/uploads\/2025\/08\/Supermarket-5-18x10.jpg 18w\" sizes=\"auto, (max-width: 1456px) 100vw, 1456px\"><\/figure>\n\n\n\n<p><\/p>\n\n\n\n<p>L\u2019industria mineraria fornisce materie prime essenziali per vari settori, come l\u2019edilizia e la produzione. In questo contesto, la ricerca di mercato mineraria \u00e8 uno strumento fondamentale per un processo decisionale informato e una pianificazione strategica, aiutando le parti interessate a destreggiarsi tra le complessit\u00e0 di questo settore e a migliorare le prestazioni economiche nonostante i cambiamenti nel mercato. Poich\u00e9 la domanda di queste risorse continua a crescere, le societ\u00e0 minerarie si trovano ad affrontare sfide, tra cui la fluttuazione dei prezzi delle materie prime, le preoccupazioni ambientali e il cambiamento del panorama normativo.<\/p>\n\n\n\n<h2 class=\"wp-block-heading\">Importanza delle ricerche di mercato minerarie<\/h2>\n\n\n\n<p><a href=\"https:\/\/www.sisinternational.com\/it\/competenza\/industrie\/ricerche-di-mercato-sullestrazione-mineraria-spaziale\/\" title=\"Ricerche di mercato sull\u2019estrazione mineraria spaziale\"  data-wpil-monitor-id=\"6305\">Mining market research<\/a> provides valuable insights into market trends, commodity prices, and production data, enabling industry players to make business decisions and develop strategic plans based on accurate and up-to-date information.<\/p>\n\n\n\n<p>Consente inoltre alle parti interessate di identificare e valutare i rischi potenziali, compresi i rischi economici, ambientali e sociali. Queste informazioni consentono loro di sviluppare e implementare strategie di mitigazione del rischio, garantendo la fattibilit\u00e0 e la sostenibilit\u00e0 a lungo termine delle operazioni minerarie.<\/p>\n\n\n\n<p>Inoltre, comprendere le dinamiche del mercato e la disponibilit\u00e0 delle risorse aiuta le societ\u00e0 minerarie ad allocare le risorse in modo efficiente e a ottimizzare la pianificazione delle miniere, garantendo un processo di estrazione pi\u00f9 sostenibile e conveniente.<\/p>\n\n\n\n<p>Similarly, governments and regulatory bodies can utilize <a href=\"https:\/\/www.sisinternational.com\/it\/competenza\/industrie\/ricerche-di-mercato-del-governo-federale\/\" title=\"Ricerche di mercato del governo federale\"  data-wpil-monitor-id=\"5768\">ricerche di mercato minerario<\/a> to develop and implement effective policies and regulations that promote responsible mining practices, protect the environment, and safeguard the interests of local communities.<\/p>\n\n\n\n<p>Pertanto, questa ricerca offre approfondimenti sull\u2019impatto ambientale delle attivit\u00e0 minerarie, aiutando le aziende ad adottare pratiche pi\u00f9 sostenibili e a ridurre la propria impronta ecologica. Ci\u00f2 contribuisce alla sostenibilit\u00e0 a lungo termine del settore e mitiga i potenziali effetti negativi sull\u2019ambiente.<\/p>\n\n\n\n<h2 class=\"wp-block-heading\">Componenti chiave della ricerca di mercato mineraria<\/h2>\n\n\n\n<p><a href=\"https:\/\/www.sisinternational.com\/it\/venezuela-oil-mining-industry-potential-strategic-forecast-2026-2036\/\" title=\"Venezuela Oil &amp; Mining Industry Potential: Strategic Forecast 2026-2036\"  data-wpil-monitor-id=\"1308\">Mining market research<\/a> provides valuable insights into the industry&#8217;s dynamics, challenges, and opportunities. Some of the key components of mining market research include:<\/p>\n\n\n\n<ul class=\"wp-block-list\">\n<li><strong>Dinamiche della domanda e dell&#039;offerta:<\/strong> Analyzing the balance between the global supply and demand of various minerals and <a href=\"https:\/\/www.sisinternational.com\/it\/competenza\/industrie\/ricerche-di-mercato-sui-metalli-delle-terre-rare\/\" title=\"Ricerche di mercato sui metalli delle terre rare\"  data-wpil-monitor-id=\"5184\">metals helps identify market<\/a> trends and potential areas of growth (or decline).<\/li>\n\n\n\n<li><strong>Segmentazione del mercato:<\/strong> Comprendere i diversi segmenti del settore minerario, come i metalli preziosi, i metalli di base e i minerali, pu\u00f2 aiutare a identificare opportunit\u00e0 e sfide specifiche per ciascun segmento.<\/li>\n\n\n\n<li><strong>Analisi storica dei prezzi:<\/strong> L\u2019esame dei dati storici sui prezzi delle materie prime pu\u00f2 fornire informazioni sulle tendenze e sulle fluttuazioni dei prezzi, informando le decisioni strategiche e la gestione del rischio. Sebbene questo metodo non sia perfetto e il passato non sempre preveda le tendenze future, \u00e8 un buon modo di fare previsioni nel campo delle ricerche di mercato minerarie.<\/li>\n\n\n\n<li><strong>Previsione dei prezzi:<\/strong> Prevedere i prezzi futuri delle materie prime in base alle tendenze del mercato, agli indicatori economici e ad altri fattori pu\u00f2 aiutare le parti interessate a prendere decisioni informate relative agli investimenti e alla pianificazione della produzione.<\/li>\n\n\n\n<li><strong>Dati di produzione:<\/strong> La valutazione dei dati di produzione (inclusi la produzione mineraria, i costi di produzione e l\u2019efficienza operativa) pu\u00f2 fornire informazioni sulle prestazioni delle societ\u00e0 minerarie e del settore nel suo complesso.<\/li>\n\n\n\n<li><strong>Regolamento minerario:<\/strong> Comprendere il contesto normativo nei diversi paesi e regioni \u00e8 fondamentale per garantire la conformit\u00e0 e identificare potenziali rischi o opportunit\u00e0 associati ai cambiamenti legislativi.<\/li>\n\n\n\n<li><strong>Tecnologie minerarie:<\/strong> Valutare gli ultimi progressi nella tecnologia mineraria, come l\u2019automazione, il telerilevamento e l\u2019analisi dei dati, pu\u00f2 aiutare le aziende a migliorare l\u2019efficienza operativa e a ridurre l\u2019impatto ambientale.<\/li>\n\n\n\n<li><strong>Impatto ambientale:<\/strong> La valutazione dell\u2019impatto ambientale delle operazioni minerarie pu\u00f2 aiutare le aziende a implementare pratiche sostenibili, mitigare i rischi potenziali e mantenere la reputazione di azienda responsabile dal punto di vista ambientale nel contesto del cambiamento climatico.<\/li>\n\n\n\n<li><strong>Impatto sociale:<\/strong> Valutare l\u2019impatto sociale delle attivit\u00e0 minerarie, come l\u2019impegno della comunit\u00e0, l\u2019occupazione locale e la conservazione del patrimonio culturale, pu\u00f2 informare le strategie per pratiche minerarie responsabili e forti relazioni con le parti interessate.<\/li>\n<\/ul>\n\n\n\n<h2 class=\"wp-block-heading\">Vantaggi delle ricerche di mercato minerarie per le diverse parti interessate<\/h2>\n\n\n\n<p>Le ricerche di mercato minerario offrono una serie di vantaggi per le diverse parti interessate coinvolte nel settore minerario, tra cui societ\u00e0 minerarie, investitori, governi, organizzazioni ambientali e sociali e comunit\u00e0 locali. Questi vantaggi includono:<\/p>\n\n\n\n<ul class=\"wp-block-list\">\n<li><strong>Processo decisionale migliorato:<\/strong> Le ricerche di mercato minerarie forniscono alle societ\u00e0 minerarie e agli investitori i dati e gli approfondimenti necessari per prendere decisioni informate per affrontare i cambiamenti nelle normative locali e nei mercati globali.<\/li>\n\n\n\n<li><strong>Migliore competitivit\u00e0:<\/strong> Comprendendo le dinamiche del mercato, i prezzi delle materie prime e le tendenze emergenti, le societ\u00e0 minerarie possono migliorare la propria competitivit\u00e0 e adattarsi alle mutevoli condizioni del settore.<\/li>\n\n\n\n<li><strong>Operazioni ottimizzate:<\/strong> Le ricerche di mercato minerario aiutano le aziende a ottimizzare le proprie operazioni, dall&#039;allocazione delle risorse e dalla pianificazione mineraria all&#039;adozione di tecnologie innovative e pratiche sostenibili.<\/li>\n\n\n\n<li><strong>Sviluppo di politiche efficaci:<\/strong> Le ricerche di mercato minerarie informano governi e responsabili politici sulle tendenze, le sfide e le opportunit\u00e0 del settore, consentendo loro di sviluppare e implementare politiche e normative efficaci che promuovano pratiche minerarie responsabili.<\/li>\n\n\n\n<li><strong>Monitoraggio e applicazione:<\/strong> Le ricerche di mercato minerarie aiutano inoltre i governi a monitorare la conformit\u00e0 del settore alle normative e ad applicare le politiche, garantendo la protezione dell&#039;ambiente e il benessere delle comunit\u00e0 locali.<\/li>\n\n\n\n<li><strong>Collaborazione e partenariato:<\/strong> Fornendo una comprensione condivisa delle condizioni e delle priorit\u00e0 del settore, la ricerca di mercato mineraria facilita la collaborazione e la partnership tra diverse organizzazioni e parti interessate.<\/li>\n<\/ul>\n\n\n\n<h2 class=\"wp-block-heading\">Sfide e limiti<\/h2>\n\n\n\n<ul class=\"wp-block-list\">\n<li><strong>Accesso limitato ai dati:<\/strong> L\u2019accesso a dati affidabili e aggiornati pu\u00f2 essere difficile, soprattutto nei paesi con settori minerari meno sviluppati o dove le informazioni non sono prontamente disponibili. I dati sulle attivit\u00e0 minerarie, sulle risorse e sugli impatti potrebbero essere incompleti o obsoleti, il che pu\u00f2 influire sull&#039;accuratezza dei risultati delle ricerche di mercato.<\/li>\n\n\n\n<li><strong>Informazioni proprietarie:<\/strong> Le societ\u00e0 minerarie potrebbero essere riluttanti a condividere informazioni sensibili o proprietarie come dati operativi, risultati di esplorazione o dettagli finanziari, il che pu\u00f2 limitare la portata e la profondit\u00e0 della ricerca di mercato.<\/li>\n\n\n\n<li><strong>Requisiti legali e normativi:<\/strong> Le leggi e i regolamenti sulla privacy dei dati possono limitare la condivisione o l\u2019uso di determinati tipi di informazioni, incidendo sulla completezza delle ricerche di mercato minerarie.<\/li>\n\n\n\n<li><strong>Settore complesso e dinamico:<\/strong> Il settore minerario \u00e8 complesso e in continua evoluzione, con numerosi fattori che influenzano le dinamiche di mercato, rendendo difficile lo sviluppo di modelli previsionali accurati e affidabili.<\/li>\n\n\n\n<li><strong>Contesti diversi e localizzati:<\/strong> L\u2019industria mineraria opera in contesti diversi e localizzati, il che pu\u00f2 porre sfide nella progettazione di metodologie di ricerca in grado di catturare queste variazioni e produrre risultati generalizzabili.<\/li>\n\n\n\n<li><strong>Applicabilit\u00e0 dei risultati:<\/strong> La generalizzabilit\u00e0 dei risultati delle ricerche di mercato minerarie potrebbe essere limitata in quanto le informazioni potrebbero essere specifiche per determinate regioni, materie prime o segmenti di mercato.<\/li>\n\n\n\n<li><strong>Tradurre la ricerca in azione:<\/strong> Transforming <a href=\"https:\/\/www.sisinternational.com\/it\/competenza\/industrie\/ricerche-di-mercato-sulle-tagliatelle\/\" title=\"Ricerche di mercato sulle tagliatelle\"  data-wpil-monitor-id=\"3067\">market<\/a> research insights into actionable strategies and policies can be challenging, particularly in complex and dynamic environments.<\/li>\n\n\n\n<li><strong>Misurare l&#039;impatto:<\/strong> Valutare l\u2019impatto delle ricerche di mercato minerarie sulle pratiche, sulle politiche e sui risultati del settore pu\u00f2 essere difficile, dati i numerosi fattori che possono influenzare questi risultati.<\/li>\n<\/ul>\n\n\n\n<p>SIS International offre ricerca quantitativa, qualitativa e strategica. Forniamo dati, strumenti, strategie, report e approfondimenti per il processo decisionale. Conduciamo interviste, sondaggi, focus group e molti altri metodi e approcci di ricerca di mercato. Contattaci per il tuo prossimo progetto di ricerca di mercato.<\/p>","protected":false},"excerpt":{"rendered":"<p>L\u2019industria mineraria fornisce materie prime essenziali per vari settori, come l\u2019edilizia e la produzione.<\/p>","protected":false},"author":1,"featured_media":63725,"parent":14514,"menu_order":300,"comment_status":"closed","ping_status":"closed","template":"","meta":{"footnotes":""},"class_list":["post-42672","page","type-page","status-publish","has-post-thumbnail"],"_links":{"self":[{"href":"https:\/\/www.sisinternational.com\/it\/wp-json\/wp\/v2\/pages\/42672","targetHints":{"allow":["GET"]}}],"collection":[{"href":"https:\/\/www.sisinternational.com\/it\/wp-json\/wp\/v2\/pages"}],"about":[{"href":"https:\/\/www.sisinternational.com\/it\/wp-json\/wp\/v2\/types\/page"}],"author":[{"embeddable":true,"href":"https:\/\/www.sisinternational.com\/it\/wp-json\/wp\/v2\/users\/1"}],"replies":[{"embeddable":true,"href":"https:\/\/www.sisinternational.com\/it\/wp-json\/wp\/v2\/comments?post=42672"}],"version-history":[{"count":8,"href":"https:\/\/www.sisinternational.com\/it\/wp-json\/wp\/v2\/pages\/42672\/revisions"}],"predecessor-version":[{"id":79888,"href":"https:\/\/www.sisinternational.com\/it\/wp-json\/wp\/v2\/pages\/42672\/revisions\/79888"}],"up":[{"embeddable":true,"href":"https:\/\/www.sisinternational.com\/it\/wp-json\/wp\/v2\/pages\/14514"}],"wp:featuredmedia":[{"embeddable":true,"href":"https:\/\/www.sisinternational.com\/it\/wp-json\/wp\/v2\/media\/63725"}],"wp:attachment":[{"href":"https:\/\/www.sisinternational.com\/it\/wp-json\/wp\/v2\/media?parent=42672"}],"curies":[{"name":"wp","href":"https:\/\/api.w.org\/{rel}","templated":true}]}}