{"id":42670,"date":"2023-05-02T20:50:27","date_gmt":"2023-05-03T00:50:27","guid":{"rendered":"https:\/\/www.sisinternational.com\/?page_id=42670"},"modified":"2026-03-12T12:46:00","modified_gmt":"2026-03-12T16:46:00","slug":"cose-limaging-medico","status":"publish","type":"page","link":"https:\/\/www.sisinternational.com\/it\/soluzioni\/ricerche-di-mercato-nel-settore-sanitario\/cose-limaging-medico\/","title":{"rendered":"Ricerche di mercato sull\u2019imaging medico"},"content":{"rendered":"<h1 class=\"wp-block-heading\">Ricerche di mercato sull\u2019imaging medico<\/h1>\n\n\n\n<figure class=\"gb-block-image gb-block-image-ba6f9742\"><img loading=\"lazy\" decoding=\"async\" width=\"1456\" height=\"816\" class=\"gb-image gb-image-ba6f9742\" src=\"https:\/\/www.sisinternational.com\/wp-content\/uploads\/2025\/08\/Healthcare-14.jpg\" alt=\"Ricerca e strategia di mercato internazionale SIS\" title=\"Healthcare (14)\" srcset=\"https:\/\/www.sisinternational.com\/wp-content\/uploads\/2025\/08\/Healthcare-14.jpg 1456w, https:\/\/www.sisinternational.com\/wp-content\/uploads\/2025\/08\/Healthcare-14-300x168.jpg 300w, https:\/\/www.sisinternational.com\/wp-content\/uploads\/2025\/08\/Healthcare-14-1024x574.jpg 1024w, https:\/\/www.sisinternational.com\/wp-content\/uploads\/2025\/08\/Healthcare-14-768x430.jpg 768w, https:\/\/www.sisinternational.com\/wp-content\/uploads\/2025\/08\/Healthcare-14-18x10.jpg 18w\" sizes=\"auto, (max-width: 1456px) 100vw, 1456px\"><\/figure>\n\n\n\n<p><\/p>\n\n\n\n<p>L\u2019imaging medico \u00e8 una tecnica utilizzata dagli operatori sanitari. Lo usano per osservare l&#039;interno del corpo umano per scopi diagnostici e terapeutici. Si tratta di creare rappresentazioni visive delle strutture interne del corpo. Ad esempio, mostra immagini di organi, ossa, vasi sanguigni e tessuti. Queste immagini aiutano nella diagnosi e nel trattamento di varie condizioni mediche.<\/p>\n\n\n\n<p>Le tecniche di imaging medico utilizzano diverse tecnologie per acquisire immagini del corpo. Queste tecnologie includono raggi X, tomografia computerizzata (CT) e risonanza magnetica (MRI). Anche gli ultrasuoni e la medicina nucleare sono tecniche di imaging ben note. Queste tecniche di imaging consentono agli operatori sanitari di esaminare le strutture interne del corpo. Possono ottenere preziose informazioni sulla presenza di anomalie o malattie. L&#039;imaging medico mostra anche la posizione, le dimensioni e le caratteristiche di anomalie o malattie.<\/p>\n\n\n\n<p>L\u2019imaging medico \u00e8 fondamentale nella diagnosi e nel monitoraggio di varie condizioni mediche. Gli operatori sanitari lo utilizzano per pazienti affetti da cancro, malattie cardiovascolari e disturbi muscoloscheletrici. \u00c8 ottimo anche per individuare disturbi neurologici e molte altre condizioni. Aiuta gli operatori sanitari a diagnosticare malattie e pianificare e monitorare il trattamento. Lo usano per guidare le procedure chirurgiche e valutare la risposta al trattamento. L&#039;imaging medico porta a una migliore cura del paziente e a risultati migliori.<\/p>\n\n\n\n<h2 class=\"wp-block-heading\">Perch\u00e9 l\u2019imaging medico \u00e8 importante?<\/h2>\n\n\n\n<p>L&#039;imaging medico \u00e8 importante per la diagnosi e il rilevamento. Consente agli operatori sanitari di visualizzare e rilevare malattie, condizioni e anomalie. Queste condizioni potrebbero non essere visibili ad occhio nudo. L\u2019imaging medico aiuta anche a identificare la presenza, la posizione, le dimensioni e le caratteristiche dei tumori. Gli operatori sanitari lo utilizzano per rilevare fratture, infezioni e altre malattie. Una diagnosi accurata e precoce attraverso l\u2019imaging medico \u00e8 fondamentale. Pu\u00f2 avere un impatto sugli esiti dei pazienti consentendo un trattamento tempestivo e appropriato.<\/p>\n\n\n\n<p>L\u2019imaging medico svolge un ruolo cruciale nella pianificazione e nel monitoraggio delle strategie di trattamento. Fornisce informazioni dettagliate sulla posizione e l\u2019entit\u00e0 di malattie o condizioni. Pertanto, aiuta gli operatori sanitari a sviluppare piani di trattamento mirati. Gli operatori sanitari possono anche utilizzare la TC, la risonanza magnetica e gli ultrasuoni per altri scopi. Ad esempio, possono usarlo per guidare procedure minimamente invasive. Possono quindi eseguire biopsie e interventi chirurgici con maggiore precisione e rischi ridotti.<\/p>\n\n\n\n<p>L&#039;imaging medico consente agli operatori sanitari di ottenere immagini interne del corpo senza procedure invasive. Riduce la necessit\u00e0 di interventi chirurgici esplorativi o di altre tecniche diagnostiche invasive. Ci\u00f2 riduce al minimo il disagio del paziente, il rischio di complicanze e i tempi di recupero. La maggior parte delle tecniche di imaging medico, come raggi X, TC e risonanza magnetica, sono sicure. I professionisti formati devono eseguirli seguendo protocolli adeguati.<\/p>\n\n\n\n<p>L\u2019imaging medico \u00e8 essenziale per monitorare l\u2019avanzamento del trattamento. Gli operatori sanitari lo utilizzano anche per valutare la risposta al trattamento nel tempo. Permette loro di testare l\u2019efficacia delle terapie. Possono anche usarlo per tenere traccia dei cambiamenti nelle dimensioni o nelle caratteristiche delle lesioni. Quindi possono adattare i piani di trattamento secondo necessit\u00e0. L\u2019imaging medico facilita anche il follow-up a lungo termine delle condizioni croniche. Inoltre, consente la sorveglianza delle recidive o delle metastasi di malattie, come il cancro.<\/p>\n\n\n\n<p><a href=\"https:\/\/www.sisinternational.com\/it\/competenza\/industrie\/ricerche-di-mercato-sulla-tecnologia-medica\/\" title=\"Ricerche di mercato sulla tecnologia medica (Med Tech).\"  data-wpil-monitor-id=\"4182\">Medical imaging<\/a> is an evolving field with continuous technological advancements. These advancements improve image quality. They lead to faster acquisition and new imaging modalities. The advancements also allow for more accurate and detailed visualization of internal structures. They enhance diagnostic capabilities and improve patient care.<\/p>\n\n\n\n<p>In sintesi, l\u2019imaging medico \u00e8 fondamentale nella medicina moderna. Ne abbiamo bisogno per una diagnosi accurata e una pianificazione del trattamento. \u00c8 ottimo anche per il monitoraggio e il follow-up di varie condizioni mediche. \u00c8 un modo non invasivo e sicuro per visualizzare l&#039;interno del corpo. L\u2019imaging medico fornisce informazioni preziose affinch\u00e9 gli operatori sanitari possano prendere decisioni informate. Ci\u00f2 consente loro di fornire un\u2019assistenza ottimale ai pazienti.<\/p>\n\n\n\n<h2 class=\"wp-block-heading\">Titoli di lavoro chiave<\/h2>\n\n\n\n<h2 class=\"wp-block-heading\">Esistono molti titoli professionali nel campo dell&#039;imaging medico, tra cui:<\/h2>\n\n\n\n<figure class=\"gb-block-image gb-block-image-67121d2e\"><img loading=\"lazy\" decoding=\"async\" width=\"1456\" height=\"816\" class=\"gb-image gb-image-67121d2e\" src=\"https:\/\/www.sisinternational.com\/wp-content\/uploads\/2025\/08\/Healthcare-16.jpg\" alt=\"Ricerca e strategia di mercato internazionale SIS\" title=\"Healthcare (16)\" srcset=\"https:\/\/www.sisinternational.com\/wp-content\/uploads\/2025\/08\/Healthcare-16.jpg 1456w, https:\/\/www.sisinternational.com\/wp-content\/uploads\/2025\/08\/Healthcare-16-300x168.jpg 300w, https:\/\/www.sisinternational.com\/wp-content\/uploads\/2025\/08\/Healthcare-16-1024x574.jpg 1024w, https:\/\/www.sisinternational.com\/wp-content\/uploads\/2025\/08\/Healthcare-16-768x430.jpg 768w, https:\/\/www.sisinternational.com\/wp-content\/uploads\/2025\/08\/Healthcare-16-18x10.jpg 18w\" sizes=\"auto, (max-width: 1456px) 100vw, 1456px\"><\/figure>\n\n\n\n<ol class=\"wp-block-list\">\n<li><strong>Tecnologi radiologici:<\/strong> Conosciuti anche come radiografi, questi professionisti sanitari eseguono procedure di imaging diagnostico. Ad esempio, eseguono scansioni a raggi X, TC e risonanza magnetica sui pazienti. Gestiscono e mantengono le apparecchiature di imaging e posizionano i pazienti per gli esami di imaging. Garantiscono inoltre la qualit\u00e0 delle immagini.<\/li>\n\n\n\n<li><strong>Tecnologo MRI:<\/strong> Tecnici radiologici specializzati che utilizzano scanner per risonanza magnetica (MRI). Questi scanner utilizzano campi magnetici e onde radio. Creano immagini dettagliate delle strutture interne del corpo. I tecnici della risonanza magnetica possono anche somministrare agenti di contrasto per una migliore imaging. Lavorano con i radiologi per interpretare le immagini MRI.<\/li>\n\n\n\n<li><strong>Tecnologi CT:<\/strong> noti anche come tecnici di tomografia computerizzata. Sono specializzati nell&#039;esecuzione di scansioni di tomografia computerizzata (CT). Le scansioni TC utilizzano i raggi X e l&#039;elaborazione computerizzata per creare immagini in sezione trasversale del corpo. I tecnologi preparano i pazienti per le scansioni TC e utilizzano gli scanner. Possono somministrare agenti di contrasto per migliorare la qualit\u00e0 dell&#039;immagine.<\/li>\n\n\n\n<li><strong>Ecografisti:<\/strong> also known as ultrasound technologists. Sonographers use ultrasound technology to produce images of the body\u2019s internal structures. For example, these scans show the organs, blood vessels, and tissues. Sonographers perform <a href=\"https:\/\/www.sisinternational.com\/it\/competenza\/industrie\/ricerche-di-mercato-per-immagini-diagnostiche\/\" title=\"Ricerche di mercato per l\u2019imaging diagnostico\"  data-wpil-monitor-id=\"6364\">diagnostic ultrasound exams and interpret images<\/a>. They may assist physicians with procedures such as biopsies and drainages.<\/li>\n\n\n\n<li><strong>Tecnologo di Medicina Nucleare:<\/strong> utilizza materiali radioattivi per eseguire procedure diagnostiche e terapeutiche. Preparano e somministrano farmaci radioattivi ai pazienti. Catturano anche immagini del materiale radioattivo nel corpo. I tecnici della medicina nucleare lavorano con i medici per interpretare le immagini.<\/li>\n\n\n\n<li><strong>Responsabile della Radiologia:<\/strong> I responsabili della radiologia supervisionano le operazioni dei reparti di radiologia o dei centri di imaging. Gestiscono il personale, il budget, il controllo di qualit\u00e0 e il flusso di lavoro. Garantiscono inoltre il rispetto delle normative e delle politiche. Lavorano con altri professionisti sanitari per coordinare i servizi di imaging. Garantire il regolare funzionamento \u00e8 un altro dei loro compiti.<\/li>\n\n\n\n<li><strong>Radiologi:<\/strong> medici specializzati nell&#039;interpretazione di immagini mediche per diagnosticare malattie e condizioni. Esaminano e interpretano radiografie, scansioni TC, scansioni MRI e immagini ecografiche. Forniscono anche rapporti scritti per guidare la gestione del paziente. I radiologi lavorano spesso con altri fornitori. Tendono ad adottare un approccio di squadra multidisciplinare alla cura del paziente.<\/li>\n\n\n\n<li><strong>Radioterapista:<\/strong> lavora con i malati di cancro. Somministrano i trattamenti prescritti dagli oncologi radioterapisti. Operano con apparecchiature radioattive e forniscono dosi mirate ai tessuti cancerosi. Inoltre controllano i pazienti durante il trattamento e forniscono istruzione e supporto.<\/li>\n<\/ol>\n\n\n\n<p>Questi sono solo alcuni esempi dei numerosi titoli professionali nel settore dell&#039;imaging medico. Il campo diversificato offre opportunit\u00e0 di carriera per operatori sanitari con competenze specializzate. La formazione in varie modalit\u00e0 di imaging \u00e8 un must per la maggior parte di questi lavori.<\/p>\n\n\n\n<h2 class=\"wp-block-heading\">Perch\u00e9 le aziende hanno bisogno di ricerche di mercato sull\u2019imaging medico?<\/h2>\n\n\n\n<p>Le aziende potrebbero aver bisogno dell\u2019imaging medico per vari motivi. Dipende dal settore e dai requisiti specifici. Ecco alcuni scenari comuni in cui le aziende potrebbero aver bisogno di imaging medico:<\/p>\n\n\n\n<ul class=\"wp-block-list\">\n<li><strong>Fornitori di servizi sanitari:<\/strong> L\u2019imaging medico \u00e8 uno strumento essenziale per gli operatori sanitari. Ospedali, cliniche e studi privati utilizzano tutti l&#039;imaging medico.<\/li>\n\n\n\n<li><strong>Produttori di dispositivi medici:<\/strong> l&#039;imaging viene spesso utilizzato nello sviluppo e nel test di dispositivi medici. Ad esempio, i produttori lo utilizzano per testare macchine a raggi X, TC, risonanza magnetica e altri scanner. Lo usano anche per controllare le macchine ad ultrasuoni e altre apparecchiature di imaging. I produttori di dispositivi medici utilizzano l&#039;imaging per valutare le prestazioni e la sicurezza dei loro prodotti. Lo usano anche per condurre ricerca e sviluppo e ottenere approvazioni normative.<\/li>\n\n\n\n<li><strong>Aziende farmaceutiche e biotecnologiche:<\/strong> pu\u00f2 usarlo nei processi di scoperta e sviluppo di farmaci. Li aiuta a valutare l\u2019efficacia e la sicurezza dei farmaci negli studi preclinici e clinici. Lo usano per controllare la progressione della malattia e testare la risposta al trattamento. Possono anche usarlo per sviluppare imaging o agenti di contrasto per studi di imaging.<\/li>\n\n\n\n<li><strong>Compagnie di assicurazione sanitaria:<\/strong> utilizzarlo per valutare la necessit\u00e0 medica degli studi di imaging. \u00c8 anche un buon controllo per l&#039;adeguatezza di questi studi. Queste aziende lo utilizzano a fini di copertura e rimborso. L&#039;imaging medico pu\u00f2 aiutare le compagnie di assicurazione a determinare la necessit\u00e0 medica di esami di imaging. Possono valutare l&#039;adeguatezza dell&#039;uso dell&#039;imaging e verificare l&#039;accuratezza delle affermazioni.<\/li>\n\n\n\n<li><strong>Salute e sicurezza sul posto di lavoro:<\/strong> L&#039;imaging \u00e8 utile per le industrie che espongono i lavoratori a radiazioni o altri rischi. Ad esempio, le aziende possono utilizzare l\u2019imaging medico per lo screening pre-assunzione. Possono anche usarlo per monitorare la salute dei lavoratori. \u00c8 utile per rilevare potenziali infortuni o condizioni legate al lavoro. L&#039;imaging medico \u00e8 perfetto per settori quali l&#039;energia nucleare, l&#039;industria manifatturiera e l&#039;aviazione.<\/li>\n\n\n\n<li><strong>Medicina dello Sport e Fitness:<\/strong> Le aziende di medicina sportiva e fitness utilizzano l&#039;imaging medico per valutare e controllare gli infortuni. Possono monitorare i progressi della guarigione e ottimizzare le prestazioni. Tecniche di imaging come raggi X, risonanza magnetica e ultrasuoni possono aiutare a diagnosticare lesioni legate allo sport. Queste tecniche guidano anche le decisioni terapeutiche e aiutano la riabilitazione e il recupero.<\/li>\n\n\n\n<li><strong>Benessere e Salute Preventiva:<\/strong> Anche i programmi di benessere e salute preventiva utilizzano l&#039;imaging medico. \u00c8 utile per screening dell&#039;intero corpo, valutazioni cardiovascolari e screening del cancro. Gli studi di imaging possono fornire una diagnosi precoce e l\u2019identificazione di potenziali rischi per la salute. Consente ai privati e alle imprese di adottare misure proattive. Li aiuta anche a prevenire o gestire le condizioni di salute.<\/li>\n<\/ul>\n\n\n\n<h2 class=\"wp-block-heading\">Fattori chiave di successo nelle ricerche di mercato sull\u2019imaging medico<\/h2>\n\n\n\n<p>Esistono diversi fattori chiave di successo nell\u2019imaging medico. Questi fattori sono essenziali per ottenere risultati e prestazioni ottimali. Includono la competenza tecnica. I professionisti dell&#039;imaging medico devono avere le competenze e l&#039;esperienza per utilizzare apparecchiature di imaging. Devono sapere come eseguire procedure e produrre immagini di alta qualit\u00e0. L\u2019istruzione e la formazione continua sono fondamentali. I professionisti devono anche rimanere aggiornati con gli ultimi progressi nella tecnologia di imaging. E&#039; l&#039;unico modo per mantenere la competenza tecnica.<\/p>\n\n\n\n<p>Garantire la qualit\u00e0 e la sicurezza delle procedure di imaging medico \u00e8 fondamentale. Ci\u00f2 include l\u2019adesione ai protocolli di imaging stabiliti e il rispetto delle linee guida sulla sicurezza dalle radiazioni. I tecnici devono inoltre mantenere misure di controllo delle infezioni. Inoltre, devono verificare l&#039;identit\u00e0 del paziente e le richieste di esame. Anche i programmi di garanzia della qualit\u00e0 e la manutenzione delle apparecchiature sono essenziali. Lo stesso vale per il monitoraggio continuo delle prestazioni dell&#039;imaging. Queste misure mantengono risultati di imaging di alta qualit\u00e0.<\/p>\n\n\n\n<p>I professionisti dell&#039;imaging medico e i radiologi devono avere forti capacit\u00e0 di giudizio clinico. Devono interpretare le immagini per fare diagnosi e decisioni terapeutiche appropriate. Ci\u00f2 richiede la conoscenza dell&#039;anatomia, della fisiologia, della patologia e del contesto clinico. Hanno anche bisogno della capacit\u00e0 di riconoscere i risultati normali e anormali. Quindi, devono comunicare con altri operatori sanitari.<\/p>\n\n\n\n<p>Capacit\u00e0 di comunicazione e collaborazione efficaci sono fondamentali nel campo dell&#039;imaging medico. Ci\u00f2 include l&#039;ottenimento di storie accurate dei pazienti e la spiegazione delle procedure ai pazienti. Comprende anche l&#039;ottenimento del consenso informato e la fornitura di istruzioni chiare durante gli esami di imaging. I tecnici devono anche sapere come documentare i loro risultati. La collaborazione con gli altri membri del team sanitario \u00e8 essenziale per un\u2019assistenza coordinata al paziente. I team possono includere radiologi, medici curanti e altri professionisti dell&#039;imaging.<\/p>\n\n\n\n<p>I professionisti dell\u2019imaging medico devono fornire un\u2019assistenza compassionevole e incentrata sul paziente. Ci\u00f2 include garantire il comfort e la sicurezza del paziente e rispondere alle preoccupazioni e alle domande dei pazienti. Include anche il supporto emotivo. Anche l\u2019educazione e il sostegno dei pazienti sono importanti. Aiutano i pazienti a comprendere il processo di imaging e i risultati.<br>I professionisti dell\u2019imaging medico devono sostenere elevati standard di professionalit\u00e0 e condotta etica. Ci\u00f2 include il mantenimento della riservatezza del paziente e l\u2019adesione ai codici etici professionali. Devono inoltre mantenere certificazioni e licenze professionali. Inoltre, devono impegnarsi in uno sviluppo professionale continuo. La professionalit\u00e0 implica anche la collaborazione con i colleghi e la dimostrazione di integrit\u00e0. Questi professionisti devono inoltre mantenere un ambiente di lavoro rispettoso e inclusivo.<\/p>\n\n\n\n<p>I professionisti dell\u2019imaging medico devono essere adattabili e flessibili per stare al passo con i cambiamenti. Devono essere aperti all\u2019acquisizione di nuove competenze. Devono anche essere in grado di adattarsi a diverse modalit\u00e0 o impostazioni di imaging.<br>I professionisti dell&#039;imaging medico devono gestire il proprio tempo. Una buona gestione del tempo garantisce un flusso di lavoro regolare e una fornitura tempestiva dei servizi di imaging. Ci\u00f2 include la pianificazione degli appuntamenti e la definizione delle priorit\u00e0 delle attivit\u00e0. Comprende anche l&#039;ottimizzazione dei protocolli di imaging e la gestione di apparecchiature e risorse.<\/p>\n\n\n\n<h2 class=\"wp-block-heading\">Informazioni sulle ricerche di mercato sull\u2019imaging medico<\/h2>\n\n\n\n<figure class=\"gb-block-image gb-block-image-7335df7f\"><img loading=\"lazy\" decoding=\"async\" width=\"1456\" height=\"816\" class=\"gb-image gb-image-7335df7f\" src=\"https:\/\/www.sisinternational.com\/wp-content\/uploads\/2025\/08\/Healthcare-11.jpg\" alt=\"Ricerca e strategia di mercato internazionale SIS\" title=\"Healthcare (11)\" srcset=\"https:\/\/www.sisinternational.com\/wp-content\/uploads\/2025\/08\/Healthcare-11.jpg 1456w, https:\/\/www.sisinternational.com\/wp-content\/uploads\/2025\/08\/Healthcare-11-300x168.jpg 300w, https:\/\/www.sisinternational.com\/wp-content\/uploads\/2025\/08\/Healthcare-11-1024x574.jpg 1024w, https:\/\/www.sisinternational.com\/wp-content\/uploads\/2025\/08\/Healthcare-11-768x430.jpg 768w, https:\/\/www.sisinternational.com\/wp-content\/uploads\/2025\/08\/Healthcare-11-18x10.jpg 18w\" sizes=\"auto, (max-width: 1456px) 100vw, 1456px\"><\/figure>\n\n\n\n<p>Medical Imaging companies do well when they conduct <a class=\"wpil_keyword_link\" href=\"https:\/\/www.sisinternational.com\/it\/soluzioni\/soluzioni-di-ricerca-quantitativa-qualitativa\/ricerca-di-mercato-qualitativa\/\"   title=\"Ricerche di mercato qualitative\" data-wpil-keyword-link=\"linked\"  data-wpil-monitor-id=\"686\">Ricerche di mercato qualitative<\/a>. It gives them a chance to understand what their customers want. Qualitative Research tells them if they are fulfilling the needs of the organizations with which they do business. It thereby reduces customer churn. Thus, they keep the brand-consumer relationship.<\/p>\n\n\n\n<p><a class=\"wpil_keyword_link\" href=\"https:\/\/www.sisinternational.com\/it\/competenza\/industrie\/ricerche-di-mercato-quantitative\/\"   title=\"Ricerche di mercato quantitative\" data-wpil-keyword-link=\"linked\"  data-wpil-monitor-id=\"687\">Ricerche di mercato quantitative<\/a> is also important for Medical Imaging companies. It allows them to measure and analyze numerical data. This enables them to gain insight into consumer preferences and behavior. They can then use these statistics to make data-driven decisions. These stats also inform marketing strategies. Quantitative Market Research often includes Surveys. A survey can provide a representative sample of a population. It can also reveal trends and patterns. Quantitative Research also allows for the testing of hypotheses. Plus, it enables the identification of cause-and-effect relationships. Thus, it can provide a deeper understanding of consumer behavior.<\/p>\n\n\n\n<p>SIS International provides both Qualitative and Quantitative Market Research. We also offer UX Market Research and Competitive Analysis. We can inform your Go-to-Market Strategy with Focus Groups and Interviews. Let SIS handle your Strategy, Market Entry, Market Opportunity, and <a href=\"https:\/\/www.sisinternational.com\/it\/competenza\/industrie\/ricerche-di-mercato-sulle-tagliatelle\/\" title=\"Ricerche di mercato sulle tagliatelle\"  data-wpil-monitor-id=\"3071\">Ricerca sul dimensionamento del mercato<\/a>. Contact us now to speak to one of our representatives about how we can serve you.<\/p>","protected":false},"excerpt":{"rendered":"<p>L&#039;imaging medico \u00e8 una tecnica utilizzata dagli operatori sanitari per osservare l&#039;interno del corpo umano a fini diagnostici e terapeutici.<\/p>","protected":false},"author":1,"featured_media":62432,"parent":11294,"menu_order":299,"comment_status":"closed","ping_status":"closed","template":"","meta":{"footnotes":""},"class_list":["post-42670","page","type-page","status-publish","has-post-thumbnail"],"_links":{"self":[{"href":"https:\/\/www.sisinternational.com\/it\/wp-json\/wp\/v2\/pages\/42670","targetHints":{"allow":["GET"]}}],"collection":[{"href":"https:\/\/www.sisinternational.com\/it\/wp-json\/wp\/v2\/pages"}],"about":[{"href":"https:\/\/www.sisinternational.com\/it\/wp-json\/wp\/v2\/types\/page"}],"author":[{"embeddable":true,"href":"https:\/\/www.sisinternational.com\/it\/wp-json\/wp\/v2\/users\/1"}],"replies":[{"embeddable":true,"href":"https:\/\/www.sisinternational.com\/it\/wp-json\/wp\/v2\/comments?post=42670"}],"version-history":[{"count":8,"href":"https:\/\/www.sisinternational.com\/it\/wp-json\/wp\/v2\/pages\/42670\/revisions"}],"predecessor-version":[{"id":79947,"href":"https:\/\/www.sisinternational.com\/it\/wp-json\/wp\/v2\/pages\/42670\/revisions\/79947"}],"up":[{"embeddable":true,"href":"https:\/\/www.sisinternational.com\/it\/wp-json\/wp\/v2\/pages\/11294"}],"wp:featuredmedia":[{"embeddable":true,"href":"https:\/\/www.sisinternational.com\/it\/wp-json\/wp\/v2\/media\/62432"}],"wp:attachment":[{"href":"https:\/\/www.sisinternational.com\/it\/wp-json\/wp\/v2\/media?parent=42670"}],"curies":[{"name":"wp","href":"https:\/\/api.w.org\/{rel}","templated":true}]}}