{"id":42646,"date":"2023-05-02T15:13:24","date_gmt":"2023-05-02T19:13:24","guid":{"rendered":"https:\/\/www.sisinternational.com\/?page_id=42646"},"modified":"2026-03-12T12:36:37","modified_gmt":"2026-03-12T16:36:37","slug":"assistenza-sanitaria-e-ricerche-di-mercato","status":"publish","type":"page","link":"https:\/\/www.sisinternational.com\/it\/soluzioni\/ricerche-di-mercato-nel-settore-sanitario\/assistenza-sanitaria-e-ricerche-di-mercato\/","title":{"rendered":"Ricerche di mercato sull&#039;informatica sanitaria"},"content":{"rendered":"<h1 class=\"wp-block-heading\">Ricerche di mercato sull&#039;informatica sanitaria<\/h1>\n\n\n\n<figure class=\"gb-block-image gb-block-image-a9fa4426\"><img loading=\"lazy\" decoding=\"async\" width=\"1456\" height=\"816\" class=\"gb-image gb-image-a9fa4426\" src=\"https:\/\/www.sisinternational.com\/wp-content\/uploads\/2025\/08\/Healthcare-16.jpg\" alt=\"Ricerca e strategia di mercato internazionale SIS\" title=\"Healthcare (16)\" srcset=\"https:\/\/www.sisinternational.com\/wp-content\/uploads\/2025\/08\/Healthcare-16.jpg 1456w, https:\/\/www.sisinternational.com\/wp-content\/uploads\/2025\/08\/Healthcare-16-300x168.jpg 300w, https:\/\/www.sisinternational.com\/wp-content\/uploads\/2025\/08\/Healthcare-16-1024x574.jpg 1024w, https:\/\/www.sisinternational.com\/wp-content\/uploads\/2025\/08\/Healthcare-16-768x430.jpg 768w, https:\/\/www.sisinternational.com\/wp-content\/uploads\/2025\/08\/Healthcare-16-18x10.jpg 18w\" sizes=\"auto, (max-width: 1456px) 100vw, 1456px\"><\/figure>\n\n\n\n<p><\/p>\n\n\n\n<p>L&#039;IT sanitario utilizza tecnologia, software e altre soluzioni per gestire i dati sanitari. Migliora la cura del paziente e i risultati e semplifica le operazioni sanitarie. Migliora inoltre l\u2019esperienza sanitaria per pazienti, fornitori e altre parti interessate.<\/p>\n\n\n\n<p>Un altro aspetto positivo dell&#039;IT sanitario \u00e8 che copre un&#039;ampia gamma di applicazioni e sistemi. Ad esempio, include le cartelle cliniche elettroniche (EHR) e la telemedicina. Coinvolge anche lo scambio di informazioni sanitarie (HIE) e sistemi di imaging medico. Anche i sistemi di supporto alle decisioni cliniche (CDSS) rientrano nell&#039;IT sanitario. Lo stesso vale per i portali dei pazienti.<\/p>\n\n\n\n<p>L\u2019utilizzo dell\u2019informatica sanitaria \u00e8 diventato fondamentale negli ultimi anni. Per prima cosa, \u00e8 utile poich\u00e9 le organizzazioni sanitarie si impegnano a migliorare la cura dei pazienti. Aiuta inoltre queste organizzazioni a ridurre i costi e a soddisfare i requisiti normativi. Con l\u2019aiuto della tecnologia, i fornitori possono raccogliere, archiviare e analizzare i dati dei pazienti. Porta a diagnosi, trattamenti e risultati migliori per i pazienti.<\/p>\n\n\n\n<h2 class=\"wp-block-heading\">Perch\u00e9 l&#039;IT nel settore sanitario \u00e8 importante?<\/h2>\n\n\n\n<p>L&#039;IT sanitario \u00e8 essenziale per diversi motivi. Innanzitutto, migliora l&#039;assistenza e i risultati dei pazienti. EHR, CDSS e telemedicina possono migliorare ulteriormente l&#039;accuratezza e la tempestivit\u00e0 delle diagnosi. Consentono un trattamento pi\u00f9 rapido ed efficace e portano a risultati migliori per i pazienti. Aiutano inoltre gli operatori sanitari a fornire un&#039;assistenza migliore e pi\u00f9 personalizzata ai pazienti.<\/p>\n\n\n\n<p>I sistemi IT sanitari consentono una comunicazione e un coordinamento senza soluzione di continuit\u00e0 tra i fornitori. Coloro che sono coinvolti nella cura di un paziente possono accedere alle stesse informazioni. Pertanto, possono lavorare insieme per fornire la migliore assistenza possibile.<\/p>\n\n\n\n<p>Le soluzioni IT sanitarie possono automatizzare molte attivit\u00e0 amministrative. Ad esempio, possono pianificare appuntamenti e gestire le cartelle cliniche dei pazienti. Inoltre, consentono agli operatori sanitari di concentrare pi\u00f9 tempo e risorse sulla cura dei pazienti.<\/p>\n\n\n\n<p>I sistemi IT sanitari possono contribuire a ridurre il rischio di errori medici. Forniscono informazioni accurate e aggiornate sulla storia medica del paziente. Informano inoltre i fornitori dell&#039;uso dei farmaci da parte del paziente. Pertanto, gli operatori conosceranno i fattori critici che influenzano la cura dei loro pazienti. La maggiore efficienza e la riduzione del rischio di errori medici hanno un altro vantaggio. Aiutano le organizzazioni sanitarie a ridurre i costi e a migliorare i profitti.<\/p>\n\n\n\n<p>Healthcare organizations must follow many regulations, including HIPAA. These regulations mandate the secure handling of patient data. <a href=\"https:\/\/www.sisinternational.com\/it\/assistenza-sanitaria-per-la-sicurezza-informatica\/\" title=\"Ricerche di mercato sulla sicurezza informatica nel settore sanitario\"  data-wpil-monitor-id=\"7262\">Healthcare IT solutions ensure the security<\/a> and privacy of patient data. Thus, they can help healthcare organizations meet regulatory requirements.<\/p>\n\n\n\n<h2 class=\"wp-block-heading\">Titoli di lavoro chiave<\/h2>\n\n\n\n<figure class=\"gb-block-image gb-block-image-d33cd57e\"><img loading=\"lazy\" decoding=\"async\" width=\"1456\" height=\"816\" class=\"gb-image gb-image-d33cd57e\" src=\"https:\/\/www.sisinternational.com\/wp-content\/uploads\/2025\/08\/Healthcare-14.jpg\" alt=\"Ricerca e strategia di mercato internazionale SIS\" title=\"Healthcare (14)\" srcset=\"https:\/\/www.sisinternational.com\/wp-content\/uploads\/2025\/08\/Healthcare-14.jpg 1456w, https:\/\/www.sisinternational.com\/wp-content\/uploads\/2025\/08\/Healthcare-14-300x168.jpg 300w, https:\/\/www.sisinternational.com\/wp-content\/uploads\/2025\/08\/Healthcare-14-1024x574.jpg 1024w, https:\/\/www.sisinternational.com\/wp-content\/uploads\/2025\/08\/Healthcare-14-768x430.jpg 768w, https:\/\/www.sisinternational.com\/wp-content\/uploads\/2025\/08\/Healthcare-14-18x10.jpg 18w\" sizes=\"auto, (max-width: 1456px) 100vw, 1456px\"><\/figure>\n\n\n\n<p><\/p>\n\n\n\n<h3 class=\"wp-block-heading\">Il campo dell&#039;IT sanitario ha molti titoli professionali. Queste posizioni vanno da ruoli tecnici a posizioni di gestione e leadership. Ecco alcuni titoli di lavoro chiave:<\/h3>\n\n\n\n<ul class=\"wp-block-list\">\n<li><strong>Analista IT sanitario:<\/strong> Responsabile dell&#039;analisi e dell&#039;utilizzo dei dati sanitari per migliorare processi e risultati.<\/li>\n\n\n\n<li><strong>Specialista in Informatica Clinica:<\/strong>\u00a0Questo specialista aiuta gli operatori sanitari a mettere in atto sistemi di informazione clinica. Analizzano anche questi sistemi. Esempi di questi sistemi sono le cartelle cliniche elettroniche (EHR) e i CDSS.<\/li>\n\n\n\n<li><strong>Responsabile Progetto Informatica Sanitaria:<\/strong>\u00a0Supervisiona la pianificazione, l&#039;implementazione e la valutazione dei progetti IT sanitari. Garantiscono inoltre che il proprio personale completi i progetti in tempo e nel rispetto del budget.<\/li>\n\n\n\n<li><strong>Responsabile delle informazioni (CIO):<\/strong> Responsabile della strategia IT e delle operazioni di un&#039;organizzazione sanitaria. Il CIO supervisiona inoltre l&#039;implementazione dei sistemi IT sanitari.<\/li>\n\n\n\n<li><strong>Consulente IT sanitario:<\/strong> Questo consulente fornisce consulenza e guida esperte sulla strategia, l&#039;implementazione e l&#039;ottimizzazione dell&#039;IT sanitario. Riferiscono i loro risultati alle organizzazioni sanitarie.<\/li>\n\n\n\n<li><strong>Formatore in informatica sanitaria:<\/strong> Educa gli operatori sanitari e il personale su come utilizzare i sistemi IT sanitari.<\/li>\n\n\n\n<li><strong>Specialista in Sicurezza Informatica Sanitaria:<\/strong> Questo specialista garantisce la sicurezza e la privacy dei dati e dei sistemi sanitari. Gestiscono i protocolli di sicurezza e rispondono alle violazioni della sicurezza.<\/li>\n\n\n\n<li><strong>Specialista del supporto IT sanitario:<\/strong> Fornisce supporto tecnico agli operatori sanitari e al personale che utilizza i sistemi IT sanitari.<\/li>\n\n\n\n<li><strong>Analista di dati clinici:<\/strong> Analizza i dati sanitari per identificare tendenze e modelli. Possono utilizzare queste informazioni per migliorare i processi e i risultati sanitari.<\/li>\n<\/ul>\n\n\n\n<p>Questi sono solo alcuni esempi dei numerosi titoli professionali all&#039;interno dell&#039;IT sanitario. Il campo si sta evolvendo e stanno emergendo nuovi ruoli e titoli. Inoltre, la tecnologia continua a trasformare il settore sanitario.<\/p>\n\n\n\n<h2 class=\"wp-block-heading\">Perch\u00e9 le aziende hanno bisogno di ricerche di mercato sull\u2019IT sanitario?<\/h2>\n\n\n\n<figure class=\"gb-block-image gb-block-image-378e966a\"><img loading=\"lazy\" decoding=\"async\" width=\"1456\" height=\"816\" class=\"gb-image gb-image-378e966a\" src=\"https:\/\/www.sisinternational.com\/wp-content\/uploads\/2025\/08\/Healthcare-4.jpg\" alt=\"Ricerca e strategia di mercato internazionale SIS\" title=\"Healthcare (4)\" srcset=\"https:\/\/www.sisinternational.com\/wp-content\/uploads\/2025\/08\/Healthcare-4.jpg 1456w, https:\/\/www.sisinternational.com\/wp-content\/uploads\/2025\/08\/Healthcare-4-300x168.jpg 300w, https:\/\/www.sisinternational.com\/wp-content\/uploads\/2025\/08\/Healthcare-4-1024x574.jpg 1024w, https:\/\/www.sisinternational.com\/wp-content\/uploads\/2025\/08\/Healthcare-4-768x430.jpg 768w, https:\/\/www.sisinternational.com\/wp-content\/uploads\/2025\/08\/Healthcare-4-18x10.jpg 18w\" sizes=\"auto, (max-width: 1456px) 100vw, 1456px\"><\/figure>\n\n\n\n<p><\/p>\n\n\n\n<p>Le aziende del settore sanitario includono ospedali, cliniche e studi privati. Hanno bisogno dell&#039;IT sanitario per diversi motivi. In primo luogo, questi sistemi migliorano la gestione e l\u2019analisi dei dati. Possono aiutare le organizzazioni sanitarie a raccogliere e gestire grandi quantit\u00e0 di dati. Identificano inoltre tendenze e modelli che possono migliorare la cura e i risultati dei pazienti.<\/p>\n\n\n\n<p>Anche i portali dei pazienti e la telemedicina possono migliorare l\u2019esperienza del paziente. Perch\u00e9? Perch\u00e9 forniscono opzioni di assistenza pi\u00f9 convenienti e accessibili.<\/p>\n\n\n\n<h2 class=\"wp-block-heading\">Fattori chiave del successo<\/h2>\n\n\n\n<p>Diversi fattori chiave di successo sono fondamentali per l&#039;utilizzo dell&#039;IT nel settore sanitario. I primi due sono leadership e governance, che sono fattori essenziali. Garantiscono il successo dell&#039;implementazione e dell&#039;adozione delle soluzioni IT sanitarie. I leader devono concentrarsi sulle iniziative IT sanitarie e stabilire traguardi e obiettivi chiari. Devono inoltre garantire che i progetti siano in linea con il piano strategico dell&#039;organizzazione.<\/p>\n\n\n\n<p>Il successo dell&#039;implementazione delle soluzioni IT sanitarie si basa sull&#039;adozione da parte degli utenti. Le organizzazioni devono formare i propri operatori sanitari e il personale. Devono educarli all\u2019uso efficace ed efficiente dei sistemi IT sanitari. Questo \u00e8 il modo migliore per ottenere i risultati desiderati.<\/p>\n\n\n\n<p>Le soluzioni IT sanitarie si basano su dati sanitari accurati e sicuri. Questi dati consentono agli operatori sanitari di fornire cure adeguate. Pertanto, la qualit\u00e0 e la sicurezza dei dati sono fattori essenziali di successo nell\u2019implementazione dell\u2019IT nel settore sanitario. Le organizzazioni sanitarie devono garantire che i dati siano accurati, completi e aggiornati. Devono essere adottati anche protocolli di sicurezza. Questi protocolli sono essenziali per proteggere i dati dei pazienti da accessi non autorizzati.<\/p>\n\n\n\n<p>L&#039;interoperabilit\u00e0 \u00e8 fondamentale per le soluzioni IT sanitarie. Consente loro di scambiare e condividere dati tra operatori sanitari e sistemi. Le organizzazioni sanitarie devono garantire che le loro soluzioni IT siano interoperabili con altri sistemi. Questo \u00e8 il modo migliore per migliorare il coordinamento delle cure e i risultati per i pazienti.<\/p>\n\n\n\n<p>Le soluzioni e la tecnologia IT nel settore sanitario si stanno evolvendo. Le organizzazioni sanitarie devono testare e migliorare i propri sistemi IT. In questo modo, possono garantire di raggiungere i loro scopi e obiettivi.<\/p>\n\n\n\n<p>Per avere successo, le soluzioni IT sanitarie devono allinearsi alle esigenze e alle aspettative dei pazienti. Le organizzazioni sanitarie devono considerare il feedback e le preferenze dei pazienti durante l&#039;implementazione delle soluzioni IT. In questo modo, possono migliorare l\u2019esperienza del paziente.<\/p>\n\n\n\n<h2 class=\"wp-block-heading\">Informazioni sulle ricerche di mercato sull&#039;IT nel settore sanitario<\/h2>\n\n\n\n<figure class=\"gb-block-image gb-block-image-fb99ea0e\"><img loading=\"lazy\" decoding=\"async\" width=\"1456\" height=\"816\" class=\"gb-image gb-image-fb99ea0e\" src=\"https:\/\/www.sisinternational.com\/wp-content\/uploads\/2025\/08\/Healthcare-2.jpg\" alt=\"Ricerca e strategia di mercato internazionale SIS\" title=\"Healthcare (2)\" srcset=\"https:\/\/www.sisinternational.com\/wp-content\/uploads\/2025\/08\/Healthcare-2.jpg 1456w, https:\/\/www.sisinternational.com\/wp-content\/uploads\/2025\/08\/Healthcare-2-300x168.jpg 300w, https:\/\/www.sisinternational.com\/wp-content\/uploads\/2025\/08\/Healthcare-2-1024x574.jpg 1024w, https:\/\/www.sisinternational.com\/wp-content\/uploads\/2025\/08\/Healthcare-2-768x430.jpg 768w, https:\/\/www.sisinternational.com\/wp-content\/uploads\/2025\/08\/Healthcare-2-18x10.jpg 18w\" sizes=\"auto, (max-width: 1456px) 100vw, 1456px\"><\/figure>\n\n\n\n<p><\/p>\n\n\n\n<p>Strategic Market Research can help you make wise decisions. These are the decisions that drive your company forward. It also stops you from making poor ones that can damage your business. <a class=\"wpil_keyword_link\" href=\"https:\/\/www.sisinternational.com\/it\/top-5-benefits-of-conducting-quantitative-market-research\/\"   title=\"Top 5 Benefits of Conducting Quantitative Market Research\" data-wpil-keyword-link=\"linked\"  data-wpil-monitor-id=\"690\">Ricerche di mercato quantitative<\/a> is another powerful tool for any Healthcare IT company. It helps companies to learn more about their market and customers. So is Qualitative Market Research. These tools allow you to gain objective, reliable insights. You can learn from data and understand patterns and trends.<\/p>\n\n\n\n<p>UX Market Research is another tool to help your <a href=\"https:\/\/www.sisinternational.com\/it\/ricerche-di-mercato-nel-settore-sanitario\/\" title=\"Ricerche di mercato nel settore farmaceutico e sanitario\"  data-wpil-monitor-id=\"6627\">Assistenza sanitaria<\/a> IT business. You can use it to gain insights, find problems, establish facts, and reach new conclusions. Competitive Analysis is another, helping you get a picture of the competition. You can emulate their success and recognize and avoid their failure.<\/p>\n\n\n\n<p>Successful new businesses enjoy longevity when owners conduct <a class=\"wpil_keyword_link\" href=\"https:\/\/www.sisinternational.com\/it\/soluzioni\/consulenza-strategica\/ricerca-di-ingresso-nel-mercato\/\"   title=\"Ricerca sull&#039;ingresso nel mercato\" data-wpil-keyword-link=\"linked\"  data-wpil-monitor-id=\"356\">Ricerca sull&#039;ingresso nel mercato<\/a>. It helps them understand their target market and identify consumer problems. It also pinpoints realistic competitors. <a href=\"https:\/\/www.sisinternational.com\/it\/competenza\/industrie\/ricerche-di-mercato-sulle-materie-plastiche\/\" title=\"Ricerche di mercato sulla plastica\"  data-wpil-monitor-id=\"3083\">Ricerca sulle opportunit\u00e0 di mercato<\/a> enables you to understand the needs and preferences of your customers. It tells you the unmet needs of your target audience. It can give you the pioneer benefit and a competitive edge. <a href=\"https:\/\/www.sisinternational.com\/it\/competenza\/industrie\/ricerche-di-mercato-sul-mais\/\" title=\"Ricerche di mercato sul mais\"  data-wpil-monitor-id=\"3100\">Ricerca sul dimensionamento del mercato<\/a> tells you if a market is large enough to be worth your investment. You\u2019ll also learn if your product or service will be viable.<\/p>\n\n\n\n<p>SIS International Research provides all these research services and more. We can also organize Focus Groups, Surveys, and Interviews. These tools inform the Go to <a href=\"https:\/\/www.sisinternational.com\/it\/ricerche-di-mercato-nel-settore-sanitario-emea\/\" title=\"Ricerche di mercato nel settore sanitario in Europa\"  data-wpil-monitor-id=\"6693\">Market Strategy for your Healthcare<\/a> IT business. Call SIS today to schedule a consultation.<\/p>","protected":false},"excerpt":{"rendered":"<p>L&#039;IT sanitario utilizza tecnologia, software e altre soluzioni per gestire i dati migliorando al tempo stesso la cura e i risultati dei pazienti.<\/p>","protected":false},"author":1,"featured_media":62434,"parent":11294,"menu_order":296,"comment_status":"closed","ping_status":"closed","template":"","meta":{"footnotes":""},"class_list":["post-42646","page","type-page","status-publish","has-post-thumbnail"],"_links":{"self":[{"href":"https:\/\/www.sisinternational.com\/it\/wp-json\/wp\/v2\/pages\/42646","targetHints":{"allow":["GET"]}}],"collection":[{"href":"https:\/\/www.sisinternational.com\/it\/wp-json\/wp\/v2\/pages"}],"about":[{"href":"https:\/\/www.sisinternational.com\/it\/wp-json\/wp\/v2\/types\/page"}],"author":[{"embeddable":true,"href":"https:\/\/www.sisinternational.com\/it\/wp-json\/wp\/v2\/users\/1"}],"replies":[{"embeddable":true,"href":"https:\/\/www.sisinternational.com\/it\/wp-json\/wp\/v2\/comments?post=42646"}],"version-history":[{"count":10,"href":"https:\/\/www.sisinternational.com\/it\/wp-json\/wp\/v2\/pages\/42646\/revisions"}],"predecessor-version":[{"id":80910,"href":"https:\/\/www.sisinternational.com\/it\/wp-json\/wp\/v2\/pages\/42646\/revisions\/80910"}],"up":[{"embeddable":true,"href":"https:\/\/www.sisinternational.com\/it\/wp-json\/wp\/v2\/pages\/11294"}],"wp:featuredmedia":[{"embeddable":true,"href":"https:\/\/www.sisinternational.com\/it\/wp-json\/wp\/v2\/media\/62434"}],"wp:attachment":[{"href":"https:\/\/www.sisinternational.com\/it\/wp-json\/wp\/v2\/media?parent=42646"}],"curies":[{"name":"wp","href":"https:\/\/api.w.org\/{rel}","templated":true}]}}