{"id":42644,"date":"2023-05-02T14:32:16","date_gmt":"2023-05-02T18:32:16","guid":{"rendered":"https:\/\/www.sisinternational.com\/?page_id=42644"},"modified":"2026-01-25T19:27:53","modified_gmt":"2026-01-26T00:27:53","slug":"ricerche-di-mercato-dei-cereali","status":"publish","type":"page","link":"https:\/\/www.sisinternational.com\/it\/competenza\/ricerche-di-mercato-dei-cereali\/","title":{"rendered":"Ricerche di mercato sui cereali"},"content":{"rendered":"<h1 class=\"wp-block-heading\">Ricerche di mercato sui cereali<\/h1>\n\n\n\n<figure class=\"gb-block-image gb-block-image-f2e28518\"><img loading=\"lazy\" decoding=\"async\" width=\"1456\" height=\"816\" class=\"gb-image gb-image-f2e28518\" src=\"https:\/\/www.sisinternational.com\/wp-content\/uploads\/2025\/08\/Bean-soybean-1.jpg\" alt=\"Ricerca e strategia di mercato internazionale SIS\" title=\"Bean soybean (1)\" srcset=\"https:\/\/www.sisinternational.com\/wp-content\/uploads\/2025\/08\/Bean-soybean-1.jpg 1456w, https:\/\/www.sisinternational.com\/wp-content\/uploads\/2025\/08\/Bean-soybean-1-300x168.jpg 300w, https:\/\/www.sisinternational.com\/wp-content\/uploads\/2025\/08\/Bean-soybean-1-1024x574.jpg 1024w, https:\/\/www.sisinternational.com\/wp-content\/uploads\/2025\/08\/Bean-soybean-1-768x430.jpg 768w, https:\/\/www.sisinternational.com\/wp-content\/uploads\/2025\/08\/Bean-soybean-1-18x10.jpg 18w\" sizes=\"auto, (max-width: 1456px) 100vw, 1456px\"><\/figure>\n\n\n\n<p><\/p>\n\n\n\n<p>La ricerca di mercato dei cereali prevede la raccolta e la valutazione di dati relativi all\u2019industria dei cereali, inclusi fattori quali offerta, domanda, prezzi e tendenze di mercato. L&#039;obiettivo della conduzione dello studio \u00e8 acquisire una migliore comprensione del settore sulla base dei dati e delle strategie della ricerca di mercato dei cereali. Questa ricerca mira a fornire preziose informazioni sui numerosi fattori che influenzano il mercato dei cereali, come le fluttuazioni della domanda dei consumatori, i cambiamenti ambientali, la conformit\u00e0 normativa e le interruzioni nella catena di approvvigionamento.<\/p>\n\n\n\n<h2 class=\"wp-block-heading\">Segmentazione del mercato dei cereali<\/h2>\n\n\n\n<p>Comprendendo i diversi segmenti del settore del mercato dei cereali, le aziende possono sviluppare strategie di marketing mirate per raggiungere gruppi di clienti specifici e migliorare la loro performance complessiva del mercato.<\/p>\n\n\n\n<h3 class=\"wp-block-heading\">Ecco alcuni modi comuni per classificare l\u2019industria del grano:<\/h3>\n\n\n\n<p><strong>Tipi di cereali \u2013<\/strong> Il mercato dei cereali pu\u00f2 essere segmentato in base al tipo di grano, come grano, grano, mais, orzo e altri. Ogni tipo di grano ha caratteristiche, usi e domanda di mercato unici.<\/p>\n\n\n\n<p><strong>Regione geografica \u2013<\/strong> Il mercato dei cereali pu\u00f2 anche essere suddiviso in sottogruppi in base a dove viene prodotto, tra cui Asia-Pacifico, Nord America, Europa e il resto del mondo. Ogni regione ha le sue variet\u00e0 di cereali, abitudini alimentari e metodi di produzione distintivi.<\/p>\n\n\n\n<p><strong>Canale di distribuzione -<\/strong> Il mercato pu\u00f2 anche essere suddiviso in base a come vengono venduti i prodotti cerealicoli, inclusi supermercati, ipermercati, negozi specializzati e mercati online.<\/p>\n\n\n\n<p><strong>Applicazione per uso finale \u2013<\/strong> Il mercato dei cereali pu\u00f2 anche essere segmentato in base all\u2019applicazione finale, come alimenti, mangimi per animali, biocarburanti e applicazioni industriali. Grani diversi vengono utilizzati per applicazioni diverse e la domanda per ciascun grano varia di conseguenza.<\/p>\n\n\n\n<p><strong>Fascia di prezzo -<\/strong> Il mercato pu\u00f2 anche essere suddiviso in segmenti a seconda dei prodotti di riso premium, medi e bassi disponibili.<\/p>\n\n\n\n<h2 class=\"wp-block-heading\">Prodotti dell&#039;industria del mercato dei cereali<\/h2>\n\n\n\n<figure class=\"gb-block-image gb-block-image-fd36fac4\"><img loading=\"lazy\" decoding=\"async\" width=\"1456\" height=\"816\" class=\"gb-image gb-image-fd36fac4\" src=\"https:\/\/www.sisinternational.com\/wp-content\/uploads\/2025\/08\/Bean-soybean-5.jpg\" alt=\"Ricerca e strategia di mercato internazionale SIS\" title=\"Bean soybean (5)\" srcset=\"https:\/\/www.sisinternational.com\/wp-content\/uploads\/2025\/08\/Bean-soybean-5.jpg 1456w, https:\/\/www.sisinternational.com\/wp-content\/uploads\/2025\/08\/Bean-soybean-5-300x168.jpg 300w, https:\/\/www.sisinternational.com\/wp-content\/uploads\/2025\/08\/Bean-soybean-5-1024x574.jpg 1024w, https:\/\/www.sisinternational.com\/wp-content\/uploads\/2025\/08\/Bean-soybean-5-768x430.jpg 768w, https:\/\/www.sisinternational.com\/wp-content\/uploads\/2025\/08\/Bean-soybean-5-18x10.jpg 18w\" sizes=\"auto, (max-width: 1456px) 100vw, 1456px\"><\/figure>\n\n\n\n<p><\/p>\n\n\n\n<p>L\u2019industria del grano produce una vasta gamma di prodotti finali che vengono utilizzati per vari scopi. Le ricerche di mercato forniscono approfondimenti su alcuni dei prodotti finali pi\u00f9 comuni nell&#039;industria del grano, che includono punte, ma non si limitano a quanto segue:<\/p>\n\n\n\n<ul class=\"wp-block-list\">\n<li><strong>Grano -<\/strong> Un cereale comunemente utilizzato per produrre farina, pane, pasta e altri prodotti da forno.<\/li>\n\n\n\n<li><strong>Mais (mais) \u2013<\/strong> Una coltura di cereali utilizzata per il consumo umano, l&#039;alimentazione animale e per la produzione di biocarburanti e prodotti industriali.<\/li>\n\n\n\n<li><strong>Riso -<\/strong> Una coltura alimentare di base che costituisce una fonte primaria di nutrimento per molte persone in tutto il mondo.<\/li>\n\n\n\n<li><strong>Orzo -<\/strong> Un cereale utilizzato per l&#039;alimentazione animale, per l&#039;alimentazione umana e per la produzione di birra e whisky.<\/li>\n\n\n\n<li><strong>Sorgo \u2013<\/strong> Una coltura di cereali utilizzata per l&#039;alimentazione animale, l&#039;alimentazione umana e per la produzione di etanolo.<\/li>\n\n\n\n<li><strong>Avena -<\/strong> Un cereale utilizzato per il consumo umano, l&#039;alimentazione animale e per la produzione di farina d&#039;avena e altri prodotti alimentari.<\/li>\n\n\n\n<li><strong>Segale \u2013<\/strong> Un cereale utilizzato per il consumo umano, l&#039;alimentazione animale e per la produzione di pane di segale e whisky.<\/li>\n<\/ul>\n\n\n\n<p>Questi cereali sono beni essenziali nel mercato alimentare mondiale e il loro valore \u00e8 influenzato da diversi fattori come domanda e offerta, condizioni meteorologiche e tendenze economiche globali, solo per citarne alcuni.<\/p>\n\n\n\n<h2 class=\"wp-block-heading\">Fattori che incidono sull\u2019industria del grano<\/h2>\n\n\n\n<h3 class=\"wp-block-heading\">Le ricerche di mercato sui cereali possono essere influenzate da una serie di fattori, tra cui:<\/h3>\n\n\n\n<ul class=\"wp-block-list\">\n<li><strong>Cambiamenti climatici -<\/strong> L\u2019offerta e la domanda di cereali possono essere gravemente influenzate dagli eventi legati al cambiamento climatico, tra cui inondazioni, siccit\u00e0 e tempeste, che possono causare variazioni di prezzo.<\/li>\n\n\n\n<li><strong>Domanda globale \u2013<\/strong> La domanda di prodotti cerealicoli, compresi alimenti, mangimi per animali e biocarburanti, \u00e8 un fattore critico nell\u2019industria dei cereali. Le fluttuazioni della domanda possono influenzare i prezzi e i modelli commerciali.<\/li>\n\n\n\n<li><strong>Leggi governative \u2013<\/strong> La catena di approvvigionamento e i prezzi del mercato dei cereali possono essere influenzati da leggi governative quali politiche commerciali, norme di importazione\/esportazione e linee guida sulla sicurezza.<\/li>\n\n\n\n<li><strong>Sviluppi tecnologici \u2013<\/strong> I progressi tecnologici nelle pratiche agricole, nei macchinari e nell\u2019ingegneria genetica possono migliorare la resa e l\u2019efficienza dei raccolti, incidendo sull\u2019offerta e sui prezzi dei cereali.<\/li>\n\n\n\n<li><strong>Prezzi dell\u2019energia \u2013<\/strong> I prezzi del petrolio e di altre fonti energetiche possono avere un impatto sulla domanda di biocarburanti, che spesso sono ricavati dai cereali.<\/li>\n\n\n\n<li><strong>Concorrenza di mercato \u2013<\/strong> Poich\u00e9 le aziende competono per la quota di mercato, il livello di concorrenza nel mercato dei cereali pu\u00f2 avere un impatto sul costo e sulla disponibilit\u00e0 dei prodotti cerealicoli.<\/li>\n\n\n\n<li><strong>Fattori economici -<\/strong> Fattori economici, come l\u2019inflazione, i tassi di interesse e i tassi di cambio, possono avere un impatto sui prezzi e sulla domanda generale di prodotti a base di cereali.<\/li>\n<\/ul>\n\n\n\n<p>Le aziende possono creare strategie pi\u00f9 efficaci per gestire il rischio, individuare opportunit\u00e0 e migliorare le loro prestazioni generali nel settore dei cereali comprendendo i numerosi elementi che hanno un impatto sulla ricerca di mercato dei cereali.<\/p>\n\n\n\n<h2 class=\"wp-block-heading\">Metodi utilizzati nelle ricerche di mercato dei cereali<\/h2>\n\n\n\n<figure class=\"gb-block-image gb-block-image-fa55ab7c\"><img loading=\"lazy\" decoding=\"async\" width=\"1456\" height=\"816\" class=\"gb-image gb-image-fa55ab7c\" src=\"https:\/\/www.sisinternational.com\/wp-content\/uploads\/2025\/08\/Bean-soybean-3.jpg\" alt=\"Ricerca e strategia di mercato internazionale SIS\" title=\"Bean soybean (3)\" srcset=\"https:\/\/www.sisinternational.com\/wp-content\/uploads\/2025\/08\/Bean-soybean-3.jpg 1456w, https:\/\/www.sisinternational.com\/wp-content\/uploads\/2025\/08\/Bean-soybean-3-300x168.jpg 300w, https:\/\/www.sisinternational.com\/wp-content\/uploads\/2025\/08\/Bean-soybean-3-1024x574.jpg 1024w, https:\/\/www.sisinternational.com\/wp-content\/uploads\/2025\/08\/Bean-soybean-3-768x430.jpg 768w, https:\/\/www.sisinternational.com\/wp-content\/uploads\/2025\/08\/Bean-soybean-3-18x10.jpg 18w\" sizes=\"auto, (max-width: 1456px) 100vw, 1456px\"><\/figure>\n\n\n\n<p><\/p>\n\n\n\n<h3 class=\"wp-block-heading\">Per le ricerche di mercato sui cereali vengono impiegate diverse tecniche, tra cui:<\/h3>\n\n\n\n<ul class=\"wp-block-list\">\n<li>I sondaggi vengono spesso utilizzati per raccogliere informazioni sulle preferenze dei consumatori, sui modelli di acquisto e sulle opinioni su vari articoli correlati ai cereali. Sondaggi online, telefonici o di persona sono tutte opzioni.<\/li>\n\n\n\n<li>I focus group vengono utilizzati per ottenere dettagli pi\u00f9 approfonditi sugli atteggiamenti, le azioni e le opinioni dei clienti riguardo agli articoli correlati ai cereali. La discussione \u00e8 facilitata da un moderatore mentre un piccolo gruppo di partecipanti esprime le proprie opinioni ed esperienze.<\/li>\n\n\n\n<li>Per saperne di pi\u00f9 sul mercato dei cereali, la ricerca secondaria comporta l\u2019esame di fonti di dati gi\u00e0 pubblicate, tra cui rapporti governativi, riviste di settore e rapporti di ricerche di mercato.<\/li>\n\n\n\n<li>To better understand how people engage with various kinds of grain products, observational research entails watching and documenting consumer behavior in real-world situations like <a href=\"https:\/\/www.sisinternational.com\/it\/mystery-shopping-for-restaurants\/\" title=\"Mystery Shopping for Restaurants\"  data-wpil-monitor-id=\"1320\">restaurants and grocery shops<\/a>.<\/li>\n\n\n\n<li>Gli esperimenti testano le teorie sul comportamento dei consumatori o sulle tendenze del mercato modificando una o pi\u00f9 variabili. Ad esempio, un esperimento pu\u00f2 esaminare l\u2019impatto di vari sistemi di imballaggio o di prezzo sulla domanda di prodotti cerealicoli da parte dei consumatori.<\/li>\n\n\n\n<li>Utilizzando metodi statistici e computazionali all\u2019avanguardia, l\u2019analisi dei dati analizza enormi set di dati per individuare modelli e tendenze nel mercato dei cereali.<\/li>\n<\/ul>\n\n\n\n<p>Major players and businesses in the grain industry can better understand customer requirements and preferences, market trends, and other elements that have an impact on the grain sector by employing these techniques. Making wise business decisions and improving product development are all possible with the help of data and strategies in <a href=\"https:\/\/www.sisinternational.com\/it\/competenza\/industrie\/ricerche-di-mercato-sui-negozi-di-ferramenta\/\" title=\"Ricerche di mercato su negozi di ferramenta e bricolage\"  data-wpil-monitor-id=\"7056\">ricerche di mercato dei cereali<\/a>.<\/p>\n\n\n\n<h2 class=\"wp-block-heading\">Informazioni sulle ricerche di mercato dei cereali<\/h2>\n\n\n\n<p>The insights provided by grain market research can inform industry discussions and policy decisions. Stakeholders can be advised of the findings of grain market research through reports, presentations, and visual aids. The information and strategies gleaned from <a href=\"https:\/\/www.sisinternational.com\/it\/competenza\/industrie\/chief-information-officer-cio-ricerche-di-mercato\/\" title=\"Ricerca di mercato del Chief Information Officer (CIO).\"  data-wpil-monitor-id=\"5677\">ricerche di mercato dei cereali<\/a> can assist industry leaders in making informed choices. Multiple industries and businesses can improve their production, pricing, and marketing strategies in response to grain market research, resulting in increased profitability and expansion.<\/p>","protected":false},"excerpt":{"rendered":"<p>La ricerca di mercato dei cereali prevede la raccolta e la valutazione di dati sull\u2019industria dei cereali, tra cui offerta, domanda, prezzi e tendenze di mercato.<\/p>","protected":false},"author":1,"featured_media":63768,"parent":14514,"menu_order":295,"comment_status":"closed","ping_status":"closed","template":"","meta":{"footnotes":""},"class_list":["post-42644","page","type-page","status-publish","has-post-thumbnail"],"_links":{"self":[{"href":"https:\/\/www.sisinternational.com\/it\/wp-json\/wp\/v2\/pages\/42644","targetHints":{"allow":["GET"]}}],"collection":[{"href":"https:\/\/www.sisinternational.com\/it\/wp-json\/wp\/v2\/pages"}],"about":[{"href":"https:\/\/www.sisinternational.com\/it\/wp-json\/wp\/v2\/types\/page"}],"author":[{"embeddable":true,"href":"https:\/\/www.sisinternational.com\/it\/wp-json\/wp\/v2\/users\/1"}],"replies":[{"embeddable":true,"href":"https:\/\/www.sisinternational.com\/it\/wp-json\/wp\/v2\/comments?post=42644"}],"version-history":[{"count":5,"href":"https:\/\/www.sisinternational.com\/it\/wp-json\/wp\/v2\/pages\/42644\/revisions"}],"predecessor-version":[{"id":80619,"href":"https:\/\/www.sisinternational.com\/it\/wp-json\/wp\/v2\/pages\/42644\/revisions\/80619"}],"up":[{"embeddable":true,"href":"https:\/\/www.sisinternational.com\/it\/wp-json\/wp\/v2\/pages\/14514"}],"wp:featuredmedia":[{"embeddable":true,"href":"https:\/\/www.sisinternational.com\/it\/wp-json\/wp\/v2\/media\/63768"}],"wp:attachment":[{"href":"https:\/\/www.sisinternational.com\/it\/wp-json\/wp\/v2\/media?parent=42644"}],"curies":[{"name":"wp","href":"https:\/\/api.w.org\/{rel}","templated":true}]}}