{"id":42639,"date":"2023-05-01T19:23:55","date_gmt":"2023-05-01T23:23:55","guid":{"rendered":"https:\/\/www.sisinternational.com\/?page_id=42639"},"modified":"2026-01-25T19:05:49","modified_gmt":"2026-01-26T00:05:49","slug":"ricerche-di-mercato-nel-settore-del-golf","status":"publish","type":"page","link":"https:\/\/www.sisinternational.com\/it\/competenza\/ricerche-di-mercato-nel-settore-del-golf\/","title":{"rendered":"Ricerche di mercato nel settore del golf"},"content":{"rendered":"<h1 class=\"wp-block-heading\">Ricerche di mercato nel settore del golf<\/h1>\n\n\n\n<figure class=\"gb-block-image gb-block-image-3a68c684\"><img loading=\"lazy\" decoding=\"async\" width=\"1456\" height=\"816\" class=\"gb-image gb-image-3a68c684\" src=\"https:\/\/www.sisinternational.com\/wp-content\/uploads\/2025\/08\/Golf-sport-4.jpg\" alt=\"Ricerca e strategia di mercato internazionale SIS\" title=\"Golf sport (4)\" srcset=\"https:\/\/www.sisinternational.com\/wp-content\/uploads\/2025\/08\/Golf-sport-4.jpg 1456w, https:\/\/www.sisinternational.com\/wp-content\/uploads\/2025\/08\/Golf-sport-4-300x168.jpg 300w, https:\/\/www.sisinternational.com\/wp-content\/uploads\/2025\/08\/Golf-sport-4-1024x574.jpg 1024w, https:\/\/www.sisinternational.com\/wp-content\/uploads\/2025\/08\/Golf-sport-4-768x430.jpg 768w, https:\/\/www.sisinternational.com\/wp-content\/uploads\/2025\/08\/Golf-sport-4-18x10.jpg 18w\" sizes=\"auto, (max-width: 1456px) 100vw, 1456px\"><\/figure>\n\n\n\n<p><\/p>\n\n\n\n<p>Il golf era uno sport pi\u00f9 esclusivo, ma negli ultimi anni c&#039;\u00e8 stato chiaramente uno sviluppo costante nelle dimensioni del mercato delle attrezzature da golf e nell&#039;uso di campi da golf di design. Il golf \u00e8 uno sport che offre molteplici opportunit\u00e0, non solo economiche ma anche lavorative. \u00c8 anche diventato pi\u00f9 popolare tra i giocatori provenienti da contesti economici diversi.<\/p>\n\n\n\n<h2 class=\"wp-block-heading\">Panoramica delle ricerche di mercato del golf<\/h2>\n\n\n\n<p>In the past years, the golf industry has grown in the billions. Not only more <a href=\"https:\/\/www.sisinternational.com\/it\/competenza\/industrie\/ricerche-di-mercato-sui-golf-resort\/\" title=\"Ricerche di mercato sui resort per golfisti\"  data-wpil-monitor-id=\"4647\">golf courses have sprung up in resorts<\/a> and frequently visited regions, but the consumer base has also increased significantly. Golf is a sport that has seen incredibly high numbers of beginners. Notably, women make up a large part of golf beginners, and there has also been a sharp increase in juniors taking up this sport.<\/p>\n\n\n\n<p>Il mercato mostra ancora un grande potenziale di crescita, dal momento che milioni di persone hanno manifestato interesse per il golf. Ha sicuramente guadagnato popolarit\u00e0, compreso il golf fuori campo.<\/p>\n\n\n\n<p>Il golf fuori campo pu\u00f2 includere simulatori indoor, driving range indipendenti, programmi scolastici e giovanili fuori campo, ecc.<\/p>\n\n\n\n<h2 class=\"wp-block-heading\">Tendenze e fattori chiave nel settore del golf<\/h2>\n\n\n\n<figure class=\"gb-block-image gb-block-image-9198c587\"><img loading=\"lazy\" decoding=\"async\" width=\"1456\" height=\"816\" class=\"gb-image gb-image-9198c587\" src=\"https:\/\/www.sisinternational.com\/wp-content\/uploads\/2025\/08\/Golf-sport-1.jpg\" alt=\"Ricerca e strategia di mercato internazionale SIS\" title=\"Golf sport (1)\" srcset=\"https:\/\/www.sisinternational.com\/wp-content\/uploads\/2025\/08\/Golf-sport-1.jpg 1456w, https:\/\/www.sisinternational.com\/wp-content\/uploads\/2025\/08\/Golf-sport-1-300x168.jpg 300w, https:\/\/www.sisinternational.com\/wp-content\/uploads\/2025\/08\/Golf-sport-1-1024x574.jpg 1024w, https:\/\/www.sisinternational.com\/wp-content\/uploads\/2025\/08\/Golf-sport-1-768x430.jpg 768w, https:\/\/www.sisinternational.com\/wp-content\/uploads\/2025\/08\/Golf-sport-1-18x10.jpg 18w\" sizes=\"auto, (max-width: 1456px) 100vw, 1456px\"><\/figure>\n\n\n\n<p><\/p>\n\n\n\n<p>La crescente domanda di golf spinge il settore verso maggiori opportunit\u00e0 e crescita. Un numero considerevole di giocatori sono millennial. Con questo spostamento delle fasce d\u2019et\u00e0, ci saranno cambiamenti degni di nota nel settore del golf, ad esempio nel tipo di cibo servito nelle clubhouse \u2013 con maggiore attenzione al cibo sano \u2013 e anche nella tecnologia.<\/p>\n\n\n\n<p>I dispositivi del sistema di posizionamento globale e l&#039;analisi dello swing sono solo due esempi di tecnologia del golf. I sensori sul carrello da golf e i sensori di oscillazione (collegati alle mazze) possono aiutare a migliorare il gioco del golfista. Inoltre, le palline da golf intelligenti utilizzano la tecnologia per connettersi a un&#039;app del telefono. Ci\u00f2 consente al giocatore di ottenere informazioni dal contatto che effettua con la palla.<\/p>\n\n\n\n<p>Con il crescente fascino del golf tra le giocatrici, ci\u00f2 significa anche un maggiore interesse per la moda, gli accessori e le attrezzature da golf.<\/p>\n\n\n\n<p>In altre parole, questi cambiamenti demografici stimoleranno pi\u00f9 iniziative imprenditoriali nel settore del golf, offrendo opportunit\u00e0 di impiego, investimenti e vendite.<\/p>\n\n\n\n<h2 class=\"wp-block-heading\">Opportunit\u00e0 nel settore del golf<\/h2>\n\n\n\n<p>La costruzione di campi da golf e la maggiore domanda di attrezzature da golf significano nuove opportunit\u00e0 di lavoro per la gente del posto. Le localit\u00e0 turistiche traggono grandi benefici dall\u2019aggiunta di campi da golf poich\u00e9 non fanno altro che portare pi\u00f9 interesse e valore e attrarre pi\u00f9 viaggiatori che, oltre a giocare a golf, visiteranno anche le attrazioni locali.<\/p>\n\n\n\n<p>Jack Niklaus, Robert Trent Jones e Tom Weiskopf sono solo alcuni nomi di campi da golf di livello mondiale, che piaceranno sia ai giocatori esperti che ai principianti. Campi da golf cos\u00ec rinomati possono praticamente garantire un&#039;occupazione continuativa ai dipendenti locali.<\/p>\n\n\n\n<p>L&#039;industria del golf offre lavoro alla gente del posto nelle seguenti aree: negozi di attrezzatura da golf, caddie, assistenza ai cart, addetto alla clubhouse, addetto al parcheggio e manutenzione del campo (irrigazione di alcune aree, pulizia dei detriti, disinfestazione, ecc.). Alcune opportunit\u00e0 di lavoro nella clubhouse includono personale di bar, ristorante e cucina.<\/p>\n\n\n\n<p>Scegliere localit\u00e0 turistiche popolari per il golf aumenter\u00e0 sicuramente i visitatori e i viaggiatori in quelle aree; ad esempio, campi da golf sulla scogliera o green situati in aree desertiche con vista sull&#039;oceano, solo per citarne alcuni. Scenari cos\u00ec drammatici e viste spettacolari non fanno altro che aggiungere pi\u00f9 interesse a questi campi da golf.<\/p>\n\n\n\n<h2 class=\"wp-block-heading\">Sfide<\/h2>\n\n\n\n<figure class=\"gb-block-image gb-block-image-fa42d46b\"><img loading=\"lazy\" decoding=\"async\" width=\"1456\" height=\"816\" class=\"gb-image gb-image-fa42d46b\" src=\"https:\/\/www.sisinternational.com\/wp-content\/uploads\/2025\/08\/Golf-sport-6.jpg\" alt=\"Ricerca e strategia di mercato internazionale SIS\" title=\"Golf sport (6)\" srcset=\"https:\/\/www.sisinternational.com\/wp-content\/uploads\/2025\/08\/Golf-sport-6.jpg 1456w, https:\/\/www.sisinternational.com\/wp-content\/uploads\/2025\/08\/Golf-sport-6-300x168.jpg 300w, https:\/\/www.sisinternational.com\/wp-content\/uploads\/2025\/08\/Golf-sport-6-1024x574.jpg 1024w, https:\/\/www.sisinternational.com\/wp-content\/uploads\/2025\/08\/Golf-sport-6-768x430.jpg 768w, https:\/\/www.sisinternational.com\/wp-content\/uploads\/2025\/08\/Golf-sport-6-18x10.jpg 18w\" sizes=\"auto, (max-width: 1456px) 100vw, 1456px\"><\/figure>\n\n\n\n<p><\/p>\n\n\n\n<p>Financing golf courses is a challenging endeavor. To solve this issue, the following primary funding sources were proposed in golf <a class=\"wpil_keyword_link\" href=\"https:\/\/www.sisinternational.com\/it\/blog\/\"   title=\"Blog\" data-wpil-keyword-link=\"linked\"  data-wpil-monitor-id=\"691\">blog<\/a> posts and articles: conventional financing, investment from life insurance companies, small business administration loans, private equity financing, and commercial mortgage-backed security loans.<\/p>\n\n\n\n<p>Le opportunit\u00e0 di lavoro possono anche rappresentare una sfida se si considerano la retribuzione oraria media degli addetti alla manutenzione dei campi da golf e gli orari di lavoro rigidi. Naturalmente, questo dipende dal paese in cui il campo da golf \u00e8 o sar\u00e0 costruito. In generale, ci\u00f2 pu\u00f2 rappresentare solo uno svantaggio nei paesi con un basso tasso di disoccupazione.<\/p>\n\n\n\n<p>Un altro svantaggio della manutenzione dei campi da golf \u00e8 l\u2019elevata quantit\u00e0 di acqua utilizzata per l\u2019irrigazione. Soprattutto nelle zone aride, ci\u00f2 pu\u00f2 avere conseguenze negative sull\u2019ambiente e sulla popolazione locale. In alternativa, le acque reflue provenienti dai vicini impianti di trattamento delle acque forniscono un sostituto valido e pi\u00f9 disponibile. L&#039;irrigazione dei green con acque reflue anzich\u00e9 con acqua dolce \u00e8 una soluzione che viene applicata oggigiorno a numerosi campi da golf desertici. Anche i campi da golf in ambienti pi\u00f9 verdi stanno valutando questa opzione. Dato che le generazioni pi\u00f9 giovani di operatori sono pi\u00f9 consapevoli del cambiamento climatico, vi \u00e8 una crescente pressione per una gestione idrica rispettosa dell\u2019ambiente.<\/p>\n\n\n\n<h2 class=\"wp-block-heading\">Cluster di innovazione per analizzare le ricerche di mercato del golf<\/h2>\n\n\n\n<p>Le sfide possono aprire la strada a nuove opportunit\u00e0. Dopo la pandemia di Covid, gli stipendi di molti dipendenti, compresi i golfisti, sono diminuiti. Per evitare la perdita dei propri membri, i club di golf hanno abbassato le quote associative, consentendo ai membri esistenti di continuare a giocare e ai nuovi di unirsi.<\/p>\n\n\n\n<p>Inoltre, offrire ai membri la possibilit\u00e0 di giocare nove buche anzich\u00e9 un giro completo consente a pi\u00f9 persone di inserire una partita di golf nei loro programmi. I periodi pi\u00f9 brevi \u2013 non solo nove ma anche sei buche \u2013 stanno diventando sempre pi\u00f9 allettanti per il grande pubblico. Adattare i percorsi a questa domanda e persino progettare campi da golf che soddisfino queste richieste aumenter\u00e0 sicuramente l\u2019attrattiva verso segmenti di popolazione pi\u00f9 ampi.<\/p>\n\n\n\n<p>Per quanto riguarda le preoccupazioni ambientali, i corsi a emissioni zero stanno diventando sempre pi\u00f9 popolari. In generale, la comunit\u00e0 dei golfisti vuole non solo migliorare la gestione dell\u2019acqua, ma anche diventare un modello nella conservazione e nella biodiversit\u00e0.<\/p>\n\n\n\n<h2 class=\"wp-block-heading\">Prospettive future<\/h2>\n\n\n\n<figure class=\"gb-block-image gb-block-image-0f5c41b9\"><img loading=\"lazy\" decoding=\"async\" width=\"1456\" height=\"816\" class=\"gb-image gb-image-0f5c41b9\" src=\"https:\/\/www.sisinternational.com\/wp-content\/uploads\/2025\/08\/Golf-sport-5.jpg\" alt=\"Ricerca e strategia di mercato internazionale SIS\" title=\"Golf sport (5)\" srcset=\"https:\/\/www.sisinternational.com\/wp-content\/uploads\/2025\/08\/Golf-sport-5.jpg 1456w, https:\/\/www.sisinternational.com\/wp-content\/uploads\/2025\/08\/Golf-sport-5-300x168.jpg 300w, https:\/\/www.sisinternational.com\/wp-content\/uploads\/2025\/08\/Golf-sport-5-1024x574.jpg 1024w, https:\/\/www.sisinternational.com\/wp-content\/uploads\/2025\/08\/Golf-sport-5-768x430.jpg 768w, https:\/\/www.sisinternational.com\/wp-content\/uploads\/2025\/08\/Golf-sport-5-18x10.jpg 18w\" sizes=\"auto, (max-width: 1456px) 100vw, 1456px\"><\/figure>\n\n\n\n<p><\/p>\n\n\n\n<p>Regardless of the challenges, golf offers opportunities and has a promising future. Even though the changes in demographics may be a shock to the golfing community (which used to be a middle-aged and older crowd) these changes promote growth and innovation. With the rise in technology, healthier food options, employment opportunities, and the chance to play nine or six holes instead of a full round, the golf <a href=\"https:\/\/www.sisinternational.com\/it\/competenza\/industrie\/ricerche-di-mercato-sui-giochi-e-sul-gioco-dazzardo\/\" title=\"Ricerche di mercato nel settore dei giochi e dei giochi d&#039;azzardo\"  data-wpil-monitor-id=\"5399\">market will prosper and the game<\/a> will become more available and interesting for all.<\/p>\n\n\n\n<p>SIS International offre ricerca quantitativa, qualitativa e strategica. Forniamo dati, strumenti, strategie, report e approfondimenti per il processo decisionale. Conduciamo interviste, sondaggi, focus group e molti altri metodi e approcci di ricerca di mercato. Contattaci per il tuo prossimo progetto di ricerca di mercato.<\/p>","protected":false},"excerpt":{"rendered":"<p>L\u2019industria del golf \u00e8 cresciuta in modo significativo con pi\u00f9 campi, resort e una variet\u00e0 di clienti, che ora valgono miliardi.<\/p>","protected":false},"author":1,"featured_media":63666,"parent":14514,"menu_order":294,"comment_status":"closed","ping_status":"closed","template":"","meta":{"footnotes":""},"class_list":["post-42639","page","type-page","status-publish","has-post-thumbnail"],"_links":{"self":[{"href":"https:\/\/www.sisinternational.com\/it\/wp-json\/wp\/v2\/pages\/42639","targetHints":{"allow":["GET"]}}],"collection":[{"href":"https:\/\/www.sisinternational.com\/it\/wp-json\/wp\/v2\/pages"}],"about":[{"href":"https:\/\/www.sisinternational.com\/it\/wp-json\/wp\/v2\/types\/page"}],"author":[{"embeddable":true,"href":"https:\/\/www.sisinternational.com\/it\/wp-json\/wp\/v2\/users\/1"}],"replies":[{"embeddable":true,"href":"https:\/\/www.sisinternational.com\/it\/wp-json\/wp\/v2\/comments?post=42639"}],"version-history":[{"count":6,"href":"https:\/\/www.sisinternational.com\/it\/wp-json\/wp\/v2\/pages\/42639\/revisions"}],"predecessor-version":[{"id":79180,"href":"https:\/\/www.sisinternational.com\/it\/wp-json\/wp\/v2\/pages\/42639\/revisions\/79180"}],"up":[{"embeddable":true,"href":"https:\/\/www.sisinternational.com\/it\/wp-json\/wp\/v2\/pages\/14514"}],"wp:featuredmedia":[{"embeddable":true,"href":"https:\/\/www.sisinternational.com\/it\/wp-json\/wp\/v2\/media\/63666"}],"wp:attachment":[{"href":"https:\/\/www.sisinternational.com\/it\/wp-json\/wp\/v2\/media?parent=42639"}],"curies":[{"name":"wp","href":"https:\/\/api.w.org\/{rel}","templated":true}]}}