{"id":42636,"date":"2023-05-01T19:13:15","date_gmt":"2023-05-01T23:13:15","guid":{"rendered":"https:\/\/www.sisinternational.com\/?page_id=42636"},"modified":"2026-01-24T21:00:29","modified_gmt":"2026-01-25T02:00:29","slug":"ricerche-di-mercato-sulle-stazioni-di-servizio","status":"publish","type":"page","link":"https:\/\/www.sisinternational.com\/it\/competenza\/ricerche-di-mercato-sulle-stazioni-di-servizio\/","title":{"rendered":"Ricerche di mercato sulle stazioni di servizio"},"content":{"rendered":"<h1 class=\"wp-block-heading\">Ricerche di mercato sulle stazioni di servizio<\/h1>\n\n\n\n<figure class=\"gb-block-image gb-block-image-90f9f5d8\"><img loading=\"lazy\" decoding=\"async\" width=\"1456\" height=\"816\" class=\"gb-image gb-image-90f9f5d8\" src=\"https:\/\/www.sisinternational.com\/wp-content\/uploads\/2025\/08\/Gas-station-2.jpg\" alt=\"Ricerca e strategia di mercato internazionale SIS\" title=\"Gas station (2)\" srcset=\"https:\/\/www.sisinternational.com\/wp-content\/uploads\/2025\/08\/Gas-station-2.jpg 1456w, https:\/\/www.sisinternational.com\/wp-content\/uploads\/2025\/08\/Gas-station-2-300x168.jpg 300w, https:\/\/www.sisinternational.com\/wp-content\/uploads\/2025\/08\/Gas-station-2-1024x574.jpg 1024w, https:\/\/www.sisinternational.com\/wp-content\/uploads\/2025\/08\/Gas-station-2-768x430.jpg 768w, https:\/\/www.sisinternational.com\/wp-content\/uploads\/2025\/08\/Gas-station-2-18x10.jpg 18w\" sizes=\"auto, (max-width: 1456px) 100vw, 1456px\"><\/figure>\n\n\n\n<p><\/p>\n\n\n\n<p>Le stazioni di servizio devono essere in grado di rispondere rapidamente alle fluttuanti tendenze del mercato o ai cambiamenti nelle richieste dei clienti. Pertanto, per rimanere competitivi in questo panorama in continua evoluzione, i proprietari delle stazioni di servizio dovrebbero dare priorit\u00e0 agli investimenti in ricerche di mercato che forniscano informazioni utili sulle esigenze dei loro clienti e sulle tendenze del settore.<\/p>\n\n\n\n<p>Di conseguenza, la ricerca di mercato sulle stazioni di servizio offre una migliore comprensione dell\u2019importanza di comprendere questo mercato e identificare opportunit\u00e0 di crescita.<\/p>\n\n\n\n<h2 class=\"wp-block-heading\">Ricerche di mercato sulle stazioni di servizio: principali tendenze del mercato e influencer<\/h2>\n\n\n\n<p>Il settore delle stazioni di servizio \u00e8 influenzato da diverse tendenze e fattori chiave che modellano il panorama competitivo e il comportamento dei consumatori. Identificare e comprendere queste tendenze \u00e8 essenziale affinch\u00e9 le aziende possano prendere decisioni informate e rimanere competitive.<\/p>\n\n\n\n<h3 class=\"wp-block-heading\">Di seguito sono riportati alcuni dei principali trend di mercato e influencer nel settore delle stazioni di servizio:<\/h3>\n\n\n\n<ul class=\"wp-block-list\">\n<li><strong>Fluttuazioni del prezzo del carburante:<\/strong> L&#039;importanza delle variazioni dei prezzi del carburante, insieme a quelle dei mercati petroliferi mondiali, influisce pesantemente sulle stazioni di servizio. Influisce sulle decisioni di acquisto o sui livelli di consumo insieme alla performance finanziaria generale.<\/li>\n\n\n\n<li><strong>Progressi tecnologici:<\/strong> The emergence of electric vehicles (EVs), hydrogen, and biofuel alternatives are playing a significant role in determining <a href=\"https:\/\/www.sisinternational.com\/it\/soluzioni\/ricerche-di-mercato-su-oleodotti-e-gasdotti\/\" title=\"Ricerche di mercato su oleodotti e gasdotti\"  data-wpil-monitor-id=\"2164\">ricerche di mercato sulle stazioni di servizio<\/a>.<\/li>\n\n\n\n<li><strong>Cambiare le preferenze dei consumatori:<\/strong> Consumer preferences are changing towards eco-friendly fuel alternatives. The key for gasoline retailers in meeting shifting customer requirements lies in conducting regular <a href=\"https:\/\/www.sisinternational.com\/it\/mercato-al-dettaglio-asiatico\/\" title=\"Ricerche sul mercato al dettaglio asiatico\"  data-wpil-monitor-id=\"2683\">ricerche di mercato sulle stazioni di servizio<\/a> to keep up with these trends.<\/li>\n\n\n\n<li><strong>Preoccupazioni e normative ambientali:<\/strong> Per soddisfare le esigenze delle nuove leggi ambientali, la conformit\u00e0 \u00e8 fondamentale per gli operatori che desiderano attirare clienti attenti all\u2019ambiente.<\/li>\n\n\n\n<li><strong>Flussi di entrate non legate al carburante:<\/strong> Fornendo autolavaggi e altri servizi come minimarket e punti vendita di generi alimentari, le stazioni di servizio stanno cercando di espandere le proprie fonti di entrate. Se adeguatamente identificati e utilizzati dai rivenditori di benzina che cercano maggiori ritorni dalle operazioni delle loro attivit\u00e0, esiste un potenziale significativo all&#039;interno di forme alternative di reddito al di fuori della vendita di carburante tradizionale.<\/li>\n\n\n\n<li><strong>Verso la digitalizzazione:<\/strong> L\u2019uso di applicazioni mobili e l\u2019implementazione di programmi fedelt\u00e0 combinati con tattiche di marketing digitale sono cresciuti nel settore della vendita al dettaglio di carburanti grazie ai progressi tecnologici.<\/li>\n<\/ul>\n\n\n\n<h2 class=\"wp-block-heading\">Potenziali vantaggi derivanti dalla conduzione di ricerche di mercato sulle stazioni di servizio<\/h2>\n\n\n\n<figure class=\"gb-block-image gb-block-image-04e0ff32\"><img loading=\"lazy\" decoding=\"async\" width=\"1456\" height=\"816\" class=\"gb-image gb-image-04e0ff32\" src=\"https:\/\/www.sisinternational.com\/wp-content\/uploads\/2025\/08\/Gas-station-4.jpg\" alt=\"Ricerca e strategia di mercato internazionale SIS\" title=\"Gas station (4)\" srcset=\"https:\/\/www.sisinternational.com\/wp-content\/uploads\/2025\/08\/Gas-station-4.jpg 1456w, https:\/\/www.sisinternational.com\/wp-content\/uploads\/2025\/08\/Gas-station-4-300x168.jpg 300w, https:\/\/www.sisinternational.com\/wp-content\/uploads\/2025\/08\/Gas-station-4-1024x574.jpg 1024w, https:\/\/www.sisinternational.com\/wp-content\/uploads\/2025\/08\/Gas-station-4-768x430.jpg 768w, https:\/\/www.sisinternational.com\/wp-content\/uploads\/2025\/08\/Gas-station-4-18x10.jpg 18w\" sizes=\"auto, (max-width: 1456px) 100vw, 1456px\"><\/figure>\n\n\n\n<ul class=\"wp-block-list\">\n<li><a href=\"https:\/\/www.sisinternational.com\/it\/competenza\/industrie\/ricerche-di-mercato-del-petrolio-e-del-gas\/\" title=\"Ricerche di mercato nel settore del petrolio e del gas\"  data-wpil-monitor-id=\"3085\">Gas station market research<\/a> provides an opportunity for gas station operators to gain insight into the behaviors and requirements of their customers. Through analyzing this data, businesses are able to create effective advertising campaigns aimed at both acquiring new clients and retaining current ones.<\/li>\n\n\n\n<li>Gli approfondimenti basati sui dati provenienti da ricerche di mercato approfondite consentono alle aziende di prendere decisioni migliori in merito alle strategie di prezzo e alle offerte di prodotti.<\/li>\n\n\n\n<li>Per identificare le aree di differenziazione e miglioramento, le stazioni di servizio devono comprendere il panorama competitivo, che include l&#039;analisi dei punti di forza e di debolezza dei concorrenti. L&#039;utilizzo di tali dettagli aiuta a creare punti di vendita senza precedenti.<\/li>\n\n\n\n<li>Utilizzando le ricerche di mercato sulle stazioni di servizio per analizzare fattori quali la concorrenza locale e le informazioni demografiche, le aziende possono determinare le posizioni ottimali per le nuove stazioni di servizio o valutare il successo dei siti attuali.<\/li>\n\n\n\n<li>Le prospettive di guadagno non basate sulla benzina, come i minimarket e gli impianti di lavaggio dei veicoli, possono essere scoperte mediante ricerche di mercato sulle stazioni di servizio.<\/li>\n\n\n\n<li>Il processo di conduzione di studi di marketing approfonditi pu\u00f2 portare a identificare possibili strade per lo sviluppo come esigenze insoddisfatte dei clienti o nuovi mercati. Le imprese possono aumentare le loro quote di mercato e ottenere progressi duraturi in futuro.<\/li>\n\n\n\n<li>Gli operatori delle stazioni di servizio possono ridurre i rischi e creare tattiche per superare gli ostacoli conducendo ricerche di mercato approfondite sulle stazioni di servizio che identifichino potenziali pericoli e problemi di mercato.<\/li>\n<\/ul>\n\n\n\n<h2 class=\"wp-block-heading\">Sfide<\/h2>\n\n\n\n<ul class=\"wp-block-list\">\n<li>Le influenze sul settore delle stazioni di servizio includono i prezzi del carburante e le condizioni economiche insieme ai rapidi progressi tecnologici.<\/li>\n\n\n\n<li>Gestire informazioni sensibili come strategie di prezzo o dettagli sui clienti rende difficile la raccolta di dati accurati e affidabili.<\/li>\n\n\n\n<li>La conservazione ambientale, i protocolli di sicurezza e le politiche di riservatezza richiedono un rispetto rigoroso e i ricercatori devono affrontare la sfida di incorporare queste normative garantendone al tempo stesso la conformit\u00e0.<\/li>\n\n\n\n<li>Per rimanere competitive nel settore delle stazioni di servizio, le aziende devono spesso adattare le proprie strategie. Mantenere un vantaggio competitivo richiede il monitoraggio delle attivit\u00e0 della concorrenza e delle strategie di marketing nonostante le sfide e l\u2019impegno di tempo coinvolti.<\/li>\n\n\n\n<li>L&#039;esecuzione di un&#039;analisi di mercato dettagliata richiede una notevole allocazione di risorse preziose come forza lavoro esperta, tempo e capitale. Le imprese pi\u00f9 piccole spesso non dispongono dei mezzi necessari per intraprendere intense ricerche di mercato.<\/li>\n\n\n\n<li>Quantificare alcuni elementi del settore delle stazioni di servizio, come la soddisfazione del cliente o la percezione del marchio, pu\u00f2 rappresentare una sfida.<\/li>\n<\/ul>\n\n\n\n<h2 class=\"wp-block-heading\">Prospettive future<\/h2>\n\n\n\n<figure class=\"gb-block-image gb-block-image-531a479b\"><img loading=\"lazy\" decoding=\"async\" width=\"1456\" height=\"816\" class=\"gb-image gb-image-531a479b\" src=\"https:\/\/www.sisinternational.com\/wp-content\/uploads\/2025\/08\/Gas-station-1.jpg\" alt=\"Ricerca e strategia di mercato internazionale SIS\" title=\"Gas station (1)\" srcset=\"https:\/\/www.sisinternational.com\/wp-content\/uploads\/2025\/08\/Gas-station-1.jpg 1456w, https:\/\/www.sisinternational.com\/wp-content\/uploads\/2025\/08\/Gas-station-1-300x168.jpg 300w, https:\/\/www.sisinternational.com\/wp-content\/uploads\/2025\/08\/Gas-station-1-1024x574.jpg 1024w, https:\/\/www.sisinternational.com\/wp-content\/uploads\/2025\/08\/Gas-station-1-768x430.jpg 768w, https:\/\/www.sisinternational.com\/wp-content\/uploads\/2025\/08\/Gas-station-1-18x10.jpg 18w\" sizes=\"auto, (max-width: 1456px) 100vw, 1456px\"><\/figure>\n\n\n\n<p><\/p>\n\n\n\n<p>Influenzato da vari fattori come l\u2019evoluzione delle preferenze dei consumatori e i progressi tecnologici insieme alle preoccupazioni ambientali, si prevede che le prospettive future della ricerca di mercato sulle stazioni di servizio subiranno cambiamenti significativi. Per capire come si evolveranno le ricerche di mercato sulle stazioni di servizio in futuro \u00e8 importante considerare questi fattori chiave:<\/p>\n\n\n\n<ul class=\"wp-block-list\">\n<li>I combustibili alternativi come le celle a combustibile a idrogeno e i biocarburanti stanno diventando sempre pi\u00f9 popolari a causa della crescente preoccupazione per il cambiamento climatico e l\u2019inquinamento atmosferico. Per comprendere l\u2019atteggiamento dei consumatori nei confronti dei carburanti alternativi e la loro adozione, la ricerca di mercato sulle stazioni di servizio \u00e8 fondamentale.<\/li>\n\n\n\n<li>L\u2019integrazione dell\u2019analisi avanzata con l\u2019adozione di nuove tecnologie come i sistemi di pagamento digitale e i dispositivi IoT continueranno a trasformare le stazioni di servizio per migliorare l\u2019esperienza del cliente e aumentare la generazione di entrate.<\/li>\n\n\n\n<li>L\u2019espansione dell\u2019offerta di minimarket sta diventando sempre pi\u00f9 comune tra le stazioni di servizio per attirare clienti e generare entrate aggiuntive, e la ricerca di mercato nelle stazioni di servizio svolge un ruolo fondamentale nell\u2019identificazione sia delle preferenze dei consumatori che delle potenziali aree di crescita.<\/li>\n\n\n\n<li>Nel settore delle stazioni di servizio, dove la concorrenza si sta intensificando, \u00e8 essenziale offrire un&#039;esperienza cliente eccezionale per mantenere e attirare i clienti.<\/li>\n\n\n\n<li>To reduce their carbon footprint and satisfy the rising need for environmentally friendly goods and services, businesses may emphasize sustainability and environmental impact more in <a href=\"https:\/\/www.sisinternational.com\/it\/biocarburanti-nel-settore-aereo\/\" title=\"Ricerca di mercato sulla sostenibilit\u00e0 delle compagnie aeree\"  data-wpil-monitor-id=\"2444\">ricerche di mercato sulle stazioni di servizio<\/a> in the future. Moreover, comprehensive market research can provide valuable insights into identifying the best practices as well as understanding consumer preferences and potential growth opportunities within this area.<\/li>\n\n\n\n<li>Incentives for alternative fuel vehicles and government regulations and policies such as emission standards and fuel economy requirements can have a significant impact on the <a href=\"https:\/\/www.sisinternational.com\/it\/comprendere-il-sistema-di-scambio-delle-emissioni-dellue-e-una-relazione-sis\/\" title=\"Ricerche di mercato sullo scambio di quote di emissioni\"  data-wpil-monitor-id=\"1732\">ricerche di mercato sulle stazioni di servizio<\/a>. To understand the implications of these policies and develop strategies for adapting to the changing regulatory landscape, it will be crucial to conduct regular market research.<\/li>\n\n\n\n<li>L\u2019evoluzione del settore delle stazioni di servizio potrebbe portare a nuovi modelli di business, compresi i servizi di rifornimento in abbonamento o la consegna di carburante su richiesta, ed \u00e8 anche possibile che le partnership strategiche con rivenditori e fornitori di servizi diventino pi\u00f9 comuni. Condurre ricerche di mercato sulle stazioni di servizio \u00e8 essenziale per identificare la fattibilit\u00e0 e il potenziale di questi nuovi modelli di business.<\/li>\n<\/ul>","protected":false},"excerpt":{"rendered":"<p>La ricerca di mercato sulle stazioni di servizio offre una migliore comprensione dell\u2019importanza di comprendere il mercato e identificare opportunit\u00e0 di crescita.<\/p>","protected":false},"author":1,"featured_media":63840,"parent":14514,"menu_order":293,"comment_status":"closed","ping_status":"closed","template":"","meta":{"footnotes":""},"class_list":["post-42636","page","type-page","status-publish","has-post-thumbnail"],"_links":{"self":[{"href":"https:\/\/www.sisinternational.com\/it\/wp-json\/wp\/v2\/pages\/42636","targetHints":{"allow":["GET"]}}],"collection":[{"href":"https:\/\/www.sisinternational.com\/it\/wp-json\/wp\/v2\/pages"}],"about":[{"href":"https:\/\/www.sisinternational.com\/it\/wp-json\/wp\/v2\/types\/page"}],"author":[{"embeddable":true,"href":"https:\/\/www.sisinternational.com\/it\/wp-json\/wp\/v2\/users\/1"}],"replies":[{"embeddable":true,"href":"https:\/\/www.sisinternational.com\/it\/wp-json\/wp\/v2\/comments?post=42636"}],"version-history":[{"count":8,"href":"https:\/\/www.sisinternational.com\/it\/wp-json\/wp\/v2\/pages\/42636\/revisions"}],"predecessor-version":[{"id":77383,"href":"https:\/\/www.sisinternational.com\/it\/wp-json\/wp\/v2\/pages\/42636\/revisions\/77383"}],"up":[{"embeddable":true,"href":"https:\/\/www.sisinternational.com\/it\/wp-json\/wp\/v2\/pages\/14514"}],"wp:featuredmedia":[{"embeddable":true,"href":"https:\/\/www.sisinternational.com\/it\/wp-json\/wp\/v2\/media\/63840"}],"wp:attachment":[{"href":"https:\/\/www.sisinternational.com\/it\/wp-json\/wp\/v2\/media?parent=42636"}],"curies":[{"name":"wp","href":"https:\/\/api.w.org\/{rel}","templated":true}]}}