{"id":42632,"date":"2023-05-01T18:33:59","date_gmt":"2023-05-01T22:33:59","guid":{"rendered":"https:\/\/www.sisinternational.com\/?page_id=42632"},"modified":"2026-01-25T18:36:20","modified_gmt":"2026-01-25T23:36:20","slug":"ricerche-di-mercato-nel-settore-forestale","status":"publish","type":"page","link":"https:\/\/www.sisinternational.com\/it\/competenza\/ricerche-di-mercato-nel-settore-forestale\/","title":{"rendered":"Ricerche di mercato nel settore forestale"},"content":{"rendered":"<h1 class=\"wp-block-heading\">Ricerche di mercato nel settore forestale<\/h1>\n\n\n\n<figure class=\"gb-block-image gb-block-image-666f0a67\"><img loading=\"lazy\" decoding=\"async\" width=\"1456\" height=\"816\" class=\"gb-image gb-image-666f0a67\" src=\"https:\/\/www.sisinternational.com\/wp-content\/uploads\/2025\/08\/Forestry-4.jpg\" alt=\"Ricerca e strategia di mercato internazionale SIS\" title=\"Forestry (4)\" srcset=\"https:\/\/www.sisinternational.com\/wp-content\/uploads\/2025\/08\/Forestry-4.jpg 1456w, https:\/\/www.sisinternational.com\/wp-content\/uploads\/2025\/08\/Forestry-4-300x168.jpg 300w, https:\/\/www.sisinternational.com\/wp-content\/uploads\/2025\/08\/Forestry-4-1024x574.jpg 1024w, https:\/\/www.sisinternational.com\/wp-content\/uploads\/2025\/08\/Forestry-4-768x430.jpg 768w, https:\/\/www.sisinternational.com\/wp-content\/uploads\/2025\/08\/Forestry-4-18x10.jpg 18w\" sizes=\"auto, (max-width: 1456px) 100vw, 1456px\"><\/figure>\n\n\n\n<p><\/p>\n\n\n\n<p>L\u2019industria forestale \u00e8 essenziale per fornire risorse preziose come legno, carta e prodotti forestali non legnosi. Poich\u00e9 la domanda di prodotti forestali continua a crescere e le preoccupazioni ambientali diventano pi\u00f9 pressanti, \u00e8 essenziale che le imprese, i politici e le parti interessate rimangano informati sulle dinamiche del settore attraverso ricerche di mercato nel settore forestale.<\/p>\n\n\n\n<p>La ricerca di mercato nel settore forestale \u00e8 uno strumento fondamentale per comprendere le tendenze del mercato, identificare le opportunit\u00e0 emergenti e prendere decisioni informate che promuovono pratiche sostenibili e aumentano la redditivit\u00e0 mentre le aziende aderiscono alle migliori pratiche del settore e rispettano le normative vigenti.<\/p>\n\n\n\n<h2 class=\"wp-block-heading\">Cos\u2019\u00e8 la ricerca di mercato nel settore forestale?<\/h2>\n\n\n\n<p>Forestry market research is a systematic process of collecting, analyzing, and drawing conclusions about the forestry industry to provide valuable insights for stakeholders. It studies various aspects of the industry such as <a href=\"https:\/\/www.sisinternational.com\/it\/soluzioni\/consulenza-strategica\/studi-di-dimensionamento-della-fattibilita-dellingresso-nel-mercato\/\" title=\"Ingresso nel mercato, studi di fattibilit\u00e0 e dimensionamento\"  data-wpil-monitor-id=\"9127\">market size<\/a>, growth trends, product demand, consumer preferences, emerging opportunities, and challenges.<\/p>\n\n\n\n<p>Aiuta inoltre le aziende a identificare potenziali mercati, comprendere la concorrenza, sviluppare strategie per una crescita sostenibile e prevedere le tendenze future. Inoltre, i politici possono utilizzare questa ricerca per formulare politiche efficaci, promuovere pratiche di gestione responsabile delle foreste e affrontare le preoccupazioni ambientali.<\/p>\n\n\n\n<h2 class=\"wp-block-heading\">Il ruolo chiave delle Imprese<\/h2>\n\n\n\n<figure class=\"gb-block-image gb-block-image-fdc93313\"><img loading=\"lazy\" decoding=\"async\" width=\"1456\" height=\"816\" class=\"gb-image gb-image-fdc93313\" src=\"https:\/\/www.sisinternational.com\/wp-content\/uploads\/2025\/08\/Forestry-2.jpg\" alt=\"Ricerca e strategia di mercato internazionale SIS\" title=\"Forestry (2)\" srcset=\"https:\/\/www.sisinternational.com\/wp-content\/uploads\/2025\/08\/Forestry-2.jpg 1456w, https:\/\/www.sisinternational.com\/wp-content\/uploads\/2025\/08\/Forestry-2-300x168.jpg 300w, https:\/\/www.sisinternational.com\/wp-content\/uploads\/2025\/08\/Forestry-2-1024x574.jpg 1024w, https:\/\/www.sisinternational.com\/wp-content\/uploads\/2025\/08\/Forestry-2-768x430.jpg 768w, https:\/\/www.sisinternational.com\/wp-content\/uploads\/2025\/08\/Forestry-2-18x10.jpg 18w\" sizes=\"auto, (max-width: 1456px) 100vw, 1456px\"><\/figure>\n\n\n\n<p>Le ricerche di mercato aiutano le aziende a orientarsi nel settore forestale in continua evoluzione. Fornendo preziose informazioni e analisi basate sui dati, supporta le aziende globali nel prendere decisioni informate che guidano la crescita, l&#039;innovazione e la sostenibilit\u00e0. Alcuni degli elementi scoperti dalle ricerche di mercato nel settore forestale sono:<\/p>\n\n\n\n<ul class=\"wp-block-list\">\n<li><strong>Individuazione delle opportunit\u00e0:<\/strong> Le ricerche di mercato nel settore forestale consentono alle aziende di identificare nuove opportunit\u00e0 di mercato come tendenze emergenti, nicchie non sfruttate o sviluppi di prodotti innovativi. Queste informazioni aiutano le aziende ad espandere la propria offerta di prodotti, ad entrare in nuovi mercati e a stare al passo con la concorrenza.<\/li>\n\n\n\n<li><strong>Comprensione <\/strong><a href=\"https:\/\/www.sisinternational.com\/it\/caso-di-studio-ipotetico-di-consumer-analytics-eharmony\/\" title=\"Analisi dei consumatori: caso di studio ipotetico di eHarmony\"  data-wpil-monitor-id=\"9129\">consumer preferences: By studying<\/a> consumer preferences and buying behavior, market research allows businesses to tailor their products and marketing strategies to meet customer demands. It builds strong customer relationships, <a href=\"https:\/\/www.sisinternational.com\/it\/migliorare-le-relazioni-con-i-clienti\/\" title=\"Come migliorare la soddisfazione del cliente e soddisfare i clienti insoddisfatti\"  data-wpil-monitor-id=\"9123\">improves customer satisfaction<\/a>, and increases sales.<\/li>\n\n\n\n<li><strong>Analisi competitiva:<\/strong> Market research provides businesses with an in-depth understanding of their competitors, including their market share, product offerings, strengths, and weaknesses. With this data, businesses can develop <a href=\"https:\/\/www.sisinternational.com\/it\/la-necessita-di-intelligenza-competitiva-in-questa-recessione\/\" title=\"La necessit\u00e0 di intelligence competitiva in una recessione\"  data-wpil-monitor-id=\"9125\">strategies<\/a> to differentiate themselves and gain a competitive edge.<\/li>\n\n\n\n<li><strong>Gestione del rischio e conformit\u00e0 normativa:<\/strong> Il settore forestale \u00e8 soggetto a numerose normative e preoccupazioni ambientali e le ricerche di mercato nel settore forestale aiutano le aziende a comprendere e rispettare le normative pertinenti, mitigare i rischi e adottare pratiche sostenibili che migliorano la reputazione e il valore del marchio.<\/li>\n\n\n\n<li><strong>Pianificazione strategica:<\/strong> Analizzando i dati storici e identificando le tendenze, la ricerca di mercato supporta le aziende nella previsione degli sviluppi futuri del mercato forestale e nel prendere decisioni basate sui dati. Ci\u00f2 consente loro di allocare le risorse in modo efficace, pianificare la crescita a lungo termine e adattarsi alle mutevoli condizioni del mercato.<\/li>\n<\/ul>\n\n\n\n<h2 class=\"wp-block-heading\">Principali fattori di mercato<\/h2>\n\n\n\n<figure class=\"gb-block-image gb-block-image-0afb418a\"><img loading=\"lazy\" decoding=\"async\" width=\"1456\" height=\"816\" class=\"gb-image gb-image-0afb418a\" src=\"https:\/\/www.sisinternational.com\/wp-content\/uploads\/2025\/08\/Forestry-3.jpg\" alt=\"Ricerca e strategia di mercato internazionale SIS\" title=\"Forestry (3)\" srcset=\"https:\/\/www.sisinternational.com\/wp-content\/uploads\/2025\/08\/Forestry-3.jpg 1456w, https:\/\/www.sisinternational.com\/wp-content\/uploads\/2025\/08\/Forestry-3-300x168.jpg 300w, https:\/\/www.sisinternational.com\/wp-content\/uploads\/2025\/08\/Forestry-3-1024x574.jpg 1024w, https:\/\/www.sisinternational.com\/wp-content\/uploads\/2025\/08\/Forestry-3-768x430.jpg 768w, https:\/\/www.sisinternational.com\/wp-content\/uploads\/2025\/08\/Forestry-3-18x10.jpg 18w\" sizes=\"auto, (max-width: 1456px) 100vw, 1456px\"><\/figure>\n\n\n\n<p><\/p>\n\n\n\n<p>La ricerca di mercato nel settore forestale \u00e8 essenziale per comprendere i fattori che guidano la crescita e lo sviluppo del settore forestale. Esaminando questi fattori chiave del mercato, le imprese e i politici possono prendere decisioni informate per sfruttare le opportunit\u00e0 e assicurarsi un futuro redditizio.<\/p>\n\n\n\n<ul class=\"wp-block-list\">\n<li><strong>La crescente domanda di prodotti in legno:<\/strong> La domanda globale di legno, carta e altri prodotti forestali continua ad aumentare, spinta dalla crescita della popolazione, dall\u2019urbanizzazione e dall\u2019aumento dei redditi disponibili. Pertanto, le ricerche di mercato nel settore forestale consentono alle aziende di identificare tendenze e opportunit\u00e0 nel mercato per soddisfare la crescente domanda mantenendo pratiche sostenibili.<\/li>\n\n\n\n<li><strong>Gestione sostenibile delle foreste:<\/strong> As environmental concerns become more prominent, there is an increasing focus on sustainable forest management practices. Market research provides insights into best practices, certification standards, and <a href=\"https:\/\/www.sisinternational.com\/it\/competenza\/curriculum-di-esperienza\/ricerche-di-mercato-sui-prodotti-per-la-cura-personale\/\" title=\"Ricerche di mercato sui prodotti per la cura personale\"  data-wpil-monitor-id=\"9132\">market preferences for sustainably sourced products<\/a>, helping businesses and policymakers adopt responsible forest management strategies. Furthermore, this type of <a href=\"https:\/\/www.sisinternational.com\/it\/competenza\/curriculum-di-esperienza\/ricerca-sul-marchio\/\" title=\"Societ\u00e0 di ricerca sul marchio\"  data-wpil-monitor-id=\"9133\">research helps companies<\/a> to maintain their reputation as eco-friendly and sustainable organizations.<\/li>\n\n\n\n<li><strong>Risorse di energia alternativa:<\/strong> The growing need for alternative and renewable energy sources has spurred interest in forest-based bioenergy and biofuels. Forestry market research provides valuable information on the potential of these resources, helping businesses and policymakers explore opportunities and develop strategies to <a href=\"https:\/\/www.sisinternational.com\/it\/soluzioni\/ricerca-di-consulenza-strategica-fintech\/ricerche-di-mercato-sui-mercati-dei-capitali\/\" title=\"Ricerche di mercato sui mercati dei capitali\"  data-wpil-monitor-id=\"9131\">capitalize on this growing market<\/a> segment.<\/li>\n\n\n\n<li><strong>Mitigazione del cambiamento climatico:<\/strong> Le foreste svolgono un ruolo fondamentale nel mitigare il cambiamento climatico assorbendo e immagazzinando l\u2019anidride carbonica. Mentre i governi e le imprese cercano di ridurre la propria impronta di carbonio, le ricerche di mercato nel settore forestale offrono informazioni sul potenziale delle foreste per il sequestro del carbonio e sullo sviluppo di mercati del carbonio basati sulle foreste.<\/li>\n<\/ul>\n\n\n\n<h2 class=\"wp-block-heading\">Sfide e vincoli del mercato che incidono sul settore forestale<\/h2>\n\n\n\n<h3 class=\"wp-block-heading\">Sebbene il settore forestale offra un immenso potenziale di crescita e sostenibilit\u00e0, deve anche affrontare numerose sfide. Alcune delle sfide principali sono:<\/h3>\n\n\n\n<ul class=\"wp-block-list\">\n<li><strong>Deforestazione:<\/strong> La rapida deforestazione rappresenta una minaccia significativa per l\u2019industria forestale. Tuttavia, la ricerca di mercato nel settore forestale aiuta le parti interessate a valutare la portata di questi problemi e a sviluppare strategie per la gestione e il ripristino sostenibili delle foreste.<\/li>\n\n\n\n<li><strong>Questioni normative:<\/strong> Il settore forestale \u00e8 soggetto a numerose normative e districarsi tra queste complesse normative pu\u00f2 essere impegnativo e costoso. Soprattutto perch\u00e9 le normative continuano ad aumentare a causa del cambiamento climatico.<\/li>\n\n\n\n<li><strong>Conflitti sull\u2019uso del territorio:<\/strong> Richieste contrastanti di terra possono creare competizione per le risorse forestali. La ricerca di mercato nel settore forestale aiuta le parti interessate a comprendere questi conflitti e a identificare strategie per bilanciare le richieste concorrenti di utilizzo del territorio preservando al tempo stesso le risorse forestali.<\/li>\n\n\n\n<li><strong>Cambiamento climatico:<\/strong> Climate change poses significant threats to forest ecosystems and <a href=\"https:\/\/www.sisinternational.com\/it\/competenza\/industrie\/ricerche-di-mercato-sui-cambiamenti-climatici\/\" title=\"Ricerche di mercato sui cambiamenti climatici\"  data-wpil-monitor-id=\"4989\">ricerche di mercato nel settore forestale<\/a> helps stakeholders assess the impacts of climate change on forests and develop adaptive management strategies to mitigate these risks.<\/li>\n<\/ul>\n\n\n\n<h2 class=\"wp-block-heading\">La prospettiva della ricerca di mercato nel settore forestale: immaginare un futuro sostenibile e redditizio<\/h2>\n\n\n\n<figure class=\"gb-block-image gb-block-image-5d90649e\"><img loading=\"lazy\" decoding=\"async\" width=\"1456\" height=\"816\" class=\"gb-image gb-image-5d90649e\" src=\"https:\/\/www.sisinternational.com\/wp-content\/uploads\/2025\/08\/Forestry-1.jpg\" alt=\"Ricerca e strategia di mercato internazionale SIS\" title=\"Forestry (1)\" srcset=\"https:\/\/www.sisinternational.com\/wp-content\/uploads\/2025\/08\/Forestry-1.jpg 1456w, https:\/\/www.sisinternational.com\/wp-content\/uploads\/2025\/08\/Forestry-1-300x168.jpg 300w, https:\/\/www.sisinternational.com\/wp-content\/uploads\/2025\/08\/Forestry-1-1024x574.jpg 1024w, https:\/\/www.sisinternational.com\/wp-content\/uploads\/2025\/08\/Forestry-1-768x430.jpg 768w, https:\/\/www.sisinternational.com\/wp-content\/uploads\/2025\/08\/Forestry-1-18x10.jpg 18w\" sizes=\"auto, (max-width: 1456px) 100vw, 1456px\"><\/figure>\n\n\n\n<p><\/p>\n\n\n\n<p>La prospettiva delle ricerche di mercato nel settore forestale \u00e8 promettente poich\u00e9 continua a svolgere un ruolo importante nel plasmare il futuro del settore forestale.<\/p>\n\n\n\n<ul class=\"wp-block-list\">\n<li>As the demand for forest products continues to grow globally, market research will be crucial in identifying new markets and opportunities for businesses. By understanding regional market dynamics, businesses can tailor their strategies, products, and <a href=\"https:\/\/www.sisinternational.com\/it\/soluzioni\/ricerca-di-consulenza-strategica-fintech\/ricerche-di-mercato-sui-servizi-finanziari\/\" title=\"Ricerche di mercato sui servizi finanziari\"  data-wpil-monitor-id=\"9134\">services to meet specific market<\/a> demands, paving the way for global expansion and maintaining steady growth despite industry challenges.<\/li>\n\n\n\n<li>Con le crescenti preoccupazioni sulla deforestazione e sul cambiamento climatico, la necessit\u00e0 di pratiche di gestione forestale sostenibile non \u00e8 mai stata cos\u00ec grande. La ricerca di mercato nel settore forestale svolger\u00e0 un ruolo fondamentale nell\u2019identificazione delle migliori pratiche, delle soluzioni innovative e delle preferenze di mercato per i prodotti provenienti da fonti sostenibili, consentendo alle imprese e ai politici di promuovere la gestione e la conservazione responsabile delle foreste.<\/li>\n\n\n\n<li>Lo sviluppo di nuovi prodotti forestali e di tecnologie di lavorazione a valore aggiunto, come materiali e prodotti chimici di origine biologica, offre opportunit\u00e0 di diversificazione e crescita. Di conseguenza, la ricerca di mercato nel settore forestale aiuter\u00e0 le aziende a identificare queste opportunit\u00e0 emergenti e a trarne vantaggio per espandere il proprio portafoglio di prodotti e aumentare la redditivit\u00e0.<\/li>\n<\/ul>\n\n\n\n<p>SIS International offre ricerca quantitativa, qualitativa e strategica. Forniamo dati, strumenti, strategie, report e approfondimenti per il processo decisionale. Conduciamo interviste, sondaggi, focus group e molti altri metodi e approcci di ricerca di mercato. Contattaci per il tuo prossimo progetto di ricerca di mercato.<\/p>","protected":false},"excerpt":{"rendered":"<p>Con l&#039;aumento della domanda e delle preoccupazioni ambientali, le aziende devono rimanere informate sul settore dei prodotti forestali con le ricerche di mercato forestali.<\/p>","protected":false},"author":1,"featured_media":63807,"parent":14514,"menu_order":292,"comment_status":"closed","ping_status":"closed","template":"","meta":{"footnotes":""},"class_list":["post-42632","page","type-page","status-publish","has-post-thumbnail"],"_links":{"self":[{"href":"https:\/\/www.sisinternational.com\/it\/wp-json\/wp\/v2\/pages\/42632","targetHints":{"allow":["GET"]}}],"collection":[{"href":"https:\/\/www.sisinternational.com\/it\/wp-json\/wp\/v2\/pages"}],"about":[{"href":"https:\/\/www.sisinternational.com\/it\/wp-json\/wp\/v2\/types\/page"}],"author":[{"embeddable":true,"href":"https:\/\/www.sisinternational.com\/it\/wp-json\/wp\/v2\/users\/1"}],"replies":[{"embeddable":true,"href":"https:\/\/www.sisinternational.com\/it\/wp-json\/wp\/v2\/comments?post=42632"}],"version-history":[{"count":5,"href":"https:\/\/www.sisinternational.com\/it\/wp-json\/wp\/v2\/pages\/42632\/revisions"}],"predecessor-version":[{"id":81528,"href":"https:\/\/www.sisinternational.com\/it\/wp-json\/wp\/v2\/pages\/42632\/revisions\/81528"}],"up":[{"embeddable":true,"href":"https:\/\/www.sisinternational.com\/it\/wp-json\/wp\/v2\/pages\/14514"}],"wp:featuredmedia":[{"embeddable":true,"href":"https:\/\/www.sisinternational.com\/it\/wp-json\/wp\/v2\/media\/63807"}],"wp:attachment":[{"href":"https:\/\/www.sisinternational.com\/it\/wp-json\/wp\/v2\/media?parent=42632"}],"curies":[{"name":"wp","href":"https:\/\/api.w.org\/{rel}","templated":true}]}}