{"id":42629,"date":"2023-05-01T17:43:49","date_gmt":"2023-05-01T21:43:49","guid":{"rendered":"https:\/\/www.sisinternational.com\/?page_id=42629"},"modified":"2026-03-12T13:21:29","modified_gmt":"2026-03-12T17:21:29","slug":"ricerche-di-mercato-sugli-ingredienti-per-bevande-alimentari","status":"publish","type":"page","link":"https:\/\/www.sisinternational.com\/it\/soluzioni\/ricerche-di-mercato-nel-settore-delle-bevande-alimentari\/ricerche-di-mercato-sugli-ingredienti-per-bevande-alimentari\/","title":{"rendered":"Ricerche di mercato sugli ingredienti per alimenti e bevande"},"content":{"rendered":"<h1 class=\"wp-block-heading\">Ricerche di mercato sugli ingredienti per alimenti e bevande<\/h1>\n\n\n\n<figure class=\"gb-block-image gb-block-image-66181560\"><img loading=\"lazy\" decoding=\"async\" width=\"1456\" height=\"816\" class=\"gb-image gb-image-66181560\" src=\"https:\/\/www.sisinternational.com\/wp-content\/uploads\/2025\/08\/Mexican-food-lunch-10.jpg\" alt=\"Ricerca e strategia di mercato internazionale SIS\" title=\"Mexican food lunch (10)\" srcset=\"https:\/\/www.sisinternational.com\/wp-content\/uploads\/2025\/08\/Mexican-food-lunch-10.jpg 1456w, https:\/\/www.sisinternational.com\/wp-content\/uploads\/2025\/08\/Mexican-food-lunch-10-300x168.jpg 300w, https:\/\/www.sisinternational.com\/wp-content\/uploads\/2025\/08\/Mexican-food-lunch-10-1024x574.jpg 1024w, https:\/\/www.sisinternational.com\/wp-content\/uploads\/2025\/08\/Mexican-food-lunch-10-768x430.jpg 768w, https:\/\/www.sisinternational.com\/wp-content\/uploads\/2025\/08\/Mexican-food-lunch-10-18x10.jpg 18w\" sizes=\"auto, (max-width: 1456px) 100vw, 1456px\"><\/figure>\n\n\n\n<p><\/p>\n\n\n\n<h2 class=\"wp-block-heading\">Ricerche di mercato sugli ingredienti per alimenti e bevande: panoramica del mercato<\/h2>\n\n\n\n<p>La ricerca di mercato sugli ingredienti per alimenti e bevande fornisce approfondimenti su informazioni vitali per i principali attori dell\u2019industria alimentare e delle bevande globale. Gli ingredienti alimentari sono sostanze che vengono aggiunte ai prodotti alimentari durante la lavorazione per migliorarne il sapore, la consistenza, l&#039;aspetto, la stabilit\u00e0 e il contenuto nutrizionale. Possono essere naturali o sintetici e vengono utilizzati in un&#039;ampia gamma di prodotti alimentari e bevande, inclusi prodotti da forno, latticini, bevande, dolciumi, salse, condimenti e altro ancora.<\/p>\n\n\n\n<h2 class=\"wp-block-heading\">Vantaggi degli ingredienti per alimenti e bevande<\/h2>\n\n\n\n<h3 class=\"wp-block-heading\">Gli ingredienti per alimenti e bevande offrono numerosi vantaggi all&#039;industria alimentare e delle bevande.<\/h3>\n\n\n\n<ul class=\"wp-block-list\">\n<li><strong>Gusto e sapore migliorati \u2013<\/strong> Ingredienti alimentari come aromi e condimenti migliorano il gusto e il sapore dei prodotti alimentari, conferendo loro un vantaggio sul mercato.<\/li>\n\n\n\n<li><strong>Texture e aspetto migliorati \u2013<\/strong> Emulsionanti, stabilizzanti e addensanti migliorano la consistenza e l&#039;aspetto dei prodotti alimentari, prevenendone la separazione o il deterioramento.<\/li>\n\n\n\n<li><strong>Durata di conservazione estesa \u2013<\/strong> Gli additivi alimentari, come conservanti e antiossidanti, prolungano la durata di conservazione dei prodotti alimentari, riducendo cos\u00ec al minimo gli sprechi alimentari e avvantaggiando sia i produttori che i consumatori.<\/li>\n\n\n\n<li><strong>Miglioramento nutrizionale \u2013<\/strong> Ingredienti alimentari come fortificanti, vitamine e minerali migliorano il valore nutrizionale dei prodotti alimentari, affrontando cos\u00ec le carenze nutrizionali e incoraggiando scelte alimentari pi\u00f9 sane.<\/li>\n\n\n\n<li><strong>Miglioramento della sicurezza alimentare \u2013<\/strong> Gli agenti antimicrobici e i conservanti svolgono un ruolo fondamentale nel garantire la sicurezza alimentare, ridurre il rischio di malattie contaminate e prevenire il deterioramento durante il trasporto e lo stoccaggio.<\/li>\n\n\n\n<li><strong>Sviluppo del prodotto migliorato \u2013<\/strong> Gli ingredienti alimentari consentono l\u2019innovazione di prodotto, consentendo lo sviluppo di prodotti specializzati per specifiche esigenze dietetiche o preferenze dei consumatori e la creazione di esperienze alimentari uniche.<\/li>\n\n\n\n<li><strong>Maggiore comodit\u00e0 \u2013<\/strong> Gli ingredienti alimentari aumentano la praticit\u00e0 dei prodotti alimentari consentendo una maggiore durata di conservazione, riducendo la necessit\u00e0 di refrigerazione e consentendo una conservazione e un trasporto semplici, soddisfacendo cos\u00ec lo stile di vita frenetico di oggi.<\/li>\n<\/ul>\n\n\n\n<p>Poich\u00e9 la domanda dei consumatori per opzioni alimentari pi\u00f9 sane, pi\u00f9 naturali e pi\u00f9 sostenibili continua ad aumentare, si prevede che l\u2019uso di ingredienti nei prodotti alimentari e nelle bevande aumenter\u00e0, guidando ulteriore innovazione e crescita del mercato.<\/p>\n\n\n\n<h2 class=\"wp-block-heading\">Ricerche di mercato sugli ingredienti per alimenti e bevande: analisi di mercato<\/h2>\n\n\n\n<figure class=\"gb-block-image gb-block-image-35f00f7f\"><img loading=\"lazy\" decoding=\"async\" width=\"1456\" height=\"816\" class=\"gb-image gb-image-35f00f7f\" src=\"https:\/\/www.sisinternational.com\/wp-content\/uploads\/2025\/08\/Mexican-food-lunch-11.jpg\" alt=\"Ricerca e strategia di mercato internazionale SIS\" title=\"Mexican food lunch (11)\" srcset=\"https:\/\/www.sisinternational.com\/wp-content\/uploads\/2025\/08\/Mexican-food-lunch-11.jpg 1456w, https:\/\/www.sisinternational.com\/wp-content\/uploads\/2025\/08\/Mexican-food-lunch-11-300x168.jpg 300w, https:\/\/www.sisinternational.com\/wp-content\/uploads\/2025\/08\/Mexican-food-lunch-11-1024x574.jpg 1024w, https:\/\/www.sisinternational.com\/wp-content\/uploads\/2025\/08\/Mexican-food-lunch-11-768x430.jpg 768w, https:\/\/www.sisinternational.com\/wp-content\/uploads\/2025\/08\/Mexican-food-lunch-11-18x10.jpg 18w\" sizes=\"auto, (max-width: 1456px) 100vw, 1456px\"><\/figure>\n\n\n\n<p><\/p>\n\n\n\n<p>Il mercato degli ingredienti alimentari \u00e8 estremamente competitivo e caratterizzato da un gran numero di attori globali. Il mercato \u00e8 segmentato per tipo di prodotto, fornitura, applicazione e area geografica. Aromi, coloranti, conservanti, emulsionanti, enzimi, dolcificanti, vitamine e minerali sono tra le varie categorie di ingredienti alimentari.<\/p>\n\n\n\n<p>Food ingredients can be derived from natural sources like fruits, vegetables, dairy, grains, and livestock, as well as synthetic sources. Food ingredients have numerous uses and can be found in numerous food and beverage products. The market is also categorized by region, with the largest markets located in North America, Europe, Asia-Pacific, Latin America, and the Middle <a href=\"https:\/\/www.sisinternational.com\/it\/copertura\/ricerche-di-mercato-africane\/ricerche-di-mercato-in-uganda-africa\/\" title=\"Ricerche di mercato in Uganda, Africa orientale\"  data-wpil-monitor-id=\"6103\">East and Africa<\/a>.<\/p>\n\n\n\n<h2 class=\"wp-block-heading\">Tendenze di mercato delle ricerche di mercato sugli ingredienti per alimenti e bevande<\/h2>\n\n\n\n<p>La ricerca di mercato sugli ingredienti per alimenti e bevande fornisce approfondimenti sulle tendenze pi\u00f9 recenti che influenzano l\u2019industria alimentare e delle bevande. I produttori, i fornitori e gli sviluppatori di prodotti alimentari di ingredienti alimentari devono essere consapevoli delle tendenze del mercato per rimanere competitivi e soddisfare la domanda dei consumatori.<\/p>\n\n\n\n<p>Di seguito sono elencate alcune delle tendenze di mercato pi\u00f9 significative nel settore degli ingredienti alimentari sulla base di dati e strategie nella ricerca di mercato degli ingredienti per alimenti e bevande:<\/p>\n\n\n\n<ul class=\"wp-block-list\">\n<li><strong>Ingredienti etichetta pulita: <\/strong>I consumatori perseguono sempre pi\u00f9 la trasparenza nei prodotti alimentari, con conseguente aumento della domanda di ingredienti con etichette pulite. Gli ingredienti con etichetta pulita sono ingredienti naturali o minimamente trasformati che sono facilmente identificabili e comprensibili per i consumatori. Mancano additivi sintetici, conservanti e altri componenti chimici. Gli ingredienti con etichetta pulita stanno diventando sempre pi\u00f9 popolari grazie ai benefici percepiti per la salute e alla preferenza per opzioni alimentari pi\u00f9 naturali e nutrienti.<\/li>\n\n\n\n<li><strong>Ingredienti di origine vegetale: <\/strong>Con l\u2019aumento delle diete a base vegetale e la crescente consapevolezza della sostenibilit\u00e0 e delle questioni ambientali, l\u2019uso di ingredienti alimentari a base vegetale \u00e8 in aumento. Gli ingredienti a base vegetale derivano da fonti vegetali come frutta, verdura, cereali, noci e semi che vengono utilizzati in numerosi prodotti alimentari e bevande. Rispetto agli ingredienti di origine animale, sono considerati pi\u00f9 sani e pi\u00f9 rispettosi dell\u2019ambiente e sono quindi preferiti dai consumatori che cercano opzioni alimentari di origine vegetale o vegane.<\/li>\n\n\n\n<li><strong>Ingredienti funzionali: <\/strong>Gli ingredienti funzionali sono quelli che forniscono effetti benefici sulla salute oltre alla nutrizione di base. Questi ingredienti vengono aggiunti ai prodotti alimentari per migliorarne il valore nutrizionale e promuovere la salute e il benessere. Probiotici, prebiotici, antiossidanti, acidi grassi omega-3 e fibre sono alcuni di questi esempi. La domanda di ingredienti funzionali \u00e8 guidata dalla crescente consapevolezza dei consumatori del legame tra dieta e salute e dal loro desiderio di alimenti nutrienti che forniscano ulteriori benefici per la salute oltre alla nutrizione di base.<\/li>\n<\/ul>\n\n\n\n<p>Inoltre, il mercato degli ingredienti alimentari \u00e8 influenzato da fattori quali le diverse preferenze dei consumatori per opzioni alimentari pi\u00f9 sane e naturali, la crescente domanda di cibi pronti e la crescente consapevolezza dei benefici degli ingredienti funzionali. Inoltre, l\u2019aumento della popolazione globale, l\u2019urbanizzazione e il cambiamento degli stili di vita hanno portato a un\u2019impennata della domanda di alimenti trasformati e confezionati, che ha contribuito all\u2019espansione del mercato degli ingredienti alimentari.<\/p>\n\n\n\n<h2 class=\"wp-block-heading\">Metodologie di ricerca di mercato sugli ingredienti per alimenti e bevande<\/h2>\n\n\n\n<figure class=\"gb-block-image gb-block-image-c70da8d3\"><img loading=\"lazy\" decoding=\"async\" width=\"1456\" height=\"816\" class=\"gb-image gb-image-c70da8d3\" src=\"https:\/\/www.sisinternational.com\/wp-content\/uploads\/2025\/10\/Hotel-restaurant-1.jpg\" alt=\"Ricerca e strategia di mercato internazionale SIS\" title=\"Hotel restaurant (1)\" srcset=\"https:\/\/www.sisinternational.com\/wp-content\/uploads\/2025\/10\/Hotel-restaurant-1.jpg 1456w, https:\/\/www.sisinternational.com\/wp-content\/uploads\/2025\/10\/Hotel-restaurant-1-300x168.jpg 300w, https:\/\/www.sisinternational.com\/wp-content\/uploads\/2025\/10\/Hotel-restaurant-1-1024x574.jpg 1024w, https:\/\/www.sisinternational.com\/wp-content\/uploads\/2025\/10\/Hotel-restaurant-1-768x430.jpg 768w, https:\/\/www.sisinternational.com\/wp-content\/uploads\/2025\/10\/Hotel-restaurant-1-18x10.jpg 18w\" sizes=\"auto, (max-width: 1456px) 100vw, 1456px\"><\/figure>\n\n\n\n<p>The choice of research methods may vary depending on the research objectives, scope, and resources available for the <a href=\"https:\/\/www.sisinternational.com\/it\/competenza\/industrie\/ricerche-di-mercato-sulle-risorse-naturali\/\" title=\"Ricerche di mercato sulle risorse naturali\"  data-wpil-monitor-id=\"4757\">Food and beverage ingredient market<\/a> research:<\/p>\n\n\n\n<ul class=\"wp-block-list\">\n<li>Condurre sondaggi e questionari tra il pubblico target, inclusi produttori di alimenti, fornitori e consumatori, al fine di raccogliere informazioni sulle preferenze degli ingredienti, sui modelli di utilizzo e sulle tendenze di mercato.<\/li>\n\n\n\n<li>Condurre interviste approfondite con esperti del settore, principali stakeholder e opinion leader influenti al fine di ottenere informazioni qualitative sulle tendenze, le sfide e le opportunit\u00e0 del mercato.<\/li>\n\n\n\n<li>Analyzing data and <a href=\"https:\/\/www.sisinternational.com\/it\/sviluppo-della-citta-di-hartford-nel-connecticut\/\" title=\"Ricerche di mercato a Hartford, Connecticut\"  data-wpil-monitor-id=\"1761\">strategies in Food and beverage ingredient market<\/a> research, reports, and evaluations in order to extract pertinent information on market trends, market size, growth rate, and market share.<\/li>\n\n\n\n<li>Condurre un&#039;analisi di mercato approfondita utilizzando una variet\u00e0 di strumenti e metodologie al fine di valutare il panorama competitivo, le dinamiche di mercato e le tendenze del mercato.<\/li>\n\n\n\n<li>Revisione e analisi della letteratura pubblicata, delle riviste, degli articoli e dei rapporti di settore per acquisire informazioni sulle tendenze del mercato, sugli aggiornamenti normativi e sugli sviluppi del settore relativi ai mercati degli ingredienti alimentari.<\/li>\n\n\n\n<li>Ricerca osservativa in contesti di vita reale, come negozi al dettaglio di prodotti alimentari e strutture di servizi di ristorazione, per raccogliere dati sull&#039;utilizzo degli ingredienti, sul posizionamento del prodotto e sul comportamento dei consumatori.<\/li>\n<\/ul>\n\n\n\n<p>Utilizing data and strategies in <a href=\"https:\/\/www.sisinternational.com\/it\/competenza\/industrie\/ricerche-di-mercato-sulle-utilities\/\" title=\"Ricerche di mercato sulle utilities\"  data-wpil-monitor-id=\"4023\">food and beverage ingredient market<\/a> research can lead to more effective and efficient business operations, increased market share, and sustainable business growth in the dynamic and evolving food ingredient industry.<\/p>","protected":false},"excerpt":{"rendered":"<p>La ricerca di mercato sugli ingredienti per alimenti e bevande fornisce approfondimenti su informazioni vitali per importanti attori globali del settore alimentare e delle bevande.<\/p>","protected":false},"author":1,"featured_media":63962,"parent":22018,"menu_order":291,"comment_status":"closed","ping_status":"closed","template":"","meta":{"footnotes":""},"class_list":["post-42629","page","type-page","status-publish","has-post-thumbnail"],"_links":{"self":[{"href":"https:\/\/www.sisinternational.com\/it\/wp-json\/wp\/v2\/pages\/42629","targetHints":{"allow":["GET"]}}],"collection":[{"href":"https:\/\/www.sisinternational.com\/it\/wp-json\/wp\/v2\/pages"}],"about":[{"href":"https:\/\/www.sisinternational.com\/it\/wp-json\/wp\/v2\/types\/page"}],"author":[{"embeddable":true,"href":"https:\/\/www.sisinternational.com\/it\/wp-json\/wp\/v2\/users\/1"}],"replies":[{"embeddable":true,"href":"https:\/\/www.sisinternational.com\/it\/wp-json\/wp\/v2\/comments?post=42629"}],"version-history":[{"count":8,"href":"https:\/\/www.sisinternational.com\/it\/wp-json\/wp\/v2\/pages\/42629\/revisions"}],"predecessor-version":[{"id":79727,"href":"https:\/\/www.sisinternational.com\/it\/wp-json\/wp\/v2\/pages\/42629\/revisions\/79727"}],"up":[{"embeddable":true,"href":"https:\/\/www.sisinternational.com\/it\/wp-json\/wp\/v2\/pages\/22018"}],"wp:featuredmedia":[{"embeddable":true,"href":"https:\/\/www.sisinternational.com\/it\/wp-json\/wp\/v2\/media\/63962"}],"wp:attachment":[{"href":"https:\/\/www.sisinternational.com\/it\/wp-json\/wp\/v2\/media?parent=42629"}],"curies":[{"name":"wp","href":"https:\/\/api.w.org\/{rel}","templated":true}]}}