{"id":42627,"date":"2023-05-01T16:54:09","date_gmt":"2023-05-01T20:54:09","guid":{"rendered":"https:\/\/www.sisinternational.com\/?page_id=42627"},"modified":"2026-03-12T13:28:44","modified_gmt":"2026-03-12T17:28:44","slug":"ricerche-di-mercato-sugli-additivi-per-bevande-alimentari","status":"publish","type":"page","link":"https:\/\/www.sisinternational.com\/it\/soluzioni\/ricerche-di-mercato-nel-settore-delle-bevande-alimentari\/ricerche-di-mercato-sugli-additivi-per-bevande-alimentari\/","title":{"rendered":"Ricerche di mercato sugli additivi per alimenti e bevande"},"content":{"rendered":"<h1 class=\"wp-block-heading\">Ricerche di mercato sugli additivi per alimenti e bevande<\/h1>\n\n\n\n<figure class=\"gb-block-image gb-block-image-7c5645a7\"><img loading=\"lazy\" decoding=\"async\" width=\"1456\" height=\"816\" class=\"gb-image gb-image-7c5645a7\" src=\"https:\/\/www.sisinternational.com\/wp-content\/uploads\/2025\/08\/Ready-to-Drink-RTD-Beverage-5.jpg\" alt=\"Ricerca e strategia di mercato internazionale SIS\" title=\"Ready to Drink (RTD) Beverage (5)\" srcset=\"https:\/\/www.sisinternational.com\/wp-content\/uploads\/2025\/08\/Ready-to-Drink-RTD-Beverage-5.jpg 1456w, https:\/\/www.sisinternational.com\/wp-content\/uploads\/2025\/08\/Ready-to-Drink-RTD-Beverage-5-300x168.jpg 300w, https:\/\/www.sisinternational.com\/wp-content\/uploads\/2025\/08\/Ready-to-Drink-RTD-Beverage-5-1024x574.jpg 1024w, https:\/\/www.sisinternational.com\/wp-content\/uploads\/2025\/08\/Ready-to-Drink-RTD-Beverage-5-768x430.jpg 768w, https:\/\/www.sisinternational.com\/wp-content\/uploads\/2025\/08\/Ready-to-Drink-RTD-Beverage-5-18x10.jpg 18w\" sizes=\"auto, (max-width: 1456px) 100vw, 1456px\"><\/figure>\n\n\n\n<p><\/p>\n\n\n\n<p>La ricerca di mercato sugli additivi per alimenti e bevande fornisce approfondimenti sul settore degli additivi alimentari che comprende un\u2019ampia gamma di sostanze utilizzate per migliorare la qualit\u00e0, la sicurezza e la praticit\u00e0 degli alimenti trasformati. Gli additivi alimentari sono definiti come qualsiasi sostanza aggiunta intenzionalmente al cibo per scopi tecnologici, funzionali o sensoriali che non viene abitualmente consumata come ingrediente alimentare. Prima di poter essere utilizzati in qualsiasi prodotto alimentare, vengono generalmente aggiunti in quantit\u00e0 minime e sono soggetti all&#039;approvazione normativa e alle valutazioni di sicurezza. Servono a una variet\u00e0 di scopi, tra cui migliorare il sapore, il colore, la consistenza, l&#039;aroma, la stabilit\u00e0 e la sicurezza degli alimenti.<\/p>\n\n\n\n<h2 class=\"wp-block-heading\">Tipi di prodotti per ricerche di mercato sugli additivi per alimenti e bevande<\/h2>\n\n\n\n<p>Le ricerche di mercato forniscono informazioni su alcuni tipi comuni di additivi per alimenti e bevande e sulle loro funzioni. Esistono numerosi tipi di additivi alimentari, ciascuno con le sue funzioni specifiche come mostrato di seguito:<\/p>\n\n\n\n<ul class=\"wp-block-list\">\n<li><strong>Conservanti \u2013<\/strong> Queste sostanze inibiscono la proliferazione di microrganismi dannosi nei prodotti alimentari, prolungandone la durata di conservazione e garantendone la sicurezza.<\/li>\n\n\n\n<li><strong>Antiossidanti \u2013<\/strong> Questi additivi prevengono o ritardano l&#039;ossidazione dei grassi e degli oli nei prodotti alimentari, prevenendo cos\u00ec l&#039;irrancidimento e aumentando la durata di conservazione.<\/li>\n\n\n\n<li><strong>Emulsionanti \u2013<\/strong> Questi additivi alimentari aiutano a miscelare e stabilizzare ingredienti immiscibili, come olio e acqua, per migliorare la struttura, la consistenza e l&#039;aspetto dei prodotti alimentari.<\/li>\n\n\n\n<li><strong>Dolcificanti \u2013<\/strong> Conferiscono un sapore dolce ai prodotti alimentari, in modo naturale o artificiale, senza influenzare in modo significativo i livelli di zucchero nel sangue o le calorie.<\/li>\n\n\n\n<li><strong>Coloranti \u2013<\/strong> Agenti coloranti che esaltano il colore dei prodotti alimentari, aumentandone cos\u00ec l&#039;attrattiva visiva e l&#039;attrazione per il consumatore.<\/li>\n\n\n\n<li><strong>Esaltatori di sapidit\u00e0 \u2013<\/strong> Additivi alimentari che migliorano il sapore e l&#039;aroma dei prodotti alimentari, aumentandone cos\u00ec le qualit\u00e0 sensoriali e l&#039;appetibilit\u00e0 complessiva.<\/li>\n\n\n\n<li><strong>Stabilizzatori \u2013<\/strong> Additivi che aiutano a mantenere la struttura, la consistenza e la stabilit\u00e0 dei prodotti alimentari, prevenendone la separazione o la sedimentazione durante la conservazione o la lavorazione.<\/li>\n\n\n\n<li><strong>Addensanti \u2013<\/strong>\u00a0Questi additivi migliorano la consistenza e la stabilit\u00e0 dei prodotti alimentari aumentandone la viscosit\u00e0 o lo spessore.<\/li>\n<\/ul>\n\n\n\n<p>Food and beverage additives are essential in modern food processing, as they play a crucial role in improving the stability and sensory properties of food products. Data and <a href=\"https:\/\/www.sisinternational.com\/it\/sviluppo-della-citta-di-hartford-nel-connecticut\/\" title=\"Ricerche di mercato a Hartford, Connecticut\"  data-wpil-monitor-id=\"1764\">strategies in Food and Beverage Additive Market<\/a> Research help in understanding the types and functions of food additives is vital for food manufacturers, regulators, and consumers to ensure the safety and quality of food products in the market.<\/p>\n\n\n\n<h2 class=\"wp-block-heading\">Segmenti chiave del mercato<\/h2>\n\n\n\n<figure class=\"gb-block-image gb-block-image-306f4189\"><img loading=\"lazy\" decoding=\"async\" width=\"1456\" height=\"816\" class=\"gb-image gb-image-306f4189\" src=\"https:\/\/www.sisinternational.com\/wp-content\/uploads\/2025\/08\/Ready-to-Drink-RTD-Beverage-3.jpg\" alt=\"Ricerca e strategia di mercato internazionale SIS\" title=\"Ready to Drink (RTD) Beverage (3)\" srcset=\"https:\/\/www.sisinternational.com\/wp-content\/uploads\/2025\/08\/Ready-to-Drink-RTD-Beverage-3.jpg 1456w, https:\/\/www.sisinternational.com\/wp-content\/uploads\/2025\/08\/Ready-to-Drink-RTD-Beverage-3-300x168.jpg 300w, https:\/\/www.sisinternational.com\/wp-content\/uploads\/2025\/08\/Ready-to-Drink-RTD-Beverage-3-1024x574.jpg 1024w, https:\/\/www.sisinternational.com\/wp-content\/uploads\/2025\/08\/Ready-to-Drink-RTD-Beverage-3-768x430.jpg 768w, https:\/\/www.sisinternational.com\/wp-content\/uploads\/2025\/08\/Ready-to-Drink-RTD-Beverage-3-18x10.jpg 18w\" sizes=\"auto, (max-width: 1456px) 100vw, 1456px\"><\/figure>\n\n\n\n<p><\/p>\n\n\n\n<p>Negli ultimi anni, il mercato globale degli additivi alimentari si \u00e8 espanso in modo significativo a causa di fattori quali il cambiamento delle preferenze dei consumatori, la crescente domanda di cibi lavorati e pronti e le innovazioni nelle tecnologie di lavorazione alimentare. Il mercato degli additivi per alimenti e bevande \u00e8 segmentato in base a diversi fattori, tra cui tipo, applicazione, fonte e regione.<\/p>\n\n\n\n<p>Le informazioni raccolte per i dati e le strategie nella ricerca di mercato sugli additivi alimentari e sulle bevande includono i principali segmenti di mercato degli additivi alimentari:<\/p>\n\n\n\n<ul class=\"wp-block-list\">\n<li><strong>Segmentazione basata sul tipo: <\/strong>Gli additivi alimentari possono essere classificati in diversi tipi in base alle loro funzioni, come conservanti, antiossidanti, dolcificanti, esaltatori di sapidit\u00e0, emulsionanti, coloranti, stabilizzanti, addensanti e molti altri. Ogni tipo di additivo alimentare ha uno scopo specifico nella lavorazione degli alimenti e ha il suo segmento di mercato unico. Ad esempio, la domanda di conservanti e antiossidanti naturali \u00e8 in aumento a causa della crescente preferenza dei consumatori per i prodotti alimentari naturali.<\/li>\n\n\n\n<li><strong>Segmentazione basata sull&#039;applicazione: <\/strong>Nell&#039;industria alimentare e delle bevande, gli additivi sono utilizzati in vari prodotti alimentari, tra cui dolciumi e pasticcini, bevande, latticini, carne e pollame, salse e condimenti e snack. La domanda di additivi alimentari pu\u00f2 variare notevolmente in base al loro utilizzo in varie categorie di prodotti alimentari. Nell&#039;industria lattiero-casearia, ad esempio, emulsionanti e stabilizzanti sono comunemente utilizzati per migliorare la consistenza e la stabilit\u00e0 di prodotti come i gelati, mentre conservanti e antiossidanti sono comunemente utilizzati per estendere la durata di conservazione delle carni lavorate.<\/li>\n\n\n\n<li><strong>Segmentazione basata sulla fonte: <\/strong>Gli additivi alimentari possono essere derivati da varie fonti naturali, sintetiche e ibride. Gli additivi alimentari naturali derivano da fonti naturali come frutta, verdura, erbe e condimenti, mentre gli additivi alimentari sintetici sono prodotti chimicamente in laboratorio. Le origini degli additivi alimentari ibridi sono sia naturali che sintetiche. La domanda del mercato di additivi alimentari naturali \u00e8 aumentata a causa della crescente preferenza dei consumatori per prodotti alimentari naturali e con etichetta pulita.<\/li>\n\n\n\n<li><strong>Segmentazione regionale: <\/strong>Fattori regionali come le preferenze dei consumatori, le pratiche dietetiche e i requisiti normativi possono influenzare la domanda di additivi alimentari. Ad esempio, il mercato nordamericano degli additivi alimentari naturali ha registrato una crescita significativa grazie alla crescente consapevolezza della salute e del benessere, mentre la regione dell\u2019Asia-Pacifico ha registrato una rapida espansione del mercato a causa del crescente consumo di alimenti trasformati e del cambiamento degli stili di vita.<\/li>\n<\/ul>\n\n\n\n<h2 class=\"wp-block-heading\">Crescita del settore degli additivi per alimenti e bevande<\/h2>\n\n\n\n<p>Si prevede che l\u2019industria degli additivi per alimenti e bevande registrer\u00e0 una crescita costante nei prossimi anni. La crescita della domanda di alimenti trasformati, il cambiamento delle preferenze dei consumatori per prodotti naturali e con etichetta pulita, i progressi nelle tecnologie di trasformazione alimentare e normative pi\u00f9 severe per la sicurezza e la qualit\u00e0 alimentare sono alcuni dei fattori chiave della crescita del mercato. Inoltre, la crescente consapevolezza sui vantaggi degli additivi alimentari, come propriet\u00e0 alimentari migliorate, durata di conservazione prolungata e maggiore qualit\u00e0 e sicurezza, sta guidando l\u2019adozione degli additivi alimentari nell\u2019industria alimentare e delle bevande. Il mercato sta inoltre assistendo a uno spostamento verso gli additivi alimentari naturali, poich\u00e9 i consumatori stanno diventando pi\u00f9 consapevoli degli ingredienti utilizzati in ci\u00f2 che mangiano.<\/p>\n\n\n\n<h2 class=\"wp-block-heading\">Informazioni sulla ricerca di mercato sugli additivi per alimenti e bevande<\/h2>\n\n\n\n<figure class=\"gb-block-image gb-block-image-0dae3fb5\"><img loading=\"lazy\" decoding=\"async\" width=\"1456\" height=\"816\" class=\"gb-image gb-image-0dae3fb5\" src=\"https:\/\/www.sisinternational.com\/wp-content\/uploads\/2025\/08\/Ready-to-Drink-RTD-Beverage-1.jpg\" alt=\"Ricerca e strategia di mercato internazionale SIS\" title=\"Ready to Drink (RTD) Beverage (1)\" srcset=\"https:\/\/www.sisinternational.com\/wp-content\/uploads\/2025\/08\/Ready-to-Drink-RTD-Beverage-1.jpg 1456w, https:\/\/www.sisinternational.com\/wp-content\/uploads\/2025\/08\/Ready-to-Drink-RTD-Beverage-1-300x168.jpg 300w, https:\/\/www.sisinternational.com\/wp-content\/uploads\/2025\/08\/Ready-to-Drink-RTD-Beverage-1-1024x574.jpg 1024w, https:\/\/www.sisinternational.com\/wp-content\/uploads\/2025\/08\/Ready-to-Drink-RTD-Beverage-1-768x430.jpg 768w, https:\/\/www.sisinternational.com\/wp-content\/uploads\/2025\/08\/Ready-to-Drink-RTD-Beverage-1-18x10.jpg 18w\" sizes=\"auto, (max-width: 1456px) 100vw, 1456px\"><\/figure>\n\n\n\n<p><\/p>\n\n\n\n<p><a href=\"https:\/\/www.sisinternational.com\/it\/soluzioni\/ricerche-di-mercato-nel-settore-delle-bevande-alimentari\/\" title=\"Ricerche di mercato nel settore alimentare e delle bevande\"  data-wpil-monitor-id=\"3639\">Ricerche di mercato sugli additivi per alimenti e bevande<\/a> provides insights into the future trends in the industry such as the changes in the demand for processed foods, shifting consumer preferences and advances in food processing technologies. In addition, the growing awareness of the benefits of food additives, such as enhanced visual properties, extended shelf life, and increased food safety, is accelerating the adoption of food additives in the food and beverage industry. As individuals become more aware of the ingredients in food products, the market is also experiencing a shift toward natural and clean-label food additives.<\/p>\n\n\n\n<p>Data and <a href=\"https:\/\/www.sisinternational.com\/it\/essere-verdi-migliora-la-performance-della-recessione\/\" title=\"Come tagliare i costi nella tua azienda\"  data-wpil-monitor-id=\"7459\">strategies in Food and Beverage Additive Market<\/a> Research can help businesses understand their competitors&#8217; strategies, discover strengths and weaknesses as well as market positioning, enabling them to develop effective competitive strategies.<\/p>\n\n\n\n<p>Inoltre, i risultati della ricerca aiutano le aziende a districarsi in contesti normativi complessi, garantendo la conformit\u00e0 alle norme sulla sicurezza alimentare e sulla qualit\u00e0 ed evitando costosi rischi legali e reputazionali. Infine, la ricerca di mercato sugli additivi per alimenti e bevande fornisce approfondimenti che possono consentire a qualsiasi attore chiave del settore di prendere decisioni informate, ottimizzare le proprie operazioni e rimanere all\u2019avanguardia in un settore alimentare e delle bevande dinamico e competitivo.<\/p>","protected":false},"excerpt":{"rendered":"<p>La ricerca di mercato sugli additivi per alimenti e bevande fornisce approfondimenti sulle sostanze che migliorano la qualit\u00e0, la sicurezza e la praticit\u00e0 degli alimenti trasformati.<\/p>","protected":false},"author":1,"featured_media":64856,"parent":22018,"menu_order":290,"comment_status":"closed","ping_status":"closed","template":"","meta":{"footnotes":""},"class_list":["post-42627","page","type-page","status-publish","has-post-thumbnail"],"_links":{"self":[{"href":"https:\/\/www.sisinternational.com\/it\/wp-json\/wp\/v2\/pages\/42627","targetHints":{"allow":["GET"]}}],"collection":[{"href":"https:\/\/www.sisinternational.com\/it\/wp-json\/wp\/v2\/pages"}],"about":[{"href":"https:\/\/www.sisinternational.com\/it\/wp-json\/wp\/v2\/types\/page"}],"author":[{"embeddable":true,"href":"https:\/\/www.sisinternational.com\/it\/wp-json\/wp\/v2\/users\/1"}],"replies":[{"embeddable":true,"href":"https:\/\/www.sisinternational.com\/it\/wp-json\/wp\/v2\/comments?post=42627"}],"version-history":[{"count":7,"href":"https:\/\/www.sisinternational.com\/it\/wp-json\/wp\/v2\/pages\/42627\/revisions"}],"predecessor-version":[{"id":81091,"href":"https:\/\/www.sisinternational.com\/it\/wp-json\/wp\/v2\/pages\/42627\/revisions\/81091"}],"up":[{"embeddable":true,"href":"https:\/\/www.sisinternational.com\/it\/wp-json\/wp\/v2\/pages\/22018"}],"wp:featuredmedia":[{"embeddable":true,"href":"https:\/\/www.sisinternational.com\/it\/wp-json\/wp\/v2\/media\/64856"}],"wp:attachment":[{"href":"https:\/\/www.sisinternational.com\/it\/wp-json\/wp\/v2\/media?parent=42627"}],"curies":[{"name":"wp","href":"https:\/\/api.w.org\/{rel}","templated":true}]}}