{"id":42623,"date":"2023-05-01T15:11:26","date_gmt":"2023-05-01T19:11:26","guid":{"rendered":"https:\/\/www.sisinternational.com\/?page_id=42623"},"modified":"2026-01-25T18:15:26","modified_gmt":"2026-01-25T23:15:26","slug":"ricerche-di-mercato-dei-distributori","status":"publish","type":"page","link":"https:\/\/www.sisinternational.com\/it\/competenza\/ricerche-di-mercato-dei-distributori\/","title":{"rendered":"Ricerche di mercato sui distributori"},"content":{"rendered":"<h1 class=\"wp-block-heading\">Ricerche di mercato sui distributori<\/h1>\n\n\n\n<figure class=\"gb-block-image gb-block-image-4612a3f9\"><img loading=\"lazy\" decoding=\"async\" width=\"1456\" height=\"816\" class=\"gb-image gb-image-4612a3f9\" src=\"https:\/\/www.sisinternational.com\/wp-content\/uploads\/2025\/09\/Focus-group-4-14.jpg\" alt=\"Ricerca e strategia di mercato internazionale SIS\" title=\"Focus group 4 (14)\" srcset=\"https:\/\/www.sisinternational.com\/wp-content\/uploads\/2025\/09\/Focus-group-4-14.jpg 1456w, https:\/\/www.sisinternational.com\/wp-content\/uploads\/2025\/09\/Focus-group-4-14-300x168.jpg 300w, https:\/\/www.sisinternational.com\/wp-content\/uploads\/2025\/09\/Focus-group-4-14-1024x574.jpg 1024w, https:\/\/www.sisinternational.com\/wp-content\/uploads\/2025\/09\/Focus-group-4-14-768x430.jpg 768w, https:\/\/www.sisinternational.com\/wp-content\/uploads\/2025\/09\/Focus-group-4-14-18x10.jpg 18w\" sizes=\"auto, (max-width: 1456px) 100vw, 1456px\"><\/figure>\n\n\n\n<p><\/p>\n\n\n\n<p>Poich\u00e9 il mercato globale continua a diventare sempre pi\u00f9 competitivo, l\u2019importanza delle ricerche di mercato dei distributori non pu\u00f2 essere sottovalutata. \u00c8 uno strumento cruciale per le aziende che mirano ad espandere la propria portata e raggiungere un successo a lungo termine.<\/p>\n\n\n\n<p>Pertanto, la ricerca di mercato dei distributori consente alle organizzazioni di identificare prospettive di crescita, valutare il panorama competitivo e prendere decisioni informate sui canali di distribuzione e sui partner sulla base di approfondimenti basati sui dati.<\/p>\n\n\n\n<h2 class=\"wp-block-heading\">Comprendere le ricerche di mercato dei distributori<\/h2>\n\n\n\n<p>La ricerca di mercato sui distributori \u00e8 un processo sistematico di raccolta, analisi e interpretazione dei dati relativi alla distribuzione dei prodotti o servizi di un&#039;azienda. Questa ricerca aiuta le aziende a prendere decisioni informate sulle proprie strategie di distribuzione, a identificare nuove opportunit\u00e0 e a ottimizzare le proprie reti di distribuzione. Per comprendere la ricerca di mercato dei distributori, \u00e8 essenziale esaminare questi elementi chiave:<\/p>\n\n\n\n<ul class=\"wp-block-list\">\n<li><strong>Analisi di mercato:<\/strong> An in-depth examination of the target market and its potential for growth, prevalent trends, and consumer behavior empower enterprises to identify prospects, gain new <a href=\"https:\/\/www.sisinternational.com\/it\/global-beverage-market\/\" title=\"Global Beverage Market: Market Dynamics, Growth Projections &amp; Consumer Insights\"  data-wpil-monitor-id=\"9504\">insights into the market dynamics<\/a> and reconfigure their distribution strategies.<\/li>\n\n\n\n<li><strong>Analisi competitiva:<\/strong> Richiede una valutazione approfondita del panorama competitivo, che comprenda una valutazione della quota di mercato, dei canali di distribuzione, nonch\u00e9 dei punti di forza e di debolezza della concorrenza.<\/li>\n\n\n\n<li><strong>Identificazione e valutazione del distributore:<\/strong> Condurre ricerche di mercato sui distributori implica identificare partner di distribuzione promettenti e condurre una valutazione approfondita della loro affidabilit\u00e0 e compatibilit\u00e0 con i principi e gli obiettivi dell&#039;organizzazione. Questo approccio sistematico consente alle aziende di creare una solida rete di distributori che favorisce la loro espansione.<\/li>\n\n\n\n<li><strong>Monitoraggio e valutazione delle prestazioni:<\/strong> Con le ricerche di mercato sui distributori, le aziende possono monitorare da vicino i parametri critici delle prestazioni, individuare opportunit\u00e0 di avanzamento e rafforzare le alleanze con i distributori.<\/li>\n<\/ul>\n\n\n\n<h2 class=\"wp-block-heading\">Importanza delle ricerche di mercato sui distributori per le imprese<\/h2>\n\n\n\n<p>By conducting distributor market research, <a href=\"https:\/\/www.sisinternational.com\/it\/pubblicazioni\/ricerche-di-mercato-per-un-business-scalabile-7-modi-per-costruire-un-business-scalabile\/\" title=\"Ricerche di mercato per aziende scalabili: 7 modi per costruire un business scalabile\"  data-wpil-monitor-id=\"9508\">businesses can better understand market<\/a> dynamics, assess the competitive landscape, and make informed decisions about their distribution strategies. Here are some key reasons why distributor market research is essential for businesses:<\/p>\n\n\n\n<ul class=\"wp-block-list\">\n<li>Le ricerche di mercato consentono alle aziende di scoprire nuovi segmenti di mercato, canali di distribuzione non sfruttati e nuovi mercati.<\/li>\n\n\n\n<li>Facendo leva sulle ricerche di mercato dei distributori, le aziende possono sviluppare strategie mirate che capitalizzino efficacemente le vulnerabilit\u00e0 dei concorrenti e si distinguano sul mercato.<\/li>\n\n\n\n<li>La conduzione di ricerche di mercato fornisce preziose informazioni basate sui dati per le aziende che cercano di ottimizzare i propri canali di distribuzione.<\/li>\n\n\n\n<li>It enables companies to effectively <a href=\"https:\/\/www.sisinternational.com\/it\/competenza\/industrie\/ricerche-di-mercato-per-il-monitoraggio-delle-tendenze\/\" title=\"Ricerche di mercato per il monitoraggio delle tendenze\"  data-wpil-monitor-id=\"9501\">track market trends<\/a>, determine customer preferences and keep abreast of any changes in the competitive landscape.<\/li>\n\n\n\n<li>Investendo nelle ricerche di mercato dei distributori, le aziende possono ottenere preziose informazioni sul settore, sui clienti e sui potenziali partner.<\/li>\n\n\n\n<li>Questa ricerca consente alle aziende di identificare e selezionare i distributori pi\u00f9 adatti in base a fattori quali dimensioni, portata geografica e specializzazione del prodotto. Ci\u00f2 garantisce l&#039;ottimizzazione dei canali di distribuzione e un migliore allineamento con gli obiettivi aziendali.<\/li>\n\n\n\n<li>Le ricerche di mercato sui distributori possono migliorare il livello di comunicazione e comprensione tra le aziende e i loro partner di distribuzione. Ci\u00f2 apre la strada alla creazione di relazioni solide, alla promozione della risoluzione collaborativa dei problemi e all\u2019incentivazione dell\u2019innovazione.<\/li>\n<\/ul>\n\n\n\n<h2 class=\"wp-block-heading\">Come sfruttare le ricerche di mercato dei distributori<\/h2>\n\n\n\n<h3 class=\"wp-block-heading\">Per sfruttare appieno le opportunit\u00e0 presentate, le aziende dovrebbero:<\/h3>\n\n\n\n<ul class=\"wp-block-list\">\n<li><strong>Investire nella raccolta e analisi dei dati:<\/strong> Raccogli e analizza dati rilevanti da pi\u00f9 fonti come sondaggi sui consumatori, rapporti sulle vendite e rapporti di settore per identificare tendenze e opportunit\u00e0.<\/li>\n\n\n\n<li><strong>Collabora con una societ\u00e0 di ricerche di mercato affidabile:<\/strong> \u00c8 fondamentale collaborare con un\u2019organizzazione di ricerche di mercato consolidata per garantire la precisione e l\u2019affidabilit\u00e0 dei dati raccolti e delle conclusioni da essi tratte.<\/li>\n\n\n\n<li><strong>Implementare un processo di apprendimento continuo:<\/strong> To <a href=\"https:\/\/www.sisinternational.com\/it\/soluzioni\/innovazione\/come-scalare-un-business\/\" title=\"Come far crescere un&#039;azienda | Raggiungere una crescita esponenziale\"  data-wpil-monitor-id=\"9505\">achieve business growth<\/a>, it is crucial to incorporate new findings and insights into distribution strategies regularly. This proactive and adaptive approach ensures that businesses stay ahead of the curve and maintain a competitive edge.<\/li>\n\n\n\n<li><strong>Promuovere solide relazioni con i distributori:<\/strong> Per garantire che dati e approfondimenti siano condivisi in modo efficace, \u00e8 essenziale stabilire e mantenere una comunicazione e una collaborazione trasparenti con i partner di distribuzione. Ci\u00f2 favorisce una relazione sinergica in cui entrambe le parti possono sfruttare i propri punti di forza per raggiungere il successo reciproco.<\/li>\n<\/ul>\n\n\n\n<h2 class=\"wp-block-heading\">Opportunit\u00e0 chiave<\/h2>\n\n\n\n<h3 class=\"wp-block-heading\">Conducendo ricerche di mercato sui distributori, le aziende possono sbloccare una miriade di opportunit\u00e0, tra cui:<\/h3>\n\n\n\n<ul class=\"wp-block-list\">\n<li><strong>Identifying <\/strong><a href=\"https:\/\/www.sisinternational.com\/it\/pubblicazioni\/comportamento-dellacquirente-dopo-il-nuovo-consumatore-legato-al-coronavirus\/\" title=\"Comportamento degli acquirenti dopo il coronavirus: ricerche di mercato sui consumatori\"  data-wpil-monitor-id=\"9506\">market trends and opportunities: Exploring consumer behavior<\/a> patterns, demographics, and purchasing habits can offer businesses an opportunity to identify current market trends and leverage novel opportunities.<\/li>\n\n\n\n<li><strong>Ottimizzazione dei canali di distribuzione:<\/strong> Condurre ricerche di mercato sui distributori pu\u00f2 rivelarsi molto vantaggioso per le aziende che mirano a identificare i canali di distribuzione e i partner pi\u00f9 adatti. Ci\u00f2 pu\u00f2 aiutare a razionalizzare le catene di approvvigionamento, portando in ultima analisi a una maggiore efficienza e a una riduzione dei costi.<\/li>\n\n\n\n<li><strong>Ottenere vantaggio competitivo:<\/strong> By leveraging this information, businesses can gain a competitive edge in the market and enhance their overall market position. Additionally, distributor market research can help businesses identify new opportunities and potential growth areas, enabling them to expand their <a href=\"https:\/\/www.sisinternational.com\/it\/competenza\/industrie\/ricerche-di-mercato-sui-negozi-di-ferramenta\/\" title=\"Ricerche di mercato su negozi di ferramenta e bricolage\"  data-wpil-monitor-id=\"9507\">market reach and improve<\/a> their bottom line.<\/li>\n\n\n\n<li><a href=\"https:\/\/www.sisinternational.com\/it\/espandere-la-portata-del-mercato-attraverso-una-strategia-di-marketing-articolata\/\" title=\"Espansione della portata del mercato attraverso una strategia di marketing multiforme\"  data-wpil-monitor-id=\"9502\">Expanding market reach: By identifying potential new markets and distribution channels, distributor market research can aid businesses in expanding their reach<\/a> and tapping into untapped markets, ultimately driving growth and revenue.<\/li>\n\n\n\n<li><strong>Migliorare l&#039;esperienza del cliente:<\/strong> Raggiungere il successo aziendale richiede una profonda comprensione delle esigenze e delle preferenze dei clienti. Conducendo ricerche di mercato, i distributori possono scoprire preziose informazioni sulle aspettative della loro base di clienti.<\/li>\n<\/ul>\n\n\n\n<h2 class=\"wp-block-heading\">Sfide<\/h2>\n\n\n\n<ul class=\"wp-block-list\">\n<li><strong>Mercati frammentati:<\/strong> Il settore della distribuzione \u00e8 caratterizzato da un elevato grado di frammentazione. \u00c8 comune trovare numerose piccole e medie imprese che operano in tandem con grandi aziende. Questo panorama complesso pone sfide significative in termini di raccolta dei dati, analisi e identificazione delle tendenze. Di conseguenza, ottenere informazioni complete e precise sul settore pu\u00f2 rivelarsi piuttosto impegnativo.<\/li>\n\n\n\n<li><strong>Accesso limitato alle informazioni:<\/strong> <a href=\"https:\/\/www.sisinternational.com\/it\/copertura\/ricerche-di-mercato-asiatiche\/ricerca-sul-dimensionamento-del-panorama-del-mercato-asiatico\/\" title=\"Panoramica del mercato asiatico e ricerca sulle dimensioni\"  data-wpil-monitor-id=\"9503\">Researching market size<\/a>, competition, and customer preferences can be a challenge for many analysts due to the confidentiality practices of distributors. Oftentimes, distributors opt to keep their business information private, making it difficult for researchers to obtain accurate data.<\/li>\n\n\n\n<li><strong>Alta concorrenza e cambiamenti rapidi:<\/strong> L&#039;ambiente dinamico dei distributori \u00e8 ampiamente noto per la sua feroce rivalit\u00e0 e le rapide trasformazioni, che portano alla possibilit\u00e0 che le ricerche di mercato diventino obsolete in pochissimo tempo.<\/li>\n\n\n\n<li><strong>Differenze geografiche e culturali:<\/strong> Quando si studiano i mercati dei distributori, \u00e8 importante tenere presente che sono fortemente influenzati dalla posizione e da fattori culturali. Per garantire risultati accurati, i ricercatori devono adattare le proprie metodologie per tenere conto di queste sfumature e prendere in considerazione le caratteristiche uniche di ciascun mercato locale.<\/li>\n\n\n\n<li><strong>Barriere normative e legali:<\/strong> Researchers need to stay informed of the varying regulations that impact <a href=\"https:\/\/www.sisinternational.com\/it\/copertura\/ricerche-di-mercato-asiatiche\/ricerche-di-mercato-a-timor\/\" title=\"Ricerche di mercato a Timor\"  data-wpil-monitor-id=\"4747\">distributor<\/a> markets across different countries and regions. They can ensure that their research adheres to local laws and guidelines. Researchers must be mindful of these differences to avoid any legal complications and ensure the ethical conduct of their research.<\/li>\n\n\n\n<li><strong>Costruire fiducia e credibilit\u00e0:<\/strong> Stabilire fiducia e credibilit\u00e0 con i distributori \u00e8 fondamentale per condurre ricerche di mercato efficaci. I ricercatori devono dimostrare la propria competenza e dimostrare di comprendere le sfide e le opportunit\u00e0 uniche che i distributori devono affrontare nei rispettivi settori.<\/li>\n\n\n\n<li><strong>Vincoli di tempo e risorse:<\/strong> Condurre ricerche di mercato approfondite sui distributori pu\u00f2 richiedere molto tempo e risorse significative. I ricercatori devono bilanciare la necessit\u00e0 di informazioni complete con i vincoli di tempo e budget.<\/li>\n<\/ul>\n\n\n\n<p>SIS International offre ricerca quantitativa, qualitativa e strategica. Forniamo dati, strumenti, strategie, report e approfondimenti per il processo decisionale. Conduciamo interviste, sondaggi, focus group e molti altri metodi e approcci di ricerca di mercato. Contattaci per il tuo prossimo progetto di ricerca di mercato.<\/p>","protected":false},"excerpt":{"rendered":"<p>La ricerca di mercato sui distributori consente alle organizzazioni di identificare le prospettive di crescita e decidere sui canali di distribuzione e sui partner.<\/p>","protected":false},"author":1,"featured_media":66901,"parent":14514,"menu_order":288,"comment_status":"closed","ping_status":"closed","template":"","meta":{"footnotes":""},"class_list":["post-42623","page","type-page","status-publish","has-post-thumbnail"],"_links":{"self":[{"href":"https:\/\/www.sisinternational.com\/it\/wp-json\/wp\/v2\/pages\/42623","targetHints":{"allow":["GET"]}}],"collection":[{"href":"https:\/\/www.sisinternational.com\/it\/wp-json\/wp\/v2\/pages"}],"about":[{"href":"https:\/\/www.sisinternational.com\/it\/wp-json\/wp\/v2\/types\/page"}],"author":[{"embeddable":true,"href":"https:\/\/www.sisinternational.com\/it\/wp-json\/wp\/v2\/users\/1"}],"replies":[{"embeddable":true,"href":"https:\/\/www.sisinternational.com\/it\/wp-json\/wp\/v2\/comments?post=42623"}],"version-history":[{"count":5,"href":"https:\/\/www.sisinternational.com\/it\/wp-json\/wp\/v2\/pages\/42623\/revisions"}],"predecessor-version":[{"id":81586,"href":"https:\/\/www.sisinternational.com\/it\/wp-json\/wp\/v2\/pages\/42623\/revisions\/81586"}],"up":[{"embeddable":true,"href":"https:\/\/www.sisinternational.com\/it\/wp-json\/wp\/v2\/pages\/14514"}],"wp:featuredmedia":[{"embeddable":true,"href":"https:\/\/www.sisinternational.com\/it\/wp-json\/wp\/v2\/media\/66901"}],"wp:attachment":[{"href":"https:\/\/www.sisinternational.com\/it\/wp-json\/wp\/v2\/media?parent=42623"}],"curies":[{"name":"wp","href":"https:\/\/api.w.org\/{rel}","templated":true}]}}