{"id":42620,"date":"2023-05-01T13:12:33","date_gmt":"2023-05-01T17:12:33","guid":{"rendered":"https:\/\/www.sisinternational.com\/?page_id=42620"},"modified":"2026-01-25T19:08:21","modified_gmt":"2026-01-26T00:08:21","slug":"ricerche-di-mercato-sulle-salse-da-immersione","status":"publish","type":"page","link":"https:\/\/www.sisinternational.com\/it\/competenza\/ricerche-di-mercato-sulle-salse-da-immersione\/","title":{"rendered":"Ricerche di mercato sulle salse da immersione"},"content":{"rendered":"<h1 class=\"wp-block-heading\">Ricerche di mercato sulle salse da immersione<\/h1>\n\n\n\n<figure class=\"gb-block-image gb-block-image-0fa77bf1\"><img loading=\"lazy\" decoding=\"async\" width=\"1456\" height=\"816\" class=\"gb-image gb-image-0fa77bf1\" src=\"https:\/\/www.sisinternational.com\/wp-content\/uploads\/2025\/10\/Dipping-sauce-1.jpg\" alt=\"Ricerca e strategia di mercato internazionale SIS\" title=\"Dipping sauce (1)\" srcset=\"https:\/\/www.sisinternational.com\/wp-content\/uploads\/2025\/10\/Dipping-sauce-1.jpg 1456w, https:\/\/www.sisinternational.com\/wp-content\/uploads\/2025\/10\/Dipping-sauce-1-300x168.jpg 300w, https:\/\/www.sisinternational.com\/wp-content\/uploads\/2025\/10\/Dipping-sauce-1-1024x574.jpg 1024w, https:\/\/www.sisinternational.com\/wp-content\/uploads\/2025\/10\/Dipping-sauce-1-768x430.jpg 768w, https:\/\/www.sisinternational.com\/wp-content\/uploads\/2025\/10\/Dipping-sauce-1-18x10.jpg 18w\" sizes=\"auto, (max-width: 1456px) 100vw, 1456px\"><\/figure>\n\n\n\n<p><\/p>\n\n\n\n<h2 class=\"wp-block-heading\">Panoramica delle ricerche di mercato delle salse da immersione<\/h2>\n\n\n\n<p>La ricerca di mercato delle salse da immersione fornisce approfondimenti e vantaggi strategici per aiutare le aziende a prosperare nel settore competitivo e in continua evoluzione delle salse. L&#039;industria delle salse da immersione fa parte del pi\u00f9 ampio mercato dei condimenti e delle salse, che comprende vari tipi di salse, condimenti e condimenti utilizzati per aggiungere sapore al cibo. Le salse da immersione, in particolare, sono tipicamente salse dense o semidense che vengono servite insieme a prodotti alimentari da immersione, come snack, antipasti, finger food e piatti principali. Le salse da immersione sono famose in una vasta gamma di cucine e sono comunemente utilizzate nei fast food, nei pasti informali e nella cucina casalinga.<\/p>\n\n\n\n<h2 class=\"wp-block-heading\">Segmentazione delle ricerche di mercato delle salse da immersione<\/h2>\n\n\n\n<h3 class=\"wp-block-heading\">Il settore delle salse da immersione pu\u00f2 essere segmentato in base a diversi fattori. Ecco alcuni diversi tipi di prodotti che possono essere trovati nel settore delle salse da immersione:<\/h3>\n\n\n\n<ul class=\"wp-block-list\">\n<li>Sapori classici, come condimento ranch, ketchup, maionese, senape e salsa barbecue.<\/li>\n\n\n\n<li>Gusti speciali, come aioli all&#039;aglio, chipotle, agrodolce, teriyaki e agrodolce.<\/li>\n\n\n\n<li>Sapori etnici, come hummus, tzatziki, salsa di prugne, salsa di soia e salsa hoisin.<\/li>\n\n\n\n<li>Salse a base di latticini: salse al formaggio, salse allo yogurt, salse alla panna acida, ecc.<\/li>\n\n\n\n<li>Salse vegane\/vegetali, come ranch vegano, maionese vegana e hummus vegano.<\/li>\n\n\n\n<li>Salse salutari come quelle a basso contenuto di grassi, a basso contenuto di sodio, biologiche, senza glutine, senza allergeni, ecc.<\/li>\n\n\n\n<li>Salse a base di frutta, come salse allo yogurt alla frutta, salse di frutta e chutney di frutta.<\/li>\n\n\n\n<li>Salse per dessert, come salse al cioccolato, caramello e burro biscotto.<\/li>\n\n\n\n<li>Salse piccanti\/piccanti, come salse fatte con jalapenos o salsa piccante.<\/li>\n\n\n\n<li>Salse stagionali o in edizione limitata, come salsa di mirtilli rossi e salse speziate alla zucca.<\/li>\n\n\n\n<li>Le salse prodotte con il marchio di un rivenditore o ristorante specifico e ricette uniche sono note come salse con etichetta privata o personalizzate.<\/li>\n<\/ul>\n\n\n\n<p>It&#8217;s important to note that these segments may overlap or vary depending on the specific <a href=\"https:\/\/www.sisinternational.com\/it\/pubblicazioni\/comportamento-dellacquirente-dopo-il-nuovo-consumatore-legato-al-coronavirus\/\" title=\"Comportamento degli acquirenti dopo il coronavirus: ricerche di mercato sui consumatori\"  data-wpil-monitor-id=\"9826\">market and consumer<\/a> preferences. Data and strategies in Dipping Sauce Market Research will help significant players understand the various segments in the Dipping Sauce industry. This can help <a href=\"https:\/\/www.sisinternational.com\/it\/soluzioni\/ricerca-di-consulenza-strategica-fintech\/consulenza-strategica-per-ricerche-di-mercato-assicurative-in-caso-di-interruzione-dellattivita\/\" title=\"Ricerche di mercato e consulenza strategica nel settore assicurativo per l&#039;interruzione dell&#039;attivit\u00e0\"  data-wpil-monitor-id=\"9824\">businesses tailor their marketing strategies<\/a>, product development, and packaging options to meet the unique needs and likings of different customer groups.<\/p>\n\n\n\n<h2 class=\"wp-block-heading\">Vantaggi delle ricerche di mercato sulle salse da immersione<\/h2>\n\n\n\n<figure class=\"gb-block-image gb-block-image-75ff09d3\"><img loading=\"lazy\" decoding=\"async\" width=\"1456\" height=\"816\" class=\"gb-image gb-image-75ff09d3\" src=\"https:\/\/www.sisinternational.com\/wp-content\/uploads\/2025\/10\/Dipping-sauce-2.jpg\" alt=\"Ricerca e strategia di mercato internazionale SIS\" title=\"Dipping sauce (2)\" srcset=\"https:\/\/www.sisinternational.com\/wp-content\/uploads\/2025\/10\/Dipping-sauce-2.jpg 1456w, https:\/\/www.sisinternational.com\/wp-content\/uploads\/2025\/10\/Dipping-sauce-2-300x168.jpg 300w, https:\/\/www.sisinternational.com\/wp-content\/uploads\/2025\/10\/Dipping-sauce-2-1024x574.jpg 1024w, https:\/\/www.sisinternational.com\/wp-content\/uploads\/2025\/10\/Dipping-sauce-2-768x430.jpg 768w, https:\/\/www.sisinternational.com\/wp-content\/uploads\/2025\/10\/Dipping-sauce-2-18x10.jpg 18w\" sizes=\"auto, (max-width: 1456px) 100vw, 1456px\"><\/figure>\n\n\n\n<p><\/p>\n\n\n\n<p>Dipping Sauce Market Research provides insights that help businesses in the industry gain a competitive edge. Here are the main benefits of gathering data and strategies in <a href=\"https:\/\/www.sisinternational.com\/it\/copertura\/le-americhe\/copertura-degli-stati-uniti\/ricerche-di-mercato-nel-maine\/\" title=\"Ricerche di mercato nel Maine\"  data-wpil-monitor-id=\"5419\">Ricerche di mercato sulle salse da immersione<\/a> for any major player in the industry-<\/p>\n\n\n\n<p><strong>Esplorare le preferenze interculturali<\/strong><\/p>\n\n\n\n<p>In tutto il mondo, le salse da immersione sono comuni in un&#039;ampia variet\u00e0 di cucine e culture. Le ricerche di mercato possono far luce sulle preferenze interculturali delle salse da immersione, come i profili di sapore, gli ingredienti preferiti o le tendenze di utilizzo. Ci\u00f2 pu\u00f2 aiutare le aziende del settore delle salse da immersione a creare offerte di salse da immersione specifiche a livello regionale o culturale che soddisferanno una variet\u00e0 di gusti e preferenze dei consumatori in varie aree.<\/p>\n\n\n\n<p><strong>Identificazione delle opportunit\u00e0 di mercato<\/strong><\/p>\n\n\n\n<p>Nel settore delle salse da immersione, le ricerche di mercato possono identificare opportunit\u00e0 di mercato non sfruttate. Analizzando le tendenze del mercato, le offerte dei concorrenti e il feedback dei consumatori, \u00e8 possibile identificare le lacune del mercato che possono essere sfruttate per creare prodotti innovativi per salse o campagne di marketing. Ci\u00f2 pu\u00f2 aiutare le aziende a rimanere competitive e ad acquisire una quota di mercato pi\u00f9 ampia.<\/p>\n\n\n\n<p><strong><a href=\"https:\/\/www.sisinternational.com\/it\/soluzioni\/soluzioni-di-branding-e-ricerca-clienti\/ricerche-di-mercato-per-test-di-prodotto\/new-product-concept-testing-methods\/\" title=\"New Product Concept Testing Methods\"  data-wpil-monitor-id=\"9820\">Test dei concetti di prodotto<\/a><\/strong><\/p>\n\n\n\n<p>Before launching a new dipping sauce product, it is necessary to evaluate its viability with the target market. Through concept testing, taste tests, and mock trials, data and <a href=\"https:\/\/www.sisinternational.com\/it\/soluzioni\/e-la-crescita-globale\/consulenza-strategica-sui-mercati-emergenti\/\" title=\"Consulenza strategica sui mercati emergenti\"  data-wpil-monitor-id=\"9827\">strategies in Dipping Sauce Market<\/a> can help garner feedback on product concepts, flavors, packaging, and pricing options. This can provide valuable insights into <a href=\"https:\/\/www.sisinternational.com\/it\/73903-2\/\" title=\"Turn Consumer Flavor Preferences Into Winning Products\"  data-wpil-monitor-id=\"9823\">consumer preferences and assist in refining product<\/a> offerings in order to increase the likelihood of market success.<\/p>\n\n\n\n<p><strong>Valutare la percezione del marchio<\/strong><\/p>\n\n\n\n<p>Prima di introdurre sul mercato un nuovo prodotto con salsa da immersione, \u00e8 necessario determinarne la fattibilit\u00e0. Attraverso test concettuali, test di assaggio e prove simulate, i dati e le strategie di mercato di Dipping Sauce possono aiutare a raccogliere feedback su concetti di prodotto, sapori, imballaggi e alternative di prezzo. Ci\u00f2 pu\u00f2 fornire preziose informazioni sulle preferenze dei consumatori e aiutare a perfezionare l\u2019offerta di prodotti per aumentare la probabilit\u00e0 di successo sul mercato.<\/p>\n\n\n\n<p><strong>Identificazione delle tendenze di sapore emergenti<\/strong><\/p>\n\n\n\n<p>La ricerca di mercato di Salse da immersione fornisce approfondimenti in grado di identificare le tendenze emergenti in materia di sapori nel settore. Rimanendo aggiornati sulle preferenze dei consumatori, sulle tendenze culinarie e sulle innovazioni dei sapori, la ricerca di mercato pu\u00f2 identificare profili di sapori distinti che potrebbero non essere ancora ampiamente disponibili sul mercato. Ci\u00f2 pu\u00f2 fornire alle aziende un vantaggio iniziale nello sviluppo di gusti di salse nuovi e creativi che possano attirare l\u2019attenzione dei consumatori e stimolare la domanda.<\/p>\n\n\n\n<h2 class=\"wp-block-heading\">Le migliori aziende<\/h2>\n\n\n\n<p>The Dipping Sauce industry is extremely competitive, with numerous participants operating on a range of scales, from multinational corporations to local or regional brands. On the basis of their market presence, brand recognition, and market share, the following <a href=\"https:\/\/www.sisinternational.com\/it\/la-migliore-azienda-di-analisi-del-settore-a-new-york\/\" title=\"La migliore azienda di analisi del settore a New York\"  data-wpil-monitor-id=\"9822\">companies are among the industry&#8217;s top<\/a> leaders:<\/p>\n\n\n\n<ul class=\"wp-block-list\">\n<li>Azienda alimentare di Cholula<\/li>\n\n\n\n<li>Conagra Brands Inc.<\/li>\n\n\n\n<li>Del Monte Foods, Inc.<\/li>\n\n\n\n<li>Dr.Oetker GmbH<\/li>\n\n\n\n<li>Frito-Lay, Inc. (una filiale di PepsiCo, Inc.)<\/li>\n\n\n\n<li>General Mills Inc.<\/li>\n\n\n\n<li>McCormick &amp; Company, Inc.<\/li>\n\n\n\n<li>Nestl\u00e9 SA<\/li>\n\n\n\n<li>La societ\u00e0 Clorox<\/li>\n\n\n\n<li>L&#039;Hain Celestial Group, Inc.<\/li>\n\n\n\n<li>L&#039;azienda Kraft Heinz<\/li>\n\n\n\n<li>Gruppo Unilever<\/li>\n\n\n\n<li>Yihai International Holding Ltd<\/li>\n<\/ul>\n\n\n\n<p>Comprendere i principali attori del settore Salsa da immersione \u00e8 fondamentale per le aziende perch\u00e9 consente loro di comprendere il panorama competitivo, confrontarsi con i leader del settore e identificare potenziali opportunit\u00e0 di collaborazione o partnership al fine di rimanere competitivi e informati sul mercato.<\/p>\n\n\n\n<h2 class=\"wp-block-heading\">Fattori di crescita<\/h2>\n\n\n\n<figure class=\"gb-block-image gb-block-image-e4b6aff4\"><img loading=\"lazy\" decoding=\"async\" width=\"1456\" height=\"816\" class=\"gb-image gb-image-e4b6aff4\" src=\"https:\/\/www.sisinternational.com\/wp-content\/uploads\/2025\/10\/Dipping-sauce-3.jpg\" alt=\"Ricerca e strategia di mercato internazionale SIS\" title=\"Dipping sauce (3)\" srcset=\"https:\/\/www.sisinternational.com\/wp-content\/uploads\/2025\/10\/Dipping-sauce-3.jpg 1456w, https:\/\/www.sisinternational.com\/wp-content\/uploads\/2025\/10\/Dipping-sauce-3-300x168.jpg 300w, https:\/\/www.sisinternational.com\/wp-content\/uploads\/2025\/10\/Dipping-sauce-3-1024x574.jpg 1024w, https:\/\/www.sisinternational.com\/wp-content\/uploads\/2025\/10\/Dipping-sauce-3-768x430.jpg 768w, https:\/\/www.sisinternational.com\/wp-content\/uploads\/2025\/10\/Dipping-sauce-3-18x10.jpg 18w\" sizes=\"auto, (max-width: 1456px) 100vw, 1456px\"><\/figure>\n\n\n\n<p><\/p>\n\n\n\n<p>Esistono diversi fattori chiave di crescita nel mercato delle salse da immersione. I fattori che stanno guidando la sua espansione e creando opportunit\u00e0 per le imprese del settore sono i seguenti:<\/p>\n\n\n\n<ul class=\"wp-block-list\">\n<li>La richiesta da parte dei consumatori di sapori diversi, combinazioni distintive e ingredienti di alta qualit\u00e0 \u00e8 in aumento.<\/li>\n\n\n\n<li>Cambiare i modelli alimentari e le tendenze culinarie, come spuntini e pasti cucinati in casa.<\/li>\n\n\n\n<li>Crescono le preferenze per le cucine etniche e internazionali.<\/li>\n\n\n\n<li>Considerazioni sulla salute e il benessere, come opzioni a basso contenuto di grassi, a basso contenuto di sodio, a basso contenuto di zuccheri, biologiche e vegetali.<\/li>\n\n\n\n<li>Comodit\u00e0 e consumo in movimento per snack, pasti da asporto e cibi pronti<\/li>\n\n\n\n<li>Scoperta di profili aromatici innovativi e distintivi per attrarre consumatori curiosi.<\/li>\n\n\n\n<li>Rising demand in the <a href=\"https:\/\/www.sisinternational.com\/it\/settore-dei-servizi-alimentari\/\" title=\"Riflettori sul settore dei servizi di ristorazione 2011\"  data-wpil-monitor-id=\"9821\">food service and hospitality industries<\/a>.<\/li>\n\n\n\n<li>Facile accesso all&#039;e-commerce e ai canali di vendita online per un&#039;ampia variet\u00e0 di salse da immersione.<\/li>\n<\/ul>\n\n\n\n<p>These factors contribute to the expansion of the market for dipping sauces and present opportunities for companies operating in this industry. Understanding these factors and incorporating them into <a href=\"https:\/\/www.sisinternational.com\/it\/soluzioni\/ricerca-di-consulenza-strategica-fintech\/ricerche-di-mercato-sui-mercati-dei-capitali\/\" title=\"Ricerche di mercato sui mercati dei capitali\"  data-wpil-monitor-id=\"9825\">marketing strategies can assist businesses in capitalizing<\/a> on the increasing demand for dipping sauces and succeeding in the competitive market.<\/p>\n\n\n\n<h2 class=\"wp-block-heading\">Informazioni sulle ricerche di mercato sulle salse da immersione<\/h2>\n\n\n\n<p>Dipping Sauce market research offers businesses in the Dipping Sauce industry data-driven insights that can guide their decisions. Whether it&#8217;s deciding on new product launches, marketing strategies, pricing, or distribution channels, marketing research can give valuable information to aid in decision-making. Dipping Sauce Market Research provides insights into the information that can reduce the risk of making costly mistakes and increase the chances of success in the market. By utilizing data and strategies in <a href=\"https:\/\/www.sisinternational.com\/it\/competenza\/industrie\/ricerche-di-mercato-sulle-utilities\/\" title=\"Ricerche di mercato sulle utilities\"  data-wpil-monitor-id=\"4015\">Ricerche di mercato sulle salse da immersione<\/a>, businesses can improve their product offerings, enhance their brand image, and remain ahead of the competition, resulting in increased sales and profits.<\/p>","protected":false},"excerpt":{"rendered":"<p>La ricerca di mercato delle salse da immersione fornisce approfondimenti e vantaggi strategici per aiutare le aziende nel settore delle salse competitivo e in continua evoluzione.<\/p>","protected":false},"author":1,"featured_media":71821,"parent":14514,"menu_order":287,"comment_status":"closed","ping_status":"closed","template":"","meta":{"footnotes":""},"class_list":["post-42620","page","type-page","status-publish","has-post-thumbnail"],"_links":{"self":[{"href":"https:\/\/www.sisinternational.com\/it\/wp-json\/wp\/v2\/pages\/42620","targetHints":{"allow":["GET"]}}],"collection":[{"href":"https:\/\/www.sisinternational.com\/it\/wp-json\/wp\/v2\/pages"}],"about":[{"href":"https:\/\/www.sisinternational.com\/it\/wp-json\/wp\/v2\/types\/page"}],"author":[{"embeddable":true,"href":"https:\/\/www.sisinternational.com\/it\/wp-json\/wp\/v2\/users\/1"}],"replies":[{"embeddable":true,"href":"https:\/\/www.sisinternational.com\/it\/wp-json\/wp\/v2\/comments?post=42620"}],"version-history":[{"count":6,"href":"https:\/\/www.sisinternational.com\/it\/wp-json\/wp\/v2\/pages\/42620\/revisions"}],"predecessor-version":[{"id":81632,"href":"https:\/\/www.sisinternational.com\/it\/wp-json\/wp\/v2\/pages\/42620\/revisions\/81632"}],"up":[{"embeddable":true,"href":"https:\/\/www.sisinternational.com\/it\/wp-json\/wp\/v2\/pages\/14514"}],"wp:featuredmedia":[{"embeddable":true,"href":"https:\/\/www.sisinternational.com\/it\/wp-json\/wp\/v2\/media\/71821"}],"wp:attachment":[{"href":"https:\/\/www.sisinternational.com\/it\/wp-json\/wp\/v2\/media?parent=42620"}],"curies":[{"name":"wp","href":"https:\/\/api.w.org\/{rel}","templated":true}]}}