{"id":42618,"date":"2023-04-30T21:51:25","date_gmt":"2023-05-01T01:51:25","guid":{"rendered":"https:\/\/www.sisinternational.com\/?page_id=42618"},"modified":"2026-02-15T14:18:08","modified_gmt":"2026-02-15T19:18:08","slug":"ricerche-di-mercato-sui-media-digitali","status":"publish","type":"page","link":"https:\/\/www.sisinternational.com\/it\/competenza\/ricerche-di-mercato-sui-media-digitali\/","title":{"rendered":"Ricerche di mercato sui media digitali"},"content":{"rendered":"<h1 class=\"wp-block-heading\">Ricerche di mercato sui media digitali<\/h1>\n\n\n\n<figure class=\"gb-block-image gb-block-image-3a730470\"><img loading=\"lazy\" decoding=\"async\" width=\"1456\" height=\"816\" class=\"gb-image gb-image-3a730470\" src=\"https:\/\/www.sisinternational.com\/wp-content\/uploads\/2025\/09\/Predictive-analytics-70.jpg\" alt=\"Ricerca e strategia di mercato internazionale SIS\" title=\"Predictive analytics (70)\" srcset=\"https:\/\/www.sisinternational.com\/wp-content\/uploads\/2025\/09\/Predictive-analytics-70.jpg 1456w, https:\/\/www.sisinternational.com\/wp-content\/uploads\/2025\/09\/Predictive-analytics-70-300x168.jpg 300w, https:\/\/www.sisinternational.com\/wp-content\/uploads\/2025\/09\/Predictive-analytics-70-1024x574.jpg 1024w, https:\/\/www.sisinternational.com\/wp-content\/uploads\/2025\/09\/Predictive-analytics-70-768x430.jpg 768w, https:\/\/www.sisinternational.com\/wp-content\/uploads\/2025\/09\/Predictive-analytics-70-18x10.jpg 18w\" sizes=\"auto, (max-width: 1456px) 100vw, 1456px\"><\/figure>\n\n\n\n<hr class=\"wp-block-separator has-alpha-channel-opacity is-style-dots\"\/>\n\n\n\n<p>Digital media refers to electronic content that one can send over the Internet. We can also use other computer networks for sending Digital Media Content. It includes various forms of digital communication. Examples are text, audio, images, and video. <a href=\"https:\/\/www.sisinternational.com\/it\/trasformazione-digitale-in-edilizia\/\" title=\"Trasformazione digitale nell&#039;edilizia\" data-wpil-monitor-id=\"2797\">Digital media has transformed<\/a> the way we consume and share information. It also has changed the way we communicate with others.<\/p>\n\n\n\n<p>Esempi di media digitali includono siti Web e piattaforme di social media. Comprende file audio e video digitali, e-book, blog e podcast. Le app mobili sono un&#039;altra forma di media digitale. Lo stesso vale per la pubblicit\u00e0 online. I media digitali consentono esperienze interattive e coinvolgenti. Ti consente anche di raggiungere un vasto pubblico.<\/p>\n\n\n\n<h2 class=\"wp-block-heading\">Perch\u00e9 i media digitali sono importanti?<\/h2>\n\n\n\n<p>I media digitali sono essenziali per diversi motivi. L&#039;accessibilit\u00e0 \u00e8 una delle ragioni principali. I media digitali hanno reso le informazioni pi\u00f9 accessibili che mai. Con pochi clic le persone possono accedere a informazioni su qualsiasi argomento da qualsiasi parte del mondo.<br>I media digitali consentono alle persone di consumare contenuti secondo il proprio programma. Quindi, \u00e8 una forma di comunicazione conveniente.<\/p>\n\n\n\n<p>I media digitali offrono ulteriori modi per interagire con i contenuti. Gli utenti hanno di tutto, dai video interattivi alle discussioni sui social media. Almeno, questo impegno pu\u00f2 costruire relazioni pi\u00f9 forti tra marchi e consumatori.<\/p>\n\n\n\n<p>Inoltre, i media digitali consentono pubblicit\u00e0 e messaggi mirati. Consentir\u00e0 ai marchi di raggiungere un pubblico specifico con contenuti pertinenti.<\/p>\n\n\n\n<p>Un altro punto chiave \u00e8 che i media digitali forniscono analisi dettagliate sul comportamento degli utenti. Inoltre, consente ai marchi di misurare l\u2019efficacia delle loro campagne. Una volta misurati, \u00e8 facile adattare le proprie strategie.<\/p>\n\n\n\n<p>I media digitali possono essere convenienti per le aziende. Offre pi\u00f9 valore rispetto alle forme tradizionali di pubblicit\u00e0, come gli spot televisivi o radiofonici.<\/p>\n\n\n\n<p>I media digitali hanno trasformato il modo in cui comunichiamo, consumiamo informazioni e conduciamo affari. Allo stesso modo, ora \u00e8 una parte vitale della nostra vita quotidiana. Continua ad evolversi e a modellare il modo in cui interagiamo con il mondo.<\/p>\n\n\n\n<h2 class=\"wp-block-heading\">Titoli di lavoro chiave<\/h2>\n\n\n\n<figure class=\"gb-block-image gb-block-image-dc9bc9bf\"><img decoding=\"async\" class=\"gb-image gb-image-dc9bc9bf\" src=\"https:\/\/www.sisinternational.com\/wp-content\/uploads\/2025\/08\/Social-media-3.jpg\" alt=\"Ricerca e strategia di mercato internazionale SIS\" title=\"Social media (3)\"><\/figure>\n\n\n\n<p><\/p>\n\n\n\n<h3 class=\"wp-block-heading\">I media digitali sono un campo ampio che comprende molti titoli lavorativi diversi. Ecco alcuni dei titoli di lavoro critici all&#039;interno dei media digitali:<\/h3>\n\n\n\n<ul class=\"wp-block-list\">\n<li><strong>Responsabile marketing digitale:<\/strong> Responsabile dello sviluppo e dell&#039;esecuzione di campagne di marketing digitale. Queste campagne promuovono i prodotti o i servizi di un&#039;azienda.<\/li>\n\n\n\n<li><strong>Social media manager:<\/strong> Gestisce la presenza sui social media dell&#039;azienda. Questo manager sviluppa anche strategie per aumentare il coinvolgimento e far crescere i follower.<\/li>\n\n\n\n<li><strong>Creatore\/scrittore di contenuti:<\/strong> Crea contenuti per siti web e blog. Il creatore di contenuti scrive anche per i social media e altre piattaforme digitali.<\/li>\n\n\n\n<li><strong>Grafico:<\/strong> Progetta contenuti visivi per siti Web, social media e altre piattaforme digitali.<\/li>\n\n\n\n<li><strong>Produttore video:<\/strong> Crea contenuti video per siti Web, social media e altre piattaforme digitali.<\/li>\n\n\n\n<li><strong>Sviluppatore web:<\/strong> Costruisce e mantiene siti web e applicazioni web.<\/li>\n\n\n\n<li><strong>Specialista SEO:<\/strong> Ottimizza siti web e contenuti digitali per migliorare il posizionamento nei motori di ricerca.<\/li>\n\n\n\n<li><strong>Responsabile analisi:<\/strong> Analizza i dati digitali per misurare l&#039;efficacia delle campagne. Il responsabile dell&#039;analisi identifica anche le opportunit\u00e0 di miglioramento.<\/li>\n\n\n\n<li><strong>Progettista UX\/UI:<\/strong> Progetta interfacce utente ed esperienze utente per siti Web. Progettano anche per app mobili e altre piattaforme digitali.<\/li>\n\n\n\n<li><strong>Responsabile e-commerce:<\/strong> Gestisce le vendite e le operazioni online per un sito di e-commerce.<\/li>\n<\/ul>\n\n\n\n<p>Questi sono solo alcuni dei titoli di lavoro critici all&#039;interno dei media digitali. Il campo \u00e8 in evoluzione. Pertanto, con l\u2019avanzare della tecnologia stanno emergendo nuovi titoli e ruoli lavorativi.<\/p>\n\n\n\n<h2 class=\"wp-block-heading\">Perch\u00e9 le aziende hanno bisogno di ricerche di mercato sui media digitali?<\/h2>\n\n\n\n<p>Le aziende hanno bisogno dei media digitali per una serie di motivi. La portata \u00e8 uno dei motivi principali. Consente alle aziende di raggiungere un pubblico molto pi\u00f9 ampio rispetto ai canali di marketing tradizionali. Con la giusta strategia, le aziende possono entrare in contatto con persone in tutto il mondo. Possono indirizzare con precisione dati demografici specifici.<\/p>\n\n\n\n<p>I media digitali consentono alle aziende di interagire con i propri clienti in tempo reale. Questo impegno pu\u00f2 costruire relazioni pi\u00f9 forti con i clienti e migliorare la fedelt\u00e0 al marchio.<\/p>\n\n\n\n<p>I media digitali possono essere un modo economicamente vantaggioso per raggiungere un vasto pubblico. Ad esempio, la pubblicit\u00e0 sui social media \u00e8 molto pi\u00f9 conveniente rispetto ai canali pubblicitari tradizionali.<\/p>\n\n\n\n<p>I media digitali forniscono analisi dettagliate sul comportamento degli utenti. Queste analisi possono aiutare le aziende a misurare l&#039;efficacia delle loro campagne. Pertanto, possono adattare le loro strategie.<\/p>\n\n\n\n<p>Nell&#039;era digitale di oggi, le aziende devono avere una solida presenza digitale. Quelli senza tale presenza rischiano di restare indietro rispetto ai concorrenti. Avere una solida strategia sui media digitali pu\u00f2 aiutare le aziende a rimanere competitive. Inoltre li mantiene rilevanti nel loro settore.<\/p>\n\n\n\n<p>I media digitali consentono alle aziende di interagire con i propri clienti. Possono condurre affari secondo gli orari dei loro clienti. Questi fattori possono portare a una migliore soddisfazione del cliente.<\/p>\n\n\n\n<p>I media digitali sono uno strumento potente. Pu\u00f2 aiutare le aziende a raggiungere e coinvolgere il proprio pubblico di destinazione. Consente inoltre loro di misurare l&#039;efficacia delle loro campagne di marketing. Pertanto, possono rimanere competitivi nel frenetico ambiente economico di oggi.<\/p>\n\n\n\n<h2 class=\"wp-block-heading\">Fattori chiave del successo<\/h2>\n\n\n\n<figure class=\"gb-block-image gb-block-image-b6426cf8\"><img loading=\"lazy\" decoding=\"async\" width=\"1456\" height=\"816\" class=\"gb-image gb-image-b6426cf8\" src=\"https:\/\/www.sisinternational.com\/wp-content\/uploads\/2025\/08\/Social-media-5.jpg\" alt=\"Ricerca e strategia di mercato internazionale SIS\" title=\"Social media (5)\" srcset=\"https:\/\/www.sisinternational.com\/wp-content\/uploads\/2025\/08\/Social-media-5.jpg 1456w, https:\/\/www.sisinternational.com\/wp-content\/uploads\/2025\/08\/Social-media-5-300x168.jpg 300w, https:\/\/www.sisinternational.com\/wp-content\/uploads\/2025\/08\/Social-media-5-1024x574.jpg 1024w, https:\/\/www.sisinternational.com\/wp-content\/uploads\/2025\/08\/Social-media-5-768x430.jpg 768w, https:\/\/www.sisinternational.com\/wp-content\/uploads\/2025\/08\/Social-media-5-18x10.jpg 18w\" sizes=\"auto, (max-width: 1456px) 100vw, 1456px\"><\/figure>\n\n\n\n<p><\/p>\n\n\n\n<p>Esistono diversi fattori critici di successo da considerare per una strategia di media digitali. Uno dei pi\u00f9 importanti sono gli obiettivi chiari. \u00c8 essenziale comprendere gli obiettivi della strategia dei media digitali. \u00c8 un dato di fatto, questa comprensione aiuter\u00e0 a guidare lo sviluppo del piano di gioco. \u00c8 anche un modo per allinearlo agli obiettivi aziendali.<\/p>\n\n\n\n<p>Comprendere il pubblico di destinazione \u00e8 fondamentale per sviluppare una strategia efficace sui media digitali. Le aziende devono ricercare il comportamento, le preferenze e gli interessi del proprio pubblico. In questo modo, possono garantire di fornire contenuti che risuonano con loro.<\/p>\n\n\n\n<p>Contenuti di alta qualit\u00e0 sono essenziali per coinvolgere il pubblico. \u00c8 anche fondamentale se stai costruendo un seguito fedele. Il contenuto deve essere pertinente, informativo e coinvolgente. Sarebbe utile se lo adattassi al pubblico di destinazione.<\/p>\n\n\n\n<p>La coerenza \u00e8 vitale quando si tratta di media digitali. Dovresti fornire il contenuto regolarmente. Il messaggio dovrebbe essere coerente su tutti i canali.<\/p>\n\n\n\n<p>L\u2019analisi \u00e8 fondamentale per misurare l\u2019efficacia della strategia dei media digitali. Le aziende dovrebbero tenere traccia di parametri quali coinvolgimento, portata e tassi di conversione. In questo modo, possono capire come sta funzionando il sistema. Possono anche identificare aree di miglioramento.<\/p>\n\n\n\n<p>Il panorama dei media digitali \u00e8 in evoluzione. Le aziende devono essere flessibili e adattabili per stare al passo con i cambiamenti. Dovranno sperimentare nuovi approcci. Devono anche adattare la strategia secondo necessit\u00e0.<\/p>\n\n\n\n<p>Le aziende dovrebbero integrare i media digitali nella loro strategia aziendale. Non dovrebbero considerarla un\u2019attivit\u00e0 a s\u00e9 stante. Dovrebbero allinearlo ai valori e agli obiettivi del marchio. Le aziende dovrebbero anche integrarlo con altre attivit\u00e0 di marketing. Questo \u00e8 il modo migliore per creare un approccio coeso.<\/p>\n\n\n\n<p>Le aziende devono considerare questi fattori critici di successo. Possono usarli per sviluppare una strategia mediatica digitale efficace e coinvolgente. Questi fattori di successo contribuiranno a fornire risultati.<\/p>\n\n\n\n<h2 class=\"wp-block-heading\">Informazioni sulle ricerche di mercato sui media digitali<\/h2>\n\n\n\n<p>At SIS International, we conduct two main types of market research. We do Quantitative and Qualitative Market Research. An essential element of <a class=\"wpil_keyword_link\" href=\"https:\/\/www.sisinternational.com\/it\/top-5-benefits-of-conducting-quantitative-market-research\/\" title=\"Top 5 Benefits of Conducting Quantitative Market Research\" data-wpil-keyword-link=\"linked\" data-wpil-monitor-id=\"692\">Ricerche di mercato quantitative<\/a> is Surveys. Qualitative Market Research uses tools like Focus Groups and In-depth Interviews.<\/p>\n\n\n\n<p>Market Research allows you to understand your competitors. We make it easy for you by providing Competitive Analysis coupled with <a class=\"wpil_keyword_link\" href=\"https:\/\/www.sisinternational.com\/it\/soluzioni\/consulenza-strategica\/ricerca-di-ingresso-nel-mercato\/\" title=\"Ricerca sull&#039;ingresso nel mercato\" data-wpil-keyword-link=\"linked\" data-wpil-monitor-id=\"362\">Ricerca sull&#039;ingresso nel mercato<\/a>. We also offer UX, Strategy, Market Opportunity, and <a href=\"https:\/\/www.sisinternational.com\/it\/competenza\/industrie\/ricerche-di-mercato-nel-settore-del-pollame\/\" title=\"Ricerche di mercato nel settore del pollame\" data-wpil-monitor-id=\"3091\">Ricerca sul dimensionamento del mercato<\/a>. Contact SIS for a consultation today!<\/p>\n\n\n\n<p><\/p>","protected":false},"excerpt":{"rendered":"<p>I media digitali hanno reso le informazioni pi\u00f9 accessibili che mai poich\u00e9 le persone accedono a informazioni su qualsiasi argomento da qualsiasi parte del mondo.<\/p>","protected":false},"author":1,"featured_media":70286,"parent":14514,"menu_order":286,"comment_status":"closed","ping_status":"closed","template":"","meta":{"footnotes":""},"class_list":["post-42618","page","type-page","status-publish","has-post-thumbnail"],"_links":{"self":[{"href":"https:\/\/www.sisinternational.com\/it\/wp-json\/wp\/v2\/pages\/42618","targetHints":{"allow":["GET"]}}],"collection":[{"href":"https:\/\/www.sisinternational.com\/it\/wp-json\/wp\/v2\/pages"}],"about":[{"href":"https:\/\/www.sisinternational.com\/it\/wp-json\/wp\/v2\/types\/page"}],"author":[{"embeddable":true,"href":"https:\/\/www.sisinternational.com\/it\/wp-json\/wp\/v2\/users\/1"}],"replies":[{"embeddable":true,"href":"https:\/\/www.sisinternational.com\/it\/wp-json\/wp\/v2\/comments?post=42618"}],"version-history":[{"count":7,"href":"https:\/\/www.sisinternational.com\/it\/wp-json\/wp\/v2\/pages\/42618\/revisions"}],"predecessor-version":[{"id":82694,"href":"https:\/\/www.sisinternational.com\/it\/wp-json\/wp\/v2\/pages\/42618\/revisions\/82694"}],"up":[{"embeddable":true,"href":"https:\/\/www.sisinternational.com\/it\/wp-json\/wp\/v2\/pages\/14514"}],"wp:featuredmedia":[{"embeddable":true,"href":"https:\/\/www.sisinternational.com\/it\/wp-json\/wp\/v2\/media\/70286"}],"wp:attachment":[{"href":"https:\/\/www.sisinternational.com\/it\/wp-json\/wp\/v2\/media?parent=42618"}],"curies":[{"name":"wp","href":"https:\/\/api.w.org\/{rel}","templated":true}]}}