{"id":42612,"date":"2023-04-30T20:59:12","date_gmt":"2023-05-01T00:59:12","guid":{"rendered":"https:\/\/www.sisinternational.com\/?page_id=42612"},"modified":"2026-01-27T16:48:50","modified_gmt":"2026-01-27T21:48:50","slug":"ricerche-di-mercato-dei-rivenditori","status":"publish","type":"page","link":"https:\/\/www.sisinternational.com\/it\/competenza\/ricerche-di-mercato-dei-rivenditori\/","title":{"rendered":"Ricerche di mercato per rivenditori"},"content":{"rendered":"<h1 class=\"wp-block-heading\">Ricerche di mercato per rivenditori<\/h1>\n\n\n\n<figure class=\"gb-block-image gb-block-image-31a8fdb2\"><img loading=\"lazy\" decoding=\"async\" width=\"1456\" height=\"816\" class=\"gb-image gb-image-31a8fdb2\" src=\"https:\/\/www.sisinternational.com\/wp-content\/uploads\/2025\/09\/European-food-delivery-2.jpg\" alt=\"Ricerca e strategia di mercato internazionale SIS\" title=\"European food delivery (2)\" srcset=\"https:\/\/www.sisinternational.com\/wp-content\/uploads\/2025\/09\/European-food-delivery-2.jpg 1456w, https:\/\/www.sisinternational.com\/wp-content\/uploads\/2025\/09\/European-food-delivery-2-300x168.jpg 300w, https:\/\/www.sisinternational.com\/wp-content\/uploads\/2025\/09\/European-food-delivery-2-1024x574.jpg 1024w, https:\/\/www.sisinternational.com\/wp-content\/uploads\/2025\/09\/European-food-delivery-2-768x430.jpg 768w, https:\/\/www.sisinternational.com\/wp-content\/uploads\/2025\/09\/European-food-delivery-2-18x10.jpg 18w\" sizes=\"auto, (max-width: 1456px) 100vw, 1456px\"><\/figure>\n\n\n\n<p><\/p>\n\n\n\n<div>Il mondo degli affari \u00e8 in continua evoluzione e stare al passo con la concorrenza richiede una profonda comprensione del panorama del mercato e le ricerche di mercato dei concessionari offrono un&#039;analisi completa del panorama dei concessionari, fornendo preziose informazioni sulle tendenze del settore, sulle preferenze dei clienti e sui potenziali partner. L&#039;importanza di questa ricerca risiede nella sua capacit\u00e0 di influenzare le decisioni strategiche di un&#039;azienda, compresa la selezione di concessionari adeguati, il potenziamento delle reti di concessionari e l&#039;ottimizzazione della soddisfazione del cliente.<\/div>\n\n\n\n<h2 class=\"wp-block-heading\">Comprendere le ricerche di mercato dei rivenditori<\/h2>\n\n\n\n<p>La ricerca di mercato dei concessionari \u00e8 un elemento essenziale per favorire il successo aziendale poich\u00e9 aiuta le aziende a orientarsi nel complesso panorama delle reti di concessionari e garantisce che siano ben attrezzate per prendere decisioni informate.<\/p>\n\n\n\n<p>Comprendere la ricerca di mercato dei rivenditori implica un&#039;esplorazione completa dei rivenditori come tendenze del settore, preferenze dei clienti, tipi di rivenditori e potenziali partner. Questa ricerca consente inoltre alle aziende di prendere decisioni ben informate e di sviluppare strategie efficaci per la crescita e il successo.<\/p>\n\n\n\n<p>Aiuta le aziende a selezionare il rivenditore appropriato in base a fattori quali la presenza sul mercato, le dimensioni del rivenditore, la copertura geografica, la gamma di prodotti e l&#039;area di competenza, tra gli altri elementi. Allo stesso modo, fornisce tendenze del settore, tassi di crescita, opportunit\u00e0 e sfide per sviluppare strategie efficaci.<\/p>\n\n\n\n<h2 class=\"wp-block-heading\">Il ruolo delle ricerche di mercato dei rivenditori nel successo aziendale<\/h2>\n\n\n\n<ul class=\"wp-block-list\">\n<li><strong>Processo decisionale informato:<\/strong> Le ricerche di mercato dei concessionari forniscono informazioni critiche sulle inclinazioni dei clienti e sulle tattiche della concorrenza, consentendo alle aziende di prendere decisioni informate sulle partnership con i concessionari, sui portafogli di prodotti e sui segmenti target.<\/li>\n\n\n\n<li><strong>Selezione ottimale del rivenditore:<\/strong> Attraverso l&#039;implementazione di ricerche di mercato complete sui concessionari, le aziende possono individuare in modo efficace i partner concessionari pi\u00f9 adatti in base a fattori critici come la loro portata, la portata geografica, il portafoglio di prodotti e la posizione nel settore.<\/li>\n\n\n\n<li><strong>Maggiore soddisfazione del cliente:<\/strong> Le aziende possono ottenere informazioni preziose sul comportamento di acquisto dei clienti. Con questi dati, le aziende possono personalizzare la propria offerta di prodotti e le tattiche di marketing per soddisfare le richieste del proprio pubblico target.<\/li>\n\n\n\n<li><strong>Aumento della quota di mercato:<\/strong> Identificando le tendenze del mercato, le opportunit\u00e0 non sfruttate e le potenziali minacce, le organizzazioni possono trarre vantaggio dalle opportunit\u00e0 di crescita, sovraperformare i concorrenti e aumentare la propria quota di mercato.<\/li>\n\n\n\n<li><strong>Rapporti pi\u00f9 forti con i rivenditori:<\/strong> Le ricerche di mercato dei concessionari facilitano una migliore comunicazione e comprensione tra le aziende e i loro partner concessionari. Ci\u00f2 favorisce relazioni pi\u00f9 forti, risoluzione collaborativa dei problemi e innovazione.<\/li>\n<\/ul>\n\n\n\n<h2 class=\"wp-block-heading\">Mode del momento<\/h2>\n\n\n\n<figure class=\"gb-block-image gb-block-image-cab99223\"><img loading=\"lazy\" decoding=\"async\" width=\"1456\" height=\"816\" class=\"gb-image gb-image-cab99223\" src=\"https:\/\/www.sisinternational.com\/wp-content\/uploads\/2025\/09\/European-food-delivery-3.jpg\" alt=\"Ricerca e strategia di mercato internazionale SIS\" title=\"European food delivery (3)\" srcset=\"https:\/\/www.sisinternational.com\/wp-content\/uploads\/2025\/09\/European-food-delivery-3.jpg 1456w, https:\/\/www.sisinternational.com\/wp-content\/uploads\/2025\/09\/European-food-delivery-3-300x168.jpg 300w, https:\/\/www.sisinternational.com\/wp-content\/uploads\/2025\/09\/European-food-delivery-3-1024x574.jpg 1024w, https:\/\/www.sisinternational.com\/wp-content\/uploads\/2025\/09\/European-food-delivery-3-768x430.jpg 768w, https:\/\/www.sisinternational.com\/wp-content\/uploads\/2025\/09\/European-food-delivery-3-18x10.jpg 18w\" sizes=\"auto, (max-width: 1456px) 100vw, 1456px\"><\/figure>\n\n\n\n<ul class=\"wp-block-list\">\n<li><strong>Maggiore attenzione ai canali digitali:<\/strong> Le ultime ricerche di mercato condotte dai rivenditori pongono ora una maggiore enfasi sui canali digitali, consentendo loro di esaminare attentamente il comportamento, le preferenze e le tendenze dei clienti online.<\/li>\n\n\n\n<li><strong>Utilizzo di analisi avanzate e approfondimenti basati sui dati:<\/strong> L\u2019avvento di big data all\u2019avanguardia e di strumenti di analisi avanzati ha comportato un aumento significativo della capacit\u00e0 dei ricercatori di analizzare grandi quantit\u00e0 di dati ed estrarre informazioni pratiche e preziose. Di conseguenza, si \u00e8 verificato un cambiamento di paradigma nelle ricerche di mercato dei rivenditori verso approcci basati sui dati, che danno priorit\u00e0 ai metodi di analisi quantitativa per scoprire correlazioni e modelli.<\/li>\n\n\n\n<li><strong>Integrazione di intelligenza artificiale (AI) e machine learning (ML):<\/strong> The utilization of AI and ML technologies has become more prevalent in the realm of dealer <a href=\"https:\/\/www.sisinternational.com\/it\/automazione-nelle-ricerche-di-mercato\/\" title=\"Automazione nelle ricerche di mercato\"  data-wpil-monitor-id=\"2541\">market research as their ability to automate<\/a> complex data analysis, recognize patterns, and deliver accurate predictions has proven highly effective.<\/li>\n\n\n\n<li><strong>Enfasi sull&#039;esperienza e sulla soddisfazione del cliente:<\/strong> Le ricerche di mercato dei rivenditori sono sempre pi\u00f9 focalizzate sull\u2019acquisizione di una profonda comprensione dell\u2019esperienza del cliente. Ci\u00f2 comporta l\u2019esame attento dei diversi punti di contatto durante il percorso del cliente, comprese le interazioni di vendita, la qualit\u00e0 del prodotto e il supporto post-vendita.<\/li>\n\n\n\n<li><strong>Segmentazione e personalizzazione del rivenditore:<\/strong> Per indirizzare meglio i propri sforzi di marketing e vendita, le aziende si concentrano sempre pi\u00f9 sulla segmentazione delle proprie reti di rivenditori in base a fattori quali dimensioni, ubicazione e dati demografici dei clienti. Ci\u00f2 consente strategie di marketing pi\u00f9 personalizzate e mirate, con conseguente miglioramento delle prestazioni dei rivenditori e della soddisfazione del cliente.<\/li>\n\n\n\n<li><strong>Collaborazione tra produttori e rivenditori:<\/strong> Poich\u00e9 il panorama del commercio continua ad evolversi, \u00e8 diventato sempre pi\u00f9 chiaro che la collaborazione tra produttori e rivenditori \u00e8 essenziale per ottimizzare i canali di vendita. Di conseguenza, le aziende stanno dedicando molta attenzione al rafforzamento di queste partnership attraverso strategie come la condivisione di informazioni, iniziative di marketing congiunte e incentivi basati sulle prestazioni.<\/li>\n\n\n\n<li><strong>Focus su sostenibilit\u00e0 e impatto ambientale:<\/strong> Con la crescente consapevolezza dell\u2019importanza della sostenibilit\u00e0 e della necessit\u00e0 di ridurre l\u2019impatto ambientale, le aziende stanno prendendo in considerazione questi fattori nelle ricerche di mercato dei propri concessionari. Ci\u00f2 potrebbe comportare l&#039;analisi degli sforzi dei concessionari per ridurre al minimo gli sprechi, ridurre le emissioni di carbonio e promuovere pratiche sostenibili all&#039;interno delle loro operazioni.<\/li>\n<\/ul>\n\n\n\n<h2 class=\"wp-block-heading\">Opportunit\u00e0<\/h2>\n\n\n\n<p>Expansion into new markets: Conducting dealer market <a href=\"https:\/\/www.sisinternational.com\/it\/mercato-dei-beni-di-largo-consumo-in-vietnam\/\" title=\"Il mercato dei beni di largo consumo in Vietnam\"  data-wpil-monitor-id=\"7589\">ricerca<\/a> can help businesses identify and capitalize on emerging markets with growth potential. By analyzing local market dynamics and discerning customer preferences, companies can expand their dealer networks and secure a larger market share.<\/p>\n\n\n\n<p>Ottimizzazione delle prestazioni del concessionario: condurre questa ricerca di mercato pu\u00f2 aiutare a ottimizzare le operazioni e rafforzare le prestazioni del concessionario. Attraverso questo processo, le organizzazioni possono acquisire conoscenze e sviluppare strategie efficaci volte a migliorare la produttivit\u00e0, migliorare le relazioni con i clienti e aumentare la redditivit\u00e0.<\/p>\n\n\n\n<p>Vantaggio competitivo: le imprese possono assicurarsi un vantaggio competitivo rimanendo aggiornate e ben informate sulle tattiche della concorrenza e sulle preferenze dei clienti. Ci\u00f2 consente loro di prendere decisioni ben informate e di adattarsi prontamente alle fluttuazioni del mercato.<\/p>\n\n\n\n<h2 class=\"wp-block-heading\">Sfide<\/h2>\n\n\n\n<ul class=\"wp-block-list\">\n<li><strong>Gestione di grandi volumi di dati:<\/strong> The vast amount of information gained from <a class=\"wpil_keyword_link\" href=\"https:\/\/www.sisinternational.com\/it\/competenza\/industrie\/ricerche-di-mercato-dei-distributori\/\"   title=\"Ricerche di mercato sui distributori\" data-wpil-keyword-link=\"linked\"  data-wpil-monitor-id=\"364\">ricerche di mercato dei distributori<\/a> can be a daunting task. To draw meaningful conclusions, it is necessary to use sophisticated analytical tools and skills that are not always readily available.<\/li>\n\n\n\n<li><strong>Stare al passo con i mercati in rapida evoluzione:<\/strong> Nel dinamico panorama aziendale odierno, le organizzazioni devono tenersi al passo con le ultime tendenze e sviluppi. Poich\u00e9 i mercati si evolvono incessantemente, le aziende devono condurre regolari ricerche di mercato per adattarsi ai cambiamenti e sostenere il proprio vantaggio competitivo.<\/li>\n\n\n\n<li><a href=\"https:\/\/www.sisinternational.com\/it\/soluzioni\/ricerca-di-mercato-con-balanced-scorecard\/\" title=\"Ricerche di mercato sulla Balanced Scorecard\"  data-wpil-monitor-id=\"2250\">Balancing costs and benefits: Dealer market research<\/a> can be a costly endeavor, particularly for small and medium-sized businesses.<\/li>\n<\/ul>\n\n\n\n<h2 class=\"wp-block-heading\">Prospettive per la ricerca di mercato dei rivenditori<\/h2>\n\n\n\n<figure class=\"gb-block-image gb-block-image-b53e5b9c\"><img loading=\"lazy\" decoding=\"async\" width=\"1456\" height=\"816\" class=\"gb-image gb-image-b53e5b9c\" src=\"https:\/\/www.sisinternational.com\/wp-content\/uploads\/2025\/09\/European-food-delivery-1.jpg\" alt=\"Ricerca e strategia di mercato internazionale SIS\" title=\"European food delivery (1)\" srcset=\"https:\/\/www.sisinternational.com\/wp-content\/uploads\/2025\/09\/European-food-delivery-1.jpg 1456w, https:\/\/www.sisinternational.com\/wp-content\/uploads\/2025\/09\/European-food-delivery-1-300x168.jpg 300w, https:\/\/www.sisinternational.com\/wp-content\/uploads\/2025\/09\/European-food-delivery-1-1024x574.jpg 1024w, https:\/\/www.sisinternational.com\/wp-content\/uploads\/2025\/09\/European-food-delivery-1-768x430.jpg 768w, https:\/\/www.sisinternational.com\/wp-content\/uploads\/2025\/09\/European-food-delivery-1-18x10.jpg 18w\" sizes=\"auto, (max-width: 1456px) 100vw, 1456px\"><\/figure>\n\n\n\n<p><\/p>\n\n\n\n<h3 class=\"wp-block-heading\">Poich\u00e9 la ricerca di mercato dei concessionari continua ad evolversi, si prevede che diverse tendenze chiave determineranno il suo sviluppo futuro:<\/h3>\n\n\n\n<ul class=\"wp-block-list\">\n<li><strong>Integrazione di tecnologie avanzate:<\/strong> L\u2019adozione delle tecnologie AI e ML nelle ricerche di mercato dei concessionari aiuter\u00e0 le aziende ad analizzare grandi volumi di dati e a prendere decisioni pi\u00f9 rapide e accurate. Questa integrazione porter\u00e0 a metodi di ricerca di mercato pi\u00f9 efficienti ed efficaci.<\/li>\n\n\n\n<li><strong>Maggiore attenzione alle strategie incentrate sul cliente:<\/strong> Man mano che le aziende riconoscono l\u2019importanza della soddisfazione e della fedelt\u00e0 del cliente, le ricerche di mercato dei concessionari si concentreranno sempre pi\u00f9 sulla comprensione delle esigenze e delle preferenze dei clienti per sviluppare strategie mirate e incentrate sul cliente.<\/li>\n\n\n\n<li><strong>Funzionalit\u00e0 avanzate di analisi dei dati:<\/strong> Poich\u00e9 i dati diventano sempre pi\u00f9 critici per il successo aziendale, le ricerche di mercato dei concessionari sfrutteranno strumenti di analisi avanzati per fornire alle aziende informazioni pi\u00f9 approfondite e utilizzabili sulle reti di concessionari e sui clienti.<\/li>\n\n\n\n<li><strong>Maggiore enfasi sui dati in tempo reale:<\/strong> La crescente necessit\u00e0 di informazioni tempestive e accurate guider\u00e0 la domanda di dati in tempo reale nelle ricerche di mercato dei concessionari. Ci\u00f2 consentir\u00e0 alle aziende di rispondere pi\u00f9 rapidamente ai cambiamenti del mercato e di prendere decisioni pi\u00f9 informate.<\/li>\n\n\n\n<li><strong>Collaborazione con partner del settore:<\/strong> La ricerca di mercato dei rivenditori pu\u00f2 comportare una maggiore collaborazione con partner del settore come fornitori e produttori per sviluppare una comprensione pi\u00f9 completa del mercato e delle sue dinamiche.<\/li>\n<\/ul>\n\n\n\n<p>SIS International offre ricerca quantitativa, qualitativa e strategica. Forniamo dati, strumenti, strategie, report e approfondimenti per il processo decisionale. Conduciamo interviste, sondaggi, focus group e molti altri metodi e approcci di ricerca di mercato. Contattaci per il tuo prossimo progetto di ricerca di mercato.<\/p>","protected":false},"excerpt":{"rendered":"<p>La ricerca di mercato dei concessionari \u00e8 essenziale per favorire il successo aziendale. Aiuta le aziende a orientarsi nel complesso panorama delle reti di concessionari.<\/p>","protected":false},"author":1,"featured_media":66168,"parent":14514,"menu_order":284,"comment_status":"closed","ping_status":"closed","template":"","meta":{"footnotes":""},"class_list":["post-42612","page","type-page","status-publish","has-post-thumbnail"],"_links":{"self":[{"href":"https:\/\/www.sisinternational.com\/it\/wp-json\/wp\/v2\/pages\/42612","targetHints":{"allow":["GET"]}}],"collection":[{"href":"https:\/\/www.sisinternational.com\/it\/wp-json\/wp\/v2\/pages"}],"about":[{"href":"https:\/\/www.sisinternational.com\/it\/wp-json\/wp\/v2\/types\/page"}],"author":[{"embeddable":true,"href":"https:\/\/www.sisinternational.com\/it\/wp-json\/wp\/v2\/users\/1"}],"replies":[{"embeddable":true,"href":"https:\/\/www.sisinternational.com\/it\/wp-json\/wp\/v2\/comments?post=42612"}],"version-history":[{"count":7,"href":"https:\/\/www.sisinternational.com\/it\/wp-json\/wp\/v2\/pages\/42612\/revisions"}],"predecessor-version":[{"id":81212,"href":"https:\/\/www.sisinternational.com\/it\/wp-json\/wp\/v2\/pages\/42612\/revisions\/81212"}],"up":[{"embeddable":true,"href":"https:\/\/www.sisinternational.com\/it\/wp-json\/wp\/v2\/pages\/14514"}],"wp:featuredmedia":[{"embeddable":true,"href":"https:\/\/www.sisinternational.com\/it\/wp-json\/wp\/v2\/media\/66168"}],"wp:attachment":[{"href":"https:\/\/www.sisinternational.com\/it\/wp-json\/wp\/v2\/media?parent=42612"}],"curies":[{"name":"wp","href":"https:\/\/api.w.org\/{rel}","templated":true}]}}