{"id":42609,"date":"2023-04-30T18:43:58","date_gmt":"2023-04-30T22:43:58","guid":{"rendered":"https:\/\/www.sisinternational.com\/?page_id=42609"},"modified":"2026-01-24T20:38:29","modified_gmt":"2026-01-25T01:38:29","slug":"ricerche-di-mercato-tramite-interviste-telefoniche-assistite-da-computer","status":"publish","type":"page","link":"https:\/\/www.sisinternational.com\/it\/competenza\/ricerche-di-mercato-tramite-interviste-telefoniche-assistite-da-computer\/","title":{"rendered":"Ricerche di mercato sui colloqui telefonici assistiti da computer"},"content":{"rendered":"<h1 class=\"wp-block-heading\">Ricerche di mercato sui colloqui telefonici assistiti da computer<\/h1>\n\n\n\n<figure class=\"gb-block-image gb-block-image-7e87736c\"><img loading=\"lazy\" decoding=\"async\" width=\"1456\" height=\"816\" class=\"gb-image gb-image-7e87736c\" src=\"https:\/\/www.sisinternational.com\/wp-content\/uploads\/2025\/08\/Computer-Assisted-Telephone-Interviewing.jpg\" alt=\"Ricerca e strategia di mercato internazionale SIS\" title=\"Computer Assisted Telephone Interviewing\" srcset=\"https:\/\/www.sisinternational.com\/wp-content\/uploads\/2025\/08\/Computer-Assisted-Telephone-Interviewing.jpg 1456w, https:\/\/www.sisinternational.com\/wp-content\/uploads\/2025\/08\/Computer-Assisted-Telephone-Interviewing-300x168.jpg 300w, https:\/\/www.sisinternational.com\/wp-content\/uploads\/2025\/08\/Computer-Assisted-Telephone-Interviewing-1024x574.jpg 1024w, https:\/\/www.sisinternational.com\/wp-content\/uploads\/2025\/08\/Computer-Assisted-Telephone-Interviewing-768x430.jpg 768w, https:\/\/www.sisinternational.com\/wp-content\/uploads\/2025\/08\/Computer-Assisted-Telephone-Interviewing-18x10.jpg 18w\" sizes=\"auto, (max-width: 1456px) 100vw, 1456px\"><\/figure>\n\n\n\n<p><\/p>\n\n\n\n<p>La ricerca di mercato CATI (Computer Assisted Telephone Interviewing) \u00e8 un modo popolare di raccogliere dati da un ampio e diversificato gruppo di intervistati attraverso interviste telefoniche. Per migliorare l&#039;efficienza e la precisione nella raccolta di informazioni intervistando le persone al telefono, questa metodologia sfrutta tecnologie assistite da computer che rendono pi\u00f9 semplice per i ricercatori condurre il processo di ricerca.<\/p>\n\n\n\n<h2 class=\"wp-block-heading\">Cos\u2019\u00e8 la ricerca di mercato CATI e perch\u00e9 \u00e8 importante?<\/h2>\n\n\n\n<p>La ricerca di mercato CATI viene condotta attraverso l&#039;utilizzo di software informatici che assistono i ricercatori nel loro lavoro. La selezione sistematica delle domande successive viene effettuata in base alle risposte degli intervistati.<\/p>\n\n\n\n<p>Nelle ricerche di mercato CATI, gli intervistatori utilizzano un sistema computerizzato per porre una serie di domande preimpostate agli intervistati, registrare le loro risposte direttamente nel sistema e archiviare i dati per ulteriori analisi.<\/p>\n\n\n\n<p>CATI market research facilitates gathering data from a large sample size through telephone interviews and it can enhance the accuracy and representativeness of the collected data. CATI allows real-time data collection, quick analysis, and decision-making, which is convenient for market researchers. It also has the capability of easily collecting <a href=\"https:\/\/www.sisinternational.com\/it\/copertura\/europa\/ricerche-di-mercato-liverpool-regno-unito\/\" title=\"Ricerche di mercato a Liverpool | Focus group e raccolta dati nel Regno Unito\"  data-wpil-monitor-id=\"9561\">data<\/a> from people belonging to various demographic groups including those with different ages, incomes, and locations.<\/p>\n\n\n\n<h2 class=\"wp-block-heading\">Vantaggi delle ricerche di mercato CATI<\/h2>\n\n\n\n<h3 class=\"wp-block-heading\">Ci sono diversi vantaggi rispetto ad altri metodi di ricerca, tra cui:<\/h3>\n\n\n\n<ul class=\"wp-block-list\">\n<li><strong>Efficacia dei costi:<\/strong> I ricercatori di mercato che conducono le loro indagini telefonicamente utilizzando la metodologia CATI possono beneficiare di spese ridotte grazie all&#039;eliminazione delle spese legate ai viaggi.<\/li>\n\n\n\n<li><strong>Tassi di risposta pi\u00f9 elevati:<\/strong> Le interviste telefoniche in genere producono tassi di risposta pi\u00f9 elevati rispetto ad altri metodi di indagine a causa dell&#039;interazione personale che forniscono con gli intervistati.<\/li>\n\n\n\n<li><strong>Grande dimensione del campione:<\/strong> Condurre ricerche di mercato CATI attraverso interviste telefoniche consente che una dimensione del campione pi\u00f9 ampia possa migliorare la precisione e la rappresentativit\u00e0 delle informazioni.<\/li>\n\n\n\n<li><strong>Maggiore efficienza:<\/strong> CATI systems can automate several tasks such as dialing phone numbers, scheduling calls, and routing calls to available interviewers. These automated processes help to increase the efficiency of the interviewing process, allowing more <a href=\"https:\/\/www.sisinternational.com\/it\/how-to-conduct-in-depth-interviews-for-market-insights\/\" title=\"Come condurre interviste approfondite per ottenere informazioni di mercato\"  data-wpil-monitor-id=\"9563\">interviews to be conducted<\/a> in a shorter time frame.<\/li>\n<\/ul>\n\n\n\n<h2 class=\"wp-block-heading\">Tendenze attuali nelle ricerche di mercato CATI<\/h2>\n\n\n\n<figure class=\"gb-block-image gb-block-image-f7986725\"><img loading=\"lazy\" decoding=\"async\" width=\"1456\" height=\"816\" class=\"gb-image gb-image-f7986725\" src=\"https:\/\/www.sisinternational.com\/wp-content\/uploads\/2025\/08\/Computer-Assisted-Telephone-Interviewing-6-1.jpg\" alt=\"Ricerca e strategia di mercato internazionale SIS\" title=\"Computer Assisted Telephone Interviewing 6 (1)\" srcset=\"https:\/\/www.sisinternational.com\/wp-content\/uploads\/2025\/08\/Computer-Assisted-Telephone-Interviewing-6-1.jpg 1456w, https:\/\/www.sisinternational.com\/wp-content\/uploads\/2025\/08\/Computer-Assisted-Telephone-Interviewing-6-1-300x168.jpg 300w, https:\/\/www.sisinternational.com\/wp-content\/uploads\/2025\/08\/Computer-Assisted-Telephone-Interviewing-6-1-1024x574.jpg 1024w, https:\/\/www.sisinternational.com\/wp-content\/uploads\/2025\/08\/Computer-Assisted-Telephone-Interviewing-6-1-768x430.jpg 768w, https:\/\/www.sisinternational.com\/wp-content\/uploads\/2025\/08\/Computer-Assisted-Telephone-Interviewing-6-1-18x10.jpg 18w\" sizes=\"auto, (max-width: 1456px) 100vw, 1456px\"><\/figure>\n\n\n\n<p><\/p>\n\n\n\n<h3 class=\"wp-block-heading\">Le ricerche di mercato di CATI sono in continua evoluzione con nuove tendenze e innovazioni. Alcune delle tendenze attuali in questa metodologia includono:<\/h3>\n\n\n\n<ul class=\"wp-block-list\">\n<li><strong>Ottimizzazione mobile:<\/strong> Con l\u2019aumento dell\u2019utilizzo dei dispositivi mobili tra i consumatori, aumenta anche l\u2019ottimizzazione delle ricerche di mercato CATI. Ci\u00f2 consente agli intervistati di partecipare facilmente ai sondaggi sui propri smartphone o tablet.<\/li>\n\n\n\n<li><strong>Approccio multicanale:<\/strong> To contact respondents effectively, <a href=\"https:\/\/www.sisinternational.com\/it\/quantitative-market-research-methods-and-techniques\/\" title=\"Quantitative Market Research Methods and Techniques\"  data-wpil-monitor-id=\"9560\">research firms are using multiple communication methods<\/a> including email and SMS alongside the more traditional telephone interview approach.<\/li>\n\n\n\n<li><strong>Analisi dei dati basata sull&#039;intelligenza artificiale:<\/strong> The process to analyze CATI marketing involves <a href=\"https:\/\/www.sisinternational.com\/it\/soluzioni\/ai-ricerche-di-mercato-e-consulenza-strategica\/consulenza-sullintelligenza-artificiale-per-lautomazione-dei-servizi-pubblici\/\" title=\"Consulenza sull&#039;automazione e l&#039;intelligenza artificiale dei servizi pubblici\"  data-wpil-monitor-id=\"9558\">utilizing Artificial Intelligence<\/a> (AI) to make better-informed decisions.<\/li>\n\n\n\n<li><strong>Personalizzazione e personalizzazione:<\/strong> Customized and personalized surveys are gaining popularity within the CATI market research industry. With personalized research, <a href=\"https:\/\/www.sisinternational.com\/it\/soluzioni\/consulenza-strategica\/analisi-dei-dati\/\" title=\"Societ\u00e0 di analisi dei dati\"  data-wpil-monitor-id=\"9562\">companies gain more relevant data<\/a>.<\/li>\n\n\n\n<li><strong>Maggiore utilizzo della visualizzazione dei dati:<\/strong> Per migliorare la comprensione e l\u2019interpretazione dei risultati dei sondaggi nelle ricerche di mercato CATI, l\u2019uso di strumenti di visualizzazione dei dati sta guadagnando sempre pi\u00f9 spazio.<\/li>\n<\/ul>\n\n\n\n<h2 class=\"wp-block-heading\">Sfide e limiti<\/h2>\n\n\n\n<h3 class=\"wp-block-heading\">Sebbene la ricerca di mercato CATI sulle interviste telefoniche presenti molti vantaggi, presenta anche alcune sfide e limitazioni, tra cui:<\/h3>\n\n\n\n<ul class=\"wp-block-list\">\n<li><strong>Tassi di risposta in calo:<\/strong> Nel corso degli anni si \u00e8 verificata una diminuzione dei tassi di risposta ai sondaggi telefonici a causa di vari fattori, tra cui crescenti preoccupazioni sulla privacy e un aumento dell&#039;uso dei telefoni cellulari e della tecnologia di blocco delle chiamate.<\/li>\n\n\n\n<li><strong>Accesso limitato a determinate popolazioni:<\/strong> Per condurre ricerche di mercato CATI, il contatto telefonico pu\u00f2 essere problematico quando si cerca di raggiungere determinate popolazioni come quelle che non hanno accesso a un telefono fisso o mobile e i giovani che potrebbero preferire comunicare tramite i social media.<\/li>\n\n\n\n<li><strong>Pregiudizio dell&#039;intervistatore:<\/strong> Potrebbero potenzialmente verificarsi pregiudizi da parte dell&#039;intervistatore a causa di fattori come il modo in cui vengono poste le domande e il tono di voce che possono influire sull&#039;affidabilit\u00e0 dei dati raccolti.<\/li>\n\n\n\n<li><strong>Vincoli di tempo e di costo:<\/strong> Sebbene la ricerca di mercato CATI sia nota per la sua efficienza rispetto alle interviste faccia a faccia, richiede comunque una notevole quantit\u00e0 di tempo e denaro, il che la rende meno preferibile rispetto ad altre opzioni come i sondaggi online.<\/li>\n\n\n\n<li><strong>Difficolt\u00e0 con argomenti complessi o delicati:<\/strong> Esplorare argomenti complessi o delicati attraverso CATI non \u00e8 consigliabile in quanto gli intervistati potrebbero sentirsi a disagio nel discutere tali argomenti al telefono.<\/li>\n\n\n\n<li><strong>Sfide tecnologiche:<\/strong> <a href=\"https:\/\/www.sisinternational.com\/it\/soluzioni\/ai-ricerche-di-mercato-e-consulenza-strategica\/visione-artificiale-e-ricerche-di-mercato\/\" title=\"Ricerche di mercato sull\u2019intelligenza artificiale per la visione artificiale\"  data-wpil-monitor-id=\"2756\">Computer<\/a> systems and telecommunication infrastructure used in CATI market research are prone to technical issues like software glitches or network disruptions.<\/li>\n<\/ul>\n\n\n\n<h2 class=\"wp-block-heading\">Applicazioni dell&#039;intervista telefonica CATI Market Research<\/h2>\n\n\n\n<figure class=\"gb-block-image gb-block-image-7e51a6e7\"><img loading=\"lazy\" decoding=\"async\" width=\"1456\" height=\"816\" class=\"gb-image gb-image-7e51a6e7\" src=\"https:\/\/www.sisinternational.com\/wp-content\/uploads\/2025\/08\/Computer-Assisted-Telephone-Interviewing-3.jpg\" alt=\"Ricerca e strategia di mercato internazionale SIS\" title=\"Computer Assisted Telephone Interviewing (3)\" srcset=\"https:\/\/www.sisinternational.com\/wp-content\/uploads\/2025\/08\/Computer-Assisted-Telephone-Interviewing-3.jpg 1456w, https:\/\/www.sisinternational.com\/wp-content\/uploads\/2025\/08\/Computer-Assisted-Telephone-Interviewing-3-300x168.jpg 300w, https:\/\/www.sisinternational.com\/wp-content\/uploads\/2025\/08\/Computer-Assisted-Telephone-Interviewing-3-1024x574.jpg 1024w, https:\/\/www.sisinternational.com\/wp-content\/uploads\/2025\/08\/Computer-Assisted-Telephone-Interviewing-3-768x430.jpg 768w, https:\/\/www.sisinternational.com\/wp-content\/uploads\/2025\/08\/Computer-Assisted-Telephone-Interviewing-3-18x10.jpg 18w\" sizes=\"auto, (max-width: 1456px) 100vw, 1456px\"><\/figure>\n\n\n\n<p><\/p>\n\n\n\n<h3 class=\"wp-block-heading\">Intervista telefonica La ricerca di mercato CATI ha diverse applicazioni in diversi settori e industrie. Alcune delle applicazioni comuni includono:<\/h3>\n\n\n\n<ul class=\"wp-block-list\">\n<li><a href=\"https:\/\/www.sisinternational.com\/it\/how-to-conduct-effective-quantitative-market-research\/\" title=\"How to Conduct Effective Quantitative Market Research\"  data-wpil-monitor-id=\"9559\"><strong>Segmentazione del mercato:<\/strong> One way to segment a market is through conducting CATI marketing research<\/a> which allows for categorization based on demographics alongside psychographics and behaviors.<\/li>\n\n\n\n<li><strong>Soddisfazione e feedback del cliente:<\/strong> Per raccogliere feedback e misurare i livelli di soddisfazione dei clienti, le aziende utilizzano interviste telefoniche per aumentare i livelli complessivi di soddisfazione dei clienti.<\/li>\n\n\n\n<li><strong>Test e sviluppo del prodotto:<\/strong> La raccolta del feedback dei clienti attraverso le ricerche di mercato CATI aiuta le aziende a migliorare i prodotti esistenti o a crearne di migliori.<\/li>\n\n\n\n<li><strong>Ricerca sull\u2019opinione pubblica:<\/strong> \u00c8 possibile raccogliere l\u2019opinione pubblica su vari argomenti rilevanti, comprese le questioni sociali e ambientali, conducendo ricerche di mercato CATI.<\/li>\n\n\n\n<li><strong>Tendenze e approfondimenti del mercato:<\/strong> To make informed business decisions companies use CATI <a href=\"https:\/\/www.sisinternational.com\/it\/soluzioni\/soluzioni-di-ricerca-quantitativa-qualitativa\/interviste-telefoniche-ricerche-di-mercato\/\" title=\"Interviste telefoniche approfondite Ricerche di mercato\"  data-wpil-monitor-id=\"9557\">market research through telephone interviews<\/a> to gather insights on industry changes and market trends.<\/li>\n<\/ul>\n\n\n\n<h2 class=\"wp-block-heading\">Prospettive future<\/h2>\n\n\n\n<ul class=\"wp-block-list\">\n<li>La ricerca di mercato CATI migliorer\u00e0 con l\u2019uso di sistemi di intelligenza artificiale, apprendimento automatico e riconoscimento vocale, riducendo al contempo l\u2019errore umano e i pregiudizi dell\u2019intervistatore.<\/li>\n\n\n\n<li>L\u2019integrazione della ricerca di mercato CATI con altre metodologie come i sondaggi online o la ricerca mobile sta diventando sempre pi\u00f9 popolare tra i ricercatori che desiderano acquisire una comprensione pi\u00f9 approfondita delle opinioni e preferenze dei consumatori.<\/li>\n\n\n\n<li>Per rimanere rilevanti \u00e8 necessario che la ricerca di mercato CATI si adatti al cambiamento delle preferenze di comunicazione per migliorare i tassi di risposta e raggiungere una gamma pi\u00f9 ampia di intervistati.<\/li>\n\n\n\n<li>Targeting niche markets is becoming more common in the <a href=\"https:\/\/www.sisinternational.com\/it\/competenza\/industrie\/\" title=\"Industrie\"  data-wpil-monitor-id=\"9556\">market research industry<\/a>, and CATI market research can help reach hard-to-reach or underserved communities to gather insights from these target groups effectively.<\/li>\n\n\n\n<li>Si prevede che questo tipo di ricerca ponga una maggiore enfasi sulla personalizzazione, adattando le domande del sondaggio ai singoli intervistati in base alle loro risposte precedenti o utilizzando formati di domande pi\u00f9 coinvolgenti e interattivi.<\/li>\n<\/ul>","protected":false},"excerpt":{"rendered":"<p>Le ricerche di mercato CATI (Computer Assisted Telephone Interviewing) sono un modo popolare di raccogliere dati attraverso interviste telefoniche.<\/p>","protected":false},"author":1,"featured_media":64210,"parent":14514,"menu_order":283,"comment_status":"closed","ping_status":"closed","template":"","meta":{"footnotes":""},"class_list":["post-42609","page","type-page","status-publish","has-post-thumbnail"],"_links":{"self":[{"href":"https:\/\/www.sisinternational.com\/it\/wp-json\/wp\/v2\/pages\/42609","targetHints":{"allow":["GET"]}}],"collection":[{"href":"https:\/\/www.sisinternational.com\/it\/wp-json\/wp\/v2\/pages"}],"about":[{"href":"https:\/\/www.sisinternational.com\/it\/wp-json\/wp\/v2\/types\/page"}],"author":[{"embeddable":true,"href":"https:\/\/www.sisinternational.com\/it\/wp-json\/wp\/v2\/users\/1"}],"replies":[{"embeddable":true,"href":"https:\/\/www.sisinternational.com\/it\/wp-json\/wp\/v2\/comments?post=42609"}],"version-history":[{"count":5,"href":"https:\/\/www.sisinternational.com\/it\/wp-json\/wp\/v2\/pages\/42609\/revisions"}],"predecessor-version":[{"id":81593,"href":"https:\/\/www.sisinternational.com\/it\/wp-json\/wp\/v2\/pages\/42609\/revisions\/81593"}],"up":[{"embeddable":true,"href":"https:\/\/www.sisinternational.com\/it\/wp-json\/wp\/v2\/pages\/14514"}],"wp:featuredmedia":[{"embeddable":true,"href":"https:\/\/www.sisinternational.com\/it\/wp-json\/wp\/v2\/media\/64210"}],"wp:attachment":[{"href":"https:\/\/www.sisinternational.com\/it\/wp-json\/wp\/v2\/media?parent=42609"}],"curies":[{"name":"wp","href":"https:\/\/api.w.org\/{rel}","templated":true}]}}