{"id":42607,"date":"2023-04-30T18:20:44","date_gmt":"2023-04-30T22:20:44","guid":{"rendered":"https:\/\/www.sisinternational.com\/?page_id=42607"},"modified":"2026-01-24T21:02:06","modified_gmt":"2026-01-25T02:02:06","slug":"ricerche-di-mercato-sulle-infrastrutture-di-comunicazione","status":"publish","type":"page","link":"https:\/\/www.sisinternational.com\/it\/competenza\/ricerche-di-mercato-sulle-infrastrutture-di-comunicazione\/","title":{"rendered":"Ricerche di mercato sulle infrastrutture di comunicazione"},"content":{"rendered":"<h1 class=\"wp-block-heading\">Ricerche di mercato sulle infrastrutture di comunicazione<\/h1>\n\n\n\n<figure class=\"gb-block-image gb-block-image-232dc930\"><img loading=\"lazy\" decoding=\"async\" width=\"1456\" height=\"816\" class=\"gb-image gb-image-232dc930\" src=\"https:\/\/www.sisinternational.com\/wp-content\/uploads\/2025\/08\/Communications-Infrastructure-3.jpg\" alt=\"Ricerca e strategia di mercato internazionale SIS\" title=\"Communications Infrastructure (3)\" srcset=\"https:\/\/www.sisinternational.com\/wp-content\/uploads\/2025\/08\/Communications-Infrastructure-3.jpg 1456w, https:\/\/www.sisinternational.com\/wp-content\/uploads\/2025\/08\/Communications-Infrastructure-3-300x168.jpg 300w, https:\/\/www.sisinternational.com\/wp-content\/uploads\/2025\/08\/Communications-Infrastructure-3-1024x574.jpg 1024w, https:\/\/www.sisinternational.com\/wp-content\/uploads\/2025\/08\/Communications-Infrastructure-3-768x430.jpg 768w, https:\/\/www.sisinternational.com\/wp-content\/uploads\/2025\/08\/Communications-Infrastructure-3-18x10.jpg 18w\" sizes=\"auto, (max-width: 1456px) 100vw, 1456px\"><\/figure>\n\n\n\n<p><\/p>\n\n\n\n<p>L&#039;infrastruttura delle comunicazioni si riferisce a sistemi, reti e tecnologie fisiche e virtuali. Questi sistemi facilitano il trasferimento di informazioni e dati tra individui, organizzazioni e dispositivi. Costituisce la base della comunicazione moderna. Consente inoltre lo scambio di voce, dati, video e altre forme di informazioni. Queste informazioni possono ora spostarsi in dettaglio attraverso le reti locali, regionali, nazionali e globali.<\/p>\n\n\n\n<h3 class=\"wp-block-heading\">L&#039;infrastruttura di comunicazione comprende un&#039;ampia gamma di componenti, tra cui:<\/h3>\n\n\n\n<ul class=\"wp-block-list\">\n<li><strong>Infrastruttura fisica:<\/strong> include risorse fisiche come cavi, fili e linee in fibra ottica. Copre anche antenne, sistemi satellitari, router, switch e data center. Le societ\u00e0 di infrastrutture di comunicazione utilizzano questi sistemi per inviare ed elaborare dati.<\/li>\n\n\n\n<li><strong>Infrastruttura di rete:<\/strong> comprende sistemi e reti interconnessi. Esempi di infrastrutture di rete sono Internet e le reti wireless. Altri esempi sono le reti fisse e le reti dati. Queste reti consentono la comunicazione tra luoghi, dispositivi e utenti diversi.<\/li>\n\n\n\n<li><strong>Infrastruttura software:<\/strong> include applicazioni software, protocolli e standard. Queste applicazioni consentono la comunicazione e il trasferimento dei dati. Alcuni esempi sono i sistemi di posta elettronica, le app di messaggistica, le piattaforme di social media e altri software di comunicazione.<\/li>\n\n\n\n<li><strong>Fornitori di servizi:<\/strong> le societ\u00e0 e gli altri soggetti che mantengono le reti e le infrastrutture. Queste entit\u00e0 includono fornitori di servizi Internet (ISP) e societ\u00e0 di telecomunicazioni. Anche gli operatori wireless rientrano nell&#039;ambito dei fornitori di servizi.<\/li>\n\n\n\n<li><strong>Dispositivi ed endpoint:<\/strong> i dispositivi, gli endpoint e le apparecchiature utilizzate per accedere alle reti. Esempi sono smartphone, tablet, computer, server e altri dispositivi connessi.<\/li>\n<\/ul>\n\n\n\n<h2 class=\"wp-block-heading\">Perch\u00e9 l&#039;infrastruttura di comunicazione \u00e8 importante?<\/h2>\n\n\n\n<p>Le infrastrutture di comunicazione sono cruciali per la societ\u00e0 moderna e l\u2019economia globale. In altre parole, \u00e8 fondamentale per diversi settori, tra cui le telecomunicazioni e l\u2019informatica. \u00c8 vitale anche per i media, l&#039;intrattenimento, i trasporti, la finanza, la sanit\u00e0 e il governo. Un altro vantaggio dell\u2019infrastruttura di comunicazione \u00e8 che consente la comunicazione, la collaborazione e lo scambio di informazioni. Queste componenti sono essenziali per la societ\u00e0 moderna, per non parlare dell\u2019economia globale. Continua ad evolversi con i progressi tecnologici. \u00c8 fondamentale nel plasmare la comunicazione e l&#039;interazione delle persone nell&#039;era digitale.<\/p>\n\n\n\n<p>L\u2019infrastruttura delle comunicazioni ha molte funzioni e vantaggi vitali. Ad esempio, facilita la comunicazione. Consente a persone, organizzazioni e dispositivi di scambiare informazioni in tempo reale. Possono farlo attraverso reti locali, regionali, nazionali e globali. Consente la trasmissione di diverse forme di informazioni, come voce, dati e video. Per chiarire, consente la comunicazione in varie forme. Sono possibili, ad esempio, telefonate, e-mail, social media e videoconferenze. Questa infrastruttura consente ad aziende, governi e individui di connettersi, collaborare e condividere informazioni. Queste azioni sono essenziali per le interazioni economiche, sociali e culturali.<\/p>\n\n\n\n<p>Le infrastrutture delle comunicazioni catalizzano la crescita economica. Facilita il commercio, il commercio e le transazioni commerciali in patria e all\u2019estero. Ad esempio, consente l\u2019e-commerce, l\u2019online banking, i pagamenti digitali e la gestione della catena di fornitura. Le infrastrutture di comunicazione facilitano anche altre attivit\u00e0 commerciali che guidano lo sviluppo economico e creano posti di lavoro. Anche le infrastrutture delle comunicazioni promuovono l\u2019innovazione. Almeno, fornisce una piattaforma per la ricerca, lo sviluppo e la diffusione di conoscenze e informazioni.<\/p>\n\n\n\n<p>Le infrastrutture di comunicazione consentono l\u2019accesso a informazioni e servizi vitali per gli individui e le comunit\u00e0. Ad esempio, promuove l\u2019istruzione, l\u2019assistenza sanitaria, i servizi governativi, le notizie e l\u2019intrattenimento. Inoltre, consente l\u2019apprendimento remoto, la telemedicina, l\u2019e-government e altri servizi online. Allo stesso modo, questi servizi migliorano l\u2019accesso a risorse, opportunit\u00e0 e benefici. Sono di particolare interesse per le popolazioni svantaggiate e le aree remote.<br>Le infrastrutture di comunicazione svolgono un ruolo fondamentale nella gestione delle emergenze e dei disastri. Ad esempio, fornisce canali di comunicazione affidabili per i servizi di emergenza, i primi soccorritori e le comunit\u00e0 colpite. Consente la diffusione tempestiva delle informazioni, il coordinamento delle risorse e gli sforzi di risposta. \u00c8 vitale durante le crisi, i disastri naturali e altre emergenze.<\/p>\n\n\n\n<p>Le infrastrutture di comunicazione consentono connessioni sociali e scambi culturali. Inoltre, facilita la comunicazione e l\u2019interazione tra persone provenienti da diverse posizioni geografiche. Possono interagire anche persone con background e prospettive culturali diverse. Inoltre, promuove la diversit\u00e0, l\u2019inclusivit\u00e0 e la comprensione, consentendo lo scambio di idee ed esperienze. Promuove inoltre la coesione sociale e l\u2019arricchimento culturale.<\/p>\n\n\n\n<p>L\u2019infrastruttura delle comunicazioni funge da piattaforma per l\u2019innovazione tecnologica. Inoltre, fornisce le basi per lo sviluppo e l\u2019implementazione di nuove tecnologie e servizi di comunicazione. Consente progressi nel 5G e nell\u2019Internet delle cose (IoT). L\u2019infrastruttura di comunicazione migliora anche l\u2019intelligenza artificiale (AI), il cloud computing e la realt\u00e0 virtuale (VR). Questi progressi guidano l\u2019innovazione in vari settori. Possono trasformare industrie, economie e societ\u00e0.<\/p>\n\n\n\n<h2 class=\"wp-block-heading\">Titoli di lavoro chiave<\/h2>\n\n\n\n<ol class=\"wp-block-list\">\n<li><strong>Amministratore di rete:<\/strong> Gestisce e mantiene l&#039;infrastruttura di rete di un&#039;organizzazione. L&#039;amministratore di rete configura, monitora, risolve i problemi e ottimizza i sistemi, i dispositivi e i servizi di rete.<\/li>\n\n\n\n<li><strong>Ingegnere delle Telecomunicazioni:<\/strong> Progetta, realizza e gestisce sistemi di telecomunicazioni. Questi sistemi includono reti voce e dati, reti wireless e altre tecnologie di comunicazione.<\/li>\n\n\n\n<li><strong>Specialista in sicurezza delle informazioni:<\/strong> Garantisce la sicurezza delle infrastrutture di comunicazione. Questo specialista implementa e gestisce le misure di sicurezza. Funzionano con firewall, crittografia, autenticazione e monitoraggio. Questi sistemi proteggono dalle minacce informatiche e dagli accessi non autorizzati.<\/li>\n\n\n\n<li><strong>Architetto di rete:<\/strong> Progetta la struttura e il layout dell&#039;infrastruttura di rete di un&#039;organizzazione. Definiscono i requisiti di rete, selezionano le tecnologie appropriate e progettano reti e documentazione.<\/li>\n\n\n\n<li><strong>Ingegnere VoIP:<\/strong> \u00c8 specializzato nelle tecnologie VoIP (Voice over Internet Protocol). Gestiscono la progettazione, l&#039;implementazione e la manutenzione dei sistemi VoIP, inclusi i sistemi telefonici basati su IP, le comunicazioni unificate e le videoconferenze.<\/li>\n\n\n\n<li><strong>Ingegnere delle comunicazioni cloud:<\/strong> Progetta e implementa soluzioni di comunicazione basate su cloud. Gestiscono sistemi telefonici basati su cloud, messaggistica, videoconferenze e altri servizi di comunicazione.<\/li>\n\n\n\n<li><strong>Tecnico del Data Center:<\/strong> Gestisce e mantiene le strutture del data center, i server e le apparecchiature di rete. Si occupano inoltre della manutenzione dei sistemi di alimentazione e raffreddamento e di altri componenti dell&#039;infrastruttura. Garantiscono una comunicazione e un trasferimento dati affidabili.<\/li>\n\n\n\n<li><strong>Ingegnere di reti wireless:<\/strong> Progetta, distribuisce e gestisce reti wireless. Funzionano con Wi-Fi, cellulare e altre tecnologie di comunicazione wireless. Forniscono connettivit\u00e0 wireless e supporto per dispositivi mobili e IoT.<\/li>\n\n\n\n<li><strong>Ingegnere del Centro Operativo di Rete (NOC):<\/strong> Monitora e gestisce l&#039;infrastruttura di rete di un&#039;organizzazione. Identificano e risolvono i problemi di rete, conducono analisi delle prestazioni e mantengono la documentazione.<\/li>\n\n\n\n<li><strong>Analista di sistemi di comunicazione:<\/strong> Analizza le esigenze di comunicazione di un&#039;organizzazione e identifica i requisiti di comunicazione. Raccomandano inoltre tecnologie e soluzioni di comunicazione per soddisfare tali requisiti. Queste soluzioni includono voce, dati, video e altri servizi di comunicazione.<\/li>\n<\/ol>\n\n\n\n<h2 class=\"wp-block-heading\">Perch\u00e9 le aziende hanno bisogno di ricerche di mercato sulle infrastrutture di comunicazione?<\/h2>\n\n\n\n<figure class=\"gb-block-image gb-block-image-ad84a492\"><img loading=\"lazy\" decoding=\"async\" width=\"1456\" height=\"816\" class=\"gb-image gb-image-ad84a492\" src=\"https:\/\/www.sisinternational.com\/wp-content\/uploads\/2025\/08\/Communications-Infrastructure-2.jpg\" alt=\"Ricerca e strategia di mercato internazionale SIS\" title=\"Communications Infrastructure (2)\" srcset=\"https:\/\/www.sisinternational.com\/wp-content\/uploads\/2025\/08\/Communications-Infrastructure-2.jpg 1456w, https:\/\/www.sisinternational.com\/wp-content\/uploads\/2025\/08\/Communications-Infrastructure-2-300x168.jpg 300w, https:\/\/www.sisinternational.com\/wp-content\/uploads\/2025\/08\/Communications-Infrastructure-2-1024x574.jpg 1024w, https:\/\/www.sisinternational.com\/wp-content\/uploads\/2025\/08\/Communications-Infrastructure-2-768x430.jpg 768w, https:\/\/www.sisinternational.com\/wp-content\/uploads\/2025\/08\/Communications-Infrastructure-2-18x10.jpg 18w\" sizes=\"auto, (max-width: 1456px) 100vw, 1456px\"><\/figure>\n\n\n\n<p><\/p>\n\n\n\n<h3 class=\"wp-block-heading\">Le aziende necessitano di infrastrutture di comunicazione per diversi motivi principali:<\/h3>\n\n\n\n<p>Una comunicazione efficace \u00e8 fondamentale per il funzionamento delle aziende. L&#039;infrastruttura di comunicazione consente alle aziende di stabilire canali di comunicazione affidabili e sicuri. Facilita la comunicazione senza soluzione di continuit\u00e0 tra dipendenti, dipartimenti e sedi. Tale comunicazione consente un efficiente coordinamento delle attivit\u00e0, condivisione delle informazioni e processo decisionale. Porta ad una maggiore produttivit\u00e0 e ad operazioni semplificate.<\/p>\n\n\n\n<p>Un altro punto chiave \u00e8 che le aziende devono comunicare con clienti, fornitori e partner. Devono anche contattare altre parti interessate esterne all&#039;organizzazione. L&#039;infrastruttura di comunicazione consente alle imprese di stabilire e mantenere canali di comunicazione con soggetti esterni. Facilita le vendite, l&#039;assistenza clienti, la gestione della catena di fornitura e altre interazioni commerciali.<\/p>\n\n\n\n<p>L&#039;infrastruttura di comunicazione consente alle aziende di facilitare la collaborazione e il lavoro di squadra tra i dipendenti. Funziona anche quando non sono vicini l&#039;uno all&#039;altro. \u00c8 un dato di fatto, questi servizi consentono ai team di lavorare insieme in tempo reale. Possono condividere idee, collaborare su documenti e prendere decisioni, indipendentemente dalla loro posizione fisica. Pertanto, una buona infrastruttura di comunicazione promuove l\u2019innovazione, la creativit\u00e0 e l\u2019efficienza all\u2019interno dell\u2019organizzazione.<\/p>\n\n\n\n<p>Nell&#039;era digitale di oggi, le modalit\u00e0 di lavoro remoto e flessibile stanno diventando comuni. L\u2019infrastruttura di comunicazione consente alle aziende di supportare il lavoro a distanza. Fornisce strumenti di comunicazione che consentono ai dipendenti di comunicare e collaborare da qualsiasi luogo e in qualsiasi momento. Questi strumenti consentono una maggiore flessibilit\u00e0 della forza lavoro unita all\u2019accesso ai talenti oltre i confini geografici. Porta ad una maggiore soddisfazione dei dipendenti.<\/p>\n\n\n\n<p>Le aziende hanno bisogno di comunicare con i propri clienti per costruire e mantenere relazioni. Devono inoltre fornire assistenza clienti e fornire un servizio clienti eccellente. L&#039;infrastruttura di comunicazione consente alle aziende di stabilire canali di comunicazione per interagire con i clienti. Permette loro di rispondere alle loro domande e soddisfare le loro esigenze.<\/p>\n\n\n\n<p>Un\u2019infrastruttura di comunicazione affidabile \u00e8 fondamentale per garantire la continuit\u00e0 aziendale. Si verificano interruzioni ed emergenze, come disastri naturali, interruzioni di corrente e guasti della rete. Le infrastrutture di comunicazione consentono alle aziende di mantenere canali di comunicazione, per non parlare del coordinamento delle risposte alle emergenze. Consente inoltre loro di continuare le operazioni aziendali critiche. Possono servire i propri clienti anche in circostanze difficili.<\/p>\n\n\n\n<p>Le infrastrutture di comunicazione sono essenziali affinch\u00e9 le imprese possano rimanere competitive e innovative. Consente alle aziende di sfruttare le tecnologie di comunicazione emergenti. Possono sviluppare nuovi prodotti e servizi utilizzando il 5G, l\u2019IoT, l\u2019intelligenza artificiale e il cloud computing. Inoltre, l&#039;infrastruttura migliora l&#039;efficienza operativa. Aiuta le aziende a ottenere un vantaggio competitivo sul mercato. Consente inoltre loro di adattarsi alle mutevoli preferenze dei clienti e alle dinamiche del mercato.<\/p>\n\n\n\n<h2 class=\"wp-block-heading\">Fattori chiave del successo<\/h2>\n\n\n\n<figure class=\"gb-block-image gb-block-image-929a4999\"><img loading=\"lazy\" decoding=\"async\" width=\"1456\" height=\"816\" class=\"gb-image gb-image-929a4999\" src=\"https:\/\/www.sisinternational.com\/wp-content\/uploads\/2025\/08\/Communications-Infrastructure-1.jpg\" alt=\"Ricerca e strategia di mercato internazionale SIS\" title=\"Communications Infrastructure (1)\" srcset=\"https:\/\/www.sisinternational.com\/wp-content\/uploads\/2025\/08\/Communications-Infrastructure-1.jpg 1456w, https:\/\/www.sisinternational.com\/wp-content\/uploads\/2025\/08\/Communications-Infrastructure-1-300x168.jpg 300w, https:\/\/www.sisinternational.com\/wp-content\/uploads\/2025\/08\/Communications-Infrastructure-1-1024x574.jpg 1024w, https:\/\/www.sisinternational.com\/wp-content\/uploads\/2025\/08\/Communications-Infrastructure-1-768x430.jpg 768w, https:\/\/www.sisinternational.com\/wp-content\/uploads\/2025\/08\/Communications-Infrastructure-1-18x10.jpg 18w\" sizes=\"auto, (max-width: 1456px) 100vw, 1456px\"><\/figure>\n\n\n\n<p><\/p>\n\n\n\n<h3 class=\"wp-block-heading\">Esistono diversi fattori critici di successo per l&#039;utilizzo dell&#039;infrastruttura di comunicazione in un&#039;azienda.<\/h3>\n\n\n\n<p>Il primo \u00e8 progettare, installare e mantenere un\u2019infrastruttura solida e affidabile. Ci\u00f2 garantisce servizi di comunicazione ininterrotti. Include sistemi ridondanti, alimentatori di backup, monitoraggio della rete e manutenzione proattiva. In questo modo si riducono i tempi di inattivit\u00e0 e si massimizza l&#039;affidabilit\u00e0.<\/p>\n\n\n\n<p>L\u2019infrastruttura delle comunicazioni dovrebbe essere scalabile e flessibile. Deve essere in grado di soddisfare le mutevoli esigenze del business. Dovrebbe gestire le crescenti richieste di comunicazione man mano che l&#039;azienda cresce. Anche le infrastrutture delle comunicazioni dovrebbero adattarsi alle nuove tecnologie e piattaforme di comunicazione.<\/p>\n\n\n\n<p>Sarebbe meglio proteggere la tua infrastruttura di comunicazione da accessi non autorizzati e violazioni dei dati. La protezione della tua infrastruttura include l&#039;implementazione di misure di sicurezza adeguate come firewall, crittografia, autenticazione e monitoraggio. In questo modo, puoi proteggere le informazioni sensibili e garantire la conformit\u00e0 alla privacy.<\/p>\n\n\n\n<p>L&#039;integrazione dell&#039;infrastruttura di comunicazione con altri sistemi e applicazioni aziendali \u00e8 essenziale. Le aziende dovrebbero sforzarsi di integrarlo con i sistemi di gestione delle relazioni con i clienti (CRM). Dovrebbero fare lo stesso con i sistemi di pianificazione delle risorse aziendali e gli strumenti di collaborazione. L&#039;integrazione consente la comunicazione e lo scambio di dati senza soluzione di continuit\u00e0 tra diversi sistemi, migliorando l&#039;efficienza aziendale.<\/p>\n\n\n\n<p>Avere personale qualificato e competente \u00e8 fondamentale. Questo team dovrebbe anche essere esperto nella gestione e nell&#039;utilizzo dell&#039;infrastruttura di comunicazione. Il gruppo comprende amministratori di rete, ingegneri delle telecomunicazioni, specialisti della sicurezza e altri ruoli rilevanti. Dovrebbero essere in grado di configurare, controllare, risolvere i problemi e ottimizzare l&#039;infrastruttura di comunicazione.<\/p>\n\n\n\n<p>Le aziende dovrebbero allineare l\u2019infrastruttura ai propri scopi e obiettivi strategici. Ci\u00f2 include avere una strategia di comunicazione e un quadro di governance ben definiti. Le politiche dovrebbero anche guidare la gestione e l\u2019uso delle infrastrutture di comunicazione. Dovrebbe essere sempre in linea con le priorit\u00e0 aziendali.<\/p>\n\n\n\n<p>Le aziende dovrebbero testare le prestazioni, la sicurezza e la conformit\u00e0 della propria infrastruttura di comunicazione. Dovrebbero apportare miglioramenti secondo necessit\u00e0. Le aziende dovranno condurre valutazioni periodiche e implementare le migliori pratiche. Devono rimanere aggiornati con le ultime tecnologie e tendenze nelle infrastrutture di comunicazione.<\/p>\n\n\n\n<p>L&#039;adozione e la formazione degli utenti sono fattori critici di successo per l&#039;infrastruttura di comunicazione. Le aziende dovrebbero formare i dipendenti su come utilizzare gli strumenti e le piattaforme di comunicazione. Dovrebbero anche incoraggiare i dipendenti ad adottarli nel loro lavoro quotidiano. \u00c8 importante raccogliere il feedback degli utenti e incorporarlo nei miglioramenti continui. In questo modo, possono garantire che l&#039;infrastruttura soddisfi le esigenze dell&#039;azienda e dei suoi utenti.<\/p>\n\n\n\n<p>L&#039;azienda si affida a fornitori di terze parti per i servizi di infrastruttura di comunicazione? Quindi una gestione efficace dei fornitori \u00e8 fondamentale. Le aziende devono selezionare fornitori affidabili e stabilire chiari accordi sul livello di servizio (SLA). Include anche il mantenimento di forti rapporti con i fornitori. In questo modo, possono garantire la fornitura dei servizi secondo gli standard concordati.<br>Un solido piano di ripristino di emergenza e continuit\u00e0 aziendale \u00e8 essenziale per l&#039;infrastruttura di comunicazione. Questo piano dovrebbe includere meccanismi di backup e ripristino, sistemi ridondanti e piani di emergenza. In questo modo l\u2019azienda pu\u00f2 ripristinare i servizi di comunicazione in caso di interruzioni o emergenze.<\/p>\n\n\n\n<p>In short, it\u2019s essential to manage and leverage communications infrastructure. Businesses can improve internal and external communication and enhance collaboration and innovation. Communications <a class=\"wpil_keyword_link\" href=\"https:\/\/www.sisinternational.com\/it\/competenza\/industrie\/ricerche-di-mercato-sulle-infrastrutture\/\"   title=\"Ricerche di mercato sulle infrastrutture\" data-wpil-keyword-link=\"linked\"  data-wpil-monitor-id=\"366\">Ricerche di mercato sulle infrastrutture<\/a> helps them gain a competitive edge in today\u2019s fast-paced business environment.<\/p>\n\n\n\n<h2 class=\"wp-block-heading\">Informazioni sulle ricerche di mercato sulle infrastrutture di comunicazione<\/h2>\n\n\n\n<p>SIS Internazionale <a href=\"https:\/\/www.sisinternational.com\/it\/competenza\/industrie\/ricerche-di-mercato-nel-settore-del-pollame\/\" title=\"Ricerche di mercato nel settore del pollame\"  data-wpil-monitor-id=\"3094\">Research covers various market<\/a> studies in the Communications Infrastructure industry. For example, we offer Qualitative, Quantitative, UX, and Strategy Market Research. We also provide Competitive Analysis, Market Entry, Market Sizing, and <a href=\"https:\/\/www.sisinternational.com\/it\/competenza\/industrie\/ricerche-di-mercato-sui-motel\/\" title=\"Ricerche di mercato sui motel\"  data-wpil-monitor-id=\"3105\">Ricerca sulle opportunit\u00e0 di mercato<\/a>. You can use Focus Groups, Surveys, and Interviews organized by SIS. These tools will inform your Go to Market Strategy.<\/p>\n\n\n\n<p>SIS fornisce i dati, gli approfondimenti e la piattaforma di cui hai bisogno. Possiamo aiutarti a raggiungere i tuoi obiettivi strategici e di business. Centinaia di aziende in tutto il mondo si affidano a SIS International. Abbiamo decenni di esperienza nella fornitura di ricerche di mercato accurate e tempestive. Ora puoi sfruttare queste informazioni e rafforzare il posizionamento e la messaggistica del tuo prodotto. Sfrutta la portata globale dei clienti di SIS e un team di analisti di livello mondiale. Contattaci oggi!<\/p>","protected":false},"excerpt":{"rendered":"<p>L\u2019infrastruttura delle comunicazioni \u00e8 cruciale per la moderna economia globale e fondamentale per le telecomunicazioni e la tecnologia dell\u2019informazione.<\/p>","protected":false},"author":1,"featured_media":64238,"parent":14514,"menu_order":282,"comment_status":"closed","ping_status":"closed","template":"","meta":{"footnotes":""},"class_list":["post-42607","page","type-page","status-publish","has-post-thumbnail"],"_links":{"self":[{"href":"https:\/\/www.sisinternational.com\/it\/wp-json\/wp\/v2\/pages\/42607","targetHints":{"allow":["GET"]}}],"collection":[{"href":"https:\/\/www.sisinternational.com\/it\/wp-json\/wp\/v2\/pages"}],"about":[{"href":"https:\/\/www.sisinternational.com\/it\/wp-json\/wp\/v2\/types\/page"}],"author":[{"embeddable":true,"href":"https:\/\/www.sisinternational.com\/it\/wp-json\/wp\/v2\/users\/1"}],"replies":[{"embeddable":true,"href":"https:\/\/www.sisinternational.com\/it\/wp-json\/wp\/v2\/comments?post=42607"}],"version-history":[{"count":6,"href":"https:\/\/www.sisinternational.com\/it\/wp-json\/wp\/v2\/pages\/42607\/revisions"}],"predecessor-version":[{"id":77401,"href":"https:\/\/www.sisinternational.com\/it\/wp-json\/wp\/v2\/pages\/42607\/revisions\/77401"}],"up":[{"embeddable":true,"href":"https:\/\/www.sisinternational.com\/it\/wp-json\/wp\/v2\/pages\/14514"}],"wp:featuredmedia":[{"embeddable":true,"href":"https:\/\/www.sisinternational.com\/it\/wp-json\/wp\/v2\/media\/64238"}],"wp:attachment":[{"href":"https:\/\/www.sisinternational.com\/it\/wp-json\/wp\/v2\/media?parent=42607"}],"curies":[{"name":"wp","href":"https:\/\/api.w.org\/{rel}","templated":true}]}}