{"id":42603,"date":"2023-04-30T17:49:47","date_gmt":"2023-04-30T21:49:47","guid":{"rendered":"https:\/\/www.sisinternational.com\/?page_id=42603"},"modified":"2026-03-12T12:50:29","modified_gmt":"2026-03-12T16:50:29","slug":"ricerche-di-mercato-sulla-diagnostica-clinica","status":"publish","type":"page","link":"https:\/\/www.sisinternational.com\/it\/soluzioni\/ricerche-di-mercato-nel-settore-sanitario\/ricerche-di-mercato-sulla-diagnostica-clinica\/","title":{"rendered":"Ricerche di mercato sulla diagnostica clinica"},"content":{"rendered":"<h1 class=\"wp-block-heading\">Ricerche di mercato sulla diagnostica clinica<\/h1>\n\n\n\n<figure class=\"gb-block-image gb-block-image-27a6891f\"><img loading=\"lazy\" decoding=\"async\" width=\"1456\" height=\"816\" class=\"gb-image gb-image-27a6891f\" src=\"https:\/\/www.sisinternational.com\/wp-content\/uploads\/2025\/08\/Healthcare-7.jpg\" alt=\"Ricerca e strategia di mercato internazionale SIS\" title=\"Healthcare (7)\" srcset=\"https:\/\/www.sisinternational.com\/wp-content\/uploads\/2025\/08\/Healthcare-7.jpg 1456w, https:\/\/www.sisinternational.com\/wp-content\/uploads\/2025\/08\/Healthcare-7-300x168.jpg 300w, https:\/\/www.sisinternational.com\/wp-content\/uploads\/2025\/08\/Healthcare-7-1024x574.jpg 1024w, https:\/\/www.sisinternational.com\/wp-content\/uploads\/2025\/08\/Healthcare-7-768x430.jpg 768w, https:\/\/www.sisinternational.com\/wp-content\/uploads\/2025\/08\/Healthcare-7-18x10.jpg 18w\" sizes=\"auto, (max-width: 1456px) 100vw, 1456px\"><\/figure>\n\n\n\n<p><\/p>\n\n\n\n<p>Clinical Diagnostics identifies the presence or absence of a disease or medical condition. Medical professionals do Clinical Diagnostics through various tests and procedures. The diagnostic process involves a series of steps. For example, the process may include medical history, physical examination, and laboratory tests. They may also consist of <a href=\"https:\/\/www.sisinternational.com\/it\/competenza\/industrie\/ricerche-di-mercato-per-immagini-diagnostiche\/\" title=\"Ricerche di mercato per l\u2019imaging diagnostico\"  data-wpil-monitor-id=\"6365\">imaging studies and other diagnostic<\/a> procedures. Medical professionals use all these methods to make a definitive diagnosis. Or, they may use them to rule out potential conditions.<\/p>\n\n\n\n<p>Un&#039;altra funzione della diagnostica clinica \u00e8 identificare e gestire varie condizioni di salute. Prendono disturbi comuni (ad esempio l&#039;influenza). Identificano anche malattie pi\u00f9 complesse e croniche come il cancro e il diabete. Inoltre, i progettisti di test e procedure hanno molto da fare sui loro prodotti. Hanno assicurato di poter fornire risultati accurati e affidabili. Questi risultati dovrebbero guidare le decisioni terapeutiche e migliorare i risultati dei pazienti.<\/p>\n\n\n\n<p>Alcuni esempi di test e procedure diagnostiche cliniche includono esami del sangue e delle urine. Anche gli studi di imaging, come i raggi X e le scansioni MRI, sono diagnostici. Lo stesso vale per le biopsie e i test genetici. Un altro punto chiave \u00e8 che i test e le procedure specifici dipendono dalla condizione sospetta. Si riferiscono anche ai sintomi e all&#039;anamnesi del paziente.<\/p>\n\n\n\n<h2 class=\"wp-block-heading\">Perch\u00e9 la diagnostica clinica \u00e8 importante?<\/h2>\n\n\n\n<p>La diagnostica clinica \u00e8 essenziale per diversi motivi, tra cui la diagnosi precoce e la prevenzione. La diagnostica clinica, infatti, consente la diagnosi precoce di malattie e condizioni mediche. La diagnosi precoce pu\u00f2 aiutare a prevenire l\u2019ulteriore sviluppo di complicanze pi\u00f9 gravi. Inoltre, la diagnosi e il trattamento precoci sono cruciali per il cancro, le malattie cardiovascolari e il diabete. Pu\u00f2 migliorare i risultati e ridurre i tassi di mortalit\u00e0.<\/p>\n\n\n\n<p>La diagnostica clinica fornisce informazioni accurate e affidabili sulle condizioni di un paziente. Tali informazioni sono essenziali per prendere decisioni informate sul trattamento. Per non parlare del fatto che, senza una diagnosi corretta, i pazienti potrebbero ricevere un trattamento inadeguato e inappropriato. Ancora peggio, il trattamento pu\u00f2 essere dannoso o pericoloso per la vita.<\/p>\n\n\n\n<p>La diagnostica clinica consente di monitorare la risposta del paziente al trattamento nel tempo. Gli operatori sanitari possono utilizzare queste informazioni per adattare i piani di trattamento. In questo modo possono anche garantire che i pazienti ricevano la migliore assistenza possibile.<\/p>\n\n\n\n<p>La diagnostica clinica svolge un ruolo fondamentale nella ricerca e nello sviluppo medico. I professionisti medici li usano per testare nuove terapie e farmaci. Possono anche identificare nuovi biomarcatori e bersagli per il trattamento delle malattie.<\/p>\n\n\n\n<p>Per chiarire, la diagnostica clinica \u00e8 essenziale per migliorare i risultati dei pazienti e far progredire le conoscenze mediche. Permettono la diagnosi accurata di varie malattie e condizioni. Consentono inoltre un trattamento efficace, portando a migliori risultati in termini di salute dei pazienti.<\/p>\n\n\n\n<h2 class=\"wp-block-heading\">Titoli di lavoro chiave<\/h2>\n\n\n\n<h3 class=\"wp-block-heading\">Il campo della diagnostica clinica ha una variet\u00e0 di titoli professionali, tra cui:<\/h3>\n\n\n\n<ol class=\"wp-block-list\">\n<li><strong>Tecnico di laboratorio medico\/tecnologo medico.<\/strong> Gli scienziati\/tecnologi medici di laboratorio medico eseguono test e procedure di laboratorio sui campioni dei pazienti. Usano attrezzature e tecniche specializzate per analizzare campioni di sangue, urina e tessuti. In questo modo, aiutano a diagnosticare e controllare le condizioni mediche.<\/li>\n\n\n\n<li><strong>Tecnico di laboratorio clinico.<\/strong> I tecnici di laboratorio clinici lavorano a fianco di scienziati\/tecnologi medici di laboratorio medico. Eseguono test e procedure di laboratorio di routine.<\/li>\n\n\n\n<li><strong>Patologo.<\/strong> I patologi diagnosticano e curano le malattie esaminando tessuti e fluidi al microscopio.<\/li>\n\n\n\n<li><strong>Direttore del laboratorio medico.<\/strong> I direttori dei laboratori medici sono responsabili della supervisione delle operazioni di un laboratorio clinico. Garantiscono che le procedure e le politiche di laboratorio seguano gli standard normativi. Si occupano inoltre della formazione e della supervisione del personale.<\/li>\n\n\n\n<li><strong>Genetista molecolare.<\/strong> I genetisti molecolari utilizzano tecniche specializzate per analizzare DNA e RNA. Identificano le mutazioni genetiche associate a determinate condizioni mediche.<\/li>\n\n\n\n<li><strong>Citotecnologo.<\/strong> I citotecnologi esaminano campioni cellulari, come quelli ottenuti da un Pap test. Rilevano anomalie e potenziali segni di cancro.<\/li>\n\n\n\n<li><strong>Istotecnologo.<\/strong> Gli istotecnologi preparano campioni di tessuto per l&#039;esame da parte di un patologo. Parte del loro lavoro consiste nella colorazione e nel montaggio dei campioni sui vetrini.<\/li>\n<\/ol>\n\n\n\n<p>Questi sono solo alcuni esempi di titoli di lavoro di diagnostica clinica. Il titolo di lavoro specifico e le responsabilit\u00e0 dipenderanno da diversi fattori. Ad esempio, le strutture sanitarie possono basare i propri titoli professionali sull\u2019istruzione e sull\u2019esperienza. Oppure possono basarlo sulla loro area di specializzazione.<\/p>\n\n\n\n<h2 class=\"wp-block-heading\">Perch\u00e9 le aziende hanno bisogno di ricerche di mercato sulla diagnostica clinica?<\/h2>\n\n\n\n<figure class=\"gb-block-image gb-block-image-bc11085e\"><img loading=\"lazy\" decoding=\"async\" width=\"1456\" height=\"816\" class=\"gb-image gb-image-bc11085e\" src=\"https:\/\/www.sisinternational.com\/wp-content\/uploads\/2025\/08\/Healthcare-18.jpg\" alt=\"Ricerca e strategia di mercato internazionale SIS\" title=\"Healthcare (18)\" srcset=\"https:\/\/www.sisinternational.com\/wp-content\/uploads\/2025\/08\/Healthcare-18.jpg 1456w, https:\/\/www.sisinternational.com\/wp-content\/uploads\/2025\/08\/Healthcare-18-300x168.jpg 300w, https:\/\/www.sisinternational.com\/wp-content\/uploads\/2025\/08\/Healthcare-18-1024x574.jpg 1024w, https:\/\/www.sisinternational.com\/wp-content\/uploads\/2025\/08\/Healthcare-18-768x430.jpg 768w, https:\/\/www.sisinternational.com\/wp-content\/uploads\/2025\/08\/Healthcare-18-18x10.jpg 18w\" sizes=\"auto, (max-width: 1456px) 100vw, 1456px\"><\/figure>\n\n\n\n<p><\/p>\n\n\n\n<p>Le aziende del settore sanitario includono ospedali, laboratori diagnostici e aziende produttrici di dispositivi medici. Si basano tutti sulla diagnostica clinica. Svolge un ruolo fondamentale nella diagnosi e nel trattamento. Inoltre, la diagnostica clinica \u00e8 essenziale per diagnosticare condizioni mediche e sviluppare piani di trattamento efficaci. Le aziende del settore sanitario necessitano di test e procedure diagnostici affidabili. In questo modo, possono fornire cure di alta qualit\u00e0 ai loro pazienti.<\/p>\n\n\n\n<p>La diagnostica clinica \u00e8 fondamentale per lo sviluppo di nuovi farmaci, terapie e dispositivi medici. Le aziende del settore sanitario devono condurre studi clinici. Devono inoltre utilizzare strumenti diagnostici per testare la sicurezza e l\u2019efficacia di nuovi trattamenti e dispositivi.<\/p>\n\n\n\n<p>Inoltre, la diagnostica clinica garantisce la qualit\u00e0 e l&#039;accuratezza dei prodotti e dei servizi sanitari. Inoltre, i laboratori diagnostici, i produttori di dispositivi medici e altre aziende sanitarie fanno affidamento sui test diagnostici. \u00c8 il modo in cui controllano le prestazioni dei loro prodotti e servizi. In questo modo, possono garantire il rispetto degli standard normativi.<\/p>\n\n\n\n<p>Data from <a href=\"https:\/\/www.sisinternational.com\/it\/competenza\/industrie\/ricerche-di-mercato-automobilistiche\/cliniche-di-auto-statiche-vs-dinamiche\/\" title=\"Market Research Methods for Automotive Research &#8211; Static vs Dynamic Car Clinics\"  data-wpil-monitor-id=\"1566\">Ricerche di mercato sulla diagnostica clinica<\/a> can help healthcare businesses provide cost-effective care. At least, they reduce the need for expensive and unnecessary treatments. By the same token, accurate and timely diagnosis can help healthcare providers. It enables them to identify the most appropriate treatment options, to say nothing of reducing healthcare costs.<\/p>\n\n\n\n<p>In sintesi, la diagnostica clinica \u00e8 essenziale per le aziende del settore sanitario. Consente loro di fornire assistenza di alta qualit\u00e0 e condurre ricerca e sviluppo. Garantisce inoltre il controllo di qualit\u00e0 e offre cure economicamente vantaggiose.<\/p>\n\n\n\n<h2 class=\"wp-block-heading\">Fattori chiave del successo<\/h2>\n\n\n\n<p>Alcuni fattori chiave di successo per la diagnostica clinica includono qualit\u00e0 e accuratezza. In altre parole, l\u2019accuratezza e l\u2019affidabilit\u00e0 dei test e delle procedure diagnostiche sono essenziali. Garantiscono che i pazienti ricevano la diagnosi corretta insieme al trattamento. Le aziende sanitarie che danno priorit\u00e0 alla qualit\u00e0 abbinata alla precisione hanno maggiori probabilit\u00e0 di successo.<\/p>\n\n\n\n<p>La diagnostica clinica \u00e8 un campo in evoluzione. Richiede alle aziende di rimanere aggiornate con le ultime tecnologie e innovazioni. Le aziende dovrebbero investire in ricerca e sviluppo e adottare nuove tecnologie. Quelli che lo fanno hanno maggiori probabilit\u00e0 di successo.<\/p>\n\n\n\n<p>Le aziende sanitarie devono seguire un\u2019ampia gamma di standard normativi. In questo modo, garantiscono la sicurezza e l\u2019efficacia dei loro prodotti e servizi. Le aziende che danno priorit\u00e0 alla conformit\u00e0 e al mantenimento di standard etici elevati hanno maggiori probabilit\u00e0 di successo.<\/p>\n\n\n\n<p>La soddisfazione dei pazienti \u00e8 essenziale per il successo delle aziende sanitarie. Cure di alta qualit\u00e0, diagnosi accurate e un eccellente servizio clienti sono fondamentali. Questi attributi possono aiutare le aziende a fidelizzare i clienti e ad attrarre nuovi pazienti.<\/p>\n\n\n\n<p>Le aziende sanitarie si affidano a professionisti qualificati e competenti. Questi professionisti eseguono test e procedure diagnostiche. Le imprese dovrebbero investire nella formazione e nello sviluppo dei dipendenti e attrarre i migliori talenti. Tali aziende hanno maggiori probabilit\u00e0 di successo.<\/p>\n\n\n\n<p>Il costo dei test e delle procedure diagnostiche \u00e8 essenziale per i pazienti. Ha un impatto anche sugli operatori sanitari. Le aziende dovrebbero offrire soluzioni economicamente vantaggiose che aiutino a ridurre i costi sanitari. Tali aziende hanno maggiori probabilit\u00e0 di successo nel settore della diagnostica clinica.<\/p>\n\n\n\n<h2 class=\"wp-block-heading\">Informazioni sulle ricerche di mercato sulla diagnostica clinica<\/h2>\n\n\n\n<p>The Clinical Diagnostics market is competitive and consists of local and global players. It\u2019s essential to conduct Quantitative Market Research as part of your Go to Market Strategy. Quantitative <a href=\"https:\/\/www.sisinternational.com\/it\/competenza\/industrie\/ricerche-di-mercato-nel-settore-del-pollame\/\" title=\"Ricerche di mercato nel settore del pollame\"  data-wpil-monitor-id=\"3098\">Ricerca di mercato<\/a>, Market Opportunity Research, and Market Sizing Research are crucial. They can help you understand a market opportunity\u2019s magnitude (or lack thereof).<\/p>\n\n\n\n<p>SIS International provides both Quantitative and Qualitative Market Research. We also offer UX Market Research, Strategy Market Research, and Competitive Analysis. Need Focus Groups, Surveys, and Interviews for your <a class=\"wpil_keyword_link\" href=\"https:\/\/www.sisinternational.com\/it\/soluzioni\/consulenza-strategica\/ricerca-di-ingresso-nel-mercato\/\"   title=\"Ricerca sull&#039;ingresso nel mercato\" data-wpil-keyword-link=\"linked\"  data-wpil-monitor-id=\"693\">Ricerca sull&#039;ingresso nel mercato<\/a>? We\u2019ve got you covered! Contact us today for a consultation.<\/p>","protected":false},"excerpt":{"rendered":"<p>La diagnostica clinica \u00e8 essenziale per diversi motivi, inclusa la diagnosi precoce di malattie e condizioni mediche.<\/p>","protected":false},"author":1,"featured_media":62425,"parent":11294,"menu_order":280,"comment_status":"closed","ping_status":"closed","template":"","meta":{"footnotes":""},"class_list":["post-42603","page","type-page","status-publish","has-post-thumbnail"],"_links":{"self":[{"href":"https:\/\/www.sisinternational.com\/it\/wp-json\/wp\/v2\/pages\/42603","targetHints":{"allow":["GET"]}}],"collection":[{"href":"https:\/\/www.sisinternational.com\/it\/wp-json\/wp\/v2\/pages"}],"about":[{"href":"https:\/\/www.sisinternational.com\/it\/wp-json\/wp\/v2\/types\/page"}],"author":[{"embeddable":true,"href":"https:\/\/www.sisinternational.com\/it\/wp-json\/wp\/v2\/users\/1"}],"replies":[{"embeddable":true,"href":"https:\/\/www.sisinternational.com\/it\/wp-json\/wp\/v2\/comments?post=42603"}],"version-history":[{"count":9,"href":"https:\/\/www.sisinternational.com\/it\/wp-json\/wp\/v2\/pages\/42603\/revisions"}],"predecessor-version":[{"id":79948,"href":"https:\/\/www.sisinternational.com\/it\/wp-json\/wp\/v2\/pages\/42603\/revisions\/79948"}],"up":[{"embeddable":true,"href":"https:\/\/www.sisinternational.com\/it\/wp-json\/wp\/v2\/pages\/11294"}],"wp:featuredmedia":[{"embeddable":true,"href":"https:\/\/www.sisinternational.com\/it\/wp-json\/wp\/v2\/media\/62425"}],"wp:attachment":[{"href":"https:\/\/www.sisinternational.com\/it\/wp-json\/wp\/v2\/media?parent=42603"}],"curies":[{"name":"wp","href":"https:\/\/api.w.org\/{rel}","templated":true}]}}