{"id":42600,"date":"2023-04-30T17:27:55","date_gmt":"2023-04-30T21:27:55","guid":{"rendered":"https:\/\/www.sisinternational.com\/?page_id=42600"},"modified":"2025-10-18T19:08:20","modified_gmt":"2025-10-18T23:08:20","slug":"ricerche-di-mercato-ciso","status":"publish","type":"page","link":"https:\/\/www.sisinternational.com\/it\/competenza\/ricerche-di-mercato-ciso\/","title":{"rendered":"Ricerche di mercato CISO"},"content":{"rendered":"<h1 class=\"wp-block-heading\">Ricerche di mercato CISO<\/h1>\n\n\n\n<figure class=\"gb-block-image gb-block-image-19648e25\"><img loading=\"lazy\" decoding=\"async\" width=\"1456\" height=\"816\" class=\"gb-image gb-image-19648e25\" src=\"https:\/\/www.sisinternational.com\/wp-content\/uploads\/2025\/08\/Cibersecurity-security-1.jpg\" alt=\"Ricerca e strategia di mercato internazionale SIS\" title=\"Cibersecurity security (1)\" srcset=\"https:\/\/www.sisinternational.com\/wp-content\/uploads\/2025\/08\/Cibersecurity-security-1.jpg 1456w, https:\/\/www.sisinternational.com\/wp-content\/uploads\/2025\/08\/Cibersecurity-security-1-300x168.jpg 300w, https:\/\/www.sisinternational.com\/wp-content\/uploads\/2025\/08\/Cibersecurity-security-1-1024x574.jpg 1024w, https:\/\/www.sisinternational.com\/wp-content\/uploads\/2025\/08\/Cibersecurity-security-1-768x430.jpg 768w, https:\/\/www.sisinternational.com\/wp-content\/uploads\/2025\/08\/Cibersecurity-security-1-18x10.jpg 18w\" sizes=\"auto, (max-width: 1456px) 100vw, 1456px\"><\/figure>\n\n\n\n<p><\/p>\n\n\n\n<p>Man mano che la societ\u00e0 diventa sempre pi\u00f9 interconnessa con la tecnologia, la protezione delle informazioni sensibili \u00e8 diventata una priorit\u00e0 assoluta per le organizzazioni e il Chief Information Security Officer (CISO) ha il compito di garantire che le informazioni siano sicure.<\/p>\n\n\n\n<p>Il CISO \u00e8 responsabile della salvaguardia dei dati e della creazione di sistemi sicuri in grado di resistere alle minacce informatiche e alle potenziali violazioni. Data l\u2019importanza di questo ruolo, la domanda di CISO qualificati ed esperti \u00e8 in aumento. Per le organizzazioni che desiderano ricoprire questa posizione o per i professionisti che desiderano entrare in questo campo, \u00e8 fondamentale comprendere il panorama delle ricerche di mercato CISO per ottenere informazioni preziose sulle tendenze di assunzione, sulle aspettative salariali e sulle competenze e sull&#039;esperienza necessarie per avere successo in questo ruolo critico. .<\/p>\n\n\n\n<h2 class=\"wp-block-heading\">Che cos&#039;\u00e8 la ricerca di mercato CISO?<\/h2>\n\n\n\n<p>La ricerca di mercato CISO prevede un processo metodico di raccolta, analisi e comprensione dei dati relativi ai CISO. Questa ricerca abbraccia tipicamente molteplici aspetti della professione del CISO, inclusa la necessit\u00e0 di CISO competenti, le qualifiche e le competenze specifiche necessarie, i vari settori che impiegano i CISO, le tendenze prevalenti in termini di retribuzione e le difficolt\u00e0 e le prospettive che i CISO incontrano nel loro lavoro. posizioni.<\/p>\n\n\n\n<h3 class=\"wp-block-heading\">In particolare, le ricerche di mercato CISO aiutano le organizzazioni, i professionisti e le parti interessate nel settore della sicurezza informatica a:<\/h3>\n\n\n\n<ul class=\"wp-block-list\">\n<li>Understand the current <a href=\"https:\/\/www.sisinternational.com\/it\/copertura\/le-americhe\/copertura-degli-stati-uniti\/ricerca-di-mercato-nello-stato-di-new-york\/\" title=\"Ricerche di mercato nello Stato di New York\"  data-wpil-monitor-id=\"8446\">state of the CISO job market<\/a>, including the size, growth rate, and geographic distribution of demand for CISOs.<\/li>\n\n\n\n<li>Identificare le tendenze e le sfide emergenti nel panorama della sicurezza informatica che potrebbero avere un impatto sul ruolo e sulle responsabilit\u00e0 dei CISO.<\/li>\n\n\n\n<li>Determinare le competenze e le qualifiche chiave necessarie affinch\u00e9 i CISO abbiano successo nei loro ruoli e le sfide relative al reclutamento e alla fidelizzazione dei migliori talenti.<\/li>\n\n\n\n<li>Valutare l&#039;efficacia dei programmi di formazione e sviluppo CISO esistenti e identificare opportunit\u00e0 di miglioramento.<\/li>\n\n\n\n<li>Inform strategic decision-making related to <a href=\"https:\/\/www.sisinternational.com\/it\/soluzioni\/ricerca-di-consulenza-strategica-fintech\/ricerche-di-mercato-sulle-tecnologie-di-investimento\/\" title=\"Ricerche di mercato sulle tecnologie di investimento\"  data-wpil-monitor-id=\"8447\">investments in cybersecurity technologies<\/a>, personnel, and initiatives.<\/li>\n<\/ul>\n\n\n\n<h2 class=\"wp-block-heading\">L\u2019importanza delle ricerche di mercato CISO nell\u2019attuale panorama aziendale<\/h2>\n\n\n\n<figure class=\"gb-block-image gb-block-image-56a7052e\"><img loading=\"lazy\" decoding=\"async\" width=\"1456\" height=\"816\" class=\"gb-image gb-image-56a7052e\" src=\"https:\/\/www.sisinternational.com\/wp-content\/uploads\/2025\/08\/Cibersecurity-security-7.jpg\" alt=\"Ricerca e strategia di mercato internazionale SIS\" title=\"Cibersecurity security (7)\" srcset=\"https:\/\/www.sisinternational.com\/wp-content\/uploads\/2025\/08\/Cibersecurity-security-7.jpg 1456w, https:\/\/www.sisinternational.com\/wp-content\/uploads\/2025\/08\/Cibersecurity-security-7-300x168.jpg 300w, https:\/\/www.sisinternational.com\/wp-content\/uploads\/2025\/08\/Cibersecurity-security-7-1024x574.jpg 1024w, https:\/\/www.sisinternational.com\/wp-content\/uploads\/2025\/08\/Cibersecurity-security-7-768x430.jpg 768w, https:\/\/www.sisinternational.com\/wp-content\/uploads\/2025\/08\/Cibersecurity-security-7-18x10.jpg 18w\" sizes=\"auto, (max-width: 1456px) 100vw, 1456px\"><\/figure>\n\n\n\n<p><\/p>\n\n\n\n<p>Il panorama aziendale odierno \u00e8 afflitto da un numero crescente di minacce informatiche e violazioni dei dati sempre pi\u00f9 complesse. Di conseguenza, \u00e8 essenziale che le aziende comprendano appieno la ricerca di mercato CISO per salvaguardare le proprie risorse digitali. Ecco alcuni motivi chiave per cui la ricerca di mercato CISO \u00e8 cruciale nell\u2019attuale contesto economico:<\/p>\n\n\n\n<ul class=\"wp-block-list\">\n<li><strong>Individuare i bisogni dei talenti:<\/strong> La ricerca di mercato CISO aiuta le organizzazioni a identificare le competenze e le qualifiche specifiche richieste per un CISO di successo. Rimanendo informate sulle tendenze del mercato, le aziende possono assicurarsi di reclutare e trattenere i candidati pi\u00f9 qualificati per salvaguardare le proprie risorse digitali.<\/li>\n\n\n\n<li><strong>Stare al passo con le minacce emergenti:<\/strong> La ricerca di mercato CISO fornisce approfondimenti sulle minacce emergenti, sulle nuove tecnologie e sulle pi\u00f9 recenti strategie di sicurezza informatica. Mantenendosi aggiornate su questi sviluppi, le organizzazioni possono anticipare e rispondere alle minacce in modo pi\u00f9 efficace, riducendo al minimo il rischio di costose violazioni dei dati e attacchi informatici.<\/li>\n\n\n\n<li><strong>Informare le decisioni di investimento:<\/strong> Le ricerche di mercato CISO aiutano le organizzazioni a prendere decisioni basate sui dati nell&#039;allocazione delle risorse alle proprie iniziative di sicurezza informatica, garantendo che investano nelle soluzioni e nel personale pi\u00f9 efficaci.<\/li>\n<\/ul>\n\n\n\n<h2 class=\"wp-block-heading\">Tendenze emergenti<\/h2>\n\n\n\n<p>The CISO <a href=\"https:\/\/www.sisinternational.com\/it\/soluzioni\/e-la-crescita-globale\/consulenza-strategica-sui-mercati-emergenti\/\" title=\"Consulenza strategica sui mercati emergenti\"  data-wpil-monitor-id=\"8448\">market is experiencing several emerging<\/a> trends that are shaping the cybersecurity landscape. Some of the key emerging trends in CISO market research are:<\/p>\n\n\n\n<ul class=\"wp-block-list\">\n<li><strong>L\u2019ascesa dell\u2019intelligenza artificiale (AI) e del machine learning (ML):<\/strong> Le tecnologie AI e ML vengono sempre pi\u00f9 utilizzate per migliorare le misure di sicurezza informatica, consentendo alle organizzazioni di rilevare e rispondere alle minacce in modo pi\u00f9 efficiente. I CISO devono rimanere informati sugli ultimi progressi nel campo dell&#039;intelligenza artificiale e del machine learning per garantire che le loro organizzazioni sfruttino queste tecnologie in modo efficace.<\/li>\n\n\n\n<li><strong>Maggiore attenzione alla privacy e alla conformit\u00e0 dei dati:<\/strong> Con l\u2019introduzione di normative come GDPR e CCPA, le organizzazioni si trovano ora ad affrontare un maggiore controllo riguardo alle loro pratiche di protezione dei dati. I CISO devono dare priorit\u00e0 alla privacy e alla conformit\u00e0 dei dati per evitare multe salate e danni alla reputazione.<\/li>\n\n\n\n<li><strong>Divario di competenze in materia di sicurezza informatica:<\/strong> La domanda di professionisti qualificati della sicurezza informatica continua a superare l\u2019offerta, creando un divario di talenti nel settore. I CISO devono sviluppare strategie innovative per reclutare, trattenere e formare i talenti della sicurezza informatica per affrontare questa sfida. Poich\u00e9 l\u2019errore umano rimane un fattore significativo nelle violazioni dei dati, i CISO stanno ponendo maggiore enfasi sui programmi di formazione e sensibilizzazione sulla sicurezza informatica dei dipendenti.<\/li>\n\n\n\n<li><strong>Aumento della domanda di CISO:<\/strong> Con la crescente importanza della sicurezza informatica nelle organizzazioni di tutte le dimensioni, vi \u00e8 una crescente richiesta che i CISO assumano un ruolo guida nello sviluppo e nell\u2019implementazione di strategie di sicurezza complete.<\/li>\n\n\n\n<li><strong>Crescente attenzione alle minacce interne:<\/strong> I CISO si concentrano sempre pi\u00f9 sul rilevamento e sulla prevenzione delle minacce interne, dannose o involontarie, implementando utenti affidabili.<\/li>\n<\/ul>\n\n\n\n<h2 class=\"wp-block-heading\">Il futuro<\/h2>\n\n\n\n<figure class=\"gb-block-image gb-block-image-e9024cc4\"><img loading=\"lazy\" decoding=\"async\" width=\"1456\" height=\"816\" class=\"gb-image gb-image-e9024cc4\" src=\"https:\/\/www.sisinternational.com\/wp-content\/uploads\/2025\/08\/Cibersecurity-security-9.jpg\" alt=\"Ricerca e strategia di mercato internazionale SIS\" title=\"Cibersecurity security (9)\" srcset=\"https:\/\/www.sisinternational.com\/wp-content\/uploads\/2025\/08\/Cibersecurity-security-9.jpg 1456w, https:\/\/www.sisinternational.com\/wp-content\/uploads\/2025\/08\/Cibersecurity-security-9-300x168.jpg 300w, https:\/\/www.sisinternational.com\/wp-content\/uploads\/2025\/08\/Cibersecurity-security-9-1024x574.jpg 1024w, https:\/\/www.sisinternational.com\/wp-content\/uploads\/2025\/08\/Cibersecurity-security-9-768x430.jpg 768w, https:\/\/www.sisinternational.com\/wp-content\/uploads\/2025\/08\/Cibersecurity-security-9-18x10.jpg 18w\" sizes=\"auto, (max-width: 1456px) 100vw, 1456px\"><\/figure>\n\n\n\n<p><\/p>\n\n\n\n<p>The ever-evolving digital arena and the emergence of advanced cyber threats will lead to significant <a href=\"https:\/\/www.sisinternational.com\/it\/soluzioni\/ricerche-di-mercato-sulla-trasformazione-aziendale\/\" title=\"Ricerche di mercato sulla trasformazione aziendale\"  data-wpil-monitor-id=\"8449\">transformations in the CISO market<\/a>. To prepare for the future, both organizations and cybersecurity professionals must gain an in-depth understanding of the potential changes in the CISO market. Here are some prospects for the future of CISO market research:<\/p>\n\n\n\n<ul class=\"wp-block-list\">\n<li><strong>Continued <\/strong><a href=\"https:\/\/www.sisinternational.com\/it\/soluzioni\/consulenza-per-lospitalita-turistica-turistica\/ricerche-di-mercato-di-societa-di-guide-turistiche\/\" title=\"Ricerche di mercato sull&#039;azienda di guide turistiche\"  data-wpil-monitor-id=\"8450\">market growth: As companies<\/a> continue to prioritize cybersecurity, the need for capable and seasoned CISOs is projected to steadily increase. This recognition of the significance of robust cybersecurity leadership is anticipated to intensify the competition for top CISO talent and result in higher compensation packages.<\/li>\n\n\n\n<li><strong>Il ruolo in evoluzione dei CISO:<\/strong> Poich\u00e9 il panorama della sicurezza continua ad evolversi, cambieranno anche le aspettative riposte nei confronti dei CISO. Questi leader dovranno concentrarsi sulla pianificazione strategica, sulla gestione del rischio e sulla collaborazione tra le funzioni per garantire che le loro organizzazioni siano ben protette dalle crescenti minacce. Ai CISO sar\u00e0 richiesto di acquisire padronanza in settori particolari come la sicurezza del cloud, la salvaguardia delle infrastrutture critiche o il rispetto delle normative che regolano la privacy dei dati.<\/li>\n\n\n\n<li><strong>Maggiore enfasi sull\u2019automazione e sull\u2019intelligenza artificiale:<\/strong> Nell&#039;odierno panorama della sicurezza informatica in continua evoluzione, le organizzazioni si rivolgono all&#039;intelligenza artificiale e alle tecnologie di automazione per rafforzare i propri sistemi di difesa. Di conseguenza, i CISO devono rimanere aggiornati con gli ultimi progressi e garantire che i loro team utilizzino efficacemente questi strumenti.<\/li>\n\n\n\n<li><strong>Crescente domanda di competenze trasversali:<\/strong> Il ruolo di un CISO si sta evolvendo e espandendo oltre la conoscenza tecnica. Al giorno d&#039;oggi, ci si aspetta che i CISO abbiano competenze trasversali ben sviluppate, tra cui capacit\u00e0 di comunicazione efficace, leadership e negoziazione. Questa tendenza \u00e8 guidata dalla crescente necessit\u00e0 di collaborazione e lavoro di squadra tra i CISO e le varie parti interessate all\u2019interno dell\u2019organizzazione. Per eccellere nel ruolo, i CISO devono possedere un forte equilibrio tra competenze tecniche e trasversali, con queste ultime che diventano sempre pi\u00f9 critiche per il successo.<\/li>\n<\/ul>\n\n\n\n<p><a href=\"https:\/\/www.sisinternational.com\/it\/sis-presenta-la-piattaforma-di-data-science-e-analisi-quantitativa\/\" title=\"SIS presenta la piattaforma di scienza dei dati e analisi quantitativa\"  data-wpil-monitor-id=\"8443\">SIS International offers Quantitative<\/a>, Qualitative, and Strategy Research. We provide data, tools, strategies, reports and insights for decision-making. We conduct interviews, surveys, <a href=\"https:\/\/www.sisinternational.com\/it\/soluzioni\/ricerche-di-mercato-con-focus-group\/\" title=\"Focus Group Ricerche di mercato\"  data-wpil-monitor-id=\"8444\">focus groups and many other Market Research<\/a> methods and approaches. Contact us for your <a href=\"https:\/\/www.sisinternational.com\/it\/competenza\/industrie\/ricerche-di-mercato-sulle-tecnologie-di-prossima-generazione\/\" title=\"Ricerche di mercato sulle tecnologie di prossima generazione\"  data-wpil-monitor-id=\"8445\">next Market Research<\/a> project.<\/p>\n\n\n\n<p><\/p>\n\n\n\n<p><\/p>","protected":false},"excerpt":{"rendered":"<p>La ricerca di mercato CISO ottiene preziose informazioni sulle tendenze di assunzione, sulle aspettative salariali e sulle competenze ed esperienze necessarie per il successo.<\/p>","protected":false},"author":1,"featured_media":64037,"parent":14514,"menu_order":279,"comment_status":"closed","ping_status":"closed","template":"","meta":{"footnotes":""},"class_list":["post-42600","page","type-page","status-publish","has-post-thumbnail"],"_links":{"self":[{"href":"https:\/\/www.sisinternational.com\/it\/wp-json\/wp\/v2\/pages\/42600","targetHints":{"allow":["GET"]}}],"collection":[{"href":"https:\/\/www.sisinternational.com\/it\/wp-json\/wp\/v2\/pages"}],"about":[{"href":"https:\/\/www.sisinternational.com\/it\/wp-json\/wp\/v2\/types\/page"}],"author":[{"embeddable":true,"href":"https:\/\/www.sisinternational.com\/it\/wp-json\/wp\/v2\/users\/1"}],"replies":[{"embeddable":true,"href":"https:\/\/www.sisinternational.com\/it\/wp-json\/wp\/v2\/comments?post=42600"}],"version-history":[{"count":4,"href":"https:\/\/www.sisinternational.com\/it\/wp-json\/wp\/v2\/pages\/42600\/revisions"}],"predecessor-version":[{"id":81417,"href":"https:\/\/www.sisinternational.com\/it\/wp-json\/wp\/v2\/pages\/42600\/revisions\/81417"}],"up":[{"embeddable":true,"href":"https:\/\/www.sisinternational.com\/it\/wp-json\/wp\/v2\/pages\/14514"}],"wp:featuredmedia":[{"embeddable":true,"href":"https:\/\/www.sisinternational.com\/it\/wp-json\/wp\/v2\/media\/64037"}],"wp:attachment":[{"href":"https:\/\/www.sisinternational.com\/it\/wp-json\/wp\/v2\/media?parent=42600"}],"curies":[{"name":"wp","href":"https:\/\/api.w.org\/{rel}","templated":true}]}}