{"id":42598,"date":"2023-04-30T17:01:18","date_gmt":"2023-04-30T21:01:18","guid":{"rendered":"https:\/\/www.sisinternational.com\/?page_id=42598"},"modified":"2026-01-25T19:13:22","modified_gmt":"2026-01-26T00:13:22","slug":"ricerca-di-mercato-del-responsabile-degli-investimenti","status":"publish","type":"page","link":"https:\/\/www.sisinternational.com\/it\/competenza\/ricerca-di-mercato-del-responsabile-degli-investimenti\/","title":{"rendered":"Responsabile delle ricerche di mercato del responsabile degli investimenti"},"content":{"rendered":"<h1 class=\"wp-block-heading\">Responsabile delle ricerche di mercato del responsabile degli investimenti<\/h1>\n\n\n\n<figure class=\"gb-block-image gb-block-image-f81175a7\"><img loading=\"lazy\" decoding=\"async\" width=\"1456\" height=\"816\" class=\"gb-image gb-image-f81175a7\" src=\"https:\/\/www.sisinternational.com\/wp-content\/uploads\/2025\/08\/CEO-CIO-manager-4.jpg\" alt=\"Ricerca e strategia di mercato internazionale SIS\" title=\"CEO CIO manager (4)\" srcset=\"https:\/\/www.sisinternational.com\/wp-content\/uploads\/2025\/08\/CEO-CIO-manager-4.jpg 1456w, https:\/\/www.sisinternational.com\/wp-content\/uploads\/2025\/08\/CEO-CIO-manager-4-300x168.jpg 300w, https:\/\/www.sisinternational.com\/wp-content\/uploads\/2025\/08\/CEO-CIO-manager-4-1024x574.jpg 1024w, https:\/\/www.sisinternational.com\/wp-content\/uploads\/2025\/08\/CEO-CIO-manager-4-768x430.jpg 768w, https:\/\/www.sisinternational.com\/wp-content\/uploads\/2025\/08\/CEO-CIO-manager-4-18x10.jpg 18w\" sizes=\"auto, (max-width: 1456px) 100vw, 1456px\"><\/figure>\n\n\n\n<p><\/p>\n\n\n\n<p>Poich\u00e9 il mondo finanziario continua ad evolversi, il ruolo del Chief Investment Officer \u00e8 diventato pi\u00f9 vitale che mai. Questi professionisti sono responsabili della supervisione e del perfezionamento del portafoglio di investimenti di un&#039;organizzazione, svolgendo un ruolo cruciale nello stabilire e mantenere la stabilit\u00e0 e la crescita finanziaria.<\/p>\n\n\n\n<p>Pertanto, acquisire una comprensione completa del panorama delle ricerche di mercato dei Chief Investment Officer \u00e8 essenziale sia per le aziende che per gli individui che lavorano nel settore finanziario.<\/p>\n\n\n\n<h2 class=\"wp-block-heading\">Che cos&#039;\u00e8 la ricerca di mercato del Chief Investment Officer?<\/h2>\n\n\n\n<p>Chief investment officers have a major responsibility in managing and refining a company&#8217;s investment portfolio, making crucial decisions, and ensuring the financial prosperity and security of the organization. Chief <a href=\"https:\/\/www.sisinternational.com\/it\/competenza\/industrie\/esg-investe-in-ricerche-di-mercato\/\" title=\"Ricerche di mercato sugli investimenti ESG\"  data-wpil-monitor-id=\"4891\">investment officer market research<\/a> typically covers various aspects of the chief investment officer profession such as:<\/p>\n\n\n\n<ul class=\"wp-block-list\">\n<li>Un&#039;analisi completa delle dimensioni del settore mondiale dei Chief Information Officer per mostrare il numero totale di ruoli di CIO disponibili.<\/li>\n\n\n\n<li>Questa analisi dei settori in cui sono impiegati i chief information officer, tra cui societ\u00e0 di gestione patrimoniale, banche, compagnie assicurative e fondi pensione, tra gli altri. Esplora inoltre gli ostacoli e le prospettive unici che i Chief Information Officer incontrano in ciascun rispettivo settore.<\/li>\n\n\n\n<li>Una ripartizione della domanda di chief information officer in diverse regioni e paesi, tenendo conto di fattori quali lo sviluppo economico regionale, le tendenze degli investimenti e le normative locali.<br>Un&#039;analisi dei pacchetti retributivi offerti ai Chief Information Officer, inclusi stipendio base, bonus, partecipazione agli utili e benefit, e dei fattori che influenzano queste tendenze.<\/li>\n\n\n\n<li>Una revisione delle competenze e delle qualifiche essenziali richieste per i Chief Information Officer, che vanno dalla competenza finanziaria e dall&#039;esperienza nella gestione degli investimenti alle capacit\u00e0 di leadership, comunicazione e pensiero strategico.<\/li>\n<\/ul>\n\n\n\n<h2 class=\"wp-block-heading\">Tendenze attuali nelle ricerche di mercato del Chief Investment Officer<\/h2>\n\n\n\n<p>Understanding the latest market trends can help companies stay competitive in the ever-changing investment management industry. Here are some key current trends in chief <a href=\"https:\/\/www.sisinternational.com\/it\/ritorno-sullinvestimento-in-ricerche-di-mercato\/\" title=\"Ritorno sull&#039;investimento nelle ricerche di mercato\"  data-wpil-monitor-id=\"5479\">investment officer market research<\/a>:<\/p>\n\n\n\n<ul class=\"wp-block-list\">\n<li><strong>Progressi tecnologici:<\/strong> Mentre la tecnologia continua a rivoluzionare il settore finanziario, i chief investment officer stanno sfruttando sempre pi\u00f9 strumenti avanzati come l\u2019intelligenza artificiale (AI), l\u2019apprendimento automatico (ML) e l\u2019analisi dei big data per informare le decisioni di investimento, ottimizzare i portafogli e migliorare la gestione del rischio. La trasformazione digitale in corso nel settore finanziario sta rimodellando il modo in cui operano i chief investment officer. Ci\u00f2 include l\u2019adozione di piattaforme, strumenti e processi digitali per la gestione degli investimenti, nonch\u00e9 la necessit\u00e0 di sviluppare strategie di investimento digital-first.<\/li>\n\n\n\n<li><strong>Investimenti alternativi:<\/strong> Per ottenere una maggiore diversificazione e rendimenti potenzialmente pi\u00f9 elevati, i chief investment officer stanno esplorando investimenti alternativi come private equity, venture capital, immobili e materie prime. Questa tendenza riflette un crescente interesse per le classi di attivit\u00e0 non tradizionali come mezzo per mitigare i rischi e migliorare la performance del portafoglio.<\/li>\n\n\n\n<li><strong>Gestione del rischio e conformit\u00e0 normativa:<\/strong> Con la crescente complessit\u00e0 dei mercati finanziari e requisiti normativi pi\u00f9 severi, i chief investment officer stanno ponendo maggiore enfasi sulla gestione del rischio e sulla conformit\u00e0. Ci\u00f2 implica monitorare da vicino gli sviluppi del mercato, implementare solidi quadri di gestione del rischio e rimanere informati sull\u2019evoluzione del panorama normativo.<\/li>\n<\/ul>\n\n\n\n<h2 class=\"wp-block-heading\">Opportunit\u00e0 e sfide<\/h2>\n\n\n\n<figure class=\"gb-block-image gb-block-image-202810a7\"><img loading=\"lazy\" decoding=\"async\" width=\"1456\" height=\"816\" class=\"gb-image gb-image-202810a7\" src=\"https:\/\/www.sisinternational.com\/wp-content\/uploads\/2025\/08\/CEO-CIO-manager-7.jpg\" alt=\"Ricerca e strategia di mercato internazionale SIS\" title=\"CEO CIO manager (7)\" srcset=\"https:\/\/www.sisinternational.com\/wp-content\/uploads\/2025\/08\/CEO-CIO-manager-7.jpg 1456w, https:\/\/www.sisinternational.com\/wp-content\/uploads\/2025\/08\/CEO-CIO-manager-7-300x168.jpg 300w, https:\/\/www.sisinternational.com\/wp-content\/uploads\/2025\/08\/CEO-CIO-manager-7-1024x574.jpg 1024w, https:\/\/www.sisinternational.com\/wp-content\/uploads\/2025\/08\/CEO-CIO-manager-7-768x430.jpg 768w, https:\/\/www.sisinternational.com\/wp-content\/uploads\/2025\/08\/CEO-CIO-manager-7-18x10.jpg 18w\" sizes=\"auto, (max-width: 1456px) 100vw, 1456px\"><\/figure>\n\n\n\n<p><\/p>\n\n\n\n<p><a href=\"https:\/\/www.sisinternational.com\/it\/competenza\/industrie\/chief-information-officer-cio-ricerche-di-mercato\/\" title=\"Ricerca di mercato del Chief Information Officer (CIO).\"  data-wpil-monitor-id=\"5653\">Chief investment officer market research<\/a> presents a wealth of data on the investment management industry. It provides unique insights into market opportunities and potential growth, while also identifying areas of concern and potential risks. Here are some key opportunities and challenges associated with <a href=\"https:\/\/www.sisinternational.com\/it\/copertura\/le-americhe\/copertura-degli-stati-uniti\/ricerca-di-mercato-nel-key-west-florida\/\" title=\"Ricerche di mercato a Key West Florida\"  data-wpil-monitor-id=\"7153\">ricerca di mercato del responsabile degli investimenti<\/a>:<\/p>\n\n\n\n<h3 class=\"wp-block-heading\">Opportunit\u00e0<\/h3>\n\n\n\n<ul class=\"wp-block-list\">\n<li>Comprendendo le ultime tendenze e sviluppi nel mercato dei Chief Investment Officer, le organizzazioni possono prendere decisioni pi\u00f9 informate sulle proprie strategie di investimento, sull&#039;allocazione delle risorse e sul reclutamento e mantenimento dei Chief Investment Officer.<\/li>\n\n\n\n<li>Gli approfondimenti derivanti dalle ricerche di mercato possono aiutare le organizzazioni a identificare le competenze e le qualifiche necessarie per i chief investment officer di successo.<\/li>\n\n\n\n<li>La ricerca di mercato del Chief Investment Officer fornisce approfondimenti sulle tendenze, le sfide e le opportunit\u00e0 emergenti nel panorama della gestione degli investimenti. Rimanendo aggiornate su questi sviluppi, le organizzazioni possono anticipare e rispondere meglio ai cambiamenti del mercato, garantendosi di rimanere agili e adattabili.<\/li>\n<\/ul>\n\n\n\n<h3 class=\"wp-block-heading\">Sfide<\/h3>\n\n\n\n<ul class=\"wp-block-list\">\n<li>Il settore della gestione degli investimenti \u00e8 uno spazio complesso e in continua evoluzione, influenzato da una moltitudine di fattori quali i progressi tecnologici, i cambiamenti normativi e la volatilit\u00e0 del mercato globale. Pu\u00f2 essere difficile per le organizzazioni rimanere aggiornate con le ultime tendenze e sviluppi del settore, soprattutto data la carenza di professionisti qualificati nel settore. Pertanto, vi \u00e8 una crescente necessit\u00e0 per le organizzazioni di condurre ricerche di mercato complete.<\/li>\n\n\n\n<li>I risultati e i dati raccolti dalle ricerche di mercato sono risorse preziose per le organizzazioni. Tuttavia, mettere in pratica queste intuizioni pu\u00f2 presentare sfide che richiedono uno sforzo collaborativo da parte dei team esecutivi e di altre parti interessate all\u2019interno dell\u2019organizzazione.<\/li>\n\n\n\n<li>Le ricerche di mercato dei Chief Investment Officer rivelano spesso tendenze e sfide sia a breve che a lungo termine nel settore della gestione degli investimenti. Bilanciare queste priorit\u00e0 concorrenti mantenendo l&#039;attenzione sugli obiettivi finanziari complessivi dell&#039;organizzazione pu\u00f2 essere difficile sia per i chief investment officer che per le organizzazioni che servono.<\/li>\n<\/ul>\n\n\n\n<h2 class=\"wp-block-heading\">Prospettive della ricerca di mercato del Chief Investment Officer<\/h2>\n\n\n\n<figure class=\"gb-block-image gb-block-image-83d04cb0\"><img loading=\"lazy\" decoding=\"async\" width=\"1456\" height=\"816\" class=\"gb-image gb-image-83d04cb0\" src=\"https:\/\/www.sisinternational.com\/wp-content\/uploads\/2025\/08\/CEO-CIO-manager-5.jpg\" alt=\"Ricerca e strategia di mercato internazionale SIS\" title=\"CEO CIO manager (5)\" srcset=\"https:\/\/www.sisinternational.com\/wp-content\/uploads\/2025\/08\/CEO-CIO-manager-5.jpg 1456w, https:\/\/www.sisinternational.com\/wp-content\/uploads\/2025\/08\/CEO-CIO-manager-5-300x168.jpg 300w, https:\/\/www.sisinternational.com\/wp-content\/uploads\/2025\/08\/CEO-CIO-manager-5-1024x574.jpg 1024w, https:\/\/www.sisinternational.com\/wp-content\/uploads\/2025\/08\/CEO-CIO-manager-5-768x430.jpg 768w, https:\/\/www.sisinternational.com\/wp-content\/uploads\/2025\/08\/CEO-CIO-manager-5-18x10.jpg 18w\" sizes=\"auto, (max-width: 1456px) 100vw, 1456px\"><\/figure>\n\n\n\n<p><\/p>\n\n\n\n<p>Il settore finanziario pu\u00f2 aspettarsi un futuro brillante grazie alla crescente importanza delle ricerche di mercato dei Chief Investment Officer. La natura mutevole della gestione degli investimenti ha creato un bisogno urgente di ricerche di mercato complete, che offrono grandi opportunit\u00e0 per organizzazioni, professionisti e parti interessate. Ecco alcune prospettive chiave per il futuro dei principali investimenti:<\/p>\n\n\n\n<ul class=\"wp-block-list\">\n<li><strong>Analisi dei dati e intelligenza artificiale migliorate:<\/strong> L\u2019integrazione di tecniche avanzate di analisi dei dati, intelligenza artificiale e ML consentir\u00e0 previsioni pi\u00f9 accurate e approfondimenti pi\u00f9 approfonditi nella ricerca di mercato del chief investment officer. Queste tecnologie possono aiutare a identificare modelli, tendenze e correlazioni precedentemente nascoste, consentendo alle organizzazioni di prendere decisioni pi\u00f9 informate e sviluppare strategie di investimento mirate.<\/li>\n\n\n\n<li><strong>Ampliare l&#039;ambito delle responsabilit\u00e0 del CIO:<\/strong> Man mano che la posizione del Chief Investment Officer si trasforma gradualmente, anche l\u2019ambito delle ricerche di mercato del Chief Investment Officer si trasformer\u00e0 in campi di responsabilit\u00e0 emergenti come la trasformazione digitale, l\u2019innovazione e la gestione del rischio.<\/li>\n\n\n\n<li><strong>Aumento della domanda di ricerca personalizzata:<\/strong> To enhance their investment strategies, organizations are increasingly looking for customized <a href=\"https:\/\/www.sisinternational.com\/it\/competenza\/industrie\/ricerche-di-mercato-sui-prodotti-chimici-organici\/\" title=\"Ricerche di mercato sui prodotti chimici organici\"  data-wpil-monitor-id=\"3321\">ricerca di mercato del responsabile degli investimenti<\/a> that is tailored to specific industries, regions, or investment approaches. This personalized research is crucial for gaining a comprehensive understanding of the market context and developing effective investment strategies that cater to the specific needs of each organization.<\/li>\n<\/ul>\n\n\n\n<p>SIS International offre ricerca quantitativa, qualitativa e strategica. Forniamo dati, strumenti, strategie, report e approfondimenti per il processo decisionale. Conduciamo interviste, sondaggi, focus group e molti altri metodi e approcci di ricerca di mercato. Contattaci per il tuo prossimo progetto di ricerca di mercato.<\/p>","protected":false},"excerpt":{"rendered":"<p>La ricerca di mercato del Chief Investment Officer copre gli aspetti della professione del Chief Investment Officer e aiuta le aziende a rimanere competitive.<\/p>","protected":false},"author":1,"featured_media":64026,"parent":14514,"menu_order":278,"comment_status":"closed","ping_status":"closed","template":"","meta":{"footnotes":""},"class_list":["post-42598","page","type-page","status-publish","has-post-thumbnail"],"_links":{"self":[{"href":"https:\/\/www.sisinternational.com\/it\/wp-json\/wp\/v2\/pages\/42598","targetHints":{"allow":["GET"]}}],"collection":[{"href":"https:\/\/www.sisinternational.com\/it\/wp-json\/wp\/v2\/pages"}],"about":[{"href":"https:\/\/www.sisinternational.com\/it\/wp-json\/wp\/v2\/types\/page"}],"author":[{"embeddable":true,"href":"https:\/\/www.sisinternational.com\/it\/wp-json\/wp\/v2\/users\/1"}],"replies":[{"embeddable":true,"href":"https:\/\/www.sisinternational.com\/it\/wp-json\/wp\/v2\/comments?post=42598"}],"version-history":[{"count":8,"href":"https:\/\/www.sisinternational.com\/it\/wp-json\/wp\/v2\/pages\/42598\/revisions"}],"predecessor-version":[{"id":80717,"href":"https:\/\/www.sisinternational.com\/it\/wp-json\/wp\/v2\/pages\/42598\/revisions\/80717"}],"up":[{"embeddable":true,"href":"https:\/\/www.sisinternational.com\/it\/wp-json\/wp\/v2\/pages\/14514"}],"wp:featuredmedia":[{"embeddable":true,"href":"https:\/\/www.sisinternational.com\/it\/wp-json\/wp\/v2\/media\/64026"}],"wp:attachment":[{"href":"https:\/\/www.sisinternational.com\/it\/wp-json\/wp\/v2\/media?parent=42598"}],"curies":[{"name":"wp","href":"https:\/\/api.w.org\/{rel}","templated":true}]}}