{"id":42596,"date":"2023-04-30T16:29:15","date_gmt":"2023-04-30T20:29:15","guid":{"rendered":"https:\/\/www.sisinternational.com\/?page_id=42596"},"modified":"2026-01-25T18:15:27","modified_gmt":"2026-01-25T23:15:27","slug":"chief-information-officer-cio-ricerche-di-mercato","status":"publish","type":"page","link":"https:\/\/www.sisinternational.com\/it\/competenza\/chief-information-officer-cio-ricerche-di-mercato\/","title":{"rendered":"Ricerca di mercato del Chief Information Officer (CIO)."},"content":{"rendered":"<h1 class=\"wp-block-heading\">Ricerca di mercato del Chief Information Officer (CIO).<\/h1>\n\n\n\n<figure class=\"gb-block-image gb-block-image-6fc8a8e4\"><img loading=\"lazy\" decoding=\"async\" width=\"1456\" height=\"816\" class=\"gb-image gb-image-6fc8a8e4\" src=\"https:\/\/www.sisinternational.com\/wp-content\/uploads\/2025\/08\/CEO-CIO-manager-6.jpg\" alt=\"Ricerca e strategia di mercato internazionale SIS\" title=\"CEO CIO manager (6)\" srcset=\"https:\/\/www.sisinternational.com\/wp-content\/uploads\/2025\/08\/CEO-CIO-manager-6.jpg 1456w, https:\/\/www.sisinternational.com\/wp-content\/uploads\/2025\/08\/CEO-CIO-manager-6-300x168.jpg 300w, https:\/\/www.sisinternational.com\/wp-content\/uploads\/2025\/08\/CEO-CIO-manager-6-1024x574.jpg 1024w, https:\/\/www.sisinternational.com\/wp-content\/uploads\/2025\/08\/CEO-CIO-manager-6-768x430.jpg 768w, https:\/\/www.sisinternational.com\/wp-content\/uploads\/2025\/08\/CEO-CIO-manager-6-18x10.jpg 18w\" sizes=\"auto, (max-width: 1456px) 100vw, 1456px\"><\/figure>\n\n\n\n<p><\/p>\n\n\n\n<p>L\u2019attuale panorama aziendale \u00e8 caratterizzato da rapidi progressi tecnologici e, di conseguenza, il ruolo del CIO \u00e8 diventato sempre pi\u00f9 importante. I CIO hanno il compito di promuovere l\u2019innovazione e gestire il panorama digitale in costante evoluzione, rendendoli attori fondamentali per il successo delle organizzazioni moderne.<\/p>\n\n\n\n<p>Pertanto, le aziende devono avere familiarit\u00e0 con il panorama delle ricerche di mercato dei CIO per rimanere informate e stare al passo con i tempi per prendere le giuste decisioni aziendali.<\/p>\n\n\n\n<h2 class=\"wp-block-heading\">Panoramica delle ricerche di mercato del Chief Information Officer (CIO).<\/h2>\n\n\n\n<p>Condurre ricerche di mercato per i CIO implica un processo metodico di raccolta, analisi e interpretazione di dati e approfondimenti. Questa ricerca si concentra su vari aspetti del ruolo dei CIO, tra cui la domanda di CIO qualificati, le qualifiche e le competenze necessarie, i settori che impiegano i CIO, le tendenze attuali in termini di retribuzione e gli ostacoli e le prospettive che i CIO incontrano nel corso della loro carriera.<\/p>\n\n\n\n<h3 class=\"wp-block-heading\">Una panoramica della ricerca di mercato del CIO include i seguenti componenti:<\/h3>\n\n\n\n<ul class=\"wp-block-list\">\n<li>An assessment of the <a href=\"https:\/\/www.sisinternational.com\/it\/compagnie-aeree-low-cost-nel-settore-dellaviazione\/\" title=\"Ricerche di mercato sulle compagnie aeree low cost\"  data-wpil-monitor-id=\"9764\">global CIO market<\/a> size, including the number of CIO positions available, the growth rate, the factors driving this growth such as technological advancements, and the increasing reliance on digital solutions.<\/li>\n\n\n\n<li>Un esame dei settori chiave che impiegano CIO, come servizi finanziari, sanit\u00e0, produzione, vendita al dettaglio e tecnologia, e delle sfide e opportunit\u00e0 specifiche affrontate dai CIO all\u2019interno di ciascun settore.<\/li>\n\n\n\n<li>Una ripartizione della domanda di CIO in diverse regioni e paesi considerando fattori quali lo sviluppo economico regionale, l&#039;adozione tecnologica e le normative locali.<\/li>\n\n\n\n<li>Un&#039;analisi dei pacchetti retributivi offerti ai CIO, inclusi stipendio base, bonus, stock option e benefit, e dei fattori che influenzano queste tendenze.<\/li>\n<\/ul>\n\n\n\n<h2 class=\"wp-block-heading\">Importanza della ricerca di mercato del Chief Information Officer (CIO) nell&#039;attuale panorama aziendale<\/h2>\n\n\n\n<figure class=\"gb-block-image gb-block-image-121a5e5c\"><img loading=\"lazy\" decoding=\"async\" width=\"1456\" height=\"816\" class=\"gb-image gb-image-121a5e5c\" src=\"https:\/\/www.sisinternational.com\/wp-content\/uploads\/2025\/08\/CEO-CIO-manager-3.jpg\" alt=\"Ricerca e strategia di mercato internazionale SIS\" title=\"CEO CIO manager (3)\" srcset=\"https:\/\/www.sisinternational.com\/wp-content\/uploads\/2025\/08\/CEO-CIO-manager-3.jpg 1456w, https:\/\/www.sisinternational.com\/wp-content\/uploads\/2025\/08\/CEO-CIO-manager-3-300x168.jpg 300w, https:\/\/www.sisinternational.com\/wp-content\/uploads\/2025\/08\/CEO-CIO-manager-3-1024x574.jpg 1024w, https:\/\/www.sisinternational.com\/wp-content\/uploads\/2025\/08\/CEO-CIO-manager-3-768x430.jpg 768w, https:\/\/www.sisinternational.com\/wp-content\/uploads\/2025\/08\/CEO-CIO-manager-3-18x10.jpg 18w\" sizes=\"auto, (max-width: 1456px) 100vw, 1456px\"><\/figure>\n\n\n\n<ul class=\"wp-block-list\">\n<li><strong>Acquisizione e fidelizzazione dei talenti:<\/strong> For organizations to effectively recruit and retain top-tier technology leaders to drive <a href=\"https:\/\/www.sisinternational.com\/it\/sis-lancia-nuove-soluzioni-di-ricerca-digitale\/\" title=\"SIS lancia nuove soluzioni di Ricerca Digitale\"  data-wpil-monitor-id=\"9765\">innovation and digital<\/a> transformation, it is critical to identify the necessary skills and qualifications required for successful CIOs. By keeping up-to-date with current market trends, businesses can ensure they attract and retain the most qualified candidates for this critical role.<\/li>\n\n\n\n<li><strong>Benchmarking e migliori pratiche:<\/strong> By gaining a comprehensive understanding of the CIO market, businesses can evaluate their technology <a href=\"https:\/\/www.sisinternational.com\/it\/migliori-pratiche-nella-vendita-al-dettaglio\/\" title=\"Migliori pratiche nella vendita al dettaglio\"  data-wpil-monitor-id=\"9766\">strategies<\/a> and performance against industry benchmarks and best practices. This analysis allows organizations to pinpoint areas that require improvement, <a href=\"https:\/\/www.sisinternational.com\/it\/sviluppo-di-database-di-informazioni-internazionali-il-mio-articolo-del-1990\/\" title=\"Sviluppo di database di informazioni internazionali: Ruth Stanat nel 1990\"  data-wpil-monitor-id=\"2224\">develop more impactful technology strategies<\/a>, and prioritize investments in innovative and digital initiatives.<\/li>\n\n\n\n<li><strong>Anticipating <\/strong><a href=\"https:\/\/www.sisinternational.com\/it\/future-trends-in-qualitative-market-research\/\" title=\"Future Trends in Qualitative Market Research\"  data-wpil-monitor-id=\"9770\">future trends: Conducting CIO market research<\/a> offers valuable insights into the latest trends, challenges, and prospects within the technological realm. By keeping abreast of these new developments, businesses can proactively prepare for and address any potential changes, enabling them to remain flexible and responsive in a constantly evolving corporate landscape.<\/li>\n\n\n\n<li><strong>Migliorare la collaborazione:<\/strong> Ottenendo una comprensione pi\u00f9 approfondita del mercato dei CIO e degli ostacoli che i CIO incontrano, le aziende possono migliorare la collaborazione tra leader tecnologici, team esecutivi e altre parti interessate. Ci\u00f2 favorisce una comprensione pi\u00f9 approfondita dei requisiti tecnologici di un&#039;organizzazione e supporta la creazione di approcci completi e interfunzionali.<\/li>\n<\/ul>\n\n\n\n<h2 class=\"wp-block-heading\">Vantaggi e opportunit\u00e0 per le imprese<\/h2>\n\n\n\n<ul class=\"wp-block-list\">\n<li><strong>Comprensione <\/strong><a href=\"https:\/\/www.sisinternational.com\/it\/quali-sono-alcune-tendenze-nel-settore-delle-ricerche-di-mercato\/\" title=\"Quali sono alcune tendenze nel settore delle ricerche di mercato?\"  data-wpil-monitor-id=\"9769\">industry trends: CIO market research<\/a> provides businesses with valuable information on the latest technology trends, IT management best practices, and emerging innovations. This knowledge can help businesses make informed decisions when it comes to technology investments, ensuring they stay ahead of the competition.<\/li>\n\n\n\n<li><strong>Individuazione delle lacune nelle competenze:<\/strong> Esaminando lo stato attuale del ruolo del CIO e le competenze richieste, le aziende possono identificare le lacune e pianificare lo sviluppo della forza lavoro. Ci\u00f2 pu\u00f2 includere investimenti in programmi di formazione e sviluppo o l\u2019assunzione di professionisti con il giusto mix di competenze tecniche e strategiche.<\/li>\n\n\n\n<li><strong>Migliorare il processo decisionale:<\/strong> Le ricerche di mercato dei CIO possono aiutare le aziende a prendere decisioni basate sui dati fornendo approfondimenti sulle sfide e sulle opportunit\u00e0 affrontate dai CIO in tutti i settori. Queste informazioni possono essere utilizzate per definire la strategia aziendale, dare priorit\u00e0 alle iniziative IT e allocare le risorse in modo pi\u00f9 efficace.<\/li>\n\n\n\n<li><strong>Prestazioni di benchmarking:<\/strong> Attraverso le ricerche di mercato dei CIO, le aziende possono ottenere informazioni dettagliate sulle prestazioni dei propri dipartimenti IT rispetto ai colleghi del settore. Questo benchmarking pu\u00f2 aiutare a identificare le aree di miglioramento e informare i processi di definizione degli obiettivi.<\/li>\n<\/ul>\n\n\n\n<h2 class=\"wp-block-heading\">Sfide<\/h2>\n\n\n\n<ul class=\"wp-block-list\">\n<li><strong>Panorama tecnologico in rapida evoluzione:<\/strong> The technology sector is constantly evolving with new developments, tools, and trends. This can make it difficult for researchers to keep up with the latest <a href=\"https:\/\/www.sisinternational.com\/it\/copertura\/ricerche-di-mercato-asiatiche\/ricerche-di-mercato-a-timor\/\" title=\"Ricerche di mercato a Timor\"  data-wpil-monitor-id=\"4751\">informazione<\/a> and accurately reflect the current state of the CIO market.<\/li>\n\n\n\n<li><strong>Il diversificato settore ha bisogno di:<\/strong> Settori diversi hanno requisiti tecnologici unici, che possono comportare aspettative e responsabilit\u00e0 diverse per i CIO. Questa diversit\u00e0 pu\u00f2 rendere difficile trarre conclusioni generali o identificare tendenze universali dalla ricerca.<\/li>\n\n\n\n<li><strong>Mancanza di dati standardizzati:<\/strong> Le ricerche di mercato dei CIO spesso si basano su dati di sondaggi o interviste per raccogliere informazioni. Tuttavia, potrebbero esserci incoerenze nel modo in cui i dati vengono raccolti, riportati o analizzati, che possono influire sull\u2019accuratezza e sull\u2019affidabilit\u00e0 dei risultati.<\/li>\n\n\n\n<li><strong>Difficolt\u00e0 nell&#039;accesso ai partecipanti:<\/strong> Per condurre ricerche di mercato complete sui CIO, i ricercatori devono accedere a un\u2019ampia gamma di CIO e dirigenti IT. Tuttavia, questi professionisti sono spesso occupati e potrebbero non avere il tempo di partecipare a sondaggi o interviste, rendendo difficile ottenere campioni rappresentativi.<\/li>\n\n\n\n<li><strong>La riservatezza riguarda:<\/strong> I CIO trattano informazioni sensibili e potrebbero essere riluttanti a condividere dettagli sulle strategie, le sfide o i successi tecnologici della propria organizzazione. Ci\u00f2 pu\u00f2 limitare la profondit\u00e0 e la qualit\u00e0 dei dati disponibili per le ricerche di mercato.<\/li>\n<\/ul>\n\n\n\n<h2 class=\"wp-block-heading\">Tendenze emergenti nella ricerca di mercato dei CIO<\/h2>\n\n\n\n<figure class=\"gb-block-image gb-block-image-0d46633e\"><img loading=\"lazy\" decoding=\"async\" width=\"1456\" height=\"816\" class=\"gb-image gb-image-0d46633e\" src=\"https:\/\/www.sisinternational.com\/wp-content\/uploads\/2025\/08\/CEO-CIO-manager-9.jpg\" alt=\"Ricerca e strategia di mercato internazionale SIS\" title=\"CEO CIO manager (9)\" srcset=\"https:\/\/www.sisinternational.com\/wp-content\/uploads\/2025\/08\/CEO-CIO-manager-9.jpg 1456w, https:\/\/www.sisinternational.com\/wp-content\/uploads\/2025\/08\/CEO-CIO-manager-9-300x168.jpg 300w, https:\/\/www.sisinternational.com\/wp-content\/uploads\/2025\/08\/CEO-CIO-manager-9-1024x574.jpg 1024w, https:\/\/www.sisinternational.com\/wp-content\/uploads\/2025\/08\/CEO-CIO-manager-9-768x430.jpg 768w, https:\/\/www.sisinternational.com\/wp-content\/uploads\/2025\/08\/CEO-CIO-manager-9-18x10.jpg 18w\" sizes=\"auto, (max-width: 1456px) 100vw, 1456px\"><\/figure>\n\n\n\n<ul class=\"wp-block-list\">\n<li><strong>Trasformazione digitale:<\/strong> Mentre le organizzazioni di tutti i settori abbracciano la trasformazione digitale, i CIO svolgono un ruolo cruciale nel guidare questo cambiamento. Sono responsabili dello sviluppo e dell\u2019attuazione di strategie digitali, garantendo la perfetta integrazione delle nuove tecnologie e promuovendo una cultura dell\u2019innovazione e del miglioramento continuo.<\/li>\n\n\n\n<li><strong>Adozione del cloud:<\/strong> Con la crescente adozione del cloud computing, i CIO devono affrontare le complessit\u00e0 legate alla migrazione e alla gestione dell&#039;infrastruttura IT nel cloud. Ci\u00f2 richiede esperienza in architettura cloud, sicurezza e ottimizzazione dei costi, nonch\u00e9 comprensione di vari modelli e fornitori di servizi cloud.<\/li>\n\n\n\n<li><strong>Sicurezza informatica:<\/strong> Man mano che le minacce informatiche diventano pi\u00f9 sofisticate, i CIO sono responsabili dell&#039;implementazione di strategie di sicurezza informatica complete per proteggere le risorse digitali delle proprie organizzazioni. Ci\u00f2 implica rimanere al passo con le minacce e le tecnologie emergenti, nonch\u00e9 collaborare con altre parti interessate per creare una cultura attenta alla sicurezza all\u2019interno dell\u2019organizzazione.<\/li>\n\n\n\n<li><strong>Gestione dei fornitori e partnership strategiche:<\/strong> I CIO sono sempre pi\u00f9 responsabili della gestione dei rapporti con fornitori e partner tecnologici, garantendo che i contratti e gli accordi sul livello di servizio siano in linea con le esigenze e le aspettative dell&#039;organizzazione. Ci\u00f2 richiede forti capacit\u00e0 di negoziazione, nonch\u00e9 la capacit\u00e0 di identificare e valutare potenziali partner tecnologici.<\/li>\n<\/ul>\n\n\n\n<p><a href=\"https:\/\/www.sisinternational.com\/it\/sis-presenta-la-piattaforma-di-data-science-e-analisi-quantitativa\/\" title=\"SIS presenta la piattaforma di scienza dei dati e analisi quantitativa\"  data-wpil-monitor-id=\"9767\">SIS International offers Quantitative<\/a>, Qualitative, and Strategy Research. We provide data, tools, strategies, reports and insights for decision-making. We conduct interviews, surveys, <a href=\"https:\/\/www.sisinternational.com\/it\/soluzioni\/ricerche-di-mercato-con-focus-group\/\" title=\"Focus Group Ricerche di mercato\"  data-wpil-monitor-id=\"9768\">focus groups and many other Market Research<\/a> methods and approaches. Contact us for your <a href=\"https:\/\/www.sisinternational.com\/it\/competenza\/industrie\/ricerche-di-mercato-sulle-tecnologie-di-prossima-generazione\/\" title=\"Ricerche di mercato sulle tecnologie di prossima generazione\"  data-wpil-monitor-id=\"9771\">next Market Research<\/a> project.<\/p>","protected":false},"excerpt":{"rendered":"<p>I CIO guidano l&#039;innovazione e gestiscono il panorama digitale in continua evoluzione. Sono attori fondamentali per il successo delle organizzazioni moderne.<\/p>","protected":false},"author":1,"featured_media":64028,"parent":14514,"menu_order":277,"comment_status":"closed","ping_status":"closed","template":"","meta":{"footnotes":""},"class_list":["post-42596","page","type-page","status-publish","has-post-thumbnail"],"_links":{"self":[{"href":"https:\/\/www.sisinternational.com\/it\/wp-json\/wp\/v2\/pages\/42596","targetHints":{"allow":["GET"]}}],"collection":[{"href":"https:\/\/www.sisinternational.com\/it\/wp-json\/wp\/v2\/pages"}],"about":[{"href":"https:\/\/www.sisinternational.com\/it\/wp-json\/wp\/v2\/types\/page"}],"author":[{"embeddable":true,"href":"https:\/\/www.sisinternational.com\/it\/wp-json\/wp\/v2\/users\/1"}],"replies":[{"embeddable":true,"href":"https:\/\/www.sisinternational.com\/it\/wp-json\/wp\/v2\/comments?post=42596"}],"version-history":[{"count":6,"href":"https:\/\/www.sisinternational.com\/it\/wp-json\/wp\/v2\/pages\/42596\/revisions"}],"predecessor-version":[{"id":81624,"href":"https:\/\/www.sisinternational.com\/it\/wp-json\/wp\/v2\/pages\/42596\/revisions\/81624"}],"up":[{"embeddable":true,"href":"https:\/\/www.sisinternational.com\/it\/wp-json\/wp\/v2\/pages\/14514"}],"wp:featuredmedia":[{"embeddable":true,"href":"https:\/\/www.sisinternational.com\/it\/wp-json\/wp\/v2\/media\/64028"}],"wp:attachment":[{"href":"https:\/\/www.sisinternational.com\/it\/wp-json\/wp\/v2\/media?parent=42596"}],"curies":[{"name":"wp","href":"https:\/\/api.w.org\/{rel}","templated":true}]}}