{"id":42589,"date":"2023-04-29T22:40:41","date_gmt":"2023-04-30T02:40:41","guid":{"rendered":"https:\/\/www.sisinternational.com\/?page_id=42589"},"modified":"2026-01-27T16:48:50","modified_gmt":"2026-01-27T21:48:50","slug":"ricerche-di-mercato-sulle-merci","status":"publish","type":"page","link":"https:\/\/www.sisinternational.com\/it\/competenza\/ricerche-di-mercato-sulle-merci\/","title":{"rendered":"Ricerche di mercato delle merci"},"content":{"rendered":"<h1 class=\"wp-block-heading\">Ricerche di mercato delle merci<\/h1>\n\n\n\n<figure class=\"gb-block-image gb-block-image-11d69482\"><img loading=\"lazy\" decoding=\"async\" width=\"1456\" height=\"816\" class=\"gb-image gb-image-11d69482\" src=\"https:\/\/www.sisinternational.com\/wp-content\/uploads\/2025\/08\/Dropshipping-2.jpg\" alt=\"Ricerca e strategia di mercato internazionale SIS\" title=\"Dropshipping (2)\" srcset=\"https:\/\/www.sisinternational.com\/wp-content\/uploads\/2025\/08\/Dropshipping-2.jpg 1456w, https:\/\/www.sisinternational.com\/wp-content\/uploads\/2025\/08\/Dropshipping-2-300x168.jpg 300w, https:\/\/www.sisinternational.com\/wp-content\/uploads\/2025\/08\/Dropshipping-2-1024x574.jpg 1024w, https:\/\/www.sisinternational.com\/wp-content\/uploads\/2025\/08\/Dropshipping-2-768x430.jpg 768w, https:\/\/www.sisinternational.com\/wp-content\/uploads\/2025\/08\/Dropshipping-2-18x10.jpg 18w\" sizes=\"auto, (max-width: 1456px) 100vw, 1456px\"><\/figure>\n\n\n\n<p><\/p>\n\n\n\n<p>Il mercato cargo era cresciuto in modo significativo anno dopo anno all&#039;inizio del 21\u00b0 secolo. L\u2019economia globale \u00e8 la componente principale di una rapida crescita. I paesi effettuano transazioni tra loro per commerciare con industrie e mercati diversi, come l\u2019industria di produzione, il mercato del lavoro e le materie prime. Il continuo ciclo di domanda e offerta da un paese all\u2019altro \u00e8 reso possibile da modalit\u00e0 efficienti di trasporto merci.<\/p>\n\n\n\n<p>Sono disponibili diversi vettori cargo, dal trasporto aereo al trasporto marittimo, rendendolo un settore di investimento redditizio. Si prevede che il mercato manterr\u00e0 la sua crescita poich\u00e9 la popolazione e la necessit\u00e0 di beni di prima necessit\u00e0 continuano ad aumentare.<\/p>\n\n\n\n<h2 class=\"wp-block-heading\">Presentazione del mercato dei carichi<\/h2>\n\n\n\n<p>Cargo, commonly known as freight, describes the goods and produce hauled from one place to another using different modes of transportation, either by air, water, or land. Cargo carriers are different from passenger carriers and don&#8217;t fall under the same market. Businesses engaged in the cargo <a href=\"https:\/\/www.sisinternational.com\/it\/competenza\/industrie\/ricerche-di-mercato-logistiche-di-terze-parti\/\" title=\"Ricerche di mercato sulla logistica di terze parti\"  data-wpil-monitor-id=\"7591\">market offer logistics<\/a> and supply chain solutions.<\/p>\n\n\n\n<p>The market heavily relies on these cargo carriers and all their consequences. Technically, the cargo <a href=\"https:\/\/www.sisinternational.com\/it\/trasporto-in-ambulanza\/\" title=\"Ricerche di mercato sul trasporto in ambulanza\"  data-wpil-monitor-id=\"6971\">market also falls under the transportation<\/a> industry. However, even as a stand-alone market, it contributes trillions of dollars every year. It is even anticipated to grow twice in the next 10 years.<\/p>\n\n\n\n<h2 class=\"wp-block-heading\">Tipi di vettori di carico<\/h2>\n\n\n\n<p><\/p>\n\n\n\n<p>Il mercato delle merci pu\u00f2 essere suddiviso in tre componenti principali: spedizione merci, trasporto aereo e logistica terrestre. Ogni divisione si concentra sulla modalit\u00e0 di trasporto delle merci coinvolta. Discuteremo ulteriormente ciascun componente di seguito:<\/p>\n\n\n\n<p><strong>Mercato del trasporto merci:<\/strong> La modalit\u00e0 di trasporto prevede l&#039;uso di navi e\/o imbarcazioni. Uno dei vantaggi del trasporto merci \u00e8 la sua capacit\u00e0 di trasportare merci ingombranti che il trasporto terrestre o aereo non \u00e8 in grado di gestire. Il mercato del trasporto marittimo \u00e8 ulteriormente segmentato in diverse tipologie, a seconda della nave utilizzata.<\/p>\n\n\n\n<p>Il suo pi\u00f9 grande svantaggio \u00e8 che \u00e8 pi\u00f9 lento rispetto alle altre modalit\u00e0 di trasporto.<\/p>\n\n\n\n<p><strong>Mercato del trasporto aereo:<\/strong> I vettori aerei commerciali o charter sono ideali per trasportare merci a livello internazionale con le loro spedizioni ad alta velocit\u00e0. Rende il vettore aereo ideale per il trasporto di merci deperibili, come frutta e verdura, e cose di valore, come gioielli e medicine.<\/p>\n\n\n\n<p>Analogamente al trasporto merci, il mercato del trasporto aereo pu\u00f2 essere ulteriormente segmentato. I segmenti includono espresso, trasporto merci e posta.<\/p>\n\n\n\n<p><strong>Mercato dei trasporti terrestri:<\/strong> Il servizio di trasporto pi\u00f9 comune sul mercato. Si rivolge alle distribuzioni pi\u00f9 piccole, come le consegne di cibo, agli ordini all&#039;ingrosso, come un rimorchio per bisarche. Di conseguenza, i veicoli inclusi in questo servizio di trasporto variano in dimensioni, dalle motociclette ai camion.<\/p>\n\n\n\n<p>Tuttavia, questo segmento del mercato cargo pu\u00f2 facilmente rientrare anche nel settore dei trasporti su strada.<\/p>\n\n\n\n<h2 class=\"wp-block-heading\">Importanza delle ricerche di mercato dei carichi<\/h2>\n\n\n\n<p>The cargo <a href=\"https:\/\/www.sisinternational.com\/it\/competenza\/industrie\/ricerche-di-mercato-sui-motel\/\" title=\"Ricerche di mercato sui motel\"  data-wpil-monitor-id=\"3113\">market requires detailed research<\/a> to understand. The said industry relies heavily on economic growth, international trade, government initiatives, and political influences, all of which can be hard to understand and analyze by a layman.<\/p>\n\n\n\n<p>Con la ricerca di mercato cargo, semplificher\u00e0 tutti i dettagli e presenter\u00e0 tutte le informazioni disponibili. Si concentrer\u00e0 sui dati rilevanti, separando quelli non correlati.<\/p>\n\n\n\n<p>Allo stesso tempo, il mercato cargo ha una vasta portata. Gli investitori possono concentrarsi sul segmento specifico, acquisendo informazioni dettagliate sul panorama del mercato e su come i consumatori percepiscono l&#039;immagine del marchio dell&#039;azienda.<\/p>\n\n\n\n<p>Inoltre, la ricerca di mercato del carico pu\u00f2 anche fornire informazioni sul target demografico del settore e sulle attuali strategie di marketing su richiesta, determinare la fattibilit\u00e0 del mercato, ecc.<\/p>\n\n\n\n<p>Tutto sommato, guida gli investitori a compiere un passo di investimento calcolativo verso il mercato cargo.<\/p>\n\n\n\n<h2 class=\"wp-block-heading\">Tendenze e opportunit\u00e0<\/h2>\n\n\n\n<p>Il mercato cargo ha dimostrato la sua resilienza nel corso degli anni. E con l\u2019aumento del commercio elettronico, che influenza una variet\u00e0 di settori, compreso il mercato cargo, si prevede che quest\u2019ultimo manterr\u00e0 la sua crescita.<\/p>\n\n\n\n<p>Tuttavia, ci sono altre tendenze e opportunit\u00e0 da cercare nel mercato cargo. Eccotene alcune:<\/p>\n\n\n\n<ul class=\"wp-block-list\">\n<li><strong>Aumento del settore della vendita al dettaglio:<\/strong> L\u2019e-commerce mantiene il suo progresso positivo nonostante l\u2019economia in continua evoluzione. La domanda, soprattutto nel settore della moda, garantisce il settore cargo con il flusso continuo di consegne da un paese o una citt\u00e0 all\u2019altro.<\/li>\n\n\n\n<li><strong>Miglioramenti e infrastrutture:<\/strong> Un altro fattore critico \u00e8 la creazione di nuovi hub cargo. Questo tipo di infrastrutture sono state spinte dalla crescente domanda di servizi di trasporto, soprattutto da parte dei fornitori. Di conseguenza, influisce sullo sviluppo di migliori sistemi di navigazione, di carichi dedicati per soddisfare merci diverse, di migliori percorsi di consegna e di altri fattori correlati.<\/li>\n\n\n\n<li><strong>Domanda di consegna pi\u00f9 rapida di prodotti farmaceutici:<\/strong> Durante la pandemia, la necessit\u00e0 di fornire immediatamente vaccini, bombole di ossigeno e altri beni medici \u00e8 diventata una priorit\u00e0. Tale servizio di consegna continua ad essere della massima importanza. La maggior parte di queste merci richiedono che il carico adotti misure aggiuntive a causa della sensibilit\u00e0 al tempo, alla temperatura e al valore del medicinale. Un servizio cargo di qualit\u00e0 costante preserva il valore e l&#039;integrit\u00e0 del prodotto medico.<\/li>\n\n\n\n<li><strong>Commercializzazione di veicoli autonomi:<\/strong> Molte case automobilistiche hanno sviluppato veicoli autonomi senza conducente adatti ai servizi di magazzino e logistica.<\/li>\n<\/ul>\n\n\n\n<h2 class=\"wp-block-heading\">Problemi per il mercato dei carichi<\/h2>\n\n\n\n<p>La continua domanda di servizi cargo e le aspettative per strategie pi\u00f9 innovative significano anche che il mercato cargo deve affrontare sfide incessanti, soprattutto per vari vettori.<\/p>\n\n\n\n<p>Comprensibilmente, dal lato degli investimenti, queste sfide devono essere prese in considerazione per evitare decisioni di finanziamento fatali. Alcune di queste sfide sono:<\/p>\n\n\n\n<ul class=\"wp-block-list\">\n<li><strong>Prezzo del picco del petrolio:<\/strong> Con prezzi gonfiati, aumentano le spese operative delle navi mercantili. Per i veicoli, le navi e gli aerei pi\u00f9 grandi, ci\u00f2 significa anche costi pi\u00f9 elevati, poich\u00e9 le imbarcazioni pi\u00f9 grandi comportano un maggiore consumo di petrolio.<\/li>\n\n\n\n<li><strong>Movimentazione del carico:<\/strong> Con l\u2019aumento del numero di consegne e spedizioni, vi \u00e8 un\u2019aspettativa di efficienza nella movimentazione delle merci. Tuttavia, non tutto il personale dei magazzini e dei trasportatori dovrebbe adattarsi immediatamente al cambiamento considerando l\u2019improvviso afflusso di consegne. Esistono possibilit\u00e0 di una cattiva gestione dei pacchi che possono causare resi e commissioni costose sia ai corrieri che ai venditori.<\/li>\n\n\n\n<li><strong>Previsioni meteorologiche avverse:<\/strong> Il meteo influisce sulle condizioni del traffico, causando strade scivolose, acque agitate e voli cancellati. Una previsione meteorologica errata pregiudica la sicurezza del personale addetto alle consegne e l&#039;integrit\u00e0 dei pacchi.<\/li>\n<\/ul>","protected":false},"excerpt":{"rendered":"<p>Il mercato cargo era cresciuto in modo significativo all&#039;inizio del 21\u00b0 secolo. L\u2019economia globale \u00e8 la componente principale di una rapida crescita.<\/p>","protected":false},"author":1,"featured_media":64794,"parent":14514,"menu_order":275,"comment_status":"closed","ping_status":"closed","template":"","meta":{"footnotes":""},"class_list":["post-42589","page","type-page","status-publish","has-post-thumbnail"],"_links":{"self":[{"href":"https:\/\/www.sisinternational.com\/it\/wp-json\/wp\/v2\/pages\/42589","targetHints":{"allow":["GET"]}}],"collection":[{"href":"https:\/\/www.sisinternational.com\/it\/wp-json\/wp\/v2\/pages"}],"about":[{"href":"https:\/\/www.sisinternational.com\/it\/wp-json\/wp\/v2\/types\/page"}],"author":[{"embeddable":true,"href":"https:\/\/www.sisinternational.com\/it\/wp-json\/wp\/v2\/users\/1"}],"replies":[{"embeddable":true,"href":"https:\/\/www.sisinternational.com\/it\/wp-json\/wp\/v2\/comments?post=42589"}],"version-history":[{"count":6,"href":"https:\/\/www.sisinternational.com\/it\/wp-json\/wp\/v2\/pages\/42589\/revisions"}],"predecessor-version":[{"id":81214,"href":"https:\/\/www.sisinternational.com\/it\/wp-json\/wp\/v2\/pages\/42589\/revisions\/81214"}],"up":[{"embeddable":true,"href":"https:\/\/www.sisinternational.com\/it\/wp-json\/wp\/v2\/pages\/14514"}],"wp:featuredmedia":[{"embeddable":true,"href":"https:\/\/www.sisinternational.com\/it\/wp-json\/wp\/v2\/media\/64794"}],"wp:attachment":[{"href":"https:\/\/www.sisinternational.com\/it\/wp-json\/wp\/v2\/media?parent=42589"}],"curies":[{"name":"wp","href":"https:\/\/api.w.org\/{rel}","templated":true}]}}