{"id":42586,"date":"2023-04-29T22:25:09","date_gmt":"2023-04-30T02:25:09","guid":{"rendered":"https:\/\/www.sisinternational.com\/?page_id=42586"},"modified":"2026-03-12T13:28:31","modified_gmt":"2026-03-12T17:28:31","slug":"ricerche-di-mercato-sulle-torte","status":"publish","type":"page","link":"https:\/\/www.sisinternational.com\/it\/soluzioni\/ricerche-di-mercato-nel-settore-delle-bevande-alimentari\/ricerche-di-mercato-sulle-torte\/","title":{"rendered":"Ricerche di mercato sulle torte"},"content":{"rendered":"<h1 class=\"wp-block-heading\">Ricerche di mercato sulle torte<\/h1>\n\n\n\n<figure class=\"gb-block-image gb-block-image-87a748d3\"><img loading=\"lazy\" decoding=\"async\" width=\"1456\" height=\"816\" class=\"gb-image gb-image-87a748d3\" src=\"https:\/\/www.sisinternational.com\/wp-content\/uploads\/2025\/08\/Cake-4.jpg\" alt=\"Ricerca e strategia di mercato internazionale SIS\" title=\"Cake (4)\" srcset=\"https:\/\/www.sisinternational.com\/wp-content\/uploads\/2025\/08\/Cake-4.jpg 1456w, https:\/\/www.sisinternational.com\/wp-content\/uploads\/2025\/08\/Cake-4-300x168.jpg 300w, https:\/\/www.sisinternational.com\/wp-content\/uploads\/2025\/08\/Cake-4-1024x574.jpg 1024w, https:\/\/www.sisinternational.com\/wp-content\/uploads\/2025\/08\/Cake-4-768x430.jpg 768w, https:\/\/www.sisinternational.com\/wp-content\/uploads\/2025\/08\/Cake-4-18x10.jpg 18w\" sizes=\"auto, (max-width: 1456px) 100vw, 1456px\"><\/figure>\n\n\n\n<p><\/p>\n\n\n\n<p>La ricerca di mercato delle torte \u00e8 un processo vitale che fornisce approfondimenti sulla panoramica del mercato delle torte, sul segmento di mercato delle torte, sulle offerte di prodotti del mercato delle torte e sui driver di mercato dell\u2019industria delle torte. Comprendere i dati e le strategie nelle ricerche di mercato delle torte \u00e8 fondamentale affinch\u00e9 gli operatori del settore rimangano competitivi e soddisfino le esigenze in continua evoluzione dei consumatori. Con la crescente domanda di torte di alta qualit\u00e0 e a prezzi accessibili, il mercato delle torte \u00e8 pronto per una crescita e uno sviluppo continui nei prossimi anni.<\/p>\n\n\n\n<h2 class=\"wp-block-heading\">Panoramica del mercato delle torte<\/h2>\n\n\n\n<p>L\u2019industria dei dolci \u00e8 un settore dinamico e in crescita che offre una vasta gamma di prodotti ai consumatori. Il mercato delle torte \u00e8 un mercato altamente competitivo con numerosi attori, che vanno dalle grandi multinazionali ai piccoli panifici locali. Il mercato delle torte \u00e8 guidato dalla crescente domanda di torte di alta qualit\u00e0 e convenienti, disponibili in una variet\u00e0 di gusti e design.<\/p>\n\n\n\n<h2 class=\"wp-block-heading\">Panoramica del Prodotto<\/h2>\n\n\n\n<p>L&#039;offerta di prodotti del mercato delle torte comprende una vasta gamma di torte che soddisfano gusti e preferenze diversi. L&#039;offerta di prodotti nel mercato delle torte comprende torte premium, torte normali e torte economiche. Le torte Premium sono prodotti di fascia alta che offrono sapori e design unici e sofisticati. Le torte normali sono le torte pi\u00f9 comuni ampiamente disponibili sul mercato. Le torte economiche sono prodotti a basso costo accessibili a una gamma pi\u00f9 ampia di consumatori. Le offerte di prodotti del mercato delle torte variano in base al segmento di mercato delle torte e al pubblico di destinazione.<\/p>\n\n\n\n<p>I driver del mercato dell\u2019industria delle torte sono fattori che influenzano la crescita e lo sviluppo del mercato delle torte.<\/p>\n\n\n\n<h2 class=\"wp-block-heading\">Segmento del mercato delle torte<\/h2>\n\n\n\n<p>Segmenting the industry is an essential aspect of cake market research. The cake market is segmented based on the type of cake, the occasion, and the distribution channel. The type of cake includes sponge cakes, cheesecakes, fruit cakes, and others. The occasion includes birthdays, weddings, festivals, and others. The distribution channel includes supermarkets, hypermarkets, online stores, and others. <a href=\"https:\/\/www.sisinternational.com\/it\/sis-case-study-sugli-approfondimenti-sui-negozi-in-tutto-il-mondo\/\" title=\"In-Store Shopper Insights: caso di studio di ricerche di mercato\"  data-wpil-monitor-id=\"9733\">Market research provides insights<\/a> into the various market segments that way, industry players can tailor their products and marketing strategies to meet the needs of specific target audiences.<\/p>\n\n\n\n<h2 class=\"wp-block-heading\">Driver di settore<\/h2>\n\n\n\n<figure class=\"gb-block-image gb-block-image-c3b6ba03\"><img loading=\"lazy\" decoding=\"async\" width=\"1456\" height=\"816\" class=\"gb-image gb-image-c3b6ba03\" src=\"https:\/\/www.sisinternational.com\/wp-content\/uploads\/2025\/08\/Cake-1.jpg\" alt=\"Ricerca e strategia di mercato internazionale SIS\" title=\"Cake (1)\" srcset=\"https:\/\/www.sisinternational.com\/wp-content\/uploads\/2025\/08\/Cake-1.jpg 1456w, https:\/\/www.sisinternational.com\/wp-content\/uploads\/2025\/08\/Cake-1-300x168.jpg 300w, https:\/\/www.sisinternational.com\/wp-content\/uploads\/2025\/08\/Cake-1-1024x574.jpg 1024w, https:\/\/www.sisinternational.com\/wp-content\/uploads\/2025\/08\/Cake-1-768x430.jpg 768w, https:\/\/www.sisinternational.com\/wp-content\/uploads\/2025\/08\/Cake-1-18x10.jpg 18w\" sizes=\"auto, (max-width: 1456px) 100vw, 1456px\"><\/figure>\n\n\n\n<p><\/p>\n\n\n\n<h3 class=\"wp-block-heading\">La ricerca di mercato fornisce approfondimenti sui driver di mercato del settore delle torte che includono ma non sono limitati a quanto segue:<\/h3>\n\n\n\n<ul class=\"wp-block-list\">\n<li>Crescente domanda di torte. L\u2019aumento della popolazione, l\u2019urbanizzazione e la crescente consapevolezza delle torte come forma di indulgenza stanno spingendo la domanda di torte.<\/li>\n\n\n\n<li>Cambiare le preferenze dei consumatori. I consumatori richiedono opzioni di torte pi\u00f9 sane, sapori unici e innovativi e torte personalizzate che soddisfino i loro gusti e preferenze individuali.<\/li>\n\n\n\n<li>Aumento del reddito disponibile. Con l\u2019aumento del reddito disponibile, i consumatori sono pi\u00f9 disposti a spendere in torte premium e prodotti di fascia alta.<\/li>\n\n\n\n<li>Technological advancements. The cake industry is leveraging advanced equipment, software, and <a href=\"https:\/\/www.sisinternational.com\/it\/competenza\/industrie\/consulenza-strategica-per-ricerche-di-mercato-sullidentita-digitale\/\" title=\"Ricerche di mercato e consulenza strategica sull&#039;identit\u00e0 digitale\"  data-wpil-monitor-id=\"9729\">digital marketing strategies<\/a> to improve the quality of cakes and reach a wider audience.<\/li>\n\n\n\n<li>Spostamento verso le vendite online. C&#039;\u00e8 una tendenza crescente verso la vendita online di torte, poich\u00e9 i consumatori cercano sempre pi\u00f9 la comodit\u00e0 di fare acquisti da casa e di ricevere gli ordini tramite servizi di consegna.<\/li>\n\n\n\n<li><a href=\"https:\/\/www.sisinternational.com\/it\/soluzioni\/soluzioni-di-branding-e-ricerca-clienti\/cose-linfluencer-marketing\/\" title=\"Cos\u2019\u00e8 l\u2019Influencer Marketing? Social media marketing?\"  data-wpil-monitor-id=\"9731\">Influence of social media<\/a>. Social media channels are playing an increasingly important role in shaping consumer preferences and driving demand for cakes through the sharing of cake-related content, reviews, and recommendations.<\/li>\n\n\n\n<li>Crescente concorrenza. L\u2019industria delle torte sta diventando altamente competitiva, con nuove imprese che entrano nel mercato e quelle consolidate che cercano di differenziarsi attraverso prodotti innovativi, strategie di marketing ed esperienze dei clienti.<\/li>\n<\/ul>\n\n\n\n<h2 class=\"wp-block-heading\">Metodologie<\/h2>\n\n\n\n<p>Esistono diverse metodologie di ricerca che possono essere utilizzate quando si conducono ricerche di mercato sulle torte. Metodi quantitativi e qualitativi sono inclusi in queste procedure di ricerca.<\/p>\n\n\n\n<h3 class=\"wp-block-heading\">Ecco cinque metodologie di ricerca rilevanti per l\u2019industria delle torte, insieme ad esempi:<\/h3>\n\n\n\n<ol class=\"wp-block-list\">\n<li>Using questionnaires to capture data and strategies in cake market research from a sample of individuals, surveys are a <a href=\"https:\/\/www.sisinternational.com\/it\/quantitative-market-research-methods-and-techniques\/\" title=\"Quantitative Market Research Methods and Techniques\"  data-wpil-monitor-id=\"9724\">quantitative research method<\/a>. In the cake industry, surveys can be used to collect data on consumer preferences, purchasing patterns, and product satisfaction. For instance, a survey can be conducted to determine which variety of cake is the most well-liked among consumers in a particular region.<\/li>\n\n\n\n<li>Data analysis is a quantitative <a href=\"https:\/\/www.sisinternational.com\/it\/b2b-market-research-strategies-and-techniques\/\" title=\"B2B Market Research Strategies and Techniques\"  data-wpil-monitor-id=\"9727\">research strategy that employs statistical techniques<\/a> to analyze numerical data. In the cake industry, data analysis can be used to comprehend sales trends, consumer behavior, and other crucial market metrics. For instance, data analysis can be used to determine the most popular cake flavors among consumers in a particular region.<\/li>\n\n\n\n<li>Interviews are a <a href=\"https:\/\/www.sisinternational.com\/it\/sampling-techniques-in-qualitative-research-the-complete-guide-to-choosing-the-right-method\/\" title=\"Sampling Techniques in Qualitative Research: The Complete Guide to Choosing the Right Method\"  data-wpil-monitor-id=\"9725\">qualitative research method<\/a> involving one-on-one conversations between a researcher and a participant. In the cake industry, interviews can be used to gain a deeper knowledge of consumer behavior, purchasing preferences, and opinions regarding various cake products. For instance, professional cake decorators can be interviewed to gain insight into their perspectives on the latest cake industry trends.<\/li>\n\n\n\n<li>Another qualitative research method that can be used is utilizing focus groups, where a group of people is gathered to discuss their opinions, attitudes, and experiences regarding a specific cake product. <a href=\"https:\/\/www.sisinternational.com\/it\/focus-groups-that-deliver-real-voices-real-insight-real-advantage\/\" title=\"Focus Groups That Deliver Real Voices, Real Insight, Real Advantage\"  data-wpil-monitor-id=\"9736\">Focus group<\/a> can be utilized in the cake industry to gain insight into consumer preferences, flavors, and opinions regarding specific cake products. For instance, a focus group can be used to determine why gluten-free pastries are becoming increasingly popular among consumers.<\/li>\n\n\n\n<li>Le osservazioni sono un metodo di ricerca qualitativo che prevede l&#039;osservazione e la registrazione del comportamento nel suo ambiente naturale. Le osservazioni possono essere utilizzate nel settore delle torte per comprendere il comportamento e le preferenze dei consumatori in una panetteria o in una pasticceria. Le osservazioni possono essere utilizzate, ad esempio, per determinare come i clienti interagiscono con i vari prodotti di pasticceria in una panetteria o in una pasticceria.<\/li>\n<\/ol>\n\n\n\n<p>Combinando questi metodi, i principali attori e leader del settore delle torte possono ottenere dati e strategie nelle ricerche di mercato delle torte che possono fornire preziose informazioni sul comportamento dei consumatori, sulle preferenze e sulle dinamiche di mercato.<\/p>\n\n\n\n<h2 class=\"wp-block-heading\">Informazioni sulle ricerche di mercato delle torte<\/h2>\n\n\n\n<figure class=\"gb-block-image gb-block-image-fe41981b\"><img loading=\"lazy\" decoding=\"async\" width=\"1456\" height=\"816\" class=\"gb-image gb-image-fe41981b\" src=\"https:\/\/www.sisinternational.com\/wp-content\/uploads\/2025\/08\/Cake-3.jpg\" alt=\"Ricerca e strategia di mercato internazionale SIS\" title=\"Cake (3)\" srcset=\"https:\/\/www.sisinternational.com\/wp-content\/uploads\/2025\/08\/Cake-3.jpg 1456w, https:\/\/www.sisinternational.com\/wp-content\/uploads\/2025\/08\/Cake-3-300x168.jpg 300w, https:\/\/www.sisinternational.com\/wp-content\/uploads\/2025\/08\/Cake-3-1024x574.jpg 1024w, https:\/\/www.sisinternational.com\/wp-content\/uploads\/2025\/08\/Cake-3-768x430.jpg 768w, https:\/\/www.sisinternational.com\/wp-content\/uploads\/2025\/08\/Cake-3-18x10.jpg 18w\" sizes=\"auto, (max-width: 1456px) 100vw, 1456px\"><\/figure>\n\n\n\n<p><\/p>\n\n\n\n<p>Cake market research can benefit various stakeholders in the cake industry, including cake manufacturers, cake suppliers, cake retailers, and consumers. <a href=\"https:\/\/www.sisinternational.com\/it\/competenza\/industrie\/ricerche-di-mercato-sulla-produzione-di-bevande-alimentari\/\" title=\"Ricerche di mercato sulla produzione di alimenti e bevande\"  data-wpil-monitor-id=\"9726\">Market research provides insights so manufacturers<\/a> and suppliers can gain better understanding into consumer preferences, trends, and behaviors to develop new products that meet the evolving needs of the market. Retailers can use <a href=\"https:\/\/www.sisinternational.com\/it\/sconti-presso-rivenditori-super-lusso\/\" title=\"Sconti presso i rivenditori di lusso\"  data-wpil-monitor-id=\"2104\">market research to improve their marketing strategies<\/a> and product offerings to attract and retain customers. For consumers, market research can help to ensure that they have access to high-quality and affordable cake products that meet their preferences and needs.<\/p>\n\n\n\n<p>Ultimately, the benefits of cake <a href=\"https:\/\/www.sisinternational.com\/it\/non-profit-market-research\/\" title=\"Ricerche di mercato senza scopo di lucro\"  data-wpil-monitor-id=\"1011\">market research include increased profitability<\/a>, improved customer satisfaction, and a better understanding of the market dynamics, which can help to inform decision-making and drive growth in the cake industry.<\/p>","protected":false},"excerpt":{"rendered":"<p>Con la crescente domanda di torte di alta qualit\u00e0 e a prezzi accessibili, il mercato delle torte \u00e8 destinato a una maggiore crescita e sviluppo nei prossimi anni.<\/p>","protected":false},"author":1,"featured_media":63933,"parent":22018,"menu_order":274,"comment_status":"closed","ping_status":"closed","template":"","meta":{"footnotes":""},"class_list":["post-42586","page","type-page","status-publish","has-post-thumbnail"],"_links":{"self":[{"href":"https:\/\/www.sisinternational.com\/it\/wp-json\/wp\/v2\/pages\/42586","targetHints":{"allow":["GET"]}}],"collection":[{"href":"https:\/\/www.sisinternational.com\/it\/wp-json\/wp\/v2\/pages"}],"about":[{"href":"https:\/\/www.sisinternational.com\/it\/wp-json\/wp\/v2\/types\/page"}],"author":[{"embeddable":true,"href":"https:\/\/www.sisinternational.com\/it\/wp-json\/wp\/v2\/users\/1"}],"replies":[{"embeddable":true,"href":"https:\/\/www.sisinternational.com\/it\/wp-json\/wp\/v2\/comments?post=42586"}],"version-history":[{"count":6,"href":"https:\/\/www.sisinternational.com\/it\/wp-json\/wp\/v2\/pages\/42586\/revisions"}],"predecessor-version":[{"id":81620,"href":"https:\/\/www.sisinternational.com\/it\/wp-json\/wp\/v2\/pages\/42586\/revisions\/81620"}],"up":[{"embeddable":true,"href":"https:\/\/www.sisinternational.com\/it\/wp-json\/wp\/v2\/pages\/22018"}],"wp:featuredmedia":[{"embeddable":true,"href":"https:\/\/www.sisinternational.com\/it\/wp-json\/wp\/v2\/media\/63933"}],"wp:attachment":[{"href":"https:\/\/www.sisinternational.com\/it\/wp-json\/wp\/v2\/media?parent=42586"}],"curies":[{"name":"wp","href":"https:\/\/api.w.org\/{rel}","templated":true}]}}