{"id":42582,"date":"2023-04-29T19:07:03","date_gmt":"2023-04-29T23:07:03","guid":{"rendered":"https:\/\/www.sisinternational.com\/?page_id=42582"},"modified":"2026-03-12T20:01:04","modified_gmt":"2026-03-13T00:01:04","slug":"ricerche-di-mercato-sulla-misurazione-del-marchio","status":"publish","type":"page","link":"https:\/\/www.sisinternational.com\/it\/soluzioni\/soluzioni-di-branding-e-ricerca-clienti\/ricerche-di-mercato-sulla-misurazione-del-marchio\/","title":{"rendered":"Ricerche di mercato sulla misurazione del marchio"},"content":{"rendered":"<h1 class=\"wp-block-heading\">Ricerche di mercato sulla misurazione del marchio<\/h1>\n\n\n\n<figure class=\"gb-block-image gb-block-image-81ad583d\"><img loading=\"lazy\" decoding=\"async\" width=\"1456\" height=\"816\" class=\"gb-image gb-image-81ad583d\" src=\"https:\/\/www.sisinternational.com\/wp-content\/uploads\/2025\/09\/Branding-2.jpg\" alt=\"Ricerca e strategia di mercato internazionale SIS\" title=\"Branding (2)\" srcset=\"https:\/\/www.sisinternational.com\/wp-content\/uploads\/2025\/09\/Branding-2.jpg 1456w, https:\/\/www.sisinternational.com\/wp-content\/uploads\/2025\/09\/Branding-2-300x168.jpg 300w, https:\/\/www.sisinternational.com\/wp-content\/uploads\/2025\/09\/Branding-2-1024x574.jpg 1024w, https:\/\/www.sisinternational.com\/wp-content\/uploads\/2025\/09\/Branding-2-768x430.jpg 768w, https:\/\/www.sisinternational.com\/wp-content\/uploads\/2025\/09\/Branding-2-18x10.jpg 18w\" sizes=\"auto, (max-width: 1456px) 100vw, 1456px\"><\/figure>\n\n\n\n<p><\/p>\n\n\n\n<p>In today&#8217;s fiercely competitive business world, comprehending and enhancing brand performance is essential. Brand measurement market research assesses branding effectiveness and identifies improvement opportunities.<\/p>\n\n\n\n<p>That\u2019s why brand measurement market research is key to making data-driven decisions and empowering organizations to enhance brand perception and foster customer loyalty, which drives business growth.<\/p>\n\n\n\n<h2 class=\"wp-block-heading\">Importanza delle ricerche di mercato sulla misurazione del marchio nel mercato competitivo di oggi<\/h2>\n\n\n\n<p>In a crowded marketplace where multiple brands compete for consumers&#8217; attention, measuring brand awareness and visibility is critical. By conducting <a href=\"https:\/\/www.sisinternational.com\/it\/garantire-che-i-clienti-ricordino-il-tuo-messaggio\/\" title=\"Ricerche di mercato sull&#039;attivazione del marchio\"  data-wpil-monitor-id=\"2280\">ricerche di mercato sulla misurazione del marchio<\/a>, businesses can identify gaps in awareness. This helps them develop targeted marketing campaigns and outreach strategies that increase visibility and attract potential customers.<\/p>\n\n\n\n<p>Additionally, people&#8217;s prior experiences with certain brands may strongly shape how they make future purchasing choices. <a href=\"https:\/\/www.sisinternational.com\/it\/soluzioni\/soluzioni-di-branding-e-ricerca-clienti\/ricerche-di-mercato-sulla-differenziazione-del-marchio\/\" title=\"Ricerche di mercato sulla differenziazione del marchio\"  data-wpil-monitor-id=\"2851\">Brand measurement market research<\/a> assists organizations in measuring consumer perceptions and associations towards their brand. Through this process, they are able to recognize both positive aspects and areas that require improvement, which will help refine the organization&#8217;s overall branding position.<\/p>\n\n\n\n<p>Attraverso <a href=\"https:\/\/www.sisinternational.com\/it\/competenza\/industrie\/ricerche-di-mercato-per-marchi-in-invecchiamento\/\" title=\"Ricerche di mercato per marchi invecchiati\"  data-wpil-monitor-id=\"3706\">ricerche di mercato sulla misurazione del marchio<\/a> businesses can evaluate their brand equity and analyze the monetary effects of their branding activities. This assists in making informed decisions regarding resource allocation and strategic planning.<\/p>\n\n\n\n<h2 class=\"wp-block-heading\">Comprendere le ricerche di mercato sulla misurazione del marchio<\/h2>\n\n\n\n<p><a href=\"https:\/\/www.sisinternational.com\/it\/competenza\/industrie\/ricerca-di-mercato-del-marchio\/\" title=\"Ricerche di mercato sui marchi\"  data-wpil-monitor-id=\"6733\">Brand measurement market research<\/a> is the process of gathering information to enhance brand performance. By analyzing different components associated with branding, such as awareness, perception, loyalty, and equity, businesses can obtain significant knowledge that improves their branding and increases business growth.<\/p>\n\n\n\n<h3 class=\"wp-block-heading\">Gli elementi chiave per comprendere appieno la ricerca di mercato sulla misurazione del marchio includono:<\/h3>\n\n\n\n<ul class=\"wp-block-list\">\n<li><strong>Consapevolezza del marchio:<\/strong> Brand measurement <a href=\"https:\/\/www.sisinternational.com\/it\/soluzioni\/ai-ricerche-di-mercato-e-consulenza-strategica\/ricerca-di-mercato-sul-riconoscimento-facciale\/\" title=\"Ricerca di mercato sul riconoscimento facciale\"  data-wpil-monitor-id=\"2023\">market research can measure the brand&#8217;s recognition<\/a> by consumers since it studies the impact of customer preference and purchase decision-making processes directly.<\/li>\n\n\n\n<li><strong>Fedelt\u00e0 alla marca:<\/strong> <a href=\"https:\/\/www.sisinternational.com\/it\/sis-ricerca-del-marchio-e-fidelizzazione-del-cliente\/\" title=\"Ricerche di mercato sui marchi e fidelizzazione dei clienti\"  data-wpil-monitor-id=\"2492\">Brand measurement market research<\/a> evaluates the probability of customers remaining loyal to a particular brand despite having other options available. Analyzing <a href=\"https:\/\/www.sisinternational.com\/it\/creando-un-marchio-globale-per-la-cina\/\" title=\"Costruire marchi cinesi\"  data-wpil-monitor-id=\"3663\">brand<\/a> loyalty enables businesses to identify the contributing factors of customer retention and create plans for building lasting connections.<\/li>\n\n\n\n<li><strong>Equit\u00e0 di marca:<\/strong> Descrive quanto valore esiste in un dato articolo con marchio se visto da diverse angolazioni. Conducendo ricerche di mercato sulla misurazione del marchio, le organizzazioni possono determinare il valore del proprio marchio per prendere decisioni sulla pianificazione strategica.<\/li>\n<\/ul>\n\n\n\n<h2 class=\"wp-block-heading\">Opportunities and Benefits of Brand Measurement Market Research<\/h2>\n\n\n\n<figure class=\"wp-block-image\"><img decoding=\"async\" src=\"https:\/\/www.sisinternational.com\/wp-content\/uploads\/2024\/09\/pexels-enginakyurt-1437318.jpg\" alt=\"Ricerca e strategia di mercato internazionale SIS\" class=\"wp-image-53276\"><\/figure>\n\n\n\n<p><\/p>\n\n\n\n<p>To understand and optimize their brand performance effectively. Businesses should consider utilizing the benefits offered by <a href=\"https:\/\/www.sisinternational.com\/it\/competenza\/industrie\/ricerche-di-mercato-sulle-utilities\/\" title=\"Ricerche di mercato sulle utilities\"  data-wpil-monitor-id=\"4019\">ricerche di mercato sulla misurazione del marchio<\/a>. Some of the opportunities and benefits are as follows:<\/p>\n\n\n\n<ul class=\"wp-block-list\">\n<li><strong>Analisi competitiva:<\/strong> Conducendo ricerche di mercato sulla misurazione del marchio, le aziende possono valutare le loro prestazioni rispetto alla concorrenza. L&#039;acquisizione di informazioni preziose attraverso questo processo aiuta a comprendere il posizionamento sul mercato e consente l&#039;identificazione di aree che necessitano di miglioramenti o che presentano potenziali opportunit\u00e0 di differenziazione.<\/li>\n\n\n\n<li><strong>Percezione del cliente e analisi del sentiment:<\/strong> Developing successful branding strategies relies heavily on understanding customer perceptions of the company\u2019s products or services. Thus, conducting market research makes tailoring messaging and product offerings according to customer feedback easier and provides businesses with important insights into what customers want.<\/li>\n\n\n\n<li><span style=\"box-sizing: border-box; margin: 0px; padding: 0px;\"><strong>Tieni traccia della salute del marchio:<\/strong> The general health of a business&#8217; brands, including its attributes like customer loyalty and satisfaction, along with its branding equity, can be monitored through regular measurement processes.<\/span><\/li>\n\n\n\n<li><strong>Identificare i segmenti di clientela:<\/strong> By conducting brand measurement research, businesses can pinpoint their most significant customer segments and gain insight into their unique requirements and preferences. This information enables the creation of specific advertising methods and personalization of consumer engagement.<\/li>\n\n\n\n<li><strong>Ottimizza le offerte di prodotti:<\/strong> L&#039;analisi di come i clienti percepiscono il prodotto\/servizio di un&#039;azienda consente alle aziende di valutare i difetti e migliorare ci\u00f2 che offrono, risultando in clienti pi\u00f9 felici che rimangono fedeli.<\/li>\n\n\n\n<li><strong>Supportare il processo decisionale:<\/strong> Market research&#8217;s ability to obtain data-driven insights can help businesses make informed decisions about various aspects, including, but not limited to, product development, pricing strategies, or even marketing\/communication planning.<\/li>\n\n\n\n<li><strong>Misurare il ROI:<\/strong> Per valutare il ritorno sull&#039;investimento (ROI) delle proprie attivit\u00e0 di marketing e apportare le modifiche necessarie, le aziende devono valutare in che modo gli sforzi di branding influenzano il comportamento dei consumatori e le vendite.<\/li>\n\n\n\n<li><strong>Rafforzare la fedelt\u00e0 al marchio:<\/strong> Understanding the factors contributing to brand loyalty enables businesses to develop effective strategies for fostering customer loyalty.<\/li>\n<\/ul>\n\n\n\n<h2 class=\"wp-block-heading\">Sfide e limiti<\/h2>\n\n\n\n<p>Sebbene la ricerca di mercato sulla misurazione del marchio offra numerosi vantaggi e opportunit\u00e0, comporta anche sfide e limitazioni che le aziende devono considerare:<\/p>\n\n\n\n<ul class=\"wp-block-list\">\n<li><strong>Soggettivit\u00e0:<\/strong> L&#039;esperienza personale e i valori influenzano il modo in cui gli individui interpretano i marchi, portando alla soggettivit\u00e0 nella percezione del marchio. La soggettivit\u00e0 pu\u00f2 ostacolare l\u2019ottenimento di misurazioni coerenti e affidabili.<\/li>\n\n\n\n<li><strong>Costi e dispendiosi in termini di tempo:<\/strong> Una ricerca completa sulla misurazione del marchio richiede spesso risorse significative come investimenti finanziari e personale qualificato. Assegnare finanziamenti e manodopera adeguati richiesti da tali sforzi pu\u00f2 rivelarsi difficile, soprattutto per le imprese pi\u00f9 piccole.<\/li>\n\n\n\n<li><strong>Difficolt\u00e0 nell&#039;isolare le variabili:<\/strong> I marchi spesso operano in ambienti dinamici con numerosi fattori esterni che possono influenzare la percezione dei consumatori come le condizioni economiche o le attivit\u00e0 della concorrenza. Isolare l\u2019impatto di specifici sforzi di branding da questi fattori esterni pu\u00f2 essere difficile.<\/li>\n\n\n\n<li><strong>Tendenze del mercato in rapida evoluzione:<\/strong> Fast-paced changes in consumers&#8217; preferences and market trends can render previous branding metrics useless. Sustaining relevant perspectives could require persistent research endeavors.<\/li>\n\n\n\n<li><strong>Precisione e affidabilit\u00e0 dei dati:<\/strong> Errori di campionamento o distorsioni della risposta possono influire sull\u2019accuratezza e sull\u2019affidabilit\u00e0 della ricerca sulla misurazione del marchio.<\/li>\n\n\n\n<li><strong>Difficolt\u00e0 nel misurare gli effetti a lungo termine:<\/strong> Le misurazioni del marchio si concentrano comunemente sulle prestazioni a breve termine come indicatore chiave. Misurare gli effetti degli sforzi di branding sulla fidelizzazione e sul sostegno dei clienti nel tempo pu\u00f2 essere difficile.<\/li>\n\n\n\n<li><strong>Preoccupazioni e normative sulla privacy:<\/strong> Brand measurement research that involves gathering consumer data should consider privacy concerns and adhere to relevant data protection regulations like GDPR. It is important to follow the given rules strictly to prevent any legal or financial issues.<\/li>\n\n\n\n<li><strong>Attuabilit\u00e0 degli insight:<\/strong> Sebbene condurre uno studio sulla misurazione del marchio possa fornire alle aziende importanti insegnamenti, queste potrebbero incontrare difficolt\u00e0 nel tentativo di implementare questi apprendimenti come piani attuabili, il che potrebbe portare a un uso inefficace di tali studi.<\/li>\n<\/ul>\n\n\n\n<h2 class=\"wp-block-heading\">How SIS International\u2019s Brand Measurement Market Research Helps Businesses<\/h2>\n\n\n\n<figure class=\"wp-block-image\"><img decoding=\"async\" src=\"https:\/\/www.sisinternational.com\/wp-content\/uploads\/2024\/07\/Brand-awareness-market-research.jpg\" alt=\"Ricerca e strategia di mercato internazionale SIS\" class=\"wp-image-52718\"><\/figure>\n\n\n\n<p><\/p>\n\n\n\n<p>A <a href=\"https:\/\/www.linkedin.com\/company\/sisinternationalresearch\/\" target=\"_blank\" rel=\"noopener\"><span style=\"font-weight: 400;\">SIS Internazionale<\/span><\/a>, our brand measurement market research services are designed to empower businesses with the insights they need to build and sustain strong, competitive brands in the global marketplace. Here\u2019s how our brand measurement market research&nbsp;helps businesses achieve their goals:<\/p>\n\n\n\n<ul class=\"wp-block-list\">\n<li><strong>In-Depth Brand Analysis<\/strong>\n<ul class=\"wp-block-list\">\n<li><strong>We conduct<\/strong> thorough evaluations of your brand\u2019s current market position, identifying strengths, weaknesses, opportunities, and threats.<\/li>\n\n\n\n<li><strong>Le nostre ricerche di mercato<\/strong> utilizes both qualitative and quantitative data to provide a holistic view of your brand\u2019s performance.<\/li>\n\n\n\n<li><strong>Our team delivers<\/strong> detailed reports that highlight key metrics such as brand awareness, brand perception, and brand loyalty.<\/li>\n<\/ul>\n<\/li>\n\n\n\n<li><strong>Benchmarking competitivo<\/strong>\n<ul class=\"wp-block-list\">\n<li><strong>SIS does<\/strong> comparative analysis to measure your brand against industry competitors, identifying areas where you excel and where improvement is needed.<\/li>\n\n\n\n<li><strong>Nostro <\/strong><a href=\"https:\/\/www.sisinternational.com\/it\/giornata-mondiale-sullautismo\/\" title=\"Studi di ricerche di mercato sull\u2019autismo\" data-wpil-monitor-id=\"7441\">market research includes benchmarking studies<\/a> that track your brand\u2019s performance over time relative to key competitors.<\/li>\n\n\n\n<li><strong>We conduct<\/strong> assessments that reveal competitive advantages and potential threats, enabling strategic decision-making.<\/li>\n<\/ul>\n<\/li>\n\n\n\n<li><strong>Approfondimenti e segmentazione dei clienti<\/strong>\n<ul class=\"wp-block-list\">\n<li><strong>Our team delivers<\/strong> comprehensive customer insights by analyzing demographic, psychographic, and behavioral data.<\/li>\n\n\n\n<li><strong>We conduct<\/strong> segmentation studies to identify distinct customer groups, allowing for targeted brand measurement market research.<\/li>\n\n\n\n<li><strong>Le nostre ricerche di mercato<\/strong> helps businesses understand the unique needs and preferences of different customer segments, enhancing personalized marketing efforts.<\/li>\n<\/ul>\n<\/li>\n\n\n\n<li><strong>Brand Equity Measurement<\/strong>\n<ul class=\"wp-block-list\">\n<li><strong>SIS does<\/strong> assess the value of your brand through metrics such as brand equity, which includes brand loyalty, brand associations, and perceived quality.<\/li>\n\n\n\n<li><strong>Le nostre ricerche di mercato<\/strong> employs advanced techniques to quantify the intangible assets of your brand, providing a clear picture of its market value.<\/li>\n\n\n\n<li><strong>We conduct<\/strong> longitudinal studies to track changes in brand equity over time, helping businesses measure the impact of their branding strategies.<\/li>\n<\/ul>\n<\/li>\n\n\n\n<li><strong>Analisi delle tendenze del mercato<\/strong>\n<ul class=\"wp-block-list\">\n<li><strong>Le nostre ricerche di mercato<\/strong> monitors emerging trends and shifts in consumer behavior that influence brand performance.<\/li>\n\n\n\n<li><strong>We conduct<\/strong> trend analyses to anticipate future market conditions, allowing businesses to proactively adjust their brand strategies.<\/li>\n\n\n\n<li><strong>Our team delivers<\/strong> actionable insights on how to align your brand with current and future market trends, ensuring relevance and competitiveness.<\/li>\n<\/ul>\n<\/li>\n\n\n\n<li><strong>Brand Health Tracking<\/strong>\n<ul class=\"wp-block-list\">\n<li><strong>SIS does<\/strong> continuous monitoring of your brand\u2019s health through regular surveys and feedback mechanisms.<\/li>\n\n\n\n<li><strong>Le nostre ricerche di mercato<\/strong> provides real-time data on key performance indicators such as customer satisfaction, brand recall, and net promoter scores (NPS).<\/li>\n\n\n\n<li><strong>We conduct<\/strong> ongoing assessments to identify potential issues early, enabling timely interventions to maintain brand health.<\/li>\n<\/ul>\n<\/li>\n\n\n\n<li><strong>Raccomandazioni strategiche<\/strong>\n<ul class=\"wp-block-list\">\n<li><strong>Our team delivers<\/strong> expert recommendations based on brand measurement market research\u00a0findings, <a href=\"https:\/\/www.sisinternational.com\/it\/brand-audit-in-new-york-the-complete-guide-to-strengthening-your-brand\/\" title=\"Brand Audit in New York: The Complete Guide to Strengthening Your Brand\" data-wpil-monitor-id=\"1379\">guiding strategic initiatives to strengthen your brand<\/a>.<\/li>\n\n\n\n<li><strong>We conduct<\/strong> workshops and strategy sessions to help businesses implement data-driven branding strategies effectively.<\/li>\n\n\n\n<li><strong>Le nostre ricerche di mercato<\/strong> supports the development of innovative branding campaigns that resonate with target audiences and drive business growth.<\/li>\n<\/ul>\n<\/li>\n\n\n\n<li><strong>Customized Reporting and Visualization<\/strong>\n<ul class=\"wp-block-list\">\n<li><strong>SIS does<\/strong> provide tailored reports that present brand measurement market research\u00a0data in a clear and actionable format.<\/li>\n\n\n\n<li><strong>Le nostre ricerche di mercato<\/strong> includes intuitive visualizations such as dashboards and infographics, making complex data easily understandable for stakeholders.<\/li>\n\n\n\n<li><strong>We conduct<\/strong> presentations and briefings to ensure that key insights are effectively communicated and integrated into your business strategies.<\/li>\n<\/ul>\n<\/li>\n<\/ul>\n\n\n\n<h2 class=\"wp-block-heading\"><strong>A proposito di SIS Internazionale<\/strong><\/h2>\n\n\n\n<p><a href=\"https:\/\/www.sisinternational.com\/it\/\"><span style=\"font-weight: 400;\">SIS Internazionale<\/span><\/a><span style=\"font-weight: 400;\"> offre ricerca quantitativa, qualitativa e strategica. Forniamo dati, strumenti, strategie, report e approfondimenti per il processo decisionale. Conduciamo anche interviste, sondaggi, focus group e altri metodi e approcci di ricerca di mercato.<\/span><a href=\"https:\/\/www.sisinternational.com\/it\/sulla-sua-ricerca-internazionale\/contact-sis-international-market-research\/\"><span style=\"font-weight: 400;\"> Contattaci<\/span><\/a><span style=\"font-weight: 400;\"> per il tuo prossimo progetto di ricerca di mercato.<\/span><\/p>","protected":false},"excerpt":{"rendered":"<p>La ricerca di mercato sulla misurazione del marchio \u00e8 fondamentale per migliorare la percezione del marchio e favorire la fedelt\u00e0 dei clienti per favorire la crescita del business.<\/p>","protected":false},"author":1,"featured_media":69131,"parent":14650,"menu_order":273,"comment_status":"closed","ping_status":"closed","template":"","meta":{"footnotes":""},"class_list":["post-42582","page","type-page","status-publish","has-post-thumbnail"],"_links":{"self":[{"href":"https:\/\/www.sisinternational.com\/it\/wp-json\/wp\/v2\/pages\/42582","targetHints":{"allow":["GET"]}}],"collection":[{"href":"https:\/\/www.sisinternational.com\/it\/wp-json\/wp\/v2\/pages"}],"about":[{"href":"https:\/\/www.sisinternational.com\/it\/wp-json\/wp\/v2\/types\/page"}],"author":[{"embeddable":true,"href":"https:\/\/www.sisinternational.com\/it\/wp-json\/wp\/v2\/users\/1"}],"replies":[{"embeddable":true,"href":"https:\/\/www.sisinternational.com\/it\/wp-json\/wp\/v2\/comments?post=42582"}],"version-history":[{"count":14,"href":"https:\/\/www.sisinternational.com\/it\/wp-json\/wp\/v2\/pages\/42582\/revisions"}],"predecessor-version":[{"id":81072,"href":"https:\/\/www.sisinternational.com\/it\/wp-json\/wp\/v2\/pages\/42582\/revisions\/81072"}],"up":[{"embeddable":true,"href":"https:\/\/www.sisinternational.com\/it\/wp-json\/wp\/v2\/pages\/14650"}],"wp:featuredmedia":[{"embeddable":true,"href":"https:\/\/www.sisinternational.com\/it\/wp-json\/wp\/v2\/media\/69131"}],"wp:attachment":[{"href":"https:\/\/www.sisinternational.com\/it\/wp-json\/wp\/v2\/media?parent=42582"}],"curies":[{"name":"wp","href":"https:\/\/api.w.org\/{rel}","templated":true}]}}