{"id":42572,"date":"2023-04-28T17:48:35","date_gmt":"2023-04-28T21:48:35","guid":{"rendered":"https:\/\/www.sisinternational.com\/?page_id=42572"},"modified":"2026-01-24T21:02:09","modified_gmt":"2026-01-25T02:02:09","slug":"ricerche-di-mercato-nel-campo-delle-biotecnologie","status":"publish","type":"page","link":"https:\/\/www.sisinternational.com\/it\/competenza\/ricerche-di-mercato-nel-campo-delle-biotecnologie\/","title":{"rendered":"Ricerche di mercato sulle biotecnologie"},"content":{"rendered":"<h1 class=\"wp-block-heading\">Ricerche di mercato sulle biotecnologie<\/h1>\n\n\n\n<figure class=\"gb-block-image gb-block-image-e7020e19\"><img loading=\"lazy\" decoding=\"async\" width=\"1456\" height=\"816\" class=\"gb-image gb-image-e7020e19\" src=\"https:\/\/www.sisinternational.com\/wp-content\/uploads\/2025\/08\/Biofurl-2.jpg\" alt=\"Ricerca e strategia di mercato internazionale SIS\" title=\"Biofurl (2)\" srcset=\"https:\/\/www.sisinternational.com\/wp-content\/uploads\/2025\/08\/Biofurl-2.jpg 1456w, https:\/\/www.sisinternational.com\/wp-content\/uploads\/2025\/08\/Biofurl-2-300x168.jpg 300w, https:\/\/www.sisinternational.com\/wp-content\/uploads\/2025\/08\/Biofurl-2-1024x574.jpg 1024w, https:\/\/www.sisinternational.com\/wp-content\/uploads\/2025\/08\/Biofurl-2-768x430.jpg 768w, https:\/\/www.sisinternational.com\/wp-content\/uploads\/2025\/08\/Biofurl-2-18x10.jpg 18w\" sizes=\"auto, (max-width: 1456px) 100vw, 1456px\"><\/figure>\n\n\n\n<p><\/p>\n\n\n\n<p>La biotecnologia \u00e8 un campo della scienza che utilizza organismi viventi o loro parti. Le biotecnologie sviluppano o modificano prodotti, processi o tecnologie per applicazioni specifiche. Comprende varie discipline, tra cui biologia, genetica, biochimica, microbiologia e ingegneria. Ha applicazioni in molteplici campi, come l\u2019agricoltura e la medicina. Anche le scienze ambientali e la produzione industriale utilizzano la biotecnologia.<\/p>\n\n\n\n<p>Possiamo classificare le biotecnologie in due aree principali: tradizionale e moderna. La biotecnologia tradizionale utilizza processi biologici naturali, come la fermentazione. I tecnici lo utilizzano per produrre alimenti, bevande e altri prodotti. Gli esempi includono la produzione di formaggio, yogurt e birra.<\/p>\n\n\n\n<p>Modern Biotechnology involves the manipulation of living organisms at the molecular level. We use it to develop new products, processes, or technologies, including genetic engineering, where scientists change DNA. Or they may transfer it from one organism to another. The result is for it to produce desired traits or characteristics. Modern Biotechnology has led to <a href=\"https:\/\/www.sisinternational.com\/it\/competenza\/industrie\/ricerca-di-mercato-sulle-bevande-alimentari-degli-organismi-geneticamente-modificati\/\" title=\"Ricerche di mercato su organismi geneticamente modificati per alimenti e bevande\"  data-wpil-monitor-id=\"9422\">genetically modified organisms<\/a> (GMOs). It also ushered in gene editing technologies like CRISPR-Cas9. Finally, it has led to biopharmaceuticals such as insulin and vaccines.<\/p>\n\n\n\n<p>La biotecnologia ha molte applicazioni in vari campi. In agricoltura, gli scienziati lo usano per sviluppare colture geneticamente modificate. Queste colture sono resistenti a parassiti, malattie e condizioni ambientali. Pertanto, la biotecnologia porta ad un aumento dei raccolti e ad una riduzione dell\u2019uso di pesticidi.<\/p>\n\n\n\n<p>Un altro uso della biotecnologia \u00e8 lo sviluppo di nuovi farmaci e terapie per le malattie in medicina. Ad esempio, esistono terapie geniche per le malattie genetiche e immunoterapie contro il cancro. Nelle scienze ambientali, utilizziamo la biotecnologia per sviluppare biocarburanti e processi di biorisanamento. Lo utilizziamo anche per soluzioni sostenibili di gestione dei rifiuti. Nella produzione industriale, un ulteriore utilizzo della biotecnologia \u00e8 per la produzione di enzimi. Lo usiamo anche per materiali a base biologica e bioplastiche.<\/p>\n\n\n\n<h2 class=\"wp-block-heading\">Perch\u00e9 la biotecnologia \u00e8 importante?<\/h2>\n\n\n\n<p>La biotecnologia \u00e8 essenziale per diversi motivi. Il primo \u00e8 per il miglioramento della salute umana. La biotecnologia ha rivoluzionato la medicina e l\u2019assistenza sanitaria. Per lo meno, consente lo sviluppo di nuovi farmaci, terapie e tecnologie mediche. La biotecnologia svolge anche un ruolo cruciale nella diagnostica, nella medicina personalizzata e nella medicina rigenerativa. Inoltre. offre nuovi modi per diagnosticare, trattare e prevenire le malattie.<\/p>\n\n\n\n<p>Le biotecnologie possono rivoluzionare molti aspetti della nostra vita. Ha sollevato considerazioni etiche, sociali e normative. Inoltre, ha il potenziale per contribuire a risolvere le sfide globali. Ad esempio, pu\u00f2 aiutare a garantire la sicurezza alimentare, l\u2019eradicazione delle malattie e la sostenibilit\u00e0 ambientale. Ma richiede un\u2019attenta considerazione delle implicazioni in termini di sicurezza, etiche e sociali. Gli scienziati possono progettare colture geneticamente modificate per resistere a parassiti, malattie e condizioni ambientali. Migliora i rendimenti agricoli e riduce la necessit\u00e0 di pesticidi chimici. La biotecnologia viene utilizzata anche per sviluppare biocarburanti, bioplastiche e altri materiali sostenibili. Allo stesso modo, offre un\u2019alternativa ai combustibili fossili e riduce l\u2019impatto ambientale.<\/p>\n\n\n\n<p>Biotechnology has applications in various industrial processes, including enzyme production, fermentation, and bio-processing. It can lead to more efficient and sustainable manufacturing practices. Many industries use enzymes produced through biotechnology. These <a href=\"https:\/\/www.sisinternational.com\/it\/soluzioni\/ricerche-di-mercato-nel-settore-delle-bevande-alimentari\/\" title=\"Ricerche di mercato nel settore alimentare e delle bevande\"  data-wpil-monitor-id=\"9425\">industries include food and beverage<\/a>, detergents, textiles, and biofuels. They use enzymes to improve processes, reduce waste, and enhance product quality.<\/p>\n\n\n\n<p>La biotecnologia fornisce strumenti e tecniche essenziali per la ricerca scientifica. Gli scienziati ora hanno accesso all\u2019ingegneria genetica abbinata a tecnologie di editing genetico come CRISPR-Cas9. Questi e altri strumenti biotecnologici consentono loro di manipolare e studiare i geni. Possono anche utilizzare questi strumenti per conoscere le proteine e altre molecole biologiche. Gli strumenti portano a scoperte rivoluzionarie nella comprensione della biologia di base, della genetica e dei meccanismi delle malattie.<\/p>\n\n\n\n<p>La biotecnologia \u00e8 un settore in espansione che promuove la crescita economica e l\u2019innovazione. \u00c8 un dato di fatto, ha il potenziale per creare nuovi posti di lavoro e stimolare lo sviluppo economico. Pu\u00f2 anche favorire progressi tecnologici. Molte aziende biotecnologiche sono in prima linea nell\u2019innovazione. Stanno sviluppando nuovi prodotti, processi e tecnologie con applicazioni commerciali e valore economico.<\/p>\n\n\n\n<p>Un altro punto chiave della biotecnologia \u00e8 che ha il potenziale per promuovere l\u2019agricoltura sostenibile. Lo far\u00e0 riducendo l\u2019uso di fertilizzanti chimici e pesticidi. Inoltre, migliora la resa dei raccolti e preserva le risorse naturali. La biotecnologia svolge anche un ruolo nella conservazione ambientale attraverso il biorisanamento. Questo metodo utilizza organismi viventi per ripulire il suolo, l\u2019acqua e gli inquinanti atmosferici. Questo metodo alternativo funziona attraverso lo sviluppo di materiali e processi di origine biologica. Queste tecniche sono pi\u00f9 rispettose dell\u2019ambiente rispetto ai metodi tradizionali.<\/p>\n\n\n\n<h2 class=\"wp-block-heading\">Titoli di lavoro chiave<\/h2>\n\n\n\n<figure class=\"gb-block-image gb-block-image-111c67a4\"><img loading=\"lazy\" decoding=\"async\" width=\"1456\" height=\"816\" class=\"gb-image gb-image-111c67a4\" src=\"https:\/\/www.sisinternational.com\/wp-content\/uploads\/2025\/08\/Biofurl-3.jpg\" alt=\"Ricerca e strategia di mercato internazionale SIS\" title=\"Biofurl (3)\" srcset=\"https:\/\/www.sisinternational.com\/wp-content\/uploads\/2025\/08\/Biofurl-3.jpg 1456w, https:\/\/www.sisinternational.com\/wp-content\/uploads\/2025\/08\/Biofurl-3-300x168.jpg 300w, https:\/\/www.sisinternational.com\/wp-content\/uploads\/2025\/08\/Biofurl-3-1024x574.jpg 1024w, https:\/\/www.sisinternational.com\/wp-content\/uploads\/2025\/08\/Biofurl-3-768x430.jpg 768w, https:\/\/www.sisinternational.com\/wp-content\/uploads\/2025\/08\/Biofurl-3-18x10.jpg 18w\" sizes=\"auto, (max-width: 1456px) 100vw, 1456px\"><\/figure>\n\n\n\n<p><\/p>\n\n\n\n<p>Il campo della biotecnologia ha vari titoli di lavoro. Questi titoli comprendono una vasta gamma di ruoli e responsabilit\u00e0. Alcuni titoli di lavoro essenziali nel campo della biotecnologia includono:<\/p>\n\n\n\n<ul class=\"wp-block-list\">\n<li><strong>Scienziato biomedico:<\/strong> Conducts <a href=\"https:\/\/www.sisinternational.com\/it\/competenza\/curriculum-di-esperienza\/curriculum-dellesperienza-negli-studi-etnografici\/\" title=\"Esperienza in ricerche di mercato etnografiche\"  data-wpil-monitor-id=\"9426\">research and experiments<\/a> on human health and medicine. Job includes developing and testing new drugs, therapies, and medical technologies.<\/li>\n\n\n\n<li><strong>Genetista:<\/strong> Studia i geni e i tratti genetici e conduce ricerche genetiche. Pu\u00f2 fare ingegneria genetica e lavorare con le tecnologie di editing genetico.<\/li>\n\n\n\n<li><strong>Biotecnologo:<\/strong> Applica principi e tecniche per sviluppare nuovi prodotti, processi o tecnologie. Lavora in agricoltura, medicina, scienze ambientali o produzione industriale.<\/li>\n\n\n\n<li><strong>Biochimico:<\/strong> Studia i processi chimici e le sostanze che si verificano all&#039;interno degli organismi viventi. Pu\u00f2 svolgere ricerche relative a enzimi, proteine e altre molecole biologiche.<\/li>\n\n\n\n<li><strong>Microbiologo:<\/strong> Studia microrganismi come batteri, virus e funghi. Pu\u00f2 svolgere ricerche relative alla fermentazione, al biorisanamento e ad altri processi microbiologici.<\/li>\n\n\n\n<li><strong>Ricercatore:<\/strong> Conduce ricerche in un&#039;area specifica della biotecnologia. Ad esempio, possono eseguire analisi genetiche, sviluppo di farmaci o biotecnologia agricola. Pu\u00f2 lavorare nel mondo accademico, governativo o industriale.<\/li>\n\n\n\n<li><strong>Specialista in Bioinformatica:<\/strong> Utilizza strumenti e tecniche computazionali per analizzare dati biologici. Ad esempio, potrebbero funzionare con sequenze di DNA e strutture proteiche. Possono anche analizzare dati genetici, scoperta di farmaci e altre applicazioni bioinformatiche.<\/li>\n\n\n\n<li><strong>Ingegnere di bioprocessi:<\/strong> Progetta e ottimizza tecniche e attrezzature per prodotti biofarmaceutici. Un ingegnere di bioprocessi lavora anche con enzimi e altri prodotti biotecnologici.<\/li>\n\n\n\n<li><strong>Specialista in affari regolatori:<\/strong> Garantisce la conformit\u00e0 ai requisiti normativi. Lo specialista in affari regolatori conosce le linee guida per lo sviluppo, la produzione e la commercializzazione di prodotti biotecnologici. Pu\u00f2 ottenere approvazioni normative per nuovi farmaci, terapie o organismi geneticamente modificati.<\/li>\n\n\n\n<li><strong>Responsabile dello sviluppo aziendale:<\/strong> Identifica opportunit\u00e0 di business e sviluppa partnership. Il responsabile dello sviluppo aziendale gestisce i rapporti con le parti interessate nel settore della biotecnologia, inclusi investitori, clienti e collaboratori.<\/li>\n\n\n\n<li><strong>Specialista del controllo qualit\u00e0\/assicurazione qualit\u00e0:<\/strong> Garantisce la qualit\u00e0 e la sicurezza dei prodotti biotecnologici. Pu\u00f2 farlo attraverso test, ispezioni e conformit\u00e0 ai requisiti normativi.<\/li>\n\n\n\n<li><strong>Clinical Research Associate:<\/strong> Conduce studi clinici e testa la sicurezza e l&#039;efficacia di prodotti biofarmaceutici e altri prodotti medici. Questo associato pu\u00f2 collaborare con operatori sanitari, pazienti e agenzie di regolamentazione.<\/li>\n<\/ul>\n\n\n\n<h2 class=\"wp-block-heading\">Perch\u00e9 le aziende hanno bisogno della biotecnologia?<\/h2>\n\n\n\n<h3 class=\"wp-block-heading\">Le aziende hanno bisogno della biotecnologia per diversi motivi.<\/h3>\n\n\n\n<p>La biotecnologia consente alle imprese di sviluppare prodotti, processi e tecnologie innovativi. Questi prodotti, processi e tecnologie possono fornire un vantaggio competitivo sul mercato. I progressi biotecnologici possono portare alla creazione di nuovi farmaci, terapie e prodotti agricoli. Possono anche ispirare le aziende a produrre enzimi industriali e altri bioprodotti. Questi prodotti possono avere propriet\u00e0 migliorate, come maggiore stabilit\u00e0, specificit\u00e0 ed efficienza. Possono soddisfare bisogni insoddisfatti. Possono anche migliorare le prestazioni di vari processi e prodotti industriali. La biotecnologia pu\u00f2 differenziare un\u2019azienda dai suoi concorrenti.<\/p>\n\n\n\n<p>La biotecnologia pu\u00f2 aiutare le aziende a migliorare le prestazioni e la qualit\u00e0 dei loro prodotti. Ad esempio, le imprese agricole possono utilizzare tecnologie di ingegneria genetica e di editing genetico. Possono sviluppare colture con caratteristiche migliorate come la resistenza alle malattie. Oppure possono migliorare il contenuto nutrizionale e la durata di conservazione dei raccolti.<\/p>\n\n\n\n<p>La biotecnologia consente alle aziende di sviluppare soluzioni sostenibili che non danneggino l\u2019ambiente. Ad esempio, possono utilizzare la biotecnologia per produrre materiali e biocarburanti di origine biologica. Possono anche produrre plastiche biodegradabili con un impatto ambientale inferiore rispetto ai materiali tradizionali. La biotecnologia pu\u00f2 anche ridurre l\u2019uso di pesticidi e fertilizzanti chimici in agricoltura. Pu\u00f2 portare a pratiche agricole pi\u00f9 sostenibili ed ecocompatibili.<\/p>\n\n\n\n<p>La biotecnologia pu\u00f2 aiutare le imprese a sviluppare processi efficienti ed economicamente vantaggiosi. Possono utilizzare questi processi per lo sviluppo del prodotto, la produzione e altre operazioni. Il biotrattamento, ad esempio, pu\u00f2 consentire la produzione di biofarmaci ed enzimi complessi. Ci\u00f2 diventa possibile attraverso processi di fermentazione scalabili ed efficienti. La biotecnologia pu\u00f2 anche portare a processi semplificati per i test genetici e la diagnostica. Questi processi riducono i costi e aumentano l\u2019efficienza.<\/p>\n\n\n\n<p>Le aziende biotecnologiche devono orientarsi in contesti normativi complessi per garantire la conformit\u00e0 alle varie normative. La conformit\u00e0 consente loro di ottenere le approvazioni dei prodotti. Gli specialisti in questioni normative sono fondamentali per aiutare le aziende a comprendere e rispettare i requisiti normativi. Le imprese biotecnologiche devono essere in grado di destreggiarsi tra i processi normativi e ottenere le licenze necessarie. Li posiziona meglio per accedere ai mercati, attrarre investitori e raggiungere il successo commerciale.<\/p>\n\n\n\n<p>Le imprese biotecnologiche hanno spesso bisogno di collaborazioni e partenariati con istituti di ricerca. Possono anche collaborare con centri accademici, operatori sanitari e altre parti interessate. La collaborazione pu\u00f2 fornire accesso a competenze, risorse e finanziamenti. Pu\u00f2 anche facilitare la traduzione dei risultati della ricerca in prodotti commerciali. I responsabili dello sviluppo aziendale e altri professionisti sono essenziali. Possono aiutare a identificare e stabilire collaborazioni e partenariati strategici.<\/p>\n\n\n\n<p>Le imprese biotecnologiche necessitano di una forza lavoro qualificata e competente con esperienza in vari campi. Ad esempio, dovrebbero conoscere la biologia molecolare, la genetica, la biochimica, la bioinformatica e le questioni normative. In questo modo, possono sviluppare e commercializzare prodotti e tecnologie biotecnologiche. \u00c8 fondamentale attrarre e trattenere i migliori talenti dotati delle competenze necessarie nel campo della biotecnologia. Pu\u00f2 portare al successo di un\u2019azienda biotecnologica. Le aziende hanno bisogno di una forza lavoro qualificata e motivata impegnata nella missione e negli obiettivi dell&#039;azienda. Una forza lavoro di questo tipo pu\u00f2 favorire l\u2019innovazione, la produttivit\u00e0 e il successo.<\/p>\n\n\n\n<h2 class=\"wp-block-heading\">Fattori chiave del successo<\/h2>\n\n\n\n<figure class=\"gb-block-image gb-block-image-5b8c80af\"><img loading=\"lazy\" decoding=\"async\" width=\"1456\" height=\"816\" class=\"gb-image gb-image-5b8c80af\" src=\"https:\/\/www.sisinternational.com\/wp-content\/uploads\/2025\/08\/Biofurl-1.jpg\" alt=\"Ricerca e strategia di mercato internazionale SIS\" title=\"Biofurl (1)\" srcset=\"https:\/\/www.sisinternational.com\/wp-content\/uploads\/2025\/08\/Biofurl-1.jpg 1456w, https:\/\/www.sisinternational.com\/wp-content\/uploads\/2025\/08\/Biofurl-1-300x168.jpg 300w, https:\/\/www.sisinternational.com\/wp-content\/uploads\/2025\/08\/Biofurl-1-1024x574.jpg 1024w, https:\/\/www.sisinternational.com\/wp-content\/uploads\/2025\/08\/Biofurl-1-768x430.jpg 768w, https:\/\/www.sisinternational.com\/wp-content\/uploads\/2025\/08\/Biofurl-1-18x10.jpg 18w\" sizes=\"auto, (max-width: 1456px) 100vw, 1456px\"><\/figure>\n\n\n\n<p><\/p>\n\n\n\n<p>La biotecnologia \u00e8 un campo specializzato. Richiede una profonda comprensione dei principi scientifici e tecnologici. Un team con esperienza in biologia molecolare, genetica, bioinformatica e biochimica \u00e8 fondamentale. Queste discipline sono fondamentali per il successo di un&#039;azienda biotecnologica. Questa competenza consente alle aziende di sviluppare prodotti, tecnologie e processi innovativi. Possono cos\u00ec affrontare bisogni insoddisfatti, migliorare le prestazioni e raggiungere il successo nel mercato della biotecnologia.<\/p>\n\n\n\n<p>L\u2019innovazione \u00e8 al centro della biotecnologia. Le imprese devono investire in ricerca e sviluppo (R&amp;S). In questo modo, possono sviluppare nuovi prodotti, processi e tecnologie. L\u2019innovazione e le capacit\u00e0 di ricerca e sviluppo sono essenziali. Possono dare a un\u2019azienda biotecnologica un vantaggio competitivo sul mercato. Queste funzionalit\u00e0 includono solidi processi di generazione, convalida e commercializzazione delle idee.<\/p>\n\n\n\n<p>La protezione della propriet\u00e0 intellettuale (PI) \u00e8 fondamentale nel campo della biotecnologia. Aiuta le aziende a salvaguardare le proprie invenzioni, prodotti e tecnologie. Impedisce ai concorrenti di copiarli o utilizzarli. \u00c8 essenziale garantire brevetti, marchi commerciali, diritti d\u2019autore e altre forme di protezione della propriet\u00e0 intellettuale. Questi strumenti possono fornire alle aziende diritti esclusivi sulle loro innovazioni. Possono anche creare una barriera per i concorrenti. Pertanto, danno ai titolari del brevetto\/marchio un vantaggio competitivo.<\/p>\n\n\n\n<p>Le imprese biotecnologiche devono orientarsi in contesti normativi complessi. Questi scenari includono normative relative allo sviluppo del prodotto, alla produzione, alla sicurezza e all\u2019impatto ambientale. Garantire il rispetto delle leggi \u00e8 fondamentale per il successo di un\u2019azienda biotecnologica. Lo stesso vale per l&#039;ottenimento delle autorizzazioni necessarie. La non conformit\u00e0 normativa pu\u00f2 portare a ritardi, multe e danni alla reputazione.<\/p>\n\n\n\n<p>Biotechnology businesses must identify and address real market needs. They must also validate their products or technologies with customers. Understanding customer requirements and <a href=\"https:\/\/www.sisinternational.com\/it\/how-to-conduct-effective-quantitative-market-research\/\" title=\"How to Conduct Effective Quantitative Market Research\"  data-wpil-monitor-id=\"9423\">conducting market research<\/a> are essential. So is obtaining feedback from potential customers. It can help businesses develop products and technologies that meet market demand. It also ensures that these products are viable, giving them a higher chance of success in the market.<\/p>\n\n\n\n<p>Having a well-defined business strategy is essential for success in biotech. This strategy should align with the company\u2019s vision, goals, and market opportunities. It is crucial for success in biotechnology. This includes developing a comprehensive commercialization plan. This plan should cover pricing, distribution, marketing, and sales strategies. Strategic <a href=\"https:\/\/www.sisinternational.com\/it\/pubblicazioni\/ricerche-di-mercato-per-un-business-scalabile-7-modi-per-costruire-un-business-scalabile\/\" title=\"Ricerche di mercato per aziende scalabili: 7 modi per costruire un business scalabile\"  data-wpil-monitor-id=\"9424\">Market Research can help your business<\/a> in this regard. It allows you to develop a robust business strategy and effective commercialization plan. Thus, you can penetrate the market, generate revenue, and achieve profitability.<\/p>\n\n\n\n<p>Le imprese biotecnologiche spesso necessitano di ingenti risorse finanziarie. Devono finanziare la ricerca e sviluppo, lo sviluppo del prodotto, la produzione, la conformit\u00e0 normativa e gli sforzi di commercializzazione. L\u2019accesso a finanziamenti adeguati \u00e8 essenziale per il successo di un\u2019impresa biotecnologica. Questo finanziamento pu\u00f2 avvenire attraverso risorse interne, capitale di rischio e sovvenzioni pubbliche. Pu\u00f2 anche provenire da altre fonti.<\/p>\n\n\n\n<p>La biotecnologia \u00e8 un campo in evoluzione e le imprese devono essere flessibili. Devono adattarsi alle mutevoli dinamiche del mercato, ai progressi tecnologici e ai requisiti normativi. Essere in grado di cambiare direzione, adattare le strategie e abbracciare nuove opportunit\u00e0 \u00e8 fondamentale. Consente il successo di un&#039;azienda biotecnologica in un settore dinamico e in continua evoluzione.<\/p>\n\n\n\n<h2 class=\"wp-block-heading\">Informazioni sulle ricerche di mercato nel settore delle biotecnologie<\/h2>\n\n\n\n<p>At SIS International, we offer a variety of biotechnology market research reports. These reports provide valuable insights and data on critical segments worldwide. We also offer Quantitative and <a href=\"https:\/\/www.sisinternational.com\/it\/tools-and-resources-for-qualitative-market-research\/\" title=\"Tools and Resources for Qualitative Market Research\"  data-wpil-monitor-id=\"9420\">Qualitative Market research<\/a>, UX, and Strategy Market Research. We do Competitive Analysis, Market Entry, Market Opportunity, and <a href=\"https:\/\/www.sisinternational.com\/it\/competenza\/industrie\/ricerche-di-mercato-sui-motel\/\" title=\"Ricerche di mercato sui motel\"  data-wpil-monitor-id=\"3119\">Ricerca sul dimensionamento del mercato<\/a>. SIS also <a href=\"https:\/\/www.sisinternational.com\/it\/soluzioni\/consulenza-strategica\/consulenza-strategica-per-ricerche-di-mercato-e-abilitazione-alle-vendite\/\" title=\"Ricerca di mercato e consulenza strategica per l&#039;abilitazione delle vendite\"  data-wpil-monitor-id=\"9421\">enables forming a Go to Market Strategy<\/a>. How? By using information gleaned from Interviews, Surveys, and Focus Groups.<\/p>\n\n\n\n<p><a href=\"https:\/\/www.sisinternational.com\/it\/contattaci\/\" title=\"Contattaci\"  data-wpil-monitor-id=\"9419\">Ricerca internazionale SIS<\/a> is a trusted source of business intelligence. We\u2019ve been doing it for over 40 years. If you need help, our team of knowledgeable research specialists is available.<\/p>","protected":false},"excerpt":{"rendered":"<p>La biotecnologia \u00e8 essenziale per il miglioramento della salute umana e ha rivoluzionato la medicina e l\u2019assistenza sanitaria.<\/p>","protected":false},"author":1,"featured_media":63777,"parent":14514,"menu_order":270,"comment_status":"closed","ping_status":"closed","template":"","meta":{"footnotes":""},"class_list":["post-42572","page","type-page","status-publish","has-post-thumbnail"],"_links":{"self":[{"href":"https:\/\/www.sisinternational.com\/it\/wp-json\/wp\/v2\/pages\/42572","targetHints":{"allow":["GET"]}}],"collection":[{"href":"https:\/\/www.sisinternational.com\/it\/wp-json\/wp\/v2\/pages"}],"about":[{"href":"https:\/\/www.sisinternational.com\/it\/wp-json\/wp\/v2\/types\/page"}],"author":[{"embeddable":true,"href":"https:\/\/www.sisinternational.com\/it\/wp-json\/wp\/v2\/users\/1"}],"replies":[{"embeddable":true,"href":"https:\/\/www.sisinternational.com\/it\/wp-json\/wp\/v2\/comments?post=42572"}],"version-history":[{"count":5,"href":"https:\/\/www.sisinternational.com\/it\/wp-json\/wp\/v2\/pages\/42572\/revisions"}],"predecessor-version":[{"id":81574,"href":"https:\/\/www.sisinternational.com\/it\/wp-json\/wp\/v2\/pages\/42572\/revisions\/81574"}],"up":[{"embeddable":true,"href":"https:\/\/www.sisinternational.com\/it\/wp-json\/wp\/v2\/pages\/14514"}],"wp:featuredmedia":[{"embeddable":true,"href":"https:\/\/www.sisinternational.com\/it\/wp-json\/wp\/v2\/media\/63777"}],"wp:attachment":[{"href":"https:\/\/www.sisinternational.com\/it\/wp-json\/wp\/v2\/media?parent=42572"}],"curies":[{"name":"wp","href":"https:\/\/api.w.org\/{rel}","templated":true}]}}