{"id":42567,"date":"2023-04-28T16:57:47","date_gmt":"2023-04-28T20:57:47","guid":{"rendered":"https:\/\/www.sisinternational.com\/?page_id=42567"},"modified":"2025-10-17T00:03:32","modified_gmt":"2025-10-17T04:03:32","slug":"ricerche-di-mercato-sui-biocarburanti","status":"publish","type":"page","link":"https:\/\/www.sisinternational.com\/it\/competenza\/ricerche-di-mercato-sui-biocarburanti\/","title":{"rendered":"Ricerche di mercato sui biocarburanti"},"content":{"rendered":"<h1 class=\"wp-block-heading\">Ricerche di mercato sui biocarburanti<\/h1>\n\n\n\n<figure class=\"gb-block-image gb-block-image-4dae92a0\"><img loading=\"lazy\" decoding=\"async\" width=\"1456\" height=\"816\" class=\"gb-image gb-image-4dae92a0\" src=\"https:\/\/www.sisinternational.com\/wp-content\/uploads\/2025\/08\/Agriculture-19.jpg\" alt=\"Ricerca e strategia di mercato internazionale SIS\" title=\"Agriculture (19)\" srcset=\"https:\/\/www.sisinternational.com\/wp-content\/uploads\/2025\/08\/Agriculture-19.jpg 1456w, https:\/\/www.sisinternational.com\/wp-content\/uploads\/2025\/08\/Agriculture-19-300x168.jpg 300w, https:\/\/www.sisinternational.com\/wp-content\/uploads\/2025\/08\/Agriculture-19-1024x574.jpg 1024w, https:\/\/www.sisinternational.com\/wp-content\/uploads\/2025\/08\/Agriculture-19-768x430.jpg 768w, https:\/\/www.sisinternational.com\/wp-content\/uploads\/2025\/08\/Agriculture-19-18x10.jpg 18w\" sizes=\"auto, (max-width: 1456px) 100vw, 1456px\"><\/figure>\n\n\n\n<p><\/p>\n\n\n\n<p>Energy from renewable sources is expected to put less strain on the environment and the already limited supply of fossil fuels. Pure biofuels produce fewer emissions than their fossil-derived equivalents. With the many environmental concerns and climate threats, changing to biofuels looks like the more responsible choice. Before diving into this market, one should address which type of biofuel works best, based on a company\u2019s needs and goals. The pros outweigh the cons, and to tackle the cons and integrate positive changes, it is best to prepare with <a href=\"https:\/\/www.sisinternational.com\/it\/azioni-governative-sui-biocarburanti\/\" title=\"Ricerche di mercato sui biocarburanti\"  data-wpil-monitor-id=\"1721\">Biofuels market research<\/a>.<\/p>\n\n\n\n<h2 class=\"wp-block-heading\">Panoramica delle ricerche di mercato sui biocarburanti<\/h2>\n\n\n\n<p>Negli ultimi decenni, le aziende si sono mosse in una direzione pi\u00f9 sostenibile, principalmente nella produzione di prodotti, ma anche per ridurre le proprie emissioni annuali.<\/p>\n\n\n\n<p>I consumatori sono sempre pi\u00f9 consapevoli degli effetti dei combustibili fossili, e non solo, ma sono anche informati su quali aziende contribuiscono maggiormente \u2013 o meno \u2013 al danno ambientale. Il numero dei consumatori eticamente responsabili \u00e8 aumentato e non pu\u00f2 pi\u00f9 essere ignorato.<\/p>\n\n\n\n<p>In generale, un\u2019azienda attenta all\u2019ambiente attirer\u00e0 pi\u00f9 clienti. \u00c8 pi\u00f9 probabile che le persone spendano per prodotti realizzati con biocarburanti. In questo modo, sia l\u2019azienda che il cliente riducono la propria impronta di carbonio.<\/p>\n\n\n\n<h2 class=\"wp-block-heading\">Tendenze e fattori chiave nel settore dei biocarburanti<\/h2>\n\n\n\n<p>Biodiesel has become an attractive replacement for fossil fuels. Being biodegradable, non-toxic renewable, and eco-friendly (they burn cleaner than fossil fuels), the raw materials for this alternative are more affordable. Nonetheless, its synthesis is rather costly and may not necessarily <a href=\"https:\/\/www.sisinternational.com\/it\/ricerche-di-mercato-sulla-generazione-di-lead-b2b\/\" title=\"Ricerca di mercato sulla generazione di lead B2B\"  data-wpil-monitor-id=\"9357\">lead to an immediately lucrative market<\/a>. Despite the high costs, though, Europe still is the largest producer of biodiesel. Regardless, one can expect biodiesel (made from plant-based oil seeds) to increase. Especially airlines are interested in using biofuels.<\/p>\n\n\n\n<p>Plant and refinery industries will grow as the need for them rises. These <a href=\"https:\/\/www.sisinternational.com\/it\/venezuela-oil-mining-industry-potential-strategic-forecast-2026-2036\/\" title=\"Venezuela Oil &amp; Mining Industry Potential: Strategic Forecast 2026-2036\"  data-wpil-monitor-id=\"9360\">industries strip the oil<\/a> from plants for reuse. Especially in the regions where canola and sunflower are grown, one can expect those facilities to pop up.<\/p>\n\n\n\n<p>Oltre al biodiesel vengono prodotte anche elevate quantit\u00e0 di etanolo. Il mais, ma anche la canna da zucchero, sono materie prime popolari per produrre questo combustibile. Ci sono opinioni contrastanti sull\u2019etanolo, che viene utilizzato principalmente come componente della benzina. Uno dei principali vantaggi \u00e8 che l\u2019etanolo ha un numero di ottano pi\u00f9 elevato rispetto alla benzina, migliorando la qualit\u00e0 del carburante e garantendo una buona guidabilit\u00e0.<\/p>\n\n\n\n<p>Il butanolo \u00e8 simile all\u2019etanolo, ma ha una densit\u00e0 energetica pi\u00f9 elevata e una pressione di vapore inferiore, che lo rendono un candidato migliore per i biocarburanti rispetto all\u2019etanolo.<\/p>\n\n\n\n<p>Il metanolo \u00e8 meno costoso da produrre rispetto all\u2019etanolo ed \u00e8 anche un candidato popolare per i biocarburanti. Sfortunatamente, non solo \u00e8 pi\u00f9 tossica, ma ha anche una densit\u00e0 energetica inferiore rispetto alla benzina.<\/p>\n\n\n\n<p>Il biogas \u00e8 un\u2019altra fonte rinnovabile rispettosa dell\u2019ambiente costituita dalla decomposizione della materia organica, come rifiuti, letame, avanzi alimentari, materiale vegetale e liquami.<\/p>\n\n\n\n<h2 class=\"wp-block-heading\">Opportunit\u00e0<\/h2>\n\n\n\n<p>L\u2019ondata di biocarburanti alternativi e lo studio dei processi dei combustibili daranno sicuramente origine a molte interessanti opportunit\u00e0 di carriera, e la crescita delle industrie vegetali e di raffinazione aumenter\u00e0 l\u2019occupazione.<\/p>\n\n\n\n<h3 class=\"wp-block-heading\">Alcune delle carriere in questo settore sono le seguenti:<\/h3>\n\n\n\n<p><strong>Ricerca scientifica<\/strong><\/p>\n\n\n\n<ul class=\"wp-block-list\">\n<li>Biochimici, biofisici, microbiologi, chimici e tecnici di laboratorio,<\/li>\n<\/ul>\n\n\n\n<p><strong>Ingegneria<\/strong><\/p>\n\n\n\n<ul class=\"wp-block-list\">\n<li>Ingegneri civili, ambientali, industriali, meccanici ed elettrici<\/li>\n<\/ul>\n\n\n\n<p><strong>agricoltura<\/strong><\/p>\n\n\n\n<p><strong>Impianti di lavorazione e raffinerie<\/strong><\/p>\n\n\n\n<p><strong>Costruzione<\/strong><\/p>\n\n\n\n<p><strong>Saldi<\/strong><\/p>\n\n\n\n<p>Molti dei settori sopra menzionati offrono opportunit\u00e0 in diverse aree come dirigenti, operatori di attrezzature, operai, coltivatori, agenti di acquisto, rappresentanti di vendita all&#039;ingrosso, ecc.<\/p>\n\n\n\n<h2 class=\"wp-block-heading\">Sfide<\/h2>\n\n\n\n<p>Sebbene vi siano numerosi vantaggi, i biocarburanti possono essere costosi. Il costo della manodopera \u00e8 elevato e, purtroppo, richiedono anche molto spazio per lo stoccaggio.<\/p>\n\n\n\n<p>Paradossalmente, la coltivazione di colture per biocarburanti richiede una notevole quantit\u00e0 di terreno e, inoltre, pu\u00f2 causare cambiamenti negativi nell\u2019uso del suolo. La coltivazione di piante per il combustibile richiede l\u2019abbattimento degli alberi per utilizzare lo spazio liberato per i terreni coltivati. Tuttavia, l\u2019abbattimento delle foreste e dei pascoli pu\u00f2 rilasciare pi\u00f9 carbonio, il che \u00e8 controproducente rispetto allo scopo originario della creazione di questi terreni agricoli.<\/p>\n\n\n\n<p>I biocarburanti richiedono anche un maggiore consumo di acqua. Nelle regioni aride ci\u00f2 pu\u00f2 avere conseguenze dannose, non solo per la natura ma anche per gli abitanti umani.<\/p>\n\n\n\n<p>Per questi motivi, i biocarburanti non sono ancora del tutto sostenibili e per alcuni possono ancora rappresentare un argomento controverso.<\/p>\n\n\n\n<h2 class=\"wp-block-heading\">Cluster di innovazione per analizzare le ricerche di mercato sui biocarburanti<\/h2>\n\n\n\n<p>Come accennato in precedenza, la benzina contiene un biocarburante, anche se va detto che questa versione aggiornata funziona meglio sulle auto pi\u00f9 recenti. I concessionari e i meccanici sono meno entusiasti di aggiungere questo carburante ai veicoli pi\u00f9 vecchi, che potrebbero non essere compatibili con esso.<\/p>\n\n\n\n<p>In generale, la maggior parte dei biocarburanti viene utilizzata per i trasporti, ma possono essere utilizzati anche per il riscaldamento e l\u2019elettricit\u00e0. Altri usi comuni sono: ricarica di dispositivi elettronici, pulizia di fuoriuscite di petrolio e grasso, lubrificazione, cucina, rimozione di vernici e adesivi e riduzione della necessit\u00e0 (e dei costi) di petrolio importato.<\/p>\n\n\n\n<ul class=\"wp-block-list\">\n<li>Ricarica di dispositivi elettronici: le celle a combustibile realizzate con olio da cucina e zucchero possono essere utilizzate per ricaricare telefoni cellulari, laptop e dispositivi elettronici in generale.<\/li>\n\n\n\n<li>Pulizia di fuoriuscite di olio e grasso. Questo \u00e8 un utilizzo interessante e molto vantaggioso per evitare disastri ambientali. Poich\u00e9 non \u00e8 tossico, il biocarburante pu\u00f2 funzionare come detergente per le fuoriuscite di petrolio.<\/li>\n\n\n\n<li>Il biocarburante funziona nei fornelli, quindi \u00e8 ottimo per cucinare.<\/li>\n\n\n\n<li>Lubrificante: mantiene il motore dell&#039;auto funzionante e in buona forma<\/li>\n\n\n\n<li>I soliti prodotti per rimuovere vernici e adesivi sono molto tossici ed \u00e8 consigliabile sostituirli con biocarburanti. Sono altrettanto efficaci.<\/li>\n\n\n\n<li>\u00c8 risaputo che l\u2019importazione di petrolio \u00e8 costosa e il mondo ne sta finendo. Inutile dire che l\u2019industria petrolifera ha avuto anche numerosi impatti disastrosi sull\u2019ambiente. Pertanto, i biocarburanti rappresentano la migliore alternativa \u2013 e la pi\u00f9 redditizia, considerando la crescente domanda di carburante.<\/li>\n<\/ul>\n\n\n\n<h2 class=\"wp-block-heading\">Prospettive future delle ricerche di mercato sui biocarburanti<\/h2>\n\n\n\n<p>Despite a drop in the biofuels market during the covid pandemic \u2013 figures are expected to increase in the <a href=\"https:\/\/www.sisinternational.com\/it\/competenza\/industrie\/ricerche-di-mercato-automobilistiche\/futuro-dei-veicoli-elettrici-negli-usa\/\" title=\"The Future of Electric Vehicles in the USA &#8211; The Next 5 Years\"  data-wpil-monitor-id=\"9358\">next coming years<\/a>. Even though biofuels need improvement \u2013 for example, the reduction of land use for production \u2013 they provide a welcome and environmentally-friendly alternative. Most <a href=\"https:\/\/www.sisinternational.com\/it\/73903-2\/\" title=\"Turn Consumer Flavor Preferences Into Winning Products\"  data-wpil-monitor-id=\"9361\">consumers care about the environment and prefer<\/a> to spend money on responsibly-sourced goods. Combining these demands with the trend (and need) to use biofuels and the many new career and employment <a href=\"https:\/\/www.sisinternational.com\/it\/opportunita-e-ostacoli-del-sistema-bancario-islamico-per-il-settore-finanziario-statunitense\/\" title=\"Sistema bancario islamico: opportunit\u00e0 e ostacoli per l&#039;industria finanziaria statunitense\"  data-wpil-monitor-id=\"9362\">opportunities this industry<\/a> provides, is a win-win for everyone.<\/p>\n\n\n\n<p><a href=\"https:\/\/www.sisinternational.com\/it\/sis-application-of-quantitative-data-analytics-to-sensory-testing\/\" title=\"SIS Application of Quantitative Data Analytics to Sensory Testing\"  data-wpil-monitor-id=\"9359\">SIS International offers Quantitative<\/a>, Qualitative, and Strategy Research. We provide data, tools, strategies, reports, and insights for decision-making. We conduct interviews, surveys, focus groups, and many other Biofuels Market Research methods and approaches. Contact us for your next Biofuels Market Research project.<\/p>","protected":false},"excerpt":{"rendered":"<p>I biocarburanti alternativi e lo studio dei processi dei combustibili creeranno carriere interessanti. \u00c8 meglio prepararsi con una ricerca di mercato sui biocarburanti.<\/p>","protected":false},"author":1,"featured_media":63143,"parent":14514,"menu_order":269,"comment_status":"closed","ping_status":"closed","template":"","meta":{"footnotes":""},"class_list":["post-42567","page","type-page","status-publish","has-post-thumbnail"],"_links":{"self":[{"href":"https:\/\/www.sisinternational.com\/it\/wp-json\/wp\/v2\/pages\/42567","targetHints":{"allow":["GET"]}}],"collection":[{"href":"https:\/\/www.sisinternational.com\/it\/wp-json\/wp\/v2\/pages"}],"about":[{"href":"https:\/\/www.sisinternational.com\/it\/wp-json\/wp\/v2\/types\/page"}],"author":[{"embeddable":true,"href":"https:\/\/www.sisinternational.com\/it\/wp-json\/wp\/v2\/users\/1"}],"replies":[{"embeddable":true,"href":"https:\/\/www.sisinternational.com\/it\/wp-json\/wp\/v2\/comments?post=42567"}],"version-history":[{"count":5,"href":"https:\/\/www.sisinternational.com\/it\/wp-json\/wp\/v2\/pages\/42567\/revisions"}],"predecessor-version":[{"id":81564,"href":"https:\/\/www.sisinternational.com\/it\/wp-json\/wp\/v2\/pages\/42567\/revisions\/81564"}],"up":[{"embeddable":true,"href":"https:\/\/www.sisinternational.com\/it\/wp-json\/wp\/v2\/pages\/14514"}],"wp:featuredmedia":[{"embeddable":true,"href":"https:\/\/www.sisinternational.com\/it\/wp-json\/wp\/v2\/media\/63143"}],"wp:attachment":[{"href":"https:\/\/www.sisinternational.com\/it\/wp-json\/wp\/v2\/media?parent=42567"}],"curies":[{"name":"wp","href":"https:\/\/api.w.org\/{rel}","templated":true}]}}