{"id":42565,"date":"2023-04-28T16:12:25","date_gmt":"2023-04-28T20:12:25","guid":{"rendered":"https:\/\/www.sisinternational.com\/?page_id=42565"},"modified":"2026-03-24T18:21:50","modified_gmt":"2026-03-24T22:21:50","slug":"ricerche-di-mercato-sulle-batterie","status":"publish","type":"page","link":"https:\/\/www.sisinternational.com\/it\/competenza\/ricerche-di-mercato-sulle-batterie\/","title":{"rendered":"Ricerche di mercato sulle batterie"},"content":{"rendered":"<h1 class=\"wp-block-heading\">Ricerche di mercato sulle batterie<\/h1>\n\n\n\n<figure class=\"gb-block-image gb-block-image-9a0aeed0\"><img loading=\"lazy\" decoding=\"async\" width=\"1456\" height=\"816\" class=\"gb-image gb-image-9a0aeed0\" src=\"https:\/\/www.sisinternational.com\/wp-content\/uploads\/2025\/08\/Battery-3.jpg\" alt=\"Ricerca e strategia di mercato internazionale SIS\" title=\"Battery (3)\" srcset=\"https:\/\/www.sisinternational.com\/wp-content\/uploads\/2025\/08\/Battery-3.jpg 1456w, https:\/\/www.sisinternational.com\/wp-content\/uploads\/2025\/08\/Battery-3-300x168.jpg 300w, https:\/\/www.sisinternational.com\/wp-content\/uploads\/2025\/08\/Battery-3-1024x574.jpg 1024w, https:\/\/www.sisinternational.com\/wp-content\/uploads\/2025\/08\/Battery-3-768x430.jpg 768w, https:\/\/www.sisinternational.com\/wp-content\/uploads\/2025\/08\/Battery-3-18x10.jpg 18w\" sizes=\"auto, (max-width: 1456px) 100vw, 1456px\"><\/figure>\n\n\n\n<p><\/p>\n\n\n\n<p>Nel mondo moderno guidato dalla tecnologia, le batterie svolgono un ruolo cruciale nell\u2019alimentazione di numerosi dispositivi e applicazioni. Dall\u2019alimentazione dei telefoni cellulari e dei veicoli elettrici (VE) allo stoccaggio dell\u2019elettricit\u00e0 verde generata dai pannelli solari, le batterie svolgono un ruolo vitale in vari aspetti della vita quotidiana moderna.<\/p>\n\n\n\n<p>The rapid increase in demand for batteries that meet efficiency standards while being eco-friendly has caused exponential growth within this industry. Therefore, to navigate this constantly evolving landscape, conducting <a href=\"https:\/\/www.sisinternational.com\/it\/competenza\/ricerca-di-mercato-sulle-batterie-lfp\/\" title=\"Ricerche di mercato sulle batterie LFP\"  data-wpil-monitor-id=\"11425\">ricerche di mercato sulle batterie<\/a> is essential. This helps stakeholders like manufacturers or investors to identify new opportunities by keeping an eye on emerging trends and technologies.<\/p>\n\n\n\n<h2 class=\"wp-block-heading\">Ricerche di mercato sulle batterie: fattori trainanti e vincoli di mercato<\/h2>\n\n\n\n<p>Comprendere i fattori trainanti e i vincoli del mercato delle batterie \u00e8 essenziale affinch\u00e9 le parti interessate possano sfruttare le potenziali opportunit\u00e0 e mitigare i rischi. Una ricerca approfondita sul mercato delle batterie fa luce su questi fattori, che possono avere un impatto significativo sulla crescita del mercato e modellare il futuro del settore.<\/p>\n\n\n\n<h3 class=\"wp-block-heading\">Driver di mercato:<\/h3>\n\n\n\n<ul class=\"wp-block-list\">\n<li><strong>Crescente domanda di veicoli elettrici (EV):<\/strong> Poich\u00e9 il trasporto pulito e sostenibile diventa sempre pi\u00f9 importante in tutto il mondo, la domanda di veicoli elettrici \u00e8 aumentata in modo significativo. Le batterie svolgono un ruolo cruciale quando si tratta di far funzionare i veicoli elettrici, con conseguente maggiore necessit\u00e0 di batterie.<\/li>\n\n\n\n<li><strong>Increasing need for <a href=\"https:\/\/www.sisinternational.com\/it\/via-col-vento-la-crisi-finanziaria-e-lenergia-eolica\/\" title=\"Via col vento? La crisi finanziaria e l&#039;energia eolica\"  data-wpil-monitor-id=\"7488\">energia<\/a> storage solutions:<\/strong> Con l\u2019emergere di fonti di energia rinnovabile come quella solare ed eolica nasce l\u2019esigenza di mezzi efficienti per immagazzinare tale energia. Le batterie sono parte integrante della fornitura di soluzioni di stoccaggio affidabili all&#039;interno dei complessi sistemi elettrici di oggi, rendendole un componente indispensabile.<\/li>\n\n\n\n<li><strong>Adozione di fonti energetiche rinnovabili:<\/strong> Per ridurre sia la dipendenza da risorse non rinnovabili come petrolio o carbone, sia le emissioni di carbonio, molti governi in tutto il mondo hanno iniziato a utilizzare energie rinnovabili e batterie come alternative.<\/li>\n\n\n\n<li><strong>Norme e politiche governative rigorose:<\/strong> L\u2019implementazione di regolamenti e politiche volte a ridurre le emissioni e a promuovere l\u2019uso di tecnologie eco-compatibili \u00e8 una tendenza globale. Queste politiche hanno incoraggiato l\u2019adozione di veicoli elettrici e di sistemi di energia rinnovabile, con un conseguente impulso al mercato delle batterie.<\/li>\n\n\n\n<li><strong>Restrizioni del mercato:<\/strong> Fluttuazioni dei prezzi delle materie prime: per produrre batterie, le aziende necessitano di una gamma di materie prime che include litio, cobalto, nichel e altro ancora. La volatilit\u00e0 dei prezzi dei materiali ha una grande influenza sia sulle spese di produzione delle batterie che sull\u2019espansione generale del settore.<\/li>\n\n\n\n<li><strong>Preoccupazioni ambientali e sfide del riciclaggio:<\/strong> Poich\u00e9 al loro interno sono presenti sostanze chimiche pericolose, lo smaltimento delle vecchie batterie rappresenta un grave problema per il nostro ambiente. Presenta rischi potenziali come l\u2019inquinamento di aree terrestri o corpi idrici. Le procedure di riciclaggio delle batterie sono spesso complesse e costose.<\/li>\n\n\n\n<li><strong>Interruzioni della catena di fornitura:<\/strong> Il mercato delle batterie fa affidamento su un\u2019intricata catena di approvvigionamento globale per l\u2019approvvigionamento di materie prime e componenti. Tensioni geopolitiche, disastri naturali e altri fattori possono interrompere questa catena di approvvigionamento, causando potenzialmente ritardi e aumento dei costi per i produttori di batterie.<\/li>\n\n\n\n<li><strong>Problemi di sicurezza e potenziali richiami:<\/strong> Quando le batterie si guastano possono causare rischi per la sicurezza come incendi o esplosioni.<\/li>\n<\/ul>\n\n\n\n<h2 class=\"wp-block-heading\">Sfide e rischi nelle ricerche di mercato sulle batterie<\/h2>\n\n\n\n<ul class=\"wp-block-list\">\n<li><strong>Rapidi progressi tecnologici:<\/strong> Frequent advancement characterized by innovative technology is changing the battery sector. Keeping up-to-date with such advances while also precisely predicting how they might influence <a href=\"https:\/\/www.sisinternational.com\/it\/competenza\/industrie\/ricerche-di-mercato-sui-motel\/\" title=\"Ricerche di mercato sui motel\"  data-wpil-monitor-id=\"3123\">markets poses challenges for researchers<\/a>.<\/li>\n\n\n\n<li><strong>Controversie in materia di propriet\u00e0 intellettuale e brevetti:<\/strong> I diritti di propriet\u00e0 intellettuale e le controversie sui brevetti sorgono spesso nel settore competitivo delle batterie.<\/li>\n\n\n\n<li><strong>Cambiamenti normativi e politici:<\/strong> Una notevole influenza sul mercato delle batterie deriva dalle leggi e dai regolamenti governativi. Tenere traccia di tali cambiamenti insieme ai loro possibili risultati \u00e8 sempre pi\u00f9 difficile e crea ulteriori incertezze riguardo alla ricerca.<\/li>\n\n\n\n<li><strong>Fattori geopolitici:<\/strong> Le interruzioni della catena di approvvigionamento derivanti da tensioni geopolitiche o controversie commerciali possono portare a fluttuazioni dei prezzi delle materie prime, che potrebbero influenzare il mercato delle batterie. Per i ricercatori, comprendere e incorporare questi complessi fattori geopolitici pu\u00f2 essere un compito arduo.<\/li>\n\n\n\n<li><strong>Preoccupazioni ambientali e di sostenibilit\u00e0:<\/strong> Le questioni ambientali, tra cui il riciclaggio e lo smaltimento, pongono problemi significativi al settore delle batterie. Di conseguenza, \u00e8 importante che i ricercatori valutino quanto siano sostenibili le diverse tecnologie\/pratiche nel tempo.<\/li>\n<\/ul>\n\n\n\n<h2 class=\"wp-block-heading\">Tendenze future e opportunit\u00e0 di mercato nelle ricerche di mercato delle batterie<\/h2>\n\n\n\n<ul class=\"wp-block-list\">\n<li><strong>Integrazione di IoT e AI nei sistemi di gestione delle batterie:<\/strong> L\u2019aspettativa \u00e8 che i sistemi di gestione delle batterie subiscano cambiamenti rivoluzionari a causa della crescente popolarit\u00e0 sia dell\u2019IoT che dell\u2019intelligenza artificiale. L&#039;utilizzo del monitoraggio in tempo reale e dell&#039;analisi predittiva \u00e8 un modo per migliorare l&#039;ottimizzazione delle prestazioni della batteria e prolungarne la durata garantendo al tempo stesso la sicurezza. Con la ricerca di mercato sulle batterie diventa possibile identificare le aziende e le tecnologie che stanno guidando questo sforzo di integrazione.<\/li>\n\n\n\n<li><strong>Espansione delle applicazioni di riciclaggio e seconda vita delle batterie:<\/strong> Metodi efficaci di riciclaggio delle batterie stanno diventando sempre pi\u00f9 cruciali in quanto si registra un aumento del numero di batterie esaurite. La ricerca di mercato sulle batterie potrebbe identificare opportunit\u00e0 per sviluppare nuove tecnologie di riciclaggio ed esplorare il potenziale delle applicazioni di seconda vita, come l\u2019utilizzo di batterie per veicoli elettrici riutilizzate per lo stoccaggio stazionario di energia.<\/li>\n\n\n\n<li><strong>Sviluppo infrastrutture di ricarica rapida:<\/strong> Widespread integration and utilization of EVs depend on having reliable access to quick charging stations The identification of opportunities for expanding charging networks and developing advanced technology that reduces charge time and minimizes strain on the power grid is possible through <a href=\"https:\/\/www.sisinternational.com\/it\/competenza\/industrie\/ricerche-di-mercato-sullenergia-nucleare\/\" title=\"Ricerche di mercato sull&#039;energia nucleare\"  data-wpil-monitor-id=\"3312\">ricerche di mercato sulle batterie<\/a>.<\/li>\n\n\n\n<li><strong>Ricerca nella chimica avanzata delle batterie:<\/strong> Una maggiore sicurezza combinata con una maggiore densit\u00e0 di energia e costi inferiori stanno guidando la ricerca in corso su tecnologie alternative delle batterie, comprese le batterie allo stato solido e altre basate sulla chimica degli ioni di sodio o degli ioni di alluminio. Gli ultimi progressi in questi campi possono essere identificati dalle parti interessate che conducono ricerche di mercato sulle batterie, scoprendo cos\u00ec potenziali opportunit\u00e0 di investimento.<\/li>\n\n\n\n<li><strong>Soluzioni di batterie personalizzate per applicazioni di nicchia:<\/strong> Con la crescente diversit\u00e0 e specializzazione dei gadget alimentati a batteria arriva una crescente domanda di soluzioni di alimentazione su misura che soddisfino esigenze particolari come quelle richieste dai droni o dalle apparecchiature mediche. Condurre ricerche di mercato sulle batterie pu\u00f2 svelare possibilit\u00e0 nella creazione e produzione di queste particolari batterie.<\/li>\n\n\n\n<li><strong>Soluzioni di accumulo di energia per microreti e applicazioni off-grid:<\/strong> Con maggiore enfasi posta sui metodi decentralizzati per la generazione di elettricit\u00e0. Le batterie stanno diventando sempre pi\u00f9 importanti nel facilitare la crescita sia delle reti di microreti che dei sistemi di energia rinnovabile autonomi. L\u2019identificazione delle opportunit\u00e0 di crescita all\u2019interno di questi mercati emergenti pu\u00f2 essere facilitata conducendo ricerche di mercato sulle batterie.<\/li>\n\n\n\n<li><strong>Collaborazione tra produttori di batterie e industrie utilizzatrici finali:<\/strong> Man mano che la concorrenza nel settore delle batterie diventa pi\u00f9 forte, \u00e8 probabile che ci sar\u00e0 un aumento delle collaborazioni tra i produttori di batterie e i loro clienti che appartengono a vari settori come automobili o dispositivi elettronici. Condurre analisi approfondite sulle batterie offre alle aziende informazioni su promettenti iniziative di cooperazione con altre entit\u00e0 volte a promuovere l\u2019ingegno e a rafforzare i punti d\u2019appoggio all\u2019interno di settori specifici.<\/li>\n<\/ul>","protected":false},"excerpt":{"rendered":"<p>La richiesta di batterie che soddisfino gli standard di efficienza pur essendo ecocompatibili ha causato una crescita esponenziale in questo settore.<\/p>","protected":false},"author":1,"featured_media":63899,"parent":14514,"menu_order":268,"comment_status":"closed","ping_status":"closed","template":"","meta":{"footnotes":""},"class_list":["post-42565","page","type-page","status-publish","has-post-thumbnail"],"_links":{"self":[{"href":"https:\/\/www.sisinternational.com\/it\/wp-json\/wp\/v2\/pages\/42565","targetHints":{"allow":["GET"]}}],"collection":[{"href":"https:\/\/www.sisinternational.com\/it\/wp-json\/wp\/v2\/pages"}],"about":[{"href":"https:\/\/www.sisinternational.com\/it\/wp-json\/wp\/v2\/types\/page"}],"author":[{"embeddable":true,"href":"https:\/\/www.sisinternational.com\/it\/wp-json\/wp\/v2\/users\/1"}],"replies":[{"embeddable":true,"href":"https:\/\/www.sisinternational.com\/it\/wp-json\/wp\/v2\/comments?post=42565"}],"version-history":[{"count":7,"href":"https:\/\/www.sisinternational.com\/it\/wp-json\/wp\/v2\/pages\/42565\/revisions"}],"predecessor-version":[{"id":85012,"href":"https:\/\/www.sisinternational.com\/it\/wp-json\/wp\/v2\/pages\/42565\/revisions\/85012"}],"up":[{"embeddable":true,"href":"https:\/\/www.sisinternational.com\/it\/wp-json\/wp\/v2\/pages\/14514"}],"wp:featuredmedia":[{"embeddable":true,"href":"https:\/\/www.sisinternational.com\/it\/wp-json\/wp\/v2\/media\/63899"}],"wp:attachment":[{"href":"https:\/\/www.sisinternational.com\/it\/wp-json\/wp\/v2\/media?parent=42565"}],"curies":[{"name":"wp","href":"https:\/\/api.w.org\/{rel}","templated":true}]}}