{"id":42561,"date":"2023-04-28T15:44:45","date_gmt":"2023-04-28T19:44:45","guid":{"rendered":"https:\/\/www.sisinternational.com\/?page_id=42561"},"modified":"2026-01-27T16:48:51","modified_gmt":"2026-01-27T21:48:51","slug":"ricerche-di-mercato-etnografiche-in-asia","status":"publish","type":"page","link":"https:\/\/www.sisinternational.com\/it\/copertura\/ricerche-di-mercato-asiatiche\/ricerche-di-mercato-etnografiche-in-asia\/","title":{"rendered":"Ricerche di mercato etnografiche in Asia"},"content":{"rendered":"<h1 class=\"wp-block-heading\">Ricerche di mercato etnografiche in Asia<\/h1>\n\n\n\n<figure class=\"gb-block-image gb-block-image-f55cd3ef\"><img loading=\"lazy\" decoding=\"async\" width=\"1456\" height=\"816\" class=\"gb-image gb-image-f55cd3ef\" src=\"https:\/\/www.sisinternational.com\/wp-content\/uploads\/2025\/09\/Asia-33.jpg\" alt=\"Ricerca e strategia di mercato internazionale SIS\" title=\"Asia (33)\" srcset=\"https:\/\/www.sisinternational.com\/wp-content\/uploads\/2025\/09\/Asia-33.jpg 1456w, https:\/\/www.sisinternational.com\/wp-content\/uploads\/2025\/09\/Asia-33-300x168.jpg 300w, https:\/\/www.sisinternational.com\/wp-content\/uploads\/2025\/09\/Asia-33-1024x574.jpg 1024w, https:\/\/www.sisinternational.com\/wp-content\/uploads\/2025\/09\/Asia-33-768x430.jpg 768w, https:\/\/www.sisinternational.com\/wp-content\/uploads\/2025\/09\/Asia-33-18x10.jpg 18w\" sizes=\"auto, (max-width: 1456px) 100vw, 1456px\"><\/figure>\n\n\n\n<div><\/div>\n\n\n\n<div>&nbsp;<\/div>\n\n\n\n<div><hr><\/div>\n\n\n\n<div>The ability to comprehend the sociocultural and economic traits of Asian markets has become indispensable for companies seeking success in them. Therefore, the importance of having targeted and localized marketing strategies has increased significantly with the multiple cultural variations and traditions in Asia\u2014and Asia ethnography market research focuses on understanding the unique cultural landscape of the targeted market.<\/div>\n\n\n\n<h2 class=\"wp-block-heading\">Il ruolo della ricerca di mercato etnografica asiatica nell\u2019attuale panorama economico<\/h2>\n\n\n\n<p>Aiuta le aziende ad espandere costantemente le proprie attivit\u00e0 oltre confine entrando in nuovi mercati. Questa espansione richiede che le aziende adattino i propri servizi in base alle preferenze regionali, gestendo al contempo le complessit\u00e0 delle variazioni interculturali.<\/p>\n\n\n\n<p>To address these challenges and ensure business success in this fiercely competitive landscape, it is necessary to conduct Asia <a class=\"wpil_keyword_link\" href=\"https:\/\/www.sisinternational.com\/it\/soluzioni\/soluzioni-di-ricerca-quantitativa-qualitativa\/ricerche-di-mercato-etnografiche\/\"   title=\"Ricerche di mercato etnografiche\" data-wpil-keyword-link=\"linked\"  data-wpil-monitor-id=\"370\">ricerche di mercato etnografiche<\/a> to remain competitive amidst rising competition from other firms that are also expanding their reach across Asia.<\/p>\n\n\n\n<p>Inoltre, <a href=\"https:\/\/www.sisinternational.com\/it\/come-realizzare-ricerche-per-questioni-legate-alla-cultura-giapponese\/\" title=\"Come realizzare ricerche per il Giappone; La cultura conta!\"  data-wpil-monitor-id=\"4407\">Asia ethnography market research<\/a> is key to understanding cultural variations and their target audiences better as well as the particular obstacles they encounter in every market. Employing ethnographic research methods allows companies to acquire important knowledge about consumer attitudes and behavior in specific cultural settings.<\/p>\n\n\n\n<h2 class=\"wp-block-heading\">Key Countries and Regions for Asia Ethnography Market Research Landscape<\/h2>\n\n\n\n<ul class=\"wp-block-list\">\n<li><strong>Cina:<\/strong> La Cina \u00e8 la seconda economia pi\u00f9 forte del mondo e ci sono infinite opportunit\u00e0 in attesa per le imprese. Muoversi in questo paese intricato, con una cultura e un contesto normativo distinti, richiede alle aziende di svolgere una ricerca etnografica completa.<\/li>\n\n\n\n<li><strong>India:<\/strong> As more people join the country&#8217;s burgeoning middle-class each, this creates vast opportunities for firms looking to explore this market \u2013 and <a href=\"https:\/\/www.sisinternational.com\/it\/la-voce-dei-consumatori-indiani\/\" title=\"La voce dei consumatori indiani\"  data-wpil-monitor-id=\"2423\">Asia ethnography market research<\/a> is a major tool for understanding consumer behavior in this heterogeneous market.<\/li>\n\n\n\n<li><strong>Giappone:<\/strong> Avendo una societ\u00e0 modernizzata e consolidata basata sui progressi high-tech mescolati con i valori tradizionali, numerose aziende sono alla ricerca di un ingresso di successo nel mercato giapponese.<\/li>\n\n\n\n<li><strong>Sud-est asiatico:<\/strong> The presence of Indonesia, Malaysia, the Philippines, Singapore, Thailand, and Vietnam makes Southeast Asia a culturally diverse and rapidly growing region. To comprehend distinctive customer behavior patterns across several nations or areas companies must conduct important Asia <a href=\"https:\/\/www.sisinternational.com\/it\/competenza\/curriculum-di-esperienza\/curriculum-dellesperienza-negli-studi-etnografici\/\" title=\"Esperienza in ricerche di mercato etnografiche\"  data-wpil-monitor-id=\"6351\">ricerche di mercato etnografiche<\/a>.<\/li>\n<\/ul>\n\n\n\n<h2 class=\"wp-block-heading\">Pratiche di ricerca di mercato etnografiche di successo<\/h2>\n\n\n\n<p>Per garantire risultati positivi in questo tipo di ricerca, \u00e8 fondamentale collaborare strettamente con i ricercatori locali. La collaborazione con ricercatori locali che possiedono una conoscenza diretta della lingua, della cultura e della comunit\u00e0 pu\u00f2 aiutare a superare le barriere linguistiche e comunicative, nonch\u00e9 le incomprensioni culturali. Pu\u00f2 facilitare l\u2019accesso a comunit\u00e0 e ambienti che altrimenti sarebbero difficili da raggiungere.<\/p>\n\n\n\n<p>Inoltre, abbracciare l\u2019incertezza e la natura iterativa della ricerca etnografica pu\u00f2 portare a una comprensione pi\u00f9 ricca e sfumata del pubblico target e del mercato. Ci\u00f2 si ottiene dimostrando che il rispetto per i costumi, le credenze e le pratiche locali \u00e8 fondamentale per stabilire fiducia e rapporti con i partecipanti e le comunit\u00e0.<\/p>\n\n\n\n<p>\u00c8 inoltre fondamentale impiegare una combinazione di metodi di ricerca che meglio si adattano allo specifico contesto culturale e gli obiettivi di ricerca possono migliorare la qualit\u00e0 e la profondit\u00e0 dei dati raccolti.<\/p>\n\n\n\n<h2 class=\"wp-block-heading\">Benefici<\/h2>\n\n\n\n<p>By studying people and cultures within Asian societies at a deep level through <a href=\"https:\/\/www.sisinternational.com\/it\/mercato-al-dettaglio-asiatico\/\" title=\"Ricerche sul mercato al dettaglio asiatico\"  data-wpil-monitor-id=\"2686\">Asia ethnography market research<\/a>, businesses aim to understand their behaviors and beliefs which can provide valuable insights to enter or expand in the Asian market.<\/p>\n\n\n\n<ul class=\"wp-block-list\">\n<li>Attraverso la conduzione di ricerche etnografiche in Asia, i ricercatori sono in grado di acquisire una profonda comprensione delle complesse sfumature e valori culturali che esistono all&#039;interno delle varie societ\u00e0 asiatiche, il che rende cruciale il successo delle imprese nella regione.<\/li>\n\n\n\n<li>The use of Asia <a href=\"https:\/\/www.sisinternational.com\/it\/soluzioni\/soluzioni-di-branding-e-ricerca-clienti\/ricerca-videoetnografica\/\" title=\"Ricerca etnografica video\"  data-wpil-monitor-id=\"6792\">ricerche di mercato etnografiche<\/a> helps to expose the underlying motivations and drivers behind consumer behavior that cannot be identified through quantitative research methods.<\/li>\n\n\n\n<li>It uncovers unmet needs and gaps in the market. <a href=\"https:\/\/www.sisinternational.com\/it\/opportunita-di-mercato-nel-sud-est-asiatico\/\" title=\"Ricerca sulle opportunit\u00e0 di mercato nel sud-est asiatico\"  data-wpil-monitor-id=\"2463\">Asia ethnography market research<\/a> can benefit businesses looking to capitalize on these opportunities and understand consumer pain points and desires.<\/li>\n\n\n\n<li>Stabilire empatia attraverso la ricerca etnografica consente alle aziende di costruire connessioni pi\u00f9 forti con i propri consumatori target e promuovere la fiducia progettando prodotti e servizi pi\u00f9 incentrati sull\u2019utente e creando allo stesso tempo messaggi di marketing che risuonano veramente con il pubblico.<\/li>\n\n\n\n<li><a href=\"https:\/\/www.sisinternational.com\/it\/ricerche-di-mercato-nelle-citta-cinesi-di-2-livello\/\" title=\"Ricerche di mercato nelle citt\u00e0 cinesi di secondo livello\"  data-wpil-monitor-id=\"7611\">Asia ethnography market research<\/a> can provide businesses with rich and qualitative data that can inform their strategic decision-making when entering or expanding into the region. Making use of this data helps companies improve their decision-making processes for product development along with marketing and customer service strategies.<\/li>\n\n\n\n<li>Gaining insight into competitor strategies and consumer perceptions of their products and services is possible through <a href=\"https:\/\/www.sisinternational.com\/it\/etichettatura-dei-prodotti-nutrizionali-asia\/\" title=\"Etichettatura e prodotti nutrizionali nelle ricerche di mercato in Asia\"  data-wpil-monitor-id=\"2478\">Asia ethnography market research<\/a> which offers businesses the opportunity to distinguish themselves from other companies and obtain a competitive advantage.<\/li>\n<\/ul>\n\n\n\n<h2 class=\"wp-block-heading\">Sfide<\/h2>\n\n\n\n<p>Despite the numerous benefits of ethnographic <a href=\"https:\/\/www.sisinternational.com\/it\/competenza\/industrie\/ricerche-di-mercato-sui-motel\/\" title=\"Ricerche di mercato sui motel\"  data-wpil-monitor-id=\"3127\">research in the Asian market<\/a>, researchers face several challenges in conducting such studies such as:<\/p>\n\n\n\n<ul class=\"wp-block-list\">\n<li><strong>Barriere linguistiche e comunicative:<\/strong> La diversit\u00e0 delle lingue parlate in tutta l\u2019Asia pu\u00f2 rappresentare sfide significative per i ricercatori che cercano di ottenere informazioni sulle comunit\u00e0 locali. Pertanto, garantire traduzioni e interpretazioni accurate \u00e8 fondamentale per mantenere l\u2019integrit\u00e0 dei risultati della ricerca.<\/li>\n\n\n\n<li><strong>Differenze culturali e sensibilit\u00e0:<\/strong> La vasta diversit\u00e0 culturale in Asia richiede una profonda comprensione dei costumi, delle credenze e delle pratiche locali per evitare di offendere involontariamente i partecipanti.<\/li>\n\n\n\n<li><strong>Considerazioni etiche:<\/strong> Garantire il consenso informato, la riservatezza e l\u2019anonimato dei partecipanti \u00e8 fondamentale per condurre una ricerca etica.<\/li>\n\n\n\n<li><a href=\"https:\/\/www.sisinternational.com\/it\/competenza\/industrie\/ricerche-di-mercato-logistiche-di-terze-parti\/\" title=\"Ricerche di mercato sulla logistica di terze parti\"  data-wpil-monitor-id=\"7594\">Logistical challenges: Conducting ethnographic research<\/a> in Asia may involve traveling to remote locations and navigating unfamiliar environments, which can be time-consuming and resource-intensive.<\/li>\n<\/ul>\n\n\n\n<h2 class=\"wp-block-heading\">Prospettive future della ricerca di mercato etnografica in Asia<\/h2>\n\n\n\n<p>Si prevede che le tecnologie emergenti, tra cui la realt\u00e0 virtuale e l\u2019intelligenza artificiale, avranno un grande impatto sulla ricerca di mercato etnografica in Asia. Ci\u00f2 si tradurr\u00e0 in una raccolta e analisi dei dati pi\u00f9 efficiente durante gli studi etnografici.<\/p>\n\n\n\n<p>Combining multiple research methodologies like quantitative and qualitative approaches along with digital methods is likely to be seen in the future of <a href=\"https:\/\/www.sisinternational.com\/it\/competenza\/industrie\/ricerche-di-mercato-sui-fertilizzanti-potassici\/\" title=\"Ricerche di mercato sui fertilizzanti potassici\"  data-wpil-monitor-id=\"3132\">Asia ethnography<\/a> market research as it leads to a more comprehensive understanding of consumer behavior and preferences.<\/p>\n\n\n\n<p>\u00c8 prevedibile una maggiore attenzione ai mercati emergenti della regione Asia-Pacifico poich\u00e9 i paesi della regione continuano a sperimentare una crescita economica.<\/p>\n\n\n\n<h2 class=\"wp-block-heading\">A proposito di SIS Internazionale<\/h2>\n\n\n\n<p><a href=\"https:\/\/www.linkedin.com\/company\/sisinternationalresearch\/\" target=\"_blank\" rel=\"noopener\"><span style=\"font-weight: 400;\">SIS Internazionale<\/span><\/a> offers Quantitative, Qualitative, and Strategy Research. We provide data, tools, strategies, reports and insights for decision-making. We conduct interviews, surveys, focus groups and many other Market Research methods and approaches. Contact us for your next Market Research project<\/p>","protected":false},"excerpt":{"rendered":"<p>La ricerca di mercato etnografica in Asia si concentra sulla comprensione del panorama culturale unico del mercato target.<\/p>","protected":false},"author":1,"featured_media":65765,"parent":14508,"menu_order":86,"comment_status":"closed","ping_status":"closed","template":"","meta":{"footnotes":""},"class_list":["post-42561","page","type-page","status-publish","has-post-thumbnail"],"_links":{"self":[{"href":"https:\/\/www.sisinternational.com\/it\/wp-json\/wp\/v2\/pages\/42561","targetHints":{"allow":["GET"]}}],"collection":[{"href":"https:\/\/www.sisinternational.com\/it\/wp-json\/wp\/v2\/pages"}],"about":[{"href":"https:\/\/www.sisinternational.com\/it\/wp-json\/wp\/v2\/types\/page"}],"author":[{"embeddable":true,"href":"https:\/\/www.sisinternational.com\/it\/wp-json\/wp\/v2\/users\/1"}],"replies":[{"embeddable":true,"href":"https:\/\/www.sisinternational.com\/it\/wp-json\/wp\/v2\/comments?post=42561"}],"version-history":[{"count":17,"href":"https:\/\/www.sisinternational.com\/it\/wp-json\/wp\/v2\/pages\/42561\/revisions"}],"predecessor-version":[{"id":81234,"href":"https:\/\/www.sisinternational.com\/it\/wp-json\/wp\/v2\/pages\/42561\/revisions\/81234"}],"up":[{"embeddable":true,"href":"https:\/\/www.sisinternational.com\/it\/wp-json\/wp\/v2\/pages\/14508"}],"wp:featuredmedia":[{"embeddable":true,"href":"https:\/\/www.sisinternational.com\/it\/wp-json\/wp\/v2\/media\/65765"}],"wp:attachment":[{"href":"https:\/\/www.sisinternational.com\/it\/wp-json\/wp\/v2\/media?parent=42561"}],"curies":[{"name":"wp","href":"https:\/\/api.w.org\/{rel}","templated":true}]}}