{"id":42404,"date":"2023-04-16T14:06:43","date_gmt":"2023-04-16T18:06:43","guid":{"rendered":"https:\/\/www.sisinternational.com\/?page_id=42404"},"modified":"2026-01-26T18:35:32","modified_gmt":"2026-01-26T23:35:32","slug":"ricerche-di-mercato-sullelio","status":"publish","type":"page","link":"https:\/\/www.sisinternational.com\/it\/competenza\/ricerche-di-mercato-sullelio\/","title":{"rendered":"Ricerche di mercato sull&#039;elio"},"content":{"rendered":"<h1 class=\"wp-block-heading\">Ricerche di mercato sull&#039;elio<\/h1>\n\n\n\n<figure class=\"gb-block-image gb-block-image-411522a8\"><img loading=\"lazy\" decoding=\"async\" width=\"1456\" height=\"816\" class=\"gb-image gb-image-411522a8\" src=\"https:\/\/www.sisinternational.com\/wp-content\/uploads\/2025\/08\/Butane-1.jpg\" alt=\"Ricerca e strategia di mercato internazionale SIS\" title=\"Butane (1)\" srcset=\"https:\/\/www.sisinternational.com\/wp-content\/uploads\/2025\/08\/Butane-1.jpg 1456w, https:\/\/www.sisinternational.com\/wp-content\/uploads\/2025\/08\/Butane-1-300x168.jpg 300w, https:\/\/www.sisinternational.com\/wp-content\/uploads\/2025\/08\/Butane-1-1024x574.jpg 1024w, https:\/\/www.sisinternational.com\/wp-content\/uploads\/2025\/08\/Butane-1-768x430.jpg 768w, https:\/\/www.sisinternational.com\/wp-content\/uploads\/2025\/08\/Butane-1-18x10.jpg 18w\" sizes=\"auto, (max-width: 1456px) 100vw, 1456px\"><\/figure>\n\n\n\n<p><\/p>\n\n\n\n<p>Il mercato globale dell\u2019elio ha registrato una crescita significativa negli ultimi anni, guidata dalle sue diverse applicazioni in vari settori.<\/p>\n\n\n\n<p>In realt\u00e0, l\u2019elio svolge un ruolo fondamentale in settori quali quello sanitario, aerospaziale e della produzione di semiconduttori. Di conseguenza, una ricerca completa sul mercato dell\u2019elio \u00e8 importante per le parti interessate del settore per comprendere le attuali dinamiche, tendenze e prospettive di crescita futura del mercato.<\/p>\n\n\n\n<h2 class=\"wp-block-heading\">Importanza delle ricerche di mercato sull&#039;elio per le parti interessate del settore<\/h2>\n\n\n\n<p>Market research provides an analysis of the market&#8217;s growth drivers, challenges, and emerging opportunities in the helium Industry. This information enables stakeholders to identify areas of potential growth and develop <a href=\"https:\/\/www.sisinternational.com\/it\/il-ruolo-dello-sviluppo-di-processi-e-sistemi-nel-successo-organizzativo\/\" title=\"Ricerche di mercato sulla progettazione organizzativa\"  data-wpil-monitor-id=\"8232\">strategies to capture a larger market<\/a> share.<\/p>\n\n\n\n<p>Furthermore, helium market research helps businesses gain an understanding of the competitive landscape, including the key players, their market share, and recent developments. This knowledge allows businesses to adapt their strategies and better <a href=\"https:\/\/www.sisinternational.com\/it\/soluzioni\/soluzioni-di-branding-e-ricerca-clienti\/ricerca-di-mercato-sul-posizionamento-del-marchio\/\" title=\"Ricerche di mercato sul posizionamento del marchio\"  data-wpil-monitor-id=\"8248\">position themselves within the market<\/a>.<\/p>\n\n\n\n<p>It also provides stakeholders with an in-depth comprehension of the regional dynamics of the helium market. This includes insights into regional demand patterns, supply chain disruptions, and <a href=\"https:\/\/www.sisinternational.com\/it\/competenza\/industrie\/ricerche-di-mercato-del-governo-federale\/\" title=\"Ricerche di mercato del governo federale\"  data-wpil-monitor-id=\"8246\">government policies that can influence market<\/a> growth.<\/p>\n\n\n\n<h3 class=\"wp-block-heading\">Tendenze del mercato dell\u2019elio<\/h3>\n\n\n\n<ul class=\"wp-block-list\">\n<li><strong>Progressi tecnologici nell\u2019estrazione e produzione di elio:<\/strong> Recent innovations in extraction and production technologies have made it more efficient and cost-effective to obtain helium from various sources. Helium market research highlights these advancements, enabling <a href=\"https:\/\/www.sisinternational.com\/it\/soluzioni\/ai-ricerche-di-mercato-e-consulenza-strategica\/consulenza-sullintelligenza-artificiale-per-lautomazione-del-settore-tecnologico\/\" title=\"Consulenza sull&#039;automazione del settore tecnologico e sull&#039;intelligenza artificiale\"  data-wpil-monitor-id=\"8250\">industry players to adopt new technologies<\/a> and improve their production processes.<\/li>\n\n\n\n<li><strong>Domanda crescente nei settori emergenti:<\/strong> Helium market research reveals an increasing demand for helium in emerging industries such as renewable energy, advanced manufacturing, and electronics. Understanding this trend allows stakeholders to tap into new <a href=\"https:\/\/www.sisinternational.com\/it\/competenza\/curriculum-di-esperienza\/ricerche-di-mercato-sui-prodotti-per-la-cura-personale\/\" title=\"Ricerche di mercato sui prodotti per la cura personale\"  data-wpil-monitor-id=\"8234\">markets and diversify their product<\/a> offerings.<\/li>\n\n\n\n<li><strong>Verso soluzioni efficienti dal punto di vista energetico:<\/strong> Poich\u00e9 le preoccupazioni ambientali continuano ad aumentare, le industrie sono sempre pi\u00f9 alla ricerca di alternative sostenibili ed efficienti dal punto di vista energetico. Una ricerca di mercato sull\u2019elio identifica questa tendenza e il suo impatto sulla domanda di elio in applicazioni quali la criogenia e il rilevamento delle perdite.<\/li>\n\n\n\n<li><strong>Politiche e regolamenti governativi:<\/strong> Le ricerche di mercato sull&#039;elio aiutano le parti interessate a rimanere informate sulle ultime politiche e normative governative che possono influenzare il settore. Queste informazioni sono fondamentali per le aziende per garantire la conformit\u00e0 e sviluppare strategie per affrontare le potenziali sfide poste dai cambiamenti normativi.<\/li>\n<\/ul>\n\n\n\n<h2 class=\"wp-block-heading\">Opportunit\u00e0 di mercato<\/h2>\n\n\n\n<ul class=\"wp-block-list\">\n<li>Con la crescente consapevolezza dell&#039;offerta limitata di elio e la crescente domanda, il riciclaggio e il recupero dell&#039;elio sono emersi come importanti opportunit\u00e0 di mercato. La ricerca di mercato dell\u2019elio evidenzia tecnologie e processi che consentono il recupero e il riutilizzo efficienti dell\u2019elio, riducendo gli sprechi e diminuendo la dipendenza dalle riserve naturali.<\/li>\n\n\n\n<li>I progressi nelle tecnologie di produzione possono portare a metodi pi\u00f9 efficienti ed economici di estrazione e purificazione dell\u2019elio. La ricerca di mercato sull\u2019elio identifica le ultime innovazioni nelle tecnologie di produzione, offrendo alle parti interessate del settore l\u2019opportunit\u00e0 di migliorare i propri processi e mantenere un vantaggio competitivo.<\/li>\n\n\n\n<li>Con l\u2019emergere di nuove industrie e applicazioni, si prevede che la domanda di elio aumenter\u00e0. La ricerca di mercato sull\u2019elio offre approfondimenti su potenziali applicazioni in settori come l\u2019energia rinnovabile, i materiali avanzati e l\u2019informatica quantistica.<\/li>\n<\/ul>\n\n\n\n<h2 class=\"wp-block-heading\">Le sfide del mercato<\/h2>\n\n\n\n<ul class=\"wp-block-list\">\n<li>Una delle principali sfide che il mercato dell\u2019elio deve affrontare \u00e8 l\u2019esaurimento delle riserve naturali di elio. Evidenzia la crescente preoccupazione per le risorse limitate e la necessit\u00e0 di soluzioni sostenibili come il riciclaggio e l\u2019esplorazione di fonti alternative per garantire la fornitura di elio.<\/li>\n\n\n\n<li>Tensioni e conflitti geopolitici possono portare a interruzioni della catena di approvvigionamento, influenzando la disponibilit\u00e0 e il prezzo dell\u2019elio. La ricerca di mercato dell\u2019elio aiuta le parti interessate a comprendere queste sfide e a sviluppare strategie per garantire una fornitura stabile e ridurre al minimo l\u2019impatto delle interruzioni sulle loro operazioni.<\/li>\n\n\n\n<li>L\u2019industria dell\u2019elio \u00e8 soggetta a severe normative ambientali, che possono rappresentare sfide per le imprese. Le ricerche di mercato sull&#039;elio consentono alle parti interessate di rimanere informate sulle ultime normative, garantendo la conformit\u00e0 e riducendo il rischio di sanzioni o interruzioni operative.<\/li>\n<\/ul>\n\n\n\n<h2 class=\"wp-block-heading\">Comprendere il panorama competitivo delle ricerche di mercato sull\u2019elio<\/h2>\n\n\n\n<p>La ricerca di mercato dell\u2019elio \u00e8 essenziale per comprendere il panorama competitivo del settore, che comprende i principali attori del mercato, le loro strategie e i recenti sviluppi. Rimanendo informati sul panorama competitivo, le parti interessate del settore possono adattare le proprie strategie per mantenere un vantaggio competitivo e sfruttare le opportunit\u00e0 di crescita. Alcuni dei fattori chiave da considerare sono i seguenti:<\/p>\n\n\n\n<ul class=\"wp-block-list\">\n<li><strong>Principali attori del mercato:<\/strong> Helium market research identifies the leading companies operating in the industry, their market share, and core competencies. This information enables stakeholders to <a href=\"https:\/\/www.sisinternational.com\/it\/soluzioni\/consulenza-strategica\/ricerca-di-valutazione-del-mercato\/\" title=\"Ricerca sulla valutazione del mercato\"  data-wpil-monitor-id=\"8237\">assess their position in the market<\/a> and develop strategies to compete effectively against other players.<\/li>\n\n\n\n<li><a href=\"https:\/\/www.sisinternational.com\/it\/soluzioni\/consulenza-strategica\/identificazione-degli-obiettivi-di-fusioni-e-acquisizioni\/\" title=\"Ricerca su fusioni e acquisizioni\"  data-wpil-monitor-id=\"6950\">Mergers and acquisitions: Helium market research<\/a> provides insights into recent mergers, acquisitions, and collaborations in the industry, which can reshape the competitive landscape and offer growth opportunities for businesses.<\/li>\n\n\n\n<li><strong>Barriere e opportunit\u00e0 di accesso al mercato:<\/strong> La ricerca di mercato dell\u2019elio evidenzia le barriere all\u2019ingresso per nuovi attori come elevati requisiti di capitale, sfide tecnologiche e conformit\u00e0 normativa. Allo stesso tempo, identifica le opportunit\u00e0 di mercato che possono essere sfruttate dai nuovi entranti o dagli attori esistenti che desiderano espandere la propria presenza.<\/li>\n<\/ul>\n\n\n\n<h2 class=\"wp-block-heading\">Previsioni per le ricerche di mercato dell\u2019elio<\/h2>\n\n\n\n<ul class=\"wp-block-list\">\n<li>Helium market research offers projections for the global demand and supply of helium, taking into account factors such as the growth of key industries, technological advancements, and alternative sources. These projections enable stakeholders to assess the <a href=\"https:\/\/www.sisinternational.com\/it\/soluzioni\/consulenza-strategica\/ricerca-di-mercato-minima-del-prodotto-praticabile\/\" title=\"Ricerca di mercato sui prodotti minimi validi\"  data-wpil-monitor-id=\"8240\">market&#8217;s future potential and plan their production<\/a> capacities accordingly.<\/li>\n\n\n\n<li>Mentre i governi di tutto il mondo adottano normative ambientali pi\u00f9 rigorose, l\u2019industria dell\u2019elio potrebbe trovarsi ad affrontare una maggiore pressione per ridurre la propria impronta ambientale. Ci\u00f2 potrebbe incidere sui costi di produzione e sulle dinamiche di mercato.<\/li>\n\n\n\n<li>Helium is used in the <a href=\"https:\/\/www.sisinternational.com\/it\/soluzioni\/soluzioni-di-branding-e-ricerca-clienti\/ricerche-di-mercato-per-test-di-prodotto\/\" title=\"Ricerche di mercato sui test dei prodotti\"  data-wpil-monitor-id=\"8243\">production and testing<\/a> of aerospace and defense equipment, including satellite and rocket launch systems. As space exploration and defense spending increase globally, so too will the demand for helium.<\/li>\n\n\n\n<li>Si prevede che il mercato dell\u2019elio si espander\u00e0 nelle economie emergenti, dove la crescente industrializzazione e il progresso tecnologico creano nuove opportunit\u00e0 per il consumo di elio. Poich\u00e9 paesi come Cina, India e Brasile continuano a svilupparsi, \u00e8 probabile che la loro domanda di elio aumenti, contribuendo alla crescita del mercato.<\/li>\n\n\n\n<li>Con l\u2019aumento della domanda di elio, i progressi nella tecnologia di liquefazione dell\u2019elio svolgeranno un ruolo significativo nel migliorare l\u2019efficienza produttiva e ridurre i costi. Il miglioramento dei processi di liquefazione pu\u00f2 comportare un minor consumo di energia e tassi di recupero dell\u2019elio pi\u00f9 elevati.<\/li>\n\n\n\n<li>Poich\u00e9 il mercato dell\u2019elio continua a crescere, gli operatori pi\u00f9 grandi potrebbero cercare di consolidare le proprie posizioni attraverso fusioni e acquisizioni. Questa tendenza potrebbe portare alla creazione di aziende pi\u00f9 integrate verticalmente, snellendo la catena di approvvigionamento dell\u2019elio e potenzialmente stabilizzando i prezzi.<\/li>\n<\/ul>\n\n\n\n<p>SIS International offre ricerca quantitativa, qualitativa e strategica. Forniamo dati, strumenti, strategie, report e approfondimenti per il processo decisionale. Conduciamo interviste, sondaggi, focus group e molti altri metodi e approcci di ricerca di mercato. Contattaci per il tuo prossimo progetto di ricerca di mercato.<\/p>\n\n\n\n<p><\/p>","protected":false},"excerpt":{"rendered":"<p>L\u2019elio \u00e8 fondamentale nella produzione sanitaria, aerospaziale e di semiconduttori. Il mercato ha registrato una crescita significativa negli ultimi anni.<\/p>","protected":false},"author":1,"featured_media":63922,"parent":14514,"menu_order":264,"comment_status":"closed","ping_status":"closed","template":"","meta":{"footnotes":""},"class_list":["post-42404","page","type-page","status-publish","has-post-thumbnail"],"_links":{"self":[{"href":"https:\/\/www.sisinternational.com\/it\/wp-json\/wp\/v2\/pages\/42404","targetHints":{"allow":["GET"]}}],"collection":[{"href":"https:\/\/www.sisinternational.com\/it\/wp-json\/wp\/v2\/pages"}],"about":[{"href":"https:\/\/www.sisinternational.com\/it\/wp-json\/wp\/v2\/types\/page"}],"author":[{"embeddable":true,"href":"https:\/\/www.sisinternational.com\/it\/wp-json\/wp\/v2\/users\/1"}],"replies":[{"embeddable":true,"href":"https:\/\/www.sisinternational.com\/it\/wp-json\/wp\/v2\/comments?post=42404"}],"version-history":[{"count":5,"href":"https:\/\/www.sisinternational.com\/it\/wp-json\/wp\/v2\/pages\/42404\/revisions"}],"predecessor-version":[{"id":81384,"href":"https:\/\/www.sisinternational.com\/it\/wp-json\/wp\/v2\/pages\/42404\/revisions\/81384"}],"up":[{"embeddable":true,"href":"https:\/\/www.sisinternational.com\/it\/wp-json\/wp\/v2\/pages\/14514"}],"wp:featuredmedia":[{"embeddable":true,"href":"https:\/\/www.sisinternational.com\/it\/wp-json\/wp\/v2\/media\/63922"}],"wp:attachment":[{"href":"https:\/\/www.sisinternational.com\/it\/wp-json\/wp\/v2\/media?parent=42404"}],"curies":[{"name":"wp","href":"https:\/\/api.w.org\/{rel}","templated":true}]}}