{"id":42388,"date":"2023-04-14T23:09:16","date_gmt":"2023-04-15T03:09:16","guid":{"rendered":"https:\/\/www.sisinternational.com\/?page_id=42388"},"modified":"2026-01-26T16:47:56","modified_gmt":"2026-01-26T21:47:56","slug":"ricerche-di-mercato-sulla-filtrazione-e-purificazione-dellacqua","status":"publish","type":"page","link":"https:\/\/www.sisinternational.com\/it\/competenza\/ricerche-di-mercato-sulla-filtrazione-e-purificazione-dellacqua\/","title":{"rendered":"Ricerche di mercato sulla purificazione e filtrazione dell\u2019acqua"},"content":{"rendered":"<h1 class=\"wp-block-heading\">Ricerche di mercato sulla purificazione e filtrazione dell\u2019acqua<\/h1>\n\n\n\n<figure class=\"gb-block-image gb-block-image-358ce2d3\"><img loading=\"lazy\" decoding=\"async\" width=\"1456\" height=\"816\" class=\"gb-image gb-image-358ce2d3\" src=\"https:\/\/www.sisinternational.com\/wp-content\/uploads\/2025\/08\/Water-21.jpg\" alt=\"Ricerca e strategia di mercato internazionale SIS\" title=\"Water (21)\" srcset=\"https:\/\/www.sisinternational.com\/wp-content\/uploads\/2025\/08\/Water-21.jpg 1456w, https:\/\/www.sisinternational.com\/wp-content\/uploads\/2025\/08\/Water-21-300x168.jpg 300w, https:\/\/www.sisinternational.com\/wp-content\/uploads\/2025\/08\/Water-21-1024x574.jpg 1024w, https:\/\/www.sisinternational.com\/wp-content\/uploads\/2025\/08\/Water-21-768x430.jpg 768w, https:\/\/www.sisinternational.com\/wp-content\/uploads\/2025\/08\/Water-21-18x10.jpg 18w\" sizes=\"auto, (max-width: 1456px) 100vw, 1456px\"><\/figure>\n\n\n\n<p><\/p>\n\n\n\n<p>La ricerca di mercato sulla filtrazione e purificazione dell\u2019acqua \u00e8 fondamentale poich\u00e9 coinvolge prodotti che forniscono processi che garantiscono alle persone l\u2019accesso ad acqua pulita e sicura per il consumo. La crescente domanda di acqua potabile ha portato allo sviluppo di varie tecnologie per il trattamento dell\u2019acqua.<\/p>\n\n\n\n<p>La filtrazione e la purificazione dell\u2019acqua sono fondamentali per garantire la salute pubblica prevenendo la diffusione di malattie trasmesse dall\u2019acqua. L\u2019acqua contaminata \u00e8 una delle principali cause di malattie e morte in molte parti del mondo, in particolare nei paesi in via di sviluppo dove l\u2019accesso all\u2019acqua pulita \u00e8 limitato.<\/p>\n\n\n\n<p>The water filtration and purification industry are an essential sector that plays a critical role in ensuring that the world&#8217;s water supply is safe and clean for human consumption. With the increasing concern over drinking water quality, the demand for <a href=\"https:\/\/www.sisinternational.com\/it\/competenza\/industrie\/ricerche-di-mercato-sulla-tecnologia-dellacqua\/\" title=\"Ricerche di mercato sulla tecnologia dell&#039;acqua\"  data-wpil-monitor-id=\"4678\">water filtration and purification<\/a> systems has been steadily increasing and market research provides insights vital to the growth of the industry.<\/p>\n\n\n\n<h2 class=\"wp-block-heading\">Driver di mercato nelle ricerche di mercato sulla purificazione e filtrazione dell\u2019acqua<\/h2>\n\n\n\n<p>Uno dei fattori trainanti pi\u00f9 importanti del settore della filtrazione e purificazione dell\u2019acqua \u00e8 la crescente consapevolezza dei rischi per la salute associati all\u2019acqua potabile contaminata. Man mano che sempre pi\u00f9 persone diventano consapevoli dei pericoli derivanti dal consumo di acqua con alti livelli di contaminanti, \u00e8 pi\u00f9 probabile che investano in sistemi di filtraggio e purificazione dell\u2019acqua per garantire che la loro acqua sia sicura.<\/p>\n\n\n\n<p>Il settore \u00e8 inoltre guidato da requisiti normativi che impongono la qualit\u00e0 dell\u2019acqua potabile in varie regioni del mondo. I governi e gli enti di regolamentazione impongono norme sempre pi\u00f9 severe sulla qualit\u00e0 dell\u2019acqua, il che ha portato ad un aumento della domanda di sistemi di filtraggio e purificazione dell\u2019acqua.<\/p>\n\n\n\n<p>Anche le innovazioni nelle tecnologie di filtrazione e purificazione dell\u2019acqua stanno contribuendo ai cambiamenti e alla crescita del settore. Si stanno scoprendo nuove tecnologie per migliorare l\u2019efficienza e l\u2019efficacia dei sistemi di trattamento dell\u2019acqua, rendendoli pi\u00f9 convenienti e accessibili a una gamma pi\u00f9 ampia di consumatori.<\/p>\n\n\n\n<h2 class=\"wp-block-heading\">Visualizzazione del prodotto<\/h2>\n\n\n\n<figure class=\"gb-block-image gb-block-image-d55f5f83\"><img loading=\"lazy\" decoding=\"async\" width=\"1456\" height=\"816\" class=\"gb-image gb-image-d55f5f83\" src=\"https:\/\/www.sisinternational.com\/wp-content\/uploads\/2025\/08\/Water-25.jpg\" alt=\"Ricerca e strategia di mercato internazionale SIS\" title=\"Water (25)\" srcset=\"https:\/\/www.sisinternational.com\/wp-content\/uploads\/2025\/08\/Water-25.jpg 1456w, https:\/\/www.sisinternational.com\/wp-content\/uploads\/2025\/08\/Water-25-300x168.jpg 300w, https:\/\/www.sisinternational.com\/wp-content\/uploads\/2025\/08\/Water-25-1024x574.jpg 1024w, https:\/\/www.sisinternational.com\/wp-content\/uploads\/2025\/08\/Water-25-768x430.jpg 768w, https:\/\/www.sisinternational.com\/wp-content\/uploads\/2025\/08\/Water-25-18x10.jpg 18w\" sizes=\"auto, (max-width: 1456px) 100vw, 1456px\"><\/figure>\n\n\n\n<p><\/p>\n\n\n\n<p>The water purification and water filtration industry offer a variety of products that are designed to remove contaminants and impurities from water. <a href=\"https:\/\/www.sisinternational.com\/it\/competenza\/industrie\/ricerche-di-mercato-sullacqua-in-bottiglia\/\" title=\"Ricerche di mercato sull\u2019acqua in bottiglia\"  data-wpil-monitor-id=\"4960\">Ricerche di mercato sulla purificazione e filtrazione dell\u2019acqua<\/a> provides insights into the use of these products and their impact to the industry overall. Here are some of the products commonly sold in the industry:<\/p>\n\n\n\n<ul class=\"wp-block-list\">\n<li>I filtri per l&#039;acqua sono uno dei prodotti pi\u00f9 comuni nel settore della filtrazione dell&#039;acqua. Sono progettati per rimuovere le impurit\u00e0 dall&#039;acqua del rubinetto e fornire acqua potabile pulita e sicura. I filtri per l&#039;acqua sono disponibili in varie forme, inclusi filtri per brocca, montati su rubinetto, da appoggio e sottolavello.<\/li>\n\n\n\n<li>I sistemi ad osmosi inversa sono un altro prodotto popolare venduto nel settore della purificazione dell\u2019acqua. Questi sistemi utilizzano una membrana semipermeabile per eliminare i contaminanti, inclusi sali, minerali e altre impurit\u00e0 dall&#039;acqua. I sistemi ad osmosi inversa sono comunemente usati per purificare l&#039;acqua nelle case, negli uffici e in altri edifici.<\/li>\n\n\n\n<li>Gli addolcitori d&#039;acqua sono progettati per rimuovere minerali duri dall&#039;acqua, come calcio e magnesio. L\u2019acqua dura pu\u00f2 causare vari problemi, tra cui l\u2019ostruzione di tubi ed elettrodomestici e l\u2019alterazione del sapore e dell\u2019odore dell\u2019acqua. Gli addolcitori d&#039;acqua sono comunemente usati nelle case, negli uffici e in altri edifici.<\/li>\n\n\n\n<li>I sistemi di disinfezione a raggi ultravioletti (UV) utilizzano la luce UV per porre fine a batteri, virus e altri microrganismi presenti nell\u2019acqua. Questi sistemi sono comunemente utilizzati negli impianti comunali di trattamento delle acque, negli ospedali e in altri ambienti in cui la purezza dell&#039;acqua \u00e8 fondamentale.<\/li>\n\n\n\n<li>I sistemi di distillazione sono impostati per rimuovere i contaminanti dell&#039;acqua facendoli bollire e quindi condensando il vapore. Questi sistemi sono spesso utilizzati nei laboratori e in altri ambienti che richiedono acqua ad elevata purezza.<\/li>\n<\/ul>\n\n\n\n<h2 class=\"wp-block-heading\">Industrie che si affidano alla purificazione e alla filtrazione dell&#039;acqua<\/h2>\n\n\n\n<p>La filtrazione e la purificazione dell\u2019acqua sono cruciali in diversi settori, ecco perch\u00e9 i dati e le strategie nelle ricerche di mercato sulla purificazione e filtrazione dell\u2019acqua sono preziosi. Di seguito sono elencate le principali industrie che si affidano alla purificazione e alla filtrazione dell&#039;acqua:<\/p>\n\n\n\n<ul class=\"wp-block-list\">\n<li><strong>Le industrie alimentari e delle bevande<\/strong> dipendono molto dall\u2019acqua per i processi produttivi e la qualit\u00e0 dell\u2019acqua utilizzata pu\u00f2 influire sulla qualit\u00e0 e sulla sicurezza del prodotto. I sistemi di filtrazione e purificazione sono essenziali per garantire che l\u2019acqua utilizzata sia priva di impurit\u00e0, microrganismi e altri contaminanti.<\/li>\n\n\n\n<li><strong>Nel settore sanitario<\/strong>, la qualit\u00e0 dell&#039;acqua \u00e8 fondamentale per la cura dei pazienti, anche nelle strutture mediche, nei laboratori e nella produzione farmaceutica. La purificazione e la filtrazione dell&#039;acqua sono necessarie per garantire che l&#039;acqua utilizzata sia sicura per il consumo umano e per le procedure mediche.<\/li>\n\n\n\n<li><strong>Trattamento delle acque comunali<\/strong> fa molto affidamento sulla filtrazione e sulla purificazione dell\u2019acqua, poich\u00e9 \u00e8 responsabile della fornitura di acqua potabile sicura a intere comunit\u00e0. Il processo di trattamento prevede la rimozione dei contaminanti dalle fonti di acqua grezza per renderle sicure per il consumo.<\/li>\n\n\n\n<li><strong>Trattamento delle acque reflue<\/strong> \u00e8 un&#039;altra applicazione essenziale della filtrazione e purificazione dell&#039;acqua. Il processo prevede la rimozione di sostanze inquinanti e contaminanti dalle acque reflue prima che vengano rilasciate nell&#039;ambiente. Ci\u00f2 aiuta a prevenire la contaminazione delle fonti d\u2019acqua naturali e a garantire la sostenibilit\u00e0 ambientale.<\/li>\n\n\n\n<li><strong>Nell&#039;industria elettronica<\/strong>, i sistemi di filtrazione e purificazione dell&#039;acqua sono essenziali per garantire la qualit\u00e0 e la purezza dell&#039;acqua utilizzata nei processi produttivi. Ci\u00f2 aiuta a prevenire la contaminazione dei componenti elettronici e a mantenere la qualit\u00e0 del prodotto.<\/li>\n<\/ul>\n\n\n\n<h2 class=\"wp-block-heading\">Perch\u00e9 le aziende dovrebbero condurre ricerche di mercato sulla purificazione e filtrazione dell\u2019acqua<\/h2>\n\n\n\n<figure class=\"gb-block-image gb-block-image-4478ea7b\"><img loading=\"lazy\" decoding=\"async\" width=\"1456\" height=\"816\" class=\"gb-image gb-image-4478ea7b\" src=\"https:\/\/www.sisinternational.com\/wp-content\/uploads\/2025\/08\/Water-27.jpg\" alt=\"Ricerca e strategia di mercato internazionale SIS\" title=\"Water (27)\" srcset=\"https:\/\/www.sisinternational.com\/wp-content\/uploads\/2025\/08\/Water-27.jpg 1456w, https:\/\/www.sisinternational.com\/wp-content\/uploads\/2025\/08\/Water-27-300x168.jpg 300w, https:\/\/www.sisinternational.com\/wp-content\/uploads\/2025\/08\/Water-27-1024x574.jpg 1024w, https:\/\/www.sisinternational.com\/wp-content\/uploads\/2025\/08\/Water-27-768x430.jpg 768w, https:\/\/www.sisinternational.com\/wp-content\/uploads\/2025\/08\/Water-27-18x10.jpg 18w\" sizes=\"auto, (max-width: 1456px) 100vw, 1456px\"><\/figure>\n\n\n\n<p><\/p>\n\n\n\n<p>Businesses and companies operating in the water purification and water filtration industry should conduct market research that way they can gain a deeper understanding of their customers, competition, and the overall market landscape. Here are the <a href=\"https:\/\/www.sisinternational.com\/it\/competenza\/industrie\/ricerche-di-mercato-sui-media-ott\/\" title=\"Ricerche di mercato sui media superiori (OTT).\"  data-wpil-monitor-id=\"6209\">top reasons why market research<\/a> is crucial for businesses in this industry:<\/p>\n\n\n\n<ul class=\"wp-block-list\">\n<li><strong>Identificare le esigenze del cliente:<\/strong> Le ricerche di mercato possono aiutare le aziende a identificare le esigenze specifiche dei propri clienti. Raccogliendo dati sulle preferenze, sui comportamenti e sui livelli di soddisfazione dei clienti, le aziende possono sviluppare prodotti e servizi che soddisfano le esigenze dei propri clienti in modo pi\u00f9 efficace.<\/li>\n\n\n\n<li><strong>Ricerche di mercato sulla purificazione e filtrazione dell\u2019acqua:<\/strong> Consente alle aziende di rimanere competitive e rilevanti identificando le tendenze del mercato e i cambiamenti nelle preferenze dei clienti. I dati e le strategie nelle ricerche di mercato sulla purificazione e filtrazione dell\u2019acqua possono essere utilizzati per adattarsi alle condizioni di mercato in evoluzione e scoprire nuovi prodotti.<\/li>\n\n\n\n<li><strong>Ottimizzare le strategie di marketing come ricerche di mercato:<\/strong> Ci\u00f2 fornisce informazioni dettagliate sui dati demografici, sulle preferenze e sul comportamento di acquisto dei clienti. Le informazioni raccolte possono essere utilizzate per sviluppare campagne di marketing che coinvolgeranno il pubblico target e aumenteranno la redditivit\u00e0.<\/li>\n\n\n\n<li><strong>Migliorare lo sviluppo del prodotto:<\/strong> La ricerca di mercato fornisce feedback sulle esigenze e preferenze dei clienti, che pu\u00f2 essere utilizzato per migliorare lo sviluppo del prodotto, con conseguente miglioramento delle relazioni con i clienti.<\/li>\n<\/ul>\n\n\n\n<p>Il futuro del settore della purificazione e filtrazione dell\u2019acqua sembra promettente, con progressi tecnologici e crescenti preoccupazioni sulla scarsit\u00e0 e sulla contaminazione dell\u2019acqua. Investire nelle ricerche di mercato sulla purificazione e filtrazione dell\u2019acqua pu\u00f2 aiutare le aziende a prosperare e ad avere successo in questo settore dinamico ed essenziale.<\/p>","protected":false},"excerpt":{"rendered":"<p>La filtrazione e la purificazione dell\u2019acqua sono fondamentali per garantire la salute pubblica prevenendo la diffusione di malattie trasmesse dall\u2019acqua.<\/p>","protected":false},"author":1,"featured_media":63544,"parent":14514,"menu_order":260,"comment_status":"closed","ping_status":"closed","template":"","meta":{"footnotes":""},"class_list":["post-42388","page","type-page","status-publish","has-post-thumbnail"],"_links":{"self":[{"href":"https:\/\/www.sisinternational.com\/it\/wp-json\/wp\/v2\/pages\/42388","targetHints":{"allow":["GET"]}}],"collection":[{"href":"https:\/\/www.sisinternational.com\/it\/wp-json\/wp\/v2\/pages"}],"about":[{"href":"https:\/\/www.sisinternational.com\/it\/wp-json\/wp\/v2\/types\/page"}],"author":[{"embeddable":true,"href":"https:\/\/www.sisinternational.com\/it\/wp-json\/wp\/v2\/users\/1"}],"replies":[{"embeddable":true,"href":"https:\/\/www.sisinternational.com\/it\/wp-json\/wp\/v2\/comments?post=42388"}],"version-history":[{"count":6,"href":"https:\/\/www.sisinternational.com\/it\/wp-json\/wp\/v2\/pages\/42388\/revisions"}],"predecessor-version":[{"id":79796,"href":"https:\/\/www.sisinternational.com\/it\/wp-json\/wp\/v2\/pages\/42388\/revisions\/79796"}],"up":[{"embeddable":true,"href":"https:\/\/www.sisinternational.com\/it\/wp-json\/wp\/v2\/pages\/14514"}],"wp:featuredmedia":[{"embeddable":true,"href":"https:\/\/www.sisinternational.com\/it\/wp-json\/wp\/v2\/media\/63544"}],"wp:attachment":[{"href":"https:\/\/www.sisinternational.com\/it\/wp-json\/wp\/v2\/media?parent=42388"}],"curies":[{"name":"wp","href":"https:\/\/api.w.org\/{rel}","templated":true}]}}