{"id":42386,"date":"2023-04-14T16:14:40","date_gmt":"2023-04-14T20:14:40","guid":{"rendered":"https:\/\/www.sisinternational.com\/?page_id=42386"},"modified":"2026-01-24T21:08:38","modified_gmt":"2026-01-25T02:08:38","slug":"ricerche-di-mercato-sul-trattamento-dei-fanghi-dacqua","status":"publish","type":"page","link":"https:\/\/www.sisinternational.com\/it\/competenza\/ricerche-di-mercato-sul-trattamento-dei-fanghi-dacqua\/","title":{"rendered":"Ricerche di mercato sul trattamento delle acque e dei fanghi"},"content":{"rendered":"<h1 class=\"wp-block-heading\">Ricerche di mercato sul trattamento delle acque e dei fanghi<\/h1>\n\n\n\n<figure class=\"gb-block-image gb-block-image-6c5f11c5\"><img loading=\"lazy\" decoding=\"async\" width=\"1456\" height=\"816\" class=\"gb-image gb-image-6c5f11c5\" src=\"https:\/\/www.sisinternational.com\/wp-content\/uploads\/2025\/08\/Water-28.jpg\" alt=\"Ricerca e strategia di mercato internazionale SIS\" title=\"Water (28)\" srcset=\"https:\/\/www.sisinternational.com\/wp-content\/uploads\/2025\/08\/Water-28.jpg 1456w, https:\/\/www.sisinternational.com\/wp-content\/uploads\/2025\/08\/Water-28-300x168.jpg 300w, https:\/\/www.sisinternational.com\/wp-content\/uploads\/2025\/08\/Water-28-1024x574.jpg 1024w, https:\/\/www.sisinternational.com\/wp-content\/uploads\/2025\/08\/Water-28-768x430.jpg 768w, https:\/\/www.sisinternational.com\/wp-content\/uploads\/2025\/08\/Water-28-18x10.jpg 18w\" sizes=\"auto, (max-width: 1456px) 100vw, 1456px\"><\/figure>\n\n\n\n<p><\/p>\n\n\n\n<p>Il trattamento dell&#039;acqua e dei fanghi rimuove i contaminanti dalle acque reflue e dai fanghi. Questo processo lo rende sicuro per lo scarico o il riutilizzo.<\/p>\n\n\n\n<p>Produciamo acque reflue provenienti da attivit\u00e0 domestiche, industriali e agricole. Contiene una variet\u00e0 di inquinanti, inclusi composti organici e inorganici. Contiene anche solidi sospesi, agenti patogeni e metalli pesanti. Il fango \u00e8 il residuo semisolido che rimane dopo il processo di trattamento delle acque reflue.<\/p>\n\n\n\n<p>Il trattamento delle acque e dei fanghi coinvolge vari processi fisici, chimici e biologici. Questi processi rimuovono i contaminanti dalle acque reflue e dai fanghi. Alcuni metodi di trattamento standard includono sedimentazione, filtrazione, trattamento naturale, trattamento chimico e disinfezione. Il metodo di trattamento specifico utilizzato dipende da fattori quali:<\/p>\n\n\n\n<ol class=\"wp-block-list\">\n<li>La natura e la concentrazione dei contaminanti nelle acque reflue e nei fanghi.<\/li>\n\n\n\n<li>Il livello di trattamento desiderato.<\/li>\n<\/ol>\n\n\n\n<p>Un altro punto chiave \u00e8 che il trattamento delle acque e dei fanghi mira a proteggere la salute pubblica e l\u2019ambiente. Riduce i contaminanti nelle acque reflue e nei fanghi a livelli sicuri. Possiamo quindi scaricare l&#039;acqua trattata. Oppure possiamo riutilizzarlo per vari scopi, come l&#039;irrigazione o i processi industriali. Possiamo utilizzare i fanghi trattati come fertilizzante o smaltirli in modo sicuro.<\/p>\n\n\n\n<h2 class=\"wp-block-heading\">Perch\u00e9 \u00e8 importante il trattamento delle acque e dei fanghi?<\/h2>\n\n\n\n<p>Il trattamento delle acque e dei fanghi \u00e8 essenziale per diversi motivi. Le acque reflue e i fanghi possono contenere inquinanti nocivi come batteri, virus e sostanze chimiche. Inoltre, se non trattati, questi inquinanti possono contaminare le fonti d\u2019acqua. La contaminazione porta alla diffusione di malattie e malattie.<\/p>\n\n\n\n<p>Anche le acque reflue e i fanghi non trattati possono danneggiare l\u2019ambiente. Ad esempio, danneggia la vita acquatica e inquina le fonti d\u2019acqua. Il corretto trattamento delle acque reflue e dei fanghi aiuta a ridurre questi impatti. Pertanto, protegge l&#039;ambiente.<\/p>\n\n\n\n<p>L\u2019acqua \u00e8 una risorsa limitata e un adeguato trattamento delle acque reflue pu\u00f2 contribuire a preservarla. Ecco perch\u00e9 dovremmo riutilizzarlo per l&#039;irrigazione e i processi industriali. Possiamo anche trattare i fanghi e usarli come fertilizzante. In questo modo riduciamo la necessit\u00e0 di fertilizzanti sintetici. Preserviamo anche le risorse naturali.<\/p>\n\n\n\n<p>Molti paesi dispongono di normative che richiedono il trattamento delle acque reflue e dei fanghi. Le persone in questi paesi devono trattare le acque reflue e i fanghi prima dello scarico o del riutilizzo. Il rispetto di queste norme, infatti, \u00e8 fondamentale per evitare multe e sanzioni legali.<\/p>\n\n\n\n<h2 class=\"wp-block-heading\">Titoli di lavoro chiave<\/h2>\n\n\n\n<figure class=\"gb-block-image gb-block-image-388f2c45\"><img loading=\"lazy\" decoding=\"async\" width=\"1456\" height=\"816\" class=\"gb-image gb-image-388f2c45\" src=\"https:\/\/www.sisinternational.com\/wp-content\/uploads\/2025\/08\/Water-19.jpg\" alt=\"Ricerca e strategia di mercato internazionale SIS\" title=\"Water (19)\" srcset=\"https:\/\/www.sisinternational.com\/wp-content\/uploads\/2025\/08\/Water-19.jpg 1456w, https:\/\/www.sisinternational.com\/wp-content\/uploads\/2025\/08\/Water-19-300x168.jpg 300w, https:\/\/www.sisinternational.com\/wp-content\/uploads\/2025\/08\/Water-19-1024x574.jpg 1024w, https:\/\/www.sisinternational.com\/wp-content\/uploads\/2025\/08\/Water-19-768x430.jpg 768w, https:\/\/www.sisinternational.com\/wp-content\/uploads\/2025\/08\/Water-19-18x10.jpg 18w\" sizes=\"auto, (max-width: 1456px) 100vw, 1456px\"><\/figure>\n\n\n\n<p><\/p>\n\n\n\n<h3 class=\"wp-block-heading\">Ecco alcuni titoli professionali chiave relativi al trattamento delle acque e dei fanghi:<\/h3>\n\n\n\n<ul class=\"wp-block-list\">\n<li><strong>Operatore dell&#039;impianto di trattamento delle acque\/reflui:<\/strong> Gestisce e mantiene le apparecchiature utilizzate per il trattamento e la purificazione dell&#039;acqua e delle acque reflue.<\/li>\n\n\n\n<li><strong>Ingegnere ambientale:<\/strong> Progetta e sviluppa processi e sistemi per il trattamento delle acque reflue e dei fanghi. Questo ingegnere garantisce anche il rispetto delle normative ambientali.<\/li>\n\n\n\n<li><a href=\"https:\/\/www.sisinternational.com\/it\/soluzioni\/prova-del-gusto\/sparkling-water-taste-testing\/\" title=\"Sparkling Water Taste Testing\"  data-wpil-monitor-id=\"9853\">Water Quality Analyst\/Chemist: Tests<\/a> and analyzes water as well as wastewater samples. In that way, they can determine the samples\u2019 chemical and biological composition. They can also ensure that the water meets regulatory requirements.<\/li>\n\n\n\n<li><strong>Operatore dell&#039;impianto di trattamento fanghi:<\/strong> Gestisce e mantiene le apparecchiature utilizzate per il trattamento e la lavorazione dei fanghi. Questa attrezzatura comprende sistemi di disidratazione, essiccazione e incenerimento.<\/li>\n\n\n\n<li><strong>Specialista in Salute e Sicurezza Ambientale:<\/strong> Questo specialista garantisce il rispetto delle normative ambientali, sanitarie e di sicurezza. Controllano inoltre per assicurarsi che l&#039;impianto segua le politiche relative ai processi e agli impianti di trattamento.<\/li>\n\n\n\n<li><strong>Water <\/strong><a href=\"https:\/\/www.sisinternational.com\/it\/soluzioni\/ai-ricerche-di-mercato-e-consulenza-strategica\/consulenza-sullintelligenza-artificiale-automazione-gestione-dei-talenti-delle-risorse-umane\/\" title=\"Automazione della gestione delle risorse umane e dei talenti e consulenza sull&#039;intelligenza artificiale\"  data-wpil-monitor-id=\"9846\">Resource Specialist: This specialist manages<\/a> and coordinates the use of water resources. These resources include water treatment, storage, distribution, and conservation.<\/li>\n\n\n\n<li><a href=\"https:\/\/www.sisinternational.com\/it\/competenza\/industrie\/ricerche-di-mercato-nel-settore-del-design-industriale\/\" title=\"Ricerche di mercato sul design industriale\"  data-wpil-monitor-id=\"9845\">Industrial Wastewater Treatment Specialist: Designs<\/a> and operates treatment systems for industrial wastewater. This type of wastewater may contain specialized pollutants and need technical treatment processes.<\/li>\n\n\n\n<li><strong>Ingegnere di processo:<\/strong> Designs and optimizes water and sludge treatment processes and puts them in place. This engineer also conducts process analysis to improve efficiency and <a href=\"https:\/\/www.sisinternational.com\/it\/how-to-conduct-effective-desk-research\/\" title=\"How to Conduct Effective Desk Research\"  data-wpil-monitor-id=\"9854\">effectiveness<\/a>.<\/li>\n<\/ul>\n\n\n\n<h2 class=\"wp-block-heading\">Perch\u00e9 le aziende hanno bisogno del trattamento delle acque e dei fanghi?<\/h2>\n\n\n\n<ul class=\"wp-block-list\">\n<li>Le aziende necessitano del trattamento dell\u2019acqua e dei fanghi per una serie di motivi. Molte industrie devono seguire le normative ambientali relative allo scarico delle acque reflue e dei fanghi. Un trattamento adeguato \u00e8 necessario per garantire la conformit\u00e0 ed evitare sanzioni legali.<\/li>\n\n\n\n<li>Le imprese responsabili dal punto di vista ambientale devono promuovere pratiche sostenibili. Seguendo queste pratiche, possono migliorare la loro immagine e reputazione pubblica.<\/li>\n\n\n\n<li>Il trattamento delle acque reflue e dei fanghi pu\u00f2 ridurre il volume dei rifiuti generati. Pu\u00f2 anche ridurre i costi di smaltimento associati. Inoltre, possiamo riutilizzare l\u2019acqua trattata per vari scopi. Il riutilizzo riduce la necessit\u00e0 di acquistare nuova acqua, abbassando cos\u00ec i costi.<\/li>\n\n\n\n<li>Il corretto trattamento delle acque reflue e dei fanghi pu\u00f2 preservare le risorse naturali. Ad esempio, consente di risparmiare acqua ed energia. Lo fa riducendo la necessit\u00e0 di nuove risorse e promuovendo la sostenibilit\u00e0.<\/li>\n\n\n\n<li>Le acque reflue e i fanghi possono contenere sostanze inquinanti nocive. Questi inquinanti possono comportare rischi per la salute e la sicurezza dei dipendenti e del pubblico. Un trattamento adeguato aiuta a ridurre questi rischi e a proteggere la salute pubblica.<\/li>\n\n\n\n<li>Molte industrie necessitano di acqua di alta qualit\u00e0 per i loro prodotti e processi. Un corretto trattamento dell\u2019acqua garantisce che soddisfi gli standard di qualit\u00e0 richiesti. Il trattamento porta ad una migliore qualit\u00e0 del prodotto.<\/li>\n<\/ul>\n\n\n\n<h2 class=\"wp-block-heading\">Fattori chiave del successo<\/h2>\n\n\n\n<ul class=\"wp-block-list\">\n<li>I fattori critici di successo per il trattamento delle acque e dei fanghi includono processi di trattamento efficaci. I processi di trattamento utilizzati devono rimuovere i contaminanti dall&#039;acqua e dai fanghi. L&#039;acqua e i fanghi trattati devono soddisfare i requisiti normativi. \u00c8 cos\u00ec che sapremo che sono sicuri per lo scarico o il riutilizzo.<\/li>\n\n\n\n<li>Una forza lavoro qualificata \u00e8 un altro fattore critico di successo. Tale forza lavoro \u00e8 necessaria per gestire e mantenere i sistemi di trattamento. Deve garantire che questi sistemi siano pratici ed efficienti. \u00c8 necessaria una manutenzione regolare per ridurre i tempi di inattivit\u00e0 e il rischio di guasti.<\/li>\n\n\n\n<li>Un altro fattore critico di successo \u00e8 il rispetto delle normative e degli standard ambientali. \u00c8 necessario per il successo di qualsiasi programma di trattamento delle acque e dei fanghi. La mancata osservanza pu\u00f2 comportare sanzioni legali e danni alla reputazione.<\/li>\n\n\n\n<li>Il monitoraggio e l\u2019analisi continui dei campioni di acqua e fanghi sono essenziali. Garantisce che i processi di trattamento siano efficaci. Conferma inoltre che le acque e i fanghi trattati soddisfano gli standard di qualit\u00e0.<\/li>\n\n\n\n<li>The ability to <a href=\"https:\/\/www.sisinternational.com\/it\/soluzioni\/innovazione-tecnologica\/\" title=\"SIS Technology &amp; Innovation Solutions\"  data-wpil-monitor-id=\"9848\">innovate and adapt to new technologies<\/a> and processes is also essential. It leads to further improvement. It also fosters the ability to meet changing regulatory requirements.<\/li>\n\n\n\n<li>\u00c8 fondamentale stabilire solide relazioni con le parti interessate, inclusi regolatori, clienti e fornitori. Garantisce che il programma di trattamento delle acque e dei fanghi abbia successo e sia sostenibile.<\/li>\n<\/ul>\n\n\n\n<h2 class=\"wp-block-heading\">Informazioni sulla ricerca di mercato sul trattamento delle acque e dei fanghi<\/h2>\n\n\n\n<figure class=\"gb-block-image gb-block-image-c7c592b4\"><img loading=\"lazy\" decoding=\"async\" width=\"1456\" height=\"816\" class=\"gb-image gb-image-c7c592b4\" src=\"https:\/\/www.sisinternational.com\/wp-content\/uploads\/2025\/08\/Water-18.jpg\" alt=\"Ricerca e strategia di mercato internazionale SIS\" title=\"Water (18)\" srcset=\"https:\/\/www.sisinternational.com\/wp-content\/uploads\/2025\/08\/Water-18.jpg 1456w, https:\/\/www.sisinternational.com\/wp-content\/uploads\/2025\/08\/Water-18-300x168.jpg 300w, https:\/\/www.sisinternational.com\/wp-content\/uploads\/2025\/08\/Water-18-1024x574.jpg 1024w, https:\/\/www.sisinternational.com\/wp-content\/uploads\/2025\/08\/Water-18-768x430.jpg 768w, https:\/\/www.sisinternational.com\/wp-content\/uploads\/2025\/08\/Water-18-18x10.jpg 18w\" sizes=\"auto, (max-width: 1456px) 100vw, 1456px\"><\/figure>\n\n\n\n<p><\/p>\n\n\n\n<p>It\u2019s not enough to do water and sludge treatment in a vacuum. You must also understand the market in which you will operate. That\u2019s where Quantitative and Qualitative Market Research comes in. Using techniques such as UX Market Research is critical. It lets you pinpoint the customer most likely to buy in and remain loyal to your brand. Strategy Research, Competitive Analysis, and <a href=\"https:\/\/www.sisinternational.com\/it\/competenza\/industrie\/ricerche-di-mercato-sui-fertilizzanti-potassici\/\" title=\"Ricerche di mercato sui fertilizzanti potassici\"  data-wpil-monitor-id=\"3136\">Ricerca sull&#039;ingresso nel mercato<\/a> are equally important. So are <a href=\"https:\/\/www.sisinternational.com\/it\/competenza\/industrie\/ricerche-di-mercato-sulla-carne-basata-su-cellule-di-carne-coltivata\/\" title=\"Ricerche di mercato sulla carne coltivata (carne a base cellulare).\"  data-wpil-monitor-id=\"3164\">Ricerca sulle opportunit\u00e0 di mercato<\/a> and Market Sizing Research.<\/p>\n\n\n\n<p><a href=\"https:\/\/www.sisinternational.com\/it\/contattaci\/\" title=\"Contattaci\"  data-wpil-monitor-id=\"9844\">Contact our team at SIS International Research<\/a> if you need help with your Go to Market Strategy. We can organize Focus Groups, Interviews, and Surveys. We work with you to strengthen your <a href=\"https:\/\/www.sisinternational.com\/it\/soluzioni\/prova-del-gusto\/servizi-di-test-di-prodotto-a-new-york\/\" title=\"Servizi di test di prodotto a New York\"  data-wpil-monitor-id=\"9850\">products and services<\/a>. SIS has four decades of experience designing Market Research projects. Moreover, we get actionable results that increase ROI, making us the best people to help you, too!<\/p>","protected":false},"excerpt":{"rendered":"<p>Le acque reflue e i fanghi possono contenere inquinanti nocivi come batteri, virus e sostanze chimiche. La contaminazione porta a malattie e malattie.<\/p>","protected":false},"author":1,"featured_media":63551,"parent":14514,"menu_order":259,"comment_status":"closed","ping_status":"closed","template":"","meta":{"footnotes":""},"class_list":["post-42386","page","type-page","status-publish","has-post-thumbnail"],"_links":{"self":[{"href":"https:\/\/www.sisinternational.com\/it\/wp-json\/wp\/v2\/pages\/42386","targetHints":{"allow":["GET"]}}],"collection":[{"href":"https:\/\/www.sisinternational.com\/it\/wp-json\/wp\/v2\/pages"}],"about":[{"href":"https:\/\/www.sisinternational.com\/it\/wp-json\/wp\/v2\/types\/page"}],"author":[{"embeddable":true,"href":"https:\/\/www.sisinternational.com\/it\/wp-json\/wp\/v2\/users\/1"}],"replies":[{"embeddable":true,"href":"https:\/\/www.sisinternational.com\/it\/wp-json\/wp\/v2\/comments?post=42386"}],"version-history":[{"count":7,"href":"https:\/\/www.sisinternational.com\/it\/wp-json\/wp\/v2\/pages\/42386\/revisions"}],"predecessor-version":[{"id":81635,"href":"https:\/\/www.sisinternational.com\/it\/wp-json\/wp\/v2\/pages\/42386\/revisions\/81635"}],"up":[{"embeddable":true,"href":"https:\/\/www.sisinternational.com\/it\/wp-json\/wp\/v2\/pages\/14514"}],"wp:featuredmedia":[{"embeddable":true,"href":"https:\/\/www.sisinternational.com\/it\/wp-json\/wp\/v2\/media\/63551"}],"wp:attachment":[{"href":"https:\/\/www.sisinternational.com\/it\/wp-json\/wp\/v2\/media?parent=42386"}],"curies":[{"name":"wp","href":"https:\/\/api.w.org\/{rel}","templated":true}]}}