{"id":42362,"date":"2023-04-13T19:20:35","date_gmt":"2023-04-13T23:20:35","guid":{"rendered":"https:\/\/www.sisinternational.com\/?page_id=42362"},"modified":"2026-01-26T16:58:36","modified_gmt":"2026-01-26T21:58:36","slug":"ricerche-di-mercato-sugli-alimenti-per-animali-domestici","status":"publish","type":"page","link":"https:\/\/www.sisinternational.com\/it\/competenza\/ricerche-di-mercato-sugli-alimenti-per-animali-domestici\/","title":{"rendered":"Ricerche di mercato sugli alimenti per animali domestici"},"content":{"rendered":"<h1 class=\"wp-block-heading\">Ricerche di mercato sugli alimenti per animali domestici<\/h1>\n\n\n\n<figure class=\"gb-block-image gb-block-image-15f078a1\"><img loading=\"lazy\" decoding=\"async\" width=\"1456\" height=\"816\" class=\"gb-image gb-image-15f078a1\" src=\"https:\/\/www.sisinternational.com\/wp-content\/uploads\/2025\/08\/Pets-dogs-cats-5.jpg\" alt=\"Ricerca e strategia di mercato internazionale SIS\" title=\"Pets dogs cats (5)\" srcset=\"https:\/\/www.sisinternational.com\/wp-content\/uploads\/2025\/08\/Pets-dogs-cats-5.jpg 1456w, https:\/\/www.sisinternational.com\/wp-content\/uploads\/2025\/08\/Pets-dogs-cats-5-300x168.jpg 300w, https:\/\/www.sisinternational.com\/wp-content\/uploads\/2025\/08\/Pets-dogs-cats-5-1024x574.jpg 1024w, https:\/\/www.sisinternational.com\/wp-content\/uploads\/2025\/08\/Pets-dogs-cats-5-768x430.jpg 768w, https:\/\/www.sisinternational.com\/wp-content\/uploads\/2025\/08\/Pets-dogs-cats-5-18x10.jpg 18w\" sizes=\"auto, (max-width: 1456px) 100vw, 1456px\"><\/figure>\n\n\n\n<p><\/p>\n\n\n\n<p>La ricerca di mercato sugli alimenti per animali domestici \u00e8 un metodo metodico per raccogliere, analizzare e interpretare statistiche e informazioni relative al settore degli alimenti per animali domestici. Le ricerche di mercato forniscono approfondimenti su vari aspetti del mercato degli alimenti per animali domestici, tra cui dimensioni del mercato, preferenze dei consumatori, tendenze, panorama competitivo, attori chiave, canali di distribuzione e altro ancora. I dati e le strategie nelle ricerche di mercato sugli alimenti per animali domestici riguardano la produzione e la commercializzazione di prodotti alimentari per animali domestici, principalmente cani e gatti, ma includono anche alimenti per altri animali domestici come uccelli, pesci e piccoli mammiferi.<\/p>\n\n\n\n<p>Pet <a href=\"https:\/\/www.sisinternational.com\/it\/soluzioni\/qsr-ricerche-di-mercato-alimentare\/\" title=\"Ricerche di mercato alimentare QSR\"  data-wpil-monitor-id=\"2310\">food market research<\/a> provides insights to pet food manufacturers, retailers, and other stakeholders to make informed decisions, develop effective marketing strategies, and identify opportunities for growth in the dynamic and competitive pet food market.<\/p>\n\n\n\n<h2 class=\"wp-block-heading\">Panoramica del settore delle ricerche di mercato sugli alimenti per animali domestici<\/h2>\n\n\n\n<p>According to data and strategies in pet <a href=\"https:\/\/www.sisinternational.com\/it\/competenza\/industrie\/ricerche-di-mercato-sugli-alimenti-surgelati\/\" title=\"Ricerche di mercato sugli alimenti surgelati\"  data-wpil-monitor-id=\"3120\">food market research<\/a>, the pet food market worldwide is highly competitive, with several key players dominating the industry. The pet food market has experienced increasing growth in recent years, driven by the growing demands for pet ownership, changing consumer preferences, and evolving pet food trends.<\/p>\n\n\n\n<p>Pet <a href=\"https:\/\/www.sisinternational.com\/it\/competenza\/industrie\/ricerche-di-mercato-in-franchising-di-fast-food\/\" title=\"Ricerche di mercato sul franchising di fast food\"  data-wpil-monitor-id=\"3998\">food market research<\/a> provides insights into the industry&#8217;s overall landscape, including its size, segmentation, key players, and trends that can impact its growth. The industry overview of the pet food market, along with the trends that are driving its growth are discussed below.<\/p>\n\n\n\n<h2 class=\"wp-block-heading\">Tipi di prodotto<\/h2>\n\n\n\n<figure class=\"gb-block-image gb-block-image-f2693169\"><img loading=\"lazy\" decoding=\"async\" width=\"1456\" height=\"816\" class=\"gb-image gb-image-f2693169\" src=\"https:\/\/www.sisinternational.com\/wp-content\/uploads\/2025\/08\/Pets-dogs-cats-8.jpg\" alt=\"Ricerca e strategia di mercato internazionale SIS\" title=\"Pets dogs cats (8)\" srcset=\"https:\/\/www.sisinternational.com\/wp-content\/uploads\/2025\/08\/Pets-dogs-cats-8.jpg 1456w, https:\/\/www.sisinternational.com\/wp-content\/uploads\/2025\/08\/Pets-dogs-cats-8-300x168.jpg 300w, https:\/\/www.sisinternational.com\/wp-content\/uploads\/2025\/08\/Pets-dogs-cats-8-1024x574.jpg 1024w, https:\/\/www.sisinternational.com\/wp-content\/uploads\/2025\/08\/Pets-dogs-cats-8-768x430.jpg 768w, https:\/\/www.sisinternational.com\/wp-content\/uploads\/2025\/08\/Pets-dogs-cats-8-18x10.jpg 18w\" sizes=\"auto, (max-width: 1456px) 100vw, 1456px\"><\/figure>\n\n\n\n<p><\/p>\n\n\n\n<p>Below are some of the categories of pet food that cater to different types of pets and their specific nutritional requirements. Collection of data and strategies in Pet <a href=\"https:\/\/www.sisinternational.com\/it\/competenza\/industrie\/ricerche-di-mercato-sulla-perdita-di-peso-degli-alimenti-dietetici\/\" title=\"Ricerche di mercato sugli alimenti dietetici e sulla perdita di peso\"  data-wpil-monitor-id=\"5657\">Food Market Research<\/a> include some of the common categories of pet food include, but are not limited to, the following:<\/p>\n\n\n\n<p><strong>Cibo umido per animali domestici<\/strong><\/p>\n\n\n\n<p>Il cibo umido per animali domestici, noto anche come cibo in scatola o umido, ha un contenuto di umidit\u00e0 maggiore rispetto al cibo secco per animali domestici. Di solito ha una consistenza pi\u00f9 morbida ed \u00e8 confezionato in lattine o buste. Gli animali domestici possono trovare il cibo umido pi\u00f9 appetitoso e allettante, soprattutto quelli che hanno problemi dentali o hanno bisogno di pi\u00f9 liquidi.<\/p>\n\n\n\n<p><strong>Cibo secco per animali domestici<\/strong><\/p>\n\n\n\n<p>Solitamente indicato come crocchette, \u00e8 il tipo di cibo per animali pi\u00f9 comunemente utilizzato e accessibile. Di solito viene fornito sotto forma di pellet secco o pepita e ha una buona durata di conservazione. Il cibo secco per animali \u00e8 pratico, economico e fornisce agli animali una dieta equilibrata.<\/p>\n\n\n\n<p><strong>Alimento per animali liofilizzato o disidratato<\/strong><\/p>\n\n\n\n<p>La produzione di questo tipo di cibo per animali domestici comporta l&#039;eliminazione dell&#039;umidit\u00e0 dai componenti grezzi, solitamente attraverso l&#039;uso di metodi di liofilizzazione o disidratazione. Oltre ad offrire una maggiore conservabilit\u00e0 e una conservazione pi\u00f9 pratica, preserva il contenuto nutrizionale degli alimenti crudi.<\/p>\n\n\n\n<p><strong>Cibo crudo per animali domestici<\/strong><\/p>\n\n\n\n<p>Il cibo crudo per animali domestici \u00e8 un particolare tipo di cibo per animali domestici che viene spesso definito crudo o BARF (cibo crudo biologicamente appropriato). \u00c8 creato da cibi crudi e non cotti come carne, ossa e verdure. \u00c8 molto apprezzato dai proprietari di animali domestici che scelgono un alimento pi\u00f9 naturale e non trasformato per i loro animali perch\u00e9 si pensa che imiti la dieta naturale degli animali domestici in natura.<\/p>\n\n\n\n<p><strong>Alimenti per animali biologici o naturali<\/strong><\/p>\n\n\n\n<p>Questa categoria di alimenti per animali domestici \u00e8 prodotta senza l&#039;uso di conservanti, coloranti o aromi artificiali ed \u00e8 composta da prodotti certificati biologici o sottoposti a lavorazioni minime. Viene spesso promosso come una soluzione pi\u00f9 sana e pi\u00f9 rispettosa dell&#039;ambiente per gli animali domestici, attirando i proprietari di animali domestici preoccupati per l&#039;ambiente.<\/p>\n\n\n\n<p><strong>Alimenti per animali domestici senza cereali o con ingredienti limitati<\/strong><\/p>\n\n\n\n<p>Gli animali domestici con sensibilit\u00e0 alimentare, allergie o restrizioni dietetiche possono mangiare alimenti per animali senza cereali o con ingredienti limitati perch\u00e9 sono realizzati con pochi ingredienti. Viene spesso promosso come scelta premium o speciale per animali con determinati requisiti nutrizionali.<\/p>\n\n\n\n<p>Queste sono alcune delle categorie pi\u00f9 comuni di alimenti per animali domestici disponibili sul mercato, ciascuna delle quali soddisfa diverse specie di animali domestici, esigenze nutrizionali e preferenze dei consumatori. Le ricerche di mercato forniscono informazioni sull&#039;importanza di considerare le esigenze e le preferenze specifiche degli animali domestici, nonch\u00e9 le preferenze dei proprietari di animali domestici, quando si seleziona la categoria appropriata di alimenti per animali domestici per un particolare segmento di mercato o pubblico target.<\/p>\n\n\n\n<h2 class=\"wp-block-heading\"><strong>Tendenze che guidano l\u2019industria degli alimenti per animali domestici<\/strong><\/h2>\n\n\n\n<figure class=\"gb-block-image gb-block-image-edf6883c\"><img loading=\"lazy\" decoding=\"async\" width=\"1456\" height=\"816\" class=\"gb-image gb-image-edf6883c\" src=\"https:\/\/www.sisinternational.com\/wp-content\/uploads\/2025\/08\/Pets-dogs-cats-3.jpg\" alt=\"Ricerca e strategia di mercato internazionale SIS\" title=\"Pets dogs cats (3)\" srcset=\"https:\/\/www.sisinternational.com\/wp-content\/uploads\/2025\/08\/Pets-dogs-cats-3.jpg 1456w, https:\/\/www.sisinternational.com\/wp-content\/uploads\/2025\/08\/Pets-dogs-cats-3-300x168.jpg 300w, https:\/\/www.sisinternational.com\/wp-content\/uploads\/2025\/08\/Pets-dogs-cats-3-1024x574.jpg 1024w, https:\/\/www.sisinternational.com\/wp-content\/uploads\/2025\/08\/Pets-dogs-cats-3-768x430.jpg 768w, https:\/\/www.sisinternational.com\/wp-content\/uploads\/2025\/08\/Pets-dogs-cats-3-18x10.jpg 18w\" sizes=\"auto, (max-width: 1456px) 100vw, 1456px\"><\/figure>\n\n\n\n<p><\/p>\n\n\n\n<p>Il progresso del mercato degli alimenti per animali domestici \u00e8 accelerato da una serie di fattori. Vengono esplorati i fattori essenziali che stimolano la crescita di questo mercato dinamico.<\/p>\n\n\n\n<p><strong>Umanizzazione degli animali domestici<\/strong><\/p>\n\n\n\n<p>I proprietari di animali domestici trattano sempre pi\u00f9 frequentemente i loro animali come parte della famiglia e sono alla ricerca di alimenti per animali che siano paragonabili in termini di nutrienti e qualit\u00e0 al cibo umano. Questo modello ha aumentato la domanda di alimenti per animali domestici di fascia alta, completamente naturali, realizzati con ingredienti di qualit\u00e0 superiore e privi di additivi, conservanti e riempitivi artificiali. Se il cibo aiuta la digestione, la gestione del peso e la salute generale, i proprietari di animali domestici sono disposti a spendere di pi\u00f9 per i loro animali.<\/p>\n\n\n\n<p><strong>Focus sulla salute e il benessere degli animali domestici<\/strong><\/p>\n\n\n\n<p>La domanda di alimenti per animali domestici \u00e8 stata trainata dal numero sempre crescente di proprietari di animali domestici in tutto il mondo. Dopo la pandemia di COVID-19, quando molte persone si sono rivolte al possesso di animali domestici per trovare conforto, gli animali domestici sono ora considerati amici, offrendo supporto emotivo e compagnia. I produttori di alimenti per animali domestici hanno ora una base di clienti pi\u00f9 ampia come risultato della tendenza all\u2019espansione del possesso di animali domestici, che ha migliorato la crescita del mercato e le vendite.<\/p>\n\n\n\n<p><strong>Aumentare la propriet\u00e0 di animali domestici<\/strong><\/p>\n\n\n\n<p>Il numero di proprietari di animali domestici in tutto il mondo \u00e8 in costante aumento, stimolando la domanda di prodotti alimentari per animali domestici. Gli animali domestici sono ora considerati come compagni, fornendo supporto emotivo e compagnia, in particolare durante la pandemia di COVID-19, quando molte persone si sono rivolte al possesso di animali domestici per comodit\u00e0. La crescente tendenza alla propriet\u00e0 di animali domestici ha creato una base di clienti pi\u00f9 ampia per i produttori di alimenti per animali domestici, portando ad un aumento delle vendite e alla crescita del mercato.<\/p>\n\n\n\n<p><strong>E-commerce e marketing digitale<\/strong><\/p>\n\n\n\n<p>A causa dell\u2019aumento degli acquisti online di alimenti per animali domestici, il settore degli alimenti per animali domestici ha visto un cambiamento considerevole verso l\u2019e-commerce e il marketing digitale. I canali di vendita al dettaglio su Internet offrono comodit\u00e0, accesso semplice a una variet\u00e0 di prodotti e prezzi convenienti. Per raggiungere e interagire con successo con i consumatori, le aziende produttrici di alimenti per animali domestici utilizzano tattiche di marketing digitale come il marketing sui social media, le collaborazioni con influencer e la pubblicit\u00e0 online.<\/p>\n\n\n\n<p><strong>Personalizzazione e personalizzazione<\/strong><\/p>\n\n\n\n<p>I proprietari di animali domestici sono alla ricerca di alimenti per animali formulati per soddisfare le esigenze, i gusti e le esigenze nutrizionali esclusive dei loro animali. Da ci\u00f2 \u00e8 derivata la necessit\u00e0 di alimenti per animali specializzati e personalizzati, con alternative per varie razze, et\u00e0, dimensioni e condizioni di salute degli animali domestici. Le aziende che producono alimenti per animali domestici utilizzano tecnologie e informazioni basate sui dati per sviluppare formulazioni personalizzate di alimenti per animali domestici, dimensioni delle porzioni e scelte di consegna che soddisfino le esigenze di animali domestici specifici.<\/p>\n\n\n\n<p><strong>Di <a href=\"https:\/\/www.sisinternational.com\/it\/competenza\/industrie\/ricerche-di-mercato-sulla-cura-degli-animali-domestici\/\" title=\"Ricerche di mercato sulla cura degli animali domestici\"  data-wpil-monitor-id=\"6316\">Ricerche di mercato sugli alimenti per animali domestici<\/a><\/strong><\/p>\n\n\n\n<p>La ricerca di mercato degli alimenti per animali domestici \u00e8 fondamentale per i proprietari di aziende produttrici di alimenti per animali domestici in quanto fornisce informazioni critiche sulle dinamiche del mercato, sulle preferenze dei consumatori, sulle tendenze e sulla concorrenza, aiutandoli a prendere decisioni informate e a sviluppare strategie di marketing efficaci. Aiuta a identificare le opportunit\u00e0 di mercato, a comprendere le esigenze dei clienti, a ottimizzare le offerte di prodotti, i prezzi e i canali di distribuzione e a stare al passo con la concorrenza. Le ricerche di mercato sugli alimenti per animali domestici consentono agli imprenditori di prendere decisioni basate sui dati, ridurre al minimo i rischi e massimizzare le possibilit\u00e0 di successo nel competitivo settore degli alimenti per animali domestici.<\/p>","protected":false},"excerpt":{"rendered":"<p>Le ricerche di mercato sugli alimenti per animali domestici forniscono informazioni ai produttori, ai rivenditori e ad altre parti interessate di alimenti per animali domestici per prendere decisioni informate.<\/p>","protected":false},"author":1,"featured_media":63854,"parent":14514,"menu_order":252,"comment_status":"closed","ping_status":"closed","template":"","meta":{"footnotes":""},"class_list":["post-42362","page","type-page","status-publish","has-post-thumbnail"],"_links":{"self":[{"href":"https:\/\/www.sisinternational.com\/it\/wp-json\/wp\/v2\/pages\/42362","targetHints":{"allow":["GET"]}}],"collection":[{"href":"https:\/\/www.sisinternational.com\/it\/wp-json\/wp\/v2\/pages"}],"about":[{"href":"https:\/\/www.sisinternational.com\/it\/wp-json\/wp\/v2\/types\/page"}],"author":[{"embeddable":true,"href":"https:\/\/www.sisinternational.com\/it\/wp-json\/wp\/v2\/users\/1"}],"replies":[{"embeddable":true,"href":"https:\/\/www.sisinternational.com\/it\/wp-json\/wp\/v2\/comments?post=42362"}],"version-history":[{"count":8,"href":"https:\/\/www.sisinternational.com\/it\/wp-json\/wp\/v2\/pages\/42362\/revisions"}],"predecessor-version":[{"id":79899,"href":"https:\/\/www.sisinternational.com\/it\/wp-json\/wp\/v2\/pages\/42362\/revisions\/79899"}],"up":[{"embeddable":true,"href":"https:\/\/www.sisinternational.com\/it\/wp-json\/wp\/v2\/pages\/14514"}],"wp:featuredmedia":[{"embeddable":true,"href":"https:\/\/www.sisinternational.com\/it\/wp-json\/wp\/v2\/media\/63854"}],"wp:attachment":[{"href":"https:\/\/www.sisinternational.com\/it\/wp-json\/wp\/v2\/media?parent=42362"}],"curies":[{"name":"wp","href":"https:\/\/api.w.org\/{rel}","templated":true}]}}