{"id":42355,"date":"2023-04-13T18:04:54","date_gmt":"2023-04-13T22:04:54","guid":{"rendered":"https:\/\/www.sisinternational.com\/?page_id=42355"},"modified":"2026-01-24T21:08:40","modified_gmt":"2026-01-25T02:08:40","slug":"ricerche-di-mercato-sulla-paraffina","status":"publish","type":"page","link":"https:\/\/www.sisinternational.com\/it\/competenza\/ricerche-di-mercato-sulla-paraffina\/","title":{"rendered":"Ricerche di mercato sulla paraffina"},"content":{"rendered":"<h1 class=\"wp-block-heading\">Ricerche di mercato sulla paraffina<\/h1>\n\n\n\n<figure class=\"gb-block-image gb-block-image-a7947544\"><img loading=\"lazy\" decoding=\"async\" width=\"1456\" height=\"816\" class=\"gb-image gb-image-a7947544\" src=\"https:\/\/www.sisinternational.com\/wp-content\/uploads\/2025\/10\/Paraffin-1.jpg\" alt=\"Ricerca e strategia di mercato internazionale SIS\" title=\"Paraffin (1)\" srcset=\"https:\/\/www.sisinternational.com\/wp-content\/uploads\/2025\/10\/Paraffin-1.jpg 1456w, https:\/\/www.sisinternational.com\/wp-content\/uploads\/2025\/10\/Paraffin-1-300x168.jpg 300w, https:\/\/www.sisinternational.com\/wp-content\/uploads\/2025\/10\/Paraffin-1-1024x574.jpg 1024w, https:\/\/www.sisinternational.com\/wp-content\/uploads\/2025\/10\/Paraffin-1-768x430.jpg 768w, https:\/\/www.sisinternational.com\/wp-content\/uploads\/2025\/10\/Paraffin-1-18x10.jpg 18w\" sizes=\"auto, (max-width: 1456px) 100vw, 1456px\"><\/figure>\n\n\n\n<p><\/p>\n\n\n\n<p>La paraffina \u00e8 fondamentale in una variet\u00e0 di settori come quello cosmetico, farmaceutico e tessile. Ci\u00f2 rende la ricerca di mercato di vitale importanza per le imprese concorrenti nel settore. Esplorando le tendenze del mercato, le preferenze dei consumatori e il panorama competitivo, le aziende e gli investitori possono acquisire informazioni preziose per prendere decisioni efficaci e identificare potenziali opportunit\u00e0 di crescita.<\/p>\n\n\n\n<h2 class=\"wp-block-heading\">Cos\u2019\u00e8 la ricerca di mercato sulla paraffina e perch\u00e9 \u00e8 importante?<\/h2>\n\n\n\n<p>La ricerca di mercato sulla paraffina fornisce agli imprenditori e agli investitori approfondimenti sul mercato come dinamiche di domanda e offerta, dimensioni, tendenze di crescita, attivit\u00e0 dei concorrenti e abitudini di consumo che possono aiutarli a identificare opportunit\u00e0 di espansione. Conoscere come si sta spostando la domanda all\u2019interno di ciascun segmento dell\u2019industria della paraffina consente alle aziende di prendere decisioni informate che guideranno il loro successo in questo settore.<\/p>\n\n\n\n<h3 class=\"wp-block-heading\">Condurre ricerche di mercato \u00e8 importante sia per le aziende che per gli investitori per i seguenti motivi:<\/h3>\n\n\n\n<ul class=\"wp-block-list\">\n<li>Paraffin market research provides businesses and investors with comprehensive insights into the market&#8217;s inner workings, from size to <a href=\"https:\/\/www.sisinternational.com\/it\/global-beverage-market\/\" title=\"Global Beverage Market: Market Dynamics, Growth Projections &amp; Consumer Insights\"  data-wpil-monitor-id=\"9892\">growth trajectory and supply-demand dynamics<\/a>. With this knowledge, companies can make well-informed decisions, spot possible expansion chances, and stay ahead in their respective industries.<\/li>\n\n\n\n<li>Le organizzazioni possono acquisire una comprensione delle esigenze, delle preferenze e delle abitudini dei clienti. Questa conoscenza aiuta le aziende a progettare prodotti che soddisfino le esigenze dei propri clienti, con conseguente maggiore soddisfazione del cliente, volume di vendita pi\u00f9 elevato e aumento delle entrate.<\/li>\n\n\n\n<li>With Paraffin market research, companies can gain a decisive edge over their competitors by discerning the latest <a href=\"https:\/\/www.sisinternational.com\/it\/pubblicazioni\/comportamento-dellacquirente-dopo-il-nuovo-consumatore-legato-al-coronavirus\/\" title=\"Comportamento degli acquirenti dopo il coronavirus: ricerche di mercato sui consumatori\"  data-wpil-monitor-id=\"9882\">market trends and consumer<\/a> attitudes.<\/li>\n\n\n\n<li>Paraffin market research helps companies reduce risks, providing sharp insights into potential problems and prospects in the industry. With these evaluation results, businesses can create alternative plans to adjust to any changes in the marketplace quickly. Risk mitigation is easily achievable when leveraging this <a href=\"https:\/\/www.sisinternational.com\/it\/competenza\/industrie\/consulenza-sulla-strategia-energetica-e-ricerche-di-mercato\/\" title=\"Ricerca di mercato di consulenza sulla strategia energetica e energetica\"  data-wpil-monitor-id=\"9888\">powerful tool for your business strategy<\/a>.<\/li>\n<\/ul>\n\n\n\n<h2 class=\"wp-block-heading\">Opportunit\u00e0 e sfide della ricerca di mercato sulla paraffina<\/h2>\n\n\n\n<figure class=\"gb-block-image gb-block-image-d98e4e66\"><img loading=\"lazy\" decoding=\"async\" width=\"1456\" height=\"816\" class=\"gb-image gb-image-d98e4e66\" src=\"https:\/\/www.sisinternational.com\/wp-content\/uploads\/2025\/10\/Paraffin-2.jpg\" alt=\"Ricerca e strategia di mercato internazionale SIS\" title=\"Paraffin (2)\" srcset=\"https:\/\/www.sisinternational.com\/wp-content\/uploads\/2025\/10\/Paraffin-2.jpg 1456w, https:\/\/www.sisinternational.com\/wp-content\/uploads\/2025\/10\/Paraffin-2-300x168.jpg 300w, https:\/\/www.sisinternational.com\/wp-content\/uploads\/2025\/10\/Paraffin-2-1024x574.jpg 1024w, https:\/\/www.sisinternational.com\/wp-content\/uploads\/2025\/10\/Paraffin-2-768x430.jpg 768w, https:\/\/www.sisinternational.com\/wp-content\/uploads\/2025\/10\/Paraffin-2-18x10.jpg 18w\" sizes=\"auto, (max-width: 1456px) 100vw, 1456px\"><\/figure>\n\n\n\n<p>Il mercato della paraffina \u00e8 cresciuto rapidamente negli ultimi anni. Tuttavia, il settore deve affrontare anche diverse sfide che possono ostacolarne la crescita e la sostenibilit\u00e0. Di conseguenza, le opportunit\u00e0 e le sfide pi\u00f9 importanti da considerare in questo settore sono le seguenti<\/p>\n\n\n\n<h3 class=\"wp-block-heading\">Opportunit\u00e0<\/h3>\n\n\n\n<ul class=\"wp-block-list\">\n<li>By carefully <a href=\"https:\/\/www.sisinternational.com\/it\/competenza\/industrie\/ricerche-di-mercato-semiotiche\/\" title=\"Ricerche di mercato sulla semiotica\"  data-wpil-monitor-id=\"3148\">researching the paraffin market<\/a>, companies and investors can identify future industry developments such as new applications or increased demand in certain regions. As a result, companies and investors are better prepared to outperform the <a href=\"https:\/\/www.sisinternational.com\/it\/sviluppare-un-vantaggio-competitivo-sostenibile\/\" title=\"Sviluppare un vantaggio competitivo sostenibile\"  data-wpil-monitor-id=\"9890\">competition and take advantage<\/a> of the most profitable markets at the right time.<\/li>\n\n\n\n<li>With paraffin market research, businesses and investors can obtain a comprehensive view of the existing industry demand and competition. By utilizing this valuable information, they can develop more effective production, pricing, and <a href=\"https:\/\/www.sisinternational.com\/it\/campagna-di-marketing-multicanale\/\" title=\"Ottimizzazione delle strategie di marketing multicanale per una maggiore penetrazione nel mercato\"  data-wpil-monitor-id=\"9880\">marketing strategies that will optimize<\/a> their success in the long run.<br>Utilizzando le ricerche di mercato sulla paraffina, le aziende possono ottenere informazioni sulle preferenze e sulle tendenze dei consumatori che consentiranno loro di sviluppare prodotti innovativi.<\/li>\n\n\n\n<li>Organizations can effectively reduce the risks and uncertainties associated with paraffin <a href=\"https:\/\/www.sisinternational.com\/it\/competenza\/industrie\/ricerche-di-mercato-sulla-carne-basata-su-cellule-di-carne-coltivata\/\" title=\"Ricerche di mercato sulla carne coltivata (carne a base cellulare).\"  data-wpil-monitor-id=\"3172\">market investments by conducting comprehensive research<\/a>. This allows for informed decisions when it comes to resource allocation, thus cutting down on costly missteps that could have been avoided.<\/li>\n\n\n\n<li>Paraffin market research helps entrepreneurs and companies capitalize on fresh business opportunities by pinpointing potential partners and collaborators in the field. Through these partnerships and collaborations, businesses can <a href=\"https:\/\/www.sisinternational.com\/it\/soluzioni\/consulenza-strategica\/consulenza-sullesecuzione-dello-sviluppo-della-strategia\/\" title=\"Consulenza per lo sviluppo e l&#039;esecuzione della strategia\"  data-wpil-monitor-id=\"9884\">develop growth strategies<\/a> that will generate ground-breaking innovations for their industry.<\/li>\n<\/ul>\n\n\n\n<h2 class=\"wp-block-heading\">Sfide<\/h2>\n\n\n\n<ul class=\"wp-block-list\">\n<li>Il mercato della paraffina \u00e8 in costante movimento e gli sviluppi possono avvenire rapidamente. Pertanto, tenere il passo con le ultime tendenze e i cambiamenti della domanda pu\u00f2 essere impegnativo e le aziende devono essere flessibili e reattive.<\/li>\n\n\n\n<li>Nel mercato altamente competitivo della paraffina, pu\u00f2 essere difficile distinguersi e prosperare. \u00c8 essenziale che le aziende in questo ambito distinguano il proprio prodotto o servizio dagli altri, riconoscendo anche nuove opportunit\u00e0 che potrebbero rivelarsi vantaggiose.<\/li>\n\n\n\n<li>Le aziende che operano nel mercato della paraffina devono rimanere aggiornate sui cambiamenti normativi e sugli standard attenti all\u2019ambiente. Poich\u00e9 le preoccupazioni relative alla sostenibilit\u00e0 diventano sempre pi\u00f9 importanti, potrebbe essere implementata una maggiore supervisione dei processi di produzione, che potrebbe potenzialmente aumentare i costi e influenzare la domanda di prodotti di paraffina.<\/li>\n<\/ul>\n\n\n\n<h2 class=\"wp-block-heading\">Attuali tendenze del mercato e sviluppi delle ricerche di mercato sulla paraffina<\/h2>\n\n\n\n<p>Progressi drammatici nel mercato della paraffina emergono costantemente con le tendenze e gli sviluppi attuali che lo spingono a nuovi livelli. Per esempio:<\/p>\n\n\n\n<ul class=\"wp-block-list\">\n<li>La cera di paraffina naturale e biologica sta diventando sempre pi\u00f9 popolare man mano che i consumatori diventano pi\u00f9 consapevoli dell&#039;ambiente. Questa tendenza crescente verso prodotti sostenibili ed ecologici mostra un aumento.<\/li>\n\n\n\n<li>Poich\u00e9 i prodotti di bellezza biologici e naturali diventano sempre pi\u00f9 popolari, la necessit\u00e0 di cera di paraffina non \u00e8 mai stata cos\u00ec grande nel settore cosmetico. Questo ingrediente cruciale offre una variet\u00e0 di benefici come idratazione e comfort.<\/li>\n\n\n\n<li>Le variazioni del prezzo del petrolio greggio possono avere un effetto estremo sul costo dei prodotti di paraffina poich\u00e9 sono il risultato della raffinazione del petrolio greggio. Ci\u00f2 ha importanti implicazioni per i profitti dei produttori di cera di paraffina.<\/li>\n<\/ul>\n\n\n\n<h2 class=\"wp-block-heading\">Tendenze future nelle ricerche di mercato sulla paraffina<\/h2>\n\n\n\n<figure class=\"gb-block-image gb-block-image-c36fd7d4\"><img loading=\"lazy\" decoding=\"async\" width=\"1456\" height=\"816\" class=\"gb-image gb-image-c36fd7d4\" src=\"https:\/\/www.sisinternational.com\/wp-content\/uploads\/2025\/10\/Paraffin-3.jpg\" alt=\"Ricerca e strategia di mercato internazionale SIS\" title=\"Paraffin (3)\" srcset=\"https:\/\/www.sisinternational.com\/wp-content\/uploads\/2025\/10\/Paraffin-3.jpg 1456w, https:\/\/www.sisinternational.com\/wp-content\/uploads\/2025\/10\/Paraffin-3-300x168.jpg 300w, https:\/\/www.sisinternational.com\/wp-content\/uploads\/2025\/10\/Paraffin-3-1024x574.jpg 1024w, https:\/\/www.sisinternational.com\/wp-content\/uploads\/2025\/10\/Paraffin-3-768x430.jpg 768w, https:\/\/www.sisinternational.com\/wp-content\/uploads\/2025\/10\/Paraffin-3-18x10.jpg 18w\" sizes=\"auto, (max-width: 1456px) 100vw, 1456px\"><\/figure>\n\n\n\n<p><\/p>\n\n\n\n<p>Poich\u00e9 la ricerca di mercato sulla paraffina \u00e8 destinata a continuare a guadagnare terreno negli anni a venire, \u00e8 fondamentale che le aziende e gli investitori rimangano al passo con le tendenze imminenti. Questi includono:<\/p>\n\n\n\n<ul class=\"wp-block-list\">\n<li>Si prevede che la domanda di paraffina nel settore cosmetico continuer\u00e0 a crescere rapidamente poich\u00e9 \u00e8 un ingrediente chiave utilizzato in creme, balsami e altri prodotti di bellezza. Man mano che i consumatori diventano pi\u00f9 consapevoli di optare per cosmetici naturali e biologici, potrebbero anche gravitare verso prodotti di cera di paraffina naturale e biologica. Pertanto, ci\u00f2 potrebbe potenzialmente aumentare ulteriormente la domanda.<\/li>\n\n\n\n<li>As eco-consciousness swells on the modern consumer landscape, paraffin wax is becoming increasingly sought after as a <a href=\"https:\/\/www.sisinternational.com\/it\/soluzioni\/consulenza-strategica\/ricerca-di-mercato-minima-del-prodotto-praticabile\/\" title=\"Ricerca di mercato sui prodotti minimi validi\"  data-wpil-monitor-id=\"9886\">viable substitute for petroleum-based products<\/a>. This rising popularity of paraffin could prove especially significant in the packaging industry, where it can offer a sustainable alternative to plastic and contribute to more environmentally friendly practices.<\/li>\n\n\n\n<li>Con l\u2019intensificarsi della consapevolezza delle questioni ambientali, l\u2019industria della paraffina potrebbe rafforzare il proprio impegno verso pratiche di produzione sostenibili. Ci\u00f2 pu\u00f2 comportare la transizione verso fonti di energia rinnovabile e la riduzione dei rifiuti e delle emissioni durante i processi produttivi.<\/li>\n\n\n\n<li>Il miglioramento della tecnologia continua a rivoluzionare la produzione di paraffina, consentendo una maggiore efficienza e risparmi sui costi.<\/li>\n\n\n\n<li>Con il progresso dei paesi in via di sviluppo, \u00e8 probabile che la domanda di paraffina aumenti. Ci\u00f2 potrebbe essere sfruttato dall\u2019industria del packaging e da quelli specializzati nella produzione di cosmetici, consentendo loro di sfruttare questa opportunit\u00e0.<\/li>\n<\/ul>\n\n\n\n<p><a href=\"https:\/\/www.sisinternational.com\/it\/sis-presenta-la-piattaforma-di-data-science-e-analisi-quantitativa\/\" title=\"SIS presenta la piattaforma di scienza dei dati e analisi quantitativa\"  data-wpil-monitor-id=\"9878\">SIS International offers Quantitative<\/a>, Qualitative, and Strategy Research. We provide data, tools, strategies, reports and insights for decision-making. We conduct interviews, surveys, focus groups and many other Market Research methods and approaches. Contact us for your next Market Research project.<\/p>","protected":false},"excerpt":{"rendered":"<p>La paraffina si trova nei cosmetici, nei prodotti farmaceutici e nei tessili. La ricerca di mercato sulla paraffina fornisce approfondimenti completi per le aziende.<\/p>","protected":false},"author":1,"featured_media":71675,"parent":14514,"menu_order":251,"comment_status":"closed","ping_status":"closed","template":"","meta":{"footnotes":""},"class_list":["post-42355","page","type-page","status-publish","has-post-thumbnail"],"_links":{"self":[{"href":"https:\/\/www.sisinternational.com\/it\/wp-json\/wp\/v2\/pages\/42355","targetHints":{"allow":["GET"]}}],"collection":[{"href":"https:\/\/www.sisinternational.com\/it\/wp-json\/wp\/v2\/pages"}],"about":[{"href":"https:\/\/www.sisinternational.com\/it\/wp-json\/wp\/v2\/types\/page"}],"author":[{"embeddable":true,"href":"https:\/\/www.sisinternational.com\/it\/wp-json\/wp\/v2\/users\/1"}],"replies":[{"embeddable":true,"href":"https:\/\/www.sisinternational.com\/it\/wp-json\/wp\/v2\/comments?post=42355"}],"version-history":[{"count":6,"href":"https:\/\/www.sisinternational.com\/it\/wp-json\/wp\/v2\/pages\/42355\/revisions"}],"predecessor-version":[{"id":81640,"href":"https:\/\/www.sisinternational.com\/it\/wp-json\/wp\/v2\/pages\/42355\/revisions\/81640"}],"up":[{"embeddable":true,"href":"https:\/\/www.sisinternational.com\/it\/wp-json\/wp\/v2\/pages\/14514"}],"wp:featuredmedia":[{"embeddable":true,"href":"https:\/\/www.sisinternational.com\/it\/wp-json\/wp\/v2\/media\/71675"}],"wp:attachment":[{"href":"https:\/\/www.sisinternational.com\/it\/wp-json\/wp\/v2\/media?parent=42355"}],"curies":[{"name":"wp","href":"https:\/\/api.w.org\/{rel}","templated":true}]}}