{"id":42350,"date":"2023-04-13T16:00:35","date_gmt":"2023-04-13T20:00:35","guid":{"rendered":"https:\/\/www.sisinternational.com\/?page_id=42350"},"modified":"2026-03-12T12:42:15","modified_gmt":"2026-03-12T16:42:15","slug":"ricerche-di-mercato-sui-dispositivi-medici","status":"publish","type":"page","link":"https:\/\/www.sisinternational.com\/it\/soluzioni\/ricerche-di-mercato-nel-settore-sanitario\/ricerche-di-mercato-sui-dispositivi-medici\/","title":{"rendered":"Ricerche di mercato sui dispositivi medici"},"content":{"rendered":"<h1 class=\"wp-block-heading\">Ricerche di mercato sui dispositivi medici<\/h1>\n\n\n\n<figure class=\"gb-block-image gb-block-image-a6e5b83f\"><img loading=\"lazy\" decoding=\"async\" width=\"1456\" height=\"816\" class=\"gb-image gb-image-a6e5b83f\" src=\"https:\/\/www.sisinternational.com\/wp-content\/uploads\/2025\/08\/Medical-dewvice-2.jpg\" alt=\"Ricerca e strategia di mercato internazionale SIS\" title=\"Medical dewvice (2)\" srcset=\"https:\/\/www.sisinternational.com\/wp-content\/uploads\/2025\/08\/Medical-dewvice-2.jpg 1456w, https:\/\/www.sisinternational.com\/wp-content\/uploads\/2025\/08\/Medical-dewvice-2-300x168.jpg 300w, https:\/\/www.sisinternational.com\/wp-content\/uploads\/2025\/08\/Medical-dewvice-2-1024x574.jpg 1024w, https:\/\/www.sisinternational.com\/wp-content\/uploads\/2025\/08\/Medical-dewvice-2-768x430.jpg 768w, https:\/\/www.sisinternational.com\/wp-content\/uploads\/2025\/08\/Medical-dewvice-2-18x10.jpg 18w\" sizes=\"auto, (max-width: 1456px) 100vw, 1456px\"><\/figure>\n\n\n\n<p><\/p>\n\n\n\n<p>I dispositivi medici sono strumenti, macchine, apparecchi, impianti o altri articoli simili. Sono utilizzati per diagnosticare, trattare o prevenire malattie o altre condizioni mediche. Questi dispositivi includono strumenti semplici come termometri e misuratori di pressione sanguigna. Possono anche essere apparecchiature complesse come macchine per risonanza magnetica e pacemaker.<\/p>\n\n\n\n<p>Gli operatori sanitari utilizzano i dispositivi medici in una variet\u00e0 di contesti. Sono negli ospedali, nelle cliniche, negli studi medici e persino a casa dei pazienti. Varie agenzie governative li regolano. Ad esempio, negli Stati Uniti, la Food and Drug Administration (FDA) garantisce che siano sicuri. Si accertano inoltre che siano adeguati all&#039;uso previsto.<\/p>\n\n\n\n<h3 class=\"wp-block-heading\">Esempi di dispositivi medici includono:<\/h3>\n\n\n\n<ul class=\"wp-block-list\">\n<li>Strumenti chirurgici come pinze, bisturi e divaricatori<\/li>\n\n\n\n<li>Apparecchiature diagnostiche come macchine a raggi X, macchine ad ultrasuoni e scanner TC<\/li>\n\n\n\n<li>Impianti come pacemaker, articolazioni artificiali e dispositivi intrauterini (IUD)<\/li>\n\n\n\n<li>Protesi come apparecchi acustici e arti artificiali<\/li>\n\n\n\n<li>Dispositivi di monitoraggio, ad esempio misuratori di glicemia e cardiofrequenzimetri<\/li>\n\n\n\n<li>Dispositivi terapeutici come macchine per dialisi e nebulizzatori<\/li>\n<\/ul>\n\n\n\n<p>I dispositivi medici svolgono un ruolo fondamentale nella medicina moderna. Il loro sviluppo e utilizzo continuano a far avanzare il campo dell\u2019assistenza sanitaria.<\/p>\n\n\n\n<h2 class=\"wp-block-heading\">Perch\u00e9 i dispositivi medici sono importanti?<\/h2>\n\n\n\n<p>I dispositivi medici sono essenziali per diversi motivi. Gli operatori sanitari utilizzano dispositivi medici per diagnosticare malattie e condizioni mediche. Esempi sono macchine a raggi X, scanner TC e misuratori di glicemia.<\/p>\n\n\n\n<p>Usano anche dispositivi medici per curare malattie e condizioni mediche. Questi dispositivi includono pacemaker, pompe per insulina e nebulizzatori.<\/p>\n\n\n\n<p>Un altro utilizzo dei dispositivi medici \u00e8 quello di controllare i segni vitali e lo stato di salute dei pazienti. Questa categoria di dispositivi comprende cardiofrequenzimetri, misuratori di pressione sanguigna e pulsossimetri.<\/p>\n\n\n\n<p>I dispositivi medici hanno migliorato i risultati dei pazienti. Ad esempio, hanno ridotto i tassi di mortalit\u00e0 e portato a degenze ospedaliere pi\u00f9 brevi. Hanno anche migliorato la qualit\u00e0 della vita dei pazienti. I dispositivi avvantaggiano sia il paziente che l\u2019operatore sanitario. Il risultato \u00e8 una riduzione dei costi e una maggiore soddisfazione del paziente.<\/p>\n\n\n\n<p>I dispositivi medici svolgono un ruolo cruciale nella medicina di precisione. Questo tipo di medicina prevede l\u2019adattamento del trattamento medico al singolo paziente. Basa il trattamento sulla loro composizione genetica unica, sulla storia medica e su altri fattori.<\/p>\n\n\n\n<p>Lo sviluppo di dispositivi medici ha portato a progressi nella tecnologia medica. Questi progressi hanno trasformato il campo dell\u2019assistenza sanitaria e migliorato la cura dei pazienti.<\/p>\n\n\n\n<h2 class=\"wp-block-heading\">Titoli di lavoro chiave<\/h2>\n\n\n\n<h3 class=\"wp-block-heading\">Ecco alcuni titoli professionali chiave nel settore dei dispositivi medici:<\/h3>\n\n\n\n<figure class=\"gb-block-image gb-block-image-d4ade8f8\"><img loading=\"lazy\" decoding=\"async\" width=\"1456\" height=\"816\" class=\"gb-image gb-image-d4ade8f8\" src=\"https:\/\/www.sisinternational.com\/wp-content\/uploads\/2025\/08\/Medical-dewvice-4.jpg\" alt=\"Ricerca e strategia di mercato internazionale SIS\" title=\"Medical dewvice (4)\" srcset=\"https:\/\/www.sisinternational.com\/wp-content\/uploads\/2025\/08\/Medical-dewvice-4.jpg 1456w, https:\/\/www.sisinternational.com\/wp-content\/uploads\/2025\/08\/Medical-dewvice-4-300x168.jpg 300w, https:\/\/www.sisinternational.com\/wp-content\/uploads\/2025\/08\/Medical-dewvice-4-1024x574.jpg 1024w, https:\/\/www.sisinternational.com\/wp-content\/uploads\/2025\/08\/Medical-dewvice-4-768x430.jpg 768w, https:\/\/www.sisinternational.com\/wp-content\/uploads\/2025\/08\/Medical-dewvice-4-18x10.jpg 18w\" sizes=\"auto, (max-width: 1456px) 100vw, 1456px\"><\/figure>\n\n\n\n<ul class=\"wp-block-list\">\n<li>Ingegnere\/Progettista di dispositivi medici. Responsabile della progettazione e dello sviluppo di dispositivi medici, come impianti o apparecchiature diagnostiche. Collaborano con un team di professionisti, tra cui ricercatori, ingegneri e medici.<\/li>\n\n\n\n<li>Responsabile Affari Regolatori. Garantisce che i dispositivi rispettino le normative, le politiche e le leggi dei paesi di vendita. Questa posizione include la gestione delle registrazioni dei prodotti, dei requisiti di etichettatura e delle approvazioni delle sperimentazioni cliniche.<\/li>\n\n\n\n<li>Responsabile controllo qualit\u00e0. Garantire che la produzione, i test e la distribuzione dei dispositivi medici rispettino gli standard normativi. Devono inoltre essere in linea con le linee guida del settore e con i sistemi interni di gestione della qualit\u00e0.<\/li>\n\n\n\n<li>Clinical Research Associate. Coordinare e gestire studi clinici per dispositivi medici. Questo associato lavora con operatori sanitari e pazienti. Garantiscono di seguire i protocolli di studio e di raccogliere dati accurati.<\/li>\n\n\n\n<li>Rappresentante di vendita. Responsabile della promozione e della vendita di dispositivi medici agli operatori sanitari. Ad esempio, li vendono a ospedali, cliniche e studi medici. Ai rappresentanti di vendita viene spesso richiesto di avere una conoscenza approfondita dei loro prodotti. Devono anche avere la capacit\u00e0 di costruire relazioni con i principali decisori.<\/li>\n\n\n\n<li>Ingegnere biomedico. Responsabile della progettazione e sviluppo di dispositivi medici. Questo ingegnere analizza e risolve anche problemi relativi ad apparecchiature e sistemi medici. Gli ingegneri biomedici possono anche lavorare allo sviluppo di organi artificiali o protesi.<\/li>\n\n\n\n<li>Scrittore tecnico. Responsabile della creazione dei manuali utente e della documentazione del prodotto. Chi scrive dovr\u00e0 produrre anche altro materiale tecnico relativo ai dispositivi medici. Gli scrittori tecnici devono avere una conoscenza approfondita della terminologia medica. Devono inoltre essere in grado di tradurre informazioni tecniche complesse in un linguaggio di facile comprensione.<\/li>\n<\/ul>\n\n\n\n<h2 class=\"wp-block-heading\">Perch\u00e9 le aziende hanno bisogno di dispositivi medici?<\/h2>\n\n\n\n<p>Le aziende, in particolare quelle del settore sanitario, necessitano di dispositivi medici per diversi motivi. Usano questi dispositivi per diagnosticare e trattare condizioni mediche. La diagnosi e il trattamento sono componenti fondamentali dell\u2019assistenza sanitaria. I dispositivi offrono ai pazienti una gamma pi\u00f9 completa di opzioni diagnostiche e terapeutiche.<\/p>\n\n\n\n<p>Nel settore sanitario odierno, le aziende devono rimanere competitive. L\u2019accesso ai dispositivi e alle tecnologie mediche pi\u00f9 recenti offre alle aziende un vantaggio competitivo. Permette loro di attrarre e trattenere i pazienti. Li aiuta anche a competere con altri fornitori del settore.<\/p>\n\n\n\n<p>I dispositivi medici sono soggetti a requisiti normativi come quelli stabiliti dalla FDA. Le aziende possono evitare sanzioni garantendo che i loro dispositivi medici rispettino queste normative. Possono anche garantire che i loro dispositivi siano sicuri ed efficaci per l&#039;uso previsto.<\/p>\n\n\n\n<h2 class=\"wp-block-heading\">Fattori chiave del successo<\/h2>\n\n\n\n<p>L\u2019industria dei dispositivi medici \u00e8 competitiva. Diversi fattori contribuiscono al successo delle aziende che operano in questo settore. Ecco alcuni fattori chiave di successo:<\/p>\n\n\n\n<p>Innovation is a critical success factor in the medical device industry. Medical devices are evolving, and researchers are developing new technology. Businesses should invest in obtaining <a href=\"https:\/\/www.sisinternational.com\/it\/competenza\/industrie\/ricerche-di-mercato-sulla-tecnologia-medica\/\" title=\"Ricerche di mercato sulla tecnologia medica (Med Tech).\"  data-wpil-monitor-id=\"4163\">ricerche di mercato sui dispositivi medici<\/a> and learning about the development of medical devices. In that way, they can stay at the forefront of the industry. The needs of patients and healthcare providers are also ever-evolving. Businesses must develop new products to meet these needs and have a better chance of success.<\/p>\n\n\n\n<p>Le aziende che investono in ricerca e sviluppo e immettono sul mercato prodotti innovativi hanno un vantaggio significativo rispetto ai concorrenti. Hai idee per dispositivi medici nuovi e migliorati che siano pi\u00f9 efficaci, pi\u00f9 sicuri e pi\u00f9 facili da usare? Possono aiutare la tua azienda a guadagnare quote di mercato e generare entrate.<\/p>\n\n\n\n<p>Come accennato in precedenza, il rispetto dei requisiti normativi \u00e8 essenziale. Il rispetto degli standard normativi offre alle aziende un vantaggio competitivo significativo. Anche il rispetto delle normative pu\u00f2 contribuire a creare fiducia. Migliora la credibilit\u00e0 presso i clienti e le agenzie di regolamentazione.<\/p>\n\n\n\n<p>La qualit\u00e0 \u00e8 un fattore cruciale di successo nel settore dei dispositivi medici. Le aziende che producono dispositivi affidabili, durevoli e sicuri ottengono un vantaggio competitivo. Concentrarsi sulla qualit\u00e0 pu\u00f2 anche aiutare a fidelizzare i clienti e a rafforzare la reputazione del marchio.<\/p>\n\n\n\n<p>Il controllo dei costi \u00e8 un altro fattore critico di successo nel settore dei dispositivi medici. Le aziende che producono a costi inferiori possono ottenere un vantaggio competitivo. Il controllo dei costi richiede processi di produzione efficienti, una gestione efficace della catena di fornitura e un\u2019attenta gestione dei costi.<\/p>\n\n\n\n<p>L\u2019attenzione al cliente \u00e8 essenziale nel settore dei dispositivi medici. Le aziende devono comprendere le esigenze dei propri clienti. Quelli che sviluppano prodotti che soddisfano tali esigenze hanno un vantaggio significativo. L\u2019attenzione al cliente richiede una profonda conoscenza del settore sanitario. Devono collaborare con gli operatori sanitari per creare prodotti che soddisfino le loro esigenze.<\/p>\n\n\n\n<p>La distribuzione e il marketing sono fattori critici di successo nel settore dei dispositivi medici. Le aziende con reti di distribuzione e strategie di marketing efficaci possono raggiungere pi\u00f9 clienti. In questo modo possono ottenere un vantaggio competitivo. Questo fattore di successo richiede la comprensione del settore sanitario, le esigenze dei clienti e strategie di marketing efficaci.<\/p>\n\n\n\n<h2 class=\"wp-block-heading\">Informazioni sulle ricerche di mercato sui dispositivi medici<\/h2>\n\n\n\n<figure class=\"gb-block-image gb-block-image-0c0f8108\"><img loading=\"lazy\" decoding=\"async\" width=\"1456\" height=\"816\" class=\"gb-image gb-image-0c0f8108\" src=\"https:\/\/www.sisinternational.com\/wp-content\/uploads\/2025\/08\/Medical-dewvice-5.jpg\" alt=\"Ricerca e strategia di mercato internazionale SIS\" title=\"Medical dewvice (5)\" srcset=\"https:\/\/www.sisinternational.com\/wp-content\/uploads\/2025\/08\/Medical-dewvice-5.jpg 1456w, https:\/\/www.sisinternational.com\/wp-content\/uploads\/2025\/08\/Medical-dewvice-5-300x168.jpg 300w, https:\/\/www.sisinternational.com\/wp-content\/uploads\/2025\/08\/Medical-dewvice-5-1024x574.jpg 1024w, https:\/\/www.sisinternational.com\/wp-content\/uploads\/2025\/08\/Medical-dewvice-5-768x430.jpg 768w, https:\/\/www.sisinternational.com\/wp-content\/uploads\/2025\/08\/Medical-dewvice-5-18x10.jpg 18w\" sizes=\"auto, (max-width: 1456px) 100vw, 1456px\"><\/figure>\n\n\n\n<p><\/p>\n\n\n\n<p>Developing and marketing new medical devices is often complex and risky. Conducting Quantitative and <a class=\"wpil_keyword_link\" href=\"https:\/\/www.sisinternational.com\/it\/soluzioni\/soluzioni-di-ricerca-quantitativa-qualitativa\/\"   title=\"Qualitative &amp; Quantitative Research Solutions\" data-wpil-keyword-link=\"linked\"  data-wpil-monitor-id=\"373\">Ricerche di mercato qualitative<\/a> can reduce this risk. It can also ensure a successful product launch. UX Market Research is also valuable as it helps you understand the needs of all device users. It gives you the perspective of both the caregiver and the patient.<\/p>\n\n\n\n<p>\u00c8 importante ricordare una cosa quando si effettuano ricerche di mercato sui dispositivi medici. Domande di ricerca diverse sono pi\u00f9 adatte a pubblici diversi. Ecco perch\u00e9 \u00e8 essenziale avere un fornitore di ricerche di mercato come SIS International. Organizziamo i tuoi focus group e conduciamo i tuoi sondaggi e interviste. Un&#039;altra parte della tua ricerca di mercato strategica prevede la visita di un ospedale o di una clinica. Lo scopo della visita \u00e8 visionare il dispositivo utilizzato. Oppure puoi fare una breve analisi competitiva osservando il dispositivo di un concorrente in uso.<\/p>\n\n\n\n<p><a href=\"https:\/\/www.sisinternational.com\/it\/competenza\/industrie\/ricerche-di-mercato-sulla-carne-basata-su-cellule-di-carne-coltivata\/\" title=\"Ricerche di mercato sulla carne coltivata (carne a base cellulare).\"  data-wpil-monitor-id=\"3176\">Ricerca sull&#039;ingresso nel mercato<\/a> should also form part of your Go-to-Market Strategy. So should <a class=\"wpil_keyword_link\" href=\"https:\/\/www.sisinternational.com\/it\/soluzioni\/consulenza-strategica\/ricerca-sulle-opportunita-di-mercato\/\"   title=\"Ricerca sulle opportunit\u00e0 di mercato\" data-wpil-keyword-link=\"linked\"  data-wpil-monitor-id=\"698\">Ricerca sulle opportunit\u00e0 di mercato<\/a> and Market Sizing Research. SIS International offers all these research types and much more. Contact us today for a consultation.<\/p>","protected":false},"excerpt":{"rendered":"<p>Healthcare professionals use medical devices in many settings. They are in hospitals, clinics, doctor&#8217;s offices, and even a patient&#8217;s home.<\/p>","protected":false},"author":1,"featured_media":63845,"parent":11294,"menu_order":249,"comment_status":"closed","ping_status":"closed","template":"","meta":{"_uag_custom_page_level_css":"","footnotes":""},"class_list":["post-42350","page","type-page","status-publish","has-post-thumbnail"],"uagb_featured_image_src":{"full":["https:\/\/www.sisinternational.com\/wp-content\/uploads\/2025\/08\/Medical-dewvice-2.jpg",1456,816,false],"thumbnail":["https:\/\/www.sisinternational.com\/wp-content\/uploads\/2025\/08\/Medical-dewvice-2-150x150.jpg",150,150,true],"medium":["https:\/\/www.sisinternational.com\/wp-content\/uploads\/2025\/08\/Medical-dewvice-2-300x168.jpg",300,168,true],"medium_large":["https:\/\/www.sisinternational.com\/wp-content\/uploads\/2025\/08\/Medical-dewvice-2-768x430.jpg",768,430,true],"large":["https:\/\/www.sisinternational.com\/wp-content\/uploads\/2025\/08\/Medical-dewvice-2-1024x574.jpg",1024,574,true],"1536x1536":["https:\/\/www.sisinternational.com\/wp-content\/uploads\/2025\/08\/Medical-dewvice-2.jpg",1456,816,false],"2048x2048":["https:\/\/www.sisinternational.com\/wp-content\/uploads\/2025\/08\/Medical-dewvice-2.jpg",1456,816,false],"trp-custom-language-flag":["https:\/\/www.sisinternational.com\/wp-content\/uploads\/2025\/08\/Medical-dewvice-2-18x10.jpg",18,10,true]},"uagb_author_info":{"display_name":"Ruth Stanat","author_link":"https:\/\/www.sisinternational.com\/it\/author\/expert\/"},"uagb_comment_info":0,"uagb_excerpt":"Healthcare professionals use medical devices in many settings. They are in hospitals, clinics, doctor's offices, and even a patient's home.","_links":{"self":[{"href":"https:\/\/www.sisinternational.com\/it\/wp-json\/wp\/v2\/pages\/42350","targetHints":{"allow":["GET"]}}],"collection":[{"href":"https:\/\/www.sisinternational.com\/it\/wp-json\/wp\/v2\/pages"}],"about":[{"href":"https:\/\/www.sisinternational.com\/it\/wp-json\/wp\/v2\/types\/page"}],"author":[{"embeddable":true,"href":"https:\/\/www.sisinternational.com\/it\/wp-json\/wp\/v2\/users\/1"}],"replies":[{"embeddable":true,"href":"https:\/\/www.sisinternational.com\/it\/wp-json\/wp\/v2\/comments?post=42350"}],"version-history":[{"count":7,"href":"https:\/\/www.sisinternational.com\/it\/wp-json\/wp\/v2\/pages\/42350\/revisions"}],"predecessor-version":[{"id":78272,"href":"https:\/\/www.sisinternational.com\/it\/wp-json\/wp\/v2\/pages\/42350\/revisions\/78272"}],"up":[{"embeddable":true,"href":"https:\/\/www.sisinternational.com\/it\/wp-json\/wp\/v2\/pages\/11294"}],"wp:featuredmedia":[{"embeddable":true,"href":"https:\/\/www.sisinternational.com\/it\/wp-json\/wp\/v2\/media\/63845"}],"wp:attachment":[{"href":"https:\/\/www.sisinternational.com\/it\/wp-json\/wp\/v2\/media?parent=42350"}],"curies":[{"name":"wp","href":"https:\/\/api.w.org\/{rel}","templated":true}]}}