{"id":42341,"date":"2023-04-12T22:17:58","date_gmt":"2023-04-13T02:17:58","guid":{"rendered":"https:\/\/www.sisinternational.com\/?page_id=42341"},"modified":"2026-01-25T18:17:40","modified_gmt":"2026-01-25T23:17:40","slug":"ricerche-di-mercato-sul-gas-di-petrolio-liquefatto","status":"publish","type":"page","link":"https:\/\/www.sisinternational.com\/it\/competenza\/ricerche-di-mercato-sul-gas-di-petrolio-liquefatto\/","title":{"rendered":"Ricerche di mercato sul gas di petrolio liquefatto"},"content":{"rendered":"<h1 class=\"wp-block-heading\">Ricerche di mercato sul gas di petrolio liquefatto<\/h1>\n\n\n\n<figure class=\"gb-block-image gb-block-image-b59d8d51\"><img loading=\"lazy\" decoding=\"async\" width=\"1456\" height=\"816\" class=\"gb-image gb-image-b59d8d51\" src=\"https:\/\/www.sisinternational.com\/wp-content\/uploads\/2025\/08\/Crude-petroleum-5.jpg\" alt=\"Ricerca e strategia di mercato internazionale SIS\" title=\"Crude petroleum (5)\" srcset=\"https:\/\/www.sisinternational.com\/wp-content\/uploads\/2025\/08\/Crude-petroleum-5.jpg 1456w, https:\/\/www.sisinternational.com\/wp-content\/uploads\/2025\/08\/Crude-petroleum-5-300x168.jpg 300w, https:\/\/www.sisinternational.com\/wp-content\/uploads\/2025\/08\/Crude-petroleum-5-1024x574.jpg 1024w, https:\/\/www.sisinternational.com\/wp-content\/uploads\/2025\/08\/Crude-petroleum-5-768x430.jpg 768w, https:\/\/www.sisinternational.com\/wp-content\/uploads\/2025\/08\/Crude-petroleum-5-18x10.jpg 18w\" sizes=\"auto, (max-width: 1456px) 100vw, 1456px\"><\/figure>\n\n\n\n<p><\/p>\n\n\n\n<hr class=\"wp-block-separator has-alpha-channel-opacity is-style-dots\"\/>\n\n\n\n<div class=\"wp-block-columns has-global-color-9-color has-text-color has-background has-link-color wp-elements-531f16c42315c1590175bf5fb50e6fa3 is-layout-flex wp-container-core-columns-is-layout-9d6595d7 wp-block-columns-is-layout-flex\" style=\"background-color:#f7f9fa6e\">\n<div class=\"wp-block-column is-layout-flow wp-block-column-is-layout-flow\" style=\"flex-basis:18%\"><\/div>\n\n\n\n<div class=\"wp-block-column is-vertically-aligned-center is-layout-flow wp-block-column-is-layout-flow\" style=\"flex-basis:71.28%\">\n<div class=\"wp-block-rank-math-toc-block aligncenter has-global-color-9-color has-text-color has-link-color wp-elements-0f25fc0a67ec809c868d4df515d64045\" style=\"font-size:16px\" id=\"rank-math-toc\"><h2><br><strong>T<\/strong>able of Contents<\/h2><nav><ul><li class=\"\"><a href=\"#what-is-liquefied-petroleum-gas-lp-gas\">Che cos&#039;\u00e8 il gas di petrolio liquefatto (gas GPL)?<\/a><\/li><li class=\"\"><a href=\"#trends-and-opportunities\">Tendenze e opportunit\u00e0<\/a><\/li><li class=\"\"><a href=\"#challenges-in-the-liquefied-petroleum-gas-market\">Sfide nel mercato del gas di petrolio liquefatto<\/a><\/li><\/ul><\/nav><\/div>\n<\/div>\n<\/div>\n\n\n\n<p><\/p>\n\n\n\n<p>Il mercato del gas di petrolio liquefatto (gas GPL) rientra in una delle industrie pi\u00f9 grandi, l\u2019industria petrolifera. L\u2019industria petrolifera guadagna trilioni di dollari ogni anno, con il mercato del gas di petrolio liquefatto che contribuisce con centinaia di miliardi.<\/p>\n\n\n\n<p>Anche con l\u2019introduzione di opzioni alternative, si prevede che la domanda di gas di petrolio liquefatto aumenter\u00e0 a causa delle iniziative governative, del controllo delle emissioni e della crescita della popolazione. Le prospettive positive per il mercato lo rendono un veicolo di investimento redditizio.<\/p>\n\n\n\n<p>However, with its growing popularity, the Liquefied <a href=\"https:\/\/www.sisinternational.com\/it\/competenza\/industrie\/ricerche-sul-mercato-petrolifero\/\" title=\"Ricerche sul mercato del petrolio\"  data-wpil-monitor-id=\"6474\">Petroleum Gas market<\/a> suffers its own fair share of missteps and issues. <a href=\"https:\/\/www.sisinternational.com\/it\/competenza\/industrie\/ricerche-di-mercato-del-petrolio-e-del-gas\/\" title=\"Ricerche di mercato nel settore del petrolio e del gas\"  data-wpil-monitor-id=\"3093\">Market analysis and research<\/a> are a few of the best ways to mitigate potential problems when investing in the industry.<\/p>\n\n\n\n<h2 class=\"wp-block-heading\" id=\"what-is-liquefied-petroleum-gas-lp-gas\">Che cos&#039;\u00e8 il gas di petrolio liquefatto (gas GPL)?<\/h2>\n\n\n\n<figure class=\"gb-block-image gb-block-image-e6ce59a4\"><img loading=\"lazy\" decoding=\"async\" width=\"1456\" height=\"816\" class=\"gb-image gb-image-e6ce59a4\" src=\"https:\/\/www.sisinternational.com\/wp-content\/uploads\/2025\/08\/Crude-petroleum-4.jpg\" alt=\"Ricerca e strategia di mercato internazionale SIS\" title=\"Crude petroleum (4)\" srcset=\"https:\/\/www.sisinternational.com\/wp-content\/uploads\/2025\/08\/Crude-petroleum-4.jpg 1456w, https:\/\/www.sisinternational.com\/wp-content\/uploads\/2025\/08\/Crude-petroleum-4-300x168.jpg 300w, https:\/\/www.sisinternational.com\/wp-content\/uploads\/2025\/08\/Crude-petroleum-4-1024x574.jpg 1024w, https:\/\/www.sisinternational.com\/wp-content\/uploads\/2025\/08\/Crude-petroleum-4-768x430.jpg 768w, https:\/\/www.sisinternational.com\/wp-content\/uploads\/2025\/08\/Crude-petroleum-4-18x10.jpg 18w\" sizes=\"auto, (max-width: 1456px) 100vw, 1456px\"><\/figure>\n\n\n\n<p><\/p>\n\n\n\n<p>Il gas di petrolio liquefatto, pi\u00f9 popolarmente noto come GPL, \u00e8 un gas combustibile costituito da una miscela di cinque gas idrocarburi infiammabili. La raffinazione del gas di petrolio o del gas naturale produce GPL come prodotto del processo.<\/p>\n\n\n\n<p>Anche se ricavato dal petrolio greggio e dal gas naturale, il gas di petrolio liquefatto \u00e8 diventato un\u2019interessante opzione ecologica e a basse emissioni di carbonio. Brucia in modo pulito, non emette nerofumo e scarica poco zolfo e anidride carbonica.<\/p>\n\n\n\n<p>Il gas di petrolio liquefatto ha gradi anzich\u00e9 tipi, che riguardano le diverse miscele di gas idrocarburi. Negli Stati Uniti esistono 2 gradi di GPL, ovvero HD-5 e propano commerciale. Le regolazioni effettuate sulla miscela GPL dipendono dal clima e dall&#039;ubicazione del luogo in cui \u00e8 destinata alla vendita.<\/p>\n\n\n\n<p>Ha guadagnato popolarit\u00e0 all&#039;inizio del 1900 con l&#039;uso di elettrodomestici e veicoli. Ora, vari settori, come l\u2019agricoltura, l\u2019ospitalit\u00e0 e l\u2019edilizia, si affidano al gas di petrolio liquefatto per alimentare i propri macchinari e attrezzature.<\/p>\n\n\n\n<p>Sono state introdotte alternative al GPL, compreso il gas naturale convogliato. Ma \u00e8 ancora incapace di provvedere alla crescita della popolazione, soprattutto in un\u2019area urbanizzata.<\/p>\n\n\n\n<h2 class=\"wp-block-heading\" id=\"trends-and-opportunities\">Tendenze e opportunit\u00e0<\/h2>\n\n\n\n<p>Il gas di petrolio liquefatto \u00e8 stato un alimento base per le case e le industrie, il che lo ha reso uno dei migliori mercati in cui investire. Con la sua continua crescita dovuta alla crescente domanda, ci sono molte opportunit\u00e0 che si aprono agli investitori interessati. Tuttavia, per fare la giusta mossa finanziaria ed evitare errori di valutazione, ci si aspetta che gli investitori si informino sulle ultime tendenze che indirizzano il mercato.<\/p>\n\n\n\n<ul class=\"wp-block-list\">\n<li><strong>Espansione come materia prima nell&#039;industria chimica:<\/strong> Il GPL \u00e8 stato utilizzato come vettore energetico, alimentando diverse macchine ed elettrodomestici. Sembra che non diventer\u00e0 per molto tempo una potenziale materia prima per la sintesi delle olefine.<\/li>\n\n\n\n<li><strong>Aumento della produzione globale di gas naturale liquido:<\/strong> Si registra un aumento della produzione di gas naturale liquido con una crescita annua stimata di 3,2% nell&#039;ultimo decennio. Questo aumento influenza di conseguenza la crescita dell&#039;offerta di GPL.<\/li>\n\n\n\n<li><strong>Niente pi\u00f9 raffinerie di petrolio per il GPL prodotto dal gas naturale:<\/strong> Un impianto di separazione del gas pu\u00f2 ora eseguire l&#039;estrazione del gas naturale per formare il GPL. La produzione della separazione del gas \u00e8 meno costosa di quella delle raffinerie di petrolio greggio.<\/li>\n\n\n\n<li><strong>Trasporto pi\u00f9 semplice del gas di petrolio liquefatto prodotto dal gas naturale:<\/strong> Il GPL prodotto dal gas naturale pu\u00f2 essere distribuito tramite gasdotti e navi cisterna.<\/li>\n\n\n\n<li><strong>Il Nord America \u00e8 leader nella produzione di GPL prodotto da gas naturale:<\/strong> Il Nord America continua a guidare il mercato del gas di petrolio liquefatto estratto dal gas naturale mentre cresce la sua produzione di gas naturale liquido.<\/li>\n\n\n\n<li><strong>La sicurezza dell\u2019approvvigionamento di GPL in Europa:<\/strong> L\u2019Europa \u00e8 autosufficiente in termini di gas di petrolio liquefatto poich\u00e9 ospita numerose raffinerie di gas naturale e petrolio. La distribuzione del GPL \u00e8 inoltre assicurata con le diverse modalit\u00e0 di trasporto disponibili, dalla ferrovia alla navigazione marittima.<\/li>\n<\/ul>\n\n\n\n<p><strong>Benefits of Liquefied Petroleum <a href=\"https:\/\/www.sisinternational.com\/it\/soluzioni\/ricerche-di-mercato-su-oleodotti-e-gasdotti\/\" title=\"Ricerche di mercato su oleodotti e gasdotti\"  data-wpil-monitor-id=\"2148\">Gas Market Research<\/a><\/strong><\/p>\n\n\n\n<p>Il mercato del gas di petrolio liquefatto copre una catena globale, il che rende difficile la valutazione senza ricerche e analisi adeguate. Avere una ricerca di mercato dedicata al GPL fornir\u00e0 una ripartizione di tutto ci\u00f2 che un investitore dovrebbe sapere. Affronta anche i fattori che circondano il mercato, in particolare le aziende e i produttori coinvolti.<\/p>\n\n\n\n<ul class=\"wp-block-list\">\n<li>Analisi del mercato del GPL: un mercato specifico, come quello del GPL, pu\u00f2 essere difficile da analizzare senza una corretta comprensione del mercato stesso. Una ricerca coesa pu\u00f2 fornire tutte le analisi necessarie per capire come opera il mercato del GPL e dove sta andando.<\/li>\n\n\n\n<li>Comprensione pi\u00f9 semplice del mercato e del suo prodotto: la maggior parte degli investitori non capir\u00e0 le ultime tendenze e le informazioni disponibili al pubblico. Le discussioni sul prodotto stesso potrebbero essere impegnative per le persone in quanto potrebbero comportare studi e discussioni scientifiche. La ricerca di mercato render\u00e0 tutto pi\u00f9 semplice evidenziando informazioni rilevanti che possono influenzarli per creare sagge decisioni di investimento.<\/li>\n\n\n\n<li>Saves time: Research, analysis, and preparation can take up to a week or months to perform. Investors can opt to save their time and <a href=\"https:\/\/www.sisinternational.com\/it\/azioni-governative-sui-biocarburanti\/\" title=\"Ricerche di mercato sui biocarburanti\"  data-wpil-monitor-id=\"1738\">energy by relying on market research<\/a> performed by a professional. These <a href=\"https:\/\/www.sisinternational.com\/it\/competenza\/industrie\/ricerche-di-mercato-nel-metaverso\/\" title=\"Ricerche di mercato sul Metaverso\"  data-wpil-monitor-id=\"4770\">researchers<\/a> have a better grasp of the market and tactics in making it relevant to the interest of the investor.<\/li>\n<\/ul>\n\n\n\n<h2 class=\"wp-block-heading\" id=\"challenges-in-the-liquefied-petroleum-gas-market\">Sfide nel mercato del gas di petrolio liquefatto<\/h2>\n\n\n\n<figure class=\"gb-block-image gb-block-image-7c4303bc\"><img loading=\"lazy\" decoding=\"async\" width=\"1456\" height=\"816\" class=\"gb-image gb-image-7c4303bc\" src=\"https:\/\/www.sisinternational.com\/wp-content\/uploads\/2025\/08\/Oit-petroleum-petrochemical-4.jpg\" alt=\"Ricerca e strategia di mercato internazionale SIS\" title=\"Oit petroleum petrochemical (4)\" srcset=\"https:\/\/www.sisinternational.com\/wp-content\/uploads\/2025\/08\/Oit-petroleum-petrochemical-4.jpg 1456w, https:\/\/www.sisinternational.com\/wp-content\/uploads\/2025\/08\/Oit-petroleum-petrochemical-4-300x168.jpg 300w, https:\/\/www.sisinternational.com\/wp-content\/uploads\/2025\/08\/Oit-petroleum-petrochemical-4-1024x574.jpg 1024w, https:\/\/www.sisinternational.com\/wp-content\/uploads\/2025\/08\/Oit-petroleum-petrochemical-4-768x430.jpg 768w, https:\/\/www.sisinternational.com\/wp-content\/uploads\/2025\/08\/Oit-petroleum-petrochemical-4-18x10.jpg 18w\" sizes=\"auto, (max-width: 1456px) 100vw, 1456px\"><\/figure>\n\n\n\n<p><\/p>\n\n\n\n<p>Il mercato del gas di petrolio liquefatto rientra in una delle pi\u00f9 grandi industrie globali, il che significa che presenta una buona dose di problemi e controversie. Dalle questioni legate all\u2019ambiente all\u2019inflazione dei prezzi, questo \u00e8 un elenco di sfide che il mercato deve affrontare.<\/p>\n\n\n\n<ul class=\"wp-block-list\">\n<li><strong>Preoccupazioni legate alla scarsit\u00e0:<\/strong> Il GPL funge da vettore energetico per diversi elettrodomestici, dalla cucina al riscaldamento. Con la crescente domanda, i produttori si trovano ora a dover tenere il passo.<\/li>\n\n\n\n<li>Prezzi gonfiati: gli aumenti dei prezzi seguono la scarsa offerta. Una delle ragioni classiche della scarsa offerta \u00e8 che alcuni paesi accumulano la maggior parte delle forniture di GPL, creando uno squilibrio.<\/li>\n\n\n\n<li><strong>Problemi ambientali:<\/strong> Sebbene sia uno dei tipi di gas pi\u00f9 puliti, il GPL viene prodotto anche dalla lavorazione del petrolio greggio. Il petrolio greggio \u00e8 un combustibile fossile presente in natura e pu\u00f2 essere trovato nel sottosuolo. Per estrarre, le aziende devono perforare il terreno, creando impatti ambientali negativi. Alcuni dei problemi ad esso correlati riguardano la distruzione della fauna selvatica, il danneggiamento del territorio e la generazione di inquinamento. Queste ragioni sono diventate la forza trainante dietro la preferenza per il GPL estratto a gas naturale. \u00c8 determinato a essere pi\u00f9 pulito e meno dannoso per l&#039;ambiente.<\/li>\n\n\n\n<li><strong>Problemi di sicurezza:<\/strong> Molti produttori stanno trovando modi per distribuire il GPL pi\u00f9 velocemente e allo stesso tempo con un buon rapporto costo-efficacia. Uno dei modi \u00e8 utilizzare una conduttura sotterranea. Tuttavia, ci sono gi\u00e0 segnalazioni di esplosioni attribuite alla cattiva gestione delle tubazioni, che hanno causato l&#039;incendio.<\/li>\n<\/ul>\n\n\n\n<p><\/p>\n\n\n\n<!DOCTYPE html>\n<html lang=\"en\">\n<head>\n    <meta charset=\"UTF-8\">\n    <meta name=\"viewport\" content=\"width=device-width, initial-scale=1.0\">\n    <title>AI Blog Banner<\/title>\n    <style>\n        * {\n            margin: 0;\n            padding: 0;\n            box-sizing: border-box;\n        }\n\n        .banner {\n            position: relative;\n            width: 100%;\n            height: 350px;\n            overflow: hidden;\n            display: flex;\n            align-items: center;\n            justify-content: center;\n            font-family: 'Arial', sans-serif;\n            border-radius: 25px;\n        }\n\n        .animated-background {\n            position: absolute;\n            top: 0;\n            left: 0;\n            width: 100%;\n            height: 100%;\n            background: linear-gradient(45deg, #003f6b, #2d5a7b, #003f6b, #2d5a7b);\n            background-size: 400% 400%;\n            animation: gradientMove 8s ease-in-out infinite;\n        }\n\n        .ai-pattern {\n            position: absolute;\n            top: 0;\n            left: 0;\n            width: 100%;\n            height: 100%;\n            opacity: 0.1;\n            background-image: \n                radial-gradient(circle at 20% 20%, rgba(255,255,255,0.3) 2px, transparent 2px),\n                radial-gradient(circle at 80% 80%, rgba(255,255,255,0.2) 1px, transparent 1px),\n                radial-gradient(circle at 40% 60%, rgba(255,255,255,0.15) 1.5px, transparent 1.5px),\n                radial-gradient(circle at 60% 20%, rgba(255,255,255,0.25) 1px, transparent 1px),\n                radial-gradient(circle at 80% 40%, rgba(255,255,255,0.2) 2px, transparent 2px);\n            background-size: 100px 100px, 150px 150px, 80px 80px, 120px 120px, 90px 90px;\n            animation: patternFloat 12s linear infinite;\n        }\n\n        .neural-network {\n            position: absolute;\n            top: 0;\n            left: 0;\n            width: 100%;\n            height: 100%;\n            opacity: 0.08;\n        }\n\n        .neural-line {\n            position: absolute;\n            height: 1px;\n            background: linear-gradient(90deg, transparent, rgba(255,255,255,0.5), transparent);\n            animation: neuralPulse 6s ease-in-out infinite;\n        }\n\n        .neural-line:nth-child(1) {\n            top: 30%;\n            left: 0;\n            width: 60%;\n            animation-delay: 0s;\n        }\n\n        .neural-line:nth-child(2) {\n            top: 50%;\n            right: 0;\n            width: 70%;\n            animation-delay: 2s;\n        }\n\n        .neural-line:nth-child(3) {\n            top: 70%;\n            left: 20%;\n            width: 50%;\n            animation-delay: 4s;\n        }\n\n        .content {\n            position: relative;\n            z-index: 10;\n            text-align: center;\n            color: white !important;\n            max-width: 800px;\n            padding: 30px;\n        }\n\n        .content * {\n            color: white !important;\n        }\n\n        .cta-text {\n            font-size: 1.9rem;\n            font-weight: 700;\n            margin-bottom: 15px;\n            color: white !important;\n            background: linear-gradient(90deg, rgba(255,255,255,0.6), rgba(255,255,255,1), rgba(230,230,230,1), rgba(255,255,255,1), rgba(240,240,240,0.8), rgba(255,255,255,0.6));\n            background-size: 200% 100%;\n            -webkit-background-clip: text;\n            -webkit-text-fill-color: transparent;\n            background-clip: text;\n            animation: shineEffect 10s ease-in-out infinite;\n            line-height: 1.3;\n        }\n\n        .cta-subheading {\n            font-size: 1rem;\n            font-weight: 400;\n            margin-bottom: 25px;\n            color: white !important;\n            line-height: 1.6;\n            opacity: 0.95;\n        }\n\n        .cta-button {\n            background: linear-gradient(135deg, #8a6b0f, #bd9013, #d4a519);\n            border: 2px solid #8a6b0f;\n            color: white !important;\n            padding: 18px 40px;\n            font-size: 1.2rem;\n            font-weight: 600;\n            border-radius: 50px;\n            cursor: pointer;\n            transition: all 0.3s ease;\n            text-decoration: none;\n            display: inline-block;\n            position: relative;\n            overflow: hidden;\n        }\n\n        .cta-button::before {\n            content: '';\n            position: absolute;\n            top: 0;\n            left: -100%;\n            width: 100%;\n            height: 100%;\n            background: linear-gradient(90deg, \n                transparent 0%, \n                rgba(255, 255, 255, 0.3) 25%,\n                rgba(255, 255, 255, 0.6) 50%,\n                rgba(255, 255, 255, 0.3) 75%,\n                transparent 100%);\n            animation: shine 3s ease-in-out infinite;\n        }\n\n        .cta-button:hover {\n            transform: translateY(-3px);\n            box-shadow: 0 10px 25px rgba(0,0,0,0.2);\n            border-color: #bd9013;\n            background: linear-gradient(135deg, #bd9013, #d4a519, #e6b61f);\n        }\n\n        .floating-elements {\n            position: absolute;\n            top: 0;\n            left: 0;\n            width: 100%;\n            height: 100%;\n            pointer-events: none;\n        }\n\n        .floating-circle {\n            position: absolute;\n            border-radius: 50%;\n            background: rgba(255,255,255,0.1);\n            animation: float 8s ease-in-out infinite;\n        }\n\n        .floating-circle:nth-child(1) {\n            width: 80px;\n            height: 80px;\n            top: 20%;\n            left: 10%;\n            animation-delay: 0s;\n        }\n\n        .floating-circle:nth-child(2) {\n            width: 60px;\n            height: 60px;\n            top: 60%;\n            right: 15%;\n            animation-delay: 3s;\n        }\n\n        .floating-circle:nth-child(3) {\n            width: 40px;\n            height: 40px;\n            top: 80%;\n            left: 80%;\n            animation-delay: 6s;\n        }\n\n        .floating-circle:nth-child(4) {\n            width: 70px;\n            height: 70px;\n            top: 10%;\n            right: 20%;\n            animation-delay: 1.5s;\n        }\n\n        .floating-circle:nth-child(5) {\n            width: 50px;\n            height: 50px;\n            top: 75%;\n            left: 30%;\n            animation-delay: 4.5s;\n        }\n\n        @keyframes gradientMove {\n            0% { background-position: 0% 50%; }\n            25% { background-position: 100% 50%; }\n            50% { background-position: 100% 100%; }\n            75% { background-position: 0% 100%; }\n            100% { background-position: 0% 50%; }\n        }\n\n        @keyframes patternFloat {\n            0% { transform: translateX(0) translateY(0); }\n            33% { transform: translateX(30px) translateY(-20px); }\n            66% { transform: translateX(-20px) translateY(10px); }\n            100% { transform: translateX(0) translateY(0); }\n        }\n\n        @keyframes neuralPulse {\n            0%, 100% { opacity: 0.08; }\n            50% { opacity: 0.2; }\n        }\n\n        @keyframes shineEffect {\n            0% { background-position: 200% 0; }\n            100% { background-position: -200% 0; }\n        }\n\n        @keyframes shine {\n            0% {\n                left: -100%;\n            }\n            20%, 100% {\n                left: 100%;\n            }\n        }\n\n        @keyframes float {\n            0%, 100% { transform: translateY(0px) rotate(0deg); }\n            33% { transform: translateY(-30px) rotate(120deg); }\n            66% { transform: translateY(15px) rotate(240deg); }\n        }\n\n        @media (max-width: 768px) {\n            .banner {\n                height: 320px;\n                padding: 30px 0;\n            }\n            \n            .content {\n                padding: 40px 20px;\n            }\n            \n            .cta-text {\n                font-size: 1.3rem;\n                margin-bottom: 12px;\n            }\n            \n            .cta-subheading {\n                font-size: 0.85rem;\n                margin-bottom: 20px;\n            }\n            \n            .cta-button {\n                padding: 14px 28px;\n                font-size: 0.95rem;\n            }\n        }\n    <\/style>\n<\/head>\n<body>\n    <div class=\"banner\">\n        <div class=\"animated-background\"><\/div>\n        \n        <div class=\"ai-pattern\"><\/div>\n        \n        <div class=\"neural-network\">\n            <div class=\"neural-line\"><\/div>\n            <div class=\"neural-line\"><\/div>\n            <div class=\"neural-line\"><\/div>\n        <\/div>\n        \n        <div class=\"floating-elements\">\n            <div class=\"floating-circle\"><\/div>\n            <div class=\"floating-circle\"><\/div>\n            <div class=\"floating-circle\"><\/div>\n            <div class=\"floating-circle\"><\/div>\n            <div class=\"floating-circle\"><\/div>\n        <\/div>\n        \n        <div class=\"content\">\n            <div class=\"cta-text\">Ready to explore the insights that drive smarter decisions?<\/div>\n            <div class=\"cta-subheading\">Contact our Research experts today.<\/div>\n            <a href=\"mailto:Research@sisinternational.com\" class=\"cta-button\">Contact us now!<\/a>\n        <\/div>\n    <\/div>\n<\/body>\n<\/html>\n\n\n<h2>La nostra sede a New York<\/h2>\n<p><!-- \/wp:post-content --> <!-- wp:html --> <iframe loading=\"lazy\" src=\"https:\/\/www.google.com\/maps\/embed?pb=!1m18!1m12!1m3!1d3022.976188376966!2d-73.99130312499956!3d40.740549471389315!2m3!1f0!2f0!3f0!3m2!1i1024!2i768!4f13.1!3m3!1m2!1s0x89c259a15798c731%3A0xd695d09bdd495f25!2s11%20E%2022nd%20St%20FL%202%2C%20New%20York%2C%20NY%2010010%2C%20USA!5e0!3m2!1sen!2spe!4v1726171763526!5m2!1sen!2spe\" width=\"600\" height=\"450\" allowfullscreen=\"allowfullscreen\" data-mce-fragment=\"1\"><\/iframe> <!-- \/wp:html --> <!-- wp:paragraph --><\/p>\n<h3 class=\"wp-block-heading\">11 E 22nd Street, Piano 2, New York, NY 10010 T: +1(212) 505-6805<\/h3>\n<hr \/>\n<h2><span style=\"font-weight: 400;\">A proposito di SIS Internazionale<\/span><\/h2>\n<p><a href=\"https:\/\/www.sisinternational.com\/it\/\"><span style=\"font-weight: 400;\">SIS Internazionale<\/span><\/a><span style=\"font-weight: 400;\"> offre ricerca quantitativa, qualitativa e strategica. Forniamo dati, strumenti, strategie, report e approfondimenti per il processo decisionale. Conduciamo anche interviste, sondaggi, focus group e altri metodi e approcci di ricerca di mercato.<\/span><a href=\"https:\/\/www.sisinternational.com\/it\/sulla-sua-ricerca-internazionale\/contact-sis-international-market-research\/\"><span style=\"font-weight: 400;\"> Contattaci<\/span><\/a><span style=\"font-weight: 400;\"> per il tuo prossimo progetto di ricerca di mercato.<\/span><\/p>\n<p><!-- wp:heading --><\/p><!-- \/wp:heading -->","protected":false},"excerpt":{"rendered":"<p>Si prevede che la domanda di gas di petrolio liquefatto aumenter\u00e0 a causa delle iniziative governative, del controllo delle emissioni e della crescita della popolazione.<\/p>","protected":false},"author":1,"featured_media":64278,"parent":14514,"menu_order":246,"comment_status":"closed","ping_status":"closed","template":"","meta":{"footnotes":""},"class_list":["post-42341","page","type-page","status-publish","has-post-thumbnail"],"_links":{"self":[{"href":"https:\/\/www.sisinternational.com\/it\/wp-json\/wp\/v2\/pages\/42341","targetHints":{"allow":["GET"]}}],"collection":[{"href":"https:\/\/www.sisinternational.com\/it\/wp-json\/wp\/v2\/pages"}],"about":[{"href":"https:\/\/www.sisinternational.com\/it\/wp-json\/wp\/v2\/types\/page"}],"author":[{"embeddable":true,"href":"https:\/\/www.sisinternational.com\/it\/wp-json\/wp\/v2\/users\/1"}],"replies":[{"embeddable":true,"href":"https:\/\/www.sisinternational.com\/it\/wp-json\/wp\/v2\/comments?post=42341"}],"version-history":[{"count":11,"href":"https:\/\/www.sisinternational.com\/it\/wp-json\/wp\/v2\/pages\/42341\/revisions"}],"predecessor-version":[{"id":80057,"href":"https:\/\/www.sisinternational.com\/it\/wp-json\/wp\/v2\/pages\/42341\/revisions\/80057"}],"up":[{"embeddable":true,"href":"https:\/\/www.sisinternational.com\/it\/wp-json\/wp\/v2\/pages\/14514"}],"wp:featuredmedia":[{"embeddable":true,"href":"https:\/\/www.sisinternational.com\/it\/wp-json\/wp\/v2\/media\/64278"}],"wp:attachment":[{"href":"https:\/\/www.sisinternational.com\/it\/wp-json\/wp\/v2\/media?parent=42341"}],"curies":[{"name":"wp","href":"https:\/\/api.w.org\/{rel}","templated":true}]}}