{"id":42337,"date":"2023-04-12T20:35:49","date_gmt":"2023-04-13T00:35:49","guid":{"rendered":"https:\/\/www.sisinternational.com\/?page_id=42337"},"modified":"2026-01-24T21:08:43","modified_gmt":"2026-01-25T02:08:43","slug":"ricerche-di-mercato-sul-cherosene","status":"publish","type":"page","link":"https:\/\/www.sisinternational.com\/it\/competenza\/ricerche-di-mercato-sul-cherosene\/","title":{"rendered":"Ricerche di mercato sul cherosene"},"content":{"rendered":"<h1 class=\"wp-block-heading\">Ricerche di mercato sul cherosene<\/h1>\n\n\n\n<figure class=\"gb-block-image gb-block-image-aecb47ef\"><img loading=\"lazy\" decoding=\"async\" width=\"1456\" height=\"816\" class=\"gb-image gb-image-aecb47ef\" src=\"https:\/\/www.sisinternational.com\/wp-content\/uploads\/2025\/08\/Oil-1.jpg\" alt=\"Ricerca e strategia di mercato internazionale SIS\" title=\"Oil (1)\" srcset=\"https:\/\/www.sisinternational.com\/wp-content\/uploads\/2025\/08\/Oil-1.jpg 1456w, https:\/\/www.sisinternational.com\/wp-content\/uploads\/2025\/08\/Oil-1-300x168.jpg 300w, https:\/\/www.sisinternational.com\/wp-content\/uploads\/2025\/08\/Oil-1-1024x574.jpg 1024w, https:\/\/www.sisinternational.com\/wp-content\/uploads\/2025\/08\/Oil-1-768x430.jpg 768w, https:\/\/www.sisinternational.com\/wp-content\/uploads\/2025\/08\/Oil-1-18x10.jpg 18w\" sizes=\"auto, (max-width: 1456px) 100vw, 1456px\"><\/figure>\n\n\n\n<p><\/p>\n\n\n\n<hr class=\"wp-block-separator has-alpha-channel-opacity is-style-dots\"\/>\n\n\n\n<p>Il cherosene ha trovato un utilizzo diffuso in diversi settori come l\u2019aviazione, il riscaldamento e l\u2019agricoltura. Poich\u00e9 la domanda globale di energia continua ad aumentare, il mercato del cherosene \u00e8 destinato a testimoniare una crescita sostanziale nel prossimo futuro.<\/p>\n\n\n\n<p>Pertanto, per ottenere un vantaggio competitivo e sfruttare le prospettive emergenti, gli operatori del settore e gli investitori si affidano sempre pi\u00f9 alle ricerche di mercato del cherosene per migliorare le loro decisioni strategiche.<\/p>\n\n\n\n<p><\/p>\n\n\n\n<div class=\"wp-block-columns has-global-color-9-color has-text-color has-background has-link-color wp-elements-882d8664f678db2bb428317065c99108 is-layout-flex wp-container-core-columns-is-layout-9d6595d7 wp-block-columns-is-layout-flex\" style=\"background-color:#f7f9fa6e\">\n<div class=\"wp-block-column is-layout-flow wp-block-column-is-layout-flow\" style=\"flex-basis:18%\"><\/div>\n\n\n\n<div class=\"wp-block-column is-vertically-aligned-center is-layout-flow wp-block-column-is-layout-flow\" style=\"flex-basis:71.28%\">\n<div class=\"wp-block-rank-math-toc-block aligncenter has-global-color-9-color has-text-color has-link-color wp-elements-c845c5733136c05186b6e3b59bd6bdff\" style=\"font-size:16px\" id=\"rank-math-toc\"><h2><br><strong>T<\/strong>able of Contents<\/h2><nav><ul><li class=\"\"><a href=\"#what-is-kerosene-market-research\">Cos&#039;\u00e8 la ricerca di mercato sul cherosene?<\/a><\/li><li class=\"\"><a href=\"#importance-of-kerosene-market-research\">Importanza delle ricerche di mercato sul cherosene<\/a><\/li><li class=\"\"><a href=\"#benefits-of-kerosene-market-research\">Vantaggi della ricerca di mercato sul cherosene<\/a><\/li><li class=\"\"><a href=\"#limitations\">Limitazioni<\/a><\/li><li class=\"\"><a href=\"#future-trends\">Tendenze future<\/a><\/li><\/ul><\/nav><\/div>\n<\/div>\n<\/div>\n\n\n\n<p><\/p>\n\n\n\n<h2 class=\"wp-block-heading\" id=\"what-is-kerosene-market-research\">Cos&#039;\u00e8 la ricerca di mercato sul cherosene?<\/h2>\n\n\n\n<p>La ricerca di mercato del cherosene consiste nella raccolta, analisi e interpretazione efficiente di dati e informazioni approfonditi sulla produzione, consumo, distribuzione e domanda di cherosene. L&#039;obiettivo principale di questo tipo di studio \u00e8 fornire preziose informazioni e raccomandazioni alle aziende e agli investitori che desiderano entrare o espandersi nel mercato del cherosene.<\/p>\n\n\n\n<p>Una comprensione approfondita delle tendenze del mercato, il riconoscimento delle potenziali prospettive di crescita, la valutazione del panorama competitivo e la formulazione di strategie di marketing e vendita efficaci sono componenti integrali di una ricerca di mercato di successo nel settore del cherosene. Questi processi si concentrano, tra gli altri, sulla valutazione di indicatori chiave quali dimensioni del mercato e tendenze di crescita, analisi della domanda e dell\u2019offerta, segmentazione del mercato per applicazioni e regioni e valutazione del panorama competitivo e delle prospettive future.<\/p>\n\n\n\n<h2 class=\"wp-block-heading\" id=\"importance-of-kerosene-market-research\">Importanza delle ricerche di mercato sul cherosene<\/h2>\n\n\n\n<ul class=\"wp-block-list\">\n<li>In-depth <a href=\"https:\/\/www.sisinternational.com\/it\/competenza\/industrie\/ricerche-di-mercato-sulla-carne-basata-su-cellule-di-carne-coltivata\/\" title=\"Ricerche di mercato sulla carne coltivata (carne a base cellulare).\"  data-wpil-monitor-id=\"3184\">research into the kerosene market<\/a> can equip businesses and investors with the necessary insights to recognize potential expansion opportunities, including new applications, unexplored markets, and evolving consumer demands.<\/li>\n\n\n\n<li>Conducendo ricerche di mercato sul cherosene, le aziende possono acquisire una comprensione approfondita delle ultime tendenze del mercato, compresi i cambiamenti nella domanda, nei prezzi e nelle politiche normative.<br>Con l\u2019aiuto di un\u2019approfondita ricerca di mercato, le parti interessate possono determinare la quota di mercato di attori importanti, valutare i loro punti di forza e di debolezza e discernere le loro strategie. Con queste informazioni, le aziende possono sviluppare strategie di marketing e di vendita innovative che consentano loro di competere efficacemente sul mercato.<\/li>\n\n\n\n<li>Condurre ricerche di mercato sul cherosene aiuta a sviluppare strategie che siano realmente in sintonia con i clienti target. Utilizzando i dati e gli approfondimenti forniti da questa ricerca, le aziende possono adattare i propri sforzi di marketing e vendita alle esigenze e preferenze specifiche del proprio pubblico target, favorendo in definitiva la crescita e la redditivit\u00e0.<\/li>\n\n\n\n<li>Questa ricerca fornisce alle aziende e agli investitori dati e approfondimenti cruciali per facilitare un processo decisionale informato in merito a investimenti, fusioni e acquisizioni e altre iniziative strategiche. Questo approccio consente alle imprese di mitigare i rischi potenziali ottimizzando al tempo stesso i rendimenti, migliorando cos\u00ec il proprio vantaggio competitivo in un mercato dinamico.<\/li>\n<\/ul>\n\n\n\n<h2 class=\"wp-block-heading\" id=\"benefits-of-kerosene-market-research\">Vantaggi della ricerca di mercato sul cherosene<\/h2>\n\n\n\n<figure class=\"gb-block-image gb-block-image-941c3dd2\"><img loading=\"lazy\" decoding=\"async\" width=\"1456\" height=\"816\" class=\"gb-image gb-image-941c3dd2\" src=\"https:\/\/www.sisinternational.com\/wp-content\/uploads\/2025\/08\/Gas-station-5.jpg\" alt=\"Ricerca e strategia di mercato internazionale SIS\" title=\"Gas station (5)\" srcset=\"https:\/\/www.sisinternational.com\/wp-content\/uploads\/2025\/08\/Gas-station-5.jpg 1456w, https:\/\/www.sisinternational.com\/wp-content\/uploads\/2025\/08\/Gas-station-5-300x168.jpg 300w, https:\/\/www.sisinternational.com\/wp-content\/uploads\/2025\/08\/Gas-station-5-1024x574.jpg 1024w, https:\/\/www.sisinternational.com\/wp-content\/uploads\/2025\/08\/Gas-station-5-768x430.jpg 768w, https:\/\/www.sisinternational.com\/wp-content\/uploads\/2025\/08\/Gas-station-5-18x10.jpg 18w\" sizes=\"auto, (max-width: 1456px) 100vw, 1456px\"><\/figure>\n\n\n\n<p><\/p>\n\n\n\n<p>Lo svolgimento di ricerche di mercato sul cherosene presenta una moltitudine di vantaggi per le imprese e le parti interessate, che comprendono ma non si limitano a:<\/p>\n\n\n\n<ul class=\"wp-block-list\">\n<li><strong>Processo decisionale efficace:<\/strong> Sfruttando i pi\u00f9 recenti dati di mercato e gli approfondimenti forniti dalle ricerche di mercato del cherosene, le parti interessate possono fare scelte informate che riducono al minimo i rischi e ottimizzano i rendimenti sui loro investimenti. Tale processo decisionale informato \u00e8 essenziale per mantenere un vantaggio competitivo nel settore ed \u00e8 un segno distintivo di aziende e investitori di successo.<\/li>\n\n\n\n<li><strong>Identificazione di nuove e potenziali aree di crescita:<\/strong> Queste preziose informazioni offrono alle aziende l\u2019opportunit\u00e0 di ampliare la propria portata sul mercato, aumentare i flussi di entrate e mantenere il proprio vantaggio competitivo.<\/li>\n\n\n\n<li><strong>Ottieni una comprensione pi\u00f9 sfumata delle tendenze di mercato prevalenti:<\/strong> Con il cherosene le organizzazioni di ricerca di mercato possono comprendere meglio i cambiamenti della domanda, le dinamiche dei prezzi e i quadri normativi. Questa preziosa intelligenza consente alle aziende e agli investitori di adattare in modo proattivo le proprie strategie e rimanere agili di fronte alle dinamiche di mercato in evoluzione, migliorando la loro competitivit\u00e0 e rafforzando i profitti.<\/li>\n\n\n\n<li><strong>Sviluppare strategie di marketing e vendita efficaci per competere nel settore:<\/strong> Conducendo un\u2019analisi competitiva approfondita, le aziende possono ottenere preziose informazioni sulla quota di mercato, sui punti di forza, di debolezza e sulle strategie dei principali attori. Queste informazioni consentono loro di affinare il proprio approccio operativo e di aumentare il proprio vantaggio competitivo sul mercato.<\/li>\n\n\n\n<li><strong>Ottieni informazioni preziose sulle preferenze, sui comportamenti di acquisto e sulle dinamiche decisionali dei loro clienti:<\/strong> Con questa conoscenza, le imprese possono adattare le proprie tecniche di marketing e vendita per soddisfare le esigenze e le preferenze specifiche del proprio pubblico target, massimizzando cos\u00ec il proprio potenziale di business.<\/li>\n\n\n\n<li><strong>Comprendere il panorama normativo:<\/strong> Una ricerca approfondita sul mercato del cherosene pu\u00f2 offrire preziose informazioni sugli obblighi normativi e legali relativi alla produzione, distribuzione e utilizzo del cherosene.<\/li>\n<\/ul>\n\n\n\n<h2 class=\"wp-block-heading\" id=\"limitations\">Limitazioni<\/h2>\n\n\n\n<ul class=\"wp-block-list\">\n<li>La portata della ricerca sul mercato del cherosene pu\u00f2 essere limitata dalla scarsa disponibilit\u00e0 di dati, in particolare nelle regioni con mercati meno maturi. Ci\u00f2 potrebbe comportare dati incompleti o imprecisi, rendendo difficile trarre conclusioni affidabili.<\/li>\n\n\n\n<li>L&#039;uso di dati storici \u00e8 una pratica comunemente impiegata nelle ricerche di mercato del cherosene per prevedere le tendenze future. Tuttavia, nei mercati in rapida evoluzione, i dati storici non sempre servono a prevedere in modo affidabile le tendenze future.<\/li>\n\n\n\n<li>Il compito di prevedere la domanda di cherosene pone sfide inevitabili a causa della sua suscettibilit\u00e0 a molteplici variabili come le fluttuazioni economiche e l\u2019instabilit\u00e0 geopolitica. Fattori come le interruzioni delle politiche governative, i disastri naturali e le circostanze economiche globali possono rappresentare sfide significative nel prevedere con precisione le tendenze del mercato e prendere decisioni informate.<\/li>\n<\/ul>\n\n\n\n<p><\/p>\n\n\n\n<!DOCTYPE html>\n<html lang=\"en\">\n<head>\n    <meta charset=\"UTF-8\">\n    <meta name=\"viewport\" content=\"width=device-width, initial-scale=1.0\">\n    <title>AI Blog Banner<\/title>\n    <style>\n        * {\n            margin: 0;\n            padding: 0;\n            box-sizing: border-box;\n        }\n\n        .banner {\n            position: relative;\n            width: 100%;\n            height: 350px;\n            overflow: hidden;\n            display: flex;\n            align-items: center;\n            justify-content: center;\n            font-family: 'Arial', sans-serif;\n            border-radius: 25px;\n        }\n\n        .animated-background {\n            position: absolute;\n            top: 0;\n            left: 0;\n            width: 100%;\n            height: 100%;\n            background: linear-gradient(45deg, #003f6b, #2d5a7b, #003f6b, #2d5a7b);\n            background-size: 400% 400%;\n            animation: gradientMove 8s ease-in-out infinite;\n        }\n\n        .ai-pattern {\n            position: absolute;\n            top: 0;\n            left: 0;\n            width: 100%;\n            height: 100%;\n            opacity: 0.1;\n            background-image: \n                radial-gradient(circle at 20% 20%, rgba(255,255,255,0.3) 2px, transparent 2px),\n                radial-gradient(circle at 80% 80%, rgba(255,255,255,0.2) 1px, transparent 1px),\n                radial-gradient(circle at 40% 60%, rgba(255,255,255,0.15) 1.5px, transparent 1.5px),\n                radial-gradient(circle at 60% 20%, rgba(255,255,255,0.25) 1px, transparent 1px),\n                radial-gradient(circle at 80% 40%, rgba(255,255,255,0.2) 2px, transparent 2px);\n            background-size: 100px 100px, 150px 150px, 80px 80px, 120px 120px, 90px 90px;\n            animation: patternFloat 12s linear infinite;\n        }\n\n        .neural-network {\n            position: absolute;\n            top: 0;\n            left: 0;\n            width: 100%;\n            height: 100%;\n            opacity: 0.08;\n        }\n\n        .neural-line {\n            position: absolute;\n            height: 1px;\n            background: linear-gradient(90deg, transparent, rgba(255,255,255,0.5), transparent);\n            animation: neuralPulse 6s ease-in-out infinite;\n        }\n\n        .neural-line:nth-child(1) {\n            top: 30%;\n            left: 0;\n            width: 60%;\n            animation-delay: 0s;\n        }\n\n        .neural-line:nth-child(2) {\n            top: 50%;\n            right: 0;\n            width: 70%;\n            animation-delay: 2s;\n        }\n\n        .neural-line:nth-child(3) {\n            top: 70%;\n            left: 20%;\n            width: 50%;\n            animation-delay: 4s;\n        }\n\n        .content {\n            position: relative;\n            z-index: 10;\n            text-align: center;\n            color: white !important;\n            max-width: 800px;\n            padding: 30px;\n        }\n\n        .content * {\n            color: white !important;\n        }\n\n        .cta-text {\n            font-size: 1.9rem;\n            font-weight: 700;\n            margin-bottom: 15px;\n            color: white !important;\n            background: linear-gradient(90deg, rgba(255,255,255,0.6), rgba(255,255,255,1), rgba(230,230,230,1), rgba(255,255,255,1), rgba(240,240,240,0.8), rgba(255,255,255,0.6));\n            background-size: 200% 100%;\n            -webkit-background-clip: text;\n            -webkit-text-fill-color: transparent;\n            background-clip: text;\n            animation: shineEffect 10s ease-in-out infinite;\n            line-height: 1.3;\n        }\n\n        .cta-subheading {\n            font-size: 1rem;\n            font-weight: 400;\n            margin-bottom: 25px;\n            color: white !important;\n            line-height: 1.6;\n            opacity: 0.95;\n        }\n\n        .cta-button {\n            background: linear-gradient(135deg, #8a6b0f, #bd9013, #d4a519);\n            border: 2px solid #8a6b0f;\n            color: white !important;\n            padding: 18px 40px;\n            font-size: 1.2rem;\n            font-weight: 600;\n            border-radius: 50px;\n            cursor: pointer;\n            transition: all 0.3s ease;\n            text-decoration: none;\n            display: inline-block;\n            position: relative;\n            overflow: hidden;\n        }\n\n        .cta-button::before {\n            content: '';\n            position: absolute;\n            top: 0;\n            left: -100%;\n            width: 100%;\n            height: 100%;\n            background: linear-gradient(90deg, \n                transparent 0%, \n                rgba(255, 255, 255, 0.3) 25%,\n                rgba(255, 255, 255, 0.6) 50%,\n                rgba(255, 255, 255, 0.3) 75%,\n                transparent 100%);\n            animation: shine 3s ease-in-out infinite;\n        }\n\n        .cta-button:hover {\n            transform: translateY(-3px);\n            box-shadow: 0 10px 25px rgba(0,0,0,0.2);\n            border-color: #bd9013;\n            background: linear-gradient(135deg, #bd9013, #d4a519, #e6b61f);\n        }\n\n        .floating-elements {\n            position: absolute;\n            top: 0;\n            left: 0;\n            width: 100%;\n            height: 100%;\n            pointer-events: none;\n        }\n\n        .floating-circle {\n            position: absolute;\n            border-radius: 50%;\n            background: rgba(255,255,255,0.1);\n            animation: float 8s ease-in-out infinite;\n        }\n\n        .floating-circle:nth-child(1) {\n            width: 80px;\n            height: 80px;\n            top: 20%;\n            left: 10%;\n            animation-delay: 0s;\n        }\n\n        .floating-circle:nth-child(2) {\n            width: 60px;\n            height: 60px;\n            top: 60%;\n            right: 15%;\n            animation-delay: 3s;\n        }\n\n        .floating-circle:nth-child(3) {\n            width: 40px;\n            height: 40px;\n            top: 80%;\n            left: 80%;\n            animation-delay: 6s;\n        }\n\n        .floating-circle:nth-child(4) {\n            width: 70px;\n            height: 70px;\n            top: 10%;\n            right: 20%;\n            animation-delay: 1.5s;\n        }\n\n        .floating-circle:nth-child(5) {\n            width: 50px;\n            height: 50px;\n            top: 75%;\n            left: 30%;\n            animation-delay: 4.5s;\n        }\n\n        @keyframes gradientMove {\n            0% { background-position: 0% 50%; }\n            25% { background-position: 100% 50%; }\n            50% { background-position: 100% 100%; }\n            75% { background-position: 0% 100%; }\n            100% { background-position: 0% 50%; }\n        }\n\n        @keyframes patternFloat {\n            0% { transform: translateX(0) translateY(0); }\n            33% { transform: translateX(30px) translateY(-20px); }\n            66% { transform: translateX(-20px) translateY(10px); }\n            100% { transform: translateX(0) translateY(0); }\n        }\n\n        @keyframes neuralPulse {\n            0%, 100% { opacity: 0.08; }\n            50% { opacity: 0.2; }\n        }\n\n        @keyframes shineEffect {\n            0% { background-position: 200% 0; }\n            100% { background-position: -200% 0; }\n        }\n\n        @keyframes shine {\n            0% {\n                left: -100%;\n            }\n            20%, 100% {\n                left: 100%;\n            }\n        }\n\n        @keyframes float {\n            0%, 100% { transform: translateY(0px) rotate(0deg); }\n            33% { transform: translateY(-30px) rotate(120deg); }\n            66% { transform: translateY(15px) rotate(240deg); }\n        }\n\n        @media (max-width: 768px) {\n            .banner {\n                height: 320px;\n                padding: 30px 0;\n            }\n            \n            .content {\n                padding: 40px 20px;\n            }\n            \n            .cta-text {\n                font-size: 1.3rem;\n                margin-bottom: 12px;\n            }\n            \n            .cta-subheading {\n                font-size: 0.85rem;\n                margin-bottom: 20px;\n            }\n            \n            .cta-button {\n                padding: 14px 28px;\n                font-size: 0.95rem;\n            }\n        }\n    <\/style>\n<\/head>\n<body>\n    <div class=\"banner\">\n        <div class=\"animated-background\"><\/div>\n        \n        <div class=\"ai-pattern\"><\/div>\n        \n        <div class=\"neural-network\">\n            <div class=\"neural-line\"><\/div>\n            <div class=\"neural-line\"><\/div>\n            <div class=\"neural-line\"><\/div>\n        <\/div>\n        \n        <div class=\"floating-elements\">\n            <div class=\"floating-circle\"><\/div>\n            <div class=\"floating-circle\"><\/div>\n            <div class=\"floating-circle\"><\/div>\n            <div class=\"floating-circle\"><\/div>\n            <div class=\"floating-circle\"><\/div>\n        <\/div>\n        \n        <div class=\"content\">\n            <div class=\"cta-text\">Ready to explore the insights that drive smarter decisions?<\/div>\n            <div class=\"cta-subheading\">Contact our Research experts today.<\/div>\n            <a href=\"mailto:Research@sisinternational.com\" class=\"cta-button\">Contact us now!<\/a>\n        <\/div>\n    <\/div>\n<\/body>\n<\/html>\n\n\n\n<p><\/p>\n\n\n\n<h2 class=\"wp-block-heading\" id=\"future-trends\">Tendenze future<\/h2>\n\n\n\n<ul class=\"wp-block-list\">\n<li>I rapidi progressi nella tecnologia di produzione del cherosene stanno per segnare l\u2019inizio di una nuova era di maggiore efficienza operativa ed efficienza in termini di costi. Si prevede che questi progressi porteranno allo sviluppo di processi di produzione di cherosene ottimizzati, che si tradurranno inevitabilmente in una significativa riduzione dei prezzi e in un aumento senza precedenti della disponibilit\u00e0.<\/li>\n\n\n\n<li>Le economie in forte espansione dell\u2019Asia-Pacifico e dell\u2019Africa stanno determinando un aumento della domanda di viaggi aerei e, quindi, di cherosene. Si prevede che il mercato del cherosene continuer\u00e0 a crescere nei mercati emergenti, guidato da questi fattori e dalla traiettoria ascendente della crescita economica in queste regioni.<\/li>\n\n\n\n<li>Il mercato del cherosene \u00e8 destinato a subire un impatto significativo dalle imminenti modifiche normative. Si prevede che le normative governative assumeranno un ruolo fondamentale nel guidare questi cambiamenti, in particolare per quanto riguarda l\u2019evoluzione delle normative ambientali e le potenziali modifiche alle tasse sul consumo di cherosene.<\/li>\n\n\n\n<li>L\u2019attuale tendenza nel mercato del cherosene indica uno spostamento verso la digitalizzazione, in cui si prevede che le tecnologie digitali assumeranno un ruolo pi\u00f9 significativo. Concentrandosi su un processo decisionale informato, le aziende e gli investitori stanno sfruttando strumenti digitali avanzati come l\u2019analisi dei dati, per analizzare le tendenze del mercato e ottenere informazioni preziose. Questo spostamento verso la digitalizzazione nel mercato del cherosene sottolinea la crescente importanza di sfruttare i progressi tecnologici per stare al passo con la concorrenza e promuovere la crescita del business.<\/li>\n<\/ul>\n\n\n\n<p>SIS International offre ricerca quantitativa, qualitativa e strategica. Forniamo dati, strumenti, strategie, report e approfondimenti per il processo decisionale. Conduciamo interviste, sondaggi, focus group e molti altri metodi e approcci di ricerca di mercato. Contattaci per il tuo prossimo progetto di ricerca di mercato.<\/p>\n\n\n<h2>La nostra sede a New York<\/h2>\n<p><!-- \/wp:post-content --> <!-- wp:html --> <iframe loading=\"lazy\" src=\"https:\/\/www.google.com\/maps\/embed?pb=!1m18!1m12!1m3!1d3022.976188376966!2d-73.99130312499956!3d40.740549471389315!2m3!1f0!2f0!3f0!3m2!1i1024!2i768!4f13.1!3m3!1m2!1s0x89c259a15798c731%3A0xd695d09bdd495f25!2s11%20E%2022nd%20St%20FL%202%2C%20New%20York%2C%20NY%2010010%2C%20USA!5e0!3m2!1sen!2spe!4v1726171763526!5m2!1sen!2spe\" width=\"600\" height=\"450\" allowfullscreen=\"allowfullscreen\" data-mce-fragment=\"1\"><\/iframe> <!-- \/wp:html --> <!-- wp:paragraph --><\/p>\n<h3 class=\"wp-block-heading\">11 E 22nd Street, Piano 2, New York, NY 10010 T: +1(212) 505-6805<\/h3>\n<hr \/>\n<h2><span style=\"font-weight: 400;\">A proposito di SIS Internazionale<\/span><\/h2>\n<p><a href=\"https:\/\/www.sisinternational.com\/it\/\"><span style=\"font-weight: 400;\">SIS Internazionale<\/span><\/a><span style=\"font-weight: 400;\"> offre ricerca quantitativa, qualitativa e strategica. Forniamo dati, strumenti, strategie, report e approfondimenti per il processo decisionale. Conduciamo anche interviste, sondaggi, focus group e altri metodi e approcci di ricerca di mercato.<\/span><a href=\"https:\/\/www.sisinternational.com\/it\/sulla-sua-ricerca-internazionale\/contact-sis-international-market-research\/\"><span style=\"font-weight: 400;\"> Contattaci<\/span><\/a><span style=\"font-weight: 400;\"> per il tuo prossimo progetto di ricerca di mercato.<\/span><\/p>","protected":false},"excerpt":{"rendered":"<p>Poich\u00e9 la domanda globale di energia continua ad aumentare, il mercato del cherosene \u00e8 destinato a testimoniare una crescita sostanziale nel prossimo futuro.<\/p>","protected":false},"author":1,"featured_media":63379,"parent":14514,"menu_order":245,"comment_status":"closed","ping_status":"closed","template":"","meta":{"footnotes":""},"class_list":["post-42337","page","type-page","status-publish","has-post-thumbnail"],"_links":{"self":[{"href":"https:\/\/www.sisinternational.com\/it\/wp-json\/wp\/v2\/pages\/42337","targetHints":{"allow":["GET"]}}],"collection":[{"href":"https:\/\/www.sisinternational.com\/it\/wp-json\/wp\/v2\/pages"}],"about":[{"href":"https:\/\/www.sisinternational.com\/it\/wp-json\/wp\/v2\/types\/page"}],"author":[{"embeddable":true,"href":"https:\/\/www.sisinternational.com\/it\/wp-json\/wp\/v2\/users\/1"}],"replies":[{"embeddable":true,"href":"https:\/\/www.sisinternational.com\/it\/wp-json\/wp\/v2\/comments?post=42337"}],"version-history":[{"count":9,"href":"https:\/\/www.sisinternational.com\/it\/wp-json\/wp\/v2\/pages\/42337\/revisions"}],"predecessor-version":[{"id":77473,"href":"https:\/\/www.sisinternational.com\/it\/wp-json\/wp\/v2\/pages\/42337\/revisions\/77473"}],"up":[{"embeddable":true,"href":"https:\/\/www.sisinternational.com\/it\/wp-json\/wp\/v2\/pages\/14514"}],"wp:featuredmedia":[{"embeddable":true,"href":"https:\/\/www.sisinternational.com\/it\/wp-json\/wp\/v2\/media\/63379"}],"wp:attachment":[{"href":"https:\/\/www.sisinternational.com\/it\/wp-json\/wp\/v2\/media?parent=42337"}],"curies":[{"name":"wp","href":"https:\/\/api.w.org\/{rel}","templated":true}]}}