{"id":42328,"date":"2023-04-12T17:26:15","date_gmt":"2023-04-12T21:26:15","guid":{"rendered":"https:\/\/www.sisinternational.com\/?page_id=42328"},"modified":"2026-03-12T13:27:35","modified_gmt":"2026-03-12T17:27:35","slug":"ricerche-di-mercato-sulle-bevande-alimentari-salutari","status":"publish","type":"page","link":"https:\/\/www.sisinternational.com\/it\/soluzioni\/ricerche-di-mercato-nel-settore-delle-bevande-alimentari\/ricerche-di-mercato-sulle-bevande-alimentari-salutari\/","title":{"rendered":"Ricerche di mercato su alimenti e bevande salutari"},"content":{"rendered":"<h1 class=\"wp-block-heading\">Ricerche di mercato su alimenti e bevande salutari<\/h1>\n\n\n\n<figure class=\"gb-block-image gb-block-image-b77c985c\"><img loading=\"lazy\" decoding=\"async\" width=\"1456\" height=\"816\" class=\"gb-image gb-image-b77c985c\" src=\"https:\/\/www.sisinternational.com\/wp-content\/uploads\/2025\/08\/Mexican-food-lunch-11.jpg\" alt=\"Ricerca e strategia di mercato internazionale SIS\" title=\"Mexican food lunch (11)\" srcset=\"https:\/\/www.sisinternational.com\/wp-content\/uploads\/2025\/08\/Mexican-food-lunch-11.jpg 1456w, https:\/\/www.sisinternational.com\/wp-content\/uploads\/2025\/08\/Mexican-food-lunch-11-300x168.jpg 300w, https:\/\/www.sisinternational.com\/wp-content\/uploads\/2025\/08\/Mexican-food-lunch-11-1024x574.jpg 1024w, https:\/\/www.sisinternational.com\/wp-content\/uploads\/2025\/08\/Mexican-food-lunch-11-768x430.jpg 768w, https:\/\/www.sisinternational.com\/wp-content\/uploads\/2025\/08\/Mexican-food-lunch-11-18x10.jpg 18w\" sizes=\"auto, (max-width: 1456px) 100vw, 1456px\"><\/figure>\n\n\n\n<p><\/p>\n\n\n\n<p>Mercato degli alimenti e delle bevande salutari La ricerca pu\u00f2 essere compresa meglio se si comprende la scienza del cibo sano. Il cibo sano non \u00e8 solo una parola d\u2019ordine o una tendenza, ma sta diventando sempre pi\u00f9 uno stile di vita. Man mano che si impara di pi\u00f9 sulla nutrizione e sul suo impatto sulla nostra salute, molti stanno scoprendo quanto sia importante fare scelte informate su cosa mangiare.<\/p>\n\n\n\n<h2 class=\"wp-block-heading\">Di seguito sono riportati alcuni fattori chiave che costituiscono la scienza del cibo sano.<\/h2>\n\n\n\n<ul class=\"wp-block-list\">\n<li><strong>Macronutrienti:<\/strong> le proteine, i carboidrati e i grassi che costituiscono la maggior parte della nostra dieta. Questi nutrienti forniscono l\u2019energia di cui abbiamo bisogno per funzionare, ma non tutte le fonti sono uguali. Ad esempio, le fonti proteiche di origine vegetale sono generalmente meno ricche di grassi saturi e ricche di fibre rispetto alle fonti di origine animale, il che le rende una scelta complessivamente pi\u00f9 sana.<\/li>\n\n\n\n<li><strong>Micronutrienti:<\/strong> le vitamine e i minerali di cui il nostro corpo ha bisogno in quantit\u00e0 minori. Questi nutrienti sono essenziali per tutto, dalla salute delle ossa alla funzione immunitaria, e assumerne abbastanza \u00e8 fondamentale per mantenere una buona salute. Frutta e verdura sono ottime fonti di micronutrienti, il che le rende una parte essenziale di una dieta sana.<\/li>\n\n\n\n<li><strong>Densit\u00e0 dei nutrienti:<\/strong> questo si riferisce a quante sostanze nutritive contiene un alimento rispetto al suo contenuto calorico. Ad esempio, una tazza di spinaci contiene molte pi\u00f9 sostanze nutritive di una tazza di soda, anche se possono avere un apporto calorico simile. Scegliendo alimenti ricchi di nutrienti, possiamo ottenere pi\u00f9 nutrimento dalla nostra dieta senza sovraccaricare le calorie.<\/li>\n\n\n\n<li><strong>Equilibrio e moderazione:<\/strong> Sebbene sia importante scegliere cibi sani, \u00e8 anche importante evitare di essere troppo restrittivi o di privarci degli alimenti che ci piacciono. Una dieta sana \u00e8 quella che fornisce tutti i nutrienti di cui abbiamo bisogno pur permettendoci di goderci le nostre prelibatezze preferite con moderazione.<\/li>\n<\/ul>\n\n\n\n<h2 class=\"wp-block-heading\">Prodotti alimentari sani<\/h2>\n\n\n\n<p>Healthy food and <a class=\"wpil_keyword_link\" href=\"https:\/\/www.sisinternational.com\/it\/competenza\/industrie\/ricerche-di-mercato-sulle-bevande\/\"   title=\"Ricerche di mercato sulle bevande\" data-wpil-keyword-link=\"linked\"  data-wpil-monitor-id=\"699\">ricerche di mercato sulle bevande<\/a> covers a wide-range of products including the following:<\/p>\n\n\n\n<ul class=\"wp-block-list\">\n<li><strong>Frutta e verdura:<\/strong> I prodotti freschi e surgelati, cos\u00ec come la frutta e la verdura in scatola e secca, fanno tutti parte dell&#039;industria alimentare sana.<\/li>\n\n\n\n<li><strong>Cereali integrali:<\/strong> Ci\u00f2 include prodotti come pane integrale, riso integrale, quinoa e farina d&#039;avena.<\/li>\n\n\n\n<li><strong>Proteine magre:<\/strong> Alimenti come pollo, pesce, tofu e fagioli sono tutte buone fonti di proteine a basso contenuto di grassi saturi.<\/li>\n\n\n\n<li><strong>Noci e semi:<\/strong> Questi forniscono grassi sani, proteine e fibre e possono essere consumati da soli o aggiunti a piatti come insalate e fiocchi d&#039;avena.<\/li>\n\n\n\n<li><strong>Alternative ai latticini:<\/strong> Il latte vegetale, lo yogurt e il formaggio ottenuti da fonti come soia, mandorle o cocco sono popolari nell&#039;industria alimentare sana.<\/li>\n\n\n\n<li><strong>Alternative alla carne a base vegetale:<\/strong> Prodotti come hamburger vegetariani, salsicce senza carne e tofu stanno diventando sempre pi\u00f9 comuni poich\u00e9 le persone cercano modi per ridurre il consumo di carne.<\/li>\n\n\n\n<li><strong>Supercibi:<\/strong> Si tratta di alimenti ricchi di nutrienti come cavoli, mirtilli e salmone che si ritiene forniscano una serie di benefici per la salute.<\/li>\n\n\n\n<li><strong>Spuntini salutari:<\/strong> Opzioni come frutta fresca, bastoncini di verdure con hummus e popcorn schiumati all&#039;aria sono popolari nell&#039;industria alimentare sana.<\/li>\n\n\n\n<li><strong>Alimenti biologici e naturali:<\/strong> Questi prodotti vengono coltivati senza l&#039;uso di fertilizzanti sintetici e sono spesso considerati pi\u00f9 sani e rispettosi dell&#039;ambiente.<\/li>\n<\/ul>\n\n\n\n<h2 class=\"wp-block-heading\">Vantaggi derivanti dalla conduzione di ricerche di mercato su alimenti e bevande salutari<\/h2>\n\n\n\n<figure class=\"gb-block-image gb-block-image-386cfe7e\"><img loading=\"lazy\" decoding=\"async\" width=\"1456\" height=\"816\" class=\"gb-image gb-image-386cfe7e\" src=\"https:\/\/www.sisinternational.com\/wp-content\/uploads\/2025\/08\/Organic-food-4.jpg\" alt=\"Ricerca e strategia di mercato internazionale SIS\" title=\"Organic food (4)\" srcset=\"https:\/\/www.sisinternational.com\/wp-content\/uploads\/2025\/08\/Organic-food-4.jpg 1456w, https:\/\/www.sisinternational.com\/wp-content\/uploads\/2025\/08\/Organic-food-4-300x168.jpg 300w, https:\/\/www.sisinternational.com\/wp-content\/uploads\/2025\/08\/Organic-food-4-1024x574.jpg 1024w, https:\/\/www.sisinternational.com\/wp-content\/uploads\/2025\/08\/Organic-food-4-768x430.jpg 768w, https:\/\/www.sisinternational.com\/wp-content\/uploads\/2025\/08\/Organic-food-4-18x10.jpg 18w\" sizes=\"auto, (max-width: 1456px) 100vw, 1456px\"><\/figure>\n\n\n\n<p><\/p>\n\n\n\n<p>Healthy food and <a href=\"https:\/\/www.sisinternational.com\/it\/soluzioni\/ricerche-di-mercato-nel-settore-delle-bevande-alimentari\/\" title=\"Ricerche di mercato nel settore alimentare e delle bevande\"  data-wpil-monitor-id=\"3648\">ricerche di mercato sulle bevande<\/a> is a powerful tool for businesses that want to thrive in the industry. By conducting regular market research businesses or major key players in the industry can gain the following benefits:<\/p>\n\n\n\n<ol class=\"wp-block-list\">\n<li>Healthy <a href=\"https:\/\/www.sisinternational.com\/it\/competenza\/industrie\/ricerche-di-mercato-sulle-bevande-alimentari-per-la-cena\/\" title=\"Ricerche di mercato su alimenti e bevande per la cena\"  data-wpil-monitor-id=\"7168\">food and beverage market research<\/a> provides insights that are vital for businesses looking to gain a competitive advantage and achieve long-term success.<\/li>\n\n\n\n<li>Le ricerche di mercato su alimenti e bevande salutari possono aiutare le aziende a rimanere aggiornate sui cambiamenti nel loro settore. Queste informazioni possono essere utilizzate per identificare nuove opportunit\u00e0 e stare al passo con la concorrenza.<\/li>\n\n\n\n<li>I dati e le strategie nelle ricerche di mercato su alimenti e bevande salutari possono aiutare le aziende a identificare e segmentare i propri mercati target in base a fattori quali dati demografici e comportamento in modo da poter personalizzare i propri sforzi di marketing e vendita per ottenere il massimo impatto.<\/li>\n\n\n\n<li>Le ricerche di mercato possono aiutare le aziende a identificare potenziali partner e collaboratori, nonch\u00e9 includere l&#039;identificazione di prodotti o servizi complementari che possono aiutare ad espandere la portata del mercato e ad aumentare le entrate.<\/li>\n\n\n\n<li>Le ricerche di mercato forniscono approfondimenti sulla notoriet\u00e0 del marchio e identificano opportunit\u00e0 per aumentare la visibilit\u00e0 del marchio e sfruttare i social media o altre iniziative che aumentano il riconoscimento del marchio.<\/li>\n<\/ol>\n\n\n\n<h2 class=\"wp-block-heading\">Driver nelle ricerche di mercato su alimenti e bevande salutari<\/h2>\n\n\n\n<h3 class=\"wp-block-heading\">Il mercato degli alimenti salutari \u00e8 influenzato da una variet\u00e0 di fattori, tra cui:<\/h3>\n\n\n\n<ul class=\"wp-block-list\">\n<li><strong>Tendenze di salute e benessere: <\/strong>Man mano che le persone diventano pi\u00f9 interessate alla salute e al benessere, c\u2019\u00e8 una crescente domanda di opzioni alimentari pi\u00f9 sane. I consumatori sono alla ricerca di alimenti a basso contenuto di zuccheri, sale e grassi malsani e cercano cibi integrali, diete a base vegetale e prodotti naturali o biologici.<\/li>\n\n\n\n<li><strong>Politiche e regolamenti: <\/strong>Gli organismi di regolamentazione di tutto il mondo stanno introducendo norme per promuovere un\u2019alimentazione pi\u00f9 sana, come requisiti di etichettatura nutrizionale, tasse sulle bevande zuccherate e restrizioni sulla commercializzazione di alimenti non salutari per i bambini.<\/li>\n\n\n\n<li><strong>Preoccupazioni ambientali: <\/strong>Man mano che sempre pi\u00f9 individui diventano consapevoli dell\u2019impatto della produzione alimentare sull\u2019ambiente, vi \u00e8 una crescente domanda di scelte alimentari sostenibili ed etiche. Ci\u00f2 include gli alimenti prodotti utilizzando pratiche rispettose dell\u2019ambiente, nonch\u00e9 quelli prodotti in modo da promuovere il benessere degli animali.<\/li>\n\n\n\n<li><strong>Innovazione e Tecnologia: <\/strong>Le nuove tecnologie stanno cambiando il modo in cui il cibo viene prodotto, trasformato e distribuito. Ci\u00f2 include lo sviluppo di alternative alla carne a base vegetale, agricoltura verticale e nuovi modelli di consegna del cibo.<\/li>\n<\/ul>\n\n\n\n<h2 class=\"wp-block-heading\">Principali metodi utilizzati nelle ricerche di mercato su alimenti e bevande salutari<\/h2>\n\n\n\n<figure class=\"gb-block-image gb-block-image-08a05182\"><img loading=\"lazy\" decoding=\"async\" width=\"1456\" height=\"816\" class=\"gb-image gb-image-08a05182\" src=\"https:\/\/www.sisinternational.com\/wp-content\/uploads\/2025\/08\/japanese-food-suchi-8.jpg\" alt=\"Ricerca e strategia di mercato internazionale SIS\" title=\"japanese food suchi (8)\" srcset=\"https:\/\/www.sisinternational.com\/wp-content\/uploads\/2025\/08\/japanese-food-suchi-8.jpg 1456w, https:\/\/www.sisinternational.com\/wp-content\/uploads\/2025\/08\/japanese-food-suchi-8-300x168.jpg 300w, https:\/\/www.sisinternational.com\/wp-content\/uploads\/2025\/08\/japanese-food-suchi-8-1024x574.jpg 1024w, https:\/\/www.sisinternational.com\/wp-content\/uploads\/2025\/08\/japanese-food-suchi-8-768x430.jpg 768w, https:\/\/www.sisinternational.com\/wp-content\/uploads\/2025\/08\/japanese-food-suchi-8-18x10.jpg 18w\" sizes=\"auto, (max-width: 1456px) 100vw, 1456px\"><\/figure>\n\n\n\n<p><\/p>\n\n\n\n<p>Esistono diversi metodi comunemente utilizzati nelle ricerche di mercato su alimenti e bevande salutari per ottenere dati e strategie nelle ricerche di mercato su alimenti e bevande salutari. Questi metodi includono:<\/p>\n\n\n\n<ul class=\"wp-block-list\">\n<li>I sondaggi sono uno dei metodi pi\u00f9 comuni utilizzati nelle ricerche di mercato. Possono essere gestiti online, di persona o al telefono e possono essere utilizzati per raccogliere dati su un&#039;ampia gamma di argomenti come preferenze, atteggiamenti e comportamenti dei consumatori.<\/li>\n\n\n\n<li>Le interviste possono essere condotte faccia a faccia o al telefono e sono spesso utilizzate per raccogliere informazioni approfondite sulle preferenze, i comportamenti e le motivazioni dei consumatori. Le interviste possono essere condotte anche attraverso focus group e sono spesso utilizzate per raccogliere informazioni qualitative sulle opinioni, sugli atteggiamenti e sui comportamenti dei consumatori.<\/li>\n\n\n\n<li>L\u2019analisi online implica il monitoraggio del comportamento dei consumatori su siti Web, piattaforme di social media e altri canali online. Questo pu\u00f2 essere utilizzato per raccogliere dati sulle preferenze, i comportamenti e le tendenze dei consumatori.<\/li>\n\n\n\n<li>L&#039;analisi dei dati di vendita implica l&#039;analisi dei dati di vendita per ottenere informazioni dettagliate sulle preferenze e sui comportamenti dei consumatori. Ci\u00f2 pu\u00f2 includere l&#039;analisi delle tendenze di vendita, l&#039;identificazione di prodotti popolari e la comprensione dei modelli di acquisto dei consumatori.<\/li>\n<\/ul>\n\n\n\n<h2 class=\"wp-block-heading\">Informazioni sulla ricerca di mercato su alimenti e bevande salutari<\/h2>\n\n\n\n<p>Condurre ricerche di mercato su alimenti e bevande salutari pu\u00f2 aiutare le aziende a comprendere meglio i loro clienti target, le loro esigenze e le loro preferenze. I principali attori del settore possono prendere decisioni informate sullo sviluppo del prodotto, sui prezzi e sulle strategie di marketing. Tutto ci\u00f2 pu\u00f2, in definitiva, portare ad una maggiore probabilit\u00e0 di successo nel mercato degli alimenti sani e aiutare le aziende a evitare errori costosi.<\/p>","protected":false},"excerpt":{"rendered":"<p>Le ricerche di mercato su alimenti e bevande salutari forniscono informazioni aziendali vitali perch\u00e9 sempre pi\u00f9 persone sono interessate alla salute e al benessere.<\/p>","protected":false},"author":1,"featured_media":63963,"parent":22018,"menu_order":241,"comment_status":"closed","ping_status":"closed","template":"","meta":{"footnotes":""},"class_list":["post-42328","page","type-page","status-publish","has-post-thumbnail"],"_links":{"self":[{"href":"https:\/\/www.sisinternational.com\/it\/wp-json\/wp\/v2\/pages\/42328","targetHints":{"allow":["GET"]}}],"collection":[{"href":"https:\/\/www.sisinternational.com\/it\/wp-json\/wp\/v2\/pages"}],"about":[{"href":"https:\/\/www.sisinternational.com\/it\/wp-json\/wp\/v2\/types\/page"}],"author":[{"embeddable":true,"href":"https:\/\/www.sisinternational.com\/it\/wp-json\/wp\/v2\/users\/1"}],"replies":[{"embeddable":true,"href":"https:\/\/www.sisinternational.com\/it\/wp-json\/wp\/v2\/comments?post=42328"}],"version-history":[{"count":8,"href":"https:\/\/www.sisinternational.com\/it\/wp-json\/wp\/v2\/pages\/42328\/revisions"}],"predecessor-version":[{"id":80731,"href":"https:\/\/www.sisinternational.com\/it\/wp-json\/wp\/v2\/pages\/42328\/revisions\/80731"}],"up":[{"embeddable":true,"href":"https:\/\/www.sisinternational.com\/it\/wp-json\/wp\/v2\/pages\/22018"}],"wp:featuredmedia":[{"embeddable":true,"href":"https:\/\/www.sisinternational.com\/it\/wp-json\/wp\/v2\/media\/63963"}],"wp:attachment":[{"href":"https:\/\/www.sisinternational.com\/it\/wp-json\/wp\/v2\/media?parent=42328"}],"curies":[{"name":"wp","href":"https:\/\/api.w.org\/{rel}","templated":true}]}}