{"id":42322,"date":"2023-04-12T15:09:31","date_gmt":"2023-04-12T19:09:31","guid":{"rendered":"https:\/\/www.sisinternational.com\/?page_id=42322"},"modified":"2026-01-24T21:12:18","modified_gmt":"2026-01-25T02:12:18","slug":"consulenza-sulla-strategia-energetica-e-ricerche-di-mercato","status":"publish","type":"page","link":"https:\/\/www.sisinternational.com\/it\/competenza\/consulenza-sulla-strategia-energetica-e-ricerche-di-mercato\/","title":{"rendered":"Ricerca di mercato di consulenza sulla strategia energetica ed energetica"},"content":{"rendered":"<h1 class=\"wp-block-heading\">Ricerca di mercato di consulenza sulla strategia energetica ed energetica<\/h1>\n\n\n\n<figure class=\"gb-block-image gb-block-image-f8ee6e2a\"><img loading=\"lazy\" decoding=\"async\" width=\"1456\" height=\"816\" class=\"gb-image gb-image-f8ee6e2a\" src=\"https:\/\/www.sisinternational.com\/wp-content\/uploads\/2025\/09\/Asia-Energy-3.jpg\" alt=\"Ricerca e strategia di mercato internazionale SIS\" title=\"Asia Energy (3)\" srcset=\"https:\/\/www.sisinternational.com\/wp-content\/uploads\/2025\/09\/Asia-Energy-3.jpg 1456w, https:\/\/www.sisinternational.com\/wp-content\/uploads\/2025\/09\/Asia-Energy-3-300x168.jpg 300w, https:\/\/www.sisinternational.com\/wp-content\/uploads\/2025\/09\/Asia-Energy-3-1024x574.jpg 1024w, https:\/\/www.sisinternational.com\/wp-content\/uploads\/2025\/09\/Asia-Energy-3-768x430.jpg 768w, https:\/\/www.sisinternational.com\/wp-content\/uploads\/2025\/09\/Asia-Energy-3-18x10.jpg 18w\" sizes=\"auto, (max-width: 1456px) 100vw, 1456px\"><\/figure>\n\n\n\n<p><\/p>\n\n\n\n<p>Energy &amp; Power Strategy Consulting \u00e8 un campo specializzato di consulenza. Fornisce guida strategica e competenza ai clienti nei settori dell&#039;energia e dell&#039;energia. Questi clienti includono produttori di energia, servizi pubblici e societ\u00e0 di energia rinnovabile.<\/p>\n\n\n\n<p><a href=\"https:\/\/www.sisinternational.com\/it\/sistemi-di-automazione-dei-processi-negli-stati-uniti\/\" title=\"Consulenza sulla strategia di automazione\"  data-wpil-monitor-id=\"2698\">Energy and power strategy<\/a> consultants are different from other consultants. They help clients make informed decisions about their energy and power needs. These consultants also educate them about sustainability, regulatory compliance, risk management, and cost optimization. They may also help clients with market research, business planning, and investment analysis.<\/p>\n\n\n\n<h3 class=\"wp-block-heading\">Ecco alcune aree specifiche di interesse per la consulenza in materia di strategia energetica ed energetica:<\/h3>\n\n\n\n<ul class=\"wp-block-list\">\n<li>efficienza energetica rinnovabile<\/li>\n\n\n\n<li>cattura e stoccaggio del carbonio<\/li>\n\n\n\n<li>accumulo di energia<\/li>\n\n\n\n<li>lo sviluppo di nuove tecnologie energetiche<\/li>\n<\/ul>\n\n\n\n<p>Consultants in this field may work for specialized consulting firms. Or they may be part of larger <a class=\"wpil_keyword_link\" href=\"https:\/\/www.sisinternational.com\/it\/soluzioni\/consulenza-strategica\/societa-di-consulenza-direzionale\/\"   title=\"Societ\u00e0 di consulenza gestionale globale\" data-wpil-keyword-link=\"linked\"  data-wpil-monitor-id=\"376\">societ\u00e0 di consulenza direzionale<\/a>. Some large firms offer energy and power strategy as one of their practice areas.<\/p>\n\n\n\n<h2 class=\"wp-block-heading\">Perch\u00e9 \u00e8 importante la consulenza sulla strategia energetica ed energetica?<\/h2>\n\n\n\n<p>La consulenza sulla strategia energetica e energetica \u00e8 essenziale per diversi motivi. In primo luogo, soddisfa la crescente domanda di energia. Questa domanda continua a crescere man mano che le popolazioni aumentano e le economie si sviluppano. I consulenti in materia di strategia energetica ed energetica aiutano i clienti a trovare modi innovativi per soddisfare questa domanda. Aiutano inoltre i clienti a lavorare verso soluzioni pi\u00f9 sostenibili.<\/p>\n\n\n\n<p>L\u2019attenzione mondiale \u00e8 ora rivolta al cambiamento climatico e alla riduzione delle emissioni di carbonio. Molte aziende vogliono spostarsi verso fonti di energia rinnovabile. I consulenti in materia di strategia energetica e energetica possono aiutare i clienti a orientarsi tra le opzioni di energia rinnovabile. Possono anche aiutare i clienti a sviluppare strategie per integrare queste opzioni nelle loro operazioni.<\/p>\n\n\n\n<p>I governi regolano l\u2019energia e il settore energetico. \u00c8 soggetto a diversi rischi. Ad esempio, pu\u00f2 passare attraverso la volatilit\u00e0 dei prezzi, le tensioni geopolitiche e i disastri naturali. I consulenti in materia di strategia energetica e energetica possono aiutare i clienti a gestire questi rischi. Forniscono informazioni di mercato e strategie di gestione del rischio.<br>I consulenti in materia di strategia energetica e energetica possono aiutare i clienti a ottimizzare il loro utilizzo di energia. Li aiutano anche ad aumentare l\u2019efficienza. Il risultato \u00e8 un risparmio sui costi e una riduzione delle emissioni di carbonio.<\/p>\n\n\n\n<p>Il settore dell\u2019energia e dell\u2019energia \u00e8 in evoluzione. Nuove tecnologie e soluzioni emergono costantemente. I consulenti in materia di energia e potenza possono aiutare i clienti a rimanere al passo con questi sviluppi. Possono anche aiutare i clienti a identificare opportunit\u00e0 di innovazione e crescita. Ad esempio, possono sviluppare nuovi prodotti o servizi utilizzando fonti energetiche rinnovabili.<\/p>\n\n\n\n<h2 class=\"wp-block-heading\">Titoli di lavoro chiave<\/h2>\n\n\n\n<figure class=\"gb-block-image gb-block-image-2cec471d\"><img loading=\"lazy\" decoding=\"async\" width=\"1456\" height=\"816\" class=\"gb-image gb-image-2cec471d\" src=\"https:\/\/www.sisinternational.com\/wp-content\/uploads\/2025\/09\/Asia-Energy-6.jpg\" alt=\"Ricerca e strategia di mercato internazionale SIS\" title=\"Asia Energy (6)\" srcset=\"https:\/\/www.sisinternational.com\/wp-content\/uploads\/2025\/09\/Asia-Energy-6.jpg 1456w, https:\/\/www.sisinternational.com\/wp-content\/uploads\/2025\/09\/Asia-Energy-6-300x168.jpg 300w, https:\/\/www.sisinternational.com\/wp-content\/uploads\/2025\/09\/Asia-Energy-6-1024x574.jpg 1024w, https:\/\/www.sisinternational.com\/wp-content\/uploads\/2025\/09\/Asia-Energy-6-768x430.jpg 768w, https:\/\/www.sisinternational.com\/wp-content\/uploads\/2025\/09\/Asia-Energy-6-18x10.jpg 18w\" sizes=\"auto, (max-width: 1456px) 100vw, 1456px\"><\/figure>\n\n\n\n<p><\/p>\n\n\n\n<h3 class=\"wp-block-heading\">Alcuni titoli professionali essenziali nella consulenza in materia di strategia energetica e energetica includono:<\/h3>\n\n\n\n<p><strong>Consulente Energetico:<\/strong> Fornisce consulenza e competenza sulla gestione dell&#039;energia e sull&#039;efficienza energetica. Forniscono inoltre indicazioni sulle soluzioni di energia rinnovabile. Questi consulenti possono lavorare con i clienti per sviluppare politiche energetiche. Identificano inoltre opportunit\u00e0 di risparmio sui costi e raccomandano soluzioni energetiche sostenibili.<\/p>\n\n\n\n<p><strong>Consulente energetico:<\/strong> Sviluppa e gestisce impianti di produzione di energia, sistemi di trasmissione e distribuzione. Questo consulente \u00e8 anche responsabile dello sviluppo e della gestione di soluzioni di accumulo dell&#039;energia. Possono aiutare i clienti a identificare nuove fonti di energia e ottimizzare i sistemi esistenti. Gestiscono anche il rischio energetico.<\/p>\n\n\n\n<p><strong>Consulente per le energie rinnovabili:<\/strong> \u00c8 specializzata nello sviluppo e nell&#039;implementazione di soluzioni di energia rinnovabile. Ad esempio, sviluppano soluzioni di energia solare, eolica, idroelettrica e geotermica. Possono lavorare con i clienti per valutare la fattibilit\u00e0 dei progetti di energia rinnovabile. Forniscono inoltre consulenza sui requisiti normativi e identificano le opzioni di finanziamento.<\/p>\n\n\n\n<p><strong>Analista energetico:<\/strong> Raccoglie e analizza dati sui mercati, tendenze e tecnologie dell&#039;energia. Possono utilizzare questi dati per fornire approfondimenti e consigli ai clienti. Ad esempio, potrebbero utilizzarlo per identificare opportunit\u00e0 di investimento. Oppure possono valutare l\u2019impatto dei cambiamenti politici e prevedere la domanda di energia.<\/p>\n\n\n\n<p><strong>Consulente per la Sostenibilit\u00e0:<\/strong> Aiuta i clienti a ridurre l&#039;impatto ambientale di energia ed energia. Potrebbero aiutare. clienti per sviluppare strategie di sostenibilit\u00e0 e valutare le impronte di carbonio. Li aiutano anche a installare pratiche sostenibili in tutte le loro operazioni.<\/p>\n\n\n\n<p><strong>Responsabile del rischio energetico:<\/strong> \u00c8 specializzato nell&#039;identificazione e nella gestione dei rischi legati alle operazioni legate all&#039;energia e all&#039;energia. Possono lavorare con i clienti per sviluppare strategie di gestione del rischio. Valutano inoltre la volatilit\u00e0 del mercato e identificano le opportunit\u00e0 di copertura.<\/p>\n\n\n\n<p>Questi titoli di lavoro sono solo alcuni esempi. Molti altri ruoli sono disponibili nella consulenza strategica in materia di energia ed energia. Altri titoli di lavoro includono project manager, responsabile dello sviluppo aziendale e specialista in affari normativi.<\/p>\n\n\n\n<h2 class=\"wp-block-heading\">Perch\u00e9 le aziende hanno bisogno di consulenza sulla strategia energetica e energetica?<\/h2>\n\n\n\n<figure class=\"gb-block-image gb-block-image-69e97f91\"><img loading=\"lazy\" decoding=\"async\" width=\"1456\" height=\"816\" class=\"gb-image gb-image-69e97f91\" src=\"https:\/\/www.sisinternational.com\/wp-content\/uploads\/2025\/09\/Asia-Energy-1.jpg\" alt=\"Ricerca e strategia di mercato internazionale SIS\" title=\"Asia Energy (1)\" srcset=\"https:\/\/www.sisinternational.com\/wp-content\/uploads\/2025\/09\/Asia-Energy-1.jpg 1456w, https:\/\/www.sisinternational.com\/wp-content\/uploads\/2025\/09\/Asia-Energy-1-300x168.jpg 300w, https:\/\/www.sisinternational.com\/wp-content\/uploads\/2025\/09\/Asia-Energy-1-1024x574.jpg 1024w, https:\/\/www.sisinternational.com\/wp-content\/uploads\/2025\/09\/Asia-Energy-1-768x430.jpg 768w, https:\/\/www.sisinternational.com\/wp-content\/uploads\/2025\/09\/Asia-Energy-1-18x10.jpg 18w\" sizes=\"auto, (max-width: 1456px) 100vw, 1456px\"><\/figure>\n\n\n\n<p><\/p>\n\n\n\n<p>Le aziende necessitano di consulenza sulla strategia energetica e energetica per diversi motivi. Il primo \u00e8 il risparmio sui costi. I costi energetici e energetici possono essere significativi per molte aziende. Ci\u00f2 \u00e8 particolarmente vero per coloro che operano in settori ad alta intensit\u00e0 energetica. I consulenti in materia di strategia energetica e energetica possono aiutare le aziende a identificare opportunit\u00e0 di risparmio sui costi. Ad esempio, possono attuare misure di efficienza energetica. Oppure possono esplorare opzioni di energia rinnovabile e strategie ottimizzate di approvvigionamento energetico.<\/p>\n\n\n\n<p>Il settore energetico e energetico presenta diversi rischi. Ad esempio, \u00e8 soggetto alla volatilit\u00e0 dei prezzi, alle interruzioni della catena di fornitura e ai cambiamenti normativi. I consulenti in materia di strategia energetica e energetica possono aiutare le aziende a gestire questi rischi. Possono fornire informazioni di mercato, valutazioni del rischio e strategie di gestione del rischio.<br>Vi \u00e8 una crescente pressione sulle imprese affinch\u00e9 adottino pratiche sostenibili e responsabili dal punto di vista ambientale. Ad esempio, devono ridurre le emissioni di carbonio e passare alle fonti energetiche rinnovabili. Questi consulenti possono aiutare le aziende a sviluppare e implementare strategie energetiche sostenibili. Queste strategie devono essere in linea con i loro obiettivi ambientali.<\/p>\n\n\n\n<p>Come accennato in precedenza, i governi regolano l\u2019energia e il settore energetico. Ha molte normative locali, statali e federali. Queste normative regolano tutto, dall\u2019approvvigionamento energetico agli standard sulle emissioni. I consulenti in materia di strategia energetica e energetica possono aiutare le aziende a orientarsi in questo complesso panorama normativo. Possono anche contribuire a garantire la conformit\u00e0 alle normative pertinenti.<\/p>\n\n\n\n<h2 class=\"wp-block-heading\">Fattori chiave del successo<\/h2>\n\n\n\n<p>I fattori critici di successo nella consulenza strategica in materia di energia e potenza includono la competenza. I consulenti in materia di strategia energetica e energetica devono conoscere il settore dell&#039;energia e dell&#039;energia. Questa conoscenza comprende tendenze, tecnologie e normative. Devono inoltre avere esperienza nel campo delle energie rinnovabili e dell\u2019efficienza energetica. La gestione del rischio energetico \u00e8 un altro campo in cui devono avere esperienza.<\/p>\n\n\n\n<p>I consulenti di strategia energetica e energetica devono essere in grado di analizzare dati complessi. Ad esempio, dovrebbero sapere come leggere le tendenze del mercato energetico e i cambiamenti normativi. Dovrebbero anche conoscere i parametri finanziari. Devono quindi utilizzare questa analisi per fornire approfondimenti e raccomandazioni ai clienti.<\/p>\n\n\n\n<p>These <a href=\"https:\/\/www.sisinternational.com\/it\/competenza\/industrie\/dei-consulenza-in-comunicazione\/\" title=\"Consulenza in comunicazione DEI\"  data-wpil-monitor-id=\"7186\">consultants must be able to communicate<\/a> their findings and recommendations to clients. Thus, they must know how to speak and write well.<\/p>\n\n\n\n<p>I consulenti devono collaborare con i clienti e altre parti interessate, come gli organismi di regolamentazione. Devono sviluppare e mettere in atto strategie energetiche e di potere efficaci. I consulenti di strategia energetica e energetica devono comprendere le operazioni aziendali e i parametri finanziari. Devono sviluppare strategie in linea con gli obiettivi aziendali dei loro clienti.<\/p>\n\n\n\n<p>I consulenti devono rimanere aggiornati sulle ultime tecnologie e tendenze in materia di energia ed energia. Devono inoltre sviluppare soluzioni che rispondano alle esigenze e alle sfide specifiche dei loro clienti.<\/p>\n\n\n\n<h2 class=\"wp-block-heading\">Informazioni sulla consulenza in materia di strategia energetica e energetica Ricerche di mercato<\/h2>\n\n\n\n<figure class=\"gb-block-image gb-block-image-176d0b7f\"><img loading=\"lazy\" decoding=\"async\" width=\"1456\" height=\"816\" class=\"gb-image gb-image-176d0b7f\" src=\"https:\/\/www.sisinternational.com\/wp-content\/uploads\/2025\/09\/Asia-Energy-7.jpg\" alt=\"Ricerca e strategia di mercato internazionale SIS\" title=\"Asia Energy (7)\" srcset=\"https:\/\/www.sisinternational.com\/wp-content\/uploads\/2025\/09\/Asia-Energy-7.jpg 1456w, https:\/\/www.sisinternational.com\/wp-content\/uploads\/2025\/09\/Asia-Energy-7-300x168.jpg 300w, https:\/\/www.sisinternational.com\/wp-content\/uploads\/2025\/09\/Asia-Energy-7-1024x574.jpg 1024w, https:\/\/www.sisinternational.com\/wp-content\/uploads\/2025\/09\/Asia-Energy-7-768x430.jpg 768w, https:\/\/www.sisinternational.com\/wp-content\/uploads\/2025\/09\/Asia-Energy-7-18x10.jpg 18w\" sizes=\"auto, (max-width: 1456px) 100vw, 1456px\"><\/figure>\n\n\n\n<p><\/p>\n\n\n\n<p>SIS Internazionale <a href=\"https:\/\/www.sisinternational.com\/it\/agentic-ai-in-market-research\/\" title=\"Agentic AI in Market Research\"  data-wpil-monitor-id=\"491\">Research provides Energy &amp; Power Strategy Consulting<\/a> Market Research. <a class=\"wpil_keyword_link\" href=\"https:\/\/www.sisinternational.com\/it\/best-practices-for-quantitative-market-research\/\"   title=\"Migliori pratiche per la ricerca di mercato quantitativa\" data-wpil-keyword-link=\"linked\"  data-wpil-monitor-id=\"700\">Ricerche di mercato quantitative<\/a> can help shed light on your business or market. Thus, it\u2019s valuable to power companies of any size. We also offer <a href=\"https:\/\/www.sisinternational.com\/it\/competenza\/industrie\/ricerche-di-mercato-sulla-produzione-di-energia\/\" title=\"Ricerche di mercato sulla produzione di energia\"  data-wpil-monitor-id=\"3068\">Ricerca sul dimensionamento del mercato<\/a>, which helps with forecasting and market validation.<\/p>\n\n\n\n<p><a class=\"wpil_keyword_link\" href=\"https:\/\/www.sisinternational.com\/it\/future-trends-in-qualitative-market-research\/\"   title=\"Future Trends in Qualitative Market Research\" data-wpil-keyword-link=\"linked\"  data-wpil-monitor-id=\"701\">Ricerche di mercato qualitative<\/a> is another service provided by SIS. This research provides insights into customer preferences, needs, and behaviors. It helps businesses drive growth and make better decisions. We can also help with UX Market Research, leading to improved customer satisfaction. UX Market research also improves engagement. It enables a better bottom line for your business.<\/p>\n\n\n\n<p>La ricerca di mercato strategica \u00e8 un altro strumento prezioso. Le aziende possono utilizzarlo per misurare l\u2019impatto dei loro sforzi sul pubblico target. C&#039;\u00e8 anche l&#039;analisi competitiva. Questo strumento mira a comprendere i vantaggi e gli svantaggi dei tuoi concorrenti. Ti racconta anche delle loro strategie di sviluppo e delle caratteristiche di marketing. Sulla base di questa conoscenza, possiamo creare una strategia aziendale (o modificarne una esistente).<\/p>\n\n\n\n<p>Successful entry into a new <a href=\"https:\/\/www.sisinternational.com\/it\/competenza\/industrie\/ricerche-di-mercato-sulle-resine\/\" title=\"Ricerche di mercato sulla resina\"  data-wpil-monitor-id=\"3199\">market needs careful research<\/a> and consideration. Let SIS conduct <a href=\"https:\/\/www.sisinternational.com\/it\/competenza\/industrie\/ricerche-di-mercato-sul-web-scraping\/\" title=\"Ricerche di mercato sul web scraping\"  data-wpil-monitor-id=\"3220\">Ricerca sull&#039;ingresso nel mercato<\/a> before you leap into a new market. Build a market entry strategy first. <a class=\"wpil_keyword_link\" href=\"https:\/\/www.sisinternational.com\/it\/soluzioni\/consulenza-strategica\/ricerca-sulle-opportunita-di-mercato\/\"   title=\"Ricerca sulle opportunit\u00e0 di mercato\" data-wpil-keyword-link=\"linked\"  data-wpil-monitor-id=\"702\">Ricerca sulle opportunit\u00e0 di mercato<\/a> is another strategy used by energy &amp; power companies.<\/p>\n\n\n\n<p>Possiamo anche organizzare Focus Group, Sondaggi e Interviste. Questi strumenti ti aiutano a definire la tua strategia di accesso al mercato. Contattaci oggi per una consulenza!<\/p>","protected":false},"excerpt":{"rendered":"<p>La consulenza strategica in materia di energia e potenza \u00e8 un settore specializzato che fornisce consulenza strategica e competenza ai clienti nei settori dell&#039;energia e dell&#039;energia.<\/p>","protected":false},"author":1,"featured_media":65531,"parent":14514,"menu_order":239,"comment_status":"closed","ping_status":"closed","template":"","meta":{"footnotes":""},"class_list":["post-42322","page","type-page","status-publish","has-post-thumbnail"],"_links":{"self":[{"href":"https:\/\/www.sisinternational.com\/it\/wp-json\/wp\/v2\/pages\/42322","targetHints":{"allow":["GET"]}}],"collection":[{"href":"https:\/\/www.sisinternational.com\/it\/wp-json\/wp\/v2\/pages"}],"about":[{"href":"https:\/\/www.sisinternational.com\/it\/wp-json\/wp\/v2\/types\/page"}],"author":[{"embeddable":true,"href":"https:\/\/www.sisinternational.com\/it\/wp-json\/wp\/v2\/users\/1"}],"replies":[{"embeddable":true,"href":"https:\/\/www.sisinternational.com\/it\/wp-json\/wp\/v2\/comments?post=42322"}],"version-history":[{"count":11,"href":"https:\/\/www.sisinternational.com\/it\/wp-json\/wp\/v2\/pages\/42322\/revisions"}],"predecessor-version":[{"id":80749,"href":"https:\/\/www.sisinternational.com\/it\/wp-json\/wp\/v2\/pages\/42322\/revisions\/80749"}],"up":[{"embeddable":true,"href":"https:\/\/www.sisinternational.com\/it\/wp-json\/wp\/v2\/pages\/14514"}],"wp:featuredmedia":[{"embeddable":true,"href":"https:\/\/www.sisinternational.com\/it\/wp-json\/wp\/v2\/media\/65531"}],"wp:attachment":[{"href":"https:\/\/www.sisinternational.com\/it\/wp-json\/wp\/v2\/media?parent=42322"}],"curies":[{"name":"wp","href":"https:\/\/api.w.org\/{rel}","templated":true}]}}