{"id":42297,"date":"2023-04-11T18:06:04","date_gmt":"2023-04-11T22:06:04","guid":{"rendered":"https:\/\/www.sisinternational.com\/?page_id=42297"},"modified":"2026-01-25T19:05:38","modified_gmt":"2026-01-26T00:05:38","slug":"cosmetici-nelle-ricerche-di-mercato-in-messico","status":"publish","type":"page","link":"https:\/\/www.sisinternational.com\/it\/copertura\/latin-america\/ricerche-di-mercato-in-america-latina\/cosmetici-nelle-ricerche-di-mercato-in-messico\/","title":{"rendered":"Cosmetici in Messico Ricerche di mercato"},"content":{"rendered":"<h1 class=\"wp-block-heading p1\">Cosmetici in Messico Ricerche di mercato<\/h1>\n\n\n<div class=\"wp-block-image\">\n<figure class=\"aligncenter size-large is-resized\"><img loading=\"lazy\" decoding=\"async\" width=\"1024\" height=\"574\" src=\"https:\/\/www.sisinternational.com\/wp-content\/uploads\/2025\/09\/Cosmetics-in-mexico-3-1024x574.jpg\" alt=\"Ricerca e strategia di mercato internazionale SIS\" class=\"wp-image-66238\" style=\"width:1350px\" srcset=\"https:\/\/www.sisinternational.com\/wp-content\/uploads\/2025\/09\/Cosmetics-in-mexico-3-1024x574.jpg 1024w, https:\/\/www.sisinternational.com\/wp-content\/uploads\/2025\/09\/Cosmetics-in-mexico-3-300x168.jpg 300w, https:\/\/www.sisinternational.com\/wp-content\/uploads\/2025\/09\/Cosmetics-in-mexico-3-768x430.jpg 768w, https:\/\/www.sisinternational.com\/wp-content\/uploads\/2025\/09\/Cosmetics-in-mexico-3-18x10.jpg 18w, https:\/\/www.sisinternational.com\/wp-content\/uploads\/2025\/09\/Cosmetics-in-mexico-3.jpg 1456w\" sizes=\"auto, (max-width: 1024px) 100vw, 1024px\" \/><\/figure>\n<\/div>\n\n\n<p><\/p>\n\n\n\n<p class=\"p2\">Negli ultimi decenni il mercato dei cosmetici ha subito numerosi cambiamenti basati sulle richieste dei consumatori, sulle preoccupazioni ambientali, sull\u2019etica e sulla redditivit\u00e0. Con i consumatori sempre pi\u00f9 informati sulla cura della pelle e sui cosmetici in generale e con la crescente consapevolezza dell\u2019impatto sull\u2019ambiente e sugli animali, le aziende devono ideare prodotti e strategie di marketing innovativi per entrare in questo mercato altamente competitivo. Di conseguenza, le ricerche di mercato sui cosmetici in Messico sono diventate indispensabili per qualsiasi azienda che mira a seguire un percorso di successo in questo settore.<\/p>\n\n\n\n<h2 class=\"wp-block-heading p2\">Panoramica dei cosmetici nelle ricerche di mercato in Messico<\/h2>\n\n\n\n<p class=\"p2\">Il mondo sta cambiando e la maggior parte delle aziende si sta muovendo in una direzione pi\u00f9 sostenibile. Lo stesso vale per l&#039;industria dei cosmetici. Nel 2021, il Senato del Messico ha votato all&#039;unanimit\u00e0 per vietare la sperimentazione animale per i cosmetici, che non \u00e8 stata solo una decisione storica, ma il Messico \u00e8 anche diventato il primo paese del Nord America a farlo.<\/p>\n\n\n\n<p class=\"p2\">Cosmetics play a key role in Mexico\u2019s business world, and thus, conducting market <a href=\"https:\/\/www.sisinternational.com\/it\/competenza\/industrie\/ricerca-estrema-sulla-persona\/\" title=\"Ricerca estrema sulle persone\"  data-wpil-monitor-id=\"3367\">research is of extreme<\/a> importance for companies looking to build or expand their presence in the cosmetics industry. The country still attracts investors who have established manufacturing and distribution plants there and who use Mexico as their distribution center for Latin America.<\/p>\n\n\n\n<p class=\"p2\">Ancora pi\u00f9 importante, la classe media messicana \u00e8 cresciuta notevolmente negli ultimi anni. Lo stesso vale per il suo budget di spesa, e non possiamo dimenticare l\u2019aumento del livello del reddito lordo, che provoca un effetto significativo sui modelli e sulle tendenze dei consumatori.<\/p>\n\n\n\n<h2 class=\"wp-block-heading p2\">Tendenze e fattori chiave nel settore dei cosmetici<\/h2>\n\n\n\n<p class=\"p2\">I cosmetici e la cura della persona rappresentano un sottosettore essenziale dei beni di consumo in Messico. Il paese \u00e8 classificato tra i primi dieci al mondo per i cosmetici e i prodotti per la cura personale. Inoltre, \u00e8 uno dei pi\u00f9 grandi mercati di prodotti di bellezza in America Latina.<\/p>\n\n\n\n<p class=\"p2\">Anche il Messico importa un elevato numero di prodotti di bellezza dalla Corea del Sud, ma gli Stati Uniti rimangono il principale importatore del paese.<\/p>\n\n\n\n<h2 class=\"wp-block-heading p2\">Opportunit\u00e0 nel settore dei cosmetici<\/h2>\n\n\n\n<p class=\"p2\"><a href=\"https:\/\/www.sisinternational.com\/it\/ricerche-di-mercato-tijuana-messico\/\" title=\"Ricerche di mercato a Tijuana, Messico\"  data-wpil-monitor-id=\"2539\">Mexico\u2019s cosmetics market<\/a> is expected to grow. Moreover, the increasing demand for organic, non-animal-tested, and cruelty-free products makes the Mexican cosmetics market much more attractive to consumers.<\/p>\n\n\n\n<p class=\"p2\">Non solo le donne ma anche gli uomini compensano un gran numero di acquisti di cosmetici e prodotti per la cura della pelle e dei capelli. Una crescente consapevolezza della bellezza e una maggiore variet\u00e0 di marchi spingono i clienti maschi a effettuare pi\u00f9 acquisti online e nei negozi specializzati, supermercati, farmacie, ecc.<\/p>\n\n\n\n<p class=\"p2\">In Messico, le varie aziende di bellezza e cura sono altamente competitive, il che spinge a molte diverse strategie di business per attrarre e mantenere la clientela; ad esempio, innovazioni di prodotto, espansione, fusioni, partnership e acquisizioni. Anche costruire una presenza online con un sito web personale o offrire prodotti sulle principali piattaforme di vendita online come Amazon gioca un ruolo essenziale.<\/p>\n\n\n\n<p class=\"p2\">Per quanto riguarda la distribuzione, la vendita diretta detiene la quota di mercato pi\u00f9 elevata, seguita da vicino dai supermercati. Per quanto riguarda la pubblicit\u00e0, la pubblicit\u00e0 aggressiva e la sponsorizzazione di spettacoli sono i metodi pi\u00f9 comuni.<\/p>\n\n\n\n<h2 class=\"wp-block-heading p2\">Sfide nella cosmetica in Messico<\/h2>\n\n\n\n<p class=\"p2\">Although Mexico\u2019s free trade agreements with most countries are essentially a good thing, they can present a challenge. Thanks to the free trade agreements, consumers can buy cosmetics and skin care products from Europe, North America, and Asia, and as a result, they have a large selection to choose from. This leads to intense competition for any company that is looking at exports to Mexico. The list of companies such as Procter &amp; Gamble, Unilever, Colgate-Palmolive, Est\u00e9e Lauder, Betterware de Mexico, L\u2019OREAL, and more may provide a testing environment for a new enterprise. Consequently, it requires <a href=\"https:\/\/www.sisinternational.com\/it\/competenza\/industrie\/ricerca-di-mercato-sui-macchinari-pesanti\/\" title=\"Ricerche di mercato sui macchinari pesanti\"  data-wpil-monitor-id=\"5393\">heavy investment in marketing<\/a>, online as well as offline. That being said, there is still ample opportunity for international players to enter this market.<\/p>\n\n\n\n<p class=\"p2\">In generale, i consumatori messicani spendono molti soldi in prodotti di bellezza. Avendo a disposizione un\u2019ampia scelta e con molti prodotti fabbricati localmente, gli acquirenti hanno accesso a prezzi pi\u00f9 bassi, che spesso possono lasciare sugli scaffali beni importati pi\u00f9 costosi. Gli acquirenti di solito cercano i prodotti con il prezzo migliore. Ciononostante, gran parte dei consumatori messicani \u00e8 disposta a investire in grandi marchi internazionali e\/o tendenze attuali. Nonostante la tendenza a cercare prodotti poco costosi, c\u2019\u00e8 ancora una grande richiesta di marchi premium e di lusso, soprattutto tra la classe medio-alta.<\/p>\n\n\n\n<h2 class=\"wp-block-heading p2\">Cluster di innovazione per analizzare i cosmetici in Messico<\/h2>\n\n\n\n<p class=\"p2\">L\u2019industria dei cosmetici \u00e8 in crescita in Messico e, nonostante la forte concorrenza, una grande domanda di cosmetici e prodotti di bellezza offre maggiori opportunit\u00e0.<\/p>\n\n\n\n<p class=\"p2\">La cura della pelle e i cosmetici per uomo rappresentano una nicchia promettente poich\u00e9 l&#039;interesse degli uomini ad apparire ben curati e giovani \u00e8 aumentato notevolmente. Prodotti essenziali come balsamo per le labbra, lozione per le mani, crema per gli occhi, tonico, detergente, crema solare e altri sono ricercati in questo mercato.<\/p>\n\n\n\n<p class=\"p2\">Negli ultimi anni sono sorti ovunque barbieri e negozi specializzati che soddisfano le esigenze della pelle e dei capelli degli uomini, offrendo una vasta gamma di prodotti.<\/p>\n\n\n\n<p class=\"p2\">Inoltre, una maggiore consapevolezza dell\u2019esposizione solare ha portato anche a maggiori acquisti di prodotti SPF. Al giorno d&#039;oggi, i consumatori prestano maggiore attenzione ai cosmetici che proteggono la pelle. Pertanto, si prevede che la protezione solare e i cosmetici con protezione solare aumenteranno di popolarit\u00e0 nei prossimi anni.<\/p>\n\n\n\n<p class=\"p2\">Inoltre, i cosmetici colorati (compresi smalti e prodotti per unghie in generale) sono molto di moda e rappresentano una buona opportunit\u00e0 di investimento. Anche con un\u2019ampia concorrenza \u00e8 possibile raggiungere i consumatori con tendenze interessanti e prezzi competitivi. I consumatori tendono anche a scoprire nuovi marchi (messicani e internazionali) attraverso video tutorial e blog.<\/p>\n\n\n\n<p class=\"p2\">Infine, non \u00e8 da sottovalutare l\u2019importanza dei prodotti biologici e naturali. A causa della maggiore comprensione dei loro benefici per la salute, questi prodotti sono molto richiesti. Inoltre, anche il mercato vegano sta crescendo in modo esponenziale poich\u00e9 sempre pi\u00f9 consumatori stanno diventando consapevoli della crudelt\u00e0 sugli animali e dei diritti degli animali e vogliono fare acquisti eticamente responsabili. La richiesta di prodotti che non siano testati sugli animali e che non contengano nemmeno ingredienti di origine animale \u00e8 in forte aumento.<\/p>\n\n\n\n<h2 class=\"wp-block-heading p3\">Prospettive future dei cosmetici in Messico<\/h2>\n\n\n\n<p class=\"p2\">Il valore del mercato dei cosmetici \u00e8 rimasto stabile negli ultimi anni e si prevede che cresca. I consumatori messicani spendono una cifra considerevole ogni anno in cosmetici e si prevede che la crescente domanda di prodotti naturali, biologici, non testati su animali, cruelty-free e imballaggi ecologici dar\u00e0 ulteriore impulso al settore. Nonostante il mercato altamente competitivo, offre un\u2019opportunit\u00e0 di investimenti, nuovi lanci ed espansione.<\/p>\n\n\n\n<p class=\"p2\">SIS International offre ricerca quantitativa, qualitativa e strategica. Forniamo dati, strumenti, strategie, report e approfondimenti per il processo decisionale. Conduciamo interviste, sondaggi, focus group e altri metodi e approcci di ricerca di mercato. Contattaci per il tuo prossimo progetto di ricerca di mercato.<span class=\"Apple-converted-space\">&nbsp;<\/span><\/p>","protected":false},"excerpt":{"rendered":"<p>I cosmetici svolgono un ruolo chiave nel mondo degli affari messicano; quindi, condurre ricerche di mercato \u00e8 estremamente importante.<\/p>","protected":false},"author":1,"featured_media":66238,"parent":14351,"menu_order":28,"comment_status":"closed","ping_status":"closed","template":"","meta":{"footnotes":""},"class_list":["post-42297","page","type-page","status-publish","has-post-thumbnail"],"_links":{"self":[{"href":"https:\/\/www.sisinternational.com\/it\/wp-json\/wp\/v2\/pages\/42297","targetHints":{"allow":["GET"]}}],"collection":[{"href":"https:\/\/www.sisinternational.com\/it\/wp-json\/wp\/v2\/pages"}],"about":[{"href":"https:\/\/www.sisinternational.com\/it\/wp-json\/wp\/v2\/types\/page"}],"author":[{"embeddable":true,"href":"https:\/\/www.sisinternational.com\/it\/wp-json\/wp\/v2\/users\/1"}],"replies":[{"embeddable":true,"href":"https:\/\/www.sisinternational.com\/it\/wp-json\/wp\/v2\/comments?post=42297"}],"version-history":[{"count":6,"href":"https:\/\/www.sisinternational.com\/it\/wp-json\/wp\/v2\/pages\/42297\/revisions"}],"predecessor-version":[{"id":79177,"href":"https:\/\/www.sisinternational.com\/it\/wp-json\/wp\/v2\/pages\/42297\/revisions\/79177"}],"up":[{"embeddable":true,"href":"https:\/\/www.sisinternational.com\/it\/wp-json\/wp\/v2\/pages\/14351"}],"wp:featuredmedia":[{"embeddable":true,"href":"https:\/\/www.sisinternational.com\/it\/wp-json\/wp\/v2\/media\/66238"}],"wp:attachment":[{"href":"https:\/\/www.sisinternational.com\/it\/wp-json\/wp\/v2\/media?parent=42297"}],"curies":[{"name":"wp","href":"https:\/\/api.w.org\/{rel}","templated":true}]}}