{"id":42293,"date":"2023-04-11T17:18:02","date_gmt":"2023-04-11T21:18:02","guid":{"rendered":"https:\/\/www.sisinternational.com\/?page_id=42293"},"modified":"2026-03-12T13:26:58","modified_gmt":"2026-03-12T17:26:58","slug":"ricerche-di-mercato-sul-mais","status":"publish","type":"page","link":"https:\/\/www.sisinternational.com\/it\/soluzioni\/ricerche-di-mercato-nel-settore-delle-bevande-alimentari\/ricerche-di-mercato-sul-mais\/","title":{"rendered":"Ricerche di mercato sul mais"},"content":{"rendered":"<h1 class=\"wp-block-heading\">Ricerche di mercato sul mais<\/h1>\n\n\n\n<figure class=\"gb-block-image gb-block-image-eb595c56\"><img loading=\"lazy\" decoding=\"async\" width=\"1456\" height=\"816\" class=\"gb-image gb-image-eb595c56\" src=\"https:\/\/www.sisinternational.com\/wp-content\/uploads\/2025\/08\/Corn-1.jpg\" alt=\"Ricerca e strategia di mercato internazionale SIS\" title=\"Corn (1)\" srcset=\"https:\/\/www.sisinternational.com\/wp-content\/uploads\/2025\/08\/Corn-1.jpg 1456w, https:\/\/www.sisinternational.com\/wp-content\/uploads\/2025\/08\/Corn-1-300x168.jpg 300w, https:\/\/www.sisinternational.com\/wp-content\/uploads\/2025\/08\/Corn-1-1024x574.jpg 1024w, https:\/\/www.sisinternational.com\/wp-content\/uploads\/2025\/08\/Corn-1-768x430.jpg 768w, https:\/\/www.sisinternational.com\/wp-content\/uploads\/2025\/08\/Corn-1-18x10.jpg 18w\" sizes=\"auto, (max-width: 1456px) 100vw, 1456px\"><\/figure>\n\n\n\n<p><\/p>\n\n\n\n<p class=\"p1\">La ricerca di mercato sul mais \u00e8 la raccolta, l&#039;analisi e l&#039;interpretazione metodica di dati e informazioni relativi alla produzione, al consumo e alla distribuzione del mais e dei prodotti a base di mais. La ricerca di mercato del mais fornisce approfondimenti sulle tendenze del mercato, sul comportamento dei consumatori e sui fattori competitivi che influenzano l\u2019industria del mais.<\/p>\n\n\n\n<p class=\"p1\">La ricerca sul mercato del mais pu\u00f2 essere condotta in diverse fasi della produzione e della distribuzione, dalla coltivazione del mais nelle aziende agricole alla vendita di prodotti a base di mais nei negozi di alimentari. Pu\u00f2 anche essere condotto da coltivatori, trasformatori, distributori e rivenditori, tra le altre parti interessate del settore.<\/p>\n\n\n\n<p>Poich\u00e9 il mais \u00e8 una coltura molto ricercata, l\u2019industria agricola globale dipende fortemente da esso. Tuttavia, poich\u00e9 la concorrenza diventa ancora pi\u00f9 intensa nel mercato del mais a causa del cambiamento dei gusti e delle richieste dei clienti, le aziende in questo ambito devono rimanere un passo avanti e comprendere a fondo queste tendenze.<\/p>\n\n\n\n<p>Pertanto, la ricerca di mercato del mais \u00e8 uno strumento fondamentale per aiutare le aziende a prendere decisioni strategiche, identificare nuove opportunit\u00e0 e massimizzare il potenziale di crescita. Raccogliendo e analizzando i dati sull\u2019industria del mais \u2013 come il comportamento dei consumatori, l\u2019attivit\u00e0 della concorrenza e le tendenze del mercato \u2013 le aziende possono ottenere informazioni preziose per informare le loro strategie, migliorare le loro offerte di servizi e accelerare la crescita dei ricavi.<\/p>\n\n\n\n<h2 class=\"wp-block-heading p1\">Panoramica del prodotto per le ricerche di mercato sul mais<\/h2>\n\n\n\n<h3 class=\"wp-block-heading p2\">Il mais \u00e8 una coltura versatile con numerosi usi, tra cui mangimi per animali, etanolo e prodotti culinari e industriali. Le tre categorie pi\u00f9 importanti di prodotti a base di mais sono:<\/h3>\n\n\n\n<p class=\"p2\"><strong>Cibo per animali<\/strong><\/p>\n\n\n\n<p class=\"p2\">Il mais \u00e8 l&#039;ingrediente principale nell&#039;alimentazione degli animali. La crescita della popolazione, i livelli di reddito e i cambiamenti nella dieta influenzano la domanda di mangimi per animali. Nei paesi in via di sviluppo dove la domanda di carne e latticini \u00e8 in aumento, si prevede che la domanda di mangimi per animali aumenter\u00e0 sostanzialmente.<\/p>\n\n\n\n<p class=\"p2\"><strong>Biocarburante<\/strong><\/p>\n\n\n\n<p class=\"p2\">Il mais \u00e8 anche un\u2019importante fonte di biocarburante, l\u2019etanolo, che viene unito alla benzina per ridurre le emissioni di carbonio. I mandati e gli incentivi governativi, cos\u00ec come le preoccupazioni sul cambiamento climatico e sulla sicurezza energetica, guidano la domanda di etanolo.<span class=\"Apple-converted-space\">&nbsp;<\/span><\/p>\n\n\n\n<p class=\"p2\"><strong>Prodotti alimentari<\/strong><\/p>\n\n\n\n<p class=\"p2\">Corn is utilized in a vast array of food products, including breakfast cereals, nibble foods, sweeteners, and cooking oil. Population growth, urbanization, and shifting dietary preferences all affect the demand for corn-based food products. Data and strategies in corn market <a href=\"https:\/\/www.sisinternational.com\/it\/ricerche-di-mercato-in-medio-oriente\/\" title=\"Ricerche di mercato in Medio Oriente\"  data-wpil-monitor-id=\"7326\">ricerca<\/a> show that in developing countries with an expanding middle class, the demand for processed and convenience foods is anticipated to increase.<\/p>\n\n\n\n<h2 class=\"wp-block-heading\">Panoramica del mercato e importanza delle ricerche di mercato del mais<\/h2>\n\n\n\n<p>Il mais \u00e8 un bene globale non solo per il suo utilizzo nella produzione alimentare ma anche per l\u2019alimentazione animale, i biocarburanti e le applicazioni industriali \u2013 e la domanda per tutte le forme di questo prodotto versatile \u00e8 in continua crescita. Ma il prezzo del mais \u00e8 vulnerabile ai frequenti cambiamento, influenzato da una serie di forze esterne, dai modelli meteorologici e dai raccolti alle dinamiche di domanda e offerta e alle politiche governative. Queste fluttuazioni del mercato possono avere importanti implicazioni per vari settori, dalla produzione alimentare e l\u2019allevamento del bestiame alla produzione di etanolo.<\/p>\n\n\n\n<p>Con le ricerche di mercato del mais, le aziende rimangono aggiornate e possono scoprire le ultime tendenze e adattarsi alle mutevoli esigenze dei consumatori. Ad esempio, tale analisi potrebbe rivelare che i clienti cercano sempre pi\u00f9 prodotti biologici e non OGM (organismi geneticamente modificati).<\/p>\n\n\n\n<h2 class=\"wp-block-heading\">Opportunit\u00e0 di espansione del mercato del mais<\/h2>\n\n\n\n<figure class=\"gb-block-image gb-block-image-dcb6181d\"><img loading=\"lazy\" decoding=\"async\" width=\"1456\" height=\"816\" class=\"gb-image gb-image-dcb6181d\" src=\"https:\/\/www.sisinternational.com\/wp-content\/uploads\/2025\/08\/Corn-4.jpg\" alt=\"Ricerca e strategia di mercato internazionale SIS\" title=\"Corn (4)\" srcset=\"https:\/\/www.sisinternational.com\/wp-content\/uploads\/2025\/08\/Corn-4.jpg 1456w, https:\/\/www.sisinternational.com\/wp-content\/uploads\/2025\/08\/Corn-4-300x168.jpg 300w, https:\/\/www.sisinternational.com\/wp-content\/uploads\/2025\/08\/Corn-4-1024x574.jpg 1024w, https:\/\/www.sisinternational.com\/wp-content\/uploads\/2025\/08\/Corn-4-768x430.jpg 768w, https:\/\/www.sisinternational.com\/wp-content\/uploads\/2025\/08\/Corn-4-18x10.jpg 18w\" sizes=\"auto, (max-width: 1456px) 100vw, 1456px\"><\/figure>\n\n\n\n<p><\/p>\n\n\n\n<p>Sfruttare le opportunit\u00e0 nel mercato globale del mais pu\u00f2 essere un investimento redditizio per le parti interessate. Sfruttando queste opportunit\u00e0, le aziende non solo rimarranno competitive e soddisferanno la domanda dei loro prodotti, ma amplieranno anche la loro portata per guadagnare maggiori quote di mercato. Offre anche alcune ulteriori opportunit\u00e0 come:<\/p>\n\n\n\n<ul class=\"wp-block-list\">\n<li><strong>Sviluppo di prodotti a base di mais a valore aggiunto:<\/strong> Le aziende hanno la possibilit\u00e0 di aprire nuovi mercati ed espandere i propri flussi di entrate creando prodotti a base di mais a valore aggiunto. Possono trattarsi di semplici snack deliziosi o di ingredienti pi\u00f9 complessi per l&#039;industria alimentare e delle bevande, come la farina senza glutine. Sfruttando le ricerche di mercato del mais e sviluppando articoli innovativi che soddisfano le tendenze e le preferenze dei consumatori, le aziende possono trarre vantaggio da questa opportunit\u00e0 unica di crescita.<\/li>\n\n\n\n<li><strong>Espansione nei mercati emergenti:<\/strong> Businesses can expand their markets significantly by targeting emerging regions, especially in Asia-Pacific, Africa, and South America with the help of <a href=\"https:\/\/www.sisinternational.com\/it\/copertura\/le-americhe\/copertura-degli-stati-uniti\/ricerche-di-mercato-nel-sud-dakota\/\" title=\"Ricerche di mercato nel Sud Dakota\"  data-wpil-monitor-id=\"5474\">ricerche di mercato sul mais<\/a>. This presents an awesome opportunity for business owners to focus on these areas as the demand for corn products increases, allowing them to grow their global presence while expanding their market share even further.<\/li>\n\n\n\n<li><strong>Collaborazione con agricoltori e cooperative locali:<\/strong> Unendo le forze con gli agricoltori e le cooperative locali, le aziende aprono le porte a un mondo di possibilit\u00e0. Attraverso una stretta collaborazione con la comunit\u00e0 agricola, le organizzazioni possono garantire un accesso stabile alla fornitura di mais e processi di gestione delle colture migliorati per una produzione sostenibile. Inoltre, queste partnership possono aiutare le aziende a rispettare le leggi regionali, ad accedere pi\u00f9 facilmente ai nuovi mercati e a sviluppare relazioni durature all\u2019interno delle comunit\u00e0 circostanti in cui sono stabilite.<\/li>\n\n\n\n<li><strong>Research and development in <a href=\"https:\/\/www.sisinternational.com\/it\/competenza\/industrie\/ricerche-di-mercato-nel-metaverso\/\" title=\"Ricerche di mercato sul Metaverso\"  data-wpil-monitor-id=\"4782\">corn<\/a> breeding and crop management:<\/strong> Investire in attivit\u00e0 di ricerca e sviluppo legate alla selezione del mais e alla gestione delle colture pu\u00f2 produrre molti vantaggi, come l\u2019allargamento del mercato. Inoltre, la ricerca su metodi agricoli avanzati come l\u2019agricoltura di precisione o la biotecnologia pu\u00f2 portare a pratiche agricole pi\u00f9 efficaci che portano a migliori numeri di raccolti.<\/li>\n<\/ul>\n\n\n\n<h2 class=\"wp-block-heading\">Le sfide del mercato<\/h2>\n\n\n\n<p>Mentre il mercato del mais continua ad espandersi, offrendo innumerevoli opportunit\u00e0 alle parti interessate, rimangono alcune sfide da affrontare. Pertanto, \u00e8 essenziale che le aziende riconoscano e comprendano questi ostacoli per sviluppare strategie efficaci che le aiutino a superare le complessit\u00e0 del mercato del mais in forte espansione.<\/p>\n\n\n\n<ul class=\"wp-block-list\">\n<li><strong>Prezzi del mais fluttuanti:<\/strong> Gli operatori del mercato del mais si confrontano continuamente con una sfida scoraggiante: l\u2019incertezza dei prezzi del mais. Questa variabilit\u00e0 \u00e8 causata principalmente da fattori quali la domanda e l\u2019offerta globale, le condizioni climatiche e le tensioni geopolitiche. \u00c8 difficile prevedere guadagni potenziali o ideare tattiche commerciali di fronte a queste oscillazioni volatili dei prezzi.<\/li>\n\n\n\n<li><strong>Cambiamenti climatici e il loro impatto sulla produzione di mais:<\/strong> Il cambiamento climatico ha il potenziale di ridurre drasticamente i raccolti di mais e di conseguenza di avere un grave effetto sui rendimenti globali. Gli studi indicano che anche piccoli cambiamenti nei modelli meteorologici possono portare a una diminuzione della produzione di mais a causa di eventi estremi come inondazioni, siccit\u00e0 e ondate di caldo.<\/li>\n\n\n\n<li><strong>Norme rigorose sugli OGM e sull\u2019uso dei pesticidi:<\/strong> Man mano che sempre pi\u00f9 persone diventano consapevoli dei pericoli che gli OGM, i pesticidi sintetici e altre sostanze comportano per l\u2019ambiente e la salute umana, \u00e8 stato necessario adottare delle normative. Sfortunatamente per le aziende coinvolte nel mercato del mais, rispettare queste regole pu\u00f2 essere un compito arduo. Non solo devono cambiare le loro tecniche di produzione, ma devono anche investire in variet\u00e0 di mais non OGM o utilizzare invece strategie alternative di gestione dei parassiti. Tuttavia, le ricerche di mercato sul mais possono aiutare le aziende a comprendere le pi\u00f9 recenti normative del settore.<\/li>\n<\/ul>\n\n\n\n<h2 class=\"wp-block-heading p1\">Metodi di ricerca sul mercato del mais<\/h2>\n\n\n\n<figure class=\"gb-block-image gb-block-image-988ea680\"><img loading=\"lazy\" decoding=\"async\" width=\"1456\" height=\"816\" class=\"gb-image gb-image-988ea680\" src=\"https:\/\/www.sisinternational.com\/wp-content\/uploads\/2025\/08\/Corn-3.jpg\" alt=\"Ricerca e strategia di mercato internazionale SIS\" title=\"Corn (3)\" srcset=\"https:\/\/www.sisinternational.com\/wp-content\/uploads\/2025\/08\/Corn-3.jpg 1456w, https:\/\/www.sisinternational.com\/wp-content\/uploads\/2025\/08\/Corn-3-300x168.jpg 300w, https:\/\/www.sisinternational.com\/wp-content\/uploads\/2025\/08\/Corn-3-1024x574.jpg 1024w, https:\/\/www.sisinternational.com\/wp-content\/uploads\/2025\/08\/Corn-3-768x430.jpg 768w, https:\/\/www.sisinternational.com\/wp-content\/uploads\/2025\/08\/Corn-3-18x10.jpg 18w\" sizes=\"auto, (max-width: 1456px) 100vw, 1456px\"><\/figure>\n\n\n\n<p><\/p>\n\n\n\n<p class=\"p2\">It&#8217;s crucial to employ the right research techniques when performing the study in order to collect precise data and strategies in <a href=\"https:\/\/www.sisinternational.com\/it\/competenza\/industrie\/q-ricerche-di-mercato-commerciali\/\" title=\"Ricerche di mercato Q-Commerce\"  data-wpil-monitor-id=\"4824\">corn<\/a> market research.<span class=\"Apple-converted-space\">&nbsp; <\/span>Di seguito sono riportate alcune delle principali tecniche di ricerca:<\/p>\n\n\n\n<p class=\"p2\">Quantitativo <a href=\"https:\/\/www.sisinternational.com\/it\/competenza\/industrie\/ricerche-di-mercato-sulle-resine\/\" title=\"Ricerche di mercato sulla resina\"  data-wpil-monitor-id=\"3203\">research methods in corn market<\/a> research involve the use of numerical data to measure and analyze different aspects of the industry. Here are some of the most common quantitative <a href=\"https:\/\/www.sisinternational.com\/it\/competenza\/industrie\/ricerche-di-mercato-sul-web-scraping\/\" title=\"Ricerche di mercato sul web scraping\"  data-wpil-monitor-id=\"3224\">research methods used in corn market<\/a> research, along with specific examples:<\/p>\n\n\n\n<ul class=\"wp-block-list ul1\">\n<li>Le indagini comportano il porre domande particolari a un campione considerevole della popolazione. Ad esempio, un sondaggio potrebbe essere utilizzato per comprendere la domanda di vari prodotti a base di mais o per identificare le variabili che influenzano le decisioni di acquisto dei consumatori.<\/li>\n\n\n\n<li>Gli esperimenti vengono spesso utilizzati per valutare l&#039;efficacia di nuovi prodotti a base di mais, processi di produzione o piani di marketing. Ad esempio, si potrebbe effettuare un test per verificare in che misura una nuova tecnica di protezione delle colture influisce sulla resa del mais.<\/li>\n\n\n\n<li>Un approccio efficace per analizzare i dati quantitativi nelle ricerche di mercato del mais \u00e8 l\u2019analisi statistica. Per individuare modelli e tendenze \u00e8 necessario utilizzare approcci statistici per analizzare enormi quantit\u00e0 di dati. Ad esempio, l\u2019analisi statistica potrebbe essere utilizzata per individuare le variabili che influenzano il prezzo del mais o per prevedere la futura domanda di prodotti a base di mais.<\/li>\n\n\n\n<li>UN <a href=\"https:\/\/www.sisinternational.com\/it\/universita-del-sarto\/\" title=\"Studio di ricerche di mercato sul curriculum universitario\"  data-wpil-monitor-id=\"6268\">case study<\/a> is an in-depth analysis of a particular condition or pattern in the grain market. For instance, it could be carried out to examine how government policies have affected the corn sector in a particular area or to comprehend the dynamics of the corn industry&#8217;s supply chain.<\/li>\n\n\n\n<li>L&#039;identificazione dell&#039;associazione tra due o pi\u00f9 fattori del mercato del mais \u00e8 l&#039;obiettivo dell&#039;analisi di correlazione. Ad esempio, l\u2019analisi di correlazione potrebbe essere utilizzata per comprendere la connessione tra modelli meteorologici e rese del mais o per individuare le variabili che influenzano i prezzi dei prodotti a base di mais.<\/li>\n<\/ul>\n\n\n\n<p class=\"p2\">Qualitativo <a href=\"https:\/\/www.sisinternational.com\/it\/copertura\/le-americhe\/ricerche-di-mercato-nei-caraibi\/ricerche-di-mercato-montserrat\/\" title=\"Ricerche di mercato a Montserrat\"  data-wpil-monitor-id=\"3246\">research methods in corn market<\/a> research involve the collection and analysis of non-numerical data, such as opinions, attitudes, and beliefs. Here are some of the most common qualitative <a href=\"https:\/\/www.sisinternational.com\/it\/copertura\/le-americhe\/ricerche-di-mercato-in-america-latina\/ricerche-di-mercato-rio-de-janeiro\/\" title=\"Ricerche di mercato a Rio de Janeiro\"  data-wpil-monitor-id=\"3273\">research methods used in corn market<\/a> research, along with specific examples:<\/p>\n\n\n\n<ul class=\"wp-block-list ul1\">\n<li>Osservazione e documentazione sistematica delle azioni e delle interazioni all&#039;interno dell&#039;industria del mais. Ad esempio, potrebbero essere effettuate osservazioni per comprendere la produzione di mais o per individuare le inefficienze della catena di approvvigionamento.<\/li>\n\n\n\n<li>UN <a href=\"https:\/\/www.sisinternational.com\/it\/migliorare-la-penetrazione-nel-mercato-attraverso-un-piano-di-marketing-completo\/\" title=\"Migliorare la penetrazione del mercato attraverso un piano di marketing completo\"  data-wpil-monitor-id=\"6543\">case study<\/a> is an in-depth examination of a particular circumstance or pattern in the grain market. For instance, a case study could be carried out to examine how government policies have affected the corn sector in a particular area or to comprehend the dynamics of the corn industry&#8217;s supply chain.<\/li>\n\n\n\n<li>Nelle interviste, un campione pi\u00f9 piccolo di individui con conoscenza del settore del mais, come agricoltori, trasformatori o distributori, viene interrogato in modo approfondito. Si potrebbero svolgere interviste, ad esempio, per conoscere le difficolt\u00e0 incontrate dai coltivatori di mais o per individuare potenziali mercati per nuovi prodotti a base di mais.<\/li>\n\n\n\n<li>L&#039;analisi del contenuto comporta l&#039;esame metodico di dati scritti o visivi, come post sui social media o pubblicit\u00e0. Ad esempio, l&#039;analisi del contenuto potrebbe essere utilizzata per esaminare il feedback dei clienti sui prodotti a base di mais o per comprendere il significato delle attivit\u00e0 di marketing dei prodotti a base di mais.<\/li>\n<\/ul>\n\n\n\n<h2 class=\"wp-block-heading\">Prospettive future e proiezioni<\/h2>\n\n\n\n<p>Il futuro del mercato globale del mais appare luminoso, con tendenze in corso e potenziali opportunit\u00e0 che presentano numerose possibilit\u00e0 per gli operatori di mercato pi\u00f9 esperti. Andando avanti con le intuizioni emergenti in questo settore, i leader aziendali possono posizionarsi meglio per sfruttare le opportunit\u00e0 redditizie nel settore.<\/p>\n\n\n\n<ul class=\"wp-block-list\">\n<li><strong>Impatto delle tendenze in corso sul mercato del mais:<\/strong> The global corn market is likely to experience immense progress due to the increasing public interest in <a href=\"https:\/\/www.sisinternational.com\/it\/agricoltura-sostenibile\/\" title=\"Ricerche di mercato sull\u2019agricoltura sostenibile\"  data-wpil-monitor-id=\"2434\">agricoltura sostenibile<\/a> practices, non-GMO products, and cutting-edge agricultural technologies. All of these advancements will lead to higher crop yields, more opportunities for growth within the industry, and greater innovation.<\/li>\n\n\n\n<li><strong>Potenziali minacce e opportunit\u00e0:<\/strong> Corn market research reveals that businesses facing potential threats like climate change, corn pricing fluctuations, and regulatory difficulties can be daunting. But they also bring possibilities for innovators to conduct research and development as well as utilize fresh technologies and practices that could bolster the sustainability of the <a href=\"https:\/\/www.sisinternational.com\/it\/competenza\/industrie\/ricerche-di-mercato-sul-vuoto\/\" title=\"Ricerche di mercato sul vuoto\"  data-wpil-monitor-id=\"4855\">corn<\/a> market.<\/li>\n\n\n\n<li><strong>Crescita prevista del mercato e variazioni regionali:<\/strong> Si prevede che il mercato globale del mais registrer\u00e0 una crescita basata su una variet\u00e0 di fattori, come la popolazione in crescita, la crescente necessit\u00e0 di mais in molteplici settori e iniziative governative che ne promuovono la produzione. Tuttavia le differenze regionali non dovrebbero essere trascurate; I mercati emergenti come l\u2019Asia-Pacifico, l\u2019Africa e il Sud America hanno un potenziale immenso a causa dell\u2019aumento della popolazione della classe media con redditi pi\u00f9 disponibili.<\/li>\n<\/ul>\n\n\n\n<h2 class=\"wp-block-heading p1\">Informazioni sulle ricerche di mercato del mais<\/h2>\n\n\n\n<p class=\"p2\">Le ricerche di mercato forniscono approfondimenti ai principali attori del settore in modo che possano comprendere meglio le tendenze del mercato, il comportamento dei clienti e le dinamiche competitive che influenzano il business del mais. Una ricerca di mercato coerente pu\u00f2 aiutare le parti interessate a fare scelte sagge riguardo alle strategie di produzione, prezzo, marketing e distribuzione che possono migliorare la loro competitivit\u00e0 sul mercato. Inoltre, i dati e le strategie nella ricerca di mercato del mais possono aiutare a individuare opportunit\u00e0 di innovazione ed espansione, come nuovi prodotti o design di confezioni che possono adattarsi ai mutevoli gusti dei consumatori o tecniche di produzione all\u2019avanguardia che possono aumentare la produttivit\u00e0 e la sostenibilit\u00e0. La ricerca di mercato del mais \u00e8 uno strumento essenziale per le parti interessate del settore per rimanere aggiornati sulle tendenze del mercato e sulle nuove opportunit\u00e0 di innovazione ed espansione.<\/p>\n\n\n\n<p>SIS International offre ricerca quantitativa, qualitativa e strategica. Forniamo dati, strumenti, strategie, report e approfondimenti per il processo decisionale. Conduciamo interviste, sondaggi, focus group e molti altri metodi e approcci di ricerca di mercato. Contattaci per il tuo prossimo progetto di ricerca di mercato.<\/p>\n\n\n\n<p><\/p>","protected":false},"excerpt":{"rendered":"<p>Il mais \u00e8 un bene globale non solo per il suo utilizzo nella produzione alimentare ma anche per l\u2019alimentazione animale, i biocarburanti e le applicazioni industriali.<\/p>","protected":false},"author":1,"featured_media":64259,"parent":22018,"menu_order":235,"comment_status":"closed","ping_status":"closed","template":"","meta":{"footnotes":""},"class_list":["post-42293","page","type-page","status-publish","has-post-thumbnail"],"_links":{"self":[{"href":"https:\/\/www.sisinternational.com\/it\/wp-json\/wp\/v2\/pages\/42293","targetHints":{"allow":["GET"]}}],"collection":[{"href":"https:\/\/www.sisinternational.com\/it\/wp-json\/wp\/v2\/pages"}],"about":[{"href":"https:\/\/www.sisinternational.com\/it\/wp-json\/wp\/v2\/types\/page"}],"author":[{"embeddable":true,"href":"https:\/\/www.sisinternational.com\/it\/wp-json\/wp\/v2\/users\/1"}],"replies":[{"embeddable":true,"href":"https:\/\/www.sisinternational.com\/it\/wp-json\/wp\/v2\/comments?post=42293"}],"version-history":[{"count":16,"href":"https:\/\/www.sisinternational.com\/it\/wp-json\/wp\/v2\/pages\/42293\/revisions"}],"predecessor-version":[{"id":80973,"href":"https:\/\/www.sisinternational.com\/it\/wp-json\/wp\/v2\/pages\/42293\/revisions\/80973"}],"up":[{"embeddable":true,"href":"https:\/\/www.sisinternational.com\/it\/wp-json\/wp\/v2\/pages\/22018"}],"wp:featuredmedia":[{"embeddable":true,"href":"https:\/\/www.sisinternational.com\/it\/wp-json\/wp\/v2\/media\/64259"}],"wp:attachment":[{"href":"https:\/\/www.sisinternational.com\/it\/wp-json\/wp\/v2\/media?parent=42293"}],"curies":[{"name":"wp","href":"https:\/\/api.w.org\/{rel}","templated":true}]}}