{"id":42283,"date":"2023-04-11T16:21:46","date_gmt":"2023-04-11T20:21:46","guid":{"rendered":"https:\/\/www.sisinternational.com\/?page_id=42283"},"modified":"2026-01-27T16:48:52","modified_gmt":"2026-01-27T21:48:52","slug":"ricerche-di-mercato-sul-butano","status":"publish","type":"page","link":"https:\/\/www.sisinternational.com\/it\/competenza\/ricerche-di-mercato-sul-butano\/","title":{"rendered":"Ricerche di mercato sul butano"},"content":{"rendered":"<h1 class=\"wp-block-heading\">Ricerche di mercato sul butano<\/h1>\n\n\n\n<figure class=\"gb-block-image gb-block-image-40b83240\"><img loading=\"lazy\" decoding=\"async\" width=\"1456\" height=\"816\" class=\"gb-image gb-image-40b83240\" src=\"https:\/\/www.sisinternational.com\/wp-content\/uploads\/2025\/08\/Butane-4.jpg\" alt=\"Ricerca e strategia di mercato internazionale SIS\" title=\"Butane (4)\" srcset=\"https:\/\/www.sisinternational.com\/wp-content\/uploads\/2025\/08\/Butane-4.jpg 1456w, https:\/\/www.sisinternational.com\/wp-content\/uploads\/2025\/08\/Butane-4-300x168.jpg 300w, https:\/\/www.sisinternational.com\/wp-content\/uploads\/2025\/08\/Butane-4-1024x574.jpg 1024w, https:\/\/www.sisinternational.com\/wp-content\/uploads\/2025\/08\/Butane-4-768x430.jpg 768w, https:\/\/www.sisinternational.com\/wp-content\/uploads\/2025\/08\/Butane-4-18x10.jpg 18w\" sizes=\"auto, (max-width: 1456px) 100vw, 1456px\"><\/figure>\n\n\n\n<p><\/p>\n\n\n\n<p>Il mercato del butano \u00e8 una parte vitale della struttura energetica globale e la domanda di butano \u00e8 cresciuta in modo esponenziale in tutto il mondo a causa di un numero crescente di clienti provenienti da diversi settori. Di conseguenza, oggi, la ricerca di mercato del butano \u00e8 essenziale per rimanere al passo con le tendenze attuali e ottenere preziose informazioni in questo settore, comprese le sue sfide, opportunit\u00e0, prospettive future, nuove tecnologie, tra molti altri fattori.<\/p>\n\n\n\n<h2 class=\"wp-block-heading\">Importanza di condurre ricerche di mercato sul butano<\/h2>\n\n\n\n<p>La ricerca di mercato del butano \u00e8 fondamentale per un processo decisionale efficace. Fornisce le informazioni necessarie sulle tendenze attuali, sulle difficolt\u00e0 e sulle prospettive che le organizzazioni possono utilizzare per creare o perfezionare le proprie strategie di business. Con questi dati, le aziende possono potenziare il proprio processo decisionale e andare avanti con fiducia e direzione.<\/p>\n\n\n\n<p>Inoltre, le ricerche di mercato del butano aiutano le aziende a scoprire i loro principali concorrenti e a comprendere l\u2019entit\u00e0 della quota di mercato. Ottenendo queste informazioni sul panorama competitivo, le aziende possono avere successo in un ambiente altamente competitivo con attori chiave come ExxonMobil, British Petroleum, Royal Dutch Shell e Chevron, tra gli altri.<\/p>\n\n\n\n<p>Allo stesso modo, lo svolgimento di ricerche di mercato consente alle aziende di comprendere le preferenze dei clienti, le caratteristiche dei prodotti e i prezzi. Consente ai partecipanti al mercato di personalizzare le proprie offerte in modo pi\u00f9 efficace, portando non solo a una migliore soddisfazione ma anche a una maggiore fidelizzazione dei clienti a lungo termine.<\/p>\n\n\n\n<h2 class=\"wp-block-heading\">Principali tendenze e fattori trainanti<\/h2>\n\n\n\n<figure class=\"gb-block-image gb-block-image-6131841b\"><img loading=\"lazy\" decoding=\"async\" width=\"1456\" height=\"816\" class=\"gb-image gb-image-6131841b\" src=\"https:\/\/www.sisinternational.com\/wp-content\/uploads\/2025\/08\/Butane-2.jpg\" alt=\"Ricerca e strategia di mercato internazionale SIS\" title=\"Butane (2)\" srcset=\"https:\/\/www.sisinternational.com\/wp-content\/uploads\/2025\/08\/Butane-2.jpg 1456w, https:\/\/www.sisinternational.com\/wp-content\/uploads\/2025\/08\/Butane-2-300x168.jpg 300w, https:\/\/www.sisinternational.com\/wp-content\/uploads\/2025\/08\/Butane-2-1024x574.jpg 1024w, https:\/\/www.sisinternational.com\/wp-content\/uploads\/2025\/08\/Butane-2-768x430.jpg 768w, https:\/\/www.sisinternational.com\/wp-content\/uploads\/2025\/08\/Butane-2-18x10.jpg 18w\" sizes=\"auto, (max-width: 1456px) 100vw, 1456px\"><\/figure>\n\n\n\n<p><\/p>\n\n\n\n<h3 class=\"wp-block-heading\">Diverse tendenze e fattori chiave stanno plasmando oggi il mercato del butano, tra cui:<\/h3>\n\n\n\n<ul class=\"wp-block-list\">\n<li>\u00c8 alimentato dalla crescente domanda di gas di petrolio liquefatto (GPL) nelle economie emergenti, principalmente nella regione dell\u2019Asia del Pacifico e in Africa. Il GPL ha molteplici applicazioni come il riscaldamento, la cucina e i trasporti che lo rendono oggi un bene cruciale per pi\u00f9 paesi.<\/li>\n\n\n\n<li>The petrochemical industry&#8217;s growth is largely due to the surging demand for Butane-derived chemicals such as Ethylene, Propylene, and Butadiene. These products are vital in industries like automotive and construction, hence fueling the expansion of the <a href=\"https:\/\/www.sisinternational.com\/it\/competenza\/industrie\/ricerche-di-mercato-nel-trasporto-di-carburante\/\" title=\"Ricerche di mercato nel trasporto di carburante\"  data-wpil-monitor-id=\"3362\">ricerche di mercato sul butano<\/a> even further.<\/li>\n\n\n\n<li>La transizione verso una fonte energetica pi\u00f9 verde e sostenibile \u00e8 inevitabile. Pertanto, il mercato del butano deve affrontare la concorrenza delle fonti rinnovabili come l\u2019energia solare ed eolica \u2013 e i governi globali stanno adottando normative pi\u00f9 severe che favoriscono le fonti energetiche pi\u00f9 pulite. Ci\u00f2 avr\u00e0 probabilmente conseguenze di vasta portata sul mercato del butano, in particolare per quanto riguarda la domanda di GPL e prodotti petrolchimici.<\/li>\n\n\n\n<li>Booming economies across Asia Pacific, Africa, and the <a href=\"https:\/\/www.sisinternational.com\/it\/ricerche-di-mercato-in-medio-oriente\/\" title=\"Ricerche di mercato in Medio Oriente\"  data-wpil-monitor-id=\"2923\">Medio Oriente<\/a> are showing more interest in Butane market research as their markets grow. With companies investing heavily in new production sites and distribution networks, these locations are projected to be a key driving force behind the global growth of the Butane market in upcoming years.<\/li>\n\n\n\n<li>La tecnologia sta emergendo come un\u2019area critica di esplorazione per la ricerca di mercato del butano, in particolare nelle aree di produzione, stoccaggio e trasporto. Le aziende sono attivamente alla ricerca di modi per sfruttare le nuove tecnologie in grado di aumentare i livelli di efficienza riducendo al contempo i costi e migliorando gli standard di sicurezza relativi alla gestione di questo idrocarburo.<\/li>\n<\/ul>\n\n\n\n<h2 class=\"wp-block-heading\">Opportunit\u00e0 di ricerche di mercato sul butano<\/h2>\n\n\n\n<ul class=\"wp-block-list\">\n<li>Attraverso una ricerca di mercato completa sul butano, le aziende possono scoprire e sfruttare opportunit\u00e0 di crescita redditizie come la scoperta di nuovi mercati o linee di prodotti per diversificare il proprio portafoglio.<\/li>\n\n\n\n<li>Con l\u2019aiuto delle ricerche di mercato, le aziende possono acquisire preziose informazioni sul loro panorama competitivo. Queste informazioni approfondite aiutano le organizzazioni a sviluppare strategie su misura come piani tariffari e tattiche promozionali che le differenzieranno dalla concorrenza.<\/li>\n\n\n\n<li>Attraverso le ricerche di mercato sul butano, le aziende possono accedere a preziose informazioni sui clienti, dalle caratteristiche del prodotto ai prezzi e all&#039;imballaggio. Ci\u00f2 non solo consente alle aziende di personalizzare le proprie offerte per soddisfare le richieste dei clienti, ma aiuta anche a creare un livello di soddisfazione pi\u00f9 elevato e una maggiore crescita delle vendite.<\/li>\n\n\n\n<li>Aiuta le aziende a identificare e comprendere tendenze, problemi e opportunit\u00e0 per prendere decisioni migliori sulla propria strategia per ridurre al minimo il rischio quando si tratta di investire in mercati, prodotti o tecnologie che potrebbero non generare un ritorno sull&#039;investimento (ROI).<\/li>\n\n\n\n<li>Le aziende possono affermarsi come esperte del settore nel mercato del butano interagendo con i clienti e conducendo ricerche di mercato.<\/li>\n<\/ul>\n\n\n\n<h2 class=\"wp-block-heading\">Le sfide del mercato del butano<\/h2>\n\n\n\n<figure class=\"gb-block-image gb-block-image-e3d1eb3e\"><img loading=\"lazy\" decoding=\"async\" width=\"1456\" height=\"816\" class=\"gb-image gb-image-e3d1eb3e\" src=\"https:\/\/www.sisinternational.com\/wp-content\/uploads\/2025\/08\/Butane-3.jpg\" alt=\"Ricerca e strategia di mercato internazionale SIS\" title=\"Butane (3)\" srcset=\"https:\/\/www.sisinternational.com\/wp-content\/uploads\/2025\/08\/Butane-3.jpg 1456w, https:\/\/www.sisinternational.com\/wp-content\/uploads\/2025\/08\/Butane-3-300x168.jpg 300w, https:\/\/www.sisinternational.com\/wp-content\/uploads\/2025\/08\/Butane-3-1024x574.jpg 1024w, https:\/\/www.sisinternational.com\/wp-content\/uploads\/2025\/08\/Butane-3-768x430.jpg 768w, https:\/\/www.sisinternational.com\/wp-content\/uploads\/2025\/08\/Butane-3-18x10.jpg 18w\" sizes=\"auto, (max-width: 1456px) 100vw, 1456px\"><\/figure>\n\n\n\n<ul class=\"wp-block-list\">\n<li>Il commercio del butano ha una rete di fornitura complessa, che rende difficile ottenere dati precisi su produzione, circolazione e costi. Ci\u00f2 pu\u00f2 portare a disparit\u00e0 nei dati di mercato, complicando il processo per raggiungere conclusioni plausibili a fini aziendali.<\/li>\n\n\n\n<li>Il settore del butano \u00e8 influenzato da un\u2019ampia gamma di normative e politiche, che possono differire da un mercato all\u2019altro. Ci\u00f2 spesso rende difficile per le societ\u00e0 di consulenza orientarsi in questo complesso contesto giuridico. Di conseguenza, le aziende che lavorano in questo settore devono identificare modi per negoziare con successo queste barriere normative per rimanere competitive.<\/li>\n\n\n\n<li>Con i prezzi in continua evoluzione del butano e dei suoi derivati, pu\u00f2 essere difficile per le aziende determinare la domanda futura e prendere decisioni strategiche. La volatilit\u00e0 pu\u00f2 anche creare incertezza nella pianificazione del mercato.<\/li>\n\n\n\n<li>Il progresso tecnologico \u00e8 una caratteristica costante del mercato del butano, in particolare per il GPL e i prodotti petrolchimici. Affrontare questi cambiamenti pu\u00f2 essere scoraggiante per le piccole imprese, che potrebbero non avere le risorse per investire in strumenti all\u2019avanguardia.<\/li>\n<\/ul>\n\n\n\n<h2 class=\"wp-block-heading\">Prospettive future<\/h2>\n\n\n\n<h3 class=\"wp-block-heading\">Si prevede che il mercato del butano crescer\u00e0 nei prossimi anni, guidato da vari fattori, tra cui:<\/h3>\n\n\n\n<figure class=\"gb-block-image gb-block-image-c41dc4b9\"><img loading=\"lazy\" decoding=\"async\" width=\"1456\" height=\"816\" class=\"gb-image gb-image-c41dc4b9\" src=\"https:\/\/www.sisinternational.com\/wp-content\/uploads\/2025\/08\/Butane-1.jpg\" alt=\"Ricerca e strategia di mercato internazionale SIS\" title=\"Butane (1)\" srcset=\"https:\/\/www.sisinternational.com\/wp-content\/uploads\/2025\/08\/Butane-1.jpg 1456w, https:\/\/www.sisinternational.com\/wp-content\/uploads\/2025\/08\/Butane-1-300x168.jpg 300w, https:\/\/www.sisinternational.com\/wp-content\/uploads\/2025\/08\/Butane-1-1024x574.jpg 1024w, https:\/\/www.sisinternational.com\/wp-content\/uploads\/2025\/08\/Butane-1-768x430.jpg 768w, https:\/\/www.sisinternational.com\/wp-content\/uploads\/2025\/08\/Butane-1-18x10.jpg 18w\" sizes=\"auto, (max-width: 1456px) 100vw, 1456px\"><\/figure>\n\n\n\n<ul class=\"wp-block-list\">\n<li>As the need for petrochemicals expands, the demand for butane market research will rise accordingly to meet this growing requirement. Petrochemicals have a variety of applications that span from plastics and <a class=\"wpil_keyword_link\" href=\"https:\/\/www.sisinternational.com\/it\/competenza\/industrie\/ricerche-di-mercato-vernici-rivestimenti-e-inchiostri-da-stampa\/\"   title=\"Ricerche di mercato su vernici, rivestimenti e inchiostri da stampa\" data-wpil-keyword-link=\"linked\"  data-wpil-monitor-id=\"377\">paints<\/a> to textiles and beyond. Therefore, an increased demand for butane is expected as its necessity increases within the petrochemical industry.<\/li>\n\n\n\n<li>Con l\u2019espansione della popolazione mondiale, in particolare nei paesi in via di sviluppo, si prevede che la domanda di GPL aumenter\u00e0. Questa crescente richiesta causer\u00e0 un aumento significativo nelle ricerche di mercato sul butano poich\u00e9 il butano \u00e8 uno dei componenti principali del GPL.<\/li>\n\n\n\n<li>To foster a more sustainable butane market, companies are actively exploring the latest technologies and processes to lessen emissions and enhance sustainability. This shift towards greater sustainability is projected to continue and impact the <a href=\"https:\/\/www.sisinternational.com\/it\/biocarburanti-nel-settore-aereo\/\" title=\"Ricerca di mercato sulla sostenibilit\u00e0 delle compagnie aeree\"  data-wpil-monitor-id=\"6848\">ricerche di mercato sul butano<\/a> in forthcoming years.<\/li>\n\n\n\n<li>The butane market <a href=\"https:\/\/www.sisinternational.com\/it\/mercato-dei-beni-di-largo-consumo-in-vietnam\/\" title=\"Il mercato dei beni di largo consumo in Vietnam\"  data-wpil-monitor-id=\"7595\">ricerca<\/a> is projected to skyrocket in emerging markets, particularly those situated in the Asia Pacific, Africa, and Middle East regions. Thus, companies are investing heavily in new production facilities as well as broadening their distribution channels.<\/li>\n<\/ul>\n\n\n\n<p>SIS International offre ricerca quantitativa, qualitativa e strategica. Forniamo dati, strumenti, strategie, report e approfondimenti per il processo decisionale. Conduciamo interviste, sondaggi, focus group e molti altri metodi e approcci di ricerca di mercato. Contattaci per il tuo prossimo progetto di ricerca di mercato.<\/p>\n\n\n\n<p><\/p>","protected":false},"excerpt":{"rendered":"<p>Il mercato del butano \u00e8 una parte vitale della struttura energetica globale e la domanda di butano \u00e8 cresciuta in modo esponenziale in tutto il mondo.<\/p>","protected":false},"author":1,"featured_media":63925,"parent":14514,"menu_order":234,"comment_status":"closed","ping_status":"closed","template":"","meta":{"footnotes":""},"class_list":["post-42283","page","type-page","status-publish","has-post-thumbnail"],"_links":{"self":[{"href":"https:\/\/www.sisinternational.com\/it\/wp-json\/wp\/v2\/pages\/42283","targetHints":{"allow":["GET"]}}],"collection":[{"href":"https:\/\/www.sisinternational.com\/it\/wp-json\/wp\/v2\/pages"}],"about":[{"href":"https:\/\/www.sisinternational.com\/it\/wp-json\/wp\/v2\/types\/page"}],"author":[{"embeddable":true,"href":"https:\/\/www.sisinternational.com\/it\/wp-json\/wp\/v2\/users\/1"}],"replies":[{"embeddable":true,"href":"https:\/\/www.sisinternational.com\/it\/wp-json\/wp\/v2\/comments?post=42283"}],"version-history":[{"count":8,"href":"https:\/\/www.sisinternational.com\/it\/wp-json\/wp\/v2\/pages\/42283\/revisions"}],"predecessor-version":[{"id":81218,"href":"https:\/\/www.sisinternational.com\/it\/wp-json\/wp\/v2\/pages\/42283\/revisions\/81218"}],"up":[{"embeddable":true,"href":"https:\/\/www.sisinternational.com\/it\/wp-json\/wp\/v2\/pages\/14514"}],"wp:featuredmedia":[{"embeddable":true,"href":"https:\/\/www.sisinternational.com\/it\/wp-json\/wp\/v2\/media\/63925"}],"wp:attachment":[{"href":"https:\/\/www.sisinternational.com\/it\/wp-json\/wp\/v2\/media?parent=42283"}],"curies":[{"name":"wp","href":"https:\/\/api.w.org\/{rel}","templated":true}]}}