{"id":42278,"date":"2023-04-11T15:40:39","date_gmt":"2023-04-11T19:40:39","guid":{"rendered":"https:\/\/www.sisinternational.com\/?page_id=42278"},"modified":"2026-01-26T19:01:45","modified_gmt":"2026-01-27T00:01:45","slug":"ricerche-di-mercato-sugli-hotel-boutique","status":"publish","type":"page","link":"https:\/\/www.sisinternational.com\/it\/competenza\/ricerche-di-mercato-sugli-hotel-boutique\/","title":{"rendered":"Ricerche di mercato sugli hotel di lusso"},"content":{"rendered":"<h1 class=\"wp-block-heading\">Ricerche di mercato sugli hotel di lusso<\/h1>\n\n\n\n<figure class=\"gb-block-image gb-block-image-53ee1902\"><img loading=\"lazy\" decoding=\"async\" width=\"1456\" height=\"816\" class=\"gb-image gb-image-53ee1902\" src=\"https:\/\/www.sisinternational.com\/wp-content\/uploads\/2025\/08\/hotel-14.jpg\" alt=\"Ricerca e strategia di mercato internazionale SIS\" title=\"hotel (14)\" srcset=\"https:\/\/www.sisinternational.com\/wp-content\/uploads\/2025\/08\/hotel-14.jpg 1456w, https:\/\/www.sisinternational.com\/wp-content\/uploads\/2025\/08\/hotel-14-300x168.jpg 300w, https:\/\/www.sisinternational.com\/wp-content\/uploads\/2025\/08\/hotel-14-1024x574.jpg 1024w, https:\/\/www.sisinternational.com\/wp-content\/uploads\/2025\/08\/hotel-14-768x430.jpg 768w, https:\/\/www.sisinternational.com\/wp-content\/uploads\/2025\/08\/hotel-14-18x10.jpg 18w\" sizes=\"auto, (max-width: 1456px) 100vw, 1456px\"><\/figure>\n\n\n\n<p><\/p>\n\n\n\n<p>Distinguersi nel settore dei boutique hotel \u00e8 pi\u00f9 importante che mai, poich\u00e9 i gusti dei viaggiatori stanno diventando pi\u00f9 specifici e la concorrenza \u00e8 in aumento. Pertanto, i boutique hotel devono sforzarsi di fornire un\u2019esperienza personalizzata che tenga conto delle tendenze moderne pur mantenendo la loro atmosfera elegante e i servizi di fascia alta.<\/p>\n\n\n\n<p>The key to success lies not only in understanding what customers are searching for but also in being able to anticipate these needs before they arise. With boutique <a href=\"https:\/\/www.sisinternational.com\/it\/soluzioni\/consulenza-per-lospitalita-turistica-turistica\/ricerche-di-mercato-di-catene-alberghiere\/\" title=\"Ricerche di mercato sulle catene alberghiere\"  data-wpil-monitor-id=\"3008\">ricerche di mercato alberghiere<\/a>, hotels can maintain a competitive edge and thrive in this competitive industry.<\/p>\n\n\n\n<h2 class=\"wp-block-heading\">Che cos&#039;\u00e8 la ricerca di mercato sugli hotel boutique?<\/h2>\n\n\n\n<p>Boutique <a href=\"https:\/\/www.sisinternational.com\/it\/competenza\/industrie\/ricerche-di-mercato-sui-mobili-per-hotel\/\" title=\"Ricerche di mercato sui mobili per hotel\"  data-wpil-monitor-id=\"3834\">ricerche di mercato alberghiere<\/a> helps businesses gain a competitive edge by uncovering valuable information about the industry such as consumer preferences, competition analysis, and emerging trends. This data is used to inform strategic decisions that fuel revenue growth, improve service offerings, and ultimately position businesses for success in this ever-evolving sector.<\/p>\n\n\n\n<p>Di <a href=\"https:\/\/www.sisinternational.com\/it\/competenza\/industrie\/ricerche-di-mercato-sulle-resine\/\" title=\"Ricerche di mercato sulla resina\"  data-wpil-monitor-id=\"3207\">researching the boutique hotel market<\/a>, companies can gain critical insights into customer demographics, tastes, and needs. Additionally, current trends in technology advancements, shifting consumer habits, and local economic conditions are gathered to identify potential areas of growth and development as well as ways to inform pricing schemes for maximum profitability.<\/p>\n\n\n\n<h2 class=\"wp-block-heading\">Importanza delle ricerche di mercato sui boutique hotel<\/h2>\n\n\n\n<p>Boutique <a href=\"https:\/\/www.sisinternational.com\/it\/competenza\/industrie\/ricerche-di-mercato-sulla-riqualificazione-alberghiera\/\" title=\"Ricerche di mercato sulla riqualificazione alberghiera\"  data-wpil-monitor-id=\"5703\">ricerche di mercato alberghiere<\/a> equips entrepreneurs with a wealth of information about customer behavior and expectations. By collecting data on guest demographics, industry segmentation, as well as customer satisfaction surveys, boutique hotels gain invaluable knowledge which leads to improvement opportunities and improved decision-making in terms of pricing strategies and service offers.<\/p>\n\n\n\n<p>Furthermore, boutique <a href=\"https:\/\/www.sisinternational.com\/it\/competenza\/industrie\/ricerche-di-mercato-per-sondaggi-sugli-hotel\/\" title=\"Ricerca di mercato per sondaggi sugli hotel\"  data-wpil-monitor-id=\"7203\">ricerche di mercato alberghiere<\/a> unveils the competitive environment, allowing hotel owners and investors to comprehend their standing in the industry and determine methods to make themselves stand out from other competitors in a business landscape dominated by players such as Ace Hotels, Kimpton Hotels, Morgans Hotel Group, and The Hoxton.<\/p>\n\n\n\n<p>Infine, le ricerche di mercato delle boutique alberghiere aiutano a sviluppare nuovi servizi, a rivolgersi a segmenti di clienti esatti e ad adottare tecnologie all&#039;avanguardia per migliorare l&#039;esperienza degli ospiti.<\/p>\n\n\n\n<h2 class=\"wp-block-heading\">Tendenze del settore dei boutique hotel<\/h2>\n\n\n\n<p>Poich\u00e9 i viaggiatori cercano esperienze pi\u00f9 memorabili e personalizzate, il settore dei boutique hotel \u00e8 in rapida espansione. I boutique hotel sono rinomati per la loro atmosfera chic, il design distintivo, il servizio cordiale e i comfort di lusso, tutti realizzati con cura per creare un soggiorno indimenticabile.<\/p>\n\n\n\n<p>Pertanto, per rimanere competitivi, la ricerca di mercato sugli hotel boutique si adatta costantemente per soddisfare i desideri attuali dei consumatori, rispondere alle mutevoli condizioni del mercato e sfruttare le tecnologie avanzate. Ecco alcune di queste ultime tendenze dirompenti:<\/p>\n\n\n\n<ul class=\"wp-block-list\">\n<li><strong>Personalizzazione e personalizzazione:<\/strong> Cercando di offrire esperienze straordinarie e personalizzate, adattate alle esigenze e alle preferenze dei singoli ospiti, il settore dei boutique hotel si \u00e8 evoluto enormemente. Dai check-in personali e camere personalizzabili ai viaggi locali curati, questi hotel sono pienamente impegnati a garantire che i loro visitatori dispongano di servizi unici in ogni momento.<\/li>\n\n\n\n<li><strong>Immersione locale ed esperienze autentiche:<\/strong> Gli ospiti che preferiscono i boutique hotel cercano incontri straordinari e autentici che permettano loro di immergersi nella cultura locale. Di conseguenza, questo settore tende a fornire ai visitatori esperienze personalizzate come la degustazione di prelibatezze e bevande regionali, l\u2019esperienza di tour culturali o la visita di mostre d\u2019arte.<\/li>\n\n\n\n<li><strong>Salute e benessere:<\/strong> Man mano che le persone diventano sempre pi\u00f9 consapevoli della propria salute e del proprio benessere, il settore dei boutique hotel ha risposto allo stesso modo, offrendo una gamma sempre crescente di opzioni di viaggio benessere. Dalle lezioni di yoga alle scelte gastronomiche salutari, questi servizi stanno diventando sempre pi\u00f9 popolari tra i viaggiatori che danno priorit\u00e0 a uno stile di vita equilibrato quando sono lontani da casa.<\/li>\n<\/ul>\n\n\n\n<h2 class=\"wp-block-heading\">Ricerca di mercato sugli hotel boutique: opportunit\u00e0 e sfide<\/h2>\n\n\n\n<p>Per chi opera nel settore dei boutique hotel, la ricerca di mercato offre una serie di possibilit\u00e0 e ostacoli. Alcune di queste principali opportunit\u00e0 e sfide che derivano dall&#039;analisi del settore dei boutique hotel sono le seguenti:<\/p>\n\n\n\n<h3 class=\"wp-block-heading\">Opportunit\u00e0<\/h3>\n\n\n\n<ul class=\"wp-block-list\">\n<li><strong>Individuazione del pubblico target:<\/strong> La ricerca di mercato sugli hotel boutique \u00e8 essenziale per determinare il pubblico target e adattare i servizi e le offerte in base alle esigenze dei clienti.<\/li>\n\n\n\n<li><strong>Migliorare l&#039;esperienza degli ospiti:<\/strong> La ricerca di mercato sui boutique hotel offre inoltre agli hotel la possibilit\u00e0 di riconoscere le aree in cui necessitano di miglioramenti per offrire un&#039;esperienza straordinaria, tra cui qualit\u00e0 del servizio, comfort, servizi personalizzati e altro ancora.<\/li>\n\n\n\n<li><strong>Developing effective <\/strong><a href=\"https:\/\/www.sisinternational.com\/it\/sviluppo-della-citta-di-hartford-nel-connecticut\/\" title=\"Ricerche di mercato a Hartford, Connecticut\"  data-wpil-monitor-id=\"1770\">marketing strategies: Boutique hotels<\/a> can capitalize on market research to craft tailored marketing campaigns that will truly speak to their target audience.<\/li>\n\n\n\n<li><strong>Espansione in nuovi mercati:<\/strong> Delving into boutique hotel market research can reveal opportunities for hotels to develop fresh services, <a href=\"https:\/\/www.sisinternational.com\/it\/soluzioni\/focus-group\/focus-groups-in-the-uk\/\" title=\"Focus Groups in the uk\"  data-wpil-monitor-id=\"1376\">focus on particular demographic groups<\/a>, and even expand into new areas.<\/li>\n<\/ul>\n\n\n\n<h3 class=\"wp-block-heading\">Sfide<\/h3>\n\n\n\n<ul class=\"wp-block-list\">\n<li><strong>Concorrenza di alloggi alternativi e nuovi operatori:<\/strong> Con l\u2019ingresso nel mercato di sempre pi\u00f9 piattaforme di home-sharing, case vacanze e nuovi operatori, i boutique hotel si trovano in difficolt\u00e0 ad affrontare un panorama competitivo in continua crescita.<\/li>\n\n\n\n<li><strong>Volatilit\u00e0 economica e incertezze del mercato:<\/strong> Il cambiamento delle condizioni economiche e la volatilit\u00e0 del mercato possono ridurre significativamente la domanda e il reddito per il settore dei boutique hotel.<\/li>\n\n\n\n<li><strong>Mantenere la differenziazione e la reputazione del marchio:<\/strong> Con l\u2019aumento dei boutique hotel, distinguersi dalla concorrenza e mantenere una reputazione di alto livello pu\u00f2 essere difficile. Pertanto, i boutique hotel devono rimanere aggiornati e mantenere una proposta di valore ben definita e un marchio che sia in risonanza con il loro pubblico target.<\/li>\n<\/ul>\n\n\n\n<h2 class=\"wp-block-heading\">Prospettive e previsioni future per il settore dei boutique hotel<\/h2>\n\n\n\n<p>Spinto dalle ricerche di mercato dei boutique hotel e dall\u2019evoluzione delle preferenze dei consumatori, il settore dei boutique hotel \u00e8 destinato a sperimentare una crescita notevole negli anni a venire. Ecco uno sguardo a ci\u00f2 che le aziende possono aspettarsi da questo settore in espansione:<\/p>\n\n\n\n<ul class=\"wp-block-list\">\n<li><strong>Crescita continua:<\/strong> Il settore dei boutique hotel \u00e8 pronto per una crescita continua, in particolare nell\u2019Asia-Pacifico e nel Medio Oriente. Grazie all\u2019aumento del reddito disponibile, al crescente appetito per le esperienze di viaggio e alla predilezione per soggiorni di vacanza unici e su misura, \u00e8 probabile che questo settore abbia un boom nel prossimo futuro.<\/li>\n\n\n\n<li><strong>Integrazione della sostenibilit\u00e0:<\/strong> I consumatori sono progressivamente pi\u00f9 consapevoli della sostenibilit\u00e0, il che implica che i boutique hotel devono continuare ad abbracciare pratiche sostenibili come l\u2019utilizzo di materiali ecologici e il contenimento del consumo energetico.<\/li>\n\n\n\n<li><strong>Esperienze personalizzate:<\/strong> Gli ospiti dei boutique hotel sono alla ricerca di esperienze esclusive e personalizzate che soddisfino le loro precise esigenze. Si prevede che il settore dei boutique hotel sfrutter\u00e0 i dati e la tecnologia per fornire servizi e offerte ancora pi\u00f9 personalizzati.<\/li>\n\n\n\n<li><strong>Aumento dei viaggi esperienziali:<\/strong> Si prevede che il successo dei viaggi esperienziali persister\u00e0, con boutique hotel che offrono incontri locali esclusivi, esplorazioni culturali e attivit\u00e0 insolite.<\/li>\n<\/ul>\n\n\n\n<p>SIS International offre ricerca quantitativa, qualitativa e strategica. Forniamo dati, strumenti, strategie, report e approfondimenti per il processo decisionale. Conduciamo interviste, sondaggi, focus group e molti altri metodi e approcci di ricerca di mercato. Contattaci per il tuo prossimo progetto di ricerca di mercato.<\/p>","protected":false},"excerpt":{"rendered":"<p>Le ricerche di mercato sugli hotel boutique aiutano le aziende a ottenere un vantaggio analizzando le preferenze dei consumatori, l&#039;analisi della concorrenza e le tendenze emergenti.<\/p>","protected":false},"author":1,"featured_media":63514,"parent":14514,"menu_order":233,"comment_status":"closed","ping_status":"closed","template":"","meta":{"footnotes":""},"class_list":["post-42278","page","type-page","status-publish","has-post-thumbnail"],"_links":{"self":[{"href":"https:\/\/www.sisinternational.com\/it\/wp-json\/wp\/v2\/pages\/42278","targetHints":{"allow":["GET"]}}],"collection":[{"href":"https:\/\/www.sisinternational.com\/it\/wp-json\/wp\/v2\/pages"}],"about":[{"href":"https:\/\/www.sisinternational.com\/it\/wp-json\/wp\/v2\/types\/page"}],"author":[{"embeddable":true,"href":"https:\/\/www.sisinternational.com\/it\/wp-json\/wp\/v2\/users\/1"}],"replies":[{"embeddable":true,"href":"https:\/\/www.sisinternational.com\/it\/wp-json\/wp\/v2\/comments?post=42278"}],"version-history":[{"count":10,"href":"https:\/\/www.sisinternational.com\/it\/wp-json\/wp\/v2\/pages\/42278\/revisions"}],"predecessor-version":[{"id":80766,"href":"https:\/\/www.sisinternational.com\/it\/wp-json\/wp\/v2\/pages\/42278\/revisions\/80766"}],"up":[{"embeddable":true,"href":"https:\/\/www.sisinternational.com\/it\/wp-json\/wp\/v2\/pages\/14514"}],"wp:featuredmedia":[{"embeddable":true,"href":"https:\/\/www.sisinternational.com\/it\/wp-json\/wp\/v2\/media\/63514"}],"wp:attachment":[{"href":"https:\/\/www.sisinternational.com\/it\/wp-json\/wp\/v2\/media?parent=42278"}],"curies":[{"name":"wp","href":"https:\/\/api.w.org\/{rel}","templated":true}]}}