{"id":42274,"date":"2023-04-11T14:02:22","date_gmt":"2023-04-11T18:02:22","guid":{"rendered":"https:\/\/www.sisinternational.com\/?page_id=42274"},"modified":"2026-01-24T21:18:06","modified_gmt":"2026-01-25T02:18:06","slug":"ricerche-di-mercato-sulle-soluzioni-di-alimentazione-di-backup","status":"publish","type":"page","link":"https:\/\/www.sisinternational.com\/it\/competenza\/ricerche-di-mercato-sulle-soluzioni-di-alimentazione-di-backup\/","title":{"rendered":"Ricerche di mercato sulle soluzioni di alimentazione di backup"},"content":{"rendered":"<h1 class=\"wp-block-heading\">Ricerche di mercato sulle soluzioni di alimentazione di backup<\/h1>\n\n\n\n<figure class=\"gb-block-image gb-block-image-28abcd56\"><img loading=\"lazy\" decoding=\"async\" width=\"1456\" height=\"816\" class=\"gb-image gb-image-28abcd56\" src=\"https:\/\/www.sisinternational.com\/wp-content\/uploads\/2025\/08\/Backup-Power-Solutions-6.jpg\" alt=\"Ricerca e strategia di mercato internazionale SIS\" title=\"Backup Power Solutions (6)\" srcset=\"https:\/\/www.sisinternational.com\/wp-content\/uploads\/2025\/08\/Backup-Power-Solutions-6.jpg 1456w, https:\/\/www.sisinternational.com\/wp-content\/uploads\/2025\/08\/Backup-Power-Solutions-6-300x168.jpg 300w, https:\/\/www.sisinternational.com\/wp-content\/uploads\/2025\/08\/Backup-Power-Solutions-6-1024x574.jpg 1024w, https:\/\/www.sisinternational.com\/wp-content\/uploads\/2025\/08\/Backup-Power-Solutions-6-768x430.jpg 768w, https:\/\/www.sisinternational.com\/wp-content\/uploads\/2025\/08\/Backup-Power-Solutions-6-18x10.jpg 18w\" sizes=\"auto, (max-width: 1456px) 100vw, 1456px\"><\/figure>\n\n\n\n<p><\/p>\n\n\n\n<hr class=\"wp-block-separator has-alpha-channel-opacity is-style-dots\"\/>\n\n\n\n<p>Le soluzioni di alimentazione di backup si riferiscono a sistemi o dispositivi che forniscono energia elettrica. Entrano in azione durante un&#039;interruzione di corrente o altra interruzione della fonte di alimentazione primaria. Utilizziamo queste soluzioni in case, aziende e ambienti diversi. Garantiscono che i sistemi e le apparecchiature critici possano continuare a funzionare durante un&#039;interruzione di corrente.<\/p>\n\n\n\n<p>Sono disponibili molti tipi di soluzioni di alimentazione di backup. Includono sistemi di continuit\u00e0 (UPS), standby e generatori portatili. Utilizziamo sistemi UPS per fornire alimentazione di backup ai singoli dispositivi. Ad esempio, sono ottimi per computer o server. Al contrario, i generatori di riserva e portatili alimentano aree pi\u00f9 grandi o interi edifici.<\/p>\n\n\n\n<p>Le soluzioni di alimentazione di backup sono fondamentali in contesti specifici. In tali ambienti, le interruzioni di corrente possono causare disagi significativi. Ad esempio, l&#039;alimentazione di backup \u00e8 indispensabile negli ospedali, nei data center e in altre infrastrutture critiche. L&#039;alimentazione ininterrotta \u00e8 essenziale per mantenere le operazioni critiche in questi ambienti. Possono anche essere utili per i proprietari di case soggetti a interruzioni di corrente dovute a condizioni meteorologiche avverse o ad altri fattori.<\/p>\n\n\n\n<p><\/p>\n\n\n\n<div class=\"wp-block-columns has-global-color-9-color has-text-color has-background has-link-color wp-elements-3c89ad5eb08a8ea64fe3c769ed26464a is-layout-flex wp-container-core-columns-is-layout-9d6595d7 wp-block-columns-is-layout-flex\" style=\"background-color:#f7f9fa6e\">\n<div class=\"wp-block-column is-layout-flow wp-block-column-is-layout-flow\" style=\"flex-basis:18%\"><\/div>\n\n\n\n<div class=\"wp-block-column is-vertically-aligned-center is-layout-flow wp-block-column-is-layout-flow\" style=\"flex-basis:71.28%\">\n<div class=\"wp-block-rank-math-toc-block aligncenter has-global-color-9-color has-text-color has-link-color wp-elements-2b82640a2d1eec330b554632846f343e\" style=\"font-size:16px\" id=\"rank-math-toc\"><h2><br><strong>T<\/strong>able of Contents<\/h2><nav><ul><li class=\"\"><a href=\"#why-are-backup-power-solutions-important\">Perch\u00e9 le soluzioni di alimentazione di backup sono importanti?<\/a><\/li><li class=\"\"><a href=\"#key-job-titles\">Titoli di lavoro chiave<\/a><\/li><li class=\"\"><a href=\"#why-do-businesses-need-backup-power-solutions\">Perch\u00e9 le aziende hanno bisogno di soluzioni di alimentazione di backup?<\/a><\/li><li class=\"\"><a href=\"#key-success-factors\">Fattori chiave del successo<\/a><\/li><li class=\"\"><a href=\"#about-backup-power-solutions-market-research\">Informazioni sulla ricerca di mercato sulle soluzioni di alimentazione di backup<\/a><\/li><\/ul><\/nav><\/div>\n<\/div>\n<\/div>\n\n\n\n<p><\/p>\n\n\n\n<h2 class=\"wp-block-heading\" id=\"why-are-backup-power-solutions-important\">Perch\u00e9 le soluzioni di alimentazione di backup sono importanti?<\/h2>\n\n\n\n<h3 class=\"wp-block-heading\">Le soluzioni di alimentazione di backup sono essenziali per diversi motivi.<\/h3>\n\n\n\n<p>Garantiscono la continuit\u00e0 delle operazioni critiche. I sistemi e le apparecchiature critici funzionano anche durante un&#039;interruzione di corrente.<\/p>\n\n\n\n<p>Molte aziende e organizzazioni fanno affidamento sull&#039;energia elettrica per le loro operazioni. Possono subire perdite finanziarie significative e tempi di inattivit\u00e0 della produttivit\u00e0 durante le interruzioni di corrente. Le soluzioni di alimentazione di backup possono aiutare a ridurre queste perdite. Forniscono una fonte di energia affidabile per mantenere le operazioni in funzione.<\/p>\n\n\n\n<p>Le interruzioni di corrente possono causare perdita di dati e danni ai dispositivi elettronici. Possono essere disastrosi per computer e server. Quindi, un altro vantaggio delle soluzioni di alimentazione di backup \u00e8 che possono aiutare a proteggere dalla perdita di dati. Forniscono una fonte di alimentazione affidabile per mantenere questi dispositivi in funzione durante un&#039;interruzione.<\/p>\n\n\n\n<p>Nelle case e negli ambienti residenziali sono necessarie anche soluzioni di alimentazione di backup. Possono contribuire a garantire la sicurezza e il comfort dei residenti durante le interruzioni di corrente. L\u2019alimentazione di backup pu\u00f2 mantenere in funzione gli apparecchi essenziali. Ad esempio, alimenta frigoriferi, sistemi di riscaldamento e raffreddamento e illuminazione.<\/p>\n\n\n\n<h2 class=\"wp-block-heading\" id=\"key-job-titles\">Titoli di lavoro chiave<\/h2>\n\n\n\n<figure class=\"gb-block-image gb-block-image-3fc554e9\"><img loading=\"lazy\" decoding=\"async\" width=\"1456\" height=\"816\" class=\"gb-image gb-image-3fc554e9\" src=\"https:\/\/www.sisinternational.com\/wp-content\/uploads\/2025\/08\/Backup-Power-Solutions-4.jpg\" alt=\"Ricerca e strategia di mercato internazionale SIS\" title=\"Backup Power Solutions (4)\" srcset=\"https:\/\/www.sisinternational.com\/wp-content\/uploads\/2025\/08\/Backup-Power-Solutions-4.jpg 1456w, https:\/\/www.sisinternational.com\/wp-content\/uploads\/2025\/08\/Backup-Power-Solutions-4-300x168.jpg 300w, https:\/\/www.sisinternational.com\/wp-content\/uploads\/2025\/08\/Backup-Power-Solutions-4-1024x574.jpg 1024w, https:\/\/www.sisinternational.com\/wp-content\/uploads\/2025\/08\/Backup-Power-Solutions-4-768x430.jpg 768w, https:\/\/www.sisinternational.com\/wp-content\/uploads\/2025\/08\/Backup-Power-Solutions-4-18x10.jpg 18w\" sizes=\"auto, (max-width: 1456px) 100vw, 1456px\"><\/figure>\n\n\n\n<p><\/p>\n\n\n\n<h3 class=\"wp-block-heading\">Ecco alcuni titoli di lavoro chiave relativi alle soluzioni di alimentazione di backup:<\/h3>\n\n\n\n<ol class=\"wp-block-list\">\n<li>Ingegnere di alimentazione di backup: progetta, implementa e mantiene sistemi di alimentazione di backup per varie applicazioni. Il loro ambito di lavoro comprende ambienti commerciali, industriali e residenziali.<\/li>\n\n\n\n<li>Tecnico del generatore: installa, mantiene e ripara generatori di riserva e portatili per varie applicazioni.<\/li>\n\n\n\n<li>Tecnico UPS: installa, mantiene e ripara i sistemi di continuit\u00e0 (UPS). Questi sistemi forniscono alimentazione di backup ad apparecchiature e dispositivi critici.<\/li>\n\n\n\n<li>Ingegnere elettronico di potenza: progetta e sviluppa sistemi elettronici di potenza, comprese soluzioni di alimentazione di backup.<\/li>\n\n\n\n<li>Ingegnere elettrico: progetta, sviluppa e mantiene sistemi elettrici, comprese soluzioni di alimentazione di backup.<\/li>\n\n\n\n<li>Specialista dei sistemi energetici: specializzato nella progettazione, sviluppo e manutenzione dei sistemi energetici. Inoltre creano, sviluppano e mantengono soluzioni di alimentazione di backup per varie applicazioni.<\/li>\n\n\n\n<li>Ingegnere di accumulo dell&#039;energia: progetta e sviluppa sistemi di accumulo dell&#039;energia, comprese soluzioni di backup con batteria.<\/li>\n\n\n\n<li>Project Manager \u2013 Soluzioni di alimentazione di backup. Questo manager supervisiona la progettazione, lo sviluppo e l&#039;implementazione delle soluzioni di alimentazione di backup. Lo fanno per varie applicazioni commerciali, industriali e residenziali.<\/li>\n<\/ol>\n\n\n\n<h2 class=\"wp-block-heading\" id=\"why-do-businesses-need-backup-power-solutions\">Perch\u00e9 le aziende hanno bisogno di soluzioni di alimentazione di backup?<\/h2>\n\n\n\n<p>Le aziende necessitano di soluzioni di alimentazione di backup per diversi motivi. Innanzitutto queste soluzioni riducono i tempi di inattivit\u00e0. Un\u2019interruzione di corrente pu\u00f2 causare una significativa perdita di produttivit\u00e0 e di entrate. Le soluzioni di alimentazione di backup possono aiutare le aziende a continuare le proprie attivit\u00e0 senza interruzioni. Pertanto, riducono i tempi di inattivit\u00e0 durante le interruzioni di corrente.<\/p>\n\n\n\n<p>Le interruzioni di corrente possono causare la perdita di dati, il cui ripristino pu\u00f2 risultare costoso e richiedere molto tempo. Le soluzioni di alimentazione di backup possono garantire che i sistemi e le apparecchiature critici rimangano operativi. Proteggono sistemi come server e data center dalla perdita di dati.<\/p>\n\n\n\n<p>Un ulteriore rischio legato alle interruzioni di corrente \u00e8 che possono interrompere i servizi e causare disagi ai clienti. Le soluzioni di alimentazione di backup possono aiutare le aziende a mantenere la soddisfazione dei clienti. Queste soluzioni garantiscono che i servizi essenziali rimangano operativi durante le interruzioni di corrente. Ad esempio, i clienti perderanno la connettivit\u00e0 Internet in assenza di elettricit\u00e0.<\/p>\n\n\n\n<p>La legge richiede che alcune aziende dispongano di soluzioni di alimentazione di backup. Ad esempio, il settore sanitario deve disporre di questi sistemi. Se la tua azienda non rispetta queste normative, pu\u00f2 comportare multe o azioni legali.<\/p>\n\n\n\n<p>Le soluzioni di alimentazione di backup possono anche proteggere da sbalzi di tensione e fluttuazioni. Questi eventi possono danneggiare le apparecchiature e causare tempi di inattivit\u00e0.<\/p>\n\n\n\n<h2 class=\"wp-block-heading\" id=\"key-success-factors\">Fattori chiave del successo<\/h2>\n\n\n\n<figure class=\"gb-block-image gb-block-image-45779661\"><img loading=\"lazy\" decoding=\"async\" width=\"1456\" height=\"816\" class=\"gb-image gb-image-45779661\" src=\"https:\/\/www.sisinternational.com\/wp-content\/uploads\/2025\/08\/Backup-Power-Solutions-1.jpg\" alt=\"Ricerca e strategia di mercato internazionale SIS\" title=\"Backup Power Solutions (1)\" srcset=\"https:\/\/www.sisinternational.com\/wp-content\/uploads\/2025\/08\/Backup-Power-Solutions-1.jpg 1456w, https:\/\/www.sisinternational.com\/wp-content\/uploads\/2025\/08\/Backup-Power-Solutions-1-300x168.jpg 300w, https:\/\/www.sisinternational.com\/wp-content\/uploads\/2025\/08\/Backup-Power-Solutions-1-1024x574.jpg 1024w, https:\/\/www.sisinternational.com\/wp-content\/uploads\/2025\/08\/Backup-Power-Solutions-1-768x430.jpg 768w, https:\/\/www.sisinternational.com\/wp-content\/uploads\/2025\/08\/Backup-Power-Solutions-1-18x10.jpg 18w\" sizes=\"auto, (max-width: 1456px) 100vw, 1456px\"><\/figure>\n\n\n\n<p><\/p>\n\n\n\n<p>Il fattore di successo pi\u00f9 critico per le soluzioni di alimentazione di backup \u00e8 l&#039;affidabilit\u00e0. Le soluzioni di alimentazione di backup dovrebbero fornire un&#039;alimentazione affidabile e ininterrotta. Inoltre, queste soluzioni dovrebbero far funzionare apparecchiature e sistemi essenziali durante le interruzioni di corrente.<\/p>\n\n\n\n<p>I backup dovrebbero essere scalabili e adattabili alle mutevoli esigenze di un&#039;azienda. Inoltre, dovrebbero essere in grado di supportare nuove apparecchiature e sistemi man mano che l&#039;azienda cresce e si evolve.<\/p>\n\n\n\n<p>La manutenzione regolare delle soluzioni di alimentazione di backup \u00e8 fondamentale. Ci\u00f2 influisce sulla loro affidabilit\u00e0 ed efficacia a lungo termine.<\/p>\n\n\n\n<p>I tecnici devono eseguire manutenzioni e test programmati per garantire il funzionamento delle soluzioni di alimentazione di backup.<\/p>\n\n\n\n<p>Le soluzioni di alimentazione di backup dovrebbero essere compatibili con i sistemi e le apparecchiature elettriche esistenti. I problemi di compatibilit\u00e0 possono causare guasti e tempi di inattivit\u00e0 del sistema.<\/p>\n\n\n\n<p>Le soluzioni di alimentazione di backup dovrebbero essere convenienti e fornire valore per il denaro speso. Sarebbe utile considerare il costo totale di propriet\u00e0 nella scelta delle soluzioni di alimentazione di backup. Includi i costi di installazione, manutenzione e funzionamento nei tuoi calcoli.<\/p>\n\n\n\n<p>Integra soluzioni di alimentazione di backup nella strategia di gestione energetica della tua azienda. Dovrebbero far parte di un piano globale. Questo piano dovrebbe includere misure di efficienza energetica, fonti di energia rinnovabile e connettivit\u00e0 alla rete.<\/p>\n\n\n\n<p>Dovresti formare i tuoi dipendenti a utilizzare e mantenere soluzioni di alimentazione di backup. La formazione pu\u00f2 garantire l&#039;uso efficace delle soluzioni di alimentazione di backup. Pu\u00f2 aiutare a ridurre i tempi di inattivit\u00e0 durante le interruzioni di corrente.<\/p>\n\n\n\n<p>Questi fattori critici di successo possono garantire che le aziende abbiano energia elettrica durante le interruzioni. Possono cos\u00ec mantenere le operazioni essenziali e proteggersi dalla perdita di dati.<\/p>\n\n\n\n<h2 class=\"wp-block-heading\" id=\"about-backup-power-solutions-market-research\">Informazioni sulla ricerca di mercato sulle soluzioni di alimentazione di backup<\/h2>\n\n\n\n<p><a class=\"wpil_keyword_link\" href=\"https:\/\/www.sisinternational.com\/it\/soluzioni\/soluzioni-di-ricerca-quantitativa-qualitativa\/\"   title=\"Qualitative &amp; Quantitative Research Solutions\" data-wpil-keyword-link=\"linked\"  data-wpil-monitor-id=\"704\">Ricerche di mercato quantitative<\/a> is efficient. It allows busy entrepreneurs to collect large volumes of data fast. Quantitative Research also provides a general view of your target demographic. It goes beyond the participants of your Surveys. In contrast, <a class=\"wpil_keyword_link\" href=\"https:\/\/www.sisinternational.com\/it\/future-trends-in-qualitative-market-research\/\"   title=\"Future Trends in Qualitative Market Research\" data-wpil-keyword-link=\"linked\"  data-wpil-monitor-id=\"703\">Ricerche di mercato qualitative<\/a> focuses on how people feel. It tells you what they think and why they make their choices. This method includes Focus Groups and direct one-on-one Interviews.<\/p>\n\n\n\n<p>UX Market <a href=\"https:\/\/www.sisinternational.com\/it\/competenza\/industrie\/ricerche-di-mercato-sullenergia-nucleare\/\" title=\"Ricerche di mercato sull&#039;energia nucleare\"  data-wpil-monitor-id=\"3309\">Ricerca<\/a> lets you identify how consumers use your backup power solutions. <a href=\"https:\/\/www.sisinternational.com\/it\/competenza\/industrie\/ricerche-di-mercato-sulla-produzione-di-energia\/\" title=\"Ricerche di mercato sulla produzione di energia\"  data-wpil-monitor-id=\"3072\">Ricerca sull&#039;ingresso nel mercato<\/a> and Strategy Market Research allow you to reduce risk. They also show you opportunities when entering an unknown market. Keep in mind that these markets might become your target audience.<\/p>\n\n\n\n<p>It\u2019s also essential to do <a href=\"https:\/\/www.sisinternational.com\/it\/competenza\/industrie\/ricerche-di-mercato-sulle-resine\/\" title=\"Ricerche di mercato sulla resina\"  data-wpil-monitor-id=\"3210\">Ricerca sul dimensionamento del mercato<\/a>. This research estimates how much profit you can make from your business. You\u2019ll also need to do a Competitive Analysis. This analysis will help you understand your competitors\u2019 strengths and weaknesses. It also allows you to find gaps in the market.<\/p>\n\n\n\n<p>SIS International Research fornisce aiuto in tutte queste categorie. Siamo specializzati nell&#039;aiutare i nostri clienti a ottenere il massimo dalle ricerche di mercato. Scopri di pi\u00f9 sulle nostre strategie per le aziende di soluzioni di alimentazione di backup. Ti aiuteremo a trovare i modi migliori per continuare a far crescere il tuo business!<\/p>\n\n\n<h2>La nostra sede a New York<\/h2>\n<p><!-- \/wp:post-content --> <!-- wp:html --> <iframe loading=\"lazy\" src=\"https:\/\/www.google.com\/maps\/embed?pb=!1m18!1m12!1m3!1d3022.976188376966!2d-73.99130312499956!3d40.740549471389315!2m3!1f0!2f0!3f0!3m2!1i1024!2i768!4f13.1!3m3!1m2!1s0x89c259a15798c731%3A0xd695d09bdd495f25!2s11%20E%2022nd%20St%20FL%202%2C%20New%20York%2C%20NY%2010010%2C%20USA!5e0!3m2!1sen!2spe!4v1726171763526!5m2!1sen!2spe\" width=\"600\" height=\"450\" allowfullscreen=\"allowfullscreen\" data-mce-fragment=\"1\"><\/iframe> <!-- \/wp:html --> <!-- wp:paragraph --><\/p>\n<h3 class=\"wp-block-heading\">11 E 22nd Street, Piano 2, New York, NY 10010 T: +1(212) 505-6805<\/h3>\n<hr \/>\n<h2><span style=\"font-weight: 400;\">A proposito di SIS Internazionale<\/span><\/h2>\n<p><a href=\"https:\/\/www.sisinternational.com\/it\/\"><span style=\"font-weight: 400;\">SIS Internazionale<\/span><\/a><span style=\"font-weight: 400;\"> offre ricerca quantitativa, qualitativa e strategica. Forniamo dati, strumenti, strategie, report e approfondimenti per il processo decisionale. Conduciamo anche interviste, sondaggi, focus group e altri metodi e approcci di ricerca di mercato.<\/span><a href=\"https:\/\/www.sisinternational.com\/it\/sulla-sua-ricerca-internazionale\/contact-sis-international-market-research\/\"><span style=\"font-weight: 400;\"> Contattaci<\/span><\/a><span style=\"font-weight: 400;\"> per il tuo prossimo progetto di ricerca di mercato.<\/span><\/p>\n<p><!-- wp:heading --><\/p><!-- \/wp:heading -->","protected":false},"excerpt":{"rendered":"<p>Le soluzioni di alimentazione di backup si riferiscono a sistemi o dispositivi che forniscono energia elettrica. Entrano in azione durante interruzioni di corrente o altre interruzioni.<\/p>","protected":false},"author":1,"featured_media":64741,"parent":14514,"menu_order":232,"comment_status":"closed","ping_status":"closed","template":"","meta":{"footnotes":""},"class_list":["post-42274","page","type-page","status-publish","has-post-thumbnail"],"_links":{"self":[{"href":"https:\/\/www.sisinternational.com\/it\/wp-json\/wp\/v2\/pages\/42274","targetHints":{"allow":["GET"]}}],"collection":[{"href":"https:\/\/www.sisinternational.com\/it\/wp-json\/wp\/v2\/pages"}],"about":[{"href":"https:\/\/www.sisinternational.com\/it\/wp-json\/wp\/v2\/types\/page"}],"author":[{"embeddable":true,"href":"https:\/\/www.sisinternational.com\/it\/wp-json\/wp\/v2\/users\/1"}],"replies":[{"embeddable":true,"href":"https:\/\/www.sisinternational.com\/it\/wp-json\/wp\/v2\/comments?post=42274"}],"version-history":[{"count":9,"href":"https:\/\/www.sisinternational.com\/it\/wp-json\/wp\/v2\/pages\/42274\/revisions"}],"predecessor-version":[{"id":77571,"href":"https:\/\/www.sisinternational.com\/it\/wp-json\/wp\/v2\/pages\/42274\/revisions\/77571"}],"up":[{"embeddable":true,"href":"https:\/\/www.sisinternational.com\/it\/wp-json\/wp\/v2\/pages\/14514"}],"wp:featuredmedia":[{"embeddable":true,"href":"https:\/\/www.sisinternational.com\/it\/wp-json\/wp\/v2\/media\/64741"}],"wp:attachment":[{"href":"https:\/\/www.sisinternational.com\/it\/wp-json\/wp\/v2\/media?parent=42274"}],"curies":[{"name":"wp","href":"https:\/\/api.w.org\/{rel}","templated":true}]}}