{"id":41922,"date":"2023-03-19T16:07:57","date_gmt":"2023-03-19T20:07:57","guid":{"rendered":"https:\/\/www.sisinternational.com\/?page_id=41922"},"modified":"2026-03-12T13:26:42","modified_gmt":"2026-03-12T17:26:42","slug":"ricerche-di-mercato-sulla-soia","status":"publish","type":"page","link":"https:\/\/www.sisinternational.com\/it\/soluzioni\/ricerche-di-mercato-nel-settore-delle-bevande-alimentari\/ricerche-di-mercato-sulla-soia\/","title":{"rendered":"Ricerche di mercato sulla soia"},"content":{"rendered":"<h1 class=\"wp-block-heading\">Ricerche di mercato sulla soia<\/h1>\n\n\n\n<figure class=\"gb-block-image gb-block-image-650cd381\"><img loading=\"lazy\" decoding=\"async\" width=\"1456\" height=\"816\" class=\"gb-image gb-image-650cd381\" src=\"https:\/\/www.sisinternational.com\/wp-content\/uploads\/2025\/08\/Bean-soybean-8.jpg\" alt=\"Ricerca e strategia di mercato internazionale SIS\" title=\"Bean soybean (8)\" srcset=\"https:\/\/www.sisinternational.com\/wp-content\/uploads\/2025\/08\/Bean-soybean-8.jpg 1456w, https:\/\/www.sisinternational.com\/wp-content\/uploads\/2025\/08\/Bean-soybean-8-300x168.jpg 300w, https:\/\/www.sisinternational.com\/wp-content\/uploads\/2025\/08\/Bean-soybean-8-1024x574.jpg 1024w, https:\/\/www.sisinternational.com\/wp-content\/uploads\/2025\/08\/Bean-soybean-8-768x430.jpg 768w, https:\/\/www.sisinternational.com\/wp-content\/uploads\/2025\/08\/Bean-soybean-8-18x10.jpg 18w\" sizes=\"auto, (max-width: 1456px) 100vw, 1456px\"><\/figure>\n\n\n\n<p><\/p>\n\n\n\n<p>Le ricerche di mercato sulla soia raccolgono e analizzano i dati relativi all\u2019industria della soia, tra cui offerta, domanda, prezzi e tendenze di mercato. Lo scopo della ricerca di mercato sulla soia \u00e8 comprendere meglio il mercato della soia e le varie offerte di prodotti del settore. La ricerca di mercato sulla soia fornisce approfondimenti sui diversi fattori che la influenzano, come i cambiamenti nella domanda dei consumatori, i cambiamenti climatici, l\u2019implementazione di linee guida normative e le interruzioni della catena di approvvigionamento.<\/p>\n\n\n\n<h2 class=\"wp-block-heading\">Segmentazione del mercato della soia<\/h2>\n\n\n\n<p>L\u2019industria della soia pu\u00f2 essere raggruppata in vari segmenti in base a criteri diversi. Ecco alcuni modi comuni per classificare l\u2019industria della soia:<\/p>\n\n\n\n<h3 class=\"wp-block-heading\">Classificazione del prodotto<\/h3>\n\n\n\n<p>I prodotti a base di soia sono classificati in base all&#039;utilizzo e alla lavorazione del prodotto. Ne sono esempi la soia intera, la farina di soia, l&#039;olio di soia e gli isolati proteici di soia.<\/p>\n\n\n\n<h3 class=\"wp-block-heading\">Applicazione in altri settori<\/h3>\n\n\n\n<figure class=\"gb-block-image gb-block-image-8c2be954\"><img loading=\"lazy\" decoding=\"async\" width=\"1456\" height=\"816\" class=\"gb-image gb-image-8c2be954\" src=\"https:\/\/www.sisinternational.com\/wp-content\/uploads\/2025\/08\/Bean-soybean-3.jpg\" alt=\"Ricerca e strategia di mercato internazionale SIS\" title=\"Bean soybean (3)\" srcset=\"https:\/\/www.sisinternational.com\/wp-content\/uploads\/2025\/08\/Bean-soybean-3.jpg 1456w, https:\/\/www.sisinternational.com\/wp-content\/uploads\/2025\/08\/Bean-soybean-3-300x168.jpg 300w, https:\/\/www.sisinternational.com\/wp-content\/uploads\/2025\/08\/Bean-soybean-3-1024x574.jpg 1024w, https:\/\/www.sisinternational.com\/wp-content\/uploads\/2025\/08\/Bean-soybean-3-768x430.jpg 768w, https:\/\/www.sisinternational.com\/wp-content\/uploads\/2025\/08\/Bean-soybean-3-18x10.jpg 18w\" sizes=\"auto, (max-width: 1456px) 100vw, 1456px\"><\/figure>\n\n\n\n<p><\/p>\n\n\n\n<p>I prodotti della soia possono essere classificati in base alla loro applicazione in vari settori, come alimenti e bevande, mangimi per animali, biocarburanti e prodotti industriali.<\/p>\n\n\n\n<h3 class=\"wp-block-heading\">Canali di distribuzione<\/h3>\n\n\n\n<p>Ci\u00f2 includer\u00e0 i canali di distribuzione attraverso i quali vengono venduti. Rientrano in questa categoria i canali di vendita al dettaglio, come supermercati e negozi specializzati, nonch\u00e9 i canali commerciali, come ristoranti e produttori di alimenti.<\/p>\n\n\n\n<h3 class=\"wp-block-heading\">Geografia<\/h3>\n\n\n\n<p>L&#039;industria della soia pu\u00f2 essere suddivisa in varie aree in cui viene prodotta localmente. Inoltre, ci\u00f2 includer\u00e0 i paesi che esportano soia e i suoi sottoprodotti a livello globale.<\/p>\n\n\n\n<h3 class=\"wp-block-heading\">Prodotto finale<\/h3>\n\n\n\n<figure class=\"gb-block-image gb-block-image-8b4b9f0f\"><img loading=\"lazy\" decoding=\"async\" width=\"1456\" height=\"816\" class=\"gb-image gb-image-8b4b9f0f\" src=\"https:\/\/www.sisinternational.com\/wp-content\/uploads\/2025\/08\/Bean-soybean-1.jpg\" alt=\"Ricerca e strategia di mercato internazionale SIS\" title=\"Bean soybean (1)\" srcset=\"https:\/\/www.sisinternational.com\/wp-content\/uploads\/2025\/08\/Bean-soybean-1.jpg 1456w, https:\/\/www.sisinternational.com\/wp-content\/uploads\/2025\/08\/Bean-soybean-1-300x168.jpg 300w, https:\/\/www.sisinternational.com\/wp-content\/uploads\/2025\/08\/Bean-soybean-1-1024x574.jpg 1024w, https:\/\/www.sisinternational.com\/wp-content\/uploads\/2025\/08\/Bean-soybean-1-768x430.jpg 768w, https:\/\/www.sisinternational.com\/wp-content\/uploads\/2025\/08\/Bean-soybean-1-18x10.jpg 18w\" sizes=\"auto, (max-width: 1456px) 100vw, 1456px\"><\/figure>\n\n\n\n<p><\/p>\n\n\n\n<p>I prodotti a base di soia possono essere classificati in base all&#039;utilizzo previsto. Ci\u00f2 includer\u00e0 ma non \u00e8 limitato a quanto segue:<\/p>\n\n\n\n<ul class=\"wp-block-list\">\n<li>Ingredienti in prodotti alimentari come tofu, latte di soia, salsa di soia e sostituti della carne<\/li>\n\n\n\n<li>Gli alimenti per animali come la farina di soia forniscono una fonte di proteine e aminoacidi essenziali di alta qualit\u00e0 per l&#039;alimentazione animale.<\/li>\n\n\n\n<li>L&#039;olio di soia viene utilizzato in una variet\u00e0 di applicazioni industriali, tra cui come lubrificante, negli inchiostri da stampa e nella produzione di biodiesel.<\/li>\n\n\n\n<li>L&#039;isolato proteico della soia viene spesso utilizzato come integratore alimentare, in particolare per atleti e bodybuilder che necessitano di un elevato apporto proteico.<\/li>\n\n\n\n<li>Soybean oil is used in a variety of <a href=\"https:\/\/www.sisinternational.com\/it\/competenza\/curriculum-di-esperienza\/ricerche-di-mercato-sui-prodotti-per-la-cura-personale\/\" title=\"Ricerche di mercato sui prodotti per la cura personale\"  data-wpil-monitor-id=\"8109\">personal care products<\/a>, such as conditioners, moisturizers, and skincare products.<\/li>\n<\/ul>\n\n\n\n<h2 class=\"wp-block-heading\">Fattori che incidono sulla ricerca di mercato della soia<\/h2>\n\n\n\n<p>The soybean <a href=\"https:\/\/www.sisinternational.com\/it\/soluzioni\/soluzioni-di-branding-e-ricerca-clienti\/ricerche-di-mercato-sugli-influencer\/\" title=\"Ricerche di mercato sugli influencer\"  data-wpil-monitor-id=\"8112\">market is influenced<\/a> by a wide range of factors that can impact prices, supply and demand, and overall industry performance. Here are some of the <a href=\"https:\/\/www.sisinternational.com\/it\/competenza\/industrie\/ricerche-di-mercato-sui-media-ott\/\" title=\"Ricerche di mercato sui media superiori (OTT).\"  data-wpil-monitor-id=\"6211\">top impacting factors in soybean market research:<\/a><\/p>\n\n\n\n<ul class=\"wp-block-list\">\n<li><strong>Domanda globale:<\/strong> I semi di soia sono una fonte significativa di proteine e olio per mangimi animali, alimenti e biocarburanti. La domanda globale di questi prodotti pu\u00f2 avere un impatto significativo sui prezzi e sulla produzione della soia.<\/li>\n\n\n\n<li><strong>Clima:<\/strong> Weather conditions such as droughts, floods, and extreme temperatures can affect soybean yields and quality. This can impact supply and <a href=\"https:\/\/www.sisinternational.com\/it\/soluzioni\/ricerca-di-consulenza-strategica-fintech\/ricerche-di-mercato-sui-prezzi\/\" title=\"Ricerche di mercato sui prezzi\"  data-wpil-monitor-id=\"8113\">prices in the soybean market<\/a>.<\/li>\n\n\n\n<li><strong>Politiche commerciali:<\/strong> Le politiche commerciali internazionali possono influenzare il flusso di semi di soia e di prodotti a base di soia tra i paesi. Gli accordi commerciali e le tariffe possono avere un impatto sulla domanda e sui prezzi della soia.<\/li>\n\n\n\n<li><strong>Politiche di governo:<\/strong> Politiche governative come sussidi, mandati e regolamenti possono influenzare la produzione e la domanda di soia. Ad esempio, le normative sui biocarburanti possono aumentare la domanda di semi di soia, mentre le normative ambientali possono avere un impatto sulle pratiche di produzione.<\/li>\n\n\n\n<li><strong>Concorrenza di altre colture:<\/strong> I semi di soia devono affrontare la concorrenza di altre colture come mais, grano e colza. Le variazioni dei prezzi delle colture e della produzione possono influenzare i prezzi e la domanda della soia.<\/li>\n\n\n\n<li><strong>Progressi tecnologici:<\/strong> I progressi tecnologici nella genetica delle colture, nell\u2019agricoltura di precisione e nella lavorazione possono migliorare la resa, la qualit\u00e0 e l\u2019efficienza della soia. Questi progressi possono avere un impatto sui costi di produzione e sull\u2019offerta nel mercato della soia.<\/li>\n\n\n\n<li><strong>Tendenze dei consumatori:<\/strong> I cambiamenti nelle preferenze e nelle tendenze dei consumatori possono influenzare la domanda di prodotti a base di soia come tofu, latte di soia e salsa di soia. Ci\u00f2 pu\u00f2 avere un impatto sui prezzi e sulla produzione della soia e dei prodotti a base di soia.<\/li>\n<\/ul>\n\n\n\n<h2 class=\"wp-block-heading\">Metodi utilizzati per le ricerche di mercato sulla soia<\/h2>\n\n\n\n<p>La ricerca di mercato sulla soia prevede la raccolta e l\u2019analisi di dati relativi all\u2019industria della soia, tra cui offerta, domanda, prezzi e tendenze di mercato.<\/p>\n\n\n\n<h3 class=\"wp-block-heading\">Ecco i passaggi generali coinvolti nella conduzione di ricerche di mercato sulla soia:<\/h3>\n\n\n\n<ul class=\"wp-block-list\">\n<li>\u00c8 fondamentale che gli obiettivi della ricerca siano chiaramente definiti. Ci\u00f2 guider\u00e0 la direzione della ricerca di mercato sulla soia.<br>Data and <a href=\"https:\/\/www.sisinternational.com\/it\/il-ruolo-dello-sviluppo-di-processi-e-sistemi-nel-successo-organizzativo\/\" title=\"Ricerche di mercato sulla progettazione organizzativa\"  data-wpil-monitor-id=\"8108\">strategies in soybean market<\/a> industry can be collected from credible sources, such as commercial and government reports and industry publications.<\/li>\n\n\n\n<li>Implementation of different research methods such as surveys, interviews, and focus <a href=\"https:\/\/www.sisinternational.com\/it\/copertura\/europa\/ricerche-di-mercato-liverpool-regno-unito\/\" title=\"Ricerche di mercato a Liverpool | Focus group e raccolta dati nel Regno Unito\"  data-wpil-monitor-id=\"8114\">groups can also be used to collect<\/a> data directly from farmers, consumers, and industry experts.<\/li>\n\n\n\n<li><a href=\"https:\/\/www.sisinternational.com\/it\/sis-case-study-sugli-approfondimenti-sui-negozi-in-tutto-il-mondo\/\" title=\"In-Store Shopper Insights: caso di studio di ricerche di mercato\"  data-wpil-monitor-id=\"8111\">Market Research provides insights<\/a> that are analyzed to identify patterns, trends, and relationships between different aspects of the industry.<\/li>\n<\/ul>\n\n\n\n<h2 class=\"wp-block-heading\">Principali attori del settore della soia<\/h2>\n\n\n\n<figure class=\"gb-block-image gb-block-image-78ee92e6\"><img loading=\"lazy\" decoding=\"async\" width=\"1456\" height=\"816\" class=\"gb-image gb-image-78ee92e6\" src=\"https:\/\/www.sisinternational.com\/wp-content\/uploads\/2025\/08\/Bean-soybean-4.jpg\" alt=\"Ricerca e strategia di mercato internazionale SIS\" title=\"Bean soybean (4)\" srcset=\"https:\/\/www.sisinternational.com\/wp-content\/uploads\/2025\/08\/Bean-soybean-4.jpg 1456w, https:\/\/www.sisinternational.com\/wp-content\/uploads\/2025\/08\/Bean-soybean-4-300x168.jpg 300w, https:\/\/www.sisinternational.com\/wp-content\/uploads\/2025\/08\/Bean-soybean-4-1024x574.jpg 1024w, https:\/\/www.sisinternational.com\/wp-content\/uploads\/2025\/08\/Bean-soybean-4-768x430.jpg 768w, https:\/\/www.sisinternational.com\/wp-content\/uploads\/2025\/08\/Bean-soybean-4-18x10.jpg 18w\" sizes=\"auto, (max-width: 1456px) 100vw, 1456px\"><\/figure>\n\n\n\n<p><\/p>\n\n\n\n<p>L\u2019industria della soia \u00e8 ampia e diversificata, con molti attori chiave che operano in vari segmenti. Ecco alcuni dei principali attori del settore della soia:<\/p>\n\n\n\n<ul class=\"wp-block-list\">\n<li>Archer-Daniels-Midland Co. (Oli di soia)<\/li>\n\n\n\n<li>Cargill, Inc (olio di soia)<\/li>\n\n\n\n<li>CHS Inc. (Olio di soia)<\/li>\n\n\n\n<li>Danone Nord America (farina di soia)<\/li>\n\n\n\n<li>DuPont de Nemours, Inc. (Prodotti a base di soia)<\/li>\n\n\n\n<li>Fuji Oil Group (prodotti\/ingredienti a base di soia)<\/li>\n\n\n\n<li>House Foods Corporation (tofu non OGM)<\/li>\n\n\n\n<li>Kerry Group plc (Soluzione alimentare a base vegetale)<\/li>\n\n\n\n<li>Nordic Soya Oy (concentrato di proteine di soia)<\/li>\n\n\n\n<li>Scoular (latte di soia)<\/li>\n<\/ul>\n\n\n\n<p>These companies are involved in different segments of the soybean industry, including production, processing, distribution, and marketing. They have a significant presence in other regions worldwide and play an essential role in shaping the soybean <a href=\"https:\/\/www.sisinternational.com\/it\/soluzioni\/consulenza-strategica\/ricerca-di-mercato-minima-del-prodotto-praticabile\/\" title=\"Ricerca di mercato sui prodotti minimi validi\"  data-wpil-monitor-id=\"8115\">market through their production<\/a> and pricing decisions. Additionally, many smaller companies and farmers are involved in the soybean industry, particularly in developing countries where soybeans are a significant crop for smallholder farmers.<\/p>\n\n\n\n<h2 class=\"wp-block-heading\">Vantaggi derivanti dalla conduzione di ricerche di mercato sulla soia<\/h2>\n\n\n\n<p>La ricerca di mercato sulla soia fornisce approfondimenti utili per i seguenti motivi:<\/p>\n\n\n\n<ul class=\"wp-block-list\">\n<li>Le ricerche di mercato sulla soia aiutano le aziende a comprendere le attuali tendenze del mercato, compresi i cambiamenti nella domanda, nell\u2019offerta e nei prezzi.<\/li>\n\n\n\n<li>Analizzando i dati di mercato, le aziende possono identificare nuove opportunit\u00e0 nel settore della soia, come mercati emergenti, nuove applicazioni o potenziali collaborazioni con altre aziende.<\/li>\n\n\n\n<li>Le ricerche di mercato sulla soia possono aiutare le aziende a identificare potenziali rischi e sfide, come cambiamenti nelle normative, eventi meteorologici o interruzioni della catena di approvvigionamento. Comprendendo questi rischi, le aziende possono adottare misure proattive per gestirli e mitigarne l\u2019impatto.<\/li>\n\n\n\n<li>By understanding the <a href=\"https:\/\/www.sisinternational.com\/it\/global-beverage-market\/\" title=\"Global Beverage Market: Market Dynamics, Growth Projections &amp; Consumer Insights\"  data-wpil-monitor-id=\"8110\">market dynamics and consumer<\/a> preferences, businesses can develop more competitive products and services that meet the needs of their customers.<\/li>\n<\/ul>\n\n\n\n<h2 class=\"wp-block-heading\">Informazioni sulla ricerca di mercato sulla soia<\/h2>\n\n\n\n<p>I risultati della ricerca possono essere comunicati alle parti interessate attraverso report, presentazioni e visualizzazioni. Le ricerche di mercato sulla soia forniscono approfondimenti che possono essere utilizzati anche per informare le discussioni di settore e le decisioni politiche. I dati e le strategie nel settore del mercato della soia possono guidare i principali attori del settore a prendere decisioni informate. Vari settori e aziende possono ottimizzare le proprie strategie di produzione, prezzo e marketing, il che pu\u00f2 portare a un aumento della redditivit\u00e0 e della crescita.<\/p>","protected":false},"excerpt":{"rendered":"<p>Le ricerche di mercato sulla soia forniscono approfondimenti sulla domanda dei consumatori, sui cambiamenti climatici, sulle linee guida normative e sulle interruzioni della catena di approvvigionamento.<\/p>","protected":false},"author":1,"featured_media":63775,"parent":22018,"menu_order":228,"comment_status":"closed","ping_status":"closed","template":"","meta":{"footnotes":""},"class_list":["post-41922","page","type-page","status-publish","has-post-thumbnail"],"_links":{"self":[{"href":"https:\/\/www.sisinternational.com\/it\/wp-json\/wp\/v2\/pages\/41922","targetHints":{"allow":["GET"]}}],"collection":[{"href":"https:\/\/www.sisinternational.com\/it\/wp-json\/wp\/v2\/pages"}],"about":[{"href":"https:\/\/www.sisinternational.com\/it\/wp-json\/wp\/v2\/types\/page"}],"author":[{"embeddable":true,"href":"https:\/\/www.sisinternational.com\/it\/wp-json\/wp\/v2\/users\/1"}],"replies":[{"embeddable":true,"href":"https:\/\/www.sisinternational.com\/it\/wp-json\/wp\/v2\/comments?post=41922"}],"version-history":[{"count":5,"href":"https:\/\/www.sisinternational.com\/it\/wp-json\/wp\/v2\/pages\/41922\/revisions"}],"predecessor-version":[{"id":81366,"href":"https:\/\/www.sisinternational.com\/it\/wp-json\/wp\/v2\/pages\/41922\/revisions\/81366"}],"up":[{"embeddable":true,"href":"https:\/\/www.sisinternational.com\/it\/wp-json\/wp\/v2\/pages\/22018"}],"wp:featuredmedia":[{"embeddable":true,"href":"https:\/\/www.sisinternational.com\/it\/wp-json\/wp\/v2\/media\/63775"}],"wp:attachment":[{"href":"https:\/\/www.sisinternational.com\/it\/wp-json\/wp\/v2\/media?parent=41922"}],"curies":[{"name":"wp","href":"https:\/\/api.w.org\/{rel}","templated":true}]}}