{"id":41918,"date":"2023-03-19T15:00:13","date_gmt":"2023-03-19T19:00:13","guid":{"rendered":"https:\/\/www.sisinternational.com\/?page_id=41918"},"modified":"2026-01-25T16:37:06","modified_gmt":"2026-01-25T21:37:06","slug":"ricerche-di-mercato-sui-tessuti-intelligenti","status":"publish","type":"page","link":"https:\/\/www.sisinternational.com\/it\/competenza\/ricerche-di-mercato-sui-tessuti-intelligenti\/","title":{"rendered":"Ricerche di mercato sui tessuti intelligenti"},"content":{"rendered":"<h1 class=\"wp-block-heading\">Ricerche di mercato sui tessuti intelligenti<\/h1>\n\n\n\n<figure class=\"gb-block-image gb-block-image-69cb543f\"><img loading=\"lazy\" decoding=\"async\" width=\"1456\" height=\"816\" class=\"gb-image gb-image-69cb543f\" src=\"https:\/\/www.sisinternational.com\/wp-content\/uploads\/2025\/08\/Smart-clothes-smart-textiles-1.jpg\" alt=\"Ricerca e strategia di mercato internazionale SIS\" title=\"Smart clothes smart textiles (1)\" srcset=\"https:\/\/www.sisinternational.com\/wp-content\/uploads\/2025\/08\/Smart-clothes-smart-textiles-1.jpg 1456w, https:\/\/www.sisinternational.com\/wp-content\/uploads\/2025\/08\/Smart-clothes-smart-textiles-1-300x168.jpg 300w, https:\/\/www.sisinternational.com\/wp-content\/uploads\/2025\/08\/Smart-clothes-smart-textiles-1-1024x574.jpg 1024w, https:\/\/www.sisinternational.com\/wp-content\/uploads\/2025\/08\/Smart-clothes-smart-textiles-1-768x430.jpg 768w, https:\/\/www.sisinternational.com\/wp-content\/uploads\/2025\/08\/Smart-clothes-smart-textiles-1-18x10.jpg 18w\" sizes=\"auto, (max-width: 1456px) 100vw, 1456px\"><\/figure>\n\n\n\n<div><\/div>\n\n\n\n<p>I tessuti intelligenti sono anche conosciuti come tessuti elettronici o e-textiles. Sono tessuti o materiali che integrano componenti elettronici e tecnologia. Pertanto, offrono funzionalit\u00e0 avanzate. Un&#039;altra cosa grandiosa di questi tessuti \u00e8 che possono rispondere ai cambiamenti nel loro ambiente. Ad esempio, reagiscono alla temperatura o alla luce. \u00c8 possibile programmarli per eseguire ulteriori funzioni. Possono anche interagire con altri dispositivi o sistemi.<\/p>\n\n\n\n<p><a href=\"https:\/\/www.sisinternational.com\/it\/ricerche-di-mercato-sulla-produzione-intelligente\/\" title=\"Ricerche di mercato sulla produzione intelligente\"  data-wpil-monitor-id=\"3621\">Manufacturers can make smart<\/a> textiles from a range of materials. For example, they can use natural fibers like cotton and silk. Or, they can work with synthetic materials like polyester and nylon. Furthermore, they can incorporate various electronic components. These components can include sensors, actuators, and conductive threads or yarns. The manufacturers weave, knit, or embroider them into the fabric.<\/p>\n\n\n\n<p>Un esempio di tessuti intelligenti sono gli indumenti in grado di controllare i segni vitali o monitorare i movimenti. Un altro esempio sono i tessuti che possono rispondere ai cambiamenti ambientali. Questi tessuti cambiano colore o forma. Alcuni tessuti possono anche generare energia attraverso l\u2019energia solare o cinetica. Le persone utilizzano i tessuti intelligenti in varie applicazioni. Alcuni pi\u00f9 comuni sono lo sport e il fitness, l&#039;assistenza sanitaria, l&#039;esercito e la difesa.<\/p>\n\n\n\n<p>Smart textiles offer a wide range of possibilities for <a href=\"https:\/\/www.sisinternational.com\/it\/salute-intelligente\/\" title=\"Ricerche di mercato sulla salute intelligente\"  data-wpil-monitor-id=\"1953\">innovative<\/a> and functional designs. Moreover, they enhance the user experience and provide new levels of interactivity and connectivity.<\/p>\n\n\n\n<h2 class=\"wp-block-heading\">Perch\u00e9 i tessuti intelligenti sono importanti?<\/h2>\n\n\n\n<p>I tessuti intelligenti offrono una serie di vantaggi e applicazioni. Costituiscono quindi un\u2019importante area di innovazione e sviluppo. Ecco alcuni motivi per cui i tessuti intelligenti sono essenziali.<\/p>\n\n\n\n<p>I tessuti intelligenti possono offrire funzionalit\u00e0 migliorate. Un altro punto chiave \u00e8 che hanno capacit\u00e0 che non sono possibili con i tessuti o i materiali tradizionali.<\/p>\n\n\n\n<p>La progettazione di tessuti intelligenti pu\u00f2 offrire maggiore comfort e praticit\u00e0 agli utenti. Ad esempio, alcuni tessuti intelligenti regolano le loro propriet\u00e0 termiche in base alle condizioni ambientali. Altri offrono propriet\u00e0 di assorbimento dell&#039;umidit\u00e0 per una migliore traspirabilit\u00e0.<\/p>\n\n\n\n<p>I produttori possono progettare tessuti intelligenti con un impatto ambientale inferiore rispetto ai tessuti tradizionali. Ad esempio, alcuni tessuti generano energia attraverso l\u2019energia solare o cinetica. Di fatto, riducono la necessit\u00e0 di batterie o altre fonti di energia non rinnovabili. I tessuti intelligenti offrono una piattaforma per l\u2019innovazione e la creativit\u00e0 nel design e nella funzionalit\u00e0. I produttori continuano a sviluppare nuovi componenti e materiali elettronici. Pertanto, le possibilit\u00e0 per le applicazioni tessili intelligenti continueranno ad espandersi ed evolversi.<\/p>\n\n\n\n<p>I tessuti intelligenti possono migliorare la salute e la sicurezza in una vasta gamma di applicazioni. Ad esempio, le persone possono utilizzare i tessuti per controllare i segni vitali e individuare precocemente problemi di salute. Quelli dotati di sensori e altre tecnologie possono migliorare la sicurezza dei lavoratori in ambienti pericolosi.<\/p>\n\n\n\n<h2 class=\"wp-block-heading\">Titoli di lavoro chiave<\/h2>\n\n\n\n<h3 class=\"wp-block-heading\">Ecco alcuni titoli di lavoro chiave relativi al campo dei tessuti intelligenti:<\/h3>\n\n\n\n<ol class=\"wp-block-list\">\n<li><strong>Ingegnere Tessile:<\/strong> progetta e sviluppa prodotti tessili, compresi i tessuti intelligenti. Lavorano con materiali, processi e attrezzature. Questi ingegneri creano tessuti che soddisfano specifici requisiti funzionali ed estetici.<\/li>\n\n\n\n<li><strong>Progettista tessile:<\/strong> crea modelli, stampe e disegni per prodotti tessili, compresi i tessuti intelligenti. Utilizzano software di progettazione assistita da computer e altri strumenti. Questi strumenti creano design tessili unici e innovativi.<\/li>\n\n\n\n<li><strong>Ingegnere elettronico:<\/strong> progetta e sviluppa componenti e sistemi elettronici. Creano alcuni dei sistemi utilizzati nei tessuti intelligenti. Questi ingegneri lavorano con sensori, microcontrollori e altri componenti elettronici. Creano sistemi elettronici funzionali e affidabili.<\/li>\n\n\n\n<li><strong>Ingegnere di sistemi integrati:<\/strong> progetta e sviluppa sistemi software e hardware. Integrano questi sistemi nei tessuti intelligenti. Funzionano con microcontrollori, sensori e altri componenti. Questi ingegneri creano sistemi tessili reattivi e interattivi.<\/li>\n\n\n\n<li><strong>Progettista di tecnologia indossabile:<\/strong> crea prodotti indossabili che incorporano tecnologia, compresi i tessuti intelligenti. Progettano prodotti funzionali, confortevoli ed esteticamente gradevoli. Includono anche componenti e sistemi elettronici nei prodotti che creano.<\/li>\n\n\n\n<li><strong>Responsabile del prodotto:<\/strong> supervisiona lo sviluppo e il lancio di prodotti tessili intelligenti. Lavorano con ingegneri, progettisti e altre parti interessate. Garantiscono che i prodotti soddisfino le esigenze dei clienti e vengano consegnati in tempo e nel rispetto del budget.<\/li>\n\n\n\n<li><strong>Ricercatore:<\/strong> conducts <a href=\"https:\/\/www.sisinternational.com\/it\/competenza\/industrie\/ricerche-di-mercato-sulle-citta-intelligenti\/\" title=\"Ricerche di mercato sulle citt\u00e0 intelligenti\"  data-wpil-monitor-id=\"3412\">research and development activities related to smart<\/a> textiles. They work to develop new materials, technologies, and applications for smart textiles. They may work in academia, government, or industry.<\/li>\n<\/ol>\n\n\n\n<h2 class=\"wp-block-heading\">Perch\u00e9 le aziende hanno bisogno di tessuti intelligenti<\/h2>\n\n\n\n<p>Le aziende possono trarre vantaggio dall\u2019uso dei tessili intelligenti in molti modi. Ad esempio, potrebbero aver bisogno di tessuti intelligenti per il vantaggio competitivo che offrono. Ottengono questo vantaggio fornendo prodotti unici e innovativi. I tessuti intelligenti possono differenziare un\u2019azienda dai suoi concorrenti. Possono anche attrarre clienti alla ricerca di prodotti nuovi e avanzati.<br>I tessuti intelligenti possono migliorare l\u2019esperienza del cliente. Offrono maggiore funzionalit\u00e0, comfort e praticit\u00e0. Ad esempio, i tessuti intelligenti possono fornire funzionalit\u00e0 di assorbimento dell\u2019umidit\u00e0 e di controllo della temperatura. Il monitoraggio delle attivit\u00e0 \u00e8 un&#039;altra funzionalit\u00e0 che pu\u00f2 migliorare l&#039;esperienza dell&#039;utente.<\/p>\n\n\n\n<p>I tessili intelligenti possono aprire nuovi flussi di entrate per le imprese. Ad esempio, le aziende possono vendere prodotti tessili intelligenti ai consumatori. Oppure possono concedere in licenza la loro tecnologia ad altre societ\u00e0. Inoltre, diversi settori possono utilizzare i tessuti intelligenti. Questi settori includono sanit\u00e0, sport e fitness, militare e difesa. Ognuno pu\u00f2 creare nuove opportunit\u00e0 di business.<\/p>\n\n\n\n<p>I produttori possono progettare tessuti intelligenti per avere un impatto ambientale inferiore. Per questo motivo le aziende dovrebbero concentrarsi sulla sostenibilit\u00e0. Possono utilizzare tessuti intelligenti per ridurre la loro impronta di carbonio. La sostenibilit\u00e0 pu\u00f2 attrarre anche i clienti attenti all\u2019ambiente.<\/p>\n\n\n\n<p>I tessili intelligenti possono migliorare l\u2019efficienza aziendale. Automatizzano processi specifici e forniscono dati in tempo reale. Ad esempio, i tessuti intelligenti possono tenere traccia delle operazioni di inventario e della catena di fornitura.<\/p>\n\n\n\n<p>Le aziende potrebbero aver bisogno di tessuti intelligenti per rimanere competitive e innovare. Questi tessuti consentono loro di soddisfare le mutevoli esigenze dei loro clienti.<\/p>\n\n\n\n<h2 class=\"wp-block-heading\">Fattori chiave del successo<\/h2>\n\n\n\n<p>L\u2019innovazione \u00e8 un fattore cruciale di successo per le aziende che lavorano con i tessili intelligenti. La capacit\u00e0 di sviluppare prodotti nuovi e unici che soddisfino le esigenze dei clienti \u00e8 fondamentale.<\/p>\n\n\n\n<p>La collaborazione \u00e8 essenziale per le aziende che lavorano con i tessuti intelligenti. Permette loro di accedere a una vasta gamma di competenze e risorse. Le aziende devono collaborare con ricercatori, produttori e altre parti interessate. Pu\u00f2 aiutarli a rimanere all\u2019avanguardia nello sviluppo tessile intelligente.<\/p>\n\n\n\n<p>La competenza tecnica \u00e8 fondamentale per le aziende che lavorano con i tessuti intelligenti. \u00c8 essenziale comprendere i principi dell&#039;ingegneria tessile, dell&#039;elettronica e dei sistemi integrati. Li aiuta a sviluppare prodotti tessili intelligenti funzionali e affidabili.<\/p>\n\n\n\n<p>Understanding the <a href=\"https:\/\/www.sisinternational.com\/it\/analisi-del-settore-tessile\/\" title=\"Ricerche di mercato nel settore tessile\"  data-wpil-monitor-id=\"2045\">market for smart textiles<\/a> is also essential. It\u2019s vital for businesses looking to succeed in this field. Firms must know the needs and preferences of target customers. They also need to know the competitive landscape. It can help them develop products that are successful in the marketplace.<\/p>\n\n\n\n<p>La scalabilit\u00e0 \u00e8 un fattore critico di successo per le aziende che lavorano con i tessuti intelligenti. La capacit\u00e0 di aumentare la produzione e la distribuzione \u00e8 essenziale per soddisfare la domanda. Garantisce inoltre la redditivit\u00e0.<\/p>\n\n\n\n<p>La protezione della propriet\u00e0 intellettuale \u00e8 essenziale per le aziende che lavorano con i tessili intelligenti. Brevetti, marchi e altre forme di protezione possono aiutare le aziende a salvaguardare le proprie innovazioni. Impedisce inoltre ai concorrenti di copiare i loro prodotti.<\/p>\n\n\n\n<h2 class=\"wp-block-heading\">Informazioni sulle ricerche di mercato sui tessuti intelligenti<\/h2>\n\n\n\n<p>Why should you entrust your <a href=\"https:\/\/www.sisinternational.com\/it\/ricerche-di-mercato-sulla-mobilita-intelligente\/\" title=\"Ricerche di mercato sulla mobilit\u00e0 intelligente\"  data-wpil-monitor-id=\"1917\">Ricerche di mercato sui tessuti intelligenti<\/a> to SIS International? The first reason is our infallible methods. These methods enable us to deliver high-level data integrity and accurate Competitive Analyses. We also provide impeccable Quantitative and <a class=\"wpil_keyword_link\" href=\"https:\/\/www.sisinternational.com\/it\/soluzioni\/soluzioni-di-ricerca-quantitativa-qualitativa\/\"   title=\"Qualitative &amp; Quantitative Research Solutions\" data-wpil-keyword-link=\"linked\"  data-wpil-monitor-id=\"707\">Ricerche di mercato qualitative<\/a>. You\u2019ll get the best customized <a href=\"https:\/\/www.sisinternational.com\/it\/ricerche-di-mercato-intelligenti-al-dettaglio\/\" title=\"Ricerche di mercato sulla vendita al dettaglio intelligente\"  data-wpil-monitor-id=\"2544\">Ricerca sulle opportunit\u00e0 di mercato<\/a> to meet your needs. You also receive targeted Strategy Market Research. This research provides pertinent information and saves your readers\u2019 time.<\/p>\n\n\n\n<p>SIS provides B2B <a href=\"https:\/\/www.sisinternational.com\/it\/competenza\/industrie\/ricerche-di-mercato-sulle-resine\/\" title=\"Ricerche di mercato sulla resina\"  data-wpil-monitor-id=\"3216\">Ricerca sull&#039;ingresso nel mercato<\/a> on high-growth emerging opportunities like smart textiles. We also offer UX Market Research and can provide Focus Groups and conduct Surveys and Interviews to inform your Go to Market Strategy.<\/p>","protected":false},"excerpt":{"rendered":"<p>I tessuti intelligenti, detti anche elettronici o e-textiles, sono tessuti o materiali che integrano componenti elettronici e tecnologia. <\/p>","protected":false},"author":1,"featured_media":64557,"parent":14514,"menu_order":226,"comment_status":"closed","ping_status":"closed","template":"","meta":{"footnotes":""},"class_list":["post-41918","page","type-page","status-publish","has-post-thumbnail"],"_links":{"self":[{"href":"https:\/\/www.sisinternational.com\/it\/wp-json\/wp\/v2\/pages\/41918","targetHints":{"allow":["GET"]}}],"collection":[{"href":"https:\/\/www.sisinternational.com\/it\/wp-json\/wp\/v2\/pages"}],"about":[{"href":"https:\/\/www.sisinternational.com\/it\/wp-json\/wp\/v2\/types\/page"}],"author":[{"embeddable":true,"href":"https:\/\/www.sisinternational.com\/it\/wp-json\/wp\/v2\/users\/1"}],"replies":[{"embeddable":true,"href":"https:\/\/www.sisinternational.com\/it\/wp-json\/wp\/v2\/comments?post=41918"}],"version-history":[{"count":11,"href":"https:\/\/www.sisinternational.com\/it\/wp-json\/wp\/v2\/pages\/41918\/revisions"}],"predecessor-version":[{"id":77829,"href":"https:\/\/www.sisinternational.com\/it\/wp-json\/wp\/v2\/pages\/41918\/revisions\/77829"}],"up":[{"embeddable":true,"href":"https:\/\/www.sisinternational.com\/it\/wp-json\/wp\/v2\/pages\/14514"}],"wp:featuredmedia":[{"embeddable":true,"href":"https:\/\/www.sisinternational.com\/it\/wp-json\/wp\/v2\/media\/64557"}],"wp:attachment":[{"href":"https:\/\/www.sisinternational.com\/it\/wp-json\/wp\/v2\/media?parent=41918"}],"curies":[{"name":"wp","href":"https:\/\/api.w.org\/{rel}","templated":true}]}}