{"id":41915,"date":"2023-03-18T22:53:00","date_gmt":"2023-03-19T02:53:00","guid":{"rendered":"https:\/\/www.sisinternational.com\/?page_id=41915"},"modified":"2025-10-20T23:43:35","modified_gmt":"2025-10-21T03:43:35","slug":"ricerche-di-mercato-nel-settore-delle-spedizioni-e-della-logistica","status":"publish","type":"page","link":"https:\/\/www.sisinternational.com\/it\/competenza\/ricerche-di-mercato-nel-settore-delle-spedizioni-e-della-logistica\/","title":{"rendered":"Ricerche di mercato nel settore delle spedizioni e della logistica"},"content":{"rendered":"<h1 class=\"wp-block-heading\">Ricerche di mercato nel settore delle spedizioni e della logistica<\/h1>\n\n\n\n<figure class=\"gb-block-image gb-block-image-d6a35eda\"><img loading=\"lazy\" decoding=\"async\" width=\"1456\" height=\"816\" class=\"gb-image gb-image-d6a35eda\" src=\"https:\/\/www.sisinternational.com\/wp-content\/uploads\/2025\/08\/Dropshipping-1.jpg\" alt=\"Ricerca e strategia di mercato internazionale SIS\" title=\"Dropshipping (1)\" srcset=\"https:\/\/www.sisinternational.com\/wp-content\/uploads\/2025\/08\/Dropshipping-1.jpg 1456w, https:\/\/www.sisinternational.com\/wp-content\/uploads\/2025\/08\/Dropshipping-1-300x168.jpg 300w, https:\/\/www.sisinternational.com\/wp-content\/uploads\/2025\/08\/Dropshipping-1-1024x574.jpg 1024w, https:\/\/www.sisinternational.com\/wp-content\/uploads\/2025\/08\/Dropshipping-1-768x430.jpg 768w, https:\/\/www.sisinternational.com\/wp-content\/uploads\/2025\/08\/Dropshipping-1-18x10.jpg 18w\" sizes=\"auto, (max-width: 1456px) 100vw, 1456px\"><\/figure>\n\n\n\n<p><\/p>\n\n\n\n<p>Conducendo ricerche di mercato approfondite sul settore delle spedizioni e della logistica, le aziende ottengono preziose informazioni su tendenze chiave, strategie competitive, potenzialit\u00e0 di sviluppo e ostacoli.<\/p>\n\n\n\n<p>Questo tipo di ricerca di mercato \u00e8 essenziale per qualsiasi azienda che opera in questo settore, poich\u00e9 consente loro di prendere decisioni informate sulle proprie operazioni e prevenire potenziali rischi in un settore altamente competitivo.<\/p>\n\n\n\n<h2 class=\"wp-block-heading\">Importanza delle ricerche di mercato nel settore delle spedizioni e della logistica<\/h2>\n\n\n\n<p>Shipping and logistics market research is a vital tool for businesses within this industry because it allows them to obtain in-depth data that assist decision-makers. Here are a few reasons why shipping and <a href=\"https:\/\/www.sisinternational.com\/it\/competenza\/industrie\/ricerche-di-mercato-logistiche-di-terze-parti\/\" title=\"Ricerche di mercato sulla logistica di terze parti\"  data-wpil-monitor-id=\"4761\">logistics market research<\/a> is so important:<\/p>\n\n\n\n<ul class=\"wp-block-list\">\n<li>Through exhaustive <a href=\"https:\/\/www.sisinternational.com\/it\/competenza\/industrie\/ricerche-sul-mercato-del-trasporto-merci\/\" title=\"Ricerche di mercato nel settore delle merci: spedizioni e spedizioni\"  data-wpil-monitor-id=\"6484\">ricerche di mercato nel settore delle spedizioni e della logistica<\/a>, businesses can correct the course of their operations and strategies by recognizing shifts in customer needs, technology breakthroughs, and fluctuations in demand. Being aware of these changes gives an organization a competitive edge that will subsequently result in higher returns.<\/li>\n\n\n\n<li>Le ricerche di mercato relative alle spedizioni e alla logistica possono dare alle aziende un vantaggio determinando i punti di forza, di debolezza e la quota di mercato della concorrenza. Queste informazioni sono essenziali per progettare piani di marketing di successo che aiuteranno le aziende globali a ottenere un vantaggio rivoluzionario.<\/li>\n\n\n\n<li>Le ricerche di mercato rivelano aziende con aree ad alto potenziale di crescita come mercati freschi, tecnologie rivoluzionarie e servizi innovativi. Questi dati possono aiutare le aziende a sviluppare le proprie operazioni e allo stesso tempo ad aumentare i flussi di entrate.<\/li>\n\n\n\n<li>Le ricerche di mercato nel settore dei trasporti marittimi e della logistica aiutano le aziende a riconoscere potenziali minacce e problemi quali cambiamenti normativi, recessioni economiche e disturbi della catena di approvvigionamento. Queste informazioni garantiscono alle aziende la capacit\u00e0 di creare piani di emergenza e di proteggersi dai rischi.<\/li>\n<\/ul>\n\n\n\n<h2 class=\"wp-block-heading\">Migliori pratiche per condurre ricerche di mercato nel settore delle spedizioni e della logistica<\/h2>\n\n\n\n<figure class=\"gb-block-image gb-block-image-84ccc661\"><img loading=\"lazy\" decoding=\"async\" width=\"1456\" height=\"816\" class=\"gb-image gb-image-84ccc661\" src=\"https:\/\/www.sisinternational.com\/wp-content\/uploads\/2025\/08\/Dropshipping-3.jpg\" alt=\"Ricerca e strategia di mercato internazionale SIS\" title=\"Dropshipping (3)\" srcset=\"https:\/\/www.sisinternational.com\/wp-content\/uploads\/2025\/08\/Dropshipping-3.jpg 1456w, https:\/\/www.sisinternational.com\/wp-content\/uploads\/2025\/08\/Dropshipping-3-300x168.jpg 300w, https:\/\/www.sisinternational.com\/wp-content\/uploads\/2025\/08\/Dropshipping-3-1024x574.jpg 1024w, https:\/\/www.sisinternational.com\/wp-content\/uploads\/2025\/08\/Dropshipping-3-768x430.jpg 768w, https:\/\/www.sisinternational.com\/wp-content\/uploads\/2025\/08\/Dropshipping-3-18x10.jpg 18w\" sizes=\"auto, (max-width: 1456px) 100vw, 1456px\"><\/figure>\n\n\n\n<ul class=\"wp-block-list\">\n<li>Per acquisire una conoscenza approfondita del mercato delle spedizioni e della logistica, \u00e8 consigliabile considerare molteplici metodi di ricerca come sondaggi, focus group e interviste. Combinando diversi approcci nel processo di ricerca, le aziende possono ottenere un quadro pi\u00f9 chiaro di ci\u00f2 che sta accadendo nel settore.<\/li>\n\n\n\n<li>Comprendere modelli e normative a livello mondiale \u00e8 necessario per garantire un progetto di ricerca di successo in questo spazio. Tenere d\u2019occhio le tendenze internazionali pu\u00f2 anche fornire spunti rilevanti che sono fondamentali per il successo nel settore delle spedizioni o della logistica.<\/li>\n\n\n\n<li>Lavorando a fianco di professionisti specializzati nel settore delle spedizioni e della logistica, le aziende possono sfruttare la loro competenza per garantire che la ricerca sia pertinente e precisa.<\/li>\n\n\n\n<li>Il settore delle spedizioni e della logistica \u00e8 in continua evoluzione e le tecnologie all\u2019avanguardia hanno un effetto immenso su di esso. Monitorare questi progressi pu\u00f2 aiutare le organizzazioni a trovare opportunit\u00e0 innovative ma anche potenziali pericoli.<\/li>\n\n\n\n<li>Utilizzando strumenti di visualizzazione dei dati, informazioni complesse possono essere presentate in modo efficace e comprese pi\u00f9 facilmente. Ci\u00f2 potrebbe rivelarsi prezioso quando si discutono i risultati della ricerca con le parti interessate.<\/li>\n<\/ul>\n\n\n\n<h2 class=\"wp-block-heading\">Tendenze di mercato nelle ricerche di mercato nel settore delle spedizioni e della logistica<\/h2>\n\n\n\n<p>Le ricerche di mercato nel settore delle spedizioni e della logistica svelano diverse tendenze che stanno ridefinendo questo settore. Ecco alcune delle sue tendenze pi\u00f9 significative:<\/p>\n\n\n\n<ul class=\"wp-block-list\">\n<li>L\u2019enorme crescita dell\u2019e-commerce ha comportato una straordinaria richiesta di servizi di spedizione e logistica per soddisfare le esigenze dei consumatori. Secondo le attuali tendenze del mercato, i consumatori si aspettano che i loro acquisti online vengano consegnati rapidamente. Per soddisfare questo aumento della domanda, le societ\u00e0 di consegna si stanno impegnando a investire nei progressi tecnologici e nello sviluppo delle infrastrutture.<\/li>\n\n\n\n<li>C\u2019\u00e8 una maggiore attenzione alla sostenibilit\u00e0 poich\u00e9 i clienti e gli enti regolatori sono sempre pi\u00f9 coinvolti nella riduzione dell\u2019impatto ambientale del trasporto marittimo. Per soddisfare questa domanda, le aziende logistiche hanno innovato utilizzando combustibili alternativi e diminuendo le emissioni.<\/li>\n\n\n\n<li>Integrando la tecnologia, le aziende di spedizione e logistica non solo aumentano i loro livelli di efficienza, ma riducono anche i costi. L\u2019analisi dei dati viene attualmente utilizzata anche per ottimizzare le catene di approvvigionamento mentre l\u2019automazione sta semplificando le operazioni.<\/li>\n\n\n\n<li>Le aziende si rivolgono sempre pi\u00f9 a fornitori di logistica terzi in outsourcing per ridurre i costi e aumentare l\u2019efficienza. Le ricerche di mercato confermano che si tratta di una tendenza in crescita nel mondo degli affari.<\/li>\n\n\n\n<li>Le aziende del settore delle spedizioni e della logistica comprendono che l&#039;esperienza del cliente \u00e8 fondamentale per il successo. Pertanto, stanno investendo molto nella fornitura di monitoraggio delle spedizioni in tempo reale, opzioni di consegna personalizzate e servizi specializzati su misura per le esigenze dei singoli clienti.<\/li>\n<\/ul>\n\n\n\n<h2 class=\"wp-block-heading\">Il panorama competitivo nel settore delle spedizioni e della logistica<\/h2>\n\n\n\n<p>Quello delle spedizioni e della logistica \u00e8 un mercato altamente competitivo con innumerevoli contendenti che competono per attirare l&#039;attenzione dei consumatori \u2013 e tra gli attori pi\u00f9 importanti di questo settore redditizio ci sono:<\/p>\n\n\n\n<ul class=\"wp-block-list\">\n<li><strong>DHL<\/strong> offre soluzioni complete, compreso il trasporto aereo e marittimo di merci, servizi di magazzinaggio e distribuzione. Con la sua solida presenza in questo settore, DHL consente alle aziende di consegnare i propri prodotti in tutto il mondo in tutta sicurezza.<\/li>\n\n\n\n<li><strong>Fedex<\/strong> \u00e8 una societ\u00e0 di servizi di consegna tramite corriere internazionale che fornisce una suite completa di soluzioni di spedizione e logistica in 220 paesi in tutto il mondo. Dalla posta espressa alle spedizioni, le possibilit\u00e0 con FedEx sono infinite.<\/li>\n\n\n\n<li><strong>UPS<\/strong> \u00e8 una societ\u00e0 di consegna pacchi e gestione della catena di fornitura di fama internazionale che offre una gamma completa di servizi, che vanno dalle soluzioni aziendali su larga scala al servizio clienti su piccola scala.<\/li>\n\n\n\n<li><strong>Maersk<\/strong> \u00e8 una compagnia di spedizioni danese che offre spedizioni di container e gestione della catena di fornitura, ha creato una vasta rete a livello globale.<\/li>\n<\/ul>\n\n\n\n<h2 class=\"wp-block-heading\">Opportunit\u00e0 e sfide nel settore delle spedizioni e della logistica<\/h2>\n\n\n\n<figure class=\"gb-block-image gb-block-image-4ceea4dd\"><img loading=\"lazy\" decoding=\"async\" width=\"1456\" height=\"816\" class=\"gb-image gb-image-4ceea4dd\" src=\"https:\/\/www.sisinternational.com\/wp-content\/uploads\/2025\/08\/Dropshipping-2.jpg\" alt=\"Ricerca e strategia di mercato internazionale SIS\" title=\"Dropshipping (2)\" srcset=\"https:\/\/www.sisinternational.com\/wp-content\/uploads\/2025\/08\/Dropshipping-2.jpg 1456w, https:\/\/www.sisinternational.com\/wp-content\/uploads\/2025\/08\/Dropshipping-2-300x168.jpg 300w, https:\/\/www.sisinternational.com\/wp-content\/uploads\/2025\/08\/Dropshipping-2-1024x574.jpg 1024w, https:\/\/www.sisinternational.com\/wp-content\/uploads\/2025\/08\/Dropshipping-2-768x430.jpg 768w, https:\/\/www.sisinternational.com\/wp-content\/uploads\/2025\/08\/Dropshipping-2-18x10.jpg 18w\" sizes=\"auto, (max-width: 1456px) 100vw, 1456px\"><\/figure>\n\n\n\n<p><\/p>\n\n\n\n<p>Le ricerche di mercato relative alle spedizioni e alla logistica mostrano una serie di tendenze che attualmente facilitano o complicano le attivit\u00e0 delle aziende di questo settore. Alcune delle opportunit\u00e0 e sfide pi\u00f9 importanti sono le seguenti:<\/p>\n\n\n\n<h3 class=\"wp-block-heading\">Opportunit\u00e0<\/h3>\n\n\n\n<ul class=\"wp-block-list\">\n<li>Mentre il mondo cerca soluzioni al cambiamento climatico, investire in pratiche logistiche e di trasporto rispettose dell\u2019ambiente sta diventando sempre pi\u00f9 importante. Le aziende che scelgono veicoli a basse emissioni o fonti di energia rinnovabile otterranno un vantaggio rispetto ai concorrenti, creando una forte opportunit\u00e0 di crescita in questo settore.<\/li>\n\n\n\n<li><a href=\"https:\/\/www.sisinternational.com\/it\/soluzioni\/ai-ricerche-di-mercato-e-consulenza-strategica\/consulenza-sullautomazione-della-logistica-delle-spedizioni-e-sulla-consulenza\/\" title=\"Automazione delle spedizioni e della logistica e consulenza sull&#039;intelligenza artificiale\"  data-wpil-monitor-id=\"4377\">Shipping and logistics market research<\/a> reveal that companies that leverage automation, AI, and analytics can reduce operational costs while increasing productivity. By investing in these technological advancements, businesses will be well-prepared to compete in this industry.<\/li>\n\n\n\n<li>Con la domanda alle stelle dell\u2019e-commerce, le aziende specializzate nella spedizione in giornata hanno un\u2019occasione d\u2019oro per trarre profitto. Inoltre, le aziende che fanno parte del settore dell\u2019e-commerce possono investire nella propria rete logistica per ottenere un maggiore controllo sul processo della catena di approvvigionamento.<\/li>\n\n\n\n<li>Le aziende che investono oggi nei mercati emergenti saranno nella posizione perfetta per premiare la crescita a lungo termine. Ci\u00f2 \u00e8 dovuto alla crescente domanda di beni e servizi da parte delle economie in via di sviluppo.<\/li>\n\n\n\n<li>La soddisfazione del cliente sta rapidamente diventando la massima priorit\u00e0 nel settore delle spedizioni e della logistica. I clienti richiedono di avere piena visibilit\u00e0 delle loro spedizioni, con particolare attenzione all&#039;affidabilit\u00e0. Le aziende che forniscono un\u2019esperienza di prim\u2019ordine ai clienti saranno in grado di distinguersi creando allo stesso tempo una base di consumatori fedeli.<\/li>\n<\/ul>\n\n\n\n<h3 class=\"wp-block-heading\">Sfide<\/h3>\n\n\n\n<ul class=\"wp-block-list\">\n<li>Esistono molteplici normative in questo settore e le aziende devono rispettarle. La mancata conformit\u00e0 a queste normative pu\u00f2 comportare multe costose, ritardi prolungati e perdita di opportunit\u00e0 commerciali.<\/li>\n\n\n\n<li>Potrebbe essere costoso aggiornare e acquisire nuove tecnologie per stare al passo con la concorrenza. Ci\u00f2 significa utilizzare sofisticati sistemi di gestione dei trasporti, ottimizzare i processi di automazione del magazzino e sfruttare l\u2019analisi basata sui dati.<\/li>\n\n\n\n<li>Le scarse infrastrutture e le limitazioni di capacit\u00e0 possono ostacolare gravemente il settore delle spedizioni e della logistica. Porti, strade e altre strutture di trasporto obsolete o inadeguate comportano spesso costi aggiuntivi per i clienti e ritardi nelle spedizioni.<\/li>\n\n\n\n<li>Una ricerca di mercato nel settore delle spedizioni e della logistica rivela che le normative ambientali stanno diventando sempre pi\u00f9 rigorose e le aziende del settore delle spedizioni e della logistica devono assicurarsi che siano rispettate. Ci\u00f2 include l\u2019utilizzo di combustibili pi\u00f9 puliti, l\u2019investimento in tecnologie efficienti dal punto di vista energetico e la riduzione dei rifiuti.<\/li>\n<\/ul>\n\n\n\n<p>SIS International offre ricerca quantitativa, qualitativa e strategica. Forniamo dati, strumenti, strategie, report e approfondimenti per il processo decisionale. Conduciamo interviste, sondaggi, focus group e molti altri metodi e approcci di ricerca di mercato. Contattaci per il tuo prossimo progetto di ricerca di mercato.<\/p>","protected":false},"excerpt":{"rendered":"<p>Le ricerche di mercato nel settore dei trasporti e della logistica forniscono informazioni su tendenze chiave, strategie competitive, potenzialit\u00e0 di sviluppo e ostacoli.<\/p>","protected":false},"author":1,"featured_media":64793,"parent":14514,"menu_order":225,"comment_status":"closed","ping_status":"closed","template":"","meta":{"footnotes":""},"class_list":["post-41915","page","type-page","status-publish","has-post-thumbnail"],"_links":{"self":[{"href":"https:\/\/www.sisinternational.com\/it\/wp-json\/wp\/v2\/pages\/41915","targetHints":{"allow":["GET"]}}],"collection":[{"href":"https:\/\/www.sisinternational.com\/it\/wp-json\/wp\/v2\/pages"}],"about":[{"href":"https:\/\/www.sisinternational.com\/it\/wp-json\/wp\/v2\/types\/page"}],"author":[{"embeddable":true,"href":"https:\/\/www.sisinternational.com\/it\/wp-json\/wp\/v2\/users\/1"}],"replies":[{"embeddable":true,"href":"https:\/\/www.sisinternational.com\/it\/wp-json\/wp\/v2\/comments?post=41915"}],"version-history":[{"count":6,"href":"https:\/\/www.sisinternational.com\/it\/wp-json\/wp\/v2\/pages\/41915\/revisions"}],"predecessor-version":[{"id":80067,"href":"https:\/\/www.sisinternational.com\/it\/wp-json\/wp\/v2\/pages\/41915\/revisions\/80067"}],"up":[{"embeddable":true,"href":"https:\/\/www.sisinternational.com\/it\/wp-json\/wp\/v2\/pages\/14514"}],"wp:featuredmedia":[{"embeddable":true,"href":"https:\/\/www.sisinternational.com\/it\/wp-json\/wp\/v2\/media\/64793"}],"wp:attachment":[{"href":"https:\/\/www.sisinternational.com\/it\/wp-json\/wp\/v2\/media?parent=41915"}],"curies":[{"name":"wp","href":"https:\/\/api.w.org\/{rel}","templated":true}]}}